{"id":767357,"date":"2025-06-06T09:36:16","date_gmt":"2025-06-06T16:36:16","guid":{"rendered":"https:\/\/www.santamonica.com\/?page_id=767357"},"modified":"2025-10-03T09:12:05","modified_gmt":"2025-10-03T16:12:05","slug":"volei-de-praia","status":"publish","type":"page","link":"https:\/\/www.santamonica.com\/pt\/beach-volleyball\/","title":{"rendered":"V\u00f4lei de praia"},"content":{"rendered":"<section class=\"image-section-break sm-block\">\n    <div class=\"image-section-break__image-wrapper\">\n                    <picture>\n                    <source\n                        media=\"(min-width: 768px)\"\n                        srcset=\"https:\/\/www.santamonica.com\/wp-content\/uploads\/2025\/06\/2025-Beach-Volleyball_History_Wide.png\"\n                    >\n                    <img decoding=\"async\" src=\"https:\/\/www.santamonica.com\/wp-content\/uploads\/2025\/06\/2025-Beach-Volleyball_History_Mobile.png\" class=\"image-section-break__image\" alt=\"V\u00f4lei de praia em Santa M\u00f4nica\" title=\"\">\n            <\/picture>\n                \n\n    <\/div>\n    <div class=\"image-section-break__text-content\">\n        <div class=\"image-section-break__first-content --theme3\">\n                            <div class=\"image-section-break__eyebrow-text\">Hist\u00f3rico<\/div>\n                                        <h2 class=\"image-section-break__title\">Onde o v\u00f4lei de praia come\u00e7ou<\/h2>\n                                        <div class=\"image-section-break__body-copy wysiwyg\"><p>As ra\u00edzes do v\u00f4lei de praia s\u00e3o profundas em Santa Monica, onde o esporte evoluiu de jogos casuais entre amigos para um fen\u00f4meno global. No in\u00edcio do s\u00e9culo XX, os moradores locais come\u00e7aram a jogar partidas informais ao longo das amplas praias de areia - geralmente perto do que hoje \u00e9 conhecido como o <a href=\"https:\/\/www.santamonica.com\/pt\/coisas-para-fazer\/muscle-beach-original\/\">Muscle Beach original<\/a>. Nas d\u00e9cadas de 1960 e 1970, o jogo competitivo ganhou impulso, atraindo multid\u00f5es e grandes talentos. Em 1983, o esporte deu um grande salto com a funda\u00e7\u00e3o da Association of Volleyball Professionals (AVP) em Santa Monica. Hoje, a cidade \u00e9 considerada o ber\u00e7o do v\u00f4lei de praia moderno, um centro onde tanto as lendas quanto os iniciantes continuam a jogar.<\/p>\n<\/div>\n                                <\/div>\n        <div class=\"image-section-break__second-content\">\n                            <div class=\"image-section-break__body-copy wysiwyg\"><p>Todo ver\u00e3o, a cultura do v\u00f4lei de praia de Santa Monica brilha durante a <a href=\"https:\/\/www.santamonica.com\/pt\/eventos\/eventos-anuais\/\">P\u00eder 360<\/a> no P\u00eder de Santa M\u00f4nica, com o Campeonato Nacional de V\u00f4lei de Praia da AAU ao lado de m\u00fasica, competi\u00e7\u00f5es de surfe e vibra\u00e7\u00f5es cl\u00e1ssicas de SoCal. Lar da funda\u00e7\u00e3o da AVP e local de treinamento favorito dos atletas ol\u00edmpicos, as quadras de Santa Monica costumam receber alguns dos jogadores mais ic\u00f4nicos do esporte - muitos dos quais ainda jogam casualmente a poucos passos do oceano. Com os Jogos Ol\u00edmpicos no horizonte, n\u00e3o h\u00e1 melhor momento para <a href=\"https:\/\/www.santamonica.com\/pt\/hoteis\/estadia-em-santa-monica\/\">Planeje sua estadia<\/a> e testemunhe o esporte onde tudo come\u00e7ou.<\/p>\n<\/div>\n                                <\/div>\n    <\/div>\n<\/section>\n\n\n\n<section class=\"two-images container-max sm-block --flip sm-block\">\n    <div class=\"two-images__container --flip\">\n\n        <div class=\"two-images__column\">\n            <div class=\"two-images__content\">\n                <div class=\"two-images__content-header-container\">\n                                            <h1 class=\"two-images__content-header\">Encontre seu equipamento<\/h1>                                    <\/div>\n                                    <div class=\"two-images__content-body wysiwyg\">\n                        <p>Ficar pronto para a praia \u00e9 muito f\u00e1cil em Santa Monica. <a href=\"https:\/\/www.santamonica.com\/pt\/restaurantes\/perrys-cafe-and-beach-rentals\/\">Perry's Caf\u00e9 e aluguel de praia<\/a>, com v\u00e1rios locais ao longo da areia, e <a href=\"https:\/\/www.santamonica.com\/pt\/coisas-para-fazer\/casa-de-praia-da-comunidade-de-annenberg\/\">Annenberg Community Beach House<\/a> oferecem aluguel conveniente de bolas de v\u00f4lei a poucos passos das quadras. Voc\u00ea tamb\u00e9m encontrar\u00e1 bolas de praia e outros itens essenciais em lojas no Santa Monica Pier e em todo o centro da cidade. Vai passar a noite? Muitos hot\u00e9is locais oferecem aluguel de equipamentos de praia para os h\u00f3spedes - basta pedir ao concierge e ir direto para a areia. N\u00e3o se esque\u00e7a do protetor solar, dos \u00f3culos de sol e de muita \u00e1gua para ajud\u00e1-lo a se manter seguro e brincar por mais tempo sob o sol de Santa Monica.<\/p>\n                    <\/div>\n                                            <\/div>\n        <\/div>\n\n        <div class=\"two-images__column\">\n                            <div class=\"two-images__image-container\">\n                    <img decoding=\"async\" width=\"1024\" height=\"683\" src=\"https:\/\/www.santamonica.com\/wp-content\/uploads\/2025\/06\/20180623SMTT_Pier360_305-1024x683.jpg\" class=\"two-images__image\" alt=\"\" loading=\"lazy\" srcset=\"https:\/\/www.santamonica.com\/wp-content\/uploads\/2025\/06\/20180623SMTT_Pier360_305-1024x683.jpg 1024w, https:\/\/www.santamonica.com\/wp-content\/uploads\/2025\/06\/20180623SMTT_Pier360_305-300x200.jpg 300w, https:\/\/www.santamonica.com\/wp-content\/uploads\/2025\/06\/20180623SMTT_Pier360_305-225x150.jpg 225w, https:\/\/www.santamonica.com\/wp-content\/uploads\/2025\/06\/20180623SMTT_Pier360_305-768x512.jpg 768w, https:\/\/www.santamonica.com\/wp-content\/uploads\/2025\/06\/20180623SMTT_Pier360_305-1536x1024.jpg 1536w, https:\/\/www.santamonica.com\/wp-content\/uploads\/2025\/06\/20180623SMTT_Pier360_305-2048x1365.jpg 2048w\" sizes=\"auto, (max-width: 1024px) 100vw, 1024px\" title=\"\">                    \n\n                <\/div>\n                    <\/div>\n\n        <div class=\"two-images__column\">\n                            <div class=\"two-images__image-container\">\n                    <img decoding=\"async\" width=\"1024\" height=\"678\" src=\"https:\/\/www.santamonica.com\/wp-content\/uploads\/2025\/06\/DSC_0239-1024x678.jpg\" class=\"two-images__image\" alt=\"\" loading=\"lazy\" srcset=\"https:\/\/www.santamonica.com\/wp-content\/uploads\/2025\/06\/DSC_0239-1024x678.jpg 1024w, https:\/\/www.santamonica.com\/wp-content\/uploads\/2025\/06\/DSC_0239-300x199.jpg 300w, https:\/\/www.santamonica.com\/wp-content\/uploads\/2025\/06\/DSC_0239-227x150.jpg 227w, https:\/\/www.santamonica.com\/wp-content\/uploads\/2025\/06\/DSC_0239-768x509.jpg 768w, https:\/\/www.santamonica.com\/wp-content\/uploads\/2025\/06\/DSC_0239-1536x1017.jpg 1536w, https:\/\/www.santamonica.com\/wp-content\/uploads\/2025\/06\/DSC_0239-2048x1356.jpg 2048w\" sizes=\"auto, (max-width: 1024px) 100vw, 1024px\" title=\"\">                    \n\n                <\/div>\n                    <\/div>\n\n    <\/div>\n<\/section>\n\n\n<section class=\"stakeholder-feed sm-block js-stk-root sm-block\">\n    <div class=\"stakeholder-feed__top\">\n        <div class=\"stakeholder-feed__intro\">\n                            <h1 class=\"stakeholder-feed__headline\">Aluguel de bolas de v\u00f4lei de praia e compras<\/h1>                                <\/div>\n        <div class=\"stakeholder-feed__nav-section\">\n                            <h1 class=\"stakeholder-feed__feed-title\">Prepare-se para a divers\u00e3o do v\u00f4lei de praia<\/h1>                        \n                        <div class=\"stakeholder-feed__pagination xxx--desktop-hide\">\n                <div class=\"swiper-button-prev stakeholder-feed__pagination-prev\"><\/div>\n                <div class=\"swiper-button-next stakeholder-feed__pagination-next\"><\/div>\n            <\/div>\n        <\/div>\n    <\/div>\n    <div class=\"stakeholder-feed__bottom\">\n        <div class=\"stakeholder-feed__feed-list-wrapper swiper js-stk-swiper\">\n            <ul class=\"stakeholder-feed__feed-list swiper-wrapper js-stk-wrapper\">\n                    <li class=\"swiper-slide stakeholder-card --theme3\">\n        <a class=\"stakeholder-card__link\" href=\"https:\/\/www.santamonica.com\/pt\/restaurants\/perrys-at-the-beach\/\">\n            <div class=\"stakeholder-card__image\">\n                <img decoding=\"async\" src=\"https:\/\/assets.simpleviewinc.com\/simpleview\/image\/upload\/crm\/santamonica\/shop-2-glass-fire_bf7d640c-5056-b365-ab08dbfcbe6d0734.jpg\" alt=\"Perry&#039;s Caf\u00e9 e aluguel de praia\" title=\"\">\n            <\/div>\n            <div class=\"stakeholder-card__stk-info\">\n                <div class=\"stakeholder-card__stk-name\">Perry's Caf\u00e9 e aluguel de praia<\/div>\n                <div class=\"stakeholder-card__stk-cat\">Aluguel de bicicletas<\/div>\n            <\/div>\n        <\/a>\n    <\/li>\n        <li class=\"swiper-slide stakeholder-card --theme3\">\n        <a class=\"stakeholder-card__link\" href=\"https:\/\/www.santamonica.com\/pt\/shopping\/big-5-sporting-goods\/\">\n            <div class=\"stakeholder-card__image\">\n                <img decoding=\"async\" src=\"https:\/\/assets.simpleviewinc.com\/simpleview\/image\/upload\/crm\/santamonica\/Screenshot-2024-10-22-at-3.24.32-PM_1F63304B-D1F6-AB66-57A5C373523A1FEC-1f632a799a0bec6_1f633fcc-fe9f-7a21-e494bf99fbbd8ee2.png\" alt=\"Big 5 Artigos Esportivos\" title=\"\">\n            <\/div>\n            <div class=\"stakeholder-card__stk-info\">\n                <div class=\"stakeholder-card__stk-name\">Big 5 Artigos Esportivos<\/div>\n                <div class=\"stakeholder-card__stk-cat\">Esportes\/Outdoors<\/div>\n            <\/div>\n        <\/a>\n    <\/li>\n        <li class=\"swiper-slide stakeholder-card --theme3\">\n        <a class=\"stakeholder-card__link\" href=\"https:\/\/www.santamonica.com\/pt\/shopping\/marlenes-beachcomber\/\">\n            <div class=\"stakeholder-card__image\">\n                <img decoding=\"async\" src=\"https:\/\/api.threshold360.com\/step\/v2\/locations\/2098558\/thumbnail\" alt=\"Marlene&#039;s Beachcomber\" title=\"\">\n            <\/div>\n            <div class=\"stakeholder-card__stk-info\">\n                <div class=\"stakeholder-card__stk-name\">Marlene's Beachcomber<\/div>\n                <div class=\"stakeholder-card__stk-cat\">Livros\/cart\u00f5es\/presente<\/div>\n            <\/div>\n        <\/a>\n    <\/li>\n        <li class=\"swiper-slide stakeholder-card --theme3\">\n        <a class=\"stakeholder-card__link\" href=\"https:\/\/www.santamonica.com\/pt\/shopping\/target\/\">\n            <div class=\"stakeholder-card__image\">\n                <img decoding=\"async\" src=\"https:\/\/www.santamonica.com\/wp-content\/uploads\/2024\/05\/placeholder_style-400x400.jpg\" alt=\"Alvo\" title=\"\">\n            <\/div>\n            <div class=\"stakeholder-card__stk-info\">\n                <div class=\"stakeholder-card__stk-name\">Alvo<\/div>\n                <div class=\"stakeholder-card__stk-cat\">Compras<\/div>\n            <\/div>\n        <\/a>\n    <\/li>\n                <\/ul>\n        <\/div>\n    <\/div>\n<\/section>\n\n\n\n<p class=\"base-block\"><\/p>\n\n\n\n<section class=\"image-section-break sm-block\">\n    <div class=\"image-section-break__image-wrapper\">\n                    <picture>\n                    <source\n                        media=\"(min-width: 768px)\"\n                        srcset=\"https:\/\/www.santamonica.com\/wp-content\/uploads\/2025\/06\/1U2B1803-scaled.jpg\"\n                    >\n                    <img decoding=\"async\" src=\"https:\/\/www.santamonica.com\/wp-content\/uploads\/2025\/06\/1U2B1803-scaled.jpg\" class=\"image-section-break__image\" alt=\"\" title=\"\">\n            <\/picture>\n                \n\n    <\/div>\n    <div class=\"image-section-break__text-content\">\n        <div class=\"image-section-break__first-content --theme3\">\n                            <div class=\"image-section-break__eyebrow-text\">Onde jogar<\/div>\n                                        <h2 class=\"image-section-break__title\">Locais dos tribunais<\/h2>\n                                        <div class=\"image-section-break__body-copy wysiwyg\"><p>A Santa Monica State Beach oferece dezenas de quadras de v\u00f4lei - seis \u00e1reas designadas, incluindo pontos no Ocean Park South\/North, Tournament Beach, Sorrento Beach, Pier Courts (com luzes para jogos noturnos) e o <a href=\"https:\/\/www.santamonica.com\/pt\/coisas-para-fazer\/casa-de-praia-da-comunidade-de-annenberg\/\">Annenberg Community Beach House<\/a>-todos dispon\u00edveis para reserva antecipada. Al\u00e9m disso, muitas quadras p\u00fablicas, especialmente ao norte e ao sul do p\u00eder, est\u00e3o abertas por ordem de chegada.<\/p>\n<p>Se estiver planejando com anteced\u00eancia, voc\u00ea pode reservar uma quadra on-line ou pessoalmente por meio do sistema ActiveNet da cidade (necess\u00e1rio para Annenberg, Pier Courts, Ocean Park, Sorrento e outros), com at\u00e9 28 dias de anteced\u00eancia, por cerca de $15 por hora. Algumas \u00e1reas podem oferecer op\u00e7\u00f5es de reserva por hora por e-mail ou telefone. N\u00e3o \u00e9 necess\u00e1rio fazer reserva para quadras abertas - o p\u00e1ssaro madrugador fica com a quadra.<\/p>\n<\/div>\n                                <\/div>\n        <div class=\"image-section-break__second-content\">\n                            <div class=\"image-section-break__body-copy wysiwyg\"><p data-start=\"77\" data-end=\"593\"><strong data-start=\"196\" data-end=\"216\">Ocean Park South<\/strong> (2600 Ocean Front Walk) - 9 quadras (com reserva)<\/p>\n<p data-start=\"77\" data-end=\"593\"><strong data-start=\"308\" data-end=\"328\">Ocean Park Norte<\/strong> (100 Hollister Ave) - 16 quadras (reservadas) + 8 quadras para quem chegar primeiro<\/p>\n<p data-start=\"77\" data-end=\"593\"><strong data-start=\"439\" data-end=\"467\">Tribunais do P\u00eder de Santa M\u00f4nica<\/strong> (1560 Appian Way) - 4 quadras iluminadas para jogos noturnos (reserv\u00e1vel)<\/p>\n<p data-start=\"77\" data-end=\"593\"><strong data-start=\"582\" data-end=\"602\">Praia do Torneio<\/strong> (1200 Pacific Coast Hwy) - 15 quadras (com reserva)<\/p>\n<p data-start=\"77\" data-end=\"593\"><strong data-start=\"696\" data-end=\"714\">Praia de Sorrento<\/strong> (810 Pacific Coast Hwy) - 16 quadras (com reserva)<\/p>\n<p data-start=\"77\" data-end=\"593\"><strong data-start=\"807\" data-end=\"842\">Annenberg Community Beach House<\/strong> (415 Pacific Coast Hwy) - 6 quadras (3 para reserva, 3 para jogo aberto)<\/p>\n<\/div>\n                                <\/div>\n    <\/div>\n<\/section>\n\n\n<section class=\"image-slider --theme1 sm-block\" >\n    <div class=\"image-slider__wrapper\">\n                    <div class=\"image-slider__copy wysiwyg\"><h5>Melhores hor\u00e1rios para jogar<\/h5>\n<p>Para condi\u00e7\u00f5es ideais, as manh\u00e3s (das 8 \u00e0s 11 horas) e os finais de tarde (das 16 \u00e0s 19 horas) s\u00e3o hor\u00e1rios populares para ir \u00e0 areia. \u00c9 comum encontrar jogos casuais e partidas mais organizadas durante esses hor\u00e1rios, especialmente na primavera e no ver\u00e3o. Os dias de semana tendem a oferecer um ambiente descontra\u00eddo, enquanto os fins de semana trazem mais energia para as quadras. Para jogar \u00e0 noite, v\u00e1 para as quadras do p\u00eder, que s\u00e3o equipadas com luzes para partidas noturnas.<\/p>\n<\/div>\n                <div class=\"image-slider__slider right\">\n                            <!-- Slider main container -->\n                <div class=\"swiper\">\n                    <!-- Additional required wrapper -->\n                    <div class=\"swiper-wrapper\">\n                        <!-- Slides -->\n                                                    <div class=\"swiper-slide\">\n                                <img decoding=\"async\" width=\"1024\" height=\"580\" src=\"https:\/\/www.santamonica.com\/wp-content\/uploads\/2025\/06\/Volleyball.png\" class=\"swiper-slide__image\" alt=\"\" loading=\"lazy\" srcset=\"https:\/\/www.santamonica.com\/wp-content\/uploads\/2025\/06\/Volleyball.png 1024w, https:\/\/www.santamonica.com\/wp-content\/uploads\/2025\/06\/Volleyball-300x170.png 300w, https:\/\/www.santamonica.com\/wp-content\/uploads\/2025\/06\/Volleyball-265x150.png 265w, https:\/\/www.santamonica.com\/wp-content\/uploads\/2025\/06\/Volleyball-768x435.png 768w\" sizes=\"auto, (max-width: 1024px) 100vw, 1024px\" title=\"\">                                \n\n                            <\/div>\n                                            <\/div>\n                                    <\/div>\n                    <\/div>\n    <\/div>\n<\/section>\n\n\n<section class=\"stakeholder-feed sm-block js-stk-root sm-block\" id=\"surflessons\">\n    <div class=\"stakeholder-feed__top\">\n        <div class=\"stakeholder-feed__intro\">\n                            <h1 class=\"stakeholder-feed__headline\">Aulas de v\u00f4lei de praia em Santa Monica<\/h1>                                        <div class=\"stakeholder-feed__intro-body wysiwyg\">\n                    <p>Interessado em aprender ou melhorar o n\u00edvel de seu jogo? Os instrutores locais e os programas de v\u00f4lei de praia oferecem aulas particulares e em grupo diretamente na areia - perfeito para iniciantes, crian\u00e7as ou qualquer pessoa que queira aprimorar suas habilidades em um ambiente divertido \u00e0 beira-mar.<\/p>\n                <\/div>\n                    <\/div>\n        <div class=\"stakeholder-feed__nav-section\">\n                            <h1 class=\"stakeholder-feed__feed-title\">Aulas, aulas e acampamentos<\/h1>                        \n                        <div class=\"stakeholder-feed__pagination xxx--desktop-hide\">\n                <div class=\"swiper-button-prev stakeholder-feed__pagination-prev\"><\/div>\n                <div class=\"swiper-button-next stakeholder-feed__pagination-next\"><\/div>\n            <\/div>\n        <\/div>\n    <\/div>\n    <div class=\"stakeholder-feed__bottom\">\n        <div class=\"stakeholder-feed__feed-list-wrapper swiper js-stk-swiper\">\n            <ul class=\"stakeholder-feed__feed-list swiper-wrapper js-stk-wrapper\">\n                    <li class=\"swiper-slide stakeholder-card --theme3\">\n        <a class=\"stakeholder-card__link\" href=\"https:\/\/www.santamonica.com\/pt\/stakeholder\/sinjin-smiths-beach-volleyball-camp\/\">\n            <div class=\"stakeholder-card__image\">\n                <img decoding=\"async\" src=\"https:\/\/assets.simpleviewinc.com\/simpleview\/image\/upload\/crm\/santamonica\/o_B664737A-B8EE-1A8F-845B2EB14F93EB87-b6647298afd7ca1_b6647e0a-0d61-c4cb-429ff4a8c522a059.jpg\" alt=\"Acampamento de v\u00f4lei de praia de Sinjin Smith\" title=\"\">\n            <\/div>\n            <div class=\"stakeholder-card__stk-info\">\n                <div class=\"stakeholder-card__stk-name\">Acampamento de v\u00f4lei de praia de Sinjin Smith<\/div>\n                <div class=\"stakeholder-card__stk-cat\">Praia\/Outdoors<\/div>\n            <\/div>\n        <\/a>\n    <\/li>\n        <li class=\"swiper-slide stakeholder-card --theme3\">\n        <a class=\"stakeholder-card__link\" href=\"https:\/\/www.santamonica.com\/pt\/things-to-do\/santa-monica-beach-volleyball\/\">\n            <div class=\"stakeholder-card__image\">\n                <img decoding=\"async\" src=\"https:\/\/assets.simpleviewinc.com\/simpleview\/image\/upload\/crm\/santamonica\/DSC_0526-EDIT_Original_3913CB4F-E4AD-4510-A87DCBDA620C1C49_848da3f7-dba3-4d75-b5f011c3b7d8ddc0.jpg\" alt=\"Santa Monica Beach Volleyball Co.\" title=\"\">\n            <\/div>\n            <div class=\"stakeholder-card__stk-info\">\n                <div class=\"stakeholder-card__stk-name\">Santa Monica Beach Volleyball Co.<\/div>\n                <div class=\"stakeholder-card__stk-cat\">Coisas para fazer<\/div>\n            <\/div>\n        <\/a>\n    <\/li>\n        <li class=\"swiper-slide stakeholder-card --theme3\">\n        <a class=\"stakeholder-card__link\" href=\"https:\/\/www.santamonica.com\/pt\/things-to-do\/annenberg-community-beach-house\/\">\n            <div class=\"stakeholder-card__image\">\n                <img decoding=\"async\" src=\"https:\/\/assets.simpleviewinc.com\/simpleview\/image\/upload\/crm\/santamonica\/bart-bartholomew-photo-for-info-card-S150_bff66770-5056-b365-ab703cfb83549b24.jpg\" alt=\"Annenberg Community Beach House\" title=\"\">\n            <\/div>\n            <div class=\"stakeholder-card__stk-info\">\n                <div class=\"stakeholder-card__stk-name\">Annenberg Community Beach House<\/div>\n                <div class=\"stakeholder-card__stk-cat\">Local para eventos especiais<\/div>\n            <\/div>\n        <\/a>\n    <\/li>\n                <\/ul>\n        <\/div>\n    <\/div>\n<\/section>\n\n\n<section class=\"blog-feed --theme8 sm-block\">\n    <div class=\"blog-feed__content\">\n        <div class=\"blog-feed__intro\">\n                            <div class=\"blog-feed__eyebrow eyebrow\">Blogs<\/div>                                        <h2 class=\"blog-feed__headline\">Descubra Santa M\u00f4nica<\/h2>                                        <div class=\"blog-feed__body\"><p>Explore itiner\u00e1rios, dicas locais, pontos de interesse e aventuras selecionadas para garantir que voc\u00ea aproveite ao m\u00e1ximo sua experi\u00eancia em Santa Monica.<\/p>\n<\/div>\n                                        <a class=\"blog-feed__cta\" href=\"https:\/\/www.santamonica.com\/pt\/postagens-de-blog\/\">Ver todos os blogs<\/a>\n                    <\/div>\n\n        <ul class=\"blog-feed__list\">\n                                                <li class=\"blog-feed__item\">\n                        <a href=\"https:\/\/www.santamonica.com\/pt\/mother-road-modern-meetings-route-66-meeting-spaces-set-to-shine-for-centennial-in-santa-monica\/\" class=\"blog-feed__item-link\">\n                            <div class=\"blog-feed__image-ratio\">\n                                <img decoding=\"async\" class=\"blog-feed__image\" src=\"https:\/\/www.santamonica.com\/wp-content\/uploads\/2025\/12\/untitledJuly20162C2020180010-182-2-400x400.jpg\" alt=\"ESTRADA M\u00c3E, REUNI\u00d5ES MODERNAS: ESPA\u00c7OS PARA REUNI\u00d5ES DA ROTA 66 PREPARADOS PARA BRILHAR NO CENTEN\u00c1RIO EM SANTA M\u00d4NICA\" title=\"\">\n                            <\/div>\n                            <div class=\"blog-feed__card-title\">ESTRADA M\u00c3E, REUNI\u00d5ES MODERNAS: ESPA\u00c7OS PARA REUNI\u00d5ES DA ROTA 66 PREPARADOS PARA BRILHAR NO CENTEN\u00c1RIO EM SANTA M\u00d4NICA<\/div>\n                        <\/a>\n                    <\/li>\n                                                                <li class=\"blog-feed__item\">\n                        <a href=\"https:\/\/www.santamonica.com\/pt\/media\/news-release\/santa-monica-announces-song-contest-in-celebration-of-route-66-centennial\/\" class=\"blog-feed__item-link\">\n                            <div class=\"blog-feed__image-ratio\">\n                                <img decoding=\"async\" class=\"blog-feed__image\" src=\"https:\/\/www.santamonica.com\/wp-content\/uploads\/2025\/11\/DSC01084-400x400.jpg\" alt=\"SANTA MONICA ANUNCIA CONCURSO DE M\u00daSICA EM COMEMORA\u00c7\u00c3O AO CENTEN\u00c1RIO DA ROTA 66\" title=\"\">\n                            <\/div>\n                            <div class=\"blog-feed__card-title\">SANTA MONICA ANUNCIA CONCURSO DE M\u00daSICA EM COMEMORA\u00c7\u00c3O AO CENTEN\u00c1RIO DA ROTA 66<\/div>\n                        <\/a>\n                    <\/li>\n                                                                <li class=\"blog-feed__item\">\n                        <a href=\"https:\/\/www.santamonica.com\/pt\/media\/news-release\/where-to-watch-the-world-series-in-santa-monica\/\" class=\"blog-feed__item-link\">\n                            <div class=\"blog-feed__image-ratio\">\n                                <img decoding=\"async\" class=\"blog-feed__image\" src=\"https:\/\/www.santamonica.com\/wp-content\/uploads\/2025\/10\/dodgers-logo-1-400x400.jpg\" alt=\"ONDE ASSISTIR \u00c0 S\u00c9RIE MUNDIAL EM SANTA MONICA\" title=\"\">\n                            <\/div>\n                            <div class=\"blog-feed__card-title\">ONDE ASSISTIR \u00c0 S\u00c9RIE MUNDIAL EM SANTA MONICA<\/div>\n                        <\/a>\n                    <\/li>\n                                    <\/ul>\n    <\/div>\n<\/section>","protected":false},"excerpt":{"rendered":"","protected":false},"author":1421,"featured_media":767360,"parent":0,"menu_order":0,"comment_status":"closed","ping_status":"closed","template":"template-editorial.php","meta":{"_acf_changed":false,"inline_featured_image":false,"footnotes":""},"silos":[3899],"class_list":["post-767357","page","type-page","status-publish","has-post-thumbnail","hentry"],"acf":[],"_links":{"self":[{"href":"https:\/\/www.santamonica.com\/pt\/wp-json\/wp\/v2\/pages\/767357","targetHints":{"allow":["GET"]}}],"collection":[{"href":"https:\/\/www.santamonica.com\/pt\/wp-json\/wp\/v2\/pages"}],"about":[{"href":"https:\/\/www.santamonica.com\/pt\/wp-json\/wp\/v2\/types\/page"}],"author":[{"embeddable":true,"href":"https:\/\/www.santamonica.com\/pt\/wp-json\/wp\/v2\/users\/1421"}],"replies":[{"embeddable":true,"href":"https:\/\/www.santamonica.com\/pt\/wp-json\/wp\/v2\/comments?post=767357"}],"version-history":[{"count":16,"href":"https:\/\/www.santamonica.com\/pt\/wp-json\/wp\/v2\/pages\/767357\/revisions"}],"predecessor-version":[{"id":767559,"href":"https:\/\/www.santamonica.com\/pt\/wp-json\/wp\/v2\/pages\/767357\/revisions\/767559"}],"wp:featuredmedia":[{"embeddable":true,"href":"https:\/\/www.santamonica.com\/pt\/wp-json\/wp\/v2\/media\/767360"}],"wp:attachment":[{"href":"https:\/\/www.santamonica.com\/pt\/wp-json\/wp\/v2\/media?parent=767357"}],"wp:term":[{"taxonomy":"silos","embeddable":true,"href":"https:\/\/www.santamonica.com\/pt\/wp-json\/wp\/v2\/silos?post=767357"}],"curies":[{"name":"wp","href":"https:\/\/api.w.org\/{rel}","templated":true}]}}