{"id":765600,"date":"2025-04-23T11:36:30","date_gmt":"2025-04-23T18:36:30","guid":{"rendered":"https:\/\/www.santamonica.com\/?page_id=765600"},"modified":"2025-05-05T15:33:18","modified_gmt":"2025-05-05T22:33:18","slug":"cinco-de-mayo","status":"publish","type":"page","link":"https:\/\/www.santamonica.com\/pt\/things-to-do\/cinco-de-mayo\/","title":{"rendered":"Cinco de Mayo em Santa Monica"},"content":{"rendered":"<section class=\"two-images container-max sm-block --flip sm-block\">\n    <div class=\"two-images__container --flip\">\n\n        <div class=\"two-images__column\">\n            <div class=\"two-images__content\">\n                <div class=\"two-images__content-header-container\">\n                                            <h3 class=\"two-images__content-header\">Eventos<\/h3>                                    <\/div>\n                                    <div class=\"two-images__content-body wysiwyg\">\n                        <p><strong>Downtown Santa Monica, Inc. (Evento Promenade)<br \/>\n<\/strong><em>Domingo, 4 de maio, das 15h \u00e0s 18h<br \/>\n<\/em><span data-sheets-root=\"1\">M\u00fasica ao vivo e comemora\u00e7\u00e3o para toda a fam\u00edlia na Third Street Promenade. <a href=\"https:\/\/www.eventbrite.com\/e\/2025-cinco-de-mayo-on-the-promenade-tickets-1324163742399\" target=\"_blank\" rel=\"noopener\">Saiba mais.<\/a><\/span><\/p>\n<p><strong>ALPFA Los Angeles<br \/>\n<\/strong><em>S\u00e1bado, 3 de maio - das 7h30 \u00e0s 11h<br \/>\n<\/em><span data-sheets-root=\"1\">Organizado pela ALPFA Los Angeles, inclui corrida divertida e reuni\u00e3o da comunidade. <a href=\"https:\/\/www.eventbrite.com\/e\/alpfa-los-angeles-cinco-de-mayo-run-tickets-1312031504549\" target=\"_blank\" rel=\"noopener\">Saiba mais.<\/a><\/span><\/p>\n<p><strong>Viceroy Santa M\u00f4nica<br \/>\n<\/strong><em>Segunda-feira, 5 de maio<br \/>\n<\/em><span data-sheets-root=\"1\">Festa com pratos e drinques especiais, vibra\u00e7\u00e3o \u00e0 beira da piscina. <a href=\"https:\/\/www.viceroyhotelsandresorts.com\/santa-monica\/activities\/calendar\/cinco-de-mayo-fiesta\" target=\"_blank\" rel=\"noopener\">Visite o site.<\/a><\/span><\/p>\n<p><strong>Tacos e Margs Crawl<\/strong><br \/>\n<em>S\u00e1bado, 3 de maio, das 14h \u00e0s 19h<br \/>\n<\/em>Prepare-se para apimentar seu fim de semana de Cinco de Mayo no Santa Monica Tacos &amp; Margs Crawl! <a href=\"https:\/\/www.santamonica.com\/pt\/evento\/santa-monica-tacos-and-margs-crawl\/\" target=\"_blank\" rel=\"noopener\">Saiba mais.<\/a><\/p>\n                    <\/div>\n                                            <\/div>\n        <\/div>\n\n        <div class=\"two-images__column\">\n                            <div class=\"two-images__image-container\">\n                    <img decoding=\"async\" width=\"424\" height=\"504\" src=\"https:\/\/www.santamonica.com\/wp-content\/uploads\/2025\/04\/cinco_424x504-1.jpg\" class=\"two-images__image\" alt=\"\" loading=\"lazy\" srcset=\"https:\/\/www.santamonica.com\/wp-content\/uploads\/2025\/04\/cinco_424x504-1.jpg 424w, https:\/\/www.santamonica.com\/wp-content\/uploads\/2025\/04\/cinco_424x504-1-252x300.jpg 252w, https:\/\/www.santamonica.com\/wp-content\/uploads\/2025\/04\/cinco_424x504-1-126x150.jpg 126w\" sizes=\"auto, (max-width: 424px) 100vw, 424px\" title=\"\">                    \n\n                <\/div>\n                    <\/div>\n\n        <div class=\"two-images__column\">\n                            <div class=\"two-images__image-container\">\n                    <img decoding=\"async\" width=\"600\" height=\"564\" src=\"https:\/\/www.santamonica.com\/wp-content\/uploads\/2025\/04\/Cinco_600x564-1.jpg\" class=\"two-images__image\" alt=\"\" loading=\"lazy\" srcset=\"https:\/\/www.santamonica.com\/wp-content\/uploads\/2025\/04\/Cinco_600x564-1.jpg 600w, https:\/\/www.santamonica.com\/wp-content\/uploads\/2025\/04\/Cinco_600x564-1-300x282.jpg 300w, https:\/\/www.santamonica.com\/wp-content\/uploads\/2025\/04\/Cinco_600x564-1-160x150.jpg 160w\" sizes=\"auto, (max-width: 600px) 100vw, 600px\" title=\"\">                    \n\n                <\/div>\n                    <\/div>\n\n    <\/div>\n<\/section>\n\n\n<section class=\"sun-title sm-block --theme6 sm-block\">\n            <h3 class=\"sun-title__headline\">Especiais de Cinco de Mayo<\/h3>    \n            <div class=\"sun-title__body  wysiwyg\">\n                    <p><strong>Thyme Cafe and Market (Caf\u00e9 e Mercado Thyme)<br \/>\n<\/strong>Menu de buf\u00ea Cinco de Mayo, incluindo pacote Fiesta para seis pessoas, pratos, sopas, saladas, entradas, acompanhamentos e sobremesas em <a href=\"https:\/\/www.santamonica.com\/pt\/restaurantes\/thyme-cafe-market\/\">Thyme Cafe and Market (Caf\u00e9 e Mercado Thyme)<\/a>. Os pre\u00e7os variam. Fa\u00e7a seu pedido com 3 dias de anteced\u00eancia por e-mail.<\/p>\n<p><strong>O Bungalow<br \/>\n<\/strong>Bebidas especiais com mariachi ao vivo e DJ Maxv no <a href=\"https:\/\/www.santamonica.com\/pt\/restaurantes\/o-bangalo\/\">O Bungalow<\/a>.<strong><br \/>\n<\/strong><\/p>\n<p><strong>Blue Plate Taco<\/strong><br \/>\nCompre 2 tacos e ganhe o terceiro de gra\u00e7a no <a href=\"https:\/\/www.santamonica.com\/pt\/restaurantes\/taco-de-prato-azul\/\" target=\"_blank\" rel=\"noopener\">Blue Plate Taco.<\/a><\/p>\n<p><span data-sheets-root=\"1\"><strong>Luneta<\/strong><br \/>\nTaste of Puerto Nuevo + Cinco de Mayo Brunch no <a href=\"https:\/\/www.santamonica.com\/pt\/restaurantes\/luneta\/\">Lunetta.<\/a><br \/>\n<\/span><\/p>\n<p><strong>Captura no Pac\u00edfico<\/strong><br \/>\nMenu e promo\u00e7\u00f5es do Cinco de Mayo no <a href=\"https:\/\/www.santamonica.com\/pt\/restaurantes\/captura-do-pacifico\/\">Captura no Pac\u00edfico<\/a>.<\/p>\n<p><strong data-start=\"497\" data-end=\"530\">Casa Martin Authentic Mexican<\/strong><br data-start=\"530\" data-end=\"533\" \/><em data-start=\"533\" data-end=\"573\">Domingo, 5 de maio de 2025 | DJ ao vivo a partir das 17h<\/em><br data-start=\"573\" data-end=\"576\" \/>Participe da festa com um DJ ao vivo e desfrute de $10 margaritas, $24 voos e $12 tacos no <a href=\"https:\/\/www.santamonica.com\/pt\/restaurantes\/casa-martin-12513\/\" target=\"_blank\" rel=\"noopener\">Casa Martin<\/a>. Primeiro a chegar, primeiro a ser servido!<\/p>\n                        <\/div>\n    <\/section>\n\n\n\n<p class=\"has-text-align-center base-block\"><br><em>Voc\u00ea \u00e9 uma empresa de Santa Monica com um evento especial que gostaria de incluir nesta p\u00e1gina? <a href=\"https:\/\/www.santamonica.com\/pt\/formulario-de-envio-de-promocoes-comerciais\/\">Envie seu especial aqui.<\/a><\/em><\/p>\n\n\n<section class=\"blog-feed --theme8 sm-block\">\n    <div class=\"blog-feed__content\">\n        <div class=\"blog-feed__intro\">\n                            <div class=\"blog-feed__eyebrow eyebrow\">Blogs<\/div>                                        <h2 class=\"blog-feed__headline\">Descubra Santa M\u00f4nica<\/h2>                                        <div class=\"blog-feed__body\"><p>Explore itiner\u00e1rios, dicas locais, pontos de interesse e aventuras selecionadas para garantir que voc\u00ea aproveite ao m\u00e1ximo sua experi\u00eancia em Santa Monica.<\/p>\n<\/div>\n                                        <a class=\"blog-feed__cta\" href=\"https:\/\/www.santamonica.com\/pt\/postagens-de-blog\/\">Ver todos os blogs<\/a>\n                    <\/div>\n\n        <ul class=\"blog-feed__list\">\n                                                <li class=\"blog-feed__item\">\n                        <a href=\"https:\/\/www.santamonica.com\/pt\/mother-road-modern-meetings-route-66-meeting-spaces-set-to-shine-for-centennial-in-santa-monica\/\" class=\"blog-feed__item-link\">\n                            <div class=\"blog-feed__image-ratio\">\n                                <img decoding=\"async\" class=\"blog-feed__image\" src=\"https:\/\/www.santamonica.com\/wp-content\/uploads\/2025\/12\/untitledJuly20162C2020180010-182-2-400x400.jpg\" alt=\"ESTRADA M\u00c3E, REUNI\u00d5ES MODERNAS: ESPA\u00c7OS PARA REUNI\u00d5ES DA ROTA 66 PREPARADOS PARA BRILHAR NO CENTEN\u00c1RIO EM SANTA M\u00d4NICA\" title=\"\">\n                            <\/div>\n                            <div class=\"blog-feed__card-title\">ESTRADA M\u00c3E, REUNI\u00d5ES MODERNAS: ESPA\u00c7OS PARA REUNI\u00d5ES DA ROTA 66 PREPARADOS PARA BRILHAR NO CENTEN\u00c1RIO EM SANTA M\u00d4NICA<\/div>\n                        <\/a>\n                    <\/li>\n                                                                <li class=\"blog-feed__item\">\n                        <a href=\"https:\/\/www.santamonica.com\/pt\/media\/news-release\/santa-monica-announces-song-contest-in-celebration-of-route-66-centennial\/\" class=\"blog-feed__item-link\">\n                            <div class=\"blog-feed__image-ratio\">\n                                <img decoding=\"async\" class=\"blog-feed__image\" src=\"https:\/\/www.santamonica.com\/wp-content\/uploads\/2025\/11\/DSC01084-400x400.jpg\" alt=\"SANTA MONICA ANUNCIA CONCURSO DE M\u00daSICA EM COMEMORA\u00c7\u00c3O AO CENTEN\u00c1RIO DA ROTA 66\" title=\"\">\n                            <\/div>\n                            <div class=\"blog-feed__card-title\">SANTA MONICA ANUNCIA CONCURSO DE M\u00daSICA EM COMEMORA\u00c7\u00c3O AO CENTEN\u00c1RIO DA ROTA 66<\/div>\n                        <\/a>\n                    <\/li>\n                                                                <li class=\"blog-feed__item\">\n                        <a href=\"https:\/\/www.santamonica.com\/pt\/media\/news-release\/where-to-watch-the-world-series-in-santa-monica\/\" class=\"blog-feed__item-link\">\n                            <div class=\"blog-feed__image-ratio\">\n                                <img decoding=\"async\" class=\"blog-feed__image\" src=\"https:\/\/www.santamonica.com\/wp-content\/uploads\/2025\/10\/dodgers-logo-1-400x400.jpg\" alt=\"ONDE ASSISTIR \u00c0 S\u00c9RIE MUNDIAL EM SANTA MONICA\" title=\"\">\n                            <\/div>\n                            <div class=\"blog-feed__card-title\">ONDE ASSISTIR \u00c0 S\u00c9RIE MUNDIAL EM SANTA MONICA<\/div>\n                        <\/a>\n                    <\/li>\n                                    <\/ul>\n    <\/div>\n<\/section>\n\n\n\n<p class=\"base-block\"><\/p>","protected":false},"excerpt":{"rendered":"<p>Are you a Santa Monica business with a special or event that you would like included on this page? Submit your special here.<\/p>","protected":false},"author":1421,"featured_media":765602,"parent":0,"menu_order":0,"comment_status":"closed","ping_status":"closed","template":"template-editorial.php","meta":{"_acf_changed":false,"inline_featured_image":false,"footnotes":""},"silos":[3899],"class_list":["post-765600","page","type-page","status-publish","has-post-thumbnail","hentry"],"acf":[],"_links":{"self":[{"href":"https:\/\/www.santamonica.com\/pt\/wp-json\/wp\/v2\/pages\/765600","targetHints":{"allow":["GET"]}}],"collection":[{"href":"https:\/\/www.santamonica.com\/pt\/wp-json\/wp\/v2\/pages"}],"about":[{"href":"https:\/\/www.santamonica.com\/pt\/wp-json\/wp\/v2\/types\/page"}],"author":[{"embeddable":true,"href":"https:\/\/www.santamonica.com\/pt\/wp-json\/wp\/v2\/users\/1421"}],"replies":[{"embeddable":true,"href":"https:\/\/www.santamonica.com\/pt\/wp-json\/wp\/v2\/comments?post=765600"}],"version-history":[{"count":18,"href":"https:\/\/www.santamonica.com\/pt\/wp-json\/wp\/v2\/pages\/765600\/revisions"}],"predecessor-version":[{"id":765979,"href":"https:\/\/www.santamonica.com\/pt\/wp-json\/wp\/v2\/pages\/765600\/revisions\/765979"}],"wp:featuredmedia":[{"embeddable":true,"href":"https:\/\/www.santamonica.com\/pt\/wp-json\/wp\/v2\/media\/765602"}],"wp:attachment":[{"href":"https:\/\/www.santamonica.com\/pt\/wp-json\/wp\/v2\/media?parent=765600"}],"wp:term":[{"taxonomy":"silos","embeddable":true,"href":"https:\/\/www.santamonica.com\/pt\/wp-json\/wp\/v2\/silos?post=765600"}],"curies":[{"name":"wp","href":"https:\/\/api.w.org\/{rel}","templated":true}]}}