{"id":765360,"date":"2025-04-17T17:28:52","date_gmt":"2025-04-18T00:28:52","guid":{"rendered":"https:\/\/www.santamonica.com\/?page_id=765360"},"modified":"2025-05-16T15:18:36","modified_gmt":"2025-05-16T22:18:36","slug":"mes-do-patrimonio-asiatico-americano-e-das-ilhas-do-pacifico","status":"publish","type":"page","link":"https:\/\/www.santamonica.com\/pt\/asian-american-and-pacific-islander-heritage-month\/","title":{"rendered":"Especialidades comerciais do M\u00eas do Patrim\u00f4nio Asi\u00e1tico Americano e das Ilhas do Pac\u00edfico"},"content":{"rendered":"<section class=\"sun-title sm-block --theme6 --2col sm-block\">\n            <h2 class=\"sun-title__headline\">Especiais e eventos de neg\u00f3cios<\/h2>    \n            <div class=\"sun-title__body  --2col wysiwyg\">\n                    <div class=\"column-1\">\n                <p data-start=\"167\" data-end=\"493\"><strong data-start=\"167\" data-end=\"231\">Celebra\u00e7\u00e3o do M\u00eas da Heran\u00e7a Asi\u00e1tico-Americana e das Ilhas do Pac\u00edfico<\/strong><br data-start=\"231\" data-end=\"234\" \/><em data-start=\"234\" data-end=\"258\">S\u00e1bado, 17 de maio de 2025<\/em><br data-start=\"258\" data-end=\"261\" \/>Um evento para toda a fam\u00edlia e para c\u00e3es na Third Street Promenade, com apresenta\u00e7\u00f5es culturais, vendedores e divers\u00e3o comunit\u00e1ria.<br data-start=\"385\" data-end=\"388\" \/><strong><a class=\"cursor-pointer\" href=\"https:\/\/www.eventbrite.com\/e\/aapi-heritage-month-celebration-x-third-street-promenade-tickets-1331407247919\" target=\"_blank\" rel=\"noopener\" data-start=\"388\" data-end=\"493\">Saiba mais<\/a><\/strong><\/p>\n<p data-start=\"167\" data-end=\"493\"><b>Exposi\u00e7\u00e3o de Arte do Patrim\u00f4nio da AAPI (em andamento at\u00e9 maio):<\/b><b><br \/>\n<\/b><span style=\"font-weight: 400;\"> Veja uma cole\u00e7\u00e3o com curadoria de obras contempor\u00e2neas de artistas da AAPI que exploram a identidade, o patrim\u00f4nio e a resili\u00eancia.<\/span><span style=\"font-weight: 400;\"><br \/>\n<\/span><span style=\"font-weight: 400;\"> @ 18th Street Arts Center<\/span><span style=\"font-weight: 400;\"><br \/>\n<\/span><strong><a href=\"https:\/\/www.santamonica.com\/pt\/mes-do-patrimonio-asiatico-americano-e-das-ilhas-do-pacifico\/\" target=\"_blank\" rel=\"noopener\">Mais detalhes aqui<\/a><\/strong><\/p>\n<p data-start=\"495\" data-end=\"777\"><strong data-start=\"495\" data-end=\"536\">Servi\u00e7o conjunto do Memorial Day em Bay Cities<\/strong><br data-start=\"536\" data-end=\"539\" \/><em data-start=\"539\" data-end=\"561\">Segunda-feira, 26 de maio de 2025<\/em><br data-start=\"561\" data-end=\"564\" \/>Um servi\u00e7o comemorativo no Cemit\u00e9rio Woodlawn em homenagem aos veteranos nipo-americanos que serviram durante a Segunda Guerra Mundial.<br data-start=\"676\" data-end=\"679\" \/><a class=\"\" href=\"https:\/\/rafu.com\/2022\/04\/bay-cities-joint-memorial-day-service-at-woodlawn-cemetery\/\" target=\"_new\" rel=\"noopener\" data-start=\"679\" data-end=\"777\"><strong>Saiba mais<\/strong><\/a><\/p>\n<p data-start=\"779\" data-end=\"1085\"><strong data-start=\"779\" data-end=\"808\">Courtyard by Santa Monica<\/strong><br data-start=\"808\" data-end=\"811\" \/><em data-start=\"811\" data-end=\"849\">V\u00e1lido at\u00e9 s\u00e1bado, 31 de maio de 2025<\/em><br data-start=\"849\" data-end=\"852\" \/>Aproveite o servi\u00e7o de caf\u00e9 ou ch\u00e1 de cortesia para todas as reuni\u00f5es e eventos reservados durante o m\u00eas de maio, em comemora\u00e7\u00e3o ao AAPI Heritage Month.<br data-start=\"992\" data-end=\"995\" \/><strong><a class=\"cursor-pointer\" href=\"https:\/\/www.santamonica.gov\/blog\/celebrate-asian-american-and-pacific-islander-heritage-month-this-may-with-events-and-activities-throughout-the-city\" target=\"_blank\" rel=\"noopener\" data-start=\"995\" data-end=\"1085\">Saiba mais<\/a><\/strong><\/p>\n<p data-start=\"779\" data-end=\"1085\"><strong data-start=\"1192\" data-end=\"1213\">Bolinhos de massa chineses<\/strong><br data-start=\"1213\" data-end=\"1216\" \/><em data-start=\"1216\" data-end=\"1230\">31 de maio de 2025<\/em><br data-start=\"1230\" data-end=\"1233\" \/>A Escola Gourmandise em Santa Monica Place<br data-start=\"1277\" data-end=\"1280\" \/>Crie seus pr\u00f3prios bolinhos artesanais do zero nesta aula interativa focada no sabor, nas t\u00e9cnicas de dobragem e nas tradi\u00e7\u00f5es culturais.<br data-start=\"1416\" data-end=\"1419\" \/><strong><a class=\"cursor-pointer\" href=\"http:\/\/Chinese Dumplings May 31, 2025 The Gourmandise School at Santa Monica Place Craft your own handmade dumplings from scratch in this interactive class focused on flavor, folding techniques, and cultural traditions. Learn more\" target=\"_blank\" rel=\"noopener\" data-start=\"1419\" data-end=\"1481\">Saiba mais\u00a0<\/a><\/strong><\/p>\n<p data-start=\"779\" data-end=\"1085\"><strong>Cobi's\u00a0<\/strong><br \/>\nPrato especial da culin\u00e1ria filipina em homenagem ao patrim\u00f4nio e \u00e0 tradi\u00e7\u00e3o durante o M\u00eas das Filipinas.<strong><br \/>\n<a href=\"https:\/\/www.santamonica.com\/pt\/restaurantes\/curries-de-cobis\/\" target=\"_blank\" rel=\"noopener\">Saiba mais.\u00a0<\/a><\/strong><\/p>\n<p data-start=\"223\" data-end=\"558\"><strong data-start=\"223\" data-end=\"248\">Noite de encontro: Sushi 101<\/strong><br data-start=\"248\" data-end=\"251\" \/><em data-start=\"251\" data-end=\"265\">10 de maio de 2025<\/em><br data-start=\"265\" data-end=\"268\" \/>A Escola Gourmandise em Santa Monica Place<br data-start=\"312\" data-end=\"315\" \/>Comemore o M\u00eas da Heran\u00e7a da AAPI com uma aula pr\u00e1tica de prepara\u00e7\u00e3o de sushi orientada por chefs especialistas da AAPI. Aprenda as t\u00e9cnicas b\u00e1sicas de prepara\u00e7\u00e3o de sushi fresco em um formato divertido para uma noite de encontro.<br data-start=\"493\" data-end=\"496\" \/><strong><a class=\"cursor-pointer\" href=\"http:\/\/Chinese Dumplings May 31, 2025 The Gourmandise School at Santa Monica Place Craft your own handmade dumplings from scratch in this interactive class focused on flavor, folding techniques, and cultural traditions. Learn more\" target=\"_blank\" rel=\"noopener\" data-start=\"496\" data-end=\"558\">Saiba mais\u00a0<\/a><\/strong><\/p>\n<p data-start=\"223\" data-end=\"558\"><strong data-start=\"890\" data-end=\"913\">Vietn\u00e3 do dia a dia<\/strong><br data-start=\"913\" data-end=\"916\" \/><em data-start=\"916\" data-end=\"930\">30 de maio de 2025<\/em><br data-start=\"930\" data-end=\"933\" \/>A Escola Gourmandise em Santa Monica Place<br data-start=\"977\" data-end=\"980\" \/>Explore os fundamentos da culin\u00e1ria caseira vietnamita com rolinhos primavera frescos, salada de macarr\u00e3o de arroz e molhos para mergulhar - tudo orientado por aclamados chefs da AAPI.<br data-start=\"1125\" data-end=\"1128\" \/><a class=\"cursor-pointer\" href=\"https:\/\/thegourmandiseschool.com\/?srsltid=AfmBOopGC6T-EHgUq3WyXSWfhzjEtJftBXVwYJmMoQSegdEEShfjmalP\" target=\"_blank\" rel=\"noopener\" data-start=\"1128\" data-end=\"1190\"><strong>Saiba mais<\/strong>\u00a0<\/a><\/p>\n                            <\/div>\n            <div class=\"column-2\">\n                <p data-start=\"1087\" data-end=\"1419\"><b>\u201cPop-Up \u201dFeast From the East\" do chef Chad Phuong (s\u00e1bado, das 12h \u00e0s 18h):<\/b><b><br \/>\n<\/b><span style=\"font-weight: 400;\"> O mestre do churrasco cambojano Chad Phuong (tamb\u00e9m conhecido como \u201cCambodian Cowboy\u201d) traz seu peito defumado, costelas e molhos inspirados no sudeste asi\u00e1tico para Santa Monica para um pop-up especial de um dia do AAPI Heritage Month.<\/span><span style=\"font-weight: 400;\"><br \/>\n<\/span><span style=\"font-weight: 400;\"> @ The Gourmandise School, Santa Monica Place<\/span><span style=\"font-weight: 400;\"><br \/>\n<\/span><strong><a href=\"https:\/\/www.santamonica.com\/pt\/mes-do-patrimonio-asiatico-americano-e-das-ilhas-do-pacifico\/\" target=\"_blank\" rel=\"noopener\">Mais detalhes aqui<\/a><\/strong><\/p>\n<p data-start=\"1087\" data-end=\"1419\"><strong data-start=\"1087\" data-end=\"1139\">DE JA A SHOHEI: O Projeto de Beisebol de Manzanar<\/strong><br data-start=\"1139\" data-end=\"1142\" \/><em data-start=\"1142\" data-end=\"1166\">S\u00e1bado, 10 de maio de 2025<\/em><br data-start=\"1166\" data-end=\"1169\" \/>Junte-se ao artista Dan Kwong para uma apresenta\u00e7\u00e3o multim\u00eddia que explora o beisebol nipo-americano durante a Segunda Guerra Mundial, com v\u00eddeo, arte perform\u00e1tica e um painel de discuss\u00e3o.<br data-start=\"1328\" data-end=\"1331\" \/><strong><a class=\"cursor-pointer\" href=\"https:\/\/www.janm.org\/events\/2024-12-07\/manzanar-baseball-project\" target=\"_blank\" rel=\"noopener\" data-start=\"1331\" data-end=\"1419\">Saiba mais<\/a><\/strong><\/p>\n<p data-start=\"1087\" data-end=\"1419\"><b>Konamon Fest - Festival de Comida de Rua Japonesa (s\u00e1bado e domingo):<\/b><b><br \/>\n<\/b><span style=\"font-weight: 400;\"> Esse festival cultural e de comida de rua retorna com uma \u00e1rea de degusta\u00e7\u00e3o de saqu\u00ea com mais de 31 variedades de saqu\u00ea, vendedores do Jap\u00e3o e uma apresenta\u00e7\u00e3o ao vivo de violino japon\u00eas.<\/span><span style=\"font-weight: 400;\"><br \/>\n<\/span><span style=\"font-weight: 400;\"> @ P\u00eder de Santa M\u00f4nica<\/span><span style=\"font-weight: 400;\"><br \/>\n<\/span><strong><a href=\"https:\/\/www.konamonfest.com\" target=\"_blank\" rel=\"noopener\">Saiba mais<\/a><\/strong><\/p>\n<p data-start=\"1421\" data-end=\"1686\"><strong data-start=\"1421\" data-end=\"1454\">Quase exatamente Quase como eu<\/strong><br data-start=\"1454\" data-end=\"1457\" \/><em data-start=\"1457\" data-end=\"1481\">S\u00e1bado, 17 de maio de 2025<\/em><br data-start=\"1481\" data-end=\"1484\" \/>Leitura e sess\u00e3o de aut\u00f3grafos do livro infantil de Pearl AuYeung, celebrando a identidade, a diversidade e o M\u00eas do Patrim\u00f4nio da AAPI.<br data-start=\"1595\" data-end=\"1598\" \/><strong><a class=\"cursor-pointer\" href=\"https:\/\/santamonicanext.org\/2025\/04\/santa-monica-library-presents-the-manzanar-baseball-project-and-nearly-exactly-almost-like-me\/\" target=\"_blank\" rel=\"noopener\" data-start=\"1598\" data-end=\"1686\">Saiba mais<\/a><\/strong><\/p>\n<p data-start=\"1421\" data-end=\"1686\"><b>Oaxacalifornia - Exibi\u00e7\u00e3o de filme e painel (domingo, 16h):<\/b><b><br \/>\n<\/b><span style=\"font-weight: 400;\"> Comemore a vibrante mistura das culturas mexicana e japonesa nesta aclamada exibi\u00e7\u00e3o de document\u00e1rio, seguida de uma sess\u00e3o de perguntas e respostas com a diretora Bertha Aguilar.<\/span><span style=\"font-weight: 400;\"><br \/>\n<\/span><span style=\"font-weight: 400;\"> Faculdade de Santa M\u00f4nica, Sala de Palestras de Humanidades<\/span><span style=\"font-weight: 400;\"><br \/>\n<\/span><strong><a href=\"https:\/\/www.santamonica.com\/pt\/mes-do-patrimonio-asiatico-americano-e-das-ilhas-do-pacifico\/\" target=\"_blank\" rel=\"noopener\">Mais detalhes aqui<\/a><\/strong><\/p>\n<p data-start=\"1688\" data-end=\"1955\"><strong data-start=\"1688\" data-end=\"1706\">Arroz Arroz Beb\u00ea<\/strong><br data-start=\"1706\" data-end=\"1709\" \/><em data-start=\"1709\" data-end=\"1731\">Sexta-feira, 16 de maio de 2025<\/em><br data-start=\"1731\" data-end=\"1734\" \/>Uma noite de com\u00e9dia do AAPI Heritage Month realizada no The Crow, com um desconto especial oferecido no restaurante Birdie G's para os participantes.<br data-start=\"1861\" data-end=\"1864\" \/><strong><a class=\"cursor-pointer\" href=\"https:\/\/dola.com\/events\/2025\/5\/16\/rice-rice-baby-a-comedy-show-for-aapi-heritage-month-tickets\" target=\"_blank\" rel=\"noopener\" data-start=\"1864\" data-end=\"1955\">Saiba mais<\/a><\/strong><\/p>\n<p data-start=\"1688\" data-end=\"1955\"><b>Tai Chi na praia (domingo, 9h):<\/b><b><br \/>\n<\/b><span style=\"font-weight: 400;\"> Junte-se ao Mestre Henry Lung para uma sess\u00e3o de tai chi suave e restauradora que celebra as tradi\u00e7\u00f5es de bem-estar da AAPI. Gratuito e aberto a todos os n\u00edveis.<\/span><span style=\"font-weight: 400;\"><br \/>\n<\/span><span style=\"font-weight: 400;\"> Annenberg Community Beach House<\/span><span style=\"font-weight: 400;\"><br \/>\n<\/span><strong><a href=\"https:\/\/www.santamonica.com\/pt\/mes-do-patrimonio-asiatico-americano-e-das-ilhas-do-pacifico\/\" target=\"_blank\" rel=\"noopener\">Mais detalhes aqui<\/a><\/strong><\/p>\n<p data-start=\"1688\" data-end=\"1955\"><strong data-start=\"560\" data-end=\"591\">Cozinha tradicional chinesa<\/strong><br data-start=\"591\" data-end=\"594\" \/><em data-start=\"594\" data-end=\"608\">24 de maio de 2025<\/em><br data-start=\"608\" data-end=\"611\" \/>A Escola Gourmandise em Santa Monica Place<br data-start=\"655\" data-end=\"658\" \/>Domine os sabores e as t\u00e9cnicas arrojadas da culin\u00e1ria chinesa tradicional, incluindo o Three Cup Chicken (frango em tr\u00eas x\u00edcaras), o espinafre refogado com alho e o tofu de am\u00eandoas com damascos escalfados.<br data-start=\"823\" data-end=\"826\" \/><strong><a class=\"cursor-pointer\" href=\"http:\/\/Chinese Dumplings May 31, 2025 The Gourmandise School at Santa Monica Place Craft your own handmade dumplings from scratch in this interactive class focused on flavor, folding techniques, and cultural traditions. Learn more\" target=\"_blank\" rel=\"noopener\" data-start=\"826\" data-end=\"888\">Saiba mais\u00a0<\/a><\/strong><\/p>\n                            <\/div>\n            <\/div>\n    <\/section>","protected":false},"excerpt":{"rendered":"","protected":false},"author":1421,"featured_media":765784,"parent":0,"menu_order":0,"comment_status":"closed","ping_status":"closed","template":"template-editorial.php","meta":{"_acf_changed":false,"inline_featured_image":false,"footnotes":""},"silos":[],"class_list":["post-765360","page","type-page","status-publish","has-post-thumbnail","hentry"],"acf":[],"_links":{"self":[{"href":"https:\/\/www.santamonica.com\/pt\/wp-json\/wp\/v2\/pages\/765360","targetHints":{"allow":["GET"]}}],"collection":[{"href":"https:\/\/www.santamonica.com\/pt\/wp-json\/wp\/v2\/pages"}],"about":[{"href":"https:\/\/www.santamonica.com\/pt\/wp-json\/wp\/v2\/types\/page"}],"author":[{"embeddable":true,"href":"https:\/\/www.santamonica.com\/pt\/wp-json\/wp\/v2\/users\/1421"}],"replies":[{"embeddable":true,"href":"https:\/\/www.santamonica.com\/pt\/wp-json\/wp\/v2\/comments?post=765360"}],"version-history":[{"count":11,"href":"https:\/\/www.santamonica.com\/pt\/wp-json\/wp\/v2\/pages\/765360\/revisions"}],"predecessor-version":[{"id":766376,"href":"https:\/\/www.santamonica.com\/pt\/wp-json\/wp\/v2\/pages\/765360\/revisions\/766376"}],"wp:featuredmedia":[{"embeddable":true,"href":"https:\/\/www.santamonica.com\/pt\/wp-json\/wp\/v2\/media\/765784"}],"wp:attachment":[{"href":"https:\/\/www.santamonica.com\/pt\/wp-json\/wp\/v2\/media?parent=765360"}],"wp:term":[{"taxonomy":"silos","embeddable":true,"href":"https:\/\/www.santamonica.com\/pt\/wp-json\/wp\/v2\/silos?post=765360"}],"curies":[{"name":"wp","href":"https:\/\/api.w.org\/{rel}","templated":true}]}}