{"id":765201,"date":"2025-04-15T15:11:08","date_gmt":"2025-04-15T22:11:08","guid":{"rendered":"https:\/\/www.santamonica.com\/?page_id=765201"},"modified":"2025-11-04T09:48:17","modified_gmt":"2025-11-04T17:48:17","slug":"especiais-de-negocios-da-pali-high-school","status":"publish","type":"page","link":"https:\/\/www.santamonica.com\/pt\/pali-high-school-business-specials\/","title":{"rendered":"Especiais de neg\u00f3cios do ensino m\u00e9dio"},"content":{"rendered":"<section class=\"sun-title sm-block --theme6 sm-block\">\n            <h2 class=\"sun-title__headline\">Especialidades gastron\u00f4micas<\/h2>    \n    <\/section>\n\n\n\n<div class=\"wp-block-columns is-layout-flex wp-container-core-columns-is-layout-28f84493 wp-block-columns-is-layout-flex base-block\">\n<div class=\"wp-block-column is-layout-flow wp-block-column-is-layout-flow base-block\">\n<p class=\"base-block\"><a href=\"https:\/\/www.santamonica.com\/pt\/restaurantes\/o-paladar-curioso\/\">O Paladar Curioso<\/a><\/p>\n\n\n\n<p class=\"base-block\">10% de desconto em seu pedido com comprovante de identifica\u00e7\u00e3o do ensino m\u00e9dio. Fa\u00e7a seu pedido on-line com o c\u00f3digo promocional: HIGH SCHOOL* Oferta v\u00e1lida somente para alunos e professores da Pali High School.<\/p>\n\n\n\n<p class=\"base-block\"><a href=\"https:\/\/www.santamonica.com\/pt\/restaurantes\/espresso-cielo-14312\/\">Espresso Cielo<\/a><\/p>\n\n\n\n<p class=\"base-block\">Receba 10% de desconto em toda a compra com a carteira de estudante ou de professor.<\/p>\n\n\n\n<p class=\"base-block\"><a href=\"https:\/\/www.santamonica.com\/pt\/restaurantes\/a-beira-mar-no-pier\/\">Seaside on the Pier - Santa M\u00f4nica<\/a><\/p>\n\n\n\n<p class=\"base-block\">Menus com tudo inclu\u00eddo de impostos estaduais e taxa de servi\u00e7o Surfs UP $28.00 com tudo inclu\u00eddo \/ $21.17 Hang 10 $38.00 com tudo inclu\u00eddo \/ $28.73Big Kahuna $48.00 com tudo inclu\u00eddo \/ $36.29.<\/p>\n\n\n\n<p class=\"base-block\"><a href=\"https:\/\/www.santamonica.com\/pt\/restaurantes\/espresso-cielo-14312\/\">Espresso Cielo<\/a><\/p>\n\n\n\n<p class=\"base-block\">10% de desconto em toda a compra com ID de aluno ou professor.<\/p>\n\n\n\n<p class=\"base-block\"><a href=\"https:\/\/www.santamonica.com\/pt\/restaurantes\/cafe-ugo\/\">UGO<\/a><\/p>\n\n\n\n<p class=\"base-block\">25% de desconto para ambos os locais da UGO no cal\u00e7ad\u00e3o. Local 1: 1400 third street promenade Local 2: 1237 third street promenade.<\/p>\n\n\n\n<p class=\"base-block\"><a href=\"https:\/\/www.santamonica.com\/pt\/restaurantes\/edgemar\/\">Edgemar Restaurant and Lounge<\/a><\/p>\n\n\n\n<p class=\"base-block\">Desconto no almo\u00e7o 15% \u201cOs pais pegam e deixam os filhos em Edgemar.\u201d<\/p>\n\n\n\n<p class=\"base-block\"><a href=\"https:\/\/www.santamonica.com\/pt\/restaurantes\/mcconnells-sorvetes-finos\/\">McConnell's Fine Ice Creams<\/a><\/p>\n\n\n\n<p class=\"base-block\">10% desconto para estudantes do ensino m\u00e9dio de Pali.<\/p>\n\n\n\n<p class=\"base-block\"><a href=\"https:\/\/www.santamonica.com\/pt\/restaurantes\/pizzaria-stefanos\/\">Pizzaria Stefano's<\/a><\/p>\n\n\n\n<p class=\"base-block\">20% de desconto em qualquer compra para alunos e professores com identifica\u00e7\u00e3o da escola.<\/p>\n<\/div>\n\n\n\n<div class=\"wp-block-column is-layout-flow wp-block-column-is-layout-flow base-block\">\n<p class=\"base-block\"><a href=\"https:\/\/www.santamonica.com\/pt\/restaurantes\/alimentos-saudaveis-e-sensatos\/\">Alimenta\u00e7\u00e3o Saud\u00e1vel e Sensata<\/a><\/p>\n\n\n\n<p class=\"base-block\">10% de desconto em seu pedido com comprovante de identifica\u00e7\u00e3o da Pali High School. *Oferta v\u00e1lida somente para alunos e professores da Pali High School.<\/p>\n\n\n\n<p class=\"base-block\"><a href=\"https:\/\/www.santamonica.com\/pt\/restaurantes\/taberna-na-rua-principal\/\">Taverna na Principal<\/a><\/p>\n\n\n\n<p class=\"base-block\">Happy hour especial de segunda a sexta-feira, das 14h \u00e0s 19h. Pequenos descontos para professores e docentes podem ser concedidos.<\/p>\n\n\n\n<p class=\"base-block\"><a href=\"https:\/\/whalerbeachbar.com\" target=\"_blank\" rel=\"noopener\">Whaler Beach Bar<\/a><\/p>\n\n\n\n<p class=\"base-block\">$15 Menu. Inclui um refrigerante. Dispon\u00edvel com comprovante de identifica\u00e7\u00e3o escolar. Hamb\u00farguer (servido com batatas fritas ou salada) BLTA de frango grelhado (servido com batatas fritas ou salada) ou sandu\u00edche de frango frito (servido com batatas fritas ou salada) Salada de couve, pizza de pepperoni, Buffalo Wings<\/p>\n\n\n\n<p class=\"base-block\"><a href=\"https:\/\/www.santamonica.com\/pt\/restaurantes\/nick-o-grego\/\">Nick, o grego<\/a><\/p>\n\n\n\n<p class=\"base-block\">Mostre sua carteira de estudante ou crach\u00e1 de funcion\u00e1rio e ganhe 10% de desconto em qualquer item do card\u00e1pio - OU - ganhe um upgrade GRATUITO para batatas fritas gregas ou Nick's Fries ao comprar qualquer combo!<\/p>\n\n\n\n<p class=\"base-block\"><a href=\"https:\/\/www.santamonica.com\/pt\/restaurantes\/a-raposa-surfista\/\">A Raposa Surfista<\/a><\/p>\n\n\n\n<p class=\"base-block\">O corpo docente e os professores t\u00eam 20% de folga entre 7h e 16h nos dias \u00fateis.<\/p>\n\n\n\n<p class=\"base-block\"><a href=\"https:\/\/www.santamonica.com\/pt\/restaurantes\/captura-do-pacifico\/\">Captura no Pac\u00edfico<\/a><\/p>\n\n\n\n<p class=\"base-block\">Destinado aos membros do corpo docente, temos um happy hour di\u00e1rio chamado \u201cAloha Hour\u2019, das 15h \u00e0s 18h. Comida a partir de $5, coquet\u00e9is a partir de $8. Tamb\u00e9m oferecemos um desconto de 10% a todos os membros do corpo docente da escola a qualquer hora, em qualquer dia da semana.<\/p>\n\n\n\n<p class=\"base-block\"><a href=\"https:\/\/www.santamonica.com\/pt\/restaurantes\/rosti\/\">Rosti Tuscan Kitchen<\/a><\/p>\n\n\n\n<p class=\"base-block\">Economize $5 ao gastar $25 ou mais! Dispon\u00edvel para refei\u00e7\u00f5es no local ou para viagem, \u00e9 necess\u00e1rio apresentar comprovante com carteira de estudante. Use o c\u00f3digo promocional: GOPALI*Oferta v\u00e1lida somente para alunos e professores da Pali High School V\u00e1lida at\u00e9 31 de maio de 2026.<\/p>\n<\/div>\n<\/div>\n\n\n<section class=\"sun-title sm-block --theme6 sm-block\">\n            <h2 class=\"sun-title__headline\">Ofertas especiais de varejo<\/h2>    \n    <\/section>\n\n\n\n<div class=\"wp-block-columns is-layout-flex wp-container-core-columns-is-layout-28f84493 wp-block-columns-is-layout-flex base-block\">\n<div class=\"wp-block-column is-layout-flow wp-block-column-is-layout-flow base-block\">\n<p class=\"base-block\"><a href=\"https:\/\/www.santamonica.com\/pt\/compras\/a-loja-de-bicicletas\/\">The Bike Shop Santa Monica<\/a><\/p>\n\n\n\n<p class=\"base-block\">20% de desconto em bicicletas, 50% de desconto em um segundo cadeado na compra, $25 de desconto em reparos acima de $100.<\/p>\n\n\n\n<p class=\"base-block\"><a href=\"https:\/\/www.santamonica.com\/pt\/compras\/pintura-cox\/\">Cox Paint Inc.<\/a><\/p>\n\n\n\n<p class=\"base-block\">20% de desconto em todas as tintas e suprimentos de pintura com a carteira de estudante (dom\u00e9stica) e contas escolares.<\/p>\n\n\n\n<p class=\"base-block\"><a href=\"https:\/\/www.santamonica.com\/pt\/compras\/areia-e-surfe-13133\/\">Areia e surfe<\/a><\/p>\n\n\n\n<p class=\"base-block\">15% de desconto em qualquer compra, incluindo lanches e bebidas, com comprovante de identifica\u00e7\u00e3o do ensino m\u00e9dio. Visite o local na Third Street Promenade para receber um souvenir especial de Santa Monica!<\/p>\n\n\n\n<p class=\"base-block\"><a href=\"https:\/\/www.santamonica.com\/pt\/compras\/cami-e-jax\/\">CAMI AND JAX, roupas de banho de luxo para mulheres e meninas<\/a><\/p>\n\n\n\n<p class=\"base-block\">30% de desconto em tudo. V\u00e1lido tanto na loja quanto on-line. Use o c\u00f3digo 30Pali<\/p>\n\n\n\n<p class=\"base-block\"><a href=\"https:\/\/www.santamonica.com\/pt\/compras\/tenshoppe\/\">Tenshoppe LA<\/a><\/p>\n\n\n\n<p class=\"base-block\">15% de desconto em seu pedido com comprovante de identifica\u00e7\u00e3o do ensino m\u00e9dio. *Oferta v\u00e1lida somente para alunos e professores da Pali High School e v\u00e1lida somente em nossa unidade de Santa Monica.<\/p>\n<\/div>\n\n\n\n<div class=\"wp-block-column is-layout-flow wp-block-column-is-layout-flow base-block\">\n<p class=\"base-block\"><a href=\"https:\/\/www.santamonica.com\/pt\/compras\/santa-monica-walk-in-visitor-information-center\/\">Centros de informa\u00e7\u00f5es para visitantes de Santa M\u00f4nica<\/a><\/p>\n\n\n\n<p class=\"base-block\">Receba 30% de desconto em mercadorias em qualquer um dos tr\u00eas Centros de Informa\u00e7\u00f5es ao Visitante de Santa Monica.<\/p>\n\n\n\n<p class=\"base-block\"><a href=\"https:\/\/www.santamonica.com\/pt\/compras\/mar-de-prata\/\">Mar de prata<\/a><\/p>\n\n\n\n<p class=\"base-block\">25% de desconto em um item de pre\u00e7o normal com comprovante de identifica\u00e7\u00e3o da escola Pali High*<br>*Oferta v\u00e1lida somente para alunos e professores da Pali High School<\/p>\n\n\n\n<p class=\"base-block\"><a href=\"https:\/\/www.santamonica.com\/pt\/compras\/colchoes-japoneses-airweave\/\">Airweave<\/a><\/p>\n\n\n\n<p class=\"base-block\">A Airweave, a marca de inova\u00e7\u00e3o do sono fundada no Jap\u00e3o que conta com a confian\u00e7a de atletas ol\u00edmpicos, est\u00e1 lan\u00e7ando sua maior oferta da temporada para o Dia do Trabalho, que vai de segunda-feira, 18 de agosto, a 7 de setembro. As promo\u00e7\u00f5es incluem:$300 de desconto nos colch\u00f5es da cole\u00e7\u00e3o Yume com o c\u00f3digo LABOR30010% de desconto em todos os futons e toppers com o c\u00f3digo LABOR1010% de desconto nos colch\u00f5es Airweave e Advanced - j\u00e1 com desconto (n\u00e3o \u00e9 necess\u00e1rio c\u00f3digo)<\/p>\n<\/div>\n<\/div>\n\n\n<section class=\"sun-title sm-block --theme6 sm-block\">\n            <h2 class=\"sun-title__headline\">Especiais de neg\u00f3cios<\/h2>    \n    <\/section>\n\n\n\n<div class=\"wp-block-columns is-layout-flex wp-container-core-columns-is-layout-28f84493 wp-block-columns-is-layout-flex base-block\">\n<div class=\"wp-block-column is-layout-flow wp-block-column-is-layout-flow base-block\">\n<p class=\"base-block\"><a href=\"https:\/\/www.santamonica.com\/pt\/coisas-para-fazer\/teatro-de-santa-monica\/\">Santa Monica Playhouse<\/a><\/p>\n\n\n\n<p class=\"base-block\">Os alunos recebem desconto 50% em qualquer espet\u00e1culo produzido pela Santa Monica Playhouse. Confira o que est\u00e1 em cartaz no site https:\/\/SantaMonicaPlayhouse.com, descubra o que deseja ver e entre em contato conosco pelo telefone 1-310-394-9779 ou pelo e-mail theatre@SantaMonicaPlayhouse.com e informe que voc\u00ea \u00e9 um estudante da Pali ou da Samo e receber\u00e1 seu desconto.<\/p>\n\n\n\n<p class=\"base-block\"><a href=\"https:\/\/www.santamonica.com\/pt\/restaurantes\/papila-gustativa\/\">Papille Gustative<\/a><\/p>\n\n\n\n<p class=\"base-block\">Reserva gratuita de nossas salas privativas para sua festa de formatura!<\/p>\n\n\n\n<p class=\"base-block\"><a href=\"https:\/\/www.santamonica.com\/pt\/hoteis\/surestay-hotel-by-best-western-santa-monica\/\">SureStay by Best Western Santa Monica<\/a><\/p>\n\n\n\n<p class=\"base-block\">15% de desconto em nossa tarifa p\u00fablica!<\/p>\n\n\n\n<p class=\"base-block\"><a href=\"https:\/\/www.santamonica.com\/pt\/compras\/radiance-wellness-spa\/\">Radiance Wellness Spa<\/a><\/p>\n\n\n\n<p class=\"base-block\">Especial para estudantes! 20% de desconto em servi\u00e7os no Radiance Wellness Spa. \u00c9 necess\u00e1rio apresentar uma carteira de estudante v\u00e1lida para receber a oferta.<\/p>\n\n\n\n<p class=\"base-block\"><a href=\"https:\/\/www.santamonica.com\/pt\/coisas-para-fazer\/castelo-de-musica\/\">The Music Castle Inc.<\/a><\/p>\n\n\n\n<p class=\"base-block\">50% de desconto na primeira aula particular de voz, piano, viol\u00e3o, bateria, baixo ou produ\u00e7\u00e3o. $25 apenas! Primeira aula de arte em grupo com dura\u00e7\u00e3o de 1 hora, de 3 a 18 anos, \u00e0s sextas-feiras, para alunos da Palisades Charter High School e suas fam\u00edlias.<\/p>\n\n\n\n<p class=\"base-block\"><a href=\"http:\/\/www.SportsFitPT.com\" target=\"_blank\" rel=\"noopener\">SportsFit PT<\/a><\/p>\n\n\n\n<p class=\"base-block\">Nossa equipe de especialistas oferece fisioterapia de ponta, an\u00e1lise de corrida, massagem terap\u00eautica, Pilates, ioga e programas de treinamento personalizados, projetados para mant\u00ea-lo livre de les\u00f5es e com o melhor desempenho poss\u00edvel. Convidamos voc\u00ea a fazer parceria com a SportsFit e experimentar o mesmo atendimento de alto padr\u00e3o em que confiam muitos dos guerreiros de fim de semana da regi\u00e3o oeste e os atletas de resist\u00eancia de elite de Los Angeles. Aproveite algumas das seguintes vantagens exclusivas do clube: Desconto de $50 na sess\u00e3o inicial de an\u00e1lise de corrida - pagamento particular ou seguro (pre\u00e7o normal de $185); Sess\u00e3o gratuita de avalia\u00e7\u00e3o de les\u00f5es - o objetivo dessa sess\u00e3o \u00e9 avaliar qualquer poss\u00edvel les\u00e3o e determinar o melhor curso de a\u00e7\u00e3o (valor de $185); Conjunto de 2 sess\u00f5es gratuitas de sua escolha de nossos servi\u00e7os complementares (massagem, pilates, ioga, treinamento particular); pre\u00e7o normal: $125 por sess\u00e3o (valor de $250);20% de desconto em qualquer servi\u00e7o individual ap\u00f3s as 2 primeiras sess\u00f5es;10% adicionais de desconto em qualquer pacote (PT, Pilates, Massagem, Ioga, Treinamento particular);$100 de desconto nas 5 primeiras sess\u00f5es de qualquer tratamento de fisioterapia particular ou com base em seguro;$100 de desconto no pacote de 3 sess\u00f5es de tratamento por ondas de choque - Pre\u00e7o normal: $489.<\/p>\n\n\n\n<p class=\"base-block\"><a href=\"https:\/\/www.santamonica.com\/pt\/hoteis\/motel-sea-shore\/\">Motel Sea Shore<\/a><\/p>\n\n\n\n<p class=\"base-block\">Tarifas com desconto para as fam\u00edlias Pali e Samo. Envie um e-mail para Sonia@seashoremotel.com para obter detalhes.<\/p>\n<\/div>\n\n\n\n<div class=\"wp-block-column is-layout-flow wp-block-column-is-layout-flow base-block\">\n<p class=\"base-block\"><a href=\"https:\/\/www.pilatesplatinum.com\" target=\"_blank\" rel=\"noopener\">Pilates Platinum<\/a><\/p>\n\n\n\n<p class=\"base-block\">As aulas de Pilates Platinum t\u00eam 45 minutos de escultura de corpo inteiro em nosso reformador de Pilates personalizado. Cada movimento \u00e9 controlado lentamente para maximizar o tempo sob tens\u00e3o e ajudar os m\u00fasculos a atingir o ponto de fadiga com efici\u00eancia. O resultado: fortalecimento fundamental do n\u00facleo e dos m\u00fasculos pequenos e dif\u00edceis de ver, que abrem caminho para resultados externos realmente incr\u00edveis, longos, magros e tonificados. Estamos entusiasmados em receb\u00ea-lo no bairro.  Aproveite 3 aulas por $45. Envie um e-mail para info@pilatesplatinum.com para fazer o resgate.<\/p>\n\n\n\n<p class=\"base-block\"><a href=\"https:\/\/www.santamonica.com\/pt\/compras\/spa-para-pes-bao\/\">Spa para p\u00e9s BAO<\/a><\/p>\n\n\n\n<p class=\"base-block\">Compre 6 tratamentos e receba 1 sess\u00e3o gr\u00e1tis<\/p>\n\n\n\n<p class=\"base-block\"><a href=\"https:\/\/www.myotbythesea.com\" target=\"_blank\" rel=\"noopener\">OT \u00e0 beira-mar<\/a><\/p>\n\n\n\n<p class=\"base-block\">Na OT by the Sea, nossos terapeutas ocupacionais trabalham com crian\u00e7as e adultos para promover a independ\u00eancia e capacitar toda a fam\u00edlia. Seja em rela\u00e7\u00e3o \u00e0 independ\u00eancia e habilidades de autocuidado, ansiedade, gerenciamento de tarefas, regula\u00e7\u00e3o emocional, fortalecimento f\u00edsico e coordena\u00e7\u00e3o, estamos aqui para ajud\u00e1-lo a prosperar. Estaremos oferecendo um desconto especial 10% nas avalia\u00e7\u00f5es para essa comunidade.<\/p>\n\n\n\n<p class=\"base-block\"><a href=\"https:\/\/www.santamonica.com\/pt\/coisas-para-fazer\/la-art-exchange\/\">Bolsa de Arte de Los Angeles<\/a><\/p>\n\n\n\n<p class=\"base-block\">15% de desconto em molduras personalizadas para alunos, pais, professores e comunidade da Pali High School<\/p>\n\n\n\n<p class=\"base-block\"><a href=\"https:\/\/www.santamonica.com\/pt\/coisas-para-fazer\/salao-de-jogos-playland\/\">Playland Arcade<\/a><\/p>\n\n\n\n<p class=\"base-block\">Estudantes e professores recebem $5 de cr\u00e9dito de b\u00f4nus em todos os cart\u00f5es de jogo comprados por $20 ou mais.  Valor de $25 para $20.<\/p>\n\n\n\n<p class=\"base-block\"><a href=\"https:\/\/www.santamonica.com\/pt\/coisas-para-fazer\/illusion-magic-lounge\/\">Illusion Magic Lounge<\/a><\/p>\n\n\n\n<p class=\"base-block\">50% de desconto em ingressos para nossos espet\u00e1culos noturnos Magic by the Sea (sextas e s\u00e1bados \u00e0 noite, \u00e0s 19h00) para alunos do ensino m\u00e9dio e suas fam\u00edlias.  \u00c9 necess\u00e1rio apresentar a carteira de estudante para solicitar a oferta.<\/p>\n\n\n\n<p class=\"base-block\"><a href=\"https:\/\/www.santamonica.com\/pt\/hoteis\/hotel-na-costa\/\">Hotel Shore <\/a><\/p>\n\n\n\n<p class=\"base-block\">Delicie-se com a eleg\u00e2ncia sem esfor\u00e7o do principal hotel boutique quatro estrelas de Santa Monica a uma tarifa comunit\u00e1ria exclusiva. De agora at\u00e9 o final do ano, saboreie um refinado ref\u00fagio litor\u00e2neo por $229\/noite, com isen\u00e7\u00e3o da taxa de destino como nossas boas-vindas pessoais. Acorde com a brisa do mar, caminhe at\u00e9 o ic\u00f4nico p\u00eder e relaxe em grande estilo com comodidades selecionadas e servi\u00e7os de alto n\u00edvel criados para tornar cada momento excepcional. Disponibilidade limitada - garanta sua escapada litor\u00e2nea hoje mesmo.<\/p>\n\n\n\n<p class=\"base-block\"><a href=\"https:\/\/www.santamonica.com\/pt\/coisas-para-fazer\/museu-de-historia-de-santa-monica\/\">Museu de Hist\u00f3ria de Santa M\u00f4nica<\/a><\/p>\n\n\n\n<p class=\"base-block\">Entrada gratuita para todos os estudantes durante o hor\u00e1rio normal de atendimento ao p\u00fablico<\/p>\n<\/div>\n<\/div>\n\n\n\n<p class=\"base-block\">Se voc\u00ea for uma empresa de Santa Monica e tiver promo\u00e7\u00f5es para o almo\u00e7o, descontos e\/ou ofertas para depois da aula para estender aos alunos, professores e corpo docente da SaMo e da Pali High, envie-os <a href=\"https:\/\/www.santamonica.com\/pt\/enviar-especiais-de-negocios-do-ensino-medio\/\">aqui.<\/a><\/p>","protected":false},"excerpt":{"rendered":"<p>The Curious Palate 10% off your order with proof of High school ID. Order online with promo code: HIGH SCHOOL* Offer only valid for students and faculty of Pali High School. Espresso Cielo Receive 10% off entire purchase with student or teacher ID. Seaside on the Pier \u2013 Santa Monica All Inclusive Menus of State Tax and service charge\u00a0 Surfs UP $28.00 all inclusive pricing \/ $21.17 Hang 10 $38.00 all inclusive \/ $28.73Big Kahuna $48.00 all inclusive \/ $36.29. Espresso Cielo 10% off entire purchase w\/ student or teacher ID. UGO 25% discount for both UGO locations on promenade. [\u2026]<\/p>\n","protected":false},"author":1421,"featured_media":765016,"parent":0,"menu_order":0,"comment_status":"closed","ping_status":"closed","template":"template-editorial.php","meta":{"_acf_changed":false,"inline_featured_image":false,"footnotes":""},"silos":[],"class_list":["post-765201","page","type-page","status-publish","has-post-thumbnail","hentry"],"acf":[],"_links":{"self":[{"href":"https:\/\/www.santamonica.com\/pt\/wp-json\/wp\/v2\/pages\/765201","targetHints":{"allow":["GET"]}}],"collection":[{"href":"https:\/\/www.santamonica.com\/pt\/wp-json\/wp\/v2\/pages"}],"about":[{"href":"https:\/\/www.santamonica.com\/pt\/wp-json\/wp\/v2\/types\/page"}],"author":[{"embeddable":true,"href":"https:\/\/www.santamonica.com\/pt\/wp-json\/wp\/v2\/users\/1421"}],"replies":[{"embeddable":true,"href":"https:\/\/www.santamonica.com\/pt\/wp-json\/wp\/v2\/comments?post=765201"}],"version-history":[{"count":88,"href":"https:\/\/www.santamonica.com\/pt\/wp-json\/wp\/v2\/pages\/765201\/revisions"}],"predecessor-version":[{"id":775397,"href":"https:\/\/www.santamonica.com\/pt\/wp-json\/wp\/v2\/pages\/765201\/revisions\/775397"}],"wp:featuredmedia":[{"embeddable":true,"href":"https:\/\/www.santamonica.com\/pt\/wp-json\/wp\/v2\/media\/765016"}],"wp:attachment":[{"href":"https:\/\/www.santamonica.com\/pt\/wp-json\/wp\/v2\/media?parent=765201"}],"wp:term":[{"taxonomy":"silos","embeddable":true,"href":"https:\/\/www.santamonica.com\/pt\/wp-json\/wp\/v2\/silos?post=765201"}],"curies":[{"name":"wp","href":"https:\/\/api.w.org\/{rel}","templated":true}]}}