{"id":764873,"date":"2025-04-04T09:27:15","date_gmt":"2025-04-04T16:27:15","guid":{"rendered":"https:\/\/www.santamonica.com\/?page_id=764873"},"modified":"2026-01-14T08:45:06","modified_gmt":"2026-01-14T16:45:06","slug":"solicitacao-de-proposta","status":"publish","type":"page","link":"https:\/\/www.santamonica.com\/pt\/request-for-proposal\/","title":{"rendered":"Solicita\u00e7\u00e3o de proposta"},"content":{"rendered":"<p class=\"base-block\">A Santa Monica Travel &amp; Tourism (SMTT) est\u00e1 convidando ag\u00eancias de turismo e de rela\u00e7\u00f5es p\u00fablicas qualificadas do Reino Unido e da Irlanda a enviar propostas para representar o destino.<br><br>Estamos buscando uma ag\u00eancia parceira colaborativa para ajudar a aumentar a visibilidade e a demanda de Santa Monica por meio de envolvimento comercial, rela\u00e7\u00f5es com a m\u00eddia, atividade de vendas, marketing cooperativo e percep\u00e7\u00f5es cont\u00ednuas do mercado. A ag\u00eancia selecionada trabalhar\u00e1 em estreita parceria com a SMTT e organiza\u00e7\u00f5es do setor, como a Visit California e a Brand USA, para aumentar a conscientiza\u00e7\u00e3o, inspirar viagens e fornecer resultados mensur\u00e1veis do Reino Unido e da Irlanda. As ag\u00eancias com experi\u00eancia relevante s\u00e3o incentivadas a analisar a RFP completa e enviar uma proposta que destaque sua estrat\u00e9gia, recursos e pre\u00e7os.<br><br>Principais detalhes da RFP:<br><br>- Prazo final para envio de propostas: 20 de fevereiro de 2026 \u00e0s 5:00pm PST<br>- Data de in\u00edcio do servi\u00e7o: 1\u00ba de julho de 2026<br>- Escopo do projeto: Representa\u00e7\u00e3o do com\u00e9rcio de viagens do Reino Unido e Irlanda, suporte a MICE, rela\u00e7\u00f5es p\u00fablicas, suporte ao consumidor\/digital, marketing cooperativo e relat\u00f3rios<br>- Dura\u00e7\u00e3o estimada: 1 ano com possibilidade de prorroga\u00e7\u00e3o por mais 1 ano<br><br><a href=\"https:\/\/www.santamonica.com\/wp-content\/uploads\/2025\/04\/SantaMonicacom-RFP.pdf\" target=\"_blank\" rel=\"noreferrer noopener\">Fazer<\/a><a href=\"https:\/\/www.santamonica.com\/wp-content\/uploads\/2026\/01\/FINAL-RFP-SMTT-UK-Ireland-2026-2027-2.pdf\" target=\"_blank\" rel=\"noreferrer noopener\">Fa\u00e7a o download do documento de RFP aqui.<\/a><br><br>Aguardamos seu contato.<\/p>\n\n\n<section class=\"travel-tips --theme7 sm-block base-block\">\n    <div class=\"travel-tips__inner\">\n        <div class=\"travel-tips__body-col\">\n                            <img decoding=\"async\" src=\"https:\/\/www.santamonica.com\/wp-content\/uploads\/2022\/06\/responsible-badge-1.svg\" alt=\"Viaje para Santa Monica com responsabilidade\" title=\"\">\n                                        <p class=\"travel-tips__intro\">Viaje de forma segura e sustent\u00e1vel para ajudar a manter a beleza de Santa Monica e, ao mesmo tempo, permanecer saud\u00e1vel com estas dicas.<\/p>\n                    <\/div>\n        <div class=\"travel-tips__links-col\">\n                        <div class=\"travel-tips__link-row\">\n                                    <img decoding=\"async\" src=\"https:\/\/www.santamonica.com\/wp-content\/uploads\/2022\/06\/Parking-Information.svg\" alt=\"Estacionamento em Santa Monica\" title=\"\">\n                                                    <a class=\"travel-tips__link\" href=\"https:\/\/www.santamonica.com\/pt\/transporte\/estacionamento\/\">\n                        Informa\u00e7\u00f5es sobre o estacionamento                    <\/a>\n                            <\/div>\n                        <div class=\"travel-tips__link-row\">\n                                    <img decoding=\"async\" src=\"https:\/\/www.santamonica.com\/wp-content\/uploads\/2022\/06\/What-to-Pack.svg\" alt=\"Como fazer as malas para uma viagem a Santa M\u00f4nica\" title=\"\">\n                                                    <a class=\"travel-tips__link\" href=\"https:\/\/www.santamonica.com\/pt\/experiencia-em-santa-monica\/o-que-levar-na-mala\/\">\n                        O que levar na mala                    <\/a>\n                            <\/div>\n                        <div class=\"travel-tips__link-row\">\n                                    <img decoding=\"async\" src=\"https:\/\/www.santamonica.com\/wp-content\/uploads\/2022\/06\/Health-and-Safety.svg\" alt=\"Dicas de seguran\u00e7a de viagem em Santa M\u00f4nica\" title=\"\">\n                                                    <a class=\"travel-tips__link\" href=\"https:\/\/www.santamonica.com\/pt\/experiencia-em-santa-monica\/seguranca\/\">\n                        Sa\u00fade e seguran\u00e7a                    <\/a>\n                            <\/div>\n                        <div class=\"travel-tips__link-row\">\n                                    <img decoding=\"async\" src=\"https:\/\/www.santamonica.com\/wp-content\/uploads\/2022\/06\/The-Essentials.svg\" alt=\"Itens essenciais para uma viagem a Santa M\u00f4nica\" title=\"\">\n                                                    <a class=\"travel-tips__link\" href=\"https:\/\/www.santamonica.com\/pt\/experiencia-em-santa-monica\/essenciais\/\">\n                        O essencial                    <\/a>\n                            <\/div>\n                    <\/div>\n\n    <\/div>\n<\/section>\n\n\n    <section class=\"booking-cta --theme5 sm-block\">\n    <div id=\"widget-container-2070\"><\/div>\n<script type=\"text\/javascript\">\n  (function() {\n    var script = document.createElement('script');\n    script.type = 'text\/javascript';\n    script.async = 'true';\n    script.src = \"https:\/\/admin.bookdirect.net\/hs4\/widgets\/2070.js?widget_element=widget-container-2070\";\n    document.body.appendChild(script);\n  })();\n<\/script>\n    <\/section>\n\n\n\n<section class=\"blog-feed --theme8 sm-block\">\n    <div class=\"blog-feed__content\">\n        <div class=\"blog-feed__intro\">\n                            <div class=\"blog-feed__eyebrow eyebrow\">Blogs<\/div>                                        <h1 class=\"blog-feed__headline\">Descubra Santa M\u00f4nica<\/h1>                                        <div class=\"blog-feed__body\"><p>Explore itiner\u00e1rios, dicas locais, pontos de interesse e aventuras selecionadas para garantir que voc\u00ea aproveite ao m\u00e1ximo sua experi\u00eancia em Santa Monica.<\/p>\n<\/div>\n                                        <a class=\"blog-feed__cta\" href=\"https:\/\/www.santamonica.com\/pt\/postagens-de-blog\/\">Ver todos os blogs<\/a>\n                    <\/div>\n\n        <ul class=\"blog-feed__list\">\n                                                <li class=\"blog-feed__item\">\n                        <a href=\"https:\/\/www.santamonica.com\/pt\/experience-santa-monica\/diverse-santa-monica-businesses\/\" class=\"blog-feed__item-link\">\n                            <div class=\"blog-feed__image-ratio\">\n                                <img decoding=\"async\" class=\"blog-feed__image\" src=\"https:\/\/www.santamonica.com\/wp-content\/uploads\/2020\/12\/Minority-Owned-Businesses-in-Santa-Monica-featured-400x400.jpg\" alt=\"Empresas que celebram a diversidade de Santa M\u00f4nica\" title=\"\">\n                            <\/div>\n                            <div class=\"blog-feed__card-title\">Empresas que celebram a diversidade de Santa M\u00f4nica<\/div>\n                        <\/a>\n                    <\/li>\n                                                                <li class=\"blog-feed__item\">\n                        <a href=\"https:\/\/www.santamonica.com\/pt\/shopping\/support-santa-monica-retail-and-buy-local\/\" class=\"blog-feed__item-link\">\n                            <div class=\"blog-feed__image-ratio\">\n                                <img decoding=\"async\" class=\"blog-feed__image\" src=\"https:\/\/www.santamonica.com\/wp-content\/uploads\/2020\/04\/Buy-Local-Santa-Monica-featured2-400x400.jpg\" alt=\"Apoie o varejo de Santa Monica e compre localmente\" title=\"\">\n                            <\/div>\n                            <div class=\"blog-feed__card-title\">Apoie o varejo de Santa Monica e compre localmente<\/div>\n                        <\/a>\n                    <\/li>\n                                                                <li class=\"blog-feed__item\">\n                        <a href=\"https:\/\/www.santamonica.com\/pt\/experience-santa-monica\/female-owned-businesses-flourish-in-santa-monica\/\" class=\"blog-feed__item-link\">\n                            <div class=\"blog-feed__image-ratio\">\n                                <img decoding=\"async\" class=\"blog-feed__image\" src=\"https:\/\/www.santamonica.com\/wp-content\/uploads\/2021\/03\/WomenOwnedBusiness_Featured-400x400.jpg\" alt=\"Empresas de propriedade de mulheres florescem em Santa Monica\" title=\"\">\n                            <\/div>\n                            <div class=\"blog-feed__card-title\">Empresas de propriedade de mulheres florescem em Santa Monica<\/div>\n                        <\/a>\n                    <\/li>\n                                    <\/ul>\n    <\/div>\n<\/section>","protected":false},"excerpt":{"rendered":"<p>We\u2019re seeking an experienced agency to manage the maintenance and ongoing development of our website, SantaMonica.com. We are looking for a long-term agency partner to support technical maintenance, feature development, SEO optimization, and integrations in our WordPress CMS with key platforms such as BookDirect and Simpleview. If your team is interested, we encourage you to review the full RFP linked below and submit a proposal (for one or both of these services: web development and\/or digital solutions like SEO) while outlining your approach, experience, and pricing. Key RFP Details: \u2022 Proposal Submission Deadline: April 17, 2025, by 5:00 PM PT\u2022 [\u2026]<\/p>\n","protected":false},"author":1421,"featured_media":764874,"parent":0,"menu_order":0,"comment_status":"closed","ping_status":"closed","template":"","meta":{"_acf_changed":false,"inline_featured_image":false,"footnotes":""},"silos":[],"class_list":["post-764873","page","type-page","status-publish","has-post-thumbnail","hentry"],"acf":[],"_links":{"self":[{"href":"https:\/\/www.santamonica.com\/pt\/wp-json\/wp\/v2\/pages\/764873","targetHints":{"allow":["GET"]}}],"collection":[{"href":"https:\/\/www.santamonica.com\/pt\/wp-json\/wp\/v2\/pages"}],"about":[{"href":"https:\/\/www.santamonica.com\/pt\/wp-json\/wp\/v2\/types\/page"}],"author":[{"embeddable":true,"href":"https:\/\/www.santamonica.com\/pt\/wp-json\/wp\/v2\/users\/1421"}],"replies":[{"embeddable":true,"href":"https:\/\/www.santamonica.com\/pt\/wp-json\/wp\/v2\/comments?post=764873"}],"version-history":[{"count":18,"href":"https:\/\/www.santamonica.com\/pt\/wp-json\/wp\/v2\/pages\/764873\/revisions"}],"predecessor-version":[{"id":781719,"href":"https:\/\/www.santamonica.com\/pt\/wp-json\/wp\/v2\/pages\/764873\/revisions\/781719"}],"wp:featuredmedia":[{"embeddable":true,"href":"https:\/\/www.santamonica.com\/pt\/wp-json\/wp\/v2\/media\/764874"}],"wp:attachment":[{"href":"https:\/\/www.santamonica.com\/pt\/wp-json\/wp\/v2\/media?parent=764873"}],"wp:term":[{"taxonomy":"silos","embeddable":true,"href":"https:\/\/www.santamonica.com\/pt\/wp-json\/wp\/v2\/silos?post=764873"}],"curies":[{"name":"wp","href":"https:\/\/api.w.org\/{rel}","templated":true}]}}