{"id":410427,"date":"2024-04-17T12:50:52","date_gmt":"2024-04-17T19:50:52","guid":{"rendered":"https:\/\/www.santamonica.com\/?page_id=410427"},"modified":"2025-06-20T09:17:33","modified_gmt":"2025-06-20T16:17:33","slug":"2025-tourism-summit-follow-up","status":"publish","type":"page","link":"https:\/\/www.santamonica.com\/pt\/2024-tourism-summit-follow-up\/","title":{"rendered":"Acompanhamento da C\u00fapula de Turismo de 2025"},"content":{"rendered":"<div class=\"wp-block-columns is-layout-flex wp-container-core-columns-is-layout-28f84493 wp-block-columns-is-layout-flex base-block\">\n<div class=\"wp-block-column is-layout-flow wp-block-column-is-layout-flow base-block\">\n<h5 class=\"wp-block-heading has-text-align-center base-block\" style=\"text-transform:none\"><a href=\"https:\/\/www.santamonica.com\/wp-content\/uploads\/2025\/06\/Tourism-Summit-PPT-2025.pdf\" target=\"_blank\" rel=\"noreferrer noopener\">Apresenta\u00e7\u00e3o da C\u00fapula de Turismo<\/a><\/h5>\n\n\n\n<p class=\"base-block\"><\/p>\n<\/div>\n\n\n\n<div class=\"wp-block-column is-layout-flow wp-block-column-is-layout-flow base-block\">\n<h5 class=\"wp-block-heading has-text-align-center base-block\" style=\"text-transform:none\"><a href=\"https:\/\/www.santamonica.com\/wp-content\/uploads\/2025\/06\/SMTT_FYR_2024-5.pdf\" target=\"_blank\" rel=\"noreferrer noopener\">Relat\u00f3rio do ano fiscal de 2024\/2025<\/a><\/h5>\n<\/div>\n\n\n\n<div class=\"wp-block-column is-layout-flow wp-block-column-is-layout-flow base-block\">\n<h5 class=\"wp-block-heading has-text-align-center base-block\" style=\"text-transform:none\"><a href=\"https:\/\/www.santamonica.com\/wp-content\/uploads\/2025\/06\/2-Page-Economic-Impact-20241-1.pdf\" target=\"_blank\" rel=\"noreferrer noopener\">Relat\u00f3rio de impacto econ\u00f4mico de 2024<\/a><\/h5>\n\n\n\n<p class=\"base-block\">Um relat\u00f3rio completo est\u00e1 dispon\u00edvel por um custo de $600 cada, mediante solicita\u00e7\u00e3o. Envie um e-mail para&nbsp;<a href=\"mailto:eedwards@santamonica.com\">eedwards@santamonica.com<\/a>.<\/p>\n<\/div>\n<\/div>\n\n\n\n<section class=\"two-images container-max sm-block  sm-block\">\n    <div class=\"two-images__container\">\n\n        <div class=\"two-images__column\">\n            <div class=\"two-images__content\">\n                <div class=\"two-images__content-header-container\">\n                                            <h1 class=\"two-images__content-header\">Pr\u00eamio Thelma Parks de Esp\u00edrito Tur\u00edstico<\/h1>                                    <\/div>\n                                    <div class=\"two-images__content-body wysiwyg\">\n                        <p><strong>Parab\u00e9ns, Chef Vittorio Lucariello! <\/strong><\/p>\n<p>O Chef Vittorio Lucariello lidera habilmente as opera\u00e7\u00f5es culin\u00e1rias no Shutters on the Beach e serve calorosamente os clientes no Coast, The Living Room e 1 Pico, enquanto dedica seu tempo livre para apoiar apaixonadamente a comunidade por meio de voluntariado e orienta\u00e7\u00e3o.<\/p>\n<p><a href=\"https:\/\/www.santamonica.com\/pt\/premio-spirit\/\" target=\"_blank\" rel=\"noopener\">Veja os vencedores anteriores.\u00a0<\/a><\/p>\n                    <\/div>\n                                            <\/div>\n        <\/div>\n\n        <div class=\"two-images__column\">\n                            <div class=\"two-images__image-container\">\n                    <img decoding=\"async\" width=\"424\" height=\"504\" src=\"https:\/\/www.santamonica.com\/wp-content\/uploads\/2025\/06\/Adobe-Express-file-2.jpg\" class=\"two-images__image\" alt=\"\" loading=\"lazy\" srcset=\"https:\/\/www.santamonica.com\/wp-content\/uploads\/2025\/06\/Adobe-Express-file-2.jpg 424w, https:\/\/www.santamonica.com\/wp-content\/uploads\/2025\/06\/Adobe-Express-file-2-252x300.jpg 252w, https:\/\/www.santamonica.com\/wp-content\/uploads\/2025\/06\/Adobe-Express-file-2-126x150.jpg 126w\" sizes=\"auto, (max-width: 424px) 100vw, 424px\" title=\"\">                    \n\n                <\/div>\n                    <\/div>\n\n        <div class=\"two-images__column\">\n                            <div class=\"two-images__image-container\">\n                    <img decoding=\"async\" width=\"600\" height=\"564\" src=\"https:\/\/www.santamonica.com\/wp-content\/uploads\/2025\/06\/Adobe-Express-file-2-copy-2.jpg\" class=\"two-images__image\" alt=\"\" loading=\"lazy\" srcset=\"https:\/\/www.santamonica.com\/wp-content\/uploads\/2025\/06\/Adobe-Express-file-2-copy-2.jpg 600w, https:\/\/www.santamonica.com\/wp-content\/uploads\/2025\/06\/Adobe-Express-file-2-copy-2-300x282.jpg 300w, https:\/\/www.santamonica.com\/wp-content\/uploads\/2025\/06\/Adobe-Express-file-2-copy-2-160x150.jpg 160w\" sizes=\"auto, (max-width: 600px) 100vw, 600px\" title=\"\">                    \n\n                <\/div>\n                    <\/div>\n\n    <\/div>\n<\/section>\n\n\n<section class=\"image-slider --theme1 sm-block\" >\n    <div class=\"image-slider__wrapper\">\n                    <div class=\"image-slider__copy wysiwyg\"><h3><strong>Pr\u00eamio Jeff King Tourism Champion<\/strong><\/h3>\n<p><strong>Parab\u00e9ns, Departamento de Pol\u00edcia de Santa M\u00f4nica, Corpo de Bombeiros de Santa M\u00f4nica e Escrit\u00f3rio de Gerenciamento de Emerg\u00eancias de Santa M\u00f4nica!<\/strong><\/p>\n<p>Esses her\u00f3is foram homenageados por seu apoio inabal\u00e1vel e trabalho incans\u00e1vel para manter nossa comunidade segura durante os inc\u00eandios florestais de Los Angeles, mantendo os mais altos padr\u00f5es para equipes de emerg\u00eancia em todos os lugares.<\/p>\n<\/div>\n                <div class=\"image-slider__slider right\">\n                            <!-- Slider main container -->\n                <div class=\"swiper\">\n                    <!-- Additional required wrapper -->\n                    <div class=\"swiper-wrapper\">\n                        <!-- Slides -->\n                                                    <div class=\"swiper-slide\">\n                                <img decoding=\"async\" width=\"1024\" height=\"580\" src=\"https:\/\/www.santamonica.com\/wp-content\/uploads\/2025\/06\/JeffKing_2025.png\" class=\"swiper-slide__image\" alt=\"\" loading=\"lazy\" srcset=\"https:\/\/www.santamonica.com\/wp-content\/uploads\/2025\/06\/JeffKing_2025.png 1024w, https:\/\/www.santamonica.com\/wp-content\/uploads\/2025\/06\/JeffKing_2025-300x170.png 300w, https:\/\/www.santamonica.com\/wp-content\/uploads\/2025\/06\/JeffKing_2025-265x150.png 265w, https:\/\/www.santamonica.com\/wp-content\/uploads\/2025\/06\/JeffKing_2025-768x435.png 768w\" sizes=\"auto, (max-width: 1024px) 100vw, 1024px\" title=\"\">                                \n\n                            <\/div>\n                                            <\/div>\n                                    <\/div>\n                    <\/div>\n    <\/div>\n<\/section>\n\n\n<section class=\"image-slider --theme1 sm-block\" >\n    <div class=\"image-slider__wrapper\">\n                    <div class=\"image-slider__copy wysiwyg\"><h2>Obrigado a todos!<\/h2>\n<p>Obrigado por se juntar a n\u00f3s no evento deste ano!<\/p>\n<p>Gostar\u00edamos de agradecer aos nossos apresentadores e fornecedores e aos nossos belos anfitri\u00f5es do local, toda a equipe da<span class=\"apple-converted-space\"> Clube Jonathan<\/span>.<\/p>\n<\/div>\n                <div class=\"image-slider__slider left\">\n                            <!-- Slider main container -->\n                <div class=\"swiper\">\n                    <!-- Additional required wrapper -->\n                    <div class=\"swiper-wrapper\">\n                        <!-- Slides -->\n                                                    <div class=\"swiper-slide\">\n                                <img decoding=\"async\" width=\"940\" height=\"700\" src=\"https:\/\/www.santamonica.com\/wp-content\/uploads\/2025\/04\/Jonathan-Club_940x700.jpg\" class=\"swiper-slide__image\" alt=\"\" loading=\"lazy\" srcset=\"https:\/\/www.santamonica.com\/wp-content\/uploads\/2025\/04\/Jonathan-Club_940x700.jpg 940w, https:\/\/www.santamonica.com\/wp-content\/uploads\/2025\/04\/Jonathan-Club_940x700-300x223.jpg 300w, https:\/\/www.santamonica.com\/wp-content\/uploads\/2025\/04\/Jonathan-Club_940x700-201x150.jpg 201w, https:\/\/www.santamonica.com\/wp-content\/uploads\/2025\/04\/Jonathan-Club_940x700-768x572.jpg 768w\" sizes=\"auto, (max-width: 940px) 100vw, 940px\" title=\"\">                                \n\n                            <\/div>\n                                            <\/div>\n                                    <\/div>\n                    <\/div>\n    <\/div>\n<\/section>\n\n\n<section class=\"image-slider --theme1 sm-block\" >\n    <div class=\"image-slider__wrapper\">\n                    <div class=\"image-slider__copy wysiwyg\"><h2>Formas de parceria com a SMTT<\/h2>\n<p>Saiba como\u00a0<a href=\"https:\/\/www.santamonica.com\/pt\/parceiros\/promover-sua-empresa\/\">parceria com a SMTT<\/a>\u00a0e promover sua empresa na comunidade local e fora dela.<\/p>\n<\/div>\n                <div class=\"image-slider__slider right\">\n                            <!-- Slider main container -->\n                <div class=\"swiper\">\n                    <!-- Additional required wrapper -->\n                    <div class=\"swiper-wrapper\">\n                        <!-- Slides -->\n                                                    <div class=\"swiper-slide\">\n                                <img decoding=\"async\" width=\"1024\" height=\"576\" src=\"https:\/\/www.santamonica.com\/wp-content\/uploads\/2025\/06\/17-1024x576.jpg\" class=\"swiper-slide__image\" alt=\"\" loading=\"lazy\" srcset=\"https:\/\/www.santamonica.com\/wp-content\/uploads\/2025\/06\/17-1024x576.jpg 1024w, https:\/\/www.santamonica.com\/wp-content\/uploads\/2025\/06\/17-300x169.jpg 300w, https:\/\/www.santamonica.com\/wp-content\/uploads\/2025\/06\/17-267x150.jpg 267w, https:\/\/www.santamonica.com\/wp-content\/uploads\/2025\/06\/17-768x432.jpg 768w, https:\/\/www.santamonica.com\/wp-content\/uploads\/2025\/06\/17-1536x864.jpg 1536w, https:\/\/www.santamonica.com\/wp-content\/uploads\/2025\/06\/17-2048x1152.jpg 2048w\" sizes=\"auto, (max-width: 1024px) 100vw, 1024px\" title=\"\">                                \n\n                            <\/div>\n                                            <\/div>\n                                    <\/div>\n                    <\/div>\n    <\/div>\n<\/section>\n\n\n<section class=\"sun-title sm-block --theme6 --2col sm-block\">\n            <h5 class=\"sun-title__headline\">Visite os materiais da Calif\u00f3rnia<\/h5>    \n            <div class=\"sun-title__body  --2col wysiwyg\">\n                    <div class=\"column-1\">\n                <h5><a style=\"text-transform: capitalize;\" href=\"https:\/\/www.nxtbook.com\/nxtbooks\/time\/california_vg2025\/index.php#\/p\/Intro\" target=\"_blank\" rel=\"noopener\">Guia do visitante da Calif\u00f3rnia<\/a><\/h5>\n                            <\/div>\n            <div class=\"column-2\">\n                <h5><a style=\"text-transform: capitalize;\" href=\"https:\/\/reader.emagazines.com\/issue\/visit-california\/california-road-trips-2025?ipt=a3a3d22c-0b81-4fa2-ae9c-311bc3b7f7b3#p1\" target=\"_blank\" rel=\"noopener\">Guia de viagens rodovi\u00e1rias pela Calif\u00f3rnia<\/a><\/h5>\n                            <\/div>\n            <\/div>\n    <\/section>\n\n\n\n<p class=\"base-block\"><\/p>\n\n\n<section class=\"blog-feed --theme8 sm-block\">\n    <div class=\"blog-feed__content\">\n        <div class=\"blog-feed__intro\">\n                            <div class=\"blog-feed__eyebrow eyebrow\">Blogs<\/div>                                        <h2 class=\"blog-feed__headline\">Descubra Santa M\u00f4nica<\/h2>                                        <div class=\"blog-feed__body\"><p>Explore itiner\u00e1rios, dicas locais, pontos de interesse e aventuras selecionadas para garantir que voc\u00ea aproveite ao m\u00e1ximo sua experi\u00eancia em Santa Monica.<\/p>\n<\/div>\n                                        <a class=\"blog-feed__cta\" href=\"https:\/\/www.santamonica.com\/pt\/postagens-de-blog\/\">Ver todos os blogs<\/a>\n                    <\/div>\n\n        <ul class=\"blog-feed__list\">\n                                                <li class=\"blog-feed__item\">\n                        <a href=\"https:\/\/www.santamonica.com\/pt\/mother-road-modern-meetings-route-66-meeting-spaces-set-to-shine-for-centennial-in-santa-monica\/\" class=\"blog-feed__item-link\">\n                            <div class=\"blog-feed__image-ratio\">\n                                <img decoding=\"async\" class=\"blog-feed__image\" src=\"https:\/\/www.santamonica.com\/wp-content\/uploads\/2025\/12\/untitledJuly20162C2020180010-182-2-400x400.jpg\" alt=\"ESTRADA M\u00c3E, REUNI\u00d5ES MODERNAS: ESPA\u00c7OS PARA REUNI\u00d5ES DA ROTA 66 PREPARADOS PARA BRILHAR NO CENTEN\u00c1RIO EM SANTA M\u00d4NICA\" title=\"\">\n                            <\/div>\n                            <div class=\"blog-feed__card-title\">ESTRADA M\u00c3E, REUNI\u00d5ES MODERNAS: ESPA\u00c7OS PARA REUNI\u00d5ES DA ROTA 66 PREPARADOS PARA BRILHAR NO CENTEN\u00c1RIO EM SANTA M\u00d4NICA<\/div>\n                        <\/a>\n                    <\/li>\n                                                                <li class=\"blog-feed__item\">\n                        <a href=\"https:\/\/www.santamonica.com\/pt\/media\/news-release\/santa-monica-announces-song-contest-in-celebration-of-route-66-centennial\/\" class=\"blog-feed__item-link\">\n                            <div class=\"blog-feed__image-ratio\">\n                                <img decoding=\"async\" class=\"blog-feed__image\" src=\"https:\/\/www.santamonica.com\/wp-content\/uploads\/2025\/11\/DSC01084-400x400.jpg\" alt=\"SANTA MONICA ANUNCIA CONCURSO DE M\u00daSICA EM COMEMORA\u00c7\u00c3O AO CENTEN\u00c1RIO DA ROTA 66\" title=\"\">\n                            <\/div>\n                            <div class=\"blog-feed__card-title\">SANTA MONICA ANUNCIA CONCURSO DE M\u00daSICA EM COMEMORA\u00c7\u00c3O AO CENTEN\u00c1RIO DA ROTA 66<\/div>\n                        <\/a>\n                    <\/li>\n                                                                <li class=\"blog-feed__item\">\n                        <a href=\"https:\/\/www.santamonica.com\/pt\/media\/news-release\/where-to-watch-the-world-series-in-santa-monica\/\" class=\"blog-feed__item-link\">\n                            <div class=\"blog-feed__image-ratio\">\n                                <img decoding=\"async\" class=\"blog-feed__image\" src=\"https:\/\/www.santamonica.com\/wp-content\/uploads\/2025\/10\/dodgers-logo-1-400x400.jpg\" alt=\"ONDE ASSISTIR \u00c0 S\u00c9RIE MUNDIAL EM SANTA MONICA\" title=\"\">\n                            <\/div>\n                            <div class=\"blog-feed__card-title\">ONDE ASSISTIR \u00c0 S\u00c9RIE MUNDIAL EM SANTA MONICA<\/div>\n                        <\/a>\n                    <\/li>\n                                    <\/ul>\n    <\/div>\n<\/section>","protected":false},"excerpt":{"rendered":"<p>Tourism Summit Presentation 2024\/2025 Fiscal Year Report 2024 Economic Impact Report A full report is available for a cost of $600 each upon request. Please email&nbsp;eedwards@santamonica.com.<\/p>","protected":false},"author":1421,"featured_media":767847,"parent":0,"menu_order":0,"comment_status":"closed","ping_status":"closed","template":"template-editorial.php","meta":{"_acf_changed":false,"inline_featured_image":false,"footnotes":""},"silos":[],"class_list":["post-410427","page","type-page","status-publish","has-post-thumbnail","hentry"],"acf":[],"_links":{"self":[{"href":"https:\/\/www.santamonica.com\/pt\/wp-json\/wp\/v2\/pages\/410427","targetHints":{"allow":["GET"]}}],"collection":[{"href":"https:\/\/www.santamonica.com\/pt\/wp-json\/wp\/v2\/pages"}],"about":[{"href":"https:\/\/www.santamonica.com\/pt\/wp-json\/wp\/v2\/types\/page"}],"author":[{"embeddable":true,"href":"https:\/\/www.santamonica.com\/pt\/wp-json\/wp\/v2\/users\/1421"}],"replies":[{"embeddable":true,"href":"https:\/\/www.santamonica.com\/pt\/wp-json\/wp\/v2\/comments?post=410427"}],"version-history":[{"count":142,"href":"https:\/\/www.santamonica.com\/pt\/wp-json\/wp\/v2\/pages\/410427\/revisions"}],"predecessor-version":[{"id":767853,"href":"https:\/\/www.santamonica.com\/pt\/wp-json\/wp\/v2\/pages\/410427\/revisions\/767853"}],"wp:featuredmedia":[{"embeddable":true,"href":"https:\/\/www.santamonica.com\/pt\/wp-json\/wp\/v2\/media\/767847"}],"wp:attachment":[{"href":"https:\/\/www.santamonica.com\/pt\/wp-json\/wp\/v2\/media?parent=410427"}],"wp:term":[{"taxonomy":"silos","embeddable":true,"href":"https:\/\/www.santamonica.com\/pt\/wp-json\/wp\/v2\/silos?post=410427"}],"curies":[{"name":"wp","href":"https:\/\/api.w.org\/{rel}","templated":true}]}}