{"id":405546,"date":"2024-03-08T10:46:26","date_gmt":"2024-03-08T18:46:26","guid":{"rendered":"https:\/\/www.santamonica.com\/?page_id=405546"},"modified":"2024-05-06T12:06:44","modified_gmt":"2024-05-06T19:06:44","slug":"partyonthepier","status":"publish","type":"page","link":"https:\/\/www.santamonica.com\/pt\/partyonthepier\/","title":{"rendered":"Festa da IPW no p\u00eder 2024"},"content":{"rendered":"<h3 class=\"wp-block-heading has-text-align-center base-block\"><em>As confirma\u00e7\u00f5es de presen\u00e7a j\u00e1 est\u00e3o encerradas.<\/em><\/h3>\n\n\n<section class=\"sun-title sm-block --theme6 --2col sm-block\">\n            <h2 class=\"sun-title__headline\">Informa\u00e7\u00f5es sobre o evento<\/h2>    \n            <div class=\"sun-title__body  --2col wysiwyg\">\n                    <div class=\"column-1\">\n                <p><strong>Datas<br \/>\n<\/strong>Domingo, 5 de maio de 2024<br \/>\nSegunda-feira, 6 de maio de 2024<strong><br \/>\n<\/strong><\/p>\n<p><strong>Tempo<br \/>\n<\/strong>6:00 p.m. - 9:30 p.m.<\/p>\n<p><strong>Localiza\u00e7\u00e3o<br \/>\n<\/strong>P\u00eder de Santa M\u00f4nica<br \/>\n200 P\u00eder de Santa M\u00f4nica<br \/>\nSanta M\u00f4nica, CA 90401<\/p>\n                            <\/div>\n            <div class=\"column-2\">\n                <p><strong>Detalhes do evento<br \/>\n<\/strong>Traga seu crach\u00e1 da IPW, use roupas e sapatos confort\u00e1veis, como t\u00eanis ou sapatilhas (saltos altos n\u00e3o s\u00e3o recomendados para o nosso p\u00eder de madeira) e traga um casaco, pois a brisa fresca do mar esfria \u00e0 noite. Ao chegar ao P\u00eder de Santa Monica, siga as placas para fazer o check-in e receber vouchers para trocar por experi\u00eancias no p\u00eder! Cada noite oferecer\u00e1 as mesmas experi\u00eancias, portanto, n\u00e3o se preocupe se voc\u00ea s\u00f3 puder ir uma noite - voc\u00ea n\u00e3o perder\u00e1 nada!<\/p>\n<p><strong>Rifa RSVP<br \/>\n<\/strong>Se ambos confirmarem a presen\u00e7a <strong>E<\/strong> Ao fazer o check-in na Party on the Pier, voc\u00ea estar\u00e1 automaticamente concorrendo a uma chance de ganhar uma experi\u00eancia em quatro hot\u00e9is exclusivos por um total de 7 noites em Santa Monica, $1.500 em cr\u00e9dito para passagens a\u00e9reas, experi\u00eancias culin\u00e1rias, aulas de surfe e muito mais!<\/p>\n<p><em>O vencedor ser\u00e1 sorteado entre os participantes ap\u00f3s o evento e notificado por e-mail. Os certificados do hotel s\u00e3o v\u00e1lidos por um ano e podem ser usados em visitas separadas.<\/em><\/p>\n                            <\/div>\n            <\/div>\n    <\/section>\n\n\n<section class=\"sun-title sm-block --theme1 sm-block\">\n            <h2 class=\"sun-title__headline\">Transporte<\/h2>    \n            <div class=\"sun-title__body  wysiwyg\">\n                    <p>A Santa Monica Travel &amp; Tourism ter\u00e1 \u00f4nibus gratuitos de ida e volta saindo do centro de Los Angeles para o P\u00eder de Santa Monica a partir das 17h20 e retornando ao centro de Los Angeles aproximadamente a cada 30 minutos. Consulte os hor\u00e1rios dos \u00f4nibus abaixo.<\/p>\n<p><a href=\"https:\/\/www.metro.net\/riding\/guide\/how-ride-rail\/\" target=\"_blank\" rel=\"noopener\">O metr\u00f4 de Los Angeles<\/a> tamb\u00e9m \u00e9 uma op\u00e7\u00e3o r\u00e1pida e f\u00e1cil! A esta\u00e7\u00e3o de metr\u00f4 mais pr\u00f3xima do Los Angeles Convention Center fica a apenas uma quadra do California Plaza (1250 Flower Street) - menos de 5 minutos de caminhada - e os cart\u00f5es TAP podem ser comprados nas m\u00e1quinas de venda autom\u00e1tica da esta\u00e7\u00e3o ou no <a href=\"https:\/\/www.taptogo.net\/articles\/en_US\/Website_content\/TAP-App\" target=\"_blank\" rel=\"noopener\">Aplicativo TAP<\/a> (a tarifa de ida e volta \u00e9 $3,50).<\/p>\n<p>Pegue o metr\u00f4 at\u00e9 a parada Downtown Santa Monica e o Pier fica a 5 minutos de caminhada, com uma vista acolhedora da ic\u00f4nica placa do Santa Monica Pier.<\/p>\n<p><em>Envie um e-mail para clientservices@santamonica.com se voc\u00ea precisar de acomoda\u00e7\u00f5es ADA.<\/em><\/p>\n                        <\/div>\n    <\/section>\n\n\n\n<h4 class=\"wp-block-heading has-text-align-center base-block\">HOR\u00c1RIO DO TRASLADO<\/h4>\n\n\n\n<div class=\"wp-block-columns is-layout-flex wp-container-core-columns-is-layout-28f84493 wp-block-columns-is-layout-flex base-block\">\n<div class=\"wp-block-column is-layout-flow wp-block-column-is-layout-flow base-block\">\n<p class=\"base-block\"><strong><u>SEGUNDA-FEIRA<\/u><span style=\"text-decoration: underline;\">, 6 DE MAIO<\/span><\/strong><\/p>\n\n\n\n<p class=\"base-block\"><strong>Centro de Conven\u00e7\u00f5es de Los Angeles - Gilbert Lindsay Plaza<\/strong> (use tamb\u00e9m para o AC Hotel e o Moxy Downtown Los Angeles):&nbsp;<strong>17h20min, 17h45min, 18h.<\/strong><\/p>\n\n\n\n<p class=\"base-block\"><strong>JW Marriott LA LIVE<\/strong> (use tamb\u00e9m para The Ritz-Carlton, Residence Inn by Marriott, Courtyard by Marriott, Hotel Indigo, Hotel Figueroa, E-Central Downtown Los Angeles):&nbsp;<strong>17:30, 17:45, 18:00, 19:00, 19:20, 19:25, 19:45, 20:10.<\/strong><\/p>\n\n\n\n<p class=\"base-block\"><strong>InterContinental Los Angeles Downtown<\/strong> (use tamb\u00e9m para o Sheraton Grand Los Angeles):&nbsp;<strong>17h45min, 17h50min, 17h55min, 18h55min, 19h15min, 19h20min, 19h40min, 20h05min.<\/strong><\/p>\n\n\n\n<p class=\"base-block\"><strong>Hilton Checkers Los Angeles<\/strong> (use tamb\u00e9m para The Biltmore Los Angeles, Hotel Per La, The Delphi Downtown LA, The Westin Bonaventure, Level Los Angeles Downtown South Olive):&nbsp;<strong>17h40, 17h50, 19h10, 19h20, 19h25, 19h35, 20h.<\/strong><\/p>\n\n\n\n<p class=\"base-block\"><strong>Omni Los Angeles<\/strong> (use tamb\u00e9m para o citizenM Los Angeles Downtown, Conrad Los Angeles):&nbsp;<strong>17h40min, 17h45min, 19h05min, 19h15min, 19h20min, 19h30min, 19h55min.<\/strong><\/p>\n\n\n\n<p class=\"base-block\"><strong>As viagens de ida e volta do p\u00eder partem aproximadamente a cada 30 minutos e retornam ao Moxy Downtown Los Angeles, JW Marriott LA LIVE, InterContinental Los Angeles Downtown, Hilton Checkers e Omni Los Angeles.&nbsp;<\/strong><\/p>\n<\/div>\n<\/div>\n\n\n<section class=\"image-slider --theme1 sm-block\" >\n    <div class=\"image-slider__wrapper\">\n                    <div class=\"image-slider__copy wysiwyg\"><h5><strong>N\u00e3o perca a divers\u00e3o em Santa Monica! RSVP abaixo para:<\/strong><\/h5>\n<ul>\n<li>Experimente a Pacific Wheel do Pacific Park, a \u00fanica roda-gigante movida a energia solar do mundo<\/li>\n<li>Jogue divertidos jogos de fliperama no Playland Arcade e jogos de carnaval no Pacific Park<\/li>\n<li>Veja como os alunos de artes a\u00e9reas voam pelos ares com a Santa Monica Trapeze School (sess\u00f5es \u00e0s 19h00 e 20h45, todas as noites)<\/li>\n<li>Tire uma foto com a ic\u00f4nica placa End of the Trail da Rota 66<\/li>\n<li>Aproveite ofertas e descontos especiais em v\u00e1rios estabelecimentos comerciais do Pier, como 50% de desconto em tudo no Pier Visitor Center e aluguel gratuito de bicicletas na Blazing Saddles<\/li>\n<\/ul>\n<p><!-- wp:paragraph {\"align\":\"left\"} --><\/p>\n<p><!-- \/wp:list-item --><\/p>\n<p><!-- \/wp:list --><\/p>\n<\/div>\n                <div class=\"image-slider__slider right\">\n                            <!-- Slider main container -->\n                <div class=\"swiper js-image-slider\">\n                    <!-- Additional required wrapper -->\n                    <div class=\"swiper-wrapper\">\n                        <!-- Slides -->\n                                                    <div class=\"swiper-slide\">\n                                <img decoding=\"async\" width=\"1024\" height=\"683\" src=\"https:\/\/www.santamonica.com\/wp-content\/uploads\/2024\/04\/O5C5508-1024x683.jpg\" class=\"swiper-slide__image\" alt=\"\" loading=\"lazy\" srcset=\"https:\/\/www.santamonica.com\/wp-content\/uploads\/2024\/04\/O5C5508-1024x683.jpg 1024w, https:\/\/www.santamonica.com\/wp-content\/uploads\/2024\/04\/O5C5508-300x200.jpg 300w, https:\/\/www.santamonica.com\/wp-content\/uploads\/2024\/04\/O5C5508-225x150.jpg 225w, https:\/\/www.santamonica.com\/wp-content\/uploads\/2024\/04\/O5C5508-768x512.jpg 768w, https:\/\/www.santamonica.com\/wp-content\/uploads\/2024\/04\/O5C5508-1536x1024.jpg 1536w, https:\/\/www.santamonica.com\/wp-content\/uploads\/2024\/04\/O5C5508-2048x1365.jpg 2048w\" sizes=\"auto, (max-width: 1024px) 100vw, 1024px\" title=\"\">                                \n\n                            <\/div>\n                                                    <div class=\"swiper-slide\">\n                                <img decoding=\"async\" width=\"1024\" height=\"683\" src=\"https:\/\/www.santamonica.com\/wp-content\/uploads\/2024\/04\/untitledJuly-16-20180011-419-1024x683.jpg\" class=\"swiper-slide__image\" alt=\"\" loading=\"lazy\" srcset=\"https:\/\/www.santamonica.com\/wp-content\/uploads\/2024\/04\/untitledJuly-16-20180011-419-1024x683.jpg 1024w, https:\/\/www.santamonica.com\/wp-content\/uploads\/2024\/04\/untitledJuly-16-20180011-419-300x200.jpg 300w, https:\/\/www.santamonica.com\/wp-content\/uploads\/2024\/04\/untitledJuly-16-20180011-419-225x150.jpg 225w, https:\/\/www.santamonica.com\/wp-content\/uploads\/2024\/04\/untitledJuly-16-20180011-419-768x512.jpg 768w, https:\/\/www.santamonica.com\/wp-content\/uploads\/2024\/04\/untitledJuly-16-20180011-419-1536x1024.jpg 1536w, https:\/\/www.santamonica.com\/wp-content\/uploads\/2024\/04\/untitledJuly-16-20180011-419-2048x1365.jpg 2048w\" sizes=\"auto, (max-width: 1024px) 100vw, 1024px\" title=\"\">                                \n\n                            <\/div>\n                                                    <div class=\"swiper-slide\">\n                                <img decoding=\"async\" width=\"1024\" height=\"683\" src=\"https:\/\/www.santamonica.com\/wp-content\/uploads\/2024\/04\/untitledJuly-16-20180010-854-1-1024x683.jpg\" class=\"swiper-slide__image\" alt=\"\" loading=\"lazy\" srcset=\"https:\/\/www.santamonica.com\/wp-content\/uploads\/2024\/04\/untitledJuly-16-20180010-854-1-1024x683.jpg 1024w, https:\/\/www.santamonica.com\/wp-content\/uploads\/2024\/04\/untitledJuly-16-20180010-854-1-300x200.jpg 300w, https:\/\/www.santamonica.com\/wp-content\/uploads\/2024\/04\/untitledJuly-16-20180010-854-1-225x150.jpg 225w, https:\/\/www.santamonica.com\/wp-content\/uploads\/2024\/04\/untitledJuly-16-20180010-854-1-768x512.jpg 768w, https:\/\/www.santamonica.com\/wp-content\/uploads\/2024\/04\/untitledJuly-16-20180010-854-1-1536x1024.jpg 1536w, https:\/\/www.santamonica.com\/wp-content\/uploads\/2024\/04\/untitledJuly-16-20180010-854-1-2048x1365.jpg 2048w\" sizes=\"auto, (max-width: 1024px) 100vw, 1024px\" title=\"\">                                \n\n                            <\/div>\n                                                    <div class=\"swiper-slide\">\n                                <img decoding=\"async\" width=\"1024\" height=\"683\" src=\"https:\/\/www.santamonica.com\/wp-content\/uploads\/2024\/04\/untitledJuly-17-20180010-828-1024x683.jpg\" class=\"swiper-slide__image\" alt=\"\" loading=\"lazy\" srcset=\"https:\/\/www.santamonica.com\/wp-content\/uploads\/2024\/04\/untitledJuly-17-20180010-828-1024x683.jpg 1024w, https:\/\/www.santamonica.com\/wp-content\/uploads\/2024\/04\/untitledJuly-17-20180010-828-300x200.jpg 300w, https:\/\/www.santamonica.com\/wp-content\/uploads\/2024\/04\/untitledJuly-17-20180010-828-225x150.jpg 225w, https:\/\/www.santamonica.com\/wp-content\/uploads\/2024\/04\/untitledJuly-17-20180010-828-768x512.jpg 768w, https:\/\/www.santamonica.com\/wp-content\/uploads\/2024\/04\/untitledJuly-17-20180010-828-1536x1024.jpg 1536w, https:\/\/www.santamonica.com\/wp-content\/uploads\/2024\/04\/untitledJuly-17-20180010-828-2048x1365.jpg 2048w\" sizes=\"auto, (max-width: 1024px) 100vw, 1024px\" title=\"\">                                \n\n                            <\/div>\n                                                    <div class=\"swiper-slide\">\n                                <img decoding=\"async\" width=\"1024\" height=\"683\" src=\"https:\/\/www.santamonica.com\/wp-content\/uploads\/2024\/04\/untitledJuly-16-20180011-765-1024x683.jpg\" class=\"swiper-slide__image\" alt=\"\" loading=\"lazy\" srcset=\"https:\/\/www.santamonica.com\/wp-content\/uploads\/2024\/04\/untitledJuly-16-20180011-765-1024x683.jpg 1024w, https:\/\/www.santamonica.com\/wp-content\/uploads\/2024\/04\/untitledJuly-16-20180011-765-300x200.jpg 300w, https:\/\/www.santamonica.com\/wp-content\/uploads\/2024\/04\/untitledJuly-16-20180011-765-225x150.jpg 225w, https:\/\/www.santamonica.com\/wp-content\/uploads\/2024\/04\/untitledJuly-16-20180011-765-768x512.jpg 768w, https:\/\/www.santamonica.com\/wp-content\/uploads\/2024\/04\/untitledJuly-16-20180011-765-1536x1024.jpg 1536w, https:\/\/www.santamonica.com\/wp-content\/uploads\/2024\/04\/untitledJuly-16-20180011-765-2048x1365.jpg 2048w\" sizes=\"auto, (max-width: 1024px) 100vw, 1024px\" title=\"\">                                \n\n                            <\/div>\n                                                    <div class=\"swiper-slide\">\n                                <img decoding=\"async\" width=\"1024\" height=\"683\" src=\"https:\/\/www.santamonica.com\/wp-content\/uploads\/2024\/04\/SantaMonicaTourism-553-1024x683.jpg\" class=\"swiper-slide__image\" alt=\"\" loading=\"lazy\" srcset=\"https:\/\/www.santamonica.com\/wp-content\/uploads\/2024\/04\/SantaMonicaTourism-553-1024x683.jpg 1024w, https:\/\/www.santamonica.com\/wp-content\/uploads\/2024\/04\/SantaMonicaTourism-553-300x200.jpg 300w, https:\/\/www.santamonica.com\/wp-content\/uploads\/2024\/04\/SantaMonicaTourism-553-225x150.jpg 225w, https:\/\/www.santamonica.com\/wp-content\/uploads\/2024\/04\/SantaMonicaTourism-553-768x512.jpg 768w, https:\/\/www.santamonica.com\/wp-content\/uploads\/2024\/04\/SantaMonicaTourism-553-1536x1024.jpg 1536w, https:\/\/www.santamonica.com\/wp-content\/uploads\/2024\/04\/SantaMonicaTourism-553.jpg 2048w\" sizes=\"auto, (max-width: 1024px) 100vw, 1024px\" title=\"\">                                \n\n                            <\/div>\n                                                    <div class=\"swiper-slide\">\n                                <img decoding=\"async\" width=\"1024\" height=\"683\" src=\"https:\/\/www.santamonica.com\/wp-content\/uploads\/2024\/04\/SantaMonicaTourism-566-1024x683.jpg\" class=\"swiper-slide__image\" alt=\"\" loading=\"lazy\" srcset=\"https:\/\/www.santamonica.com\/wp-content\/uploads\/2024\/04\/SantaMonicaTourism-566-1024x683.jpg 1024w, https:\/\/www.santamonica.com\/wp-content\/uploads\/2024\/04\/SantaMonicaTourism-566-300x200.jpg 300w, https:\/\/www.santamonica.com\/wp-content\/uploads\/2024\/04\/SantaMonicaTourism-566-225x150.jpg 225w, https:\/\/www.santamonica.com\/wp-content\/uploads\/2024\/04\/SantaMonicaTourism-566-768x512.jpg 768w, https:\/\/www.santamonica.com\/wp-content\/uploads\/2024\/04\/SantaMonicaTourism-566-1536x1024.jpg 1536w, https:\/\/www.santamonica.com\/wp-content\/uploads\/2024\/04\/SantaMonicaTourism-566.jpg 2048w\" sizes=\"auto, (max-width: 1024px) 100vw, 1024px\" title=\"\">                                \n\n                            <\/div>\n                                                    <div class=\"swiper-slide\">\n                                <img decoding=\"async\" width=\"1024\" height=\"683\" src=\"https:\/\/www.santamonica.com\/wp-content\/uploads\/2024\/04\/Option-3-1024x683.jpg\" class=\"swiper-slide__image\" alt=\"\" loading=\"lazy\" srcset=\"https:\/\/www.santamonica.com\/wp-content\/uploads\/2024\/04\/Option-3-1024x683.jpg 1024w, https:\/\/www.santamonica.com\/wp-content\/uploads\/2024\/04\/Option-3-300x200.jpg 300w, https:\/\/www.santamonica.com\/wp-content\/uploads\/2024\/04\/Option-3-225x150.jpg 225w, https:\/\/www.santamonica.com\/wp-content\/uploads\/2024\/04\/Option-3-768x512.jpg 768w, https:\/\/www.santamonica.com\/wp-content\/uploads\/2024\/04\/Option-3-1536x1024.jpg 1536w, https:\/\/www.santamonica.com\/wp-content\/uploads\/2024\/04\/Option-3-2048x1365.jpg 2048w\" sizes=\"auto, (max-width: 1024px) 100vw, 1024px\" title=\"\">                                \n\n                            <\/div>\n                                                    <div class=\"swiper-slide\">\n                                <img decoding=\"async\" width=\"1024\" height=\"683\" src=\"https:\/\/www.santamonica.com\/wp-content\/uploads\/2024\/04\/150522_Witchery_SantaMonica_Travel_Guide_0874-1024x683.jpg\" class=\"swiper-slide__image\" alt=\"\" loading=\"lazy\" srcset=\"https:\/\/www.santamonica.com\/wp-content\/uploads\/2024\/04\/150522_Witchery_SantaMonica_Travel_Guide_0874-1024x683.jpg 1024w, https:\/\/www.santamonica.com\/wp-content\/uploads\/2024\/04\/150522_Witchery_SantaMonica_Travel_Guide_0874-300x200.jpg 300w, https:\/\/www.santamonica.com\/wp-content\/uploads\/2024\/04\/150522_Witchery_SantaMonica_Travel_Guide_0874-225x150.jpg 225w, https:\/\/www.santamonica.com\/wp-content\/uploads\/2024\/04\/150522_Witchery_SantaMonica_Travel_Guide_0874-768x512.jpg 768w, https:\/\/www.santamonica.com\/wp-content\/uploads\/2024\/04\/150522_Witchery_SantaMonica_Travel_Guide_0874-1536x1024.jpg 1536w, https:\/\/www.santamonica.com\/wp-content\/uploads\/2024\/04\/150522_Witchery_SantaMonica_Travel_Guide_0874-2048x1365.jpg 2048w\" sizes=\"auto, (max-width: 1024px) 100vw, 1024px\" title=\"\">                                \n\n                            <\/div>\n                                                    <div class=\"swiper-slide\">\n                                <img decoding=\"async\" width=\"1024\" height=\"683\" src=\"https:\/\/www.santamonica.com\/wp-content\/uploads\/2024\/04\/SantaMonica2017-2621-1024x683.jpg\" class=\"swiper-slide__image\" alt=\"\" loading=\"lazy\" srcset=\"https:\/\/www.santamonica.com\/wp-content\/uploads\/2024\/04\/SantaMonica2017-2621-1024x683.jpg 1024w, https:\/\/www.santamonica.com\/wp-content\/uploads\/2024\/04\/SantaMonica2017-2621-300x200.jpg 300w, https:\/\/www.santamonica.com\/wp-content\/uploads\/2024\/04\/SantaMonica2017-2621-225x150.jpg 225w, https:\/\/www.santamonica.com\/wp-content\/uploads\/2024\/04\/SantaMonica2017-2621-768x512.jpg 768w, https:\/\/www.santamonica.com\/wp-content\/uploads\/2024\/04\/SantaMonica2017-2621-1536x1024.jpg 1536w, https:\/\/www.santamonica.com\/wp-content\/uploads\/2024\/04\/SantaMonica2017-2621-2048x1365.jpg 2048w\" sizes=\"auto, (max-width: 1024px) 100vw, 1024px\" title=\"\">                                \n\n                            <\/div>\n                                            <\/div>\n                                            <div class=\"image-slider__swiper-controls-wrapper-relocator\">\n                            <div class=\"image-slider__swiper-controls-wrapper\">\n                                <div class=\"swiper-pagination\"><\/div>\n                                <div class=\"swiper-button-prev-custom\">\n                                    <div class=\"arrow-button-left\"><\/div>\n                                <\/div>\n                                <div class=\"swiper-button-next-custom\">\n                                    <div class=\"arrow-button-right\"><\/div>\n                                <\/div>\n                            <\/div>\n                        <\/div>\n                                    <\/div>\n                    <\/div>\n    <\/div>\n<\/section>\n\n\n\n<p class=\"has-text-align-center base-block\"><strong>Perguntas sobre o evento? Envie um e-mail <a href=\"mailto:clientservices@santamonica.com\" target=\"_blank\" rel=\"noreferrer noopener\">clientservices@santamonica.com<\/a>. <\/strong><br><strong>Estamos ansiosos para receb\u00ea-lo!<\/strong><\/p>\n\n\n\n<div class=\"wp-block-columns is-layout-flex wp-container-core-columns-is-layout-28f84493 wp-block-columns-is-layout-flex base-block\">\n<div class=\"wp-block-column is-layout-flow wp-block-column-is-layout-flow base-block\">\n<p class=\"base-block\"><strong><em>Para mais experi\u00eancias em Santa Monica, visite-nos na California Plaza, fora do Centro de Conven\u00e7\u00f5es de Los Angeles! Delicie-se com um gostinho de Santa Monica entre 8h e 9h50 e 16h10 e 18h todos os dias da IPW para:<\/em><\/strong><\/p>\n\n\n\n<ul class=\"wp-block-list base-block\">\n<li class=\"base-block\">Desfrute de um delicioso caf\u00e9 da manh\u00e3 ou suco fresco para come\u00e7ar bem o dia<\/li>\n\n\n\n<li class=\"base-block\">Recupere a aten\u00e7\u00e3o plena com o Beach Yoga SoCal<\/li>\n\n\n\n<li class=\"base-block\">Teste sua for\u00e7a em uma miniatura da Original Muscle Beach<\/li>\n\n\n\n<li class=\"base-block\">Tire uma foto em frente a uma vers\u00e3o mini da ic\u00f4nica roda-gigante de Santa Monica<\/li>\n\n\n\n<li class=\"base-block\">Encontre a placa \u201cEnd of the Road\u201d da Rota 66 em nosso estande e saiba mais sobre o Centen\u00e1rio da Rota 66, que acontecer\u00e1 em 2026<\/li>\n\n\n\n<li class=\"base-block\">Relaxe ap\u00f3s a feira de neg\u00f3cios com uma bebida e demonstra\u00e7\u00f5es di\u00e1rias de chefs premiados de Santa Monica<\/li>\n<\/ul>\n<\/div>\n<\/div>","protected":false},"excerpt":{"rendered":"<p>RSVPs are now closed. SHUTTLE SCHEDULE MONDAY, MAY 6 Los Angeles Convention Center &#8211; Gilbert Lindsay Plaza (use also for AC Hotel and Moxy Downtown Los Angeles):&nbsp;5:20 p.m., 5:45 p.m., [&hellip;]<\/p>\n","protected":false},"author":1421,"featured_media":407820,"parent":0,"menu_order":0,"comment_status":"closed","ping_status":"closed","template":"","meta":{"_acf_changed":false,"inline_featured_image":false,"footnotes":""},"silos":[],"class_list":["post-405546","page","type-page","status-publish","has-post-thumbnail","hentry"],"acf":[],"_links":{"self":[{"href":"https:\/\/www.santamonica.com\/pt\/wp-json\/wp\/v2\/pages\/405546","targetHints":{"allow":["GET"]}}],"collection":[{"href":"https:\/\/www.santamonica.com\/pt\/wp-json\/wp\/v2\/pages"}],"about":[{"href":"https:\/\/www.santamonica.com\/pt\/wp-json\/wp\/v2\/types\/page"}],"author":[{"embeddable":true,"href":"https:\/\/www.santamonica.com\/pt\/wp-json\/wp\/v2\/users\/1421"}],"replies":[{"embeddable":true,"href":"https:\/\/www.santamonica.com\/pt\/wp-json\/wp\/v2\/comments?post=405546"}],"version-history":[{"count":143,"href":"https:\/\/www.santamonica.com\/pt\/wp-json\/wp\/v2\/pages\/405546\/revisions"}],"predecessor-version":[{"id":414274,"href":"https:\/\/www.santamonica.com\/pt\/wp-json\/wp\/v2\/pages\/405546\/revisions\/414274"}],"wp:featuredmedia":[{"embeddable":true,"href":"https:\/\/www.santamonica.com\/pt\/wp-json\/wp\/v2\/media\/407820"}],"wp:attachment":[{"href":"https:\/\/www.santamonica.com\/pt\/wp-json\/wp\/v2\/media?parent=405546"}],"wp:term":[{"taxonomy":"silos","embeddable":true,"href":"https:\/\/www.santamonica.com\/pt\/wp-json\/wp\/v2\/silos?post=405546"}],"curies":[{"name":"wp","href":"https:\/\/api.w.org\/{rel}","templated":true}]}}