{"id":381590,"date":"2023-06-01T09:47:39","date_gmt":"2023-06-01T16:47:39","guid":{"rendered":"https:\/\/www.santamonica.com\/?page_id=381590"},"modified":"2025-09-08T07:42:39","modified_gmt":"2025-09-08T14:42:39","slug":"pier-castelo-de-areia-360","status":"publish","type":"page","link":"https:\/\/www.santamonica.com\/pt\/sandcastle-competition-pier-360\/","title":{"rendered":"Pier 360 Santa Monica Sandcastle Spectacular"},"content":{"rendered":"<section class=\"sun-title sm-block --theme6 --2col sm-block\">\n            <h2 class=\"sun-title__headline\">Detalhes do evento<\/h2>    \n            <div class=\"sun-title__body  --2col wysiwyg\">\n                    <div class=\"column-1\">\n                <p>Junte-se a n\u00f3s no \u201cSanta Monica Sandcastle Spectacular\u201d, um extraordin\u00e1rio evento de arte na areia no P\u00eder de Santa Monica. <em>Pier 360 Beach Festival<\/em>! Este ano, em vez de uma competi\u00e7\u00e3o, maravilhe-se com as cria\u00e7\u00f5es impressionantes do mestre arquiteto de castelos de areia Greg LeBon.<\/p>\n                            <\/div>\n            <div class=\"column-2\">\n                <p>LeBon estar\u00e1 criando esculturas de areia complexas que celebram as atividades exclusivas e a cultura vibrante de Santa Monica. Este \u00e9 um evento familiar que voc\u00ea n\u00e3o vai querer perder, mostrando as maravilhas art\u00edsticas que podem ser criadas a partir da areia. Experimente a magia de Santa Monica atrav\u00e9s dos olhos de um mestre de castelos de areia e inspire-se com a beleza do nosso destino ic\u00f4nico.<\/p>\n                            <\/div>\n            <\/div>\n    <\/section>\n\n\n\n<section class=\"two-images container-max sm-block  sm-block\">\n    <div class=\"two-images__container\">\n\n        <div class=\"two-images__column\">\n            <div class=\"two-images__content\">\n                <div class=\"two-images__content-header-container\">\n                                            <h1 class=\"two-images__content-header\">O que \u00e9 o Santa Monica Pier 360 Beach Festival?<\/h1>                                    <\/div>\n                                    <div class=\"two-images__content-body wysiwyg\">\n                        <p>Competi\u00e7\u00f5es de esportes oce\u00e2nicos, m\u00fasica ao vivo, comidas e bebidas, jogos interativos e muito mais. Veja o que \u00e9 o maior evento anual do P\u00eder de Santa Monica e como voc\u00ea pode experimentar as vibra\u00e7\u00f5es essenciais de SoCal neste <a href=\"https:\/\/www.santamonicapier.org\/pier360\" target=\"_blank\" rel=\"noopener\">evento gratuito<\/a>.<\/p>\n                    <\/div>\n                                            <\/div>\n        <\/div>\n\n        <div class=\"two-images__column\">\n                            <div class=\"two-images__image-container\">\n                    <img decoding=\"async\" width=\"424\" height=\"504\" src=\"https:\/\/www.santamonica.com\/wp-content\/uploads\/2023\/06\/APP-SUP.png\" class=\"two-images__image\" alt=\"\" loading=\"lazy\" srcset=\"https:\/\/www.santamonica.com\/wp-content\/uploads\/2023\/06\/APP-SUP.png 424w, https:\/\/www.santamonica.com\/wp-content\/uploads\/2023\/06\/APP-SUP-252x300.png 252w, https:\/\/www.santamonica.com\/wp-content\/uploads\/2023\/06\/APP-SUP-126x150.png 126w\" sizes=\"auto, (max-width: 424px) 100vw, 424px\" title=\"\">                    \n\n                <\/div>\n                    <\/div>\n\n        <div class=\"two-images__column\">\n                            <div class=\"two-images__image-container\">\n                    <img decoding=\"async\" width=\"600\" height=\"564\" src=\"https:\/\/www.santamonica.com\/wp-content\/uploads\/2023\/06\/Sandcastle-1.png\" class=\"two-images__image\" alt=\"\" loading=\"lazy\" srcset=\"https:\/\/www.santamonica.com\/wp-content\/uploads\/2023\/06\/Sandcastle-1.png 600w, https:\/\/www.santamonica.com\/wp-content\/uploads\/2023\/06\/Sandcastle-1-300x282.png 300w, https:\/\/www.santamonica.com\/wp-content\/uploads\/2023\/06\/Sandcastle-1-160x150.png 160w\" sizes=\"auto, (max-width: 600px) 100vw, 600px\" title=\"\">                    \n\n                <\/div>\n                    <\/div>\n\n    <\/div>\n<\/section>\n\n\n<section class=\"links-grid --theme3 sm-block\">\n    <div class=\"links-grid__wrapper\">\n                                                    <a href=\"https:\/\/www.santamonica.com\/pt\/things-to-do\/santa-monica-beach\/\" class=\"links-grid__card-link\" aria-label=\"Praia de Santa M\u00f4nica\">\n                    <div class=\"links-grid__card\">\n                                                    <div class=\"links-grid__card-image-wrapper\">\n                                <img decoding=\"async\" width=\"400\" height=\"400\" src=\"https:\/\/www.santamonica.com\/wp-content\/uploads\/2022\/05\/santa-monica-beach-guide-400x400.jpg\" class=\"links-grid__card-image\" alt=\"guia de praias de santa monica\" loading=\"lazy\" title=\"\">                            <\/div>\n                                                <div class=\"links-grid__card-text\">\n                                                            <div class=\"links-grid__card-title\">Praia de Santa M\u00f4nica<\/div>\n                                                                                <\/div>\n                    <\/div>\n                <\/a>\n                                            <a href=\"https:\/\/www.santamonica.com\/pt\/things-to-do\/fun-for-kids-of-all-ages\/\" class=\"links-grid__card-link\" aria-label=\"Fam\u00edlias\">\n                    <div class=\"links-grid__card\">\n                                                    <div class=\"links-grid__card-image-wrapper\">\n                                <img decoding=\"async\" width=\"400\" height=\"400\" src=\"https:\/\/www.santamonica.com\/wp-content\/uploads\/2022\/06\/places-for-kids-in-santa-monica-400x400.jpg\" class=\"links-grid__card-image\" alt=\"Coisas para fazer em Santa M\u00f4nica com crian\u00e7as\" loading=\"lazy\" title=\"\">                            <\/div>\n                                                <div class=\"links-grid__card-text\">\n                                                            <div class=\"links-grid__card-title\">Fam\u00edlias<\/div>\n                                                                                <\/div>\n                    <\/div>\n                <\/a>\n                                            <a href=\"https:\/\/www.santamonica.com\/pt\/experience-santa-monica\/like-a-local\/\" class=\"links-grid__card-link\" aria-label=\"Como um local\">\n                    <div class=\"links-grid__card\">\n                                                    <div class=\"links-grid__card-image-wrapper\">\n                                <img decoding=\"async\" width=\"400\" height=\"400\" src=\"https:\/\/www.santamonica.com\/wp-content\/uploads\/2022\/05\/santa-monica-things-to-do-2-400x400.jpg\" class=\"links-grid__card-image\" alt=\"coisas para fazer em santa monica\" loading=\"lazy\" title=\"\">                            <\/div>\n                                                <div class=\"links-grid__card-text\">\n                                                            <div class=\"links-grid__card-title\">Como um local<\/div>\n                                                                                <\/div>\n                    <\/div>\n                <\/a>\n                                            <a href=\"https:\/\/www.santamonica.com\/pt\/things-to-do\/visiting-santa-monica-pier\/\" class=\"links-grid__card-link\" aria-label=\"P\u00eder de Santa M\u00f4nica\">\n                    <div class=\"links-grid__card\">\n                                                    <div class=\"links-grid__card-image-wrapper\">\n                                <img decoding=\"async\" width=\"400\" height=\"400\" src=\"https:\/\/www.santamonica.com\/wp-content\/uploads\/2026\/02\/Untitled-design-17-400x400.png\" class=\"links-grid__card-image\" alt=\"P\u00eder de Santa M\u00f4nica\" loading=\"lazy\" title=\"\">                            <\/div>\n                                                <div class=\"links-grid__card-text\">\n                                                            <div class=\"links-grid__card-title\">P\u00eder de Santa M\u00f4nica<\/div>\n                                                                                <\/div>\n                    <\/div>\n                <\/a>\n                        <\/div>\n<\/section>\n\n\n\n    <section class=\"booking-cta --theme5 sm-block\">\n    <div id=\"widget-container-2070\"><\/div>\n<script type=\"text\/javascript\">\n  (function() {\n    var script = document.createElement('script');\n    script.type = 'text\/javascript';\n    script.async = 'true';\n    script.src = \"https:\/\/admin.bookdirect.net\/hs4\/widgets\/2070.js?widget_element=widget-container-2070\";\n    document.body.appendChild(script);\n  })();\n<\/script>\n    <\/section>\n\n\n\n<section class=\"blog-feed --theme8 sm-block\">\n    <div class=\"blog-feed__content\">\n        <div class=\"blog-feed__intro\">\n                            <div class=\"blog-feed__eyebrow eyebrow\">Blogs<\/div>                                        <h1 class=\"blog-feed__headline\">Descubra Santa M\u00f4nica<\/h1>                                        <div class=\"blog-feed__body\"><p>Explore itiner\u00e1rios, dicas locais, pontos de interesse e aventuras selecionadas para garantir que voc\u00ea aproveite ao m\u00e1ximo sua experi\u00eancia em Santa Monica.<\/p>\n<\/div>\n                                        <a class=\"blog-feed__cta\" href=\"https:\/\/www.santamonica.com\/pt\/postagens-de-blog\/\">Ver todos os blogs<\/a>\n                    <\/div>\n\n        <ul class=\"blog-feed__list\">\n                                                <li class=\"blog-feed__item\">\n                        <a href=\"https:\/\/www.santamonica.com\/pt\/things-to-do\/4-must-try-beach-activities\/\" class=\"blog-feed__item-link\">\n                            <div class=\"blog-feed__image-ratio\">\n                                <img decoding=\"async\" class=\"blog-feed__image\" src=\"https:\/\/www.santamonica.com\/wp-content\/uploads\/2015\/07\/Must-Do-Family-Friendly-Activites_SondraStocker.com-520x546-400x400.jpg\" alt=\"4 atividades imperd\u00edveis na praia para toda a fam\u00edlia\" title=\"\">\n                            <\/div>\n                            <div class=\"blog-feed__card-title\">4 atividades imperd\u00edveis na praia para toda a fam\u00edlia<\/div>\n                        <\/a>\n                    <\/li>\n                                                                <li class=\"blog-feed__item\">\n                        <a href=\"https:\/\/www.santamonica.com\/pt\/best-spots-santa-monica-get-beach-gear\/\" class=\"blog-feed__item-link\">\n                            <div class=\"blog-feed__image-ratio\">\n                                <img decoding=\"async\" class=\"blog-feed__image\" src=\"https:\/\/www.santamonica.com\/wp-content\/uploads\/2018\/06\/Beach-Featured-1-400x400.jpg\" alt=\"Melhores locais em Santa M\u00f4nica para comprar equipamentos de praia\" title=\"\">\n                            <\/div>\n                            <div class=\"blog-feed__card-title\">Melhores locais em Santa M\u00f4nica para comprar equipamentos de praia<\/div>\n                        <\/a>\n                    <\/li>\n                                                                <li class=\"blog-feed__item\">\n                        <a href=\"https:\/\/www.santamonica.com\/pt\/tips-to-plan-your-trip-to-santa-monica-pier\/\" class=\"blog-feed__item-link\">\n                            <div class=\"blog-feed__image-ratio\">\n                                <img decoding=\"async\" class=\"blog-feed__image\" src=\"https:\/\/www.santamonica.com\/wp-content\/uploads\/2021\/04\/Visiting-Santa-Monica-Pier-Featured-400x400.jpg\" alt=\"Dicas para planejar sua viagem ao P\u00eder de Santa M\u00f4nica\" title=\"\">\n                            <\/div>\n                            <div class=\"blog-feed__card-title\">Dicas para planejar sua viagem ao P\u00eder de Santa M\u00f4nica<\/div>\n                        <\/a>\n                    <\/li>\n                                    <\/ul>\n    <\/div>\n<\/section>","protected":false},"excerpt":{"rendered":"","protected":false},"author":1421,"featured_media":381951,"parent":0,"menu_order":0,"comment_status":"closed","ping_status":"closed","template":"template-editorial.php","meta":{"_acf_changed":false,"inline_featured_image":false,"footnotes":""},"silos":[],"class_list":["post-381590","page","type-page","status-publish","has-post-thumbnail","hentry"],"acf":[],"_links":{"self":[{"href":"https:\/\/www.santamonica.com\/pt\/wp-json\/wp\/v2\/pages\/381590","targetHints":{"allow":["GET"]}}],"collection":[{"href":"https:\/\/www.santamonica.com\/pt\/wp-json\/wp\/v2\/pages"}],"about":[{"href":"https:\/\/www.santamonica.com\/pt\/wp-json\/wp\/v2\/types\/page"}],"author":[{"embeddable":true,"href":"https:\/\/www.santamonica.com\/pt\/wp-json\/wp\/v2\/users\/1421"}],"replies":[{"embeddable":true,"href":"https:\/\/www.santamonica.com\/pt\/wp-json\/wp\/v2\/comments?post=381590"}],"version-history":[{"count":104,"href":"https:\/\/www.santamonica.com\/pt\/wp-json\/wp\/v2\/pages\/381590\/revisions"}],"predecessor-version":[{"id":419786,"href":"https:\/\/www.santamonica.com\/pt\/wp-json\/wp\/v2\/pages\/381590\/revisions\/419786"}],"wp:featuredmedia":[{"embeddable":true,"href":"https:\/\/www.santamonica.com\/pt\/wp-json\/wp\/v2\/media\/381951"}],"wp:attachment":[{"href":"https:\/\/www.santamonica.com\/pt\/wp-json\/wp\/v2\/media?parent=381590"}],"wp:term":[{"taxonomy":"silos","embeddable":true,"href":"https:\/\/www.santamonica.com\/pt\/wp-json\/wp\/v2\/silos?post=381590"}],"curies":[{"name":"wp","href":"https:\/\/api.w.org\/{rel}","templated":true}]}}