{"id":379977,"date":"2023-05-03T13:39:40","date_gmt":"2023-05-03T20:39:40","guid":{"rendered":"https:\/\/www.santamonica.com\/?page_id=379977"},"modified":"2025-06-18T14:49:02","modified_gmt":"2025-06-18T21:49:02","slug":"orgulho","status":"publish","type":"page","link":"https:\/\/www.santamonica.com\/pt\/pride\/","title":{"rendered":"Especiais e eventos do Pride"},"content":{"rendered":"<section class=\"sun-title sm-block --theme6 --2col sm-block\">\n            <h2 class=\"sun-title__headline\">Eventos<\/h2>    \n            <div class=\"sun-title__body  --2col wysiwyg\">\n                    <div class=\"column-1\">\n                <p><strong>Hora da hist\u00f3ria da fam\u00edlia Rainbow - Biblioteca da filial de Ocean Park<br \/>\n<\/strong>\u00a0Ter\u00e7a-feira, 17 de junho de 2025<br \/>\nJunte-se a n\u00f3s na Main Street, 2601, para contar hist\u00f3rias inclusivas para todas as idades.<br \/>\n<a href=\"https:\/\/www.santamonica.gov\/events\/4j6y02qs54peay8x9wrkybqnm3\/202506171130\" target=\"_blank\" rel=\"noopener\"><strong>\u00a0Saiba mais<\/strong><\/a><\/p>\n<p><strong>PRIDE Sunset Swim + Happy Hour<br \/>\n<\/strong>\u00a0Sexta-feira, 20 de junho de 2025<br \/>\nComemore o p\u00f4r do sol com um mergulho e o Pride Happy Hour no Back on the Beach Caf\u00e9 (das 17h \u00e0s 19h).<br \/>\n<a href=\"https:\/\/annenbergbeachhouse.com\/events\" target=\"_blank\" rel=\"noopener\"><strong>\u00a0Saiba mais<\/strong><\/a><\/p>\n<p><strong>OutLoud Sports Pride at the Beach (Orgulho esportivo na praia)<br \/>\n<\/strong>\u00a0S\u00e1bado, 21 de junho de 2025<br \/>\nDivers\u00e3o e jogos esportivos ao norte do p\u00eder e no Belmar Park.<br \/>\n<a href=\"https:\/\/outloudsports.com\/losangeles\" target=\"_blank\" rel=\"noopener\"><strong>\u00a0Saiba mais<\/strong><\/a><\/p>\n<p><strong>Pride on the Promenade (Orgulho no cal\u00e7ad\u00e3o) - 3rd Street Promenade<br \/>\n<\/strong>\u00a0S\u00e1bado, 21 de junho de 2025<br \/>\nUma comemora\u00e7\u00e3o vibrante com apresenta\u00e7\u00f5es, vendedores e orgulho da comunidade.<br \/>\n<a href=\"https:\/\/downtownsm.com\/events-calendar\/8825\/pride-on-the-promenade\" target=\"_blank\" rel=\"noopener\"><strong>\u00a0Saiba mais<\/strong><\/a><\/p>\n<p><strong>Pride Disco e Kid Zone - Santa Monica Place<br \/>\n<\/strong>\u00a0S\u00e1bado, 21 de junho de 2025<br \/>\nComemore com m\u00fasica, dan\u00e7a e divers\u00e3o para as fam\u00edlias.<br \/>\n<a href=\"https:\/\/www.eventbrite.com\/e\/pride-at-santa-monica-place-tickets-1383135217669\" target=\"_blank\" rel=\"noopener\"><strong>\u00a0Saiba mais<\/strong><\/a><\/p>\n<p><strong>Aulas tem\u00e1ticas sobre o orgulho - A aula<br \/>\n<\/strong>\u00a0Sextas-feiras, 14 de junho e 21 de junho de 2025<br \/>\nAulas especiais de movimento em homenagem ao Pride Month (M\u00eas do Orgulho).<br \/>\n<a href=\"https:\/\/www.theclass.com\/la-studio\" target=\"_blank\" rel=\"noopener\"><strong>\u00a0Saiba mais<\/strong><\/a><\/p>\n<p><strong>Sports Day After Party - 1212 3rd Street Promenade<br \/>\n<\/strong>\u00a0S\u00e1bado, 21 de junho de 2025<br \/>\nRelaxe e comemore com drinques e dan\u00e7a ap\u00f3s os jogos.<br \/>\n<a href=\"https:\/\/www.1212santamonica.com\/\" target=\"_blank\" rel=\"noopener\"><strong>\u00a0Saiba mais<\/strong><\/a><\/p>\n<p>&nbsp;<\/p>\n                            <\/div>\n            <div class=\"column-2\">\n                <p><strong>Hist\u00f3ria de Orgulho da Fam\u00edlia -echtomy - Crow Comedy<br \/>\n<\/strong>\u00a0S\u00e1bado, 21 de junho de 2025<br \/>\nUm evento de com\u00e9dia para todas as idades na 2525 Michigan Ave., Unidade F4.<br \/>\n<a href=\"https:\/\/crowcomedy.com\/familypride\" target=\"_blank\" rel=\"noopener\"><strong>\u00a0Saiba mais<\/strong><\/a><\/p>\n<p><strong>F\u00e1bulas Fabulosas: Drag Queen Pride Family Edition - P\u00eder de Santa M\u00f4nica<br \/>\n<\/strong>\u00a0S\u00e1bado, 21 de junho de 2025<br \/>\nDesfrute de uma hist\u00f3ria de arrastar no Historic Merry Go-Round Building.<br \/>\n<a href=\"https:\/\/www.santamonicapier.org\/fabfables\" target=\"_blank\" rel=\"noopener\"><strong>\u00a0Saiba mais<\/strong><\/a><\/p>\n<p><strong>Torneio de v\u00f4lei Pride Point<br \/>\n<\/strong>\u00a0S\u00e1bado, 21 de junho de 2025<br \/>\nTorneio de v\u00f4lei comunit\u00e1rio pr\u00f3ximo ao Ocean Park.<br \/>\n<a href=\"https:\/\/www.pridepointvolleyball.com\/\" target=\"_blank\" rel=\"noopener\"><strong>\u00a0Saiba mais<\/strong><\/a><\/p>\n<p><strong>Pride on the Pier - P\u00eder de Santa M\u00f4nica<br \/>\n<\/strong>\u00a0Domingo, 22 de junho de 2025 (Adiado)<br \/>\nA maior celebra\u00e7\u00e3o do fim de semana com m\u00fasica, arte e alegria da comunidade.<br \/>\n<a href=\"https:\/\/www.seetickets.us\/event\/PRIDE-ON-THE-PIER-SANTA-MONICA\/648376\" target=\"_blank\" rel=\"noopener\"><strong>\u00a0Saiba mais<\/strong><\/a><\/p>\n<p><strong>Noite do Orgulho + Coquetel Fairy Dust - Viceroy Santa Monica<br \/>\n<\/strong>\u00a0Sexta-feira, 27 de junho de 2025<br \/>\nOficina de argila e coquetel tem\u00e1tico para celebrar o Orgulho.<br \/>\n<a href=\"https:\/\/www.viceroyhotelsandresorts.com\/santa-monica\/sugar-palm\" target=\"_blank\" rel=\"noopener\"><strong>\u00a0Saiba mais<\/strong><\/a><\/p>\n<p><strong>Shows de circo aos domingos - Escola de Trap\u00e9zio de Santa M\u00f4nica<br \/>\n<\/strong>\u00a0Todos os domingos de junho (exceto 1\u00ba de junho), \u00faltima apresenta\u00e7\u00e3o em 29 de junho de 2025<br \/>\nApresenta\u00e7\u00f5es circenses gratuitas para deslumbrar e encantar.<br \/>\n<a href=\"https:\/\/pacpark.com\/santa-monica-piers-trapeze-school-annual-pride-show\/\" target=\"_blank\" rel=\"noopener\"><strong>\u00a0Saiba mais<\/strong><\/a><\/p>\n                            <\/div>\n            <\/div>\n    <\/section>\n\n\n<section class=\"sun-title sm-block --theme6 --2col sm-block\">\n            <h4 class=\"sun-title__headline\">Especiais de neg\u00f3cios<\/h4>    \n            <div class=\"sun-title__body  --2col wysiwyg\">\n                    <div class=\"column-1\">\n                <p><b>Ele Keats Joias + Cristais<\/b><b><br \/>\n<\/b><span style=\"font-weight: 400;\"> 20% de Angel Aura Quartz.<\/span><span style=\"font-weight: 400;\"><br \/>\n<\/span><span style=\"font-weight: 400;\"> V\u00e1lido at\u00e9 30 de junho de 2025<\/span><span style=\"font-weight: 400;\"><br \/>\n<\/span><a href=\"https:\/\/elekeats.com\/?srsltid=AfmBOoqA443Vdu6QwgpVVkiGGtEbY414EkxicG4_llGl8iOOpy7BCyPM\" target=\"_blank\" rel=\"noopener\"><strong> Saiba mais<\/strong><\/a><\/p>\n<p><b>\u00c9steres Vinho<\/b><b><br \/>\n<\/b><span style=\"font-weight: 400;\"> Coquetel Midnight Spark e vinho. 10% dos lucros beneficiam o The Trevor Project.<\/span><span style=\"font-weight: 400;\"><br \/>\n<\/span><span style=\"font-weight: 400;\"> V\u00e1lido at\u00e9 30 de junho de 2025<\/span><span style=\"font-weight: 400;\"><br \/>\n<\/span><strong><a href=\"https:\/\/www.esterswineshop.com\/\" target=\"_blank\" rel=\"noopener\">Saiba mais<\/a><\/strong><\/p>\n<p><b>Huckleberry<\/b><b><br \/>\n<\/b><span style=\"font-weight: 400;\"> Biscoito de a\u00e7\u00facar em formato de cora\u00e7\u00e3o com faixa de arco-\u00edris. 25% dos lucros apoiam o Trans Wellness Center.<\/span><span style=\"font-weight: 400;\"><br \/>\n<\/span><span style=\"font-weight: 400;\"> V\u00e1lido at\u00e9 30 de junho de 2025<\/span><span style=\"font-weight: 400;\"><br \/>\n<\/span><a href=\"https:\/\/order.toasttab.com\/online\/huckleberrysantamonica\/item-pride-cookie_5e3839ed-921e-4ff5-8888-f951a488dc55\" target=\"_blank\" rel=\"noopener\"><strong> Saiba mais<\/strong><\/a><\/p>\n<p><b>Milo e Olive<\/b><b><br \/>\n<\/b><span style=\"font-weight: 400;\"> Zucca Pizza com 20% das vendas doadas \u00e0 GLAAD.<\/span><span style=\"font-weight: 400;\"><br \/>\n<\/span><span style=\"font-weight: 400;\"> V\u00e1lido at\u00e9 30 de junho de 2025<\/span><span style=\"font-weight: 400;\"><br \/>\n<\/span><strong><a href=\"https:\/\/www.miloandolive.com\/\" target=\"_blank\" rel=\"noopener\"> Saiba mais<\/a><\/strong><\/p>\n<p><b>Perspire Sauna Studio Santa Monica<\/b><b><br \/>\n<\/b><span style=\"font-weight: 400;\"> 25% mais sess\u00f5es em todos os pacotes.<\/span><span style=\"font-weight: 400;\"><br \/>\n<\/span><span style=\"font-weight: 400;\"> V\u00e1lido at\u00e9 30 de junho de 2025<\/span><span style=\"font-weight: 400;\"><br \/>\n<\/span><strong><a href=\"https:\/\/www.perspiresaunastudio.com\/ca\/santa-monica\/?aw_pixel=AW-11447393179&amp;aw_conversion=AW-11447393179\/lqbUCK7QiYAZEJu3xdIq&amp;gad_source=1&amp;gad_campaignid=22509596566&amp;gbraid=0AAAAAqpRW5t087Bu2cShz2eSl42an6Hkg&amp;gclid=Cj0KCQjwgIXCBhDBARIsAELC9ZiaC0mm8GOnFVeKFulyd3H9d2T5HDiN053ZOqsEusQXxyRb9gd2800aAmoCEALw_wcB\" target=\"_blank\" rel=\"noopener\"> Saiba mais<\/a><\/strong><\/p>\n<p><b>Areia e surfe<\/b><b><br \/>\n<\/b><span style=\"font-weight: 400;\"> Brinde gratuito com qualquer compra de $25+.<\/span><span style=\"font-weight: 400;\"><br \/>\n<\/span><span style=\"font-weight: 400;\"> V\u00e1lido at\u00e9 30 de junho de 2025<\/span><span style=\"font-weight: 400;\"><br \/>\n<\/span><strong><a href=\"https:\/\/sandnsurfsm.com\/?srsltid=AfmBOoqxqeLEU71X4bYOCvGQP-eLbD6Y8m4U6kkIrLSg1pl47QLlt4PY\" target=\"_blank\" rel=\"noopener\"> Saiba mais<\/a><\/strong><\/p>\n                            <\/div>\n            <div class=\"column-2\">\n                <p><b>Lembran\u00e7as de Santa M\u00f4nica<\/b><b><br \/>\n<\/b><span style=\"font-weight: 400;\"> Brinde gratuito com qualquer compra de $25+.<\/span><span style=\"font-weight: 400;\"><br \/>\n<\/span><span style=\"font-weight: 400;\"> V\u00e1lido at\u00e9 30 de junho de 2025<\/span><span style=\"font-weight: 400;\"><br \/>\n<\/span><strong><a href=\"https:\/\/www.santamonica.com\/pt\/orgulho-samo\/\" target=\"_blank\" rel=\"noopener\"> Saiba mais<\/a><\/strong><\/p>\n<p><b>Hotel Shore<\/b><b><br \/>\n<\/b><span style=\"font-weight: 400;\"> V\u00e1lido at\u00e9 domingo, 23 de junho de 2025<\/span><span style=\"font-weight: 400;\"><br \/>\n<\/span><span style=\"font-weight: 400;\"> Comemore o SaMo PRIDE - Aproveite uma tarifa exclusiva para comemorar o Pride Month, com conforto luxuoso e vista para o litoral no cora\u00e7\u00e3o de Santa Monica.<\/span><span style=\"font-weight: 400;\"><br \/>\n<\/span><strong><a href=\"https:\/\/be.synxis.com\/?Hotel=52507&amp;Chain=7692&amp;arrive=2025-06-15&amp;depart=2025-06-23&amp;adult=1&amp;child=0&amp;promo=SMPW\" target=\"_blank\" rel=\"noopener\"> Saiba mais<\/a><\/strong><\/p>\n<p><b>Regent Santa Monica Beach<\/b><b><br \/>\n<\/b><span style=\"font-weight: 400;\"> V\u00e1lido at\u00e9 domingo, 30 de junho de 2025<\/span><span style=\"font-weight: 400;\"><br \/>\n<\/span><span style=\"font-weight: 400;\"> Pride Package - Uma experi\u00eancia de luxo no Pride com caf\u00e9 da manh\u00e3 ou brunch, noites com DJ, mordomos na praia e transporte gratuito para os eventos do WeHo Pride.<\/span><span style=\"font-weight: 400;\"><br \/>\n<\/span><strong><a href=\"https:\/\/santamonica.regenthotels.com\/offers\/stay-with-pride\/\" target=\"_blank\" rel=\"noopener\"> Saiba mais<\/a><\/strong><\/p>\n<p><b>Galeria Von Lintel<\/b><b><br \/>\n<\/b><span style=\"font-weight: 400;\"> A exposi\u00e7\u00e3o abre no s\u00e1bado, 14 de junho de 2025<\/span><span style=\"font-weight: 400;\"><br \/>\n<\/span><span style=\"font-weight: 400;\"> Renegades - Uma exposi\u00e7\u00e3o de Chloe Sherman, capturando a ess\u00eancia do renascimento cultural queer na S\u00e3o Francisco dos anos 90 por meio da fotografia.<\/span><span style=\"font-weight: 400;\"><br \/>\n<\/span><strong><a href=\"https:\/\/www.vonlintel.com\" target=\"_blank\" rel=\"noopener\"> Saiba mais<\/a><\/strong><\/p>\n<p><b>Cookie Good<\/b><b><br \/>\n<\/b><span style=\"font-weight: 400;\"> V\u00e1lido at\u00e9 s\u00e1bado, 28 de junho de 2025<\/span><span style=\"font-weight: 400;\"><br \/>\n<\/span><span style=\"font-weight: 400;\"> The Pride Cookie - Comemore o M\u00eas do Orgulho com um biscoito colorido repleto de granulados arco-\u00edris, Oreos dourados, gotas de chocolate branco e um mergulho brilhante em cristais de a\u00e7\u00facar arco-\u00edris.<\/span><span style=\"font-weight: 400;\"><br \/>\n<\/span><strong><a href=\"https:\/\/cookiegood.com\/products\/pride?_pos=1&amp;_psq=pride&amp;_ss=e&amp;_v=1.0\" target=\"_blank\" rel=\"noopener\"> Saiba mais<\/a><\/strong><\/p>\n                            <\/div>\n            <\/div>\n    <\/section>\n\n\n\n<p class=\"base-block\"><\/p>\n\n\n\n<p class=\"has-text-align-center base-block\">Voc\u00ea tem um evento do Pride ou um neg\u00f3cio especial para compartilhar? Enviar <a href=\"https:\/\/www.santamonica.com\/pt\/formulario-de-envio-de-promocoes-comerciais\/\">aqui.<\/a><\/p>\n\n\n\n<figure class=\"wp-block-image size-large base-block\"><img decoding=\"async\" width=\"1024\" height=\"683\" src=\"https:\/\/www.santamonica.com\/wp-content\/uploads\/2025\/05\/EP8A3930-1-1024x683.jpg\" alt=\"\" class=\"wp-image-766899\" title=\"\" srcset=\"https:\/\/www.santamonica.com\/wp-content\/uploads\/2025\/05\/EP8A3930-1-1024x683.jpg 1024w, https:\/\/www.santamonica.com\/wp-content\/uploads\/2025\/05\/EP8A3930-1-300x200.jpg 300w, https:\/\/www.santamonica.com\/wp-content\/uploads\/2025\/05\/EP8A3930-1-225x150.jpg 225w, https:\/\/www.santamonica.com\/wp-content\/uploads\/2025\/05\/EP8A3930-1-768x512.jpg 768w, https:\/\/www.santamonica.com\/wp-content\/uploads\/2025\/05\/EP8A3930-1-1536x1024.jpg 1536w, https:\/\/www.santamonica.com\/wp-content\/uploads\/2025\/05\/EP8A3930-1-2048x1365.jpg 2048w\" sizes=\"(max-width: 1024px) 100vw, 1024px\" \/><\/figure>\n\n\n<\/figure>","protected":false},"excerpt":{"rendered":"<p>Do you have a Pride event or business special to share? Submit here.<\/p>","protected":false},"author":1421,"featured_media":766882,"parent":0,"menu_order":0,"comment_status":"closed","ping_status":"closed","template":"template-editorial.php","meta":{"_acf_changed":false,"inline_featured_image":false,"footnotes":""},"silos":[],"class_list":["post-379977","page","type-page","status-publish","has-post-thumbnail","hentry"],"acf":[],"_links":{"self":[{"href":"https:\/\/www.santamonica.com\/pt\/wp-json\/wp\/v2\/pages\/379977","targetHints":{"allow":["GET"]}}],"collection":[{"href":"https:\/\/www.santamonica.com\/pt\/wp-json\/wp\/v2\/pages"}],"about":[{"href":"https:\/\/www.santamonica.com\/pt\/wp-json\/wp\/v2\/types\/page"}],"author":[{"embeddable":true,"href":"https:\/\/www.santamonica.com\/pt\/wp-json\/wp\/v2\/users\/1421"}],"replies":[{"embeddable":true,"href":"https:\/\/www.santamonica.com\/pt\/wp-json\/wp\/v2\/comments?post=379977"}],"version-history":[{"count":28,"href":"https:\/\/www.santamonica.com\/pt\/wp-json\/wp\/v2\/pages\/379977\/revisions"}],"predecessor-version":[{"id":767810,"href":"https:\/\/www.santamonica.com\/pt\/wp-json\/wp\/v2\/pages\/379977\/revisions\/767810"}],"wp:featuredmedia":[{"embeddable":true,"href":"https:\/\/www.santamonica.com\/pt\/wp-json\/wp\/v2\/media\/766882"}],"wp:attachment":[{"href":"https:\/\/www.santamonica.com\/pt\/wp-json\/wp\/v2\/media?parent=379977"}],"wp:term":[{"taxonomy":"silos","embeddable":true,"href":"https:\/\/www.santamonica.com\/pt\/wp-json\/wp\/v2\/silos?post=379977"}],"curies":[{"name":"wp","href":"https:\/\/api.w.org\/{rel}","templated":true}]}}