{"id":379339,"date":"2023-04-27T17:18:51","date_gmt":"2023-04-28T00:18:51","guid":{"rendered":"https:\/\/www.santamonica.com\/?page_id=379339"},"modified":"2024-04-29T10:34:04","modified_gmt":"2024-04-29T17:34:04","slug":"e-uma-vibracao-familiar","status":"publish","type":"page","link":"https:\/\/www.santamonica.com\/pt\/its-a-vibe-families\/","title":{"rendered":"Fam\u00edlias"},"content":{"rendered":"<section class=\"booking-cta --theme5 sm-block\">\n    <div id=\"widget-container-2070\"><\/div>\n<script type=\"text\/javascript\">\n  (function() {\n    var script = document.createElement('script');\n    script.type = 'text\/javascript';\n    script.async = 'true';\n    script.src = \"https:\/\/admin.bookdirect.net\/hs4\/widgets\/2070.js?widget_element=widget-container-2070\";\n    document.body.appendChild(script);\n  })();\n<\/script>\n    <\/section>\n\n\n\n\n    \n    <section class=\"subpage-links container-max sm-block\">\n        <div class=\"subpage-links__diamonds\"><\/div>\n                <div class=\"subpage-links__content\">\n            <div class=\"subpage-links__card\">\n                <div class=\"subpage-links__card-wrapper\">\n                    <a href=\"https:\/\/www.santamonica.com\/pt\/experiencia-em-santa-monica\/bairros\/santa-monica-pier-ocean-avenue\/\" class=\"subpage-links__card-link\" aria-label=\"P\u00eder de Santa M\u00f4nica\">\n                                                    <img decoding=\"async\" width=\"1024\" height=\"647\" src=\"https:\/\/www.santamonica.com\/wp-content\/uploads\/2022\/07\/Pier-And-Bike-Path-1024x647.png\" class=\"subpage-links__card-image\" alt=\"P\u00eder e trilha para bicicletas\" loading=\"lazy\" srcset=\"https:\/\/www.santamonica.com\/wp-content\/uploads\/2022\/07\/Pier-And-Bike-Path-1024x647.png 1024w, https:\/\/www.santamonica.com\/wp-content\/uploads\/2022\/07\/Pier-And-Bike-Path-300x190.png 300w, https:\/\/www.santamonica.com\/wp-content\/uploads\/2022\/07\/Pier-And-Bike-Path-237x150.png 237w, https:\/\/www.santamonica.com\/wp-content\/uploads\/2022\/07\/Pier-And-Bike-Path-768x485.png 768w, https:\/\/www.santamonica.com\/wp-content\/uploads\/2022\/07\/Pier-And-Bike-Path.png 1320w\" sizes=\"auto, (max-width: 1024px) 100vw, 1024px\" title=\"\">                                                                            <div class=\"subpage-links__card-description\">\n                                <span class=\"subpage-links__card-title\">P\u00eder de Santa M\u00f4nica<\/span>\n                                <div class=\"subpage-links__card-button card-arrow\">Explorar<\/div>\n                            <\/div>\n                                            <\/a>\n                <\/div>\n            <\/div>\n            <div class=\"subpage-links__card\">\n                <div class=\"subpage-links__card-wrapper\">\n                    <a href=\"https:\/\/www.santamonica.com\/pt\/coisas-para-fazer\/parques-de-santa-monica\/\" class=\"subpage-links__card-link\" aria-label=\"Parques locais\">\n                                                    <img decoding=\"async\" width=\"1024\" height=\"431\" src=\"https:\/\/www.santamonica.com\/wp-content\/uploads\/2022\/06\/Parks-desktop-slide--1024x431.jpg\" class=\"subpage-links__card-image\" alt=\"Parques-desktop-slide-\" loading=\"lazy\" srcset=\"https:\/\/www.santamonica.com\/wp-content\/uploads\/2022\/06\/Parks-desktop-slide--1024x431.jpg 1024w, https:\/\/www.santamonica.com\/wp-content\/uploads\/2022\/06\/Parks-desktop-slide--300x126.jpg 300w, https:\/\/www.santamonica.com\/wp-content\/uploads\/2022\/06\/Parks-desktop-slide--270x114.jpg 270w, https:\/\/www.santamonica.com\/wp-content\/uploads\/2022\/06\/Parks-desktop-slide--768x323.jpg 768w, https:\/\/www.santamonica.com\/wp-content\/uploads\/2022\/06\/Parks-desktop-slide--1536x647.jpg 1536w, https:\/\/www.santamonica.com\/wp-content\/uploads\/2022\/06\/Parks-desktop-slide-.jpg 1900w\" sizes=\"auto, (max-width: 1024px) 100vw, 1024px\" title=\"\">                                                                            <div class=\"subpage-links__card-description\">\n                                <div class=\"subpage-links__card-title\">Parques locais<\/div>\n                                <div class=\"subpage-links__card-button card-arrow\">Explorar<\/div>\n                            <\/div>\n                                            <\/a>\n                <\/div>\n            <\/div>\n            <div class=\"subpage-links__card\">\n                <div class=\"subpage-links__card-wrapper\">\n                    <a href=\"https:\/\/www.santamonica.com\/pt\/restaurantes\/restaurantes-na-praia\/\" class=\"subpage-links__card-link\" aria-label=\"Restaurantes na praia\">\n                                                    <img decoding=\"async\" width=\"1024\" height=\"765\" src=\"https:\/\/www.santamonica.com\/wp-content\/uploads\/2022\/06\/elephante-santa-monica-beach-restaurants-1024x765.jpg\" class=\"subpage-links__card-image\" alt=\"Restaurantes do Elephante Santa Monica Beach\" loading=\"lazy\" srcset=\"https:\/\/www.santamonica.com\/wp-content\/uploads\/2022\/06\/elephante-santa-monica-beach-restaurants-1024x765.jpg 1024w, https:\/\/www.santamonica.com\/wp-content\/uploads\/2022\/06\/elephante-santa-monica-beach-restaurants-300x224.jpg 300w, https:\/\/www.santamonica.com\/wp-content\/uploads\/2022\/06\/elephante-santa-monica-beach-restaurants-201x150.jpg 201w, https:\/\/www.santamonica.com\/wp-content\/uploads\/2022\/06\/elephante-santa-monica-beach-restaurants-768x574.jpg 768w, https:\/\/www.santamonica.com\/wp-content\/uploads\/2022\/06\/elephante-santa-monica-beach-restaurants.jpg 1339w\" sizes=\"auto, (max-width: 1024px) 100vw, 1024px\" title=\"\">                                                                            <div class=\"subpage-links__card-description\">\n                                <div class=\"subpage-links__card-title\">Restaurantes na praia<\/div>\n                                <div class=\"subpage-links__card-button card-arrow\">Explorar<\/div>\n                            <\/div>\n                                            <\/a>\n                <\/div>\n            <\/div>\n        <\/div>\n            <\/section>\n\n\n<section class=\"stakeholder-feed sm-block js-stk-root sm-block\">\n    <div class=\"stakeholder-feed__top\">\n        <div class=\"stakeholder-feed__intro\">\n                            <h2 class=\"stakeholder-feed__headline\">Espa\u00e7o para todos<\/h2>                                        <div class=\"stakeholder-feed__intro-body wysiwyg\">\n                    <p>Descubra a casa perfeita longe de casa em Santa Monica. De resorts \u00e0 beira-mar a hot\u00e9is no centro da cidade, no centro da a\u00e7\u00e3o, h\u00e1 uma estadia para todos os gostos. (V\u00e1 em frente, escolha a su\u00edte. Voc\u00ea merece).<\/p>\n                <\/div>\n                    <\/div>\n        <div class=\"stakeholder-feed__nav-section\">\n                            <h1 class=\"stakeholder-feed__feed-title\">Explore os hot\u00e9is de Santa M\u00f4nica<\/h1>                                        <a href=\"https:\/\/www.santamonica.com\/pt\/hoteis\/estadia-em-santa-monica\/\" class=\"stakeholder-feed__feed-cta button --primary-teal-button\" >Ver todos os hot\u00e9is<\/a>            \n                        <div class=\"stakeholder-feed__pagination xxx--desktop-hide\">\n                <div class=\"swiper-button-prev stakeholder-feed__pagination-prev\"><\/div>\n                <div class=\"swiper-button-next stakeholder-feed__pagination-next\"><\/div>\n            <\/div>\n        <\/div>\n    <\/div>\n    <div class=\"stakeholder-feed__bottom\">\n        <div class=\"stakeholder-feed__feed-list-wrapper swiper js-stk-swiper\">\n            <ul class=\"stakeholder-feed__feed-list swiper-wrapper js-stk-wrapper\">\n                    <li class=\"swiper-slide stakeholder-card --theme3\">\n        <a class=\"stakeholder-card__link\" href=\"https:\/\/www.santamonica.com\/pt\/hotels\/days-inn-santa-monicalos-angeles\/\">\n            <div class=\"stakeholder-card__image\">\n                <img decoding=\"async\" src=\"https:\/\/assets.simpleviewinc.com\/simpleview\/image\/upload\/crm\/santamonica\/exterior-8_B43662CA-82E6-4F7B-B0C811AD19D91486_1b7635f8-2662-40a3-a38eb55f6e8d563d.jpg\" alt=\"Days Inn by Wyndham Santa Monica\" title=\"\">\n            <\/div>\n            <div class=\"stakeholder-card__stk-info\">\n                <div class=\"stakeholder-card__stk-name\">Days Inn by Wyndham Santa Monica<\/div>\n                <div class=\"stakeholder-card__stk-cat\">Hotel<\/div>\n            <\/div>\n        <\/a>\n    <\/li>\n        <li class=\"swiper-slide stakeholder-card --theme3\">\n        <a class=\"stakeholder-card__link\" href=\"https:\/\/www.santamonica.com\/pt\/hotels\/shore-hotel\/\">\n            <div class=\"stakeholder-card__image\">\n                <img decoding=\"async\" src=\"https:\/\/assets.simpleviewinc.com\/simpleview\/image\/upload\/crm\/santamonica\/Shore-Hotel_c03e4672-5056-b365-abb9adcea4348630.jpg\" alt=\"Hotel Shore\" title=\"\">\n            <\/div>\n            <div class=\"stakeholder-card__stk-info\">\n                <div class=\"stakeholder-card__stk-name\">Hotel Shore<\/div>\n                <div class=\"stakeholder-card__stk-cat\">Onde se encontrar<\/div>\n            <\/div>\n        <\/a>\n    <\/li>\n        <li class=\"swiper-slide stakeholder-card --theme3\">\n        <a class=\"stakeholder-card__link\" href=\"https:\/\/www.santamonica.com\/pt\/hotels\/rest-haven-motel\/\">\n            <div class=\"stakeholder-card__image\">\n                <img decoding=\"async\" src=\"https:\/\/assets.simpleviewinc.com\/simpleview\/image\/upload\/crm\/santamonica\/OPI-147_bf63de97-5056-b365-ab1709629f45fa8b.jpg\" alt=\"Motel Rest Haven\" title=\"\">\n            <\/div>\n            <div class=\"stakeholder-card__stk-info\">\n                <div class=\"stakeholder-card__stk-name\">Motel Rest Haven<\/div>\n                <div class=\"stakeholder-card__stk-cat\">Motel<\/div>\n            <\/div>\n        <\/a>\n    <\/li>\n        <li class=\"swiper-slide stakeholder-card --theme3\">\n        <a class=\"stakeholder-card__link\" href=\"https:\/\/www.santamonica.com\/pt\/hotels\/surestay-hotel-by-best-western-santa-monica\/\">\n            <div class=\"stakeholder-card__image\">\n                <img decoding=\"async\" src=\"https:\/\/assets.simpleviewinc.com\/simpleview\/image\/upload\/crm\/santamonica\/Exterior_01_medrez-1-_C84F2EE7-4B65-4A9C-B63DE6A849A7A7E4_0d416882-785a-475b-b4d17bfbe3659414.jpg\" alt=\"SureStay Hotel by Best Western - Santa Monica\" title=\"\">\n            <\/div>\n            <div class=\"stakeholder-card__stk-info\">\n                <div class=\"stakeholder-card__stk-name\">SureStay Hotel by Best Western - Santa Monica<\/div>\n                <div class=\"stakeholder-card__stk-cat\">Hotel<\/div>\n            <\/div>\n        <\/a>\n    <\/li>\n                <\/ul>\n        <\/div>\n    <\/div>\n<\/section>\n\n\n<section class=\"travel-tips --theme7 sm-block base-block\">\n    <div class=\"travel-tips__inner\">\n        <div class=\"travel-tips__body-col\">\n                            <img decoding=\"async\" src=\"https:\/\/www.santamonica.com\/wp-content\/uploads\/2022\/06\/responsible-badge-1.svg\" alt=\"Viaje para Santa Monica com responsabilidade\" title=\"\">\n                                        <p class=\"travel-tips__intro\">Viaje de forma segura e sustent\u00e1vel para ajudar a manter a beleza de Santa Monica e, ao mesmo tempo, permanecer saud\u00e1vel com estas dicas.<\/p>\n                    <\/div>\n        <div class=\"travel-tips__links-col\">\n                        <div class=\"travel-tips__link-row\">\n                                    <img decoding=\"async\" src=\"https:\/\/www.santamonica.com\/wp-content\/uploads\/2022\/06\/Parking-Information.svg\" alt=\"Estacionamento em Santa Monica\" title=\"\">\n                                                    <a class=\"travel-tips__link\" href=\"https:\/\/www.santamonica.com\/pt\/transporte\/estacionamento\/\">\n                        Informa\u00e7\u00f5es sobre o estacionamento                    <\/a>\n                            <\/div>\n                        <div class=\"travel-tips__link-row\">\n                                    <img decoding=\"async\" src=\"https:\/\/www.santamonica.com\/wp-content\/uploads\/2022\/06\/What-to-Pack.svg\" alt=\"Como fazer as malas para uma viagem a Santa M\u00f4nica\" title=\"\">\n                                                    <a class=\"travel-tips__link\" href=\"https:\/\/www.santamonica.com\/pt\/experiencia-em-santa-monica\/o-que-levar-na-mala\/\">\n                        O que levar na mala                    <\/a>\n                            <\/div>\n                        <div class=\"travel-tips__link-row\">\n                                    <img decoding=\"async\" src=\"https:\/\/www.santamonica.com\/wp-content\/uploads\/2022\/06\/Health-and-Safety.svg\" alt=\"Dicas de seguran\u00e7a de viagem em Santa M\u00f4nica\" title=\"\">\n                                                    <a class=\"travel-tips__link\" href=\"https:\/\/www.santamonica.com\/pt\/experiencia-em-santa-monica\/seguranca\/\">\n                        Sa\u00fade e seguran\u00e7a                    <\/a>\n                            <\/div>\n                        <div class=\"travel-tips__link-row\">\n                                    <img decoding=\"async\" src=\"https:\/\/www.santamonica.com\/wp-content\/uploads\/2022\/06\/The-Essentials.svg\" alt=\"Itens essenciais para uma viagem a Santa M\u00f4nica\" title=\"\">\n                                                    <a class=\"travel-tips__link\" href=\"https:\/\/www.santamonica.com\/pt\/experiencia-em-santa-monica\/essenciais\/\">\n                        O essencial                    <\/a>\n                            <\/div>\n                    <\/div>\n\n    <\/div>\n<\/section>\n\n\n<section class=\"events-feed sm-block sm-block\">\n    <div class=\"events-feed__inner\">\n        <div class=\"events-feed__body\">\n                            <div class=\"events-feed__body-eyebrow eyebrow\">Eventos em destaque<\/div>                                        <h2 class=\"events-feed__body-headline\">Eventos para toda a fam\u00edlia<\/h2>                                        <div class=\"events-feed__body-intro wysiwyg\"><p><span style=\"font-weight: 400;\">Desde os pequenos viajantes at\u00e9 os pais e os pais dos pais, Santa Monica \u00e9 um parque de divers\u00f5es para fam\u00edlias de todas as formas e tamanhos. Confira os shows ao vivo, festivais, eventos exclusivos para crian\u00e7as e outras maneiras de aproveitar ao m\u00e1ximo sua visita com as pessoas mais importantes.<\/span><\/p>\n<\/div>\n                                        <a href=\"https:\/\/www.santamonica.com\/pt\/eventos\/\" class=\"events-feed__body-cta button --primary-teal-button\" >Exibir o calend\u00e1rio<\/a>                    <\/div>\n        <div class=\"events-feed__events\">\n                            <a class=\"events-feed__event\" href=\"https:\/\/www.santamonica.com\/pt\/event\/karen-knorr-scavi\/2026-04-15\/\">\n                    <div class=\"events-feed__event-date\">\n                        <div class=\"events-feed__event-month\">\n                            Abril                        <\/div>\n                        <div class=\"events-feed__event-day\">\n                            15                        <\/div>\n                                            <\/div>\n                                            <div class=\"events-feed__event-cat --theme3\">Arte<\/div>\n                                        <div class=\"events-feed__event-details\">\n                        <h3 class=\"events-feed__event-title\">\n                            Karen Knorr - \u201cScavi\u201d                        <\/h3>\n                        <div class=\"events-feed__event-desc\">A Danziger Gallery tem o prazer de apresentar Scavi, a mais nova s\u00e9rie em andamento de Karen Knorr. \u201cScavi\u201d, a palavra italiana para \u201cescava\u00e7\u00f5es\u201d, come\u00e7ou em...<\/div>\n                    <\/div>\n                    <div class=\"events-feed__event-thumb\">\n                        <img decoding=\"async\" src=\"https:\/\/www.santamonica.com\/wp-content\/uploads\/2026\/02\/Screenshot-2026-02-27-at-2.11.02-PM-1024x768.png\" alt=\"Karen Knorr - \" title=\"\">\n                    <\/div>\n                <\/a>\n                            <a class=\"events-feed__event\" href=\"https:\/\/www.santamonica.com\/pt\/event\/downtown-farmers-market\/2026-04-15\/\">\n                    <div class=\"events-feed__event-date\">\n                        <div class=\"events-feed__event-month\">\n                            Abril                        <\/div>\n                        <div class=\"events-feed__event-day\">\n                            15                        <\/div>\n                                            <\/div>\n                                            <div class=\"events-feed__event-cat --theme3\">Alimentos\/bebidas<\/div>\n                                        <div class=\"events-feed__event-details\">\n                        <h3 class=\"events-feed__event-title\">\n                            Downtown Farmers Market - Mercado de quarta-feira                        <\/h3>\n                        <div class=\"events-feed__event-desc\">O maior Farmers Market certificado somente para produtores do sul da Calif\u00f3rnia e um dos favoritos dos chefs locais! Desfrute de um dos mercados de produtores de Santa M\u00f4nica...<\/div>\n                    <\/div>\n                    <div class=\"events-feed__event-thumb\">\n                        <img decoding=\"async\" src=\"https:\/\/www.santamonica.com\/wp-content\/uploads\/2022\/08\/All-Farmers-Markets.png\" alt=\"Downtown Farmers Market - Mercado de quarta-feira\" title=\"\">\n                    <\/div>\n                <\/a>\n                            <a class=\"events-feed__event\" href=\"https:\/\/www.santamonica.com\/pt\/event\/betsys-tyler-wells-x-jolie-laides-scott-schultz-at-crudo-e-nudo\/\">\n                    <div class=\"events-feed__event-date\">\n                        <div class=\"events-feed__event-month\">\n                            Abril                        <\/div>\n                        <div class=\"events-feed__event-day\">\n                            15                        <\/div>\n                                            <\/div>\n                                            <div class=\"events-feed__event-cat --theme3\">Alimentos\/bebidas<\/div>\n                                        <div class=\"events-feed__event-details\">\n                        <h3 class=\"events-feed__event-title\">\n                            Betsy&#8217;s Tyler Wells x Jolie Laide&#8217;s Scott Schultz at Crudo e Nudo                        <\/h3>\n                        <div class=\"events-feed__event-desc\">De 13 a 19 de abril, a s\u00e9rie \"Guest Chef &amp; Winemaker\" do 5\u00ba anivers\u00e1rio do Crudo e Nudo re\u00fane os amigos do chef\/propriet\u00e1rio Brian Bornemann...<\/div>\n                    <\/div>\n                    <div class=\"events-feed__event-thumb\">\n                        <img decoding=\"async\" src=\"https:\/\/www.santamonica.com\/wp-content\/uploads\/2026\/03\/Screenshot-2026-03-24-at-3.19.36-PM-1024x1024.png\" alt=\"Tyler Wells, da Betsy, x Scott Schultz, da Jolie Laide, no Crudo e Nudo\" title=\"\">\n                    <\/div>\n                <\/a>\n                    <\/div>\n    <\/div>\n<\/section>\n\n\n<section class=\"blog-feed --theme8 sm-block\">\n    <div class=\"blog-feed__content\">\n        <div class=\"blog-feed__intro\">\n                            <div class=\"blog-feed__eyebrow eyebrow\">Blogs<\/div>                                        <h3 class=\"blog-feed__headline\">Mais atividades para a fam\u00edlia<\/h3>                                        <div class=\"blog-feed__body\"><p><span style=\"font-weight: 400;\">Experimente algo novo ou fa\u00e7a o que voc\u00ea gosta, com quem voc\u00ea gosta.<\/span><\/p>\n<\/div>\n                                        <a class=\"blog-feed__cta\" href=\"https:\/\/www.santamonica.com\/pt\/postagens-de-blog\/\">Ver todos os blogs<\/a>\n                    <\/div>\n\n        <ul class=\"blog-feed__list\">\n                                                <li class=\"blog-feed__item\">\n                        <a href=\"https:\/\/www.santamonica.com\/pt\/things-to-do\/family\/three-days-of-family-fun-in-santa-monica\/\" class=\"blog-feed__item-link\">\n                            <div class=\"blog-feed__image-ratio\">\n                                <img decoding=\"async\" class=\"blog-feed__image\" src=\"https:\/\/www.santamonica.com\/wp-content\/uploads\/2019\/08\/Annenberg-Beach-House-Santa-Monica-Featured-400x400.jpg\" alt=\"Tr\u00eas dias de divers\u00e3o em fam\u00edlia em Santa Monica\" title=\"\">\n                            <\/div>\n                            <div class=\"blog-feed__card-title\">Tr\u00eas dias de divers\u00e3o em fam\u00edlia em Santa Monica<\/div>\n                        <\/a>\n                    <\/li>\n                                                                <li class=\"blog-feed__item\">\n                        <a href=\"https:\/\/www.santamonica.com\/pt\/hotels\/family-friendly-hotels-in-santa-monica\/\" class=\"blog-feed__item-link\">\n                            <div class=\"blog-feed__image-ratio\">\n                                <img decoding=\"async\" class=\"blog-feed__image\" src=\"https:\/\/www.santamonica.com\/wp-content\/uploads\/2019\/03\/family-friendly-hotels-featured-400x400.jpg\" alt=\"Hot\u00e9is para fam\u00edlias em Santa M\u00f4nica\" title=\"\">\n                            <\/div>\n                            <div class=\"blog-feed__card-title\">Hot\u00e9is para fam\u00edlias em Santa M\u00f4nica<\/div>\n                        <\/a>\n                    <\/li>\n                                                                <li class=\"blog-feed__item\">\n                        <a href=\"https:\/\/www.santamonica.com\/pt\/things-to-do\/4-must-try-beach-activities\/\" class=\"blog-feed__item-link\">\n                            <div class=\"blog-feed__image-ratio\">\n                                <img decoding=\"async\" class=\"blog-feed__image\" src=\"https:\/\/www.santamonica.com\/wp-content\/uploads\/2015\/07\/Must-Do-Family-Friendly-Activites_SondraStocker.com-520x546-400x400.jpg\" alt=\"4 atividades imperd\u00edveis na praia para toda a fam\u00edlia\" title=\"\">\n                            <\/div>\n                            <div class=\"blog-feed__card-title\">4 atividades imperd\u00edveis na praia para toda a fam\u00edlia<\/div>\n                        <\/a>\n                    <\/li>\n                                    <\/ul>\n    <\/div>\n<\/section>","protected":false},"excerpt":{"rendered":"","protected":false},"author":1450,"featured_media":379343,"parent":0,"menu_order":0,"comment_status":"closed","ping_status":"closed","template":"template-editorial.php","meta":{"_acf_changed":false,"inline_featured_image":false,"footnotes":""},"silos":[],"class_list":["post-379339","page","type-page","status-publish","has-post-thumbnail","hentry"],"acf":[],"_links":{"self":[{"href":"https:\/\/www.santamonica.com\/pt\/wp-json\/wp\/v2\/pages\/379339","targetHints":{"allow":["GET"]}}],"collection":[{"href":"https:\/\/www.santamonica.com\/pt\/wp-json\/wp\/v2\/pages"}],"about":[{"href":"https:\/\/www.santamonica.com\/pt\/wp-json\/wp\/v2\/types\/page"}],"author":[{"embeddable":true,"href":"https:\/\/www.santamonica.com\/pt\/wp-json\/wp\/v2\/users\/1450"}],"replies":[{"embeddable":true,"href":"https:\/\/www.santamonica.com\/pt\/wp-json\/wp\/v2\/comments?post=379339"}],"version-history":[{"count":30,"href":"https:\/\/www.santamonica.com\/pt\/wp-json\/wp\/v2\/pages\/379339\/revisions"}],"predecessor-version":[{"id":413577,"href":"https:\/\/www.santamonica.com\/pt\/wp-json\/wp\/v2\/pages\/379339\/revisions\/413577"}],"wp:featuredmedia":[{"embeddable":true,"href":"https:\/\/www.santamonica.com\/pt\/wp-json\/wp\/v2\/media\/379343"}],"wp:attachment":[{"href":"https:\/\/www.santamonica.com\/pt\/wp-json\/wp\/v2\/media?parent=379339"}],"wp:term":[{"taxonomy":"silos","embeddable":true,"href":"https:\/\/www.santamonica.com\/pt\/wp-json\/wp\/v2\/silos?post=379339"}],"curies":[{"name":"wp","href":"https:\/\/api.w.org\/{rel}","templated":true}]}}