{"id":374399,"date":"2023-02-03T10:40:46","date_gmt":"2023-02-03T18:40:46","guid":{"rendered":"https:\/\/www.santamonica.com\/?page_id=374399"},"modified":"2026-02-06T15:08:18","modified_gmt":"2026-02-06T23:08:18","slug":"mes-da-historia-negra","status":"publish","type":"page","link":"https:\/\/www.santamonica.com\/pt\/black-history-month\/","title":{"rendered":"M\u00eas da Hist\u00f3ria Negra 2026"},"content":{"rendered":"<section class=\"image-section-break sm-block\">\n    <div class=\"image-section-break__image-wrapper\">\n                    <picture>\n                    <source\n                        media=\"(min-width: 768px)\"\n                        srcset=\"https:\/\/www.santamonica.com\/wp-content\/uploads\/2025\/02\/Black_History_Month_1656x574.jpg\"\n                    >\n                    <img decoding=\"async\" src=\"https:\/\/www.santamonica.com\/wp-content\/uploads\/2025\/02\/Black_History_Month_650x866.jpg\" class=\"image-section-break__image\" alt=\"\" title=\"\">\n            <\/picture>\n                \n\n    <\/div>\n    <div class=\"image-section-break__text-content\">\n        <div class=\"image-section-break__first-content --theme3\">\n                                        <h2 class=\"image-section-break__title\">Eventos e acontecimentos<\/h2>\n                                        <div class=\"image-section-break__body-copy wysiwyg\"><h4>Grupo de livros de mist\u00e9rio e suspense: \u201cWhile Justice Sleeps\u201d (Enquanto a Justi\u00e7a Dorme), de Stacey Abrams<\/h4>\n<p><em>Ter\u00e7a-feira, 17 de fevereiro, das 19h \u00e0s 20h, via Zoom\u00a0<\/em><\/p>\n<p>Esse grupo mensal de discuss\u00e3o de livros, liderado pela comunidade, re\u00fane-se virtualmente para discutir t\u00edtulos nacionais e internacionais nos g\u00eaneros de mist\u00e9rio e suspense. Durante o m\u00eas de fevereiro, os participantes do grupo de leitura ler\u00e3o e discutir\u00e3o o romance de suspense pol\u00edtico de Stacey Abrams, \u2019While Justice Sleeps\u201c. Para se registrar, envie um e-mail para library@santamonica.gov.<\/p>\n<h4>SMPL Apresenta: A ic\u00f4nica House of Ninja<\/h4>\n<p><em>Quarta-feira, 18 de fevereiro, das 19h \u00e0s 20h, na Biblioteca Principal, Audit\u00f3rio MLK Jr.<\/em><\/p>\n<p>Prepare-se para dan\u00e7ar! A ic\u00f4nica House of Ninja traz o calor em uma apresenta\u00e7\u00e3o de dan\u00e7a vogue que \u00e9 garantia de eletriza\u00e7\u00e3o. Fundada em 1982 pelo falecido Willi Ninja, o \u2018Padrinho da Vogue\u2019, a House of Ninja causou um grande impacto na cultura de dan\u00e7a de sal\u00e3o e na cultura convencional, aparecendo no document\u00e1rio premiado Paris Is Burning e na s\u00e9rie de competi\u00e7\u00f5es de dan\u00e7a de sal\u00e3o Legendary, da HBO Max. A House of Ninja trabalhou ao lado de alguns dos maiores nomes da moda e da m\u00fasica, incluindo Madonna, Lady Gaga, Beyonc\u00e9 e Doechii, e sua apresenta\u00e7\u00e3o certamente ganhar\u00e1 notas 10 em todos os setores!<\/p>\n<h4>Noite dos moradores locais: Noite de Jazz<\/h4>\n<p><em>Quinta-feira, 19 de fevereiro, das 15h30 \u00e0s 22h, no P\u00eder de Santa M\u00f4nica<\/em><\/p>\n<p>A Locals\u2019 Night est\u00e1 trazendo o ritmo com a Noite de Jazz do BroadStage, apresentando ex-alunos fenomenais do programa de Resid\u00eancia Art\u00edstica de Stanley Clarke. Desfrute de um ritmo intenso para celebrar o M\u00eas da Hist\u00f3ria Negra, enquanto o Offhand Wine Bar mant\u00e9m o clima suave com sele\u00e7\u00f5es perfeitamente harmonizadas.<\/p>\n<h4>Grupo de Livros de Fic\u00e7\u00e3o Not\u00e1veis: \u201cThe Birdwatcher\u201d, de Gayl Jones<\/h4>\n<p><em>S\u00e1bado, 21 de fevereiro, das 11h \u00e0s 12h30, via Zoom\u00a0<\/em><\/p>\n<p>Esse grupo mensal de discuss\u00e3o de livros, liderado pela comunidade, re\u00fane-se virtualmente para discutir t\u00edtulos de fic\u00e7\u00e3o vencedores de pr\u00eamios. Durante o m\u00eas de fevereiro, os participantes do grupo de leitura ler\u00e3o e discutir\u00e3o \u201cThe Birdwatcher\u201d, um finalista do National Book Award que explora a express\u00e3o criativa das mulheres negras. Para se registrar, envie um e-mail para library@santamonica.gov.<\/p>\n<h4>Maricas: Algo perfeito entre n\u00f3s mesmos<\/h4>\n<p><em>S\u00e1bado, 21 de fevereiro, das 15h \u00e0s 17h, na Annenberg Community Beach House\u00a0<\/em><\/p>\n<p>Bernard Brown, diretor e core\u00f3grafo da bbmoves, far\u00e1 uma pr\u00e9via de Sissies: Something Perfect between Ourselves, uma performance e instala\u00e7\u00e3o de, para e sobre artistas queer negros, marrons e ind\u00edgenas que criaram espa\u00e7os que alimentam a m\u00fasica, a dan\u00e7a, a moda e a pulsa\u00e7\u00e3o criativa do underground queer de Los Angeles.<\/p>\n<p>&nbsp;<\/p>\n<\/div>\n                                <\/div>\n        <div class=\"image-section-break__second-content\">\n                            <div class=\"image-section-break__body-copy wysiwyg\"><h4>Desafio de leitura do M\u00eas da Hist\u00f3ria Negra<\/h4>\n<p><em>De domingo, 1\u00ba de fevereiro a s\u00e1bado, 28 de fevereiro \/ Visite <a href=\"https:\/\/smpl.beanstack.org\/reader365\" target=\"_blank\" rel=\"noopener\">smpl.beanstack.org<\/a> para se registrar\u00a0<\/em><\/p>\n<p>Explore e honre a rica hist\u00f3ria, cultura e conquistas de homens e mulheres negros por meio de livros, apresentando t\u00edtulos que receberam o Coretta Scott King Book Award. Esses pr\u00eamios s\u00e3o concedidos a autores e ilustradores afro-americanos de destaque em livros para crian\u00e7as e jovens adultos que demonstram uma aprecia\u00e7\u00e3o da cultura afro-americana e dos valores humanos universais. Registre suas leituras e atividades para ganhar distintivos e participar do sorteio de um pacote de livros. Para idades de 12 a 17 anos.<\/p>\n<h4>Homenagem a Eddie Davis, Corpo de Bombeiros de Santa M\u00f4nica, 1960<\/h4>\n<p><em>Ter\u00e7a-feira, 24 de fevereiro, das 17h30 \u00e0s 18h30, na Prefeitura de Santa M\u00f4nica\u00a0<\/em><\/p>\n<p>Junte-se \u00e0 cidade para honrar o legado de Eddie Davis, o primeiro bombeiro negro de Santa Monica, ao comemorarmos seu servi\u00e7o, determina\u00e7\u00e3o e impacto duradouro em nossa comunidade.<\/p>\n<h4>11\u00ba Festival Anual de Verdes<\/h4>\n<p><em>S\u00e1bado, 28 de fevereiro, das 11h \u00e0s 16h, no Virginia Avenue Park\u00a0<\/em><\/p>\n<p>Traga sua fam\u00edlia, amigos e vizinhos para um dia de cultura, conex\u00e3o e celebra\u00e7\u00e3o no 11\u00ba Festival Anual de Verdes, uma alegre celebra\u00e7\u00e3o do M\u00eas da Hist\u00f3ria Negra, apresentado pelo Black Santa Monica Community Group em colabora\u00e7\u00e3o com o Virginia Avenue Park.<\/p>\n<p>O tema deste ano, \u201cBoots on the Ground\u201d, homenageia a comunidade e a cultura. Desfrute de demonstra\u00e7\u00f5es de culin\u00e1ria com verduras, m\u00fasica e dan\u00e7a, vendedores locais e estandes comunit\u00e1rios que oferecem recursos e informa\u00e7\u00f5es para a comunidade. Arron \u201cBobo\u201d Arnell retorna como mestre de cerim\u00f4nias e o DJ Dense, da KJLH, estar\u00e1 tocando durante todo o evento.<\/p>\n<h4>Exibi\u00e7\u00e3o de filme no M\u00eas da Hist\u00f3ria Negra:\u201cRuby Bridges\u201d<\/h4>\n<p><em>S\u00e1bado, 28 de fevereiro, das 15h \u00e0s 17h, na Biblioteca Principal\u00a0<\/em><\/p>\n<p>Conhe\u00e7a a hist\u00f3ria de Ruby Bridges, uma jovem negra, e sua experi\u00eancia na integra\u00e7\u00e3o da William Frantz Elementary School, que antes era uma escola exclusiva para brancos em Nova Orleans. Dura\u00e7\u00e3o: 96 min. Para fam\u00edlias.<\/p>\n<h4>Home Sob a pele de algu\u00e9m<\/h4>\n<p><em>S\u00e1bado, 28 de fevereiro, 15h, 16h e 17h no Historic Belmar Park\u00a0<\/em><\/p>\n<p>A obra \u2019Home Under One's Skin\u201c, de Marcella Lewis, foi criada em di\u00e1logo com a obra \u201dA Resurrection in Four Stanzas\u2019, de April Banks, no Historic Belmar Park, uma escultura p\u00fablica que envolve hist\u00f3rias de deslocamento e lembran\u00e7a. Com base no movimento, na voz e no envolvimento direto do p\u00fablico, o trabalho de Lewis reflete sobre a mem\u00f3ria, o renascimento e o anseio, concentrando-se na perda intergeracional da \u201cvida na varanda\u201d, um espa\u00e7o cultural de reuni\u00e3o, narra\u00e7\u00e3o de hist\u00f3rias e cuidados que j\u00e1 foi fundamental para a vida comunit\u00e1ria dos negros.<\/p>\n<p><!-- wp:heading {\"level\":4} --><\/p>\n<h4 class=\"wp-block-heading\">BroadStage<\/h4>\n<p><em>Durante todo o m\u00eas de fevereiro<\/em><\/p>\n<p><!-- \/wp:heading --> <!-- wp:paragraph --><\/p>\n<p>Aderir <a href=\"https:\/\/www.santamonica.com\/pt\/coisas-para-fazer\/o-palco-amplo\/\">BroadStage<\/a> em comemora\u00e7\u00e3o ao M\u00eas da Hist\u00f3ria Negra em fevereiro, com uma OFERTA ESPECIAL em <em>Uma noite de com\u00e9dia com Dominique: Oh My! Mam\u00e3e, l\u00e1 vai aquela mulher!<\/em> e <em>Mestres do Groove de Nova Orleans<\/em>. Aproveite o desconto de 25% nesses shows usando o c\u00f3digo \u201cBHM25\u201d no checkout. Ingressos em <a href=\"http:\/\/broadstage.org\" data-type=\"link\" data-id=\"broadstage.org\" target=\"_blank\" rel=\"noopener\">broadstage.org<\/a>!<!-- \/wp:paragraph --><\/p>\n<\/div>\n                                <\/div>\n    <\/div>\n<\/section>\n\n\n\n<section class=\"image-section-break sm-block\">\n    <div class=\"image-section-break__image-wrapper\">\n                    <picture>\n                    <source\n                        media=\"(min-width: 768px)\"\n                        srcset=\"https:\/\/www.santamonica.com\/wp-content\/uploads\/2023\/02\/Black-Owned-Business.jpg\"\n                    >\n                    <img decoding=\"async\" src=\"https:\/\/www.santamonica.com\/wp-content\/uploads\/2023\/02\/Black-Owned-Business-Tall.jpg\" class=\"image-section-break__image\" alt=\"Mulher em p\u00e9, orgulhosa, na frente de sua loja de roupas\" title=\"\">\n            <\/picture>\n                \n\n    <\/div>\n    <div class=\"image-section-break__text-content\">\n        <div class=\"image-section-break__first-content --theme3\">\n                                        <h2 class=\"image-section-break__title\">Especiais de neg\u00f3cios<\/h2>\n                                        <div class=\"image-section-break__body-copy wysiwyg\"><p>Em breve, mais promo\u00e7\u00f5es comerciais!<\/p>\n<\/div>\n                                <\/div>\n        <div class=\"image-section-break__second-content\">\n                                <\/div>\n    <\/div>\n<\/section>\n\n\n\n<p class=\"has-text-align-center base-block\"><em>Para mais empresas de propriedade de negros, <a href=\"https:\/\/www.santamonica.gov\/blackownedbusinesses\" target=\"_blank\" rel=\"noreferrer noopener\">confira a lista completa no site da Cidade de Santa M\u00f4nica<\/a>.<\/em><\/p>\n\n\n<section class=\"travel-tips --theme7 sm-block base-block\">\n    <div class=\"travel-tips__inner\">\n        <div class=\"travel-tips__body-col\">\n                            <img decoding=\"async\" src=\"https:\/\/www.santamonica.com\/wp-content\/uploads\/2022\/06\/responsible-badge-1.svg\" alt=\"Viaje para Santa Monica com responsabilidade\" title=\"\">\n                                        <p class=\"travel-tips__intro\">Viaje de forma segura e sustent\u00e1vel para ajudar a manter a beleza de Santa Monica e, ao mesmo tempo, permanecer saud\u00e1vel com estas dicas.<\/p>\n                    <\/div>\n        <div class=\"travel-tips__links-col\">\n                        <div class=\"travel-tips__link-row\">\n                                    <img decoding=\"async\" src=\"https:\/\/www.santamonica.com\/wp-content\/uploads\/2022\/06\/Parking-Information.svg\" alt=\"Estacionamento em Santa Monica\" title=\"\">\n                                                    <a class=\"travel-tips__link\" href=\"https:\/\/www.santamonica.com\/pt\/transporte\/estacionamento\/\">\n                        Informa\u00e7\u00f5es sobre o estacionamento                    <\/a>\n                            <\/div>\n                        <div class=\"travel-tips__link-row\">\n                                    <img decoding=\"async\" src=\"https:\/\/www.santamonica.com\/wp-content\/uploads\/2022\/06\/What-to-Pack.svg\" alt=\"Como fazer as malas para uma viagem a Santa M\u00f4nica\" title=\"\">\n                                                    <a class=\"travel-tips__link\" href=\"https:\/\/www.santamonica.com\/pt\/experiencia-em-santa-monica\/o-que-levar-na-mala\/\">\n                        O que levar na mala                    <\/a>\n                            <\/div>\n                        <div class=\"travel-tips__link-row\">\n                                    <img decoding=\"async\" src=\"https:\/\/www.santamonica.com\/wp-content\/uploads\/2022\/06\/Health-and-Safety.svg\" alt=\"Dicas de seguran\u00e7a de viagem em Santa M\u00f4nica\" title=\"\">\n                                                    <a class=\"travel-tips__link\" href=\"https:\/\/www.santamonica.com\/pt\/experiencia-em-santa-monica\/seguranca\/\">\n                        Sa\u00fade e seguran\u00e7a                    <\/a>\n                            <\/div>\n                        <div class=\"travel-tips__link-row\">\n                                    <img decoding=\"async\" src=\"https:\/\/www.santamonica.com\/wp-content\/uploads\/2022\/06\/The-Essentials.svg\" alt=\"Itens essenciais para uma viagem a Santa M\u00f4nica\" title=\"\">\n                                                    <a class=\"travel-tips__link\" href=\"https:\/\/www.santamonica.com\/pt\/experiencia-em-santa-monica\/essenciais\/\">\n                        O essencial                    <\/a>\n                            <\/div>\n                    <\/div>\n\n    <\/div>\n<\/section>\n\n\n    <section class=\"booking-cta --theme5 sm-block\">\n    <div id=\"widget-container-2070\"><\/div>\n<script type=\"text\/javascript\">\n  (function() {\n    var script = document.createElement('script');\n    script.type = 'text\/javascript';\n    script.async = 'true';\n    script.src = \"https:\/\/admin.bookdirect.net\/hs4\/widgets\/2070.js?widget_element=widget-container-2070\";\n    document.body.appendChild(script);\n  })();\n<\/script>\n    <\/section>\n\n\n\n<section class=\"blog-feed --theme8 sm-block\">\n    <div class=\"blog-feed__content\">\n        <div class=\"blog-feed__intro\">\n                            <div class=\"blog-feed__eyebrow eyebrow\">Blogs<\/div>                                        <h1 class=\"blog-feed__headline\">Descubra Santa M\u00f4nica<\/h1>                                        <div class=\"blog-feed__body\"><p>Explore itiner\u00e1rios, dicas locais, pontos de interesse e aventuras selecionadas para garantir que voc\u00ea aproveite ao m\u00e1ximo sua experi\u00eancia em Santa Monica.<\/p>\n<\/div>\n                                        <a class=\"blog-feed__cta\" href=\"https:\/\/www.santamonica.com\/pt\/postagens-de-blog\/\">Ver todos os blogs<\/a>\n                    <\/div>\n\n        <ul class=\"blog-feed__list\">\n                                                <li class=\"blog-feed__item\">\n                        <a href=\"https:\/\/www.santamonica.com\/pt\/experience-santa-monica\/diverse-santa-monica-businesses\/\" class=\"blog-feed__item-link\">\n                            <div class=\"blog-feed__image-ratio\">\n                                <img decoding=\"async\" class=\"blog-feed__image\" src=\"https:\/\/www.santamonica.com\/wp-content\/uploads\/2020\/12\/Minority-Owned-Businesses-in-Santa-Monica-featured-400x400.jpg\" alt=\"Empresas que celebram a diversidade de Santa M\u00f4nica\" title=\"\">\n                            <\/div>\n                            <div class=\"blog-feed__card-title\">Empresas que celebram a diversidade de Santa M\u00f4nica<\/div>\n                        <\/a>\n                    <\/li>\n                                                                <li class=\"blog-feed__item\">\n                        <a href=\"https:\/\/www.santamonica.com\/pt\/shopping\/support-santa-monica-retail-and-buy-local\/\" class=\"blog-feed__item-link\">\n                            <div class=\"blog-feed__image-ratio\">\n                                <img decoding=\"async\" class=\"blog-feed__image\" src=\"https:\/\/www.santamonica.com\/wp-content\/uploads\/2020\/04\/Buy-Local-Santa-Monica-featured2-400x400.jpg\" alt=\"Apoie o varejo de Santa Monica e compre localmente\" title=\"\">\n                            <\/div>\n                            <div class=\"blog-feed__card-title\">Apoie o varejo de Santa Monica e compre localmente<\/div>\n                        <\/a>\n                    <\/li>\n                                                                <li class=\"blog-feed__item\">\n                        <a href=\"https:\/\/www.santamonica.com\/pt\/experience-santa-monica\/female-owned-businesses-flourish-in-santa-monica\/\" class=\"blog-feed__item-link\">\n                            <div class=\"blog-feed__image-ratio\">\n                                <img decoding=\"async\" class=\"blog-feed__image\" src=\"https:\/\/www.santamonica.com\/wp-content\/uploads\/2021\/03\/WomenOwnedBusiness_Featured-400x400.jpg\" alt=\"Empresas de propriedade de mulheres florescem em Santa Monica\" title=\"\">\n                            <\/div>\n                            <div class=\"blog-feed__card-title\">Empresas de propriedade de mulheres florescem em Santa Monica<\/div>\n                        <\/a>\n                    <\/li>\n                                    <\/ul>\n    <\/div>\n<\/section>","protected":false},"excerpt":{"rendered":"<p>For more Black-owned businesses, check out the full list on City of Santa Monica\u2019s website.<\/p>","protected":false},"author":1421,"featured_media":374939,"parent":0,"menu_order":0,"comment_status":"closed","ping_status":"closed","template":"","meta":{"_acf_changed":false,"inline_featured_image":false,"footnotes":""},"silos":[],"class_list":["post-374399","page","type-page","status-publish","has-post-thumbnail","hentry"],"acf":[],"_links":{"self":[{"href":"https:\/\/www.santamonica.com\/pt\/wp-json\/wp\/v2\/pages\/374399","targetHints":{"allow":["GET"]}}],"collection":[{"href":"https:\/\/www.santamonica.com\/pt\/wp-json\/wp\/v2\/pages"}],"about":[{"href":"https:\/\/www.santamonica.com\/pt\/wp-json\/wp\/v2\/types\/page"}],"author":[{"embeddable":true,"href":"https:\/\/www.santamonica.com\/pt\/wp-json\/wp\/v2\/users\/1421"}],"replies":[{"embeddable":true,"href":"https:\/\/www.santamonica.com\/pt\/wp-json\/wp\/v2\/comments?post=374399"}],"version-history":[{"count":120,"href":"https:\/\/www.santamonica.com\/pt\/wp-json\/wp\/v2\/pages\/374399\/revisions"}],"predecessor-version":[{"id":784789,"href":"https:\/\/www.santamonica.com\/pt\/wp-json\/wp\/v2\/pages\/374399\/revisions\/784789"}],"wp:featuredmedia":[{"embeddable":true,"href":"https:\/\/www.santamonica.com\/pt\/wp-json\/wp\/v2\/media\/374939"}],"wp:attachment":[{"href":"https:\/\/www.santamonica.com\/pt\/wp-json\/wp\/v2\/media?parent=374399"}],"wp:term":[{"taxonomy":"silos","embeddable":true,"href":"https:\/\/www.santamonica.com\/pt\/wp-json\/wp\/v2\/silos?post=374399"}],"curies":[{"name":"wp","href":"https:\/\/api.w.org\/{rel}","templated":true}]}}