{"id":369875,"date":"2022-12-06T15:54:28","date_gmt":"2022-12-06T23:54:28","guid":{"rendered":"https:\/\/www.santamonica.com\/?page_id=369875"},"modified":"2022-12-13T22:49:31","modified_gmt":"2022-12-14T06:49:31","slug":"jimmy-kimmel-la-bowl","status":"publish","type":"page","link":"https:\/\/www.santamonica.com\/pt\/things-to-do\/jimmy-kimmel-la-bowl\/","title":{"rendered":"Jimmy Kimmel LA Bowl 2022"},"content":{"rendered":"<section class=\"sun-title sm-block --theme6 sm-block\">\n                \n    <\/section>\n\n\n    <section class=\"booking-cta --theme5 sm-block\">\n    <div id=\"widget-container-2070\"><\/div>\n<script type=\"text\/javascript\">\n  (function() {\n    var script = document.createElement('script');\n    script.type = 'text\/javascript';\n    script.async = 'true';\n    script.src = \"https:\/\/admin.bookdirect.net\/hs4\/widgets\/2070.js?widget_element=widget-container-2070\";\n    document.body.appendChild(script);\n  })();\n<\/script>\n    <\/section>\n\n\n\n\n    \n    <section class=\"subpage-links container-max sm-block\">\n        <div class=\"subpage-links__diamonds\"><\/div>\n                <div class=\"subpage-links__content\">\n            <div class=\"subpage-links__card\">\n                <div class=\"subpage-links__card-wrapper\">\n                    <a href=\"https:\/\/www.santamonica.com\/pt\/hoteis\/\" class=\"subpage-links__card-link\" aria-label=\"Reserve seu hotel\">\n                                                    <img decoding=\"async\" width=\"550\" height=\"782\" src=\"https:\/\/www.santamonica.com\/wp-content\/uploads\/2022\/12\/Loews-Santa-Monica-Hotel.jpg\" class=\"subpage-links__card-image\" alt=\"\" loading=\"lazy\" srcset=\"https:\/\/www.santamonica.com\/wp-content\/uploads\/2022\/12\/Loews-Santa-Monica-Hotel.jpg 550w, https:\/\/www.santamonica.com\/wp-content\/uploads\/2022\/12\/Loews-Santa-Monica-Hotel-211x300.jpg 211w, https:\/\/www.santamonica.com\/wp-content\/uploads\/2022\/12\/Loews-Santa-Monica-Hotel-105x150.jpg 105w\" sizes=\"auto, (max-width: 550px) 100vw, 550px\" title=\"\">                                                                            <div class=\"subpage-links__card-description\">\n                                <span class=\"subpage-links__card-title\">Reserve seu hotel<\/span>\n                                <div class=\"subpage-links__card-button card-arrow\">Explorar<\/div>\n                            <\/div>\n                                            <\/a>\n                <\/div>\n            <\/div>\n            <div class=\"subpage-links__card\">\n                <div class=\"subpage-links__card-wrapper\">\n                    <a href=\"https:\/\/www.santamonica.com\/pt\/coisas-para-fazer\/holiday-specials\/\" class=\"subpage-links__card-link\" aria-label=\"Eventos de f\u00e9rias\">\n                                                    <img decoding=\"async\" width=\"550\" height=\"782\" src=\"https:\/\/www.santamonica.com\/wp-content\/uploads\/2022\/12\/Ice-Santa-Monica.jpg\" class=\"subpage-links__card-image\" alt=\"M\u00e3e segurando o filho em uma m\u00e3o e a menina rindo na outra; fam\u00edlia patinando no gelo; Ice Santa Monica\" loading=\"lazy\" srcset=\"https:\/\/www.santamonica.com\/wp-content\/uploads\/2022\/12\/Ice-Santa-Monica.jpg 550w, https:\/\/www.santamonica.com\/wp-content\/uploads\/2022\/12\/Ice-Santa-Monica-211x300.jpg 211w, https:\/\/www.santamonica.com\/wp-content\/uploads\/2022\/12\/Ice-Santa-Monica-105x150.jpg 105w\" sizes=\"auto, (max-width: 550px) 100vw, 550px\" title=\"\">                                                                            <div class=\"subpage-links__card-description\">\n                                <div class=\"subpage-links__card-title\">Eventos de f\u00e9rias<\/div>\n                                <div class=\"subpage-links__card-button card-arrow\">Explorar<\/div>\n                            <\/div>\n                                            <\/a>\n                <\/div>\n            <\/div>\n            <div class=\"subpage-links__card\">\n                <div class=\"subpage-links__card-wrapper\">\n                    <a href=\"\/pt\/planejador-de-viagens\/\" class=\"subpage-links__card-link\" aria-label=\"Crie sua viagem\">\n                                                    <img decoding=\"async\" width=\"540\" height=\"540\" src=\"https:\/\/www.santamonica.com\/wp-content\/uploads\/2022\/07\/Santa-Monica-Beach-aerial-540x540-1.jpg\" class=\"subpage-links__card-image\" alt=\"\" loading=\"lazy\" srcset=\"https:\/\/www.santamonica.com\/wp-content\/uploads\/2022\/07\/Santa-Monica-Beach-aerial-540x540-1.jpg 540w, https:\/\/www.santamonica.com\/wp-content\/uploads\/2022\/07\/Santa-Monica-Beach-aerial-540x540-1-300x300.jpg 300w, https:\/\/www.santamonica.com\/wp-content\/uploads\/2022\/07\/Santa-Monica-Beach-aerial-540x540-1-150x150.jpg 150w, https:\/\/www.santamonica.com\/wp-content\/uploads\/2022\/07\/Santa-Monica-Beach-aerial-540x540-1-400x400.jpg 400w\" sizes=\"auto, (max-width: 540px) 100vw, 540px\" title=\"\">                                                                            <div class=\"subpage-links__card-description\">\n                                <div class=\"subpage-links__card-title\">Crie sua viagem<\/div>\n                                <div class=\"subpage-links__card-button card-arrow\">Explorar<\/div>\n                            <\/div>\n                                            <\/a>\n                <\/div>\n            <\/div>\n        <\/div>\n            <\/section>\n\n\n<section class=\"travel-tips --theme7 sm-block base-block\">\n    <div class=\"travel-tips__inner\">\n        <div class=\"travel-tips__body-col\">\n                            <img decoding=\"async\" src=\"https:\/\/www.santamonica.com\/wp-content\/uploads\/2022\/06\/responsible-badge-1.svg\" alt=\"Viaje para Santa Monica com responsabilidade\" title=\"\">\n                                        <p class=\"travel-tips__intro\">Viaje de forma segura e sustent\u00e1vel para ajudar a manter a beleza de Santa Monica e, ao mesmo tempo, permanecer saud\u00e1vel com estas dicas.<\/p>\n                    <\/div>\n        <div class=\"travel-tips__links-col\">\n                        <div class=\"travel-tips__link-row\">\n                                    <img decoding=\"async\" src=\"https:\/\/www.santamonica.com\/wp-content\/uploads\/2022\/06\/Parking-Information.svg\" alt=\"Estacionamento em Santa Monica\" title=\"\">\n                                                    <a class=\"travel-tips__link\" href=\"https:\/\/www.santamonica.com\/pt\/transporte\/estacionamento\/\">\n                        Informa\u00e7\u00f5es sobre o estacionamento                    <\/a>\n                            <\/div>\n                        <div class=\"travel-tips__link-row\">\n                                    <img decoding=\"async\" src=\"https:\/\/www.santamonica.com\/wp-content\/uploads\/2022\/06\/What-to-Pack.svg\" alt=\"Como fazer as malas para uma viagem a Santa M\u00f4nica\" title=\"\">\n                                                    <a class=\"travel-tips__link\" href=\"https:\/\/www.santamonica.com\/pt\/experiencia-em-santa-monica\/o-que-levar-na-mala\/\">\n                        O que levar na mala                    <\/a>\n                            <\/div>\n                        <div class=\"travel-tips__link-row\">\n                                    <img decoding=\"async\" src=\"https:\/\/www.santamonica.com\/wp-content\/uploads\/2022\/06\/Health-and-Safety.svg\" alt=\"Dicas de seguran\u00e7a de viagem em Santa M\u00f4nica\" title=\"\">\n                                                    <a class=\"travel-tips__link\" href=\"https:\/\/www.santamonica.com\/pt\/experiencia-em-santa-monica\/seguranca\/\">\n                        Sa\u00fade e seguran\u00e7a                    <\/a>\n                            <\/div>\n                        <div class=\"travel-tips__link-row\">\n                                    <img decoding=\"async\" src=\"https:\/\/www.santamonica.com\/wp-content\/uploads\/2022\/06\/The-Essentials.svg\" alt=\"Itens essenciais para uma viagem a Santa M\u00f4nica\" title=\"\">\n                                                    <a class=\"travel-tips__link\" href=\"https:\/\/www.santamonica.com\/pt\/experiencia-em-santa-monica\/essenciais\/\">\n                        O essencial                    <\/a>\n                            <\/div>\n                    <\/div>\n\n    <\/div>\n<\/section>\n\n\n<section class=\"links-grid --theme3 sm-block\">\n    <div class=\"links-grid__wrapper\">\n                                                    <a href=\"https:\/\/www.santamonica.com\/pt\/things-to-do\/santa-monica-beach\/\" class=\"links-grid__card-link\" aria-label=\"Praia de Santa M\u00f4nica\" >\n                    <div class=\"links-grid__card\">\n                                                    <div class=\"links-grid__card-image-wrapper\">\n                                <img decoding=\"async\" width=\"400\" height=\"400\" src=\"https:\/\/www.santamonica.com\/wp-content\/uploads\/2022\/05\/santa-monica-beach-guide-400x400.jpg\" class=\"links-grid__card-image\" alt=\"guia de praias de santa monica\" loading=\"lazy\" title=\"\">                            <\/div>\n                                                <div class=\"links-grid__card-text\">\n                                                            <div class=\"links-grid__card-title\">Praia de Santa M\u00f4nica<\/div>\n                                                                                        <div class=\"links-grid__card-description\">Aproveite o jogo com praias ensolaradas, ar do oceano e aventuras ilimitadas.<\/div>\n                                                    <\/div>\n                    <\/div>\n                <\/a>\n                                            <a href=\"https:\/\/www.santamonica.com\/pt\/transportation\/\" class=\"links-grid__card-link\" aria-label=\"Transporte - Como se locomover\" >\n                    <div class=\"links-grid__card\">\n                                                    <div class=\"links-grid__card-image-wrapper\">\n                                <img decoding=\"async\" width=\"400\" height=\"400\" src=\"https:\/\/www.santamonica.com\/wp-content\/uploads\/2022\/06\/santa-monica-directions-400x400.jpg\" class=\"links-grid__card-image\" alt=\"Viagem de LAX para Santa Monica\" loading=\"lazy\" title=\"\">                            <\/div>\n                                                <div class=\"links-grid__card-text\">\n                                                            <div class=\"links-grid__card-title\">Transporte - Como se locomover<\/div>\n                                                                                        <div class=\"links-grid__card-description\">Planeje sua rota para o jogo com facilidade e descubra experi\u00eancias em toda a cidade.<\/div>\n                                                    <\/div>\n                    <\/div>\n                <\/a>\n                                            <a href=\"https:\/\/www.santamonica.com\/pt\/dining-guide-2\/\" class=\"links-grid__card-link\" aria-label=\"Guia de refei\u00e7\u00f5es\" >\n                    <div class=\"links-grid__card\">\n                                                    <div class=\"links-grid__card-image-wrapper\">\n                                <img decoding=\"async\" width=\"400\" height=\"400\" src=\"https:\/\/www.santamonica.com\/wp-content\/uploads\/2022\/06\/santa-monica-eateries-2-400x400.jpg\" class=\"links-grid__card-image\" alt=\"restaurantes de santa monica\" loading=\"lazy\" title=\"\">                            <\/div>\n                                                <div class=\"links-grid__card-text\">\n                                                            <div class=\"links-grid__card-title\">Guia de refei\u00e7\u00f5es<\/div>\n                                                                                        <div class=\"links-grid__card-description\">Eleve o n\u00edvel de sua refei\u00e7\u00e3o antes e depois do jogo em um dos mais de 400 restaurantes.<\/div>\n                                                    <\/div>\n                    <\/div>\n                <\/a>\n                                            <a href=\"https:\/\/www.santamonica.com\/pt\/nightlife\/guide-to-santa-monica-bars\/\" class=\"links-grid__card-link\" aria-label=\"Bares e vida noturna\" >\n                    <div class=\"links-grid__card\">\n                                                    <div class=\"links-grid__card-image-wrapper\">\n                                <img decoding=\"async\" width=\"400\" height=\"400\" src=\"https:\/\/www.santamonica.com\/wp-content\/uploads\/2022\/06\/santa-monica-bars-400x400.jpg\" class=\"links-grid__card-image\" alt=\"bares em santa m\u00f4nica\" loading=\"lazy\" title=\"\">                            <\/div>\n                                                <div class=\"links-grid__card-text\">\n                                                            <div class=\"links-grid__card-title\">Bares e vida noturna<\/div>\n                                                                                        <div class=\"links-grid__card-description\">Comemore grandes vit\u00f3rias nos bares favoritos de Santa M\u00f4nica.<\/div>\n                                                    <\/div>\n                    <\/div>\n                <\/a>\n                        <\/div>\n<\/section>\n\n\n\n<section class=\"blog-feed --theme8 sm-block\">\n    <div class=\"blog-feed__content\">\n        <div class=\"blog-feed__intro\">\n                            <div class=\"blog-feed__eyebrow eyebrow\">Blogs<\/div>                                        <h2 class=\"blog-feed__headline\">Descubra Santa M\u00f4nica<\/h2>                                        <div class=\"blog-feed__body\"><p>Explore itiner\u00e1rios, dicas locais, pontos de interesse e aventuras selecionadas para garantir que voc\u00ea aproveite ao m\u00e1ximo sua experi\u00eancia em Santa Monica.<\/p>\n<\/div>\n                                        <a class=\"blog-feed__cta\" href=\"https:\/\/www.santamonica.com\/pt\/postagens-de-blog\/\">Ver todos os blogs<\/a>\n                    <\/div>\n\n        <ul class=\"blog-feed__list\">\n                                                <li class=\"blog-feed__item\">\n                        <a href=\"https:\/\/www.santamonica.com\/pt\/things-to-do\/100-free-things-to-do-santa-monica\/\" class=\"blog-feed__item-link\">\n                            <div class=\"blog-feed__image-ratio\">\n                                <img decoding=\"async\" class=\"blog-feed__image\" src=\"https:\/\/www.santamonica.com\/wp-content\/uploads\/2015\/04\/100-Free-Things-Featured-Image__520x546.jpg\" alt=\"Coisas gratuitas para fazer em Santa M\u00f4nica\" title=\"\">\n                            <\/div>\n                            <div class=\"blog-feed__card-title\">Coisas gratuitas para fazer em Santa M\u00f4nica<\/div>\n                        <\/a>\n                    <\/li>\n                                                                <li class=\"blog-feed__item\">\n                        <a href=\"https:\/\/www.santamonica.com\/pt\/restaurants\/allergy-friendly-dining-options-in-santa-monica\/\" class=\"blog-feed__item-link\">\n                            <div class=\"blog-feed__image-ratio\">\n                                <img decoding=\"async\" class=\"blog-feed__image\" src=\"https:\/\/www.santamonica.com\/wp-content\/uploads\/2021\/04\/FlowerchildBowl_Featured-400x400.jpg\" alt=\"Op\u00e7\u00f5es de restaurantes antial\u00e9rgicos em Santa Monica\" title=\"\">\n                            <\/div>\n                            <div class=\"blog-feed__card-title\">Op\u00e7\u00f5es de restaurantes antial\u00e9rgicos em Santa Monica<\/div>\n                        <\/a>\n                    <\/li>\n                                    <\/ul>\n    <\/div>\n<\/section>","protected":false},"excerpt":{"rendered":"","protected":false},"author":1421,"featured_media":370046,"parent":0,"menu_order":0,"comment_status":"closed","ping_status":"closed","template":"template-editorial.php","meta":{"_acf_changed":false,"inline_featured_image":false,"footnotes":""},"silos":[3899],"class_list":["post-369875","page","type-page","status-publish","has-post-thumbnail","hentry"],"acf":[],"_links":{"self":[{"href":"https:\/\/www.santamonica.com\/pt\/wp-json\/wp\/v2\/pages\/369875","targetHints":{"allow":["GET"]}}],"collection":[{"href":"https:\/\/www.santamonica.com\/pt\/wp-json\/wp\/v2\/pages"}],"about":[{"href":"https:\/\/www.santamonica.com\/pt\/wp-json\/wp\/v2\/types\/page"}],"author":[{"embeddable":true,"href":"https:\/\/www.santamonica.com\/pt\/wp-json\/wp\/v2\/users\/1421"}],"replies":[{"embeddable":true,"href":"https:\/\/www.santamonica.com\/pt\/wp-json\/wp\/v2\/comments?post=369875"}],"version-history":[{"count":21,"href":"https:\/\/www.santamonica.com\/pt\/wp-json\/wp\/v2\/pages\/369875\/revisions"}],"predecessor-version":[{"id":371166,"href":"https:\/\/www.santamonica.com\/pt\/wp-json\/wp\/v2\/pages\/369875\/revisions\/371166"}],"wp:featuredmedia":[{"embeddable":true,"href":"https:\/\/www.santamonica.com\/pt\/wp-json\/wp\/v2\/media\/370046"}],"wp:attachment":[{"href":"https:\/\/www.santamonica.com\/pt\/wp-json\/wp\/v2\/media?parent=369875"}],"wp:term":[{"taxonomy":"silos","embeddable":true,"href":"https:\/\/www.santamonica.com\/pt\/wp-json\/wp\/v2\/silos?post=369875"}],"curies":[{"name":"wp","href":"https:\/\/api.w.org\/{rel}","templated":true}]}}