{"id":368163,"date":"2022-11-14T11:53:01","date_gmt":"2022-11-14T19:53:01","guid":{"rendered":"https:\/\/www.santamonica.com\/?page_id=368163"},"modified":"2022-11-15T13:25:57","modified_gmt":"2022-11-15T21:25:57","slug":"montanhas-de-santa-monica","status":"publish","type":"page","link":"https:\/\/www.santamonica.com\/pt\/experience-santa-monica\/santa-monica-mountains\/","title":{"rendered":"\u00c1rea de Recrea\u00e7\u00e3o Nacional das Montanhas de Santa M\u00f4nica"},"content":{"rendered":"<p class=\"base-block\">A SMMNRA \u00e9 uma enorme \u00e1rea de recrea\u00e7\u00e3o nacional que cont\u00e9m muitos parques individuais e reservas de espa\u00e7o aberto, incluindo algumas das mais belas trilhas de caminhada do pa\u00eds. Os parques est\u00e3o localizados principalmente nas Montanhas de Santa Monica, com dois ter\u00e7os deles no noroeste do Condado de Los Angeles e o ter\u00e7o restante, incluindo uma extens\u00e3o em Simi Hills, no Condado de Ventura. Uma das \u00fanicas \u00e1reas rurais abertas que restam em Los Angeles, as montanhas de Santa Monica se estendem por 50 milhas na \u00e1rea noroeste de Los Angeles. Essas belas montanhas s\u00e3o cobertas por florestas de carvalhos e sic\u00f4moros, flores silvestres, s\u00e1lvia costeira e mais de 20 esp\u00e9cies diferentes de plantas e animais.<\/p>\n\n\n<section class=\"sun-title sm-block --theme6 sm-block\">\n            <h2 class=\"sun-title__headline\">Coisas para fazer na \u00c1rea de Recrea\u00e7\u00e3o Nacional das Montanhas de Santa M\u00f4nica<\/h2>    \n            <div class=\"sun-title__body  wysiwyg\">\n                    <p>Prepare-se para explorar o ar livre! H\u00e1 muitas oportunidades para ver o que essa \u00e1rea tem a oferecer, incluindo ciclismo, observa\u00e7\u00e3o de p\u00e1ssaros, observa\u00e7\u00e3o de baleias em terra, acampamento, caminhada, cavalgada e escalada. A Backbone Trail percorre quase 110 km pelas montanhas de Santa Monica entre o Will Rogers State Park e o Point Mugu State Park. Fique \u00e0 vontade para levar seu cachorro e at\u00e9 mesmo para fazer um piquenique na trilha.<\/p>\n<p>Se voc\u00ea quiser fazer uma caminhada, mas n\u00e3o quiser passar muito tempo sob o sol, experimente a Circle X Ranch Trail. A partir do in\u00edcio da trilha, suba o Sandstone Peak de 948 metros (3.111 p\u00e9s) para ter vistas do Oceano Pac\u00edfico e do centro de Los Angeles. Essa caminhada \u00e9 excelente para todos os n\u00edveis de caminhantes; a trilha \u00e9 quase toda plana, com apenas algumas se\u00e7\u00f5es \u00edngremes.<\/p>\n                        <\/div>\n    <\/section>\n\n\n\n<figure class=\"wp-block-image aligncenter size-full base-block\"><img decoding=\"async\" width=\"937\" height=\"700\" src=\"https:\/\/www.santamonica.com\/wp-content\/uploads\/2022\/11\/paramount-ranch.jpg\" alt=\"paramount ranch\" class=\"wp-image-368251\" title=\"\" srcset=\"https:\/\/www.santamonica.com\/wp-content\/uploads\/2022\/11\/paramount-ranch.jpg 937w, https:\/\/www.santamonica.com\/wp-content\/uploads\/2022\/11\/paramount-ranch-300x224.jpg 300w, https:\/\/www.santamonica.com\/wp-content\/uploads\/2022\/11\/paramount-ranch-201x150.jpg 201w, https:\/\/www.santamonica.com\/wp-content\/uploads\/2022\/11\/paramount-ranch-768x574.jpg 768w\" sizes=\"(max-width: 937px) 100vw, 937px\" \/>\n\n            <div class=\"img-lctn-tag --no-link wordpress-image__image-caption --right\">Foto de: @cruselaw<\/div>\n    <\/figure>\n\n<section class=\"sun-title sm-block --theme6 sm-block\">\n            <h3 class=\"sun-title__headline\">Vistas dignas de filme nas montanhas<\/h3>    \n            <div class=\"sun-title__body  wysiwyg\">\n                    <p>Se voc\u00ea tiver mais tempo e preferir uma caminhada mais longa, experimente a Solstice Canyon Trail. A partir do in\u00edcio da trilha, caminhe ao longo de um riacho sombreado por carvalhos e sic\u00f4moros e observe as belas vistas das cachoeiras ao longo do caminho. Essa caminhada tamb\u00e9m \u00e9 boa para todos os n\u00edveis de habilidade, pois n\u00e3o \u00e9 muito dif\u00edcil nem muito f\u00e1cil - \u00e9 na medida certa! Independentemente da trilha que escolher, certifique-se de permanecer nas trilhas designadas para sua seguran\u00e7a e para n\u00e3o perturbar as terras dos propriet\u00e1rios privados.<\/p>\n<p>E se voc\u00ea estiver interessado em saber como os filmes eram feitos antigamente (e talvez ver alguns cen\u00e1rios de filmes), visite o Paramount Ranch! Essa \u00e1rea tem sido usada como loca\u00e7\u00e3o de filmes desde 1927 e serviu de base para estrelas como Bob Hope e Gary Cooper.<\/p>\n                        <\/div>\n    <\/section>\n\n\n<section class=\"image-slider --theme1 sm-block\" >\n    <div class=\"image-slider__wrapper\">\n                    <div class=\"image-slider__copy wysiwyg\"><p><span style=\"font-weight: 400;\">Continue o passeio hist\u00f3rico por Hollywood acessando <\/span><a href=\"https:\/\/www.parks.ca.gov\/?page_id=626\" target=\"_blank\" rel=\"noopener\"><span style=\"font-weight: 400;\"><strong>Parque Estadual Will Rogers<\/strong>.<\/span><\/a><span style=\"font-weight: 400;\"> O ator de vaudeville que d\u00e1 nome ao parque comprou a terra no in\u00edcio de sua carreira para sua fam\u00edlia, mas ela foi doada em 1944 ap\u00f3s sua morte e se tornou um parque estadual. Esse parque tem algo para todos, com 359 acres das montanhas de Santa Monica, com uma casa de fazenda, campo de polo, passeios a cavalo e muito mais. <\/span><\/p>\n<\/div>\n                <div class=\"image-slider__slider right\">\n                            <!-- Slider main container -->\n                <div class=\"swiper js-image-slider\">\n                    <!-- Additional required wrapper -->\n                    <div class=\"swiper-wrapper\">\n                        <!-- Slides -->\n                                                    <div class=\"swiper-slide\">\n                                <img decoding=\"async\" width=\"1024\" height=\"576\" src=\"https:\/\/www.santamonica.com\/wp-content\/uploads\/2022\/11\/will-rogers-state-historic-park.jpg\" class=\"swiper-slide__image\" alt=\"\" loading=\"lazy\" srcset=\"https:\/\/www.santamonica.com\/wp-content\/uploads\/2022\/11\/will-rogers-state-historic-park.jpg 1024w, https:\/\/www.santamonica.com\/wp-content\/uploads\/2022\/11\/will-rogers-state-historic-park-300x169.jpg 300w, https:\/\/www.santamonica.com\/wp-content\/uploads\/2022\/11\/will-rogers-state-historic-park-267x150.jpg 267w, https:\/\/www.santamonica.com\/wp-content\/uploads\/2022\/11\/will-rogers-state-historic-park-768x432.jpg 768w\" sizes=\"auto, (max-width: 1024px) 100vw, 1024px\" title=\"\">                                \n\n            <div class=\"img-lctn-tag --no-link image-slider__image-caption --right\">Foto de: @michaelad567<\/div>\n                                <\/div>\n                                                    <div class=\"swiper-slide\">\n                                <img decoding=\"async\" width=\"1024\" height=\"576\" src=\"https:\/\/www.santamonica.com\/wp-content\/uploads\/2022\/11\/will-rogers-state-park-1.jpg\" class=\"swiper-slide__image\" alt=\"\" loading=\"lazy\" srcset=\"https:\/\/www.santamonica.com\/wp-content\/uploads\/2022\/11\/will-rogers-state-park-1.jpg 1024w, https:\/\/www.santamonica.com\/wp-content\/uploads\/2022\/11\/will-rogers-state-park-1-300x169.jpg 300w, https:\/\/www.santamonica.com\/wp-content\/uploads\/2022\/11\/will-rogers-state-park-1-267x150.jpg 267w, https:\/\/www.santamonica.com\/wp-content\/uploads\/2022\/11\/will-rogers-state-park-1-768x432.jpg 768w\" sizes=\"auto, (max-width: 1024px) 100vw, 1024px\" title=\"\">                                \n\n            <div class=\"img-lctn-tag --no-link image-slider__image-caption --right\">Foto de: @michaelad567<\/div>\n                                <\/div>\n                                            <\/div>\n                                            <div class=\"image-slider__swiper-controls-wrapper-relocator\">\n                            <div class=\"image-slider__swiper-controls-wrapper\">\n                                <div class=\"swiper-pagination\"><\/div>\n                                <div class=\"swiper-button-prev-custom\">\n                                    <div class=\"arrow-button-left\"><\/div>\n                                <\/div>\n                                <div class=\"swiper-button-next-custom\">\n                                    <div class=\"arrow-button-right\"><\/div>\n                                <\/div>\n                            <\/div>\n                        <\/div>\n                                    <\/div>\n                    <\/div>\n    <\/div>\n<\/section>\n\n\n\n<section class=\"two-images container-max sm-block  sm-block\">\n    <div class=\"two-images__container\">\n\n        <div class=\"two-images__column\">\n            <div class=\"two-images__content\">\n                <div class=\"two-images__content-header-container\">\n                                                                                <\/div>\n                                    <div class=\"two-images__content-body wysiwyg\">\n                        <p><span style=\"font-weight: 400;\">Para uma experi\u00eancia mais descontra\u00edda, recomendamos visitar os acampamentos nas montanhas de Santa Monica. Do Leo Carillo State Park ao Point Mugu State Park, h\u00e1 uma variedade de acampamentos para voc\u00ea aproveitar. Quando as estrelas aparecerem, voc\u00ea estar\u00e1 no local perfeito para observar as estrelas no c\u00e2nion e, quando o sol nascer pela manh\u00e3, voc\u00ea ouvir\u00e1 as ondas quebrando ao longe.\u00a0<\/span><\/p>\n                    <\/div>\n                                            <\/div>\n        <\/div>\n\n        <div class=\"two-images__column\">\n                            <div class=\"two-images__image-container\">\n                    <img decoding=\"async\" width=\"425\" height=\"505\" src=\"https:\/\/www.santamonica.com\/wp-content\/uploads\/2022\/11\/santa-monica-mountains-camping.jpg\" class=\"two-images__image\" alt=\"\" loading=\"lazy\" srcset=\"https:\/\/www.santamonica.com\/wp-content\/uploads\/2022\/11\/santa-monica-mountains-camping.jpg 425w, https:\/\/www.santamonica.com\/wp-content\/uploads\/2022\/11\/santa-monica-mountains-camping-252x300.jpg 252w, https:\/\/www.santamonica.com\/wp-content\/uploads\/2022\/11\/santa-monica-mountains-camping-126x150.jpg 126w\" sizes=\"auto, (max-width: 425px) 100vw, 425px\" title=\"\">                    \n\n            <div class=\"img-lctn-tag --no-link two-images__image-caption --right\">Foto de: @walkinabouthistory<\/div>\n                    <\/div>\n                    <\/div>\n\n        <div class=\"two-images__column\">\n                            <div class=\"two-images__image-container\">\n                    <img decoding=\"async\" width=\"600\" height=\"565\" src=\"https:\/\/www.santamonica.com\/wp-content\/uploads\/2022\/11\/Hikers-in-Santa-Monica-Mountains-National-Recreation-Area.jpg\" class=\"two-images__image\" alt=\"Caminhantes na \u00c1rea de Recrea\u00e7\u00e3o Nacional das Montanhas de Santa M\u00f4nica\" loading=\"lazy\" srcset=\"https:\/\/www.santamonica.com\/wp-content\/uploads\/2022\/11\/Hikers-in-Santa-Monica-Mountains-National-Recreation-Area.jpg 600w, https:\/\/www.santamonica.com\/wp-content\/uploads\/2022\/11\/Hikers-in-Santa-Monica-Mountains-National-Recreation-Area-300x283.jpg 300w, https:\/\/www.santamonica.com\/wp-content\/uploads\/2022\/11\/Hikers-in-Santa-Monica-Mountains-National-Recreation-Area-159x150.jpg 159w\" sizes=\"auto, (max-width: 600px) 100vw, 600px\" title=\"\">                    \n\n            <div class=\"img-lctn-tag --no-link two-images__image-caption --right\">Foto de: @feminine_mystique<\/div>\n                    <\/div>\n                    <\/div>\n\n    <\/div>\n<\/section>\n\n\n<section class=\"sun-title sm-block --theme6 sm-block\">\n            <h3 class=\"sun-title__headline\">Explore as montanhas com seguran\u00e7a<\/h3>    \n            <div class=\"sun-title__body  wysiwyg\">\n                    <p>Visite o centro de visitantes do parque nacional no King Gillette Ranch, em Calabasas, para obter mapas e informa\u00e7\u00f5es sobre as montanhas. Observe que a maioria dos parques estaduais tem regras e regulamentos espec\u00edficos para cada parque. Ao entrar em uma \u00e1rea, voc\u00ea \u00e9 respons\u00e1vel por cumprir as regras aplic\u00e1veis. Verifique na entrada ou no quiosque as regras e os regulamentos de cada parque.<\/p>\n                        <\/div>\n    <\/section>\n\n\n<section class=\"blog-feed --theme8 sm-block\">\n    <div class=\"blog-feed__content\">\n        <div class=\"blog-feed__intro\">\n                            <div class=\"blog-feed__eyebrow eyebrow\">Blogs<\/div>                                        <h2 class=\"blog-feed__headline\">Descubra Santa M\u00f4nica<\/h2>                                        <div class=\"blog-feed__body\"><p>Explore itiner\u00e1rios, dicas locais, pontos de interesse e aventuras selecionadas para garantir que voc\u00ea aproveite ao m\u00e1ximo sua experi\u00eancia em Santa Monica.<\/p>\n<\/div>\n                                        <a class=\"blog-feed__cta\" href=\"https:\/\/www.santamonica.com\/pt\/postagens-de-blog\/\">Ver todos os blogs<\/a>\n                    <\/div>\n\n        <ul class=\"blog-feed__list\">\n                                                <li class=\"blog-feed__item\">\n                        <a href=\"https:\/\/www.santamonica.com\/pt\/trip-planner\/southern-california-road-trip\/\" class=\"blog-feed__item-link\">\n                            <div class=\"blog-feed__image-ratio\">\n                                <img decoding=\"async\" class=\"blog-feed__image\" src=\"https:\/\/www.santamonica.com\/wp-content\/uploads\/2021\/08\/Santa-Monica-Coast-Featured-400x400.jpg\" alt=\"Viagem de 10 dias pelo sul da Calif\u00f3rnia\" title=\"\">\n                            <\/div>\n                            <div class=\"blog-feed__card-title\">Viagem de 10 dias pelo sul da Calif\u00f3rnia<\/div>\n                        <\/a>\n                    <\/li>\n                                                                <li class=\"blog-feed__item\">\n                        <a href=\"https:\/\/www.santamonica.com\/pt\/restaurants\/santa-monica-coffee-shops\/\" class=\"blog-feed__item-link\">\n                            <div class=\"blog-feed__image-ratio\">\n                                <img decoding=\"async\" class=\"blog-feed__image\" src=\"https:\/\/www.santamonica.com\/wp-content\/uploads\/2023\/10\/best-santa-monica-coffee-shops-400x400.jpg\" alt=\"11 melhores cafeterias e casas de ch\u00e1 de Santa M\u00f4nica\" title=\"\">\n                            <\/div>\n                            <div class=\"blog-feed__card-title\">11 melhores cafeterias e casas de ch\u00e1 de Santa M\u00f4nica<\/div>\n                        <\/a>\n                    <\/li>\n                                                                <li class=\"blog-feed__item\">\n                        <a href=\"https:\/\/www.santamonica.com\/pt\/experience-santa-monica\/santa-monica-then-now\/\" class=\"blog-feed__item-link\">\n                            <div class=\"blog-feed__image-ratio\">\n                                <img decoding=\"async\" class=\"blog-feed__image\" src=\"https:\/\/www.santamonica.com\/wp-content\/uploads\/2021\/09\/Santa_Monica_Historic_Pier_Featured-400x400.jpg\" alt=\"Santa M\u00f4nica antes e agora\" title=\"\">\n                            <\/div>\n                            <div class=\"blog-feed__card-title\">Santa M\u00f4nica antes e agora<\/div>\n                        <\/a>\n                    <\/li>\n                                    <\/ul>\n    <\/div>\n<\/section>","protected":false},"excerpt":{"rendered":"<p>The SMMNRA is a massive national recreation area that contains many individual parks and open space preserves, including some of the most gorgeous hiking trails in the country. The parklands [&hellip;]<\/p>\n","protected":false},"author":1450,"featured_media":368188,"parent":0,"menu_order":0,"comment_status":"closed","ping_status":"closed","template":"template-editorial.php","meta":{"_acf_changed":false,"inline_featured_image":false,"footnotes":""},"silos":[3887],"class_list":["post-368163","page","type-page","status-publish","has-post-thumbnail","hentry"],"acf":[],"_links":{"self":[{"href":"https:\/\/www.santamonica.com\/pt\/wp-json\/wp\/v2\/pages\/368163","targetHints":{"allow":["GET"]}}],"collection":[{"href":"https:\/\/www.santamonica.com\/pt\/wp-json\/wp\/v2\/pages"}],"about":[{"href":"https:\/\/www.santamonica.com\/pt\/wp-json\/wp\/v2\/types\/page"}],"author":[{"embeddable":true,"href":"https:\/\/www.santamonica.com\/pt\/wp-json\/wp\/v2\/users\/1450"}],"replies":[{"embeddable":true,"href":"https:\/\/www.santamonica.com\/pt\/wp-json\/wp\/v2\/comments?post=368163"}],"version-history":[{"count":63,"href":"https:\/\/www.santamonica.com\/pt\/wp-json\/wp\/v2\/pages\/368163\/revisions"}],"predecessor-version":[{"id":368264,"href":"https:\/\/www.santamonica.com\/pt\/wp-json\/wp\/v2\/pages\/368163\/revisions\/368264"}],"wp:featuredmedia":[{"embeddable":true,"href":"https:\/\/www.santamonica.com\/pt\/wp-json\/wp\/v2\/media\/368188"}],"wp:attachment":[{"href":"https:\/\/www.santamonica.com\/pt\/wp-json\/wp\/v2\/media?parent=368163"}],"wp:term":[{"taxonomy":"silos","embeddable":true,"href":"https:\/\/www.santamonica.com\/pt\/wp-json\/wp\/v2\/silos?post=368163"}],"curies":[{"name":"wp","href":"https:\/\/api.w.org\/{rel}","templated":true}]}}