{"id":366998,"date":"2022-10-28T17:33:40","date_gmt":"2022-10-29T00:33:40","guid":{"rendered":"https:\/\/www.santamonica.com\/?page_id=366998"},"modified":"2022-10-30T19:54:51","modified_gmt":"2022-10-31T02:54:51","slug":"outono-inverno-por-do-sol","status":"publish","type":"page","link":"https:\/\/www.santamonica.com\/pt\/fall-winter-sunset\/","title":{"rendered":"Landing Page de outono - Edi\u00e7\u00e3o Sunsets"},"content":{"rendered":"<section class=\"image-slider --theme1 sm-block\" >\n    <div class=\"image-slider__wrapper\">\n                    <div class=\"image-slider__copy wysiwyg\"><h2>1. P\u00eder de Santa M\u00f4nica<\/h2>\n<p>Talvez a atra\u00e7\u00e3o mais ic\u00f4nica, o <a href=\"https:\/\/www.santamonica.com\/pt\/coisas-para-fazer\/pier-de-santa-monica\/\">P\u00eder de Santa M\u00f4nica<\/a> oferece vistas panor\u00e2micas do Oceano Pac\u00edfico. E quando o sol se p\u00f5e, aprecie as luzes do p\u00eder cintilando na luz azul enquanto Santa Monica ganha vida com a divers\u00e3o ap\u00f3s o expediente.<\/p>\n<p>Precisa de instru\u00e7\u00f5es? Aqui est\u00e1 o endere\u00e7o: <a href=\"https:\/\/www.google.com\/maps\/place\/Santa+Monica+Pier\/@34.0087686,-118.5000063,17z\/data=!3m1!4b1!4m5!3m4!1s0x80c2a4d74d5ea79b:0xcd9a111aced18f4d!8m2!3d34.0082821!4d-118.4987585\" target=\"_blank\" rel=\"noopener\">200 P\u00eder de Santa M\u00f4nica<\/a><\/p>\n<\/div>\n                <div class=\"image-slider__slider right\">\n                            <!-- Slider main container -->\n                <div class=\"swiper\">\n                    <!-- Additional required wrapper -->\n                    <div class=\"swiper-wrapper\">\n                        <!-- Slides -->\n                                                    <div class=\"swiper-slide\">\n                                <img decoding=\"async\" width=\"1024\" height=\"580\" src=\"https:\/\/www.santamonica.com\/wp-content\/uploads\/2022\/10\/Pier-Sunset-1024x580-1.jpg\" class=\"swiper-slide__image\" alt=\"P\u00f4r do sol vermelho, rosa, roxo e laranja sobre o P\u00eder de Santa M\u00f4nica e a Praia de Santa M\u00f4nica\" loading=\"lazy\" srcset=\"https:\/\/www.santamonica.com\/wp-content\/uploads\/2022\/10\/Pier-Sunset-1024x580-1.jpg 1024w, https:\/\/www.santamonica.com\/wp-content\/uploads\/2022\/10\/Pier-Sunset-1024x580-1-300x170.jpg 300w, https:\/\/www.santamonica.com\/wp-content\/uploads\/2022\/10\/Pier-Sunset-1024x580-1-265x150.jpg 265w, https:\/\/www.santamonica.com\/wp-content\/uploads\/2022\/10\/Pier-Sunset-1024x580-1-768x435.jpg 768w\" sizes=\"auto, (max-width: 1024px) 100vw, 1024px\" title=\"\">                                \n\n                            <\/div>\n                                            <\/div>\n                                    <\/div>\n                    <\/div>\n    <\/div>\n<\/section>\n\n\n<section class=\"image-slider --theme1 sm-block\" >\n    <div class=\"image-slider__wrapper\">\n                    <div class=\"image-slider__copy wysiwyg\"><h2>2. A lagosta<\/h2>\n<p><span style=\"font-weight: 400;\">Isso \u00e9 que \u00e9 um \u00edcone. <\/span><strong><a href=\"https:\/\/www.santamonica.com\/pt\/restaurantes\/a-lagosta\/\">A Lagosta<\/a><\/strong><span style=\"font-weight: 400;\"> tem recebido clientes em sua localiza\u00e7\u00e3o \u00e0 beira-mar, perto do P\u00eder de Santa Monica, desde 1923, e foi nomeado um dos Restaurantes com Prato Michelin de Santa Monica. Certifique-se de escolher um hor\u00e1rio de reserva que coincida com o p\u00f4r do sol, e voc\u00ea ter\u00e1 uma experi\u00eancia sensorial completa.<\/span><\/p>\n<p><span style=\"font-weight: 400;\">Precisa de instru\u00e7\u00f5es? Aqui est\u00e1 o endere\u00e7o: <a href=\"https:\/\/www.google.com\/maps\/place\/1602+Ocean+Ave,+Santa+Monica,+CA+90401\/@34.0110378,-118.4972152,17z\/data=!3m1!4b1!4m5!3m4!1s0x80c2a4d1272f722d:0xe41202718745a269!8m2!3d34.0110334!4d-118.4950265\" target=\"_blank\" rel=\"noopener\">1602 Ocean Avenue<\/a><\/span><\/p>\n<\/div>\n                <div class=\"image-slider__slider left\">\n                            <!-- Slider main container -->\n                <div class=\"swiper\">\n                    <!-- Additional required wrapper -->\n                    <div class=\"swiper-wrapper\">\n                        <!-- Slides -->\n                                                    <div class=\"swiper-slide\">\n                                <img decoding=\"async\" width=\"1024\" height=\"576\" src=\"https:\/\/www.santamonica.com\/wp-content\/uploads\/2022\/10\/the-lobster-ocean-view.jpg\" class=\"swiper-slide__image\" alt=\"The lobster vista para o mar\" loading=\"lazy\" srcset=\"https:\/\/www.santamonica.com\/wp-content\/uploads\/2022\/10\/the-lobster-ocean-view.jpg 1024w, https:\/\/www.santamonica.com\/wp-content\/uploads\/2022\/10\/the-lobster-ocean-view-300x169.jpg 300w, https:\/\/www.santamonica.com\/wp-content\/uploads\/2022\/10\/the-lobster-ocean-view-267x150.jpg 267w, https:\/\/www.santamonica.com\/wp-content\/uploads\/2022\/10\/the-lobster-ocean-view-768x432.jpg 768w\" sizes=\"auto, (max-width: 1024px) 100vw, 1024px\" title=\"\">                                \n\n                            <\/div>\n                                            <\/div>\n                                    <\/div>\n                    <\/div>\n    <\/div>\n<\/section>\n\n\n    <section class=\"booking-cta --theme5 sm-block\">\n    <div id=\"widget-container-2070\"><\/div>\n<script type=\"text\/javascript\">\n  (function() {\n    var script = document.createElement('script');\n    script.type = 'text\/javascript';\n    script.async = 'true';\n    script.src = \"https:\/\/admin.bookdirect.net\/hs4\/widgets\/2070.js?widget_element=widget-container-2070\";\n    document.body.appendChild(script);\n  })();\n<\/script>\n    <\/section>\n\n\n\n<section class=\"image-slider --theme1 sm-block\" >\n    <div class=\"image-slider__wrapper\">\n                    <div class=\"image-slider__copy wysiwyg\"><h2>3. Praia de Santa M\u00f4nica<\/h2>\n<p>Coloque os dedos dos p\u00e9s na areia e mergulhe nos sons relaxantes das ondas que batem na costa em <a href=\"https:\/\/www.santamonica.com\/pt\/coisas-para-fazer\/praia-de-santa-monica\/\">Praia de Santa M\u00f4nica<\/a>. N\u00e3o importa se voc\u00ea quer levar uma toalha e aproveitar o momento ou fazer um passeio rom\u00e2ntico, o trecho de 3,5 milhas de extens\u00e3o da praia n\u00e3o tem um \u00e2ngulo ruim ao p\u00f4r do sol.<\/p>\n<p>Precisa de instru\u00e7\u00f5es? <a href=\"https:\/\/www.google.com\/maps\/place\/Santa+Monica+Beach\/@34.0091934,-118.5063833,15z\/data=!3m1!4b1!4m5!3m4!1s0x80c2a4d753e7d5f1:0x1730c10394bec38!8m2!3d34.0091764!4d-118.4976285\" target=\"_blank\" rel=\"noopener\">Siga para oeste at\u00e9 chegar \u00e0 \u00e1gua<\/a>. H\u00e1 8 estacionamentos e estacionamento na rua ao longo da areia.<\/p>\n<\/div>\n                <div class=\"image-slider__slider right\">\n                            <!-- Slider main container -->\n                <div class=\"swiper\">\n                    <!-- Additional required wrapper -->\n                    <div class=\"swiper-wrapper\">\n                        <!-- Slides -->\n                                                    <div class=\"swiper-slide\">\n                                <img decoding=\"async\" width=\"1024\" height=\"580\" src=\"https:\/\/www.santamonica.com\/wp-content\/uploads\/2022\/07\/Beach1024x580.jpg\" class=\"swiper-slide__image\" alt=\"Praia de Santa Monica ao p\u00f4r do sol; c\u00e9u refletindo na areia molhada; c\u00e9u roxo, laranja e amarelo\" loading=\"lazy\" srcset=\"https:\/\/www.santamonica.com\/wp-content\/uploads\/2022\/07\/Beach1024x580.jpg 1024w, https:\/\/www.santamonica.com\/wp-content\/uploads\/2022\/07\/Beach1024x580-300x170.jpg 300w, https:\/\/www.santamonica.com\/wp-content\/uploads\/2022\/07\/Beach1024x580-265x150.jpg 265w, https:\/\/www.santamonica.com\/wp-content\/uploads\/2022\/07\/Beach1024x580-768x435.jpg 768w\" sizes=\"auto, (max-width: 1024px) 100vw, 1024px\" title=\"\">                                \n\n                            <\/div>\n                                            <\/div>\n                                    <\/div>\n                    <\/div>\n    <\/div>\n<\/section>\n\n\n<section class=\"image-slider --theme1 sm-block\" >\n    <div class=\"image-slider__wrapper\">\n                    <div class=\"image-slider__copy wysiwyg\"><h2>4. Parque Palisades<\/h2>\n<p>Pegue seus entes queridos e d\u00ea um passeio por este <a href=\"https:\/\/www.santamonica.com\/pt\/coisas-para-fazer\/parque-palisades\/\">Parque oceanside de 26 acres<\/a> com vista para a Ba\u00eda de Santa M\u00f4nica. Voc\u00ea pode at\u00e9 levar uma t\u00e1bua de charcutaria e fazer um lanche em uma mesa de piquenique enquanto assiste ao p\u00f4r do sol. H\u00e1 tamb\u00e9m um jardim de rosas, arte p\u00fablica e muito mais para descobrir ao longo do caminho.<\/p>\n<p>Precisa de instru\u00e7\u00f5es? Aqui est\u00e1 o endere\u00e7o: <a href=\"https:\/\/www.google.com\/maps\/place\/Palisades+Park\/@34.0230223,-118.5139451,17z\/data=!3m1!4b1!4m5!3m4!1s0x80c2a37ba2a581fb:0x442c2938801a9316!8m2!3d34.0230179!4d-118.5094604\" target=\"_blank\" rel=\"noopener\">Avenida Ocean<\/a>, entre a Colorado Avenue e a Adelaide Drive<\/p>\n<\/div>\n                <div class=\"image-slider__slider left\">\n                            <!-- Slider main container -->\n                <div class=\"swiper\">\n                    <!-- Additional required wrapper -->\n                    <div class=\"swiper-wrapper\">\n                        <!-- Slides -->\n                                                    <div class=\"swiper-slide\">\n                                <img decoding=\"async\" width=\"1024\" height=\"576\" src=\"https:\/\/www.santamonica.com\/wp-content\/uploads\/2022\/06\/evening-things-to-do.jpg\" class=\"swiper-slide__image\" alt=\"coisas para fazer \u00e0 noite\" loading=\"lazy\" srcset=\"https:\/\/www.santamonica.com\/wp-content\/uploads\/2022\/06\/evening-things-to-do.jpg 1024w, https:\/\/www.santamonica.com\/wp-content\/uploads\/2022\/06\/evening-things-to-do-300x169.jpg 300w, https:\/\/www.santamonica.com\/wp-content\/uploads\/2022\/06\/evening-things-to-do-267x150.jpg 267w, https:\/\/www.santamonica.com\/wp-content\/uploads\/2022\/06\/evening-things-to-do-768x432.jpg 768w\" sizes=\"auto, (max-width: 1024px) 100vw, 1024px\" title=\"\">                                \n\n                            <\/div>\n                                            <\/div>\n                                    <\/div>\n                    <\/div>\n    <\/div>\n<\/section>\n\n\n<section class=\"image-slider --theme1 sm-block\" >\n    <div class=\"image-slider__wrapper\">\n                    <div class=\"image-slider__copy wysiwyg\"><h2>5. A cobertura<\/h2>\n<p>Localizado no 18\u00ba andar do <a href=\"https:\/\/www.santamonica.com\/pt\/hoteis\/huntley-santa-monica-beach\/\" target=\"_blank\" rel=\"noopener\">Huntley Santa Monica Beach <\/a>No hotel Penthouse, esse popular local para coquet\u00e9is oferece vistas panor\u00e2micas ao p\u00f4r do sol. Esse o\u00e1sis de luxo conta com mixologistas talentosos prontos para servir algo espetacular, como o Aperol Smash, a Penthouse Sangria ou o Grapefruit Superstar. E sim, eles tamb\u00e9m t\u00eam mocktails. Certifique-se de fazer uma reserva para garantir seu lugar.<\/p>\n<p>Precisa de instru\u00e7\u00f5es? Aqui est\u00e1 o endere\u00e7o: <a href=\"https:\/\/www.google.com\/maps\/place\/1111+2nd+St,+Santa+Monica,+CA+90403\/@34.0188097,-118.5031869,17z\/data=!3m1!4b1!4m5!3m4!1s0x80c2a4c42a987807:0x77789a6b5428fda4!8m2!3d34.0188053!4d-118.5009982\" target=\"_blank\" rel=\"noopener\">1111 2nd Street<\/a><\/p>\n<\/div>\n                <div class=\"image-slider__slider right\">\n                            <!-- Slider main container -->\n                <div class=\"swiper\">\n                    <!-- Additional required wrapper -->\n                    <div class=\"swiper-wrapper\">\n                        <!-- Slides -->\n                                                    <div class=\"swiper-slide\">\n                                <img decoding=\"async\" width=\"1024\" height=\"580\" src=\"https:\/\/www.santamonica.com\/wp-content\/uploads\/2022\/10\/Huntley-Sunset-1024x580-1.jpg\" class=\"swiper-slide__image\" alt=\"P\u00f4r do sol em tons past\u00e9is do lado de fora das janelas de parede inteira no restaurante da cobertura com vista para a praia de Santa Monica e a cidade de Santa Monica\" loading=\"lazy\" srcset=\"https:\/\/www.santamonica.com\/wp-content\/uploads\/2022\/10\/Huntley-Sunset-1024x580-1.jpg 1024w, https:\/\/www.santamonica.com\/wp-content\/uploads\/2022\/10\/Huntley-Sunset-1024x580-1-300x170.jpg 300w, https:\/\/www.santamonica.com\/wp-content\/uploads\/2022\/10\/Huntley-Sunset-1024x580-1-265x150.jpg 265w, https:\/\/www.santamonica.com\/wp-content\/uploads\/2022\/10\/Huntley-Sunset-1024x580-1-768x435.jpg 768w\" sizes=\"auto, (max-width: 1024px) 100vw, 1024px\" title=\"\">                                \n\n                            <\/div>\n                                            <\/div>\n                                    <\/div>\n                    <\/div>\n    <\/div>\n<\/section>\n\n\n<section class=\"travel-tips --theme7 sm-block base-block\">\n    <div class=\"travel-tips__inner\">\n        <div class=\"travel-tips__body-col\">\n                            <img decoding=\"async\" src=\"https:\/\/www.santamonica.com\/wp-content\/uploads\/2022\/06\/responsible-badge-1.svg\" alt=\"Viaje para Santa Monica com responsabilidade\" title=\"\">\n                                        <p class=\"travel-tips__intro\">Viaje de forma segura e sustent\u00e1vel para ajudar a manter a beleza de Santa Monica e, ao mesmo tempo, permanecer saud\u00e1vel com estas dicas.<\/p>\n                    <\/div>\n        <div class=\"travel-tips__links-col\">\n                        <div class=\"travel-tips__link-row\">\n                                    <img decoding=\"async\" src=\"https:\/\/www.santamonica.com\/wp-content\/uploads\/2022\/06\/Parking-Information.svg\" alt=\"Estacionamento em Santa Monica\" title=\"\">\n                                                    <a class=\"travel-tips__link\" href=\"https:\/\/www.santamonica.com\/pt\/transporte\/estacionamento\/\">\n                        Informa\u00e7\u00f5es sobre o estacionamento                    <\/a>\n                            <\/div>\n                        <div class=\"travel-tips__link-row\">\n                                    <img decoding=\"async\" src=\"https:\/\/www.santamonica.com\/wp-content\/uploads\/2022\/06\/What-to-Pack.svg\" alt=\"Como fazer as malas para uma viagem a Santa M\u00f4nica\" title=\"\">\n                                                    <a class=\"travel-tips__link\" href=\"https:\/\/www.santamonica.com\/pt\/experiencia-em-santa-monica\/o-que-levar-na-mala\/\">\n                        O que levar na mala                    <\/a>\n                            <\/div>\n                        <div class=\"travel-tips__link-row\">\n                                    <img decoding=\"async\" src=\"https:\/\/www.santamonica.com\/wp-content\/uploads\/2022\/06\/Health-and-Safety.svg\" alt=\"Dicas de seguran\u00e7a de viagem em Santa M\u00f4nica\" title=\"\">\n                                                    <a class=\"travel-tips__link\" href=\"https:\/\/www.santamonica.com\/pt\/experiencia-em-santa-monica\/seguranca\/\">\n                        Sa\u00fade e seguran\u00e7a                    <\/a>\n                            <\/div>\n                        <div class=\"travel-tips__link-row\">\n                                    <img decoding=\"async\" src=\"https:\/\/www.santamonica.com\/wp-content\/uploads\/2022\/06\/The-Essentials.svg\" alt=\"Itens essenciais para uma viagem a Santa M\u00f4nica\" title=\"\">\n                                                    <a class=\"travel-tips__link\" href=\"https:\/\/www.santamonica.com\/pt\/experiencia-em-santa-monica\/essenciais\/\">\n                        O essencial                    <\/a>\n                            <\/div>\n                    <\/div>\n\n    <\/div>\n<\/section>\n\n\n<section class=\"blog-feed --theme8 sm-block\">\n    <div class=\"blog-feed__content\">\n        <div class=\"blog-feed__intro\">\n                            <div class=\"blog-feed__eyebrow eyebrow\">Blogs<\/div>                                        <h2 class=\"blog-feed__headline\">Mais boas vibra\u00e7\u00f5es em Santa Monica<\/h2>                                        <div class=\"blog-feed__body\"><p>H\u00e1 muito mais para ver al\u00e9m do p\u00f4r do sol. Confira mais inspira\u00e7\u00f5es de viagem em nossas \u00faltimas postagens no blog.<\/p>\n<\/div>\n                                        <a class=\"blog-feed__cta\" href=\"https:\/\/www.santamonica.com\/pt\/postagens-de-blog\/\">Ver todos os blogs<\/a>\n                    <\/div>\n\n        <ul class=\"blog-feed__list\">\n                                                <li class=\"blog-feed__item\">\n                        <a href=\"https:\/\/www.santamonica.com\/pt\/restaurants\/wine-craft-beer-craft-cocktails\/\" class=\"blog-feed__item-link\">\n                            <div class=\"blog-feed__image-ratio\">\n                                <img decoding=\"async\" class=\"blog-feed__image\" src=\"https:\/\/www.santamonica.com\/wp-content\/uploads\/2021\/06\/Santa-Monica-Local-Libations-Featured-400x400.jpg\" alt=\"Bebidas locais em Santa M\u00f4nica\" title=\"\">\n                            <\/div>\n                            <div class=\"blog-feed__card-title\">Bebidas locais em Santa M\u00f4nica<\/div>\n                        <\/a>\n                    <\/li>\n                                                                <li class=\"blog-feed__item\">\n                        <a href=\"https:\/\/www.santamonica.com\/pt\/things-to-do\/best-hidden-gems-in-santa-monica\/\" class=\"blog-feed__item-link\">\n                            <div class=\"blog-feed__image-ratio\">\n                                <img decoding=\"async\" class=\"blog-feed__image\" src=\"https:\/\/www.santamonica.com\/wp-content\/uploads\/2019\/10\/hideen-gems-2-400x400.jpg\" alt=\"As melhores joias gastron\u00f4micas de Santa M\u00f4nica\" title=\"\">\n                            <\/div>\n                            <div class=\"blog-feed__card-title\">As melhores joias gastron\u00f4micas de Santa M\u00f4nica<\/div>\n                        <\/a>\n                    <\/li>\n                                                                <li class=\"blog-feed__item\">\n                        <a href=\"https:\/\/www.santamonica.com\/pt\/things-to-do\/a-24-48-and-72-hour-guide-to-santa-monica\/\" class=\"blog-feed__item-link\">\n                            <div class=\"blog-feed__image-ratio\">\n                                <img decoding=\"async\" class=\"blog-feed__image\" src=\"https:\/\/www.santamonica.com\/wp-content\/uploads\/2019\/08\/feature-3-400x400.jpg\" alt=\"Um guia de 24, 48 e 72 horas para Santa M\u00f4nica\" title=\"\">\n                            <\/div>\n                            <div class=\"blog-feed__card-title\">Um guia de 24, 48 e 72 horas para Santa M\u00f4nica<\/div>\n                        <\/a>\n                    <\/li>\n                                    <\/ul>\n    <\/div>\n<\/section>","protected":false},"excerpt":{"rendered":"<p>N\u00e3o queremos nos gabar, mas o p\u00f4r do sol em Santa M\u00f4nica \u00e9 algo muito importante. \u00c9 um brilho quando o sol mergulha no Oceano Pac\u00edfico e banha a cidade em tons de laranja e rosa. \u00c9 nada menos que espetacular. E n\u00f3s temos os melhores lugares para assisti-los.<\/p>","protected":false},"author":1450,"featured_media":367093,"parent":0,"menu_order":0,"comment_status":"closed","ping_status":"closed","template":"template-editorial.php","meta":{"_acf_changed":false,"inline_featured_image":false,"footnotes":""},"silos":[],"class_list":["post-366998","page","type-page","status-publish","has-post-thumbnail","hentry"],"acf":[],"_links":{"self":[{"href":"https:\/\/www.santamonica.com\/pt\/wp-json\/wp\/v2\/pages\/366998","targetHints":{"allow":["GET"]}}],"collection":[{"href":"https:\/\/www.santamonica.com\/pt\/wp-json\/wp\/v2\/pages"}],"about":[{"href":"https:\/\/www.santamonica.com\/pt\/wp-json\/wp\/v2\/types\/page"}],"author":[{"embeddable":true,"href":"https:\/\/www.santamonica.com\/pt\/wp-json\/wp\/v2\/users\/1450"}],"replies":[{"embeddable":true,"href":"https:\/\/www.santamonica.com\/pt\/wp-json\/wp\/v2\/comments?post=366998"}],"version-history":[{"count":23,"href":"https:\/\/www.santamonica.com\/pt\/wp-json\/wp\/v2\/pages\/366998\/revisions"}],"predecessor-version":[{"id":367339,"href":"https:\/\/www.santamonica.com\/pt\/wp-json\/wp\/v2\/pages\/366998\/revisions\/367339"}],"wp:featuredmedia":[{"embeddable":true,"href":"https:\/\/www.santamonica.com\/pt\/wp-json\/wp\/v2\/media\/367093"}],"wp:attachment":[{"href":"https:\/\/www.santamonica.com\/pt\/wp-json\/wp\/v2\/media?parent=366998"}],"wp:term":[{"taxonomy":"silos","embeddable":true,"href":"https:\/\/www.santamonica.com\/pt\/wp-json\/wp\/v2\/silos?post=366998"}],"curies":[{"name":"wp","href":"https:\/\/api.w.org\/{rel}","templated":true}]}}