{"id":365000,"date":"2022-10-13T17:06:30","date_gmt":"2022-10-14T00:06:30","guid":{"rendered":"https:\/\/www.santamonica.com\/?page_id=365000"},"modified":"2025-10-22T11:09:36","modified_gmt":"2025-10-22T18:09:36","slug":"bares-de-vinho","status":"publish","type":"page","link":"https:\/\/www.santamonica.com\/pt\/nightlife\/guide-to-santa-monica-bars\/wine-bars\/","title":{"rendered":"Bares de vinho"},"content":{"rendered":"<section class=\"sun-title sm-block --theme6 sm-block\">\n            <h2 class=\"sun-title__headline\">Bares de vinho imperd\u00edveis em Santa Monica<\/h2>    \n            <div class=\"sun-title__body  wysiwyg\">\n                    <p><span style=\"font-weight: 400;\">N\u00e3o importa se voc\u00ea est\u00e1 procurando um local tranquilo para saborear uma ta\u00e7a de vinho tinto ou se prefere a energia agitada de um bar movimentado, n\u00f3s temos o que voc\u00ea precisa. Aqui est\u00e3o alguns dos favoritos locais:<\/span><\/p>\n<h3>Vinho Wally's<\/h3>\n<p><strong><a href=\"https:\/\/www.santamonica.com\/pt\/restaurantes\/wallys-santa-monica\/\">Wally's Santa Monica<\/a><\/strong><span style=\"font-weight: 400;\"> oferece um ambiente sofisticado, por\u00e9m casual, que combina bem com um polo e pinot ou um terno e sauvignon. O Wally's Wine oferece um conceito h\u00edbrido exclusivo de experi\u00eancia gastron\u00f4mica e de compras. Explore o menu tentador do Wally's e experimente vinhos de sua sele\u00e7\u00e3o de mais de 100 vinhos em ta\u00e7a, ou pare e fa\u00e7a compras em seu balc\u00e3o gourmet para carnes premium, queijos e chocolates artesanais. Relaxe e saboreie sozinho ou traga seus amigos e reserve o espa\u00e7o para eventos privados inspirado em uma caverna de vinhos para uma experi\u00eancia inesquec\u00edvel. N\u00e3o importa se voc\u00ea est\u00e1 procurando um coquetel casual \u00e0 tarde e aplicativos ou uma experi\u00eancia gastron\u00f4mica sofisticada para um encontro \u00e0 noite, o Wally's tem tudo o que voc\u00ea precisa.<\/span><\/p>\n                        <\/div>\n    <\/section>\n\n\n<section class=\"image-slider --theme1 sm-block\" >\n    <div class=\"image-slider__wrapper\">\n                    <div class=\"image-slider__copy wysiwyg\"><p><span style=\"font-weight: 400;\">Com o Esters a apenas oito minutos de caminhada do Santa Monica Farmers Market, a Chef de Cozinha Sheyna McCallister aproveita ao m\u00e1ximo os produtos locais das redondezas para criar uma variedade de lanches e pratos perfeitamente compostos para o almo\u00e7o, happy hour, jantar e brunch de fim de semana - todos combinando lindamente com sua biblioteca de vinhos com produtores de menor porte e amigos do planeta. As Lavender Almonds e Smokey Dates s\u00e3o imperd\u00edveis! Al\u00e9m disso, n\u00e3o h\u00e1 lugar melhor para assistir ao p\u00f4r do sol do que o p\u00e1tio externo. Aproveite<\/span>\u00a0<a href=\"https:\/\/www.santamonica.com\/pt\/restaurantes\/brunch\/\"><span style=\"font-weight: 400;\"><strong>brunch<\/strong><\/span><\/a><span style=\"font-weight: 400;\"> no s\u00e1bado e no domingo, ou <\/span><strong><a href=\"https:\/\/www.santamonica.com\/pt\/restaurantes\/happy-hour\/\">happy hour<\/a><\/strong><span style=\"font-weight: 400;\"> \u00e0 tarde, todos os dias.<\/span><\/p>\n<\/div>\n                <div class=\"image-slider__slider right\">\n                            <!-- Slider main container -->\n                <div class=\"swiper\">\n                    <!-- Additional required wrapper -->\n                    <div class=\"swiper-wrapper\">\n                        <!-- Slides -->\n                                                    <div class=\"swiper-slide\">\n                                <img decoding=\"async\" width=\"1024\" height=\"576\" src=\"https:\/\/www.santamonica.com\/wp-content\/uploads\/2022\/09\/wine-bars-in-santa-monica.jpg\" class=\"swiper-slide__image\" alt=\"bares de vinho em santa monica\" loading=\"lazy\" srcset=\"https:\/\/www.santamonica.com\/wp-content\/uploads\/2022\/09\/wine-bars-in-santa-monica.jpg 1024w, https:\/\/www.santamonica.com\/wp-content\/uploads\/2022\/09\/wine-bars-in-santa-monica-300x169.jpg 300w, https:\/\/www.santamonica.com\/wp-content\/uploads\/2022\/09\/wine-bars-in-santa-monica-267x150.jpg 267w, https:\/\/www.santamonica.com\/wp-content\/uploads\/2022\/09\/wine-bars-in-santa-monica-768x432.jpg 768w\" sizes=\"auto, (max-width: 1024px) 100vw, 1024px\" title=\"\">                                \n\n            <a href=\"https:\/\/www.santamonica.com\/pt\/restaurantes\/bar-da-loja-de-vinhos-esters\/\"  class=\"img-lctn-tag --right\">\n            <div class=\"img-lctn-tag-inside-link image-slider__image-caption right\">Esters Wine Shop &amp; Bar<\/div>\n        <\/a>\n                                <\/div>\n                                            <\/div>\n                                    <\/div>\n                    <\/div>\n    <\/div>\n<\/section>\n\n\n<section class=\"sun-title sm-block --theme6 sm-block\">\n            <h3 class=\"sun-title__headline\">Bodega Wine Bar<\/h3>    \n            <div class=\"sun-title__body  wysiwyg\">\n                    <p><strong><a href=\"https:\/\/www.santamonica.com\/pt\/restaurante\/bodega-wine-bar\/\">Bodega Wine Bar<\/a><\/strong><span style=\"font-weight: 400;\"> traz uma atmosfera aconchegante e relaxante para os moradores de Santa Monica. Sua carta de vinhos apresenta mais de 60 vinhos em ta\u00e7a e centenas de outros em garrafa, incluindo tintos, brancos e at\u00e9 mesmo saqu\u00ea. O card\u00e1pio cuidadosamente selecionado do Bodega tamb\u00e9m inclui t\u00e1buas de charcutaria e pratos de queijo feitos por produtores locais, bem como outros pratos pequenos, sandu\u00edches, hamb\u00fargueres e saladas. O Bodega serve brunch aos s\u00e1bados e domingos, das 9h \u00e0s 15h, e oferece Wine Wednesdays, onde os clientes podem desfrutar de garrafas de vinho de $25 das 15h at\u00e9 o fechamento.<\/span><\/p>\n                        <\/div>\n    <\/section>\n\n\n<section class=\"sun-title sm-block --theme6 sm-block\">\n            <h3 class=\"sun-title__headline\">Caf\u00e9 e Wine Bar Sogno Toscano<\/h3>    \n            <div class=\"sun-title__body  wysiwyg\">\n                    <p class=\"p1\"><span class=\"s1\">Entre em\u00a0<a href=\"https:\/\/www.santamonica.com\/pt\/restaurantes\/sogno-toscano\/\"><span class=\"s2\"><b>Sogno<\/b><\/span><span class=\"s3\"><b> Toscano Cafe &amp; Wine Bar<\/b><\/span><\/a>\u00a0e embarque em uma viagem \u00e0 It\u00e1lia neste restaurante encantador com um p\u00e1tio elegante. Reconhecido por sua atmosfera acolhedora e pela genu\u00edna culin\u00e1ria toscana, delicie-se com uma variedade de iguarias italianas atemporais preparadas com os melhores e mais frescos ingredientes. Saboreie as pizzas assadas no forno a lenha, uma atraente sele\u00e7\u00e3o de antepastos e sobremesas deliciosas. Relaxe com uma ta\u00e7a de vinho fino em meio ao charme do ambiente \u00edntimo do p\u00e1tio externo.<\/span><\/p>\n                        <\/div>\n    <\/section>\n\n\n<section class=\"image-slider --theme1 sm-block\" >\n    <div class=\"image-slider__wrapper\">\n                    <div class=\"image-slider__copy wysiwyg\"><p><span style=\"font-weight: 400;\">O Sogno Toscano Cafe &amp; Wine Bar est\u00e1 aberto todos os dias, das 8h \u00e0s 21h, de domingo a ter\u00e7a-feira, e das 8h \u00e0s 22h, de quarta a s\u00e1bado, portanto, sempre h\u00e1 tempo para passar por l\u00e1 antes do trabalho ou para o jantar!<\/span><\/p>\n<\/div>\n                <div class=\"image-slider__slider left\">\n                            <!-- Slider main container -->\n                <div class=\"swiper js-image-slider\">\n                    <!-- Additional required wrapper -->\n                    <div class=\"swiper-wrapper\">\n                        <!-- Slides -->\n                                                    <div class=\"swiper-slide\">\n                                <img decoding=\"async\" width=\"1024\" height=\"580\" src=\"https:\/\/www.santamonica.com\/wp-content\/uploads\/2024\/01\/Sogno-Toscano-Interior-Santa-Monica-2024.jpg\" class=\"swiper-slide__image\" alt=\"Sogno Toscano Cafe &amp; Wine Bar Interior\" loading=\"lazy\" srcset=\"https:\/\/www.santamonica.com\/wp-content\/uploads\/2024\/01\/Sogno-Toscano-Interior-Santa-Monica-2024.jpg 1024w, https:\/\/www.santamonica.com\/wp-content\/uploads\/2024\/01\/Sogno-Toscano-Interior-Santa-Monica-2024-300x170.jpg 300w, https:\/\/www.santamonica.com\/wp-content\/uploads\/2024\/01\/Sogno-Toscano-Interior-Santa-Monica-2024-265x150.jpg 265w, https:\/\/www.santamonica.com\/wp-content\/uploads\/2024\/01\/Sogno-Toscano-Interior-Santa-Monica-2024-768x435.jpg 768w\" sizes=\"auto, (max-width: 1024px) 100vw, 1024px\" title=\"\">                                \n\n            <div class=\"img-lctn-tag --no-link image-slider__image-caption --right\">Caf\u00e9 e Wine Bar Sogno Toscano<\/div>\n                                <\/div>\n                                                    <div class=\"swiper-slide\">\n                                <img decoding=\"async\" width=\"1024\" height=\"580\" src=\"https:\/\/www.santamonica.com\/wp-content\/uploads\/2024\/01\/Sogno-Toscano-Exterior-Santa-Monica-2024.jpg\" class=\"swiper-slide__image\" alt=\"P\u00e1tio do Sogno Toscano Cafe &amp; Wine Bar\" loading=\"lazy\" srcset=\"https:\/\/www.santamonica.com\/wp-content\/uploads\/2024\/01\/Sogno-Toscano-Exterior-Santa-Monica-2024.jpg 1024w, https:\/\/www.santamonica.com\/wp-content\/uploads\/2024\/01\/Sogno-Toscano-Exterior-Santa-Monica-2024-300x170.jpg 300w, https:\/\/www.santamonica.com\/wp-content\/uploads\/2024\/01\/Sogno-Toscano-Exterior-Santa-Monica-2024-265x150.jpg 265w, https:\/\/www.santamonica.com\/wp-content\/uploads\/2024\/01\/Sogno-Toscano-Exterior-Santa-Monica-2024-768x435.jpg 768w\" sizes=\"auto, (max-width: 1024px) 100vw, 1024px\" title=\"\">                                \n\n            <div class=\"img-lctn-tag --no-link image-slider__image-caption --right\">Caf\u00e9 e Wine Bar Sogno Toscano<\/div>\n                                <\/div>\n                                                    <div class=\"swiper-slide\">\n                                <img decoding=\"async\" width=\"1024\" height=\"580\" src=\"https:\/\/www.santamonica.com\/wp-content\/uploads\/2024\/01\/Sogno-Tosacno-Food-Santa-Monica-2024.jpg\" class=\"swiper-slide__image\" alt=\"imagem de pratos de comida\" loading=\"lazy\" srcset=\"https:\/\/www.santamonica.com\/wp-content\/uploads\/2024\/01\/Sogno-Tosacno-Food-Santa-Monica-2024.jpg 1024w, https:\/\/www.santamonica.com\/wp-content\/uploads\/2024\/01\/Sogno-Tosacno-Food-Santa-Monica-2024-300x170.jpg 300w, https:\/\/www.santamonica.com\/wp-content\/uploads\/2024\/01\/Sogno-Tosacno-Food-Santa-Monica-2024-265x150.jpg 265w, https:\/\/www.santamonica.com\/wp-content\/uploads\/2024\/01\/Sogno-Tosacno-Food-Santa-Monica-2024-768x435.jpg 768w\" sizes=\"auto, (max-width: 1024px) 100vw, 1024px\" title=\"\">                                \n\n            <div class=\"img-lctn-tag --no-link image-slider__image-caption --right\">Caf\u00e9 e Wine Bar Sogno Toscano<\/div>\n                                <\/div>\n                                            <\/div>\n                                            <div class=\"image-slider__swiper-controls-wrapper-relocator\">\n                            <div class=\"image-slider__swiper-controls-wrapper\">\n                                <div class=\"swiper-pagination\"><\/div>\n                                <div class=\"swiper-button-prev-custom\">\n                                    <div class=\"arrow-button-left\"><\/div>\n                                <\/div>\n                                <div class=\"swiper-button-next-custom\">\n                                    <div class=\"arrow-button-right\"><\/div>\n                                <\/div>\n                            <\/div>\n                        <\/div>\n                                    <\/div>\n                    <\/div>\n    <\/div>\n<\/section>\n\n\n\n<section class=\"two-images container-max sm-block --flip sm-block\">\n    <div class=\"two-images__container --flip\">\n\n        <div class=\"two-images__column\">\n            <div class=\"two-images__content\">\n                <div class=\"two-images__content-header-container\">\n                                            <h3 class=\"two-images__content-header\">Local Kitchen &amp; Wine Bar<\/h3>                                    <\/div>\n                                    <div class=\"two-images__content-body wysiwyg\">\n                        <p><strong><a href=\"https:\/\/www.santamonica.com\/pt\/restaurante\/cozinha-local-wine-bar\/\">Local Kitchen &amp; Wine Bar<\/a><\/strong><span style=\"font-weight: 400;\"> tem ra\u00edzes profundas em Santa Monica. Os propriet\u00e1rios moram na regi\u00e3o h\u00e1 tr\u00eas gera\u00e7\u00f5es e apoiam as fazendas e os produtores das redondezas, adquirindo ingredientes locais. O Local Kitchen &amp; Wine Bar oferece uma experi\u00eancia gastron\u00f4mica casual com op\u00e7\u00f5es de refei\u00e7\u00f5es no p\u00e1tio ao ar livre em Santa Monica, combinando pequenos pratos sazonais e pizza napolitana artesanal com vinhos excepcionais e coquet\u00e9is de pequenas quantidades. Uma especialidade \u00e9 o vinho de laranja de Anderson Valley.<\/span><\/p>\n                    <\/div>\n                                            <\/div>\n        <\/div>\n\n        <div class=\"two-images__column\">\n                            <div class=\"two-images__image-container\">\n                    <img decoding=\"async\" width=\"425\" height=\"505\" src=\"https:\/\/www.santamonica.com\/wp-content\/uploads\/2022\/09\/local-wine-bar.jpg\" class=\"two-images__image\" alt=\"bar de vinhos local\" loading=\"lazy\" srcset=\"https:\/\/www.santamonica.com\/wp-content\/uploads\/2022\/09\/local-wine-bar.jpg 425w, https:\/\/www.santamonica.com\/wp-content\/uploads\/2022\/09\/local-wine-bar-252x300.jpg 252w, https:\/\/www.santamonica.com\/wp-content\/uploads\/2022\/09\/local-wine-bar-126x150.jpg 126w\" sizes=\"auto, (max-width: 425px) 100vw, 425px\" title=\"\">                    \n\n                <\/div>\n                    <\/div>\n\n        <div class=\"two-images__column\">\n                            <div class=\"two-images__image-container\">\n                    <img decoding=\"async\" width=\"600\" height=\"565\" src=\"https:\/\/www.santamonica.com\/wp-content\/uploads\/2022\/09\/santa-monica-wine-bar.jpg\" class=\"two-images__image\" alt=\"bar de vinhos de santa monica\" loading=\"lazy\" srcset=\"https:\/\/www.santamonica.com\/wp-content\/uploads\/2022\/09\/santa-monica-wine-bar.jpg 600w, https:\/\/www.santamonica.com\/wp-content\/uploads\/2022\/09\/santa-monica-wine-bar-300x283.jpg 300w, https:\/\/www.santamonica.com\/wp-content\/uploads\/2022\/09\/santa-monica-wine-bar-159x150.jpg 159w\" sizes=\"auto, (max-width: 600px) 100vw, 600px\" title=\"\">                    \n\n            <a href=\"https:\/\/www.santamonica.com\/pt\/restaurantes\/cozinha-local-wine-bar\/\"  class=\"img-lctn-tag --right\">\n            <div class=\"img-lctn-tag-inside-link two-images__image-caption right\">Local Kitchen &amp; Wine Bar<\/div>\n        <\/a>\n                    <\/div>\n                    <\/div>\n\n    <\/div>\n<\/section>\n\n\n\n<p class=\"base-block\">Nenhuma viagem a Santa Monica est\u00e1 completa sem uma parada em alguns desses bares de vinho e happy hours locais. <a href=\"https:\/\/www.santamonica.com\/pt\/restaurantes-em-santa-monica\/santa-monica-happy-hour\/\"><strong>happy hour<\/strong><\/a> com uma infinidade de lugares divertidos e casuais para desfrutar de um bom vinho e comida.<\/p>\n\n\n<section class=\"blog-feed --theme8 sm-block\">\n    <div class=\"blog-feed__content\">\n        <div class=\"blog-feed__intro\">\n                            <div class=\"blog-feed__eyebrow eyebrow\">Blogs<\/div>                                        <h2 class=\"blog-feed__headline\">Descubra Santa M\u00f4nica<\/h2>                                        <div class=\"blog-feed__body\"><p>Explore itiner\u00e1rios, dicas locais, pontos de interesse e aventuras selecionadas para garantir que voc\u00ea aproveite ao m\u00e1ximo sua experi\u00eancia em Santa Monica.<\/p>\n<\/div>\n                                        <a class=\"blog-feed__cta\" href=\"https:\/\/www.santamonica.com\/pt\/postagens-de-blog\/\">Ver todos os blogs<\/a>\n                    <\/div>\n\n        <ul class=\"blog-feed__list\">\n                                                <li class=\"blog-feed__item\">\n                        <a href=\"https:\/\/www.santamonica.com\/pt\/things-to-do\/coastal-chronicles-the-history-of-santa-monicas-libraries\/\" class=\"blog-feed__item-link\">\n                            <div class=\"blog-feed__image-ratio\">\n                                <img decoding=\"async\" class=\"blog-feed__image\" src=\"https:\/\/www.santamonica.com\/wp-content\/uploads\/2024\/04\/Untitled-design-34-400x400.jpg\" alt=\"Cr\u00f4nicas Costeiras: A hist\u00f3ria das bibliotecas de Santa M\u00f4nica\" title=\"\">\n                            <\/div>\n                            <div class=\"blog-feed__card-title\">Cr\u00f4nicas Costeiras: A hist\u00f3ria das bibliotecas de Santa M\u00f4nica<\/div>\n                        <\/a>\n                    <\/li>\n                                                                <li class=\"blog-feed__item\">\n                        <a href=\"https:\/\/www.santamonica.com\/pt\/things-to-do\/sweets-for-your-sweet-desserts-to-celebrate-valentines-day\/\" class=\"blog-feed__item-link\">\n                            <div class=\"blog-feed__image-ratio\">\n                                <img decoding=\"async\" class=\"blog-feed__image\" src=\"https:\/\/www.santamonica.com\/wp-content\/uploads\/2024\/01\/Couple-Drinking-600x564-2-400x400.jpg\" alt=\"Doces para o seu doce: Sobremesas para comemorar o Dia dos Namorados\" title=\"\">\n                            <\/div>\n                            <div class=\"blog-feed__card-title\">Doces para o seu doce: Sobremesas para comemorar o Dia dos Namorados<\/div>\n                        <\/a>\n                    <\/li>\n                                                                <li class=\"blog-feed__item\">\n                        <a href=\"https:\/\/www.santamonica.com\/pt\/restaurants\/santa-monica-coffee-shops\/\" class=\"blog-feed__item-link\">\n                            <div class=\"blog-feed__image-ratio\">\n                                <img decoding=\"async\" class=\"blog-feed__image\" src=\"https:\/\/www.santamonica.com\/wp-content\/uploads\/2023\/10\/best-santa-monica-coffee-shops-400x400.jpg\" alt=\"11 melhores cafeterias e casas de ch\u00e1 de Santa M\u00f4nica\" title=\"\">\n                            <\/div>\n                            <div class=\"blog-feed__card-title\">11 melhores cafeterias e casas de ch\u00e1 de Santa M\u00f4nica<\/div>\n                        <\/a>\n                    <\/li>\n                                    <\/ul>\n    <\/div>\n<\/section>","protected":false},"excerpt":{"rendered":"<p>No trip to Santa Monica is complete without stopping by at some of these local wine bars and happy hours.The beach-side city of Santa Monica has built a reputation for [&hellip;]<\/p>\n","protected":false},"author":1450,"featured_media":365024,"parent":0,"menu_order":0,"comment_status":"closed","ping_status":"closed","template":"template-editorial.php","meta":{"_acf_changed":false,"inline_featured_image":false,"footnotes":""},"silos":[3931,3895],"class_list":["post-365000","page","type-page","status-publish","has-post-thumbnail","hentry"],"acf":[],"_links":{"self":[{"href":"https:\/\/www.santamonica.com\/pt\/wp-json\/wp\/v2\/pages\/365000","targetHints":{"allow":["GET"]}}],"collection":[{"href":"https:\/\/www.santamonica.com\/pt\/wp-json\/wp\/v2\/pages"}],"about":[{"href":"https:\/\/www.santamonica.com\/pt\/wp-json\/wp\/v2\/types\/page"}],"author":[{"embeddable":true,"href":"https:\/\/www.santamonica.com\/pt\/wp-json\/wp\/v2\/users\/1450"}],"replies":[{"embeddable":true,"href":"https:\/\/www.santamonica.com\/pt\/wp-json\/wp\/v2\/comments?post=365000"}],"version-history":[{"count":65,"href":"https:\/\/www.santamonica.com\/pt\/wp-json\/wp\/v2\/pages\/365000\/revisions"}],"predecessor-version":[{"id":774973,"href":"https:\/\/www.santamonica.com\/pt\/wp-json\/wp\/v2\/pages\/365000\/revisions\/774973"}],"wp:featuredmedia":[{"embeddable":true,"href":"https:\/\/www.santamonica.com\/pt\/wp-json\/wp\/v2\/media\/365024"}],"wp:attachment":[{"href":"https:\/\/www.santamonica.com\/pt\/wp-json\/wp\/v2\/media?parent=365000"}],"wp:term":[{"taxonomy":"silos","embeddable":true,"href":"https:\/\/www.santamonica.com\/pt\/wp-json\/wp\/v2\/silos?post=365000"}],"curies":[{"name":"wp","href":"https:\/\/api.w.org\/{rel}","templated":true}]}}