{"id":360663,"date":"2022-08-30T15:07:34","date_gmt":"2022-08-30T22:07:34","guid":{"rendered":"https:\/\/www.santamonica.com\/?page_id=360663"},"modified":"2025-02-06T10:47:29","modified_gmt":"2025-02-06T18:47:29","slug":"feira-de-negocios-imex-america","status":"publish","type":"page","link":"https:\/\/www.santamonica.com\/pt\/imex-america-tradeshow\/","title":{"rendered":"IMEX Am\u00e9rica"},"content":{"rendered":"<section class=\"sun-title sm-block --theme6 --2col sm-block\">\n            <h2 class=\"sun-title__headline\">IMEX<\/h2>    \n            <div class=\"sun-title__body  --2col wysiwyg\">\n                    <div class=\"column-1\">\n                <h4>Taxas de compartilhamento justo<\/h4>\n<p>A taxa de participa\u00e7\u00e3o justa do parceiro ter\u00e1 um grande desconto de $3.500. Tamb\u00e9m teremos um desconto de $3.000 para inscri\u00e7\u00f5es antecipadas se o parceiro se registrar at\u00e9 segunda-feira, 31 de mar\u00e7o<sup>st<\/sup>, 2025.<\/p>\n<p>Os parceiros com propriedades duplas ter\u00e3o uma taxa de compartilhamento justo com grande desconto de $5.000. Tamb\u00e9m teremos um desconto de $4,500 se o parceiro estiver registrado e pago at\u00e9 segunda-feira, 31 de mar\u00e7o<sup>st<\/sup> , 2025.<\/p>\n<p>Todas as passagens a\u00e9reas, acomoda\u00e7\u00f5es, transporte e refei\u00e7\u00f5es s\u00e3o de responsabilidade do parceiro, a menos que especificado de outra forma pela SMTT. A SMTT fornecer\u00e1 recomenda\u00e7\u00f5es sobre oportunidades de bloqueio de quartos e voos, pois \u00e9 altamente recomend\u00e1vel que todos passem a noite nas proximidades. As despesas de viagem n\u00e3o est\u00e3o inclu\u00eddas.<\/p>\n<p>Os itens a seguir est\u00e3o inclu\u00eddos em sua taxa de parceiro fair share:<\/p>\n<ul>\n<li>Iniciativas de pr\u00e9-marketing para clientes e\/ou participantes de feiras comerciais (quando aplic\u00e1vel), que podem incluir itens de mala direta, destaques em boletins eletr\u00f4nicos, inclus\u00e3o de logotipo em todos os materiais de apoio, convites e pe\u00e7as de marketing impressas<\/li>\n<li>Participa\u00e7\u00e3o no evento para clientes da SMTT<\/li>\n<li>Design e produ\u00e7\u00e3o de materiais de apoio<\/li>\n<li>Despesas com eventos, como eventos com clientes, jantares, almo\u00e7os, presentes, etc.<\/li>\n<li>Transporte da delega\u00e7\u00e3o de\/para os compromissos e de\/para o hotel designado<\/li>\n<li>Publique a recapitula\u00e7\u00e3o da miss\u00e3o, informa\u00e7\u00f5es de contato do cliente e fotos<\/li>\n<li>Recomenda\u00e7\u00f5es sobre oportunidades de bloqueio de quartos e voos<\/li>\n<\/ul>\n                            <\/div>\n            <div class=\"column-2\">\n                <h4>Quem deve vir<\/h4>\n<p>Hot\u00e9is e parceiros de turismo de Santa Monica que estejam interessados em manter e expandir sua presen\u00e7a em v\u00e1rios mercados MICE.<\/p>\n<h4>Investimento total para o mercado<\/h4>\n<p>A SMTT investiu $300.000 no mercado dom\u00e9stico de MICE para o ano fiscal de 2024\/2025.<\/p>\n<h4>Registro<\/h4>\n<p><a href=\"https:\/\/www.santamonica.com\/pt\/parceiros\/formulario-de-oportunidades-de-parceria\/\"><strong>Clique aqui para se registrar.<\/strong><\/a><\/p>\n<h4>Informa\u00e7\u00f5es de contato<\/h4>\n<p>Entre em contato com Ozzie Otero pelo telefone 310-433-9781 ou\u00a0<a href=\"mailto:ootero@santamonica.com\">ootero@santamonica.com<\/a>.<\/p>\n                            <\/div>\n            <\/div>\n    <\/section>\n\n\n\n<div class=\"wp-block-buttons is-layout-flex wp-block-buttons-is-layout-flex base-block\"><\/div>","protected":false},"excerpt":{"rendered":"","protected":false},"author":1421,"featured_media":0,"parent":0,"menu_order":0,"comment_status":"closed","ping_status":"closed","template":"template-editorial.php","meta":{"_acf_changed":false,"inline_featured_image":false,"footnotes":""},"silos":[],"class_list":["post-360663","page","type-page","status-publish","hentry"],"acf":[],"_links":{"self":[{"href":"https:\/\/www.santamonica.com\/pt\/wp-json\/wp\/v2\/pages\/360663","targetHints":{"allow":["GET"]}}],"collection":[{"href":"https:\/\/www.santamonica.com\/pt\/wp-json\/wp\/v2\/pages"}],"about":[{"href":"https:\/\/www.santamonica.com\/pt\/wp-json\/wp\/v2\/types\/page"}],"author":[{"embeddable":true,"href":"https:\/\/www.santamonica.com\/pt\/wp-json\/wp\/v2\/users\/1421"}],"replies":[{"embeddable":true,"href":"https:\/\/www.santamonica.com\/pt\/wp-json\/wp\/v2\/comments?post=360663"}],"version-history":[{"count":68,"href":"https:\/\/www.santamonica.com\/pt\/wp-json\/wp\/v2\/pages\/360663\/revisions"}],"predecessor-version":[{"id":759606,"href":"https:\/\/www.santamonica.com\/pt\/wp-json\/wp\/v2\/pages\/360663\/revisions\/759606"}],"wp:attachment":[{"href":"https:\/\/www.santamonica.com\/pt\/wp-json\/wp\/v2\/media?parent=360663"}],"wp:term":[{"taxonomy":"silos","embeddable":true,"href":"https:\/\/www.santamonica.com\/pt\/wp-json\/wp\/v2\/silos?post=360663"}],"curies":[{"name":"wp","href":"https:\/\/api.w.org\/{rel}","templated":true}]}}