{"id":355778,"date":"2022-08-05T14:06:17","date_gmt":"2022-08-05T21:06:17","guid":{"rendered":"https:\/\/www.santamonica.com\/?page_id=355778"},"modified":"2022-08-08T16:13:08","modified_gmt":"2022-08-08T23:13:08","slug":"feedback-do-parceiro","status":"publish","type":"page","link":"https:\/\/www.santamonica.com\/pt\/partner-feedback\/","title":{"rendered":"Feedback do parceiro"},"content":{"rendered":"<div class=\"wp-block-columns is-layout-flex wp-container-core-columns-is-layout-28f84493 wp-block-columns-is-layout-flex base-block\">\n<div class=\"wp-block-column is-layout-flow wp-block-column-is-layout-flow base-block\">\n<section class=\"simpleview-form-block sm-block\">\n        <h2 class=\"simpleview-form-block__heading\">\n            Formul\u00e1rio de feedback do parceiro        <\/h2>\n    <div class=\"simpleview-form-block__form sm-form\">\n        <form action=\"\" method=\"post\" name=\"frm_168\" class=\"simpleForm\" onsubmit=\"return svcrm.formBuilderScripts.validateForm(this);\" data-trp-original-action=\"\">\r\n\t\t\t\t<input id=\"formid\" name=\"formid\" type=\"hidden\" value=\"168\">\r\n\t\t\t\t<input id=\"groupid\" name=\"groupid\" type=\"hidden\" value=\"16\">\r\n\t\t\t\t<input id=\"isSubmitted\" name=\"isSubmitted\" value=\"1\" type=\"hidden\">\r\n\t\t\t\t\r\n\t\t\t\t\r\n\t\t\t\t\t<h3>Feedback do parceiro<\/h3>\r\n\t\t\t\t\t\r\n\t\t\t\t\t\t\t\t<div id=\"rowcontainer_contact_fname\" class=\"row\">\t\t\t\t\t\t\t\t\t\r\n\t\t\t\t\t\t\t\t\t\r\n\t\t\t\t\t\t\t\t\t\t<div id=\"labelcontainer_contact_fname\" class=\"medium-3 columns\">\r\n\t\t\t\t\t\t\t\t\t\t\t<div id=\"td_contact_fname\">\r\n\t\t\t\t\t\t\t\t\t\t\t\t<label id=\"label_contact_fname\" for=\"contact_fname\" class=\"formreq\">Primeiro nome*:<\/label>\r\n\t\t\t\t\t\t\t\t\t\t\t\t\r\n\t\t\t\t\t\t\t\t\t\t\t<\/div>\r\n\t\t\t\t\t\t\t\t\t\t<\/div>\t\r\n\t\t\t\t\t\t\t\t\t\r\n\t\t\t\t\t\t\t\t\t<div id=\"fieldcontainer_contact_fname\" class=\"medium-9 columns\">\r\n\t\t\t\t\t\t\t\t\t\t\r\n\t\t\t\r\n\t\t\t<input class=\"\" id=\"contact_fname\" name=\"contact_fname\" type=\"text\" size=\"25\" value=\"\">\r\n\t\t\t\r\n\t\t\t\t\t\t\t\t\t<\/div>\t\t\t\t\t\t\t\t\t\r\n\t\t\t\t\t\t\t\t<\/div>\r\n\t\t\t\t\t\t\t\r\n\t\t\t\t\t\t\t\t<div id=\"rowcontainer_contact_lname\" class=\"row\">\t\t\t\t\t\t\t\t\t\r\n\t\t\t\t\t\t\t\t\t\r\n\t\t\t\t\t\t\t\t\t\t<div id=\"labelcontainer_contact_lname\" class=\"medium-3 columns\">\r\n\t\t\t\t\t\t\t\t\t\t\t<div id=\"td_contact_lname\">\r\n\t\t\t\t\t\t\t\t\t\t\t\t<label id=\"label_contact_lname\" for=\"contact_lname\" class=\"formreq\">Sobrenome*:<\/label>\r\n\t\t\t\t\t\t\t\t\t\t\t\t\r\n\t\t\t\t\t\t\t\t\t\t\t<\/div>\r\n\t\t\t\t\t\t\t\t\t\t<\/div>\t\r\n\t\t\t\t\t\t\t\t\t\r\n\t\t\t\t\t\t\t\t\t<div id=\"fieldcontainer_contact_lname\" class=\"medium-9 columns\">\r\n\t\t\t\t\t\t\t\t\t\t\r\n\t\t\t\r\n\t\t\t<input class=\"\" id=\"contact_lname\" name=\"contact_lname\" type=\"text\" size=\"25\" value=\"\">\r\n\t\t\t\r\n\t\t\t\t\t\t\t\t\t<\/div>\t\t\t\t\t\t\t\t\t\r\n\t\t\t\t\t\t\t\t<\/div>\r\n\t\t\t\t\t\t\t\r\n\t\t\t\t\t\t\t\t<div id=\"rowcontainer_udf_1036\" class=\"row\">\t\t\t\t\t\t\t\t\t\r\n\t\t\t\t\t\t\t\t\t\r\n\t\t\t\t\t\t\t\t\t\t<div id=\"labelcontainer_udf_1036\" class=\"medium-3 columns\">\r\n\t\t\t\t\t\t\t\t\t\t\t<div id=\"td_udf_1036\">\r\n\t\t\t\t\t\t\t\t\t\t\t\t<label id=\"label_udf_1036\" for=\"udf_1036\" class=\"formreq\">Feira de neg\u00f3cios \/ miss\u00e3o de vendas*:<\/label>\r\n\t\t\t\t\t\t\t\t\t\t\t\t\r\n\t\t\t\t\t\t\t\t\t\t\t<\/div>\r\n\t\t\t\t\t\t\t\t\t\t<\/div>\t\r\n\t\t\t\t\t\t\t\t\t\r\n\t\t\t\t\t\t\t\t\t<div id=\"fieldcontainer_udf_1036\" class=\"medium-9 columns\">\r\n\t\t\t\t\t\t\t\t\t\t\r\n\t\t\t\r\n\t\t\t<input class=\"\" id=\"udf_1036\" name=\"udf_1036\" type=\"text\" size=\"25\" value=\"\">\r\n\t\t\t\r\n\t\t\t\t\t\t\t\t\t<\/div>\t\t\t\t\t\t\t\t\t\r\n\t\t\t\t\t\t\t\t<\/div>\r\n\t\t\t\t\t\t\t\r\n\t\t\t\t\t\t\t\t<div id=\"rowcontainer_udf_715\" class=\"row\">\t\t\t\t\t\t\t\t\t\r\n\t\t\t\t\t\t\t\t\t\r\n\t\t\t\t\t\t\t\t\t\t<div id=\"labelcontainer_udf_715\" class=\"medium-3 columns\">\r\n\t\t\t\t\t\t\t\t\t\t\t<div id=\"td_udf_715\">\r\n\t\t\t\t\t\t\t\t\t\t\t\t<label id=\"label_udf_715\" class=\"formreq\">Foi a primeira vez que voc\u00ea participou do programa SMTT?*:<\/label>\r\n\t\t\t\t\t\t\t\t\t\t\t\t\r\n\t\t\t\t\t\t\t\t\t\t\t<\/div>\r\n\t\t\t\t\t\t\t\t\t\t<\/div>\t\r\n\t\t\t\t\t\t\t\t\t\r\n\t\t\t\t\t\t\t\t\t<div id=\"fieldcontainer_udf_715\" class=\"medium-9 columns\">\r\n\t\t\t\t\t\t\t\t\t\t\r\n\t\t\t\t\t\t<fieldset style=\"border:0px;\">\r\n\t\t\t\t\t\t\t<legend style=\"display:none;\">udf_715<\/legend>\r\n\t\t\t\t\t<input class=\"\" id=\"udf_715_1\" name=\"udf_715\" type=\"radio\" value=\"1\"><label class=\"formreq\" for=\"udf_715_1\"> Sim <\/label>\r\n\t\t\t\t\t<input class=\"\" id=\"udf_715_0\" name=\"udf_715\" type=\"radio\" value=\"0\"><label class=\"formreq\" for=\"udf_715_0\"> N\u00e3o <\/label>\r\n\t\t\t\t\t\t<\/fieldset>\r\n\t\t\t\t\t\r\n\t\t\t\t\t\t\t\t\t<\/div>\t\t\t\t\t\t\t\t\t\r\n\t\t\t\t\t\t\t\t<\/div>\r\n\t\t\t\t\t\t\t\r\n\t\t\t\t\t\t\t\t<div id=\"rowcontainer_udf_761\" class=\"row\">\t\t\t\t\t\t\t\t\t\r\n\t\t\t\t\t\t\t\t\t\r\n\t\t\t\t\t\t\t\t\t\t<div id=\"labelcontainer_udf_761\" class=\"medium-3 columns\">\r\n\t\t\t\t\t\t\t\t\t\t\t<div id=\"td_udf_761\">\r\n\t\t\t\t\t\t\t\t\t\t\t\t<label id=\"label_udf_761\" for=\"udf_761\" class=\"formreq\">Como voc\u00ea classificaria sua experi\u00eancia geral?*:<\/label>\r\n\t\t\t\t\t\t\t\t\t\t\t\t\r\n\t\t\t\t\t\t\t\t\t\t\t<\/div>\r\n\t\t\t\t\t\t\t\t\t\t<\/div>\t\r\n\t\t\t\t\t\t\t\t\t\r\n\t\t\t\t\t\t\t\t\t<div id=\"fieldcontainer_udf_761\" class=\"medium-9 columns\">\r\n\t\t\t\t\t\t\t\t\t\t\t\t\t\t\t\r\n\t\t\t\t\t<select class=\"\" id=\"udf_761\" name=\"udf_761\">\r\n\t\t\t\t\t<option value=\"\">-Nenhum<\/option> \r\n\t\t\t\t\t<option value=\"930\">1 - Muito insatisfeito<\/option>\r\n\t\t\t\t\t\r\n\t\t\t\t\t<option value=\"929\">2 - Insatisfeito<\/option>\r\n\t\t\t\t\t\r\n\t\t\t\t\t<option value=\"928\">3 - Adequado<\/option>\r\n\t\t\t\t\t\r\n\t\t\t\t\t<option value=\"927\">4 - Satisfeito<\/option>\r\n\t\t\t\t\t\r\n\t\t\t\t\t<option value=\"926\">5 - Extremamente satisfeito<\/option>\r\n\t\t\t\t\t\r\n\t\t\t\t\t<\/select>\r\n\t\t\t\t\r\n\t\t\t\t\t\t\t\t\t<\/div>\t\t\t\t\t\t\t\t\t\r\n\t\t\t\t\t\t\t\t<\/div>\r\n\t\t\t\t\t\t\t\r\n\t\t\t\t\t\t\t\t<div id=\"rowcontainer_udf_764\" class=\"row\">\t\t\t\t\t\t\t\t\t\r\n\t\t\t\t\t\t\t\t\t\r\n\t\t\t\t\t\t\t\t\t\t<div id=\"labelcontainer_udf_764\" class=\"medium-3 columns\">\r\n\t\t\t\t\t\t\t\t\t\t\t<div id=\"td_udf_764\">\r\n\t\t\t\t\t\t\t\t\t\t\t\t<label id=\"label_udf_764\" for=\"udf_764\" class=\"formreq\">O que voc\u00ea achou mais valioso?*:<\/label>\r\n\t\t\t\t\t\t\t\t\t\t\t\t\r\n\t\t\t\t\t\t\t\t\t\t\t<\/div>\r\n\t\t\t\t\t\t\t\t\t\t<\/div>\t\r\n\t\t\t\t\t\t\t\t\t\r\n\t\t\t\t\t\t\t\t\t<div id=\"fieldcontainer_udf_764\" class=\"medium-9 columns\">\r\n\t\t\t\t\t\t\t\t\t\t\t\t\t\r\n\t\t\t<textarea class=\"\" id=\"udf_764\" name=\"udf_764\" cols=\"40\" rows=\"6\"><\/textarea>\r\n\t\t\t\r\n\t\t\t\t\t\t\t\t\t<\/div>\t\t\t\t\t\t\t\t\t\r\n\t\t\t\t\t\t\t\t<\/div>\r\n\t\t\t\t\t\t\t\r\n\t\t\t\t\t\t\t\t<div id=\"rowcontainer_udf_763\" class=\"row\">\t\t\t\t\t\t\t\t\t\r\n\t\t\t\t\t\t\t\t\t\r\n\t\t\t\t\t\t\t\t\t\t<div id=\"labelcontainer_udf_763\" class=\"medium-3 columns\">\r\n\t\t\t\t\t\t\t\t\t\t\t<div id=\"td_udf_763\">\r\n\t\t\t\t\t\t\t\t\t\t\t\t<label id=\"label_udf_763\" for=\"udf_763\" class=\"formreq\">Como voc\u00ea classificaria a qualidade dos compromissos e o ROI?*:<\/label>\r\n\t\t\t\t\t\t\t\t\t\t\t\t\r\n\t\t\t\t\t\t\t\t\t\t\t<\/div>\r\n\t\t\t\t\t\t\t\t\t\t<\/div>\t\r\n\t\t\t\t\t\t\t\t\t\r\n\t\t\t\t\t\t\t\t\t<div id=\"fieldcontainer_udf_763\" class=\"medium-9 columns\">\r\n\t\t\t\t\t\t\t\t\t\t\t\t\t\t\t\r\n\t\t\t\t\t<select class=\"\" id=\"udf_763\" name=\"udf_763\">\r\n\t\t\t\t\t<option value=\"\">-Nenhum<\/option> \r\n\t\t\t\t\t<option value=\"940\">1 - Muito insatisfeito<\/option>\r\n\t\t\t\t\t\r\n\t\t\t\t\t<option value=\"939\">2 - Insatisfeito<\/option>\r\n\t\t\t\t\t\r\n\t\t\t\t\t<option value=\"938\">3 - Adequado<\/option>\r\n\t\t\t\t\t\r\n\t\t\t\t\t<option value=\"937\">4 - Satisfeito<\/option>\r\n\t\t\t\t\t\r\n\t\t\t\t\t<option value=\"936\">5 - Extremamente satisfeito<\/option>\r\n\t\t\t\t\t\r\n\t\t\t\t\t<\/select>\r\n\t\t\t\t\r\n\t\t\t\t\t\t\t\t\t<\/div>\t\t\t\t\t\t\t\t\t\r\n\t\t\t\t\t\t\t\t<\/div>\r\n\t\t\t\t\t\t\t\r\n\t\t\t\t\t\t\t\t<div id=\"rowcontainer_udf_765\" class=\"row\">\t\t\t\t\t\t\t\t\t\r\n\t\t\t\t\t\t\t\t\t\r\n\t\t\t\t\t\t\t\t\t\t<div id=\"labelcontainer_udf_765\" class=\"medium-3 columns\">\r\n\t\t\t\t\t\t\t\t\t\t\t<div id=\"td_udf_765\">\r\n\t\t\t\t\t\t\t\t\t\t\t\t<label id=\"label_udf_765\" for=\"udf_765\" class=\"formtext\">Feedback adicional sobre os compromissos e o ROI<\/label>\r\n\t\t\t\t\t\t\t\t\t\t\t\t\r\n\t\t\t\t\t\t\t\t\t\t\t<\/div>\r\n\t\t\t\t\t\t\t\t\t\t<\/div>\t\r\n\t\t\t\t\t\t\t\t\t\r\n\t\t\t\t\t\t\t\t\t<div id=\"fieldcontainer_udf_765\" class=\"medium-9 columns\">\r\n\t\t\t\t\t\t\t\t\t\t\t\t\t\r\n\t\t\t<textarea class=\"\" id=\"udf_765\" name=\"udf_765\" cols=\"40\" rows=\"6\"><\/textarea>\r\n\t\t\t\r\n\t\t\t\t\t\t\t\t\t<\/div>\t\t\t\t\t\t\t\t\t\r\n\t\t\t\t\t\t\t\t<\/div>\r\n\t\t\t\t\t\t\t\r\n\t\t\t\t\t\t\t\t<div id=\"rowcontainer_udf_762\" class=\"row\">\t\t\t\t\t\t\t\t\t\r\n\t\t\t\t\t\t\t\t\t\r\n\t\t\t\t\t\t\t\t\t\t<div id=\"labelcontainer_udf_762\" class=\"medium-3 columns\">\r\n\t\t\t\t\t\t\t\t\t\t\t<div id=\"td_udf_762\">\r\n\t\t\t\t\t\t\t\t\t\t\t\t<label id=\"label_udf_762\" for=\"udf_762\" class=\"formreq\">Como voc\u00ea classificaria o n\u00edvel de organiza\u00e7\u00e3o, comunica\u00e7\u00e3o e acompanhamento da SMTT para esse programa?*:<\/label>\r\n\t\t\t\t\t\t\t\t\t\t\t\t\r\n\t\t\t\t\t\t\t\t\t\t\t<\/div>\r\n\t\t\t\t\t\t\t\t\t\t<\/div>\t\r\n\t\t\t\t\t\t\t\t\t\r\n\t\t\t\t\t\t\t\t\t<div id=\"fieldcontainer_udf_762\" class=\"medium-9 columns\">\r\n\t\t\t\t\t\t\t\t\t\t\t\t\t\t\t\r\n\t\t\t\t\t<select class=\"\" id=\"udf_762\" name=\"udf_762\">\r\n\t\t\t\t\t<option value=\"\">-Nenhum<\/option> \r\n\t\t\t\t\t<option value=\"935\">1 - Muito insatisfeito<\/option>\r\n\t\t\t\t\t\r\n\t\t\t\t\t<option value=\"934\">2 - Insatisfeito<\/option>\r\n\t\t\t\t\t\r\n\t\t\t\t\t<option value=\"933\">3 - Adequado<\/option>\r\n\t\t\t\t\t\r\n\t\t\t\t\t<option value=\"932\">4 - Satisfeito<\/option>\r\n\t\t\t\t\t\r\n\t\t\t\t\t<option value=\"931\">5 - Extremamente satisfeito<\/option>\r\n\t\t\t\t\t\r\n\t\t\t\t\t<\/select>\r\n\t\t\t\t\r\n\t\t\t\t\t\t\t\t\t<\/div>\t\t\t\t\t\t\t\t\t\r\n\t\t\t\t\t\t\t\t<\/div>\r\n\t\t\t\t\t\t\t\r\n\t\t\t\t\t\t\t\t<div id=\"rowcontainer_udf_766\" class=\"row\">\t\t\t\t\t\t\t\t\t\r\n\t\t\t\t\t\t\t\t\t\r\n\t\t\t\t\t\t\t\t\t\t<div id=\"labelcontainer_udf_766\" class=\"medium-3 columns\">\r\n\t\t\t\t\t\t\t\t\t\t\t<div id=\"td_udf_766\">\r\n\t\t\t\t\t\t\t\t\t\t\t\t<label id=\"label_udf_766\" for=\"udf_766\" class=\"formtext\">Coment\u00e1rios adicionais sobre o n\u00edvel de organiza\u00e7\u00e3o, comunica\u00e7\u00e3o e acompanhamento<\/label>\r\n\t\t\t\t\t\t\t\t\t\t\t\t\r\n\t\t\t\t\t\t\t\t\t\t\t<\/div>\r\n\t\t\t\t\t\t\t\t\t\t<\/div>\t\r\n\t\t\t\t\t\t\t\t\t\r\n\t\t\t\t\t\t\t\t\t<div id=\"fieldcontainer_udf_766\" class=\"medium-9 columns\">\r\n\t\t\t\t\t\t\t\t\t\t\t\t\t\r\n\t\t\t<textarea class=\"\" id=\"udf_766\" name=\"udf_766\" cols=\"40\" rows=\"6\"><\/textarea>\r\n\t\t\t\r\n\t\t\t\t\t\t\t\t\t<\/div>\t\t\t\t\t\t\t\t\t\r\n\t\t\t\t\t\t\t\t<\/div>\r\n\t\t\t\t\t\t\t\r\n\t\t\t\t\t\t\t\t<div id=\"rowcontainer_udf_767\" class=\"row\">\t\t\t\t\t\t\t\t\t\r\n\t\t\t\t\t\t\t\t\t\r\n\t\t\t\t\t\t\t\t\t\t<div id=\"labelcontainer_udf_767\" class=\"medium-3 columns\">\r\n\t\t\t\t\t\t\t\t\t\t\t<div id=\"td_udf_767\">\r\n\t\t\t\t\t\t\t\t\t\t\t\t<label id=\"label_udf_767\" for=\"udf_767\" class=\"formtext\">Como podemos aprimorar esse programa para o pr\u00f3ximo ano?<\/label>\r\n\t\t\t\t\t\t\t\t\t\t\t\t\r\n\t\t\t\t\t\t\t\t\t\t\t<\/div>\r\n\t\t\t\t\t\t\t\t\t\t<\/div>\t\r\n\t\t\t\t\t\t\t\t\t\r\n\t\t\t\t\t\t\t\t\t<div id=\"fieldcontainer_udf_767\" class=\"medium-9 columns\">\r\n\t\t\t\t\t\t\t\t\t\t\t\t\t\r\n\t\t\t<textarea class=\"\" id=\"udf_767\" name=\"udf_767\" cols=\"40\" rows=\"6\"><\/textarea>\r\n\t\t\t\r\n\t\t\t\t\t\t\t\t\t<\/div>\t\t\t\t\t\t\t\t\t\r\n\t\t\t\t\t\t\t\t<\/div>\r\n\t\t\t\t\t\t\t\r\n\t\t\t\t\t\t\t\t<div id=\"rowcontainer_udf_768\" class=\"row\">\t\t\t\t\t\t\t\t\t\r\n\t\t\t\t\t\t\t\t\t\r\n\t\t\t\t\t\t\t\t\t\t<div id=\"labelcontainer_udf_768\" class=\"medium-3 columns\">\r\n\t\t\t\t\t\t\t\t\t\t\t<div id=\"td_udf_768\">\r\n\t\t\t\t\t\t\t\t\t\t\t\t<label id=\"label_udf_768\" class=\"formreq\">Voc\u00ea participaria desse programa novamente?<\/label>\r\n\t\t\t\t\t\t\t\t\t\t\t\t\r\n\t\t\t\t\t\t\t\t\t\t\t<\/div>\r\n\t\t\t\t\t\t\t\t\t\t<\/div>\t\r\n\t\t\t\t\t\t\t\t\t\r\n\t\t\t\t\t\t\t\t\t<div id=\"fieldcontainer_udf_768\" class=\"medium-9 columns\">\r\n\t\t\t\t\t\t\t\t\t\t\r\n\t\t\t\t\t\t<fieldset style=\"border:0px;\">\r\n\t\t\t\t\t\t\t<legend style=\"display:none;\">udf_768<\/legend>\r\n\t\t\t\t\t<input class=\"\" id=\"udf_768_1\" name=\"udf_768\" type=\"radio\" value=\"1\"><label class=\"formreq\" for=\"udf_768_1\"> Sim <\/label>\r\n\t\t\t\t\t<input class=\"\" id=\"udf_768_0\" name=\"udf_768\" type=\"radio\" value=\"0\"><label class=\"formreq\" for=\"udf_768_0\"> N\u00e3o <\/label>\r\n\t\t\t\t\t\t<\/fieldset>\r\n\t\t\t\t\t\r\n\t\t\t\t\t\t\t\t\t<\/div>\t\t\t\t\t\t\t\t\t\r\n\t\t\t\t\t\t\t\t<\/div>\r\n\t\t\t\t\t\t\t\r\n\t\t\t\t\t\t\t\t<div id=\"rowcontainer_udf_769\" class=\"row\">\t\t\t\t\t\t\t\t\t\r\n\t\t\t\t\t\t\t\t\t\r\n\t\t\t\t\t\t\t\t\t\t<div id=\"labelcontainer_udf_769\" class=\"medium-3 columns\">\r\n\t\t\t\t\t\t\t\t\t\t\t<div id=\"td_udf_769\">\r\n\t\t\t\t\t\t\t\t\t\t\t\t<label id=\"label_udf_769\" for=\"udf_769\" class=\"formtext\">Em caso negativo, por qu\u00ea?<\/label>\r\n\t\t\t\t\t\t\t\t\t\t\t\t\r\n\t\t\t\t\t\t\t\t\t\t\t<\/div>\r\n\t\t\t\t\t\t\t\t\t\t<\/div>\t\r\n\t\t\t\t\t\t\t\t\t\r\n\t\t\t\t\t\t\t\t\t<div id=\"fieldcontainer_udf_769\" class=\"medium-9 columns\">\r\n\t\t\t\t\t\t\t\t\t\t\r\n\t\t\t\r\n\t\t\t<input class=\"\" id=\"udf_769\" name=\"udf_769\" type=\"text\" size=\"25\" value=\"\">\r\n\t\t\t\r\n\t\t\t\t\t\t\t\t\t<\/div>\t\t\t\t\t\t\t\t\t\r\n\t\t\t\t\t\t\t\t<\/div>\r\n\t\t\t\t\t\t\t\r\n\t\t\t\t\t\t\t\t<div id=\"rowcontainer_udf_680\" class=\"row\">\t\t\t\t\t\t\t\t\t\r\n\t\t\t\t\t\t\t\t\t\r\n\t\t\t\t\t\t\t\t\t\t<div id=\"labelcontainer_udf_680\" class=\"medium-3 columns\">\r\n\t\t\t\t\t\t\t\t\t\t\t<div id=\"td_udf_680\">\r\n\t\t\t\t\t\t\t\t\t\t\t\t<label id=\"label_udf_680\" for=\"udf_680\" class=\"formtext\">Coment\u00e1rios adicionais<\/label>\r\n\t\t\t\t\t\t\t\t\t\t\t\t\r\n\t\t\t\t\t\t\t\t\t\t\t<\/div>\r\n\t\t\t\t\t\t\t\t\t\t<\/div>\t\r\n\t\t\t\t\t\t\t\t\t\r\n\t\t\t\t\t\t\t\t\t<div id=\"fieldcontainer_udf_680\" class=\"medium-9 columns\">\r\n\t\t\t\t\t\t\t\t\t\t\t\t\t\r\n\t\t\t<textarea class=\"\" id=\"udf_680\" name=\"udf_680\" cols=\"40\" rows=\"6\"><\/textarea>\r\n\t\t\t\r\n\t\t\t\t\t\t\t\t\t<\/div>\t\t\t\t\t\t\t\t\t\r\n\t\t\t\t\t\t\t\t<\/div>\r\n\t\t\t\t\t\t\t\r\n\r\n\t\t\t\t<p class=\"hint formreq text-center\">* Indica um campo obrigat\u00f3rio.<\/p>\r\n\t\t\t\t<hr size=\"1\" color=\"cccccc\" width=\"100%\">\r\n\t\t\t\t<div class=\"row\">\r\n\t\t\t\t\t<div class=\"medium-6 small-centered captcha columns\">\r\n\t\t\t\t\t\t\r\n                    <div id=\"g-recaptcha\" class=\"g-recaptcha\"><\/div>\r\n                \r\n            <input type=\"hidden\" name=\"code\" id=\"code\" value=\"1234\">\r\n            <input type=\"hidden\" name=\"code_key\" id=\"code_key\" value=\"rO0ABXQABDEyMzQ=\">\r\n            \r\n\t\t\t\t\t<\/div>\r\n\t\t\t\t<\/div>\r\n\r\n\t\t\t\t<hr size=\"1\" color=\"cccccc\" width=\"100%\">\r\n\t\t\t\t<div class=\"row\">\r\n\t\t\t\t\t<div class=\"medium-6 small-centered columns formCntrls\">\r\n\t\t\t\t\t\t<label for=\"savefrm_button\" style=\"display:none;\">Enviar<\/label>\r\n\t\t\t\t\t\t<input class=\"button\" id=\"savefrm_button\" name=\"savefrm\" type=\"Submit\" value=\"Submit\">\r\n\t\t\t\t\t\t<label for=\"resetfrm_button\" style=\"display:none;\">Redefinir<\/label>\r\n\t\t\t\t\t\t<input class=\"button\" id=\"resetfrm_button\" type=\"Reset\" value=\"Reset\">\r\n\t\t\t\t\t<\/div>\r\n\t\t\t\t<\/div>\r\n\t\t\t<input type=\"hidden\" name=\"trp-form-language\" value=\"pt\"\/><\/form>    <\/div>\n<\/section>\n<\/div>\n<\/div>","protected":false},"excerpt":{"rendered":"","protected":false},"author":1421,"featured_media":355796,"parent":0,"menu_order":0,"comment_status":"closed","ping_status":"closed","template":"","meta":{"_acf_changed":false,"inline_featured_image":false,"footnotes":""},"silos":[],"class_list":["post-355778","page","type-page","status-publish","has-post-thumbnail","hentry"],"acf":[],"_links":{"self":[{"href":"https:\/\/www.santamonica.com\/pt\/wp-json\/wp\/v2\/pages\/355778","targetHints":{"allow":["GET"]}}],"collection":[{"href":"https:\/\/www.santamonica.com\/pt\/wp-json\/wp\/v2\/pages"}],"about":[{"href":"https:\/\/www.santamonica.com\/pt\/wp-json\/wp\/v2\/types\/page"}],"author":[{"embeddable":true,"href":"https:\/\/www.santamonica.com\/pt\/wp-json\/wp\/v2\/users\/1421"}],"replies":[{"embeddable":true,"href":"https:\/\/www.santamonica.com\/pt\/wp-json\/wp\/v2\/comments?post=355778"}],"version-history":[{"count":4,"href":"https:\/\/www.santamonica.com\/pt\/wp-json\/wp\/v2\/pages\/355778\/revisions"}],"predecessor-version":[{"id":355801,"href":"https:\/\/www.santamonica.com\/pt\/wp-json\/wp\/v2\/pages\/355778\/revisions\/355801"}],"wp:featuredmedia":[{"embeddable":true,"href":"https:\/\/www.santamonica.com\/pt\/wp-json\/wp\/v2\/media\/355796"}],"wp:attachment":[{"href":"https:\/\/www.santamonica.com\/pt\/wp-json\/wp\/v2\/media?parent=355778"}],"wp:term":[{"taxonomy":"silos","embeddable":true,"href":"https:\/\/www.santamonica.com\/pt\/wp-json\/wp\/v2\/silos?post=355778"}],"curies":[{"name":"wp","href":"https:\/\/api.w.org\/{rel}","templated":true}]}}