{"id":351225,"date":"2022-08-05T16:40:35","date_gmt":"2022-08-05T23:40:35","guid":{"rendered":"https:\/\/www.santamonica.com\/?page_id=351225"},"modified":"2026-02-09T08:43:38","modified_gmt":"2026-02-09T16:43:38","slug":"golfe","status":"publish","type":"page","link":"https:\/\/www.santamonica.com\/pt\/things-to-do\/golf\/","title":{"rendered":"Golfe em Santa M\u00f4nica"},"content":{"rendered":"<h2 class=\"wp-block-heading base-block\">Campos de golfe p\u00fablicos perto de Santa Monica<\/h2>\n\n\n\n<div class=\"wp-block-columns is-layout-flex wp-container-core-columns-is-layout-28f84493 wp-block-columns-is-layout-flex base-block\">\n<div class=\"wp-block-column is-layout-flow wp-block-column-is-layout-flow base-block\">\n<h4 class=\"wp-block-heading base-block\">Los Angeles<\/h4>\n\n\n\n<p class=\"base-block\"><a href=\"https:\/\/heroesgolfcourse.com\/\" target=\"_blank\" rel=\"noreferrer noopener\">Campo de golfe Heroes<\/a> est\u00e1 aberto todos os dias da semana e todos os veteranos militares s\u00e3o bem-vindos para jogar sem nenhum custo!<\/p>\n<\/div>\n\n\n\n<div class=\"wp-block-column is-layout-flow wp-block-column-is-layout-flow base-block\">\n<h4 class=\"wp-block-heading base-block\">Westchester <\/h4>\n\n\n\n<p class=\"base-block\">O <a href=\"https:\/\/www.westchestergc.com\/\" target=\"_blank\" rel=\"noreferrer noopener\">Campo de golfe de Westchester<\/a> Este campo casual est\u00e1 localizado pr\u00f3ximo ao LAX e \u00e9 conhecido por ser acess\u00edvel e despretensioso.<\/p>\n<\/div>\n\n\n\n<div class=\"wp-block-column is-layout-flow wp-block-column-is-layout-flow base-block\">\n<h4 class=\"wp-block-heading base-block\">Van Nuys <\/h4>\n\n\n\n<p class=\"base-block\"><a href=\"https:\/\/www.scga.org\/courses\/details\/van-nuys-golf-course\" target=\"_blank\" rel=\"noreferrer noopener\">Campo de golfe Van Nuys <\/a>tem um total de 27 buracos e \u00e9 \u00f3timo para jogadores de golfe de qualquer n\u00edvel de habilidade. Se tiver sorte, poder\u00e1 at\u00e9 mesmo ter a chance de ver alguns animais selvagens nesse campo acess\u00edvel.<\/p>\n<\/div>\n\n\n\n<div class=\"wp-block-column is-layout-flow wp-block-column-is-layout-flow base-block\">\n<h4 class=\"wp-block-heading base-block\">Praia de Manhattan<\/h4>\n\n\n\n<p class=\"base-block\"><a href=\"https:\/\/westdrift.com\/experience\/golf\/\" target=\"_blank\" rel=\"noreferrer noopener\">Campo de golfe Westdrift<\/a> \u00e9 um campo de golfe p\u00fablico localizado em Manhattan Beach e oferece um dia divertido e desafiador para qualquer n\u00edvel de habilidade de jogador de golfe.<\/p>\n<\/div>\n\n\n\n<div class=\"wp-block-column is-layout-flow wp-block-column-is-layout-flow base-block\">\n<h4 class=\"wp-block-heading base-block\">Studio City<\/h4>\n\n\n\n<p class=\"base-block\">Propriedade de uma fam\u00edlia h\u00e1 mais de 100 anos, o <a href=\"https:\/\/www.weddingtongolfandtennis.com\/\" target=\"_blank\" rel=\"noreferrer noopener\">Weddington Golf &amp; Tennis<\/a> O clube oferece 9 buracos, al\u00e9m de um driving range de 25 est\u00e1dios.<\/p>\n<\/div>\n<\/div>\n\n\n\n<h2 class=\"wp-block-heading base-block\">Campos de golfe municipais pr\u00f3ximos a Santa Monica<\/h2>\n\n\n\n<div class=\"wp-block-columns is-layout-flex wp-container-core-columns-is-layout-28f84493 wp-block-columns-is-layout-flex base-block\">\n<div class=\"wp-block-column is-layout-flow wp-block-column-is-layout-flow base-block\">\n<h4 class=\"wp-block-heading base-block\">Rancho Park<\/h4>\n\n\n\n<p class=\"base-block\"><a href=\"https:\/\/golf.lacity.org\/course_rancho_park\/\" target=\"_blank\" rel=\"noreferrer noopener\">Campo de golfe e clube de golfe Rancho Park<\/a>, O campo \u00e9 um campo PAR-3 e tem 18 buracos; o campo est\u00e1 aberto h\u00e1 mais de 70 anos.<\/p>\n<\/div>\n\n\n\n<div class=\"wp-block-column is-layout-flow wp-block-column-is-layout-flow base-block\">\n<h4 class=\"wp-block-heading base-block\">Veneza<\/h4>\n\n\n\n<p class=\"base-block\">O <a href=\"https:\/\/penmargolf.com\/\" target=\"_blank\" rel=\"noreferrer noopener\">Penmar Golf Club e Penmar Golf Course<\/a> possui 9 buracos e est\u00e1 localizado na vizinha Venice, Calif\u00f3rnia - a uma dist\u00e2ncia f\u00e1cil de carro ou 15 minutos de bicicleta da maioria dos hot\u00e9is em Santa Monica.<\/p>\n<\/div>\n\n\n\n<div class=\"wp-block-column is-layout-flow wp-block-column-is-layout-flow base-block\">\n<h4 class=\"wp-block-heading base-block\">Griffth Park<\/h4>\n\n\n\n<p class=\"base-block\">O <a href=\"https:\/\/golf.lacity.org\/course_roosevelt\/\" target=\"_blank\" rel=\"noreferrer noopener\">Campo de golfe municipal de Roosevelt<\/a> est\u00e1 localizado a poucos passos do Greek Theatre, no Griffith Park. Esse campo apresenta 9 buracos e vistas incr\u00edveis de Los Angeles enquanto voc\u00ea joga.<\/p>\n<\/div>\n\n\n\n<div class=\"wp-block-column is-layout-flow wp-block-column-is-layout-flow base-block\">\n<h4 class=\"wp-block-heading base-block\">El Segundo<\/h4>\n\n\n\n<p class=\"base-block\">O <a href=\"https:\/\/www.golfthelakes.com\/\" target=\"_blank\" rel=\"noreferrer noopener\">Lagos em El Segundo <\/a>est\u00e1 aberto h\u00e1 mais de 25 anos e oferece aulas, cl\u00ednicas e um driving range, al\u00e9m de seus 9 buracos.<\/p>\n<\/div>\n<\/div>\n\n\n\n<h2 class=\"wp-block-heading base-block\">Campos de golfe particulares perto de Santa Monica<\/h2>\n\n\n\n<div class=\"wp-block-columns is-layout-flex wp-container-core-columns-is-layout-28f84493 wp-block-columns-is-layout-flex base-block\">\n<div class=\"wp-block-column is-layout-flow wp-block-column-is-layout-flow base-block\">\n<h4 class=\"wp-block-heading base-block\">Pacific Palisades<\/h4>\n\n\n\n<p class=\"base-block\">Sede do Los Angeles Open, o <a href=\"https:\/\/www.therivieracountryclub.com\/\" target=\"_blank\" rel=\"noreferrer noopener\">Riveria Country Club<\/a> realiza o famoso Genesis Invitational todo m\u00eas de fevereiro.<\/p>\n<\/div>\n\n\n\n<div class=\"wp-block-column is-layout-flow wp-block-column-is-layout-flow base-block\">\n<h4 class=\"wp-block-heading base-block\">Brentwood<\/h4>\n\n\n\n<p class=\"base-block\">O <a href=\"https:\/\/www.brentwoodcc.net\/\" target=\"_blank\" rel=\"noreferrer noopener\">Brentwood Country Club<\/a>, O Country Club, um clube de campo privado, \u00e9 considerado luxuoso pelos membros e convidados que jogam em seus campos de golfe e quadras de t\u00eanis.<\/p>\n<\/div>\n\n\n\n<div class=\"wp-block-column is-layout-flow wp-block-column-is-layout-flow base-block\">\n<h4 class=\"wp-block-heading base-block\">Bel-Air<\/h4>\n\n\n\n<p class=\"base-block\">O <a href=\"https:\/\/www.bel-aircc.golf\/\" target=\"_blank\" rel=\"noreferrer noopener\">Bel-Air Country Club<\/a> \u00e9 um campo de golfe e clube privado que oferece um ar de sofistica\u00e7\u00e3o para seus membros e convidados.<\/p>\n<\/div>\n\n\n\n<div class=\"wp-block-column is-layout-flow wp-block-column-is-layout-flow base-block\">\n<h4 class=\"wp-block-heading base-block\">Los Angeles<\/h4>\n\n\n\n<p class=\"base-block\">Como o campo de golfe mais antigo perto de Santa Monica, o <a href=\"https:\/\/www.thelacc.org\/\" target=\"_blank\" rel=\"noreferrer noopener\">Clube de Campo de Los Angeles<\/a>, A empresa foi criada por George C. Thomas e est\u00e1 em opera\u00e7\u00e3o h\u00e1 mais de 120 anos!<\/p>\n<\/div>\n<\/div>\n\n\n\n<section class=\"image-section-break sm-block\">\n    <div class=\"image-section-break__image-wrapper\">\n                    <picture>\n                    <source\n                        media=\"(min-width: 768px)\"\n                        srcset=\"https:\/\/www.santamonica.com\/wp-content\/uploads\/2022\/07\/Downtown-Santa-Monica-Aerial-1656x574-1.png\"\n                    >\n                    <img decoding=\"async\" src=\"https:\/\/www.santamonica.com\/wp-content\/uploads\/2022\/07\/Downtown-Santa-Monica-Aerial-650x866-1.png\" class=\"image-section-break__image\" alt=\"Vista a\u00e9rea do centro de Santa M\u00f4nica.\" title=\"\">\n            <\/picture>\n                \n\n    <\/div>\n    <div class=\"image-section-break__text-content\">\n        <div class=\"image-section-break__first-content --theme3\">\n                                        <h2 class=\"image-section-break__title\">Outras atividades de golfe em Santa Monica<\/h2>\n                                        <div class=\"image-section-break__body-copy wysiwyg\"><p>Se voc\u00ea estiver procurando outras experi\u00eancias exclusivas de golfe em Santa Monica, confira algumas dessas op\u00e7\u00f5es de golfe virtual!<\/p>\n<p>Se voc\u00ea estiver interessado em uma aula de golfe ou em uma avalia\u00e7\u00e3o do swing, visite\u00a0<a href=\"https:\/\/www.santamonica.com\/pt\/o-que-fazer\/golftec-santa-monica\/\"><strong>GOLFTEC Santa M\u00f4nica<\/strong><\/a>\u00a0e um de seus t\u00e9cnicos profissionais treinados poder\u00e1 ajud\u00e1-lo em sua \u00e1rea de treinamento a aprimorar seu swing com tecnologia de ponta.<\/p>\n<\/div>\n                                <\/div>\n        <div class=\"image-section-break__second-content\">\n                            <div class=\"image-section-break__body-copy wysiwyg\"><p>Se voc\u00ea estiver procurando um ajuste personalizado do taco de golfe, confira\u00a0<a href=\"https:\/\/www.santamonica.com\/pt\/loja\/campeao-do-clube\/\"><strong>Campe\u00e3o de clube<\/strong><\/a>\u00a0em Santa Monica para todas as suas necessidades personalizadas de golfe.<\/p>\n<p>Voc\u00ea tamb\u00e9m pode desfrutar de uma variedade de campos de golfe completos e prestigiados dentro de casa quando visitar\u00a0<a href=\"https:\/\/www.santamonica.com\/pt\/o-que-fazer\/golfe-com-fio\/\"><strong>Golfe com fio<\/strong><\/a>\u00a0em Santa M\u00f4nica. O Wired Golf \u00e9 um clube de golfe totalmente interno onde \u00e9 poss\u00edvel praticar em um driving range virtual, jogar 18 buracos em um campo simulado e at\u00e9 mesmo treinar com os profissionais da PGA do Wired Golf!<\/p>\n<p>Visitar <a href=\"https:\/\/topgolf.com\/us\/el-segundo\/\" target=\"_blank\" rel=\"noopener\">Top Golfe<\/a> em El Segundo para conforto durante todo o ano, baias de tacadas climatizadas, um bar esportivo e um restaurante. Mire nos enormes alvos do campo externo usando tacos de cortesia ou os seus pr\u00f3prios tacos, enquanto as bolas de golfe de alta tecnologia marcam seu pr\u00f3prio placar.<\/p>\n<\/div>\n                                <\/div>\n    <\/div>\n<\/section>\n\n\n<section class=\"blog-feed --theme8 sm-block\">\n    <div class=\"blog-feed__content\">\n        <div class=\"blog-feed__intro\">\n                            <div class=\"blog-feed__eyebrow eyebrow\">Coisas para fazer em Santa Monica<\/div>                                        <h1 class=\"blog-feed__headline\">Dicas privilegiadas<\/h1>                                        <div class=\"blog-feed__body\"><p>Encontre itiner\u00e1rios, dicas locais e aventuras emocionantes para ajudar a moldar sua programa\u00e7\u00e3o em Santa Monica.<\/p>\n<\/div>\n                                        <a class=\"blog-feed__cta\" href=\"https:\/\/www.santamonica.com\/pt\/postagens-de-blog\/\">Ver todos os blogs<\/a>\n                    <\/div>\n\n        <ul class=\"blog-feed__list\">\n                                                <li class=\"blog-feed__item\">\n                        <a href=\"https:\/\/www.santamonica.com\/pt\/things-to-do\/outdoors\/\" class=\"blog-feed__item-link\">\n                            <div class=\"blog-feed__image-ratio\">\n                                <img decoding=\"async\" class=\"blog-feed__image\" src=\"https:\/\/www.santamonica.com\/wp-content\/uploads\/2020\/04\/Santa-Monica-Virtual-Beach-blog-post-featured-400x400.jpg\" alt=\"Saia ao ar livre e aproveite o ar fresco e a brisa do mar em Santa Monica\" title=\"\">\n                            <\/div>\n                            <div class=\"blog-feed__card-title\">Saia ao ar livre e aproveite o ar fresco e a brisa do mar em Santa Monica<\/div>\n                        <\/a>\n                    <\/li>\n                                                                <li class=\"blog-feed__item\">\n                        <a href=\"https:\/\/www.santamonica.com\/pt\/things-to-do\/coastal-chronicles-the-history-of-santa-monicas-libraries\/\" class=\"blog-feed__item-link\">\n                            <div class=\"blog-feed__image-ratio\">\n                                <img decoding=\"async\" class=\"blog-feed__image\" src=\"https:\/\/www.santamonica.com\/wp-content\/uploads\/2024\/04\/Untitled-design-34-400x400.jpg\" alt=\"Cr\u00f4nicas Costeiras: A hist\u00f3ria das bibliotecas de Santa M\u00f4nica\" title=\"\">\n                            <\/div>\n                            <div class=\"blog-feed__card-title\">Cr\u00f4nicas Costeiras: A hist\u00f3ria das bibliotecas de Santa M\u00f4nica<\/div>\n                        <\/a>\n                    <\/li>\n                                                                <li class=\"blog-feed__item\">\n                        <a href=\"https:\/\/www.santamonica.com\/pt\/experience-santa-monica\/15-movies-to-satiate-your-santa-monica-wanderlust\/\" class=\"blog-feed__item-link\">\n                            <div class=\"blog-feed__image-ratio\">\n                                <img decoding=\"async\" class=\"blog-feed__image\" src=\"https:\/\/www.santamonica.com\/wp-content\/uploads\/2020\/03\/Movies-Filmed-in-Santa-Monica-blog-post-featured-400x400.jpg\" alt=\"Filmes e programas de TV para saciar seu desejo de viajar em Santa Monica\" title=\"\">\n                            <\/div>\n                            <div class=\"blog-feed__card-title\">Filmes e programas de TV para saciar seu desejo de viajar em Santa Monica<\/div>\n                        <\/a>\n                    <\/li>\n                                    <\/ul>\n    <\/div>\n<\/section>\n\n\n    <section class=\"booking-cta --theme5 sm-block\">\n    <div id=\"widget-container-2070\"><\/div>\n<script type=\"text\/javascript\">\n  (function() {\n    var script = document.createElement('script');\n    script.type = 'text\/javascript';\n    script.async = 'true';\n    script.src = \"https:\/\/admin.bookdirect.net\/hs4\/widgets\/2070.js?widget_element=widget-container-2070\";\n    document.body.appendChild(script);\n  })();\n<\/script>\n    <\/section>","protected":false},"excerpt":{"rendered":"<p>Public Golf Courses near Santa Monica Los Angeles Heroes Golf Course is open every day of the week and all military veterans are welcomed to play for no cost! Westchester The Westchester Golf Course is casual course is located near LAX and is known for being affordable and unpretentious. Van Nuys Van Nuys Golf Course has a total of 27 holes and is great for golfers of any skill level. If you\u2019re lucky, you may even have a chance to spot some wildlife at this affordable course. Manhattan Beach Westdrift Golf Course is a public golf course located in Manhattan [\u2026]<\/p>\n","protected":false},"author":1421,"featured_media":336928,"parent":0,"menu_order":0,"comment_status":"closed","ping_status":"closed","template":"template-editorial.php","meta":{"_acf_changed":false,"inline_featured_image":false,"footnotes":""},"silos":[3899],"class_list":["post-351225","page","type-page","status-publish","has-post-thumbnail","hentry"],"acf":[],"_links":{"self":[{"href":"https:\/\/www.santamonica.com\/pt\/wp-json\/wp\/v2\/pages\/351225","targetHints":{"allow":["GET"]}}],"collection":[{"href":"https:\/\/www.santamonica.com\/pt\/wp-json\/wp\/v2\/pages"}],"about":[{"href":"https:\/\/www.santamonica.com\/pt\/wp-json\/wp\/v2\/types\/page"}],"author":[{"embeddable":true,"href":"https:\/\/www.santamonica.com\/pt\/wp-json\/wp\/v2\/users\/1421"}],"replies":[{"embeddable":true,"href":"https:\/\/www.santamonica.com\/pt\/wp-json\/wp\/v2\/comments?post=351225"}],"version-history":[{"count":32,"href":"https:\/\/www.santamonica.com\/pt\/wp-json\/wp\/v2\/pages\/351225\/revisions"}],"predecessor-version":[{"id":785076,"href":"https:\/\/www.santamonica.com\/pt\/wp-json\/wp\/v2\/pages\/351225\/revisions\/785076"}],"wp:featuredmedia":[{"embeddable":true,"href":"https:\/\/www.santamonica.com\/pt\/wp-json\/wp\/v2\/media\/336928"}],"wp:attachment":[{"href":"https:\/\/www.santamonica.com\/pt\/wp-json\/wp\/v2\/media?parent=351225"}],"wp:term":[{"taxonomy":"silos","embeddable":true,"href":"https:\/\/www.santamonica.com\/pt\/wp-json\/wp\/v2\/silos?post=351225"}],"curies":[{"name":"wp","href":"https:\/\/api.w.org\/{rel}","templated":true}]}}