{"id":351204,"date":"2022-08-05T16:15:09","date_gmt":"2022-08-05T23:15:09","guid":{"rendered":"https:\/\/www.santamonica.com\/?page_id=351204"},"modified":"2026-04-08T11:30:40","modified_gmt":"2026-04-08T18:30:40","slug":"caminhadas","status":"publish","type":"page","link":"https:\/\/www.santamonica.com\/pt\/things-to-do\/hikes\/","title":{"rendered":"Caminhadas em Santa M\u00f4nica"},"content":{"rendered":"<section class=\"image-section-break sm-block\">\n    <div class=\"image-section-break__image-wrapper\">\n                    <picture>\n                    <source\n                        media=\"(min-width: 768px)\"\n                        srcset=\"https:\/\/www.santamonica.com\/wp-content\/uploads\/2023\/09\/santa-monica-hiking-trails-1.jpg\"\n                    >\n                    <img decoding=\"async\" src=\"https:\/\/www.santamonica.com\/wp-content\/uploads\/2023\/09\/santa-monica-hiking-trails-M.jpg\" class=\"image-section-break__image\" alt=\"trilhas de caminhada em santa m\u00f4nica\" title=\"\">\n            <\/picture>\n                \n\n    <\/div>\n    <div class=\"image-section-break__text-content\">\n        <div class=\"image-section-break__first-content --theme3\">\n                                        <h2 class=\"image-section-break__title\">\u00c9 poss\u00edvel fazer caminhadas nas Montanhas de Santa M\u00f4nica?<\/h2>\n                                        <div class=\"image-section-break__body-copy wysiwyg\"><p>Algumas das caminhadas mais impressionantes e bonitas perto de Santa Monica s\u00e3o encontradas em <strong><a href=\"https:\/\/www.santamonica.com\/pt\/experiencia-em-santa-monica\/montanhas-de-santa-monica\/\">\u00c1rea de Recrea\u00e7\u00e3o Nacional das Montanhas de Santa M\u00f4nica<\/a><\/strong>\u2019As colinas costeiras de Los Angeles e \u00e1reas pr\u00f3ximas. A \u00e1rea \u00e9 conhecida pelas vistas panor\u00e2micas de Los Angeles e da costa, al\u00e9m de centenas de op\u00e7\u00f5es de caminhadas que se estendem por milhares de acres.<\/p>\n<\/div>\n                                <\/div>\n        <div class=\"image-section-break__second-content\">\n                            <div class=\"image-section-break__body-copy wysiwyg\"><p>N\u00e3o importa qual desses ou de muitos outros <strong><a href=\"https:\/\/www.santamonica.com\/pt\/experiencia-em-santa-monica\/montanhas-de-santa-monica\/\">Caminhadas em Santa M\u00f4nica<\/a><\/strong>\u00a0Se voc\u00ea escolher uma caminhada, com certeza desfrutar\u00e1 das vistas deslumbrantes e da beleza natural da regi\u00e3o. As caminhadas perto de Santa Monica s\u00e3o abundantes e t\u00eam op\u00e7\u00f5es para todos os gostos, sendo uma \u00f3tima maneira de <strong><a href=\"https:\/\/www.santamonica.com\/pt\/experiencia-em-santa-monica\/viagens-de-um-dia\/\">passar um dia<\/a><\/strong> durante sua visita a Santa M\u00f4nica, Calif\u00f3rnia!<\/p>\n<p>Continue lendo para conhecer algumas das caminhadas mais legais que a regi\u00e3o de Santa Monica tem a oferecer.<\/p>\n<\/div>\n                                <\/div>\n    <\/div>\n<\/section>\n\n\n<section class=\"sun-title sm-block --theme6 sm-block\">\n            <h2 class=\"sun-title__headline\">Trilhas de caminhada em Santa M\u00f4nica<\/h2>    \n    <\/section>\n\n\n\n<div class=\"wp-block-columns is-layout-flex wp-container-core-columns-is-layout-28f84493 wp-block-columns-is-layout-flex base-block\">\n<div class=\"wp-block-column is-layout-flow wp-block-column-is-layout-flow base-block\">\n<h3 class=\"wp-block-heading base-block\"><strong>Trilha Los Leones<\/strong><\/h3>\n\n\n\n<p class=\"base-block\">A Trilha Los Leones \u00e9 uma trilha de caminhada panor\u00e2mica a cerca de 6 milhas de Santa Monica. \u00c9 uma trilha de 4,4 milhas com um ganho de eleva\u00e7\u00e3o de cerca de 1.190 p\u00e9s. Essa \u00e9 uma trilha popular e voc\u00ea frequentemente encontrar\u00e1 outros caminhantes, observadores de p\u00e1ssaros ou corredores ao longo do caminho. Aqui voc\u00ea ter\u00e1 vistas incr\u00edveis de Santa Monica e do Oceano Pac\u00edfico.<\/p>\n<\/div>\n\n\n\n<div class=\"wp-block-column is-layout-flow wp-block-column-is-layout-flow base-block\">\n<h3 class=\"wp-block-heading base-block\">Trilha Mishe Mokwa<\/h3>\n\n\n\n<p class=\"base-block\"><a href=\"https:\/\/www.alltrails.com\/trail\/us\/california\/mishe-mokwa-to-tri-peaks-and-sandstone-peak\" target=\"_blank\" rel=\"noopener\">A trilha Mishe Mokwa<\/a> est\u00e1 aberta a caminhantes e seus c\u00e3es com coleira durante todo o ano e apresenta paisagens lindas e diversificadas. Ela tem um ganho de eleva\u00e7\u00e3o de cerca de 1.500 p\u00e9s, por isso \u00e9 considerada uma boa trilha para caminhantes de n\u00edvel moderado. Voc\u00ea pode seguir os marcadores de trilha nessa caminhada at\u00e9 alguns pontos de refer\u00eancia famosos, sendo o primeiro deles Split Rock, pr\u00f3ximo a alguns carvalhos incr\u00edveis, e outro Sandstone Peak, o ponto mais alto da Santa Monica Mountains National Recreation Area, com mais de 1.500 metros! N\u00e3o se esque\u00e7a de levar \u00e1gua e um lanche - essa trilha de caminhada em Santa Monica tem quase 13 quil\u00f4metros se voc\u00ea continuar para ver os pontos de refer\u00eancia mencionados.<\/p>\n<\/div>\n\n\n\n<div class=\"wp-block-column is-layout-flow wp-block-column-is-layout-flow base-block\">\n<h3 class=\"wp-block-heading base-block\">Solstice Canyon Loop<\/h3>\n\n\n\n<p class=\"base-block\"><a href=\"https:\/\/www.alltrails.com\/trail\/us\/california\/solstice-canyon-loop-trail\" target=\"_blank\" rel=\"noopener\">Circuito do Solstice Canyon <\/a>\u00e9 uma caminhada para toda a fam\u00edlia, considerada moderada, embora seja relativamente curta. Desfrute de um belo riacho murmurante ao longo de sua jornada at\u00e9 chegar a uma cachoeira pitoresca. O ganho de eleva\u00e7\u00e3o \u00e9 de cerca de 800 p\u00e9s nesse circuito de 3 milhas, e a trilha \u00e9 bem cuidada. Outras caracter\u00edsticas divertidas dessa caminhada incluem vistas panor\u00e2micas do oceano e as ru\u00ednas de uma antiga mans\u00e3o de fazenda que os moradores locais chamam de \u201cTropical Terrace\u201d. O National Park Service mant\u00e9m essas ru\u00ednas para que os visitantes possam explorar essa atra\u00e7\u00e3o \u00fanica durante suas caminhadas em Santa Monica.<\/p>\n<\/div>\n\n\n\n<div class=\"wp-block-column is-layout-flow wp-block-column-is-layout-flow base-block\">\n<h3 class=\"wp-block-heading base-block\">Rancho Paramount<\/h3>\n\n\n\n<p class=\"base-block\">Outra atra\u00e7\u00e3o \u00fanica que pode ser vista durante as caminhadas perto de Santa Monica \u00e9 o <a href=\"https:\/\/www.nps.gov\/samo\/planyourvisit\/paramountranch.htm\" target=\"_blank\" rel=\"noopener\">Rancho Paramount <\/a>na \u00c1rea de Recrea\u00e7\u00e3o Nacional das Montanhas de Santa M\u00f4nica. A Paramount Pictures Corporation usou a \u00e1rea para filmar muitos filmes e s\u00e9ries de televis\u00e3o ic\u00f4nicos ao longo das d\u00e9cadas, e agora a atra\u00e7\u00e3o \u00e9 mantida pelo National Park Service, onde os visitantes podem desfrutar de v\u00e1rias trilhas curtas para caminhadas ao redor da \u00e1rea do rancho e ver onde t\u00edtulos famosos como M*A*S*H e Westworld foram filmados. Confira outras oportunidades, como trilhas para mountain bike, observa\u00e7\u00e3o da vida selvagem e passeios a cavalo enquanto estiver l\u00e1.<\/p>\n<\/div>\n<\/div>\n\n\n\n<div class=\"wp-block-columns is-layout-flex wp-container-core-columns-is-layout-28f84493 wp-block-columns-is-layout-flex base-block\">\n<div class=\"wp-block-column is-layout-flow wp-block-column-is-layout-flow base-block\">\n<h3 class=\"wp-block-heading base-block\">Temescal Canyon Loop <\/h3>\n\n\n\n<p class=\"base-block\">Uma \u00f3tima caminhada no Topanga State Park \u00e9 a <a href=\"https:\/\/www.alltrails.com\/trail\/us\/california\/temescal-canyon-loop-trail\" target=\"_blank\" rel=\"noopener\">Trilha Temescal Canyon Loop<\/a>, localizada perto da \u00e1rea do parque Temescal Gateway. A trilha oferece um estacionamento mediante o pagamento de uma pequena taxa e apresenta pouco menos de 900 p\u00e9s de ganho de eleva\u00e7\u00e3o em cerca de 3 milhas. Se quiser fazer uma extens\u00e3o mais longa e um pouco mais desafiadora dessa caminhada, voc\u00ea poder\u00e1 ver a famosa Skull Rock e algumas vistas de tirar o f\u00f4lego da Santa Monica Bay.<\/p>\n<\/div>\n\n\n\n<div class=\"wp-block-column is-layout-flow wp-block-column-is-layout-flow base-block\">\n<h3 class=\"wp-block-heading base-block\">Trilha Paseo Miramar<\/h3>\n\n\n\n<p class=\"base-block\">Outra trilha de caminhada de Santa Monica que n\u00e3o pode ser perdida no Topanga State Park \u00e9 a <a href=\"https:\/\/www.alltrails.com\/trail\/us\/california\/paseo-miramar-trail\" target=\"_blank\" rel=\"noopener\">Trilha Paseo Miramar<\/a>. \u00c9 conhecida por ser extremamente c\u00eanica, embora um pouco mais desafiadora do que moderada. Os caminhantes podem esperar ganhar mais de 1.200 p\u00e9s de eleva\u00e7\u00e3o durante a caminhada de 8 quil\u00f4metros. Ela apresenta vistas deslumbrantes das casas pr\u00f3ximas ao bairro de Pacific Palisades, bem como vistas panor\u00e2micas do mar que deixar\u00e3o qualquer pessoa maravilhada nessa caminhada em Santa Monica.<\/p>\n<\/div>\n\n\n\n<div class=\"wp-block-column is-layout-flow wp-block-column-is-layout-flow base-block\">\n<h3 class=\"wp-block-heading base-block\">Trilha Rustic Canyon<\/h3>\n\n\n\n<p class=\"base-block\">O Will Rogers State Park \u00e9 um parque estadual hist\u00f3rico repleto de caminhadas perto de Santa Monica. Ele tamb\u00e9m \u00e9 o ponto de partida para uma das caminhadas mais dif\u00edceis de Santa Monica na regi\u00e3o, <a href=\"https:\/\/www.alltrails.com\/trail\/us\/california\/rustic-canyon-loop-trail\" target=\"_blank\" rel=\"noopener\">Trilha Rustic Canyon<\/a>, que leva os caminhantes a belas vistas e a um local hist\u00f3rico da Segunda Guerra Mundial. No entanto, essa rota n\u00e3o \u00e9 para os fracos de cora\u00e7\u00e3o. S\u00e3o cerca de 4 milhas e meia com cerca de 1.000 p\u00e9s de ganho de eleva\u00e7\u00e3o em terreno acidentado. Embora esteja aberta o ano todo, certifique-se de verificar as condi\u00e7\u00f5es antes de embarcar, pois a qualidade da trilha varia de acordo com o clima.<\/p>\n<\/div>\n\n\n\n<div class=\"wp-block-column is-layout-flow wp-block-column-is-layout-flow base-block\">\n<h3 class=\"wp-block-heading base-block\">Trilha Inspiration Point<\/h3>\n\n\n\n<p class=\"base-block\"><a href=\"https:\/\/www.alltrails.com\/trail\/us\/california\/will-rogers-state-park-inspiration-point-trail\" target=\"_blank\" rel=\"noopener\">Trilha Inspiration Point<\/a> \u00e9 uma caminhada mais r\u00e1pida e moderada perto de Santa Monica, no Will Rogers State Park, que \u00e9 adequada para caminhantes de todos os n\u00edveis de experi\u00eancia. Ela \u00e9 ideal para fam\u00edlias, com pouco mais de 3 quil\u00f4metros e um ganho de eleva\u00e7\u00e3o muito leve de pouco mais de 300 p\u00e9s. Essa trilha de caminhada em Santa Monica tamb\u00e9m permite que os visitantes vejam a casa do rancho de Will Rogers e a vista panor\u00e2mica da \u00e1rea circundante de Los Angeles.<\/p>\n<\/div>\n<\/div>\n\n\n<section class=\"blog-feed --theme8 sm-block\">\n    <div class=\"blog-feed__content\">\n        <div class=\"blog-feed__intro\">\n                            <div class=\"blog-feed__eyebrow eyebrow\">Coisas para fazer em Santa Monica<\/div>                                        <h1 class=\"blog-feed__headline\">Dicas privilegiadas<\/h1>                                        <div class=\"blog-feed__body\"><p>Encontre itiner\u00e1rios, dicas locais e aventuras emocionantes para ajudar a moldar sua programa\u00e7\u00e3o em Santa Monica.<\/p>\n<\/div>\n                                        <a class=\"blog-feed__cta\" href=\"https:\/\/www.santamonica.com\/pt\/postagens-de-blog\/\">Ver todos os blogs<\/a>\n                    <\/div>\n\n        <ul class=\"blog-feed__list\">\n                                                <li class=\"blog-feed__item\">\n                        <a href=\"https:\/\/www.santamonica.com\/pt\/things-to-do\/outdoors\/\" class=\"blog-feed__item-link\">\n                            <div class=\"blog-feed__image-ratio\">\n                                <img decoding=\"async\" class=\"blog-feed__image\" src=\"https:\/\/www.santamonica.com\/wp-content\/uploads\/2020\/04\/Santa-Monica-Virtual-Beach-blog-post-featured-400x400.jpg\" alt=\"Saia ao ar livre e aproveite o ar fresco e a brisa do mar em Santa Monica\" title=\"\">\n                            <\/div>\n                            <div class=\"blog-feed__card-title\">Saia ao ar livre e aproveite o ar fresco e a brisa do mar em Santa Monica<\/div>\n                        <\/a>\n                    <\/li>\n                                                                <li class=\"blog-feed__item\">\n                        <a href=\"https:\/\/www.santamonica.com\/pt\/things-to-do\/coastal-chronicles-the-history-of-santa-monicas-libraries\/\" class=\"blog-feed__item-link\">\n                            <div class=\"blog-feed__image-ratio\">\n                                <img decoding=\"async\" class=\"blog-feed__image\" src=\"https:\/\/www.santamonica.com\/wp-content\/uploads\/2024\/04\/Untitled-design-34-400x400.jpg\" alt=\"Cr\u00f4nicas Costeiras: A hist\u00f3ria das bibliotecas de Santa M\u00f4nica\" title=\"\">\n                            <\/div>\n                            <div class=\"blog-feed__card-title\">Cr\u00f4nicas Costeiras: A hist\u00f3ria das bibliotecas de Santa M\u00f4nica<\/div>\n                        <\/a>\n                    <\/li>\n                                                                <li class=\"blog-feed__item\">\n                        <a href=\"https:\/\/www.santamonica.com\/pt\/experience-santa-monica\/15-movies-to-satiate-your-santa-monica-wanderlust\/\" class=\"blog-feed__item-link\">\n                            <div class=\"blog-feed__image-ratio\">\n                                <img decoding=\"async\" class=\"blog-feed__image\" src=\"https:\/\/www.santamonica.com\/wp-content\/uploads\/2020\/03\/Movies-Filmed-in-Santa-Monica-blog-post-featured-400x400.jpg\" alt=\"Filmes e programas de TV para saciar seu desejo de viajar em Santa Monica\" title=\"\">\n                            <\/div>\n                            <div class=\"blog-feed__card-title\">Filmes e programas de TV para saciar seu desejo de viajar em Santa Monica<\/div>\n                        <\/a>\n                    <\/li>\n                                    <\/ul>\n    <\/div>\n<\/section>\n\n\n    <section class=\"booking-cta --theme5 sm-block\">\n    <div id=\"widget-container-2070\"><\/div>\n<script type=\"text\/javascript\">\n  (function() {\n    var script = document.createElement('script');\n    script.type = 'text\/javascript';\n    script.async = 'true';\n    script.src = \"https:\/\/admin.bookdirect.net\/hs4\/widgets\/2070.js?widget_element=widget-container-2070\";\n    document.body.appendChild(script);\n  })();\n<\/script>\n    <\/section>","protected":false},"excerpt":{"rendered":"<p>Los Leones Trail Los Leones Trail is a scenic hiking trail about 6 miles from Santa Monica. It Is a 4.4 mile train with an elevation gain of around 1190 feet. This is a popular trail and you will often find other hiker, bird watchers or runners along the way. Here you will get some amazing views of Santa Monica and the Pacific Ocean. Mishe Mokwa Trail The Mishe Mokwa Trail is open to hikers and their leashed dogs all year-round and features beautiful and diverse landscapes. It has an elevation gain of around 1,500 feet, so it is considered [\u2026]<\/p>\n","protected":false},"author":1421,"featured_media":388870,"parent":0,"menu_order":0,"comment_status":"closed","ping_status":"closed","template":"template-editorial.php","meta":{"_acf_changed":false,"inline_featured_image":false,"footnotes":""},"silos":[3899],"class_list":["post-351204","page","type-page","status-publish","has-post-thumbnail","hentry"],"acf":[],"_links":{"self":[{"href":"https:\/\/www.santamonica.com\/pt\/wp-json\/wp\/v2\/pages\/351204","targetHints":{"allow":["GET"]}}],"collection":[{"href":"https:\/\/www.santamonica.com\/pt\/wp-json\/wp\/v2\/pages"}],"about":[{"href":"https:\/\/www.santamonica.com\/pt\/wp-json\/wp\/v2\/types\/page"}],"author":[{"embeddable":true,"href":"https:\/\/www.santamonica.com\/pt\/wp-json\/wp\/v2\/users\/1421"}],"replies":[{"embeddable":true,"href":"https:\/\/www.santamonica.com\/pt\/wp-json\/wp\/v2\/comments?post=351204"}],"version-history":[{"count":38,"href":"https:\/\/www.santamonica.com\/pt\/wp-json\/wp\/v2\/pages\/351204\/revisions"}],"predecessor-version":[{"id":794636,"href":"https:\/\/www.santamonica.com\/pt\/wp-json\/wp\/v2\/pages\/351204\/revisions\/794636"}],"wp:featuredmedia":[{"embeddable":true,"href":"https:\/\/www.santamonica.com\/pt\/wp-json\/wp\/v2\/media\/388870"}],"wp:attachment":[{"href":"https:\/\/www.santamonica.com\/pt\/wp-json\/wp\/v2\/media?parent=351204"}],"wp:term":[{"taxonomy":"silos","embeddable":true,"href":"https:\/\/www.santamonica.com\/pt\/wp-json\/wp\/v2\/silos?post=351204"}],"curies":[{"name":"wp","href":"https:\/\/api.w.org\/{rel}","templated":true}]}}