{"id":351176,"date":"2022-08-05T16:52:41","date_gmt":"2022-08-05T23:52:41","guid":{"rendered":"https:\/\/www.santamonica.com\/?page_id=351176"},"modified":"2026-02-09T08:37:17","modified_gmt":"2026-02-09T16:37:17","slug":"pickleball","status":"publish","type":"page","link":"https:\/\/www.santamonica.com\/pt\/things-to-do\/pickleball\/","title":{"rendered":"Pickleball"},"content":{"rendered":"<div class=\"wp-block-columns is-layout-flex wp-container-core-columns-is-layout-28f84493 wp-block-columns-is-layout-flex base-block\">\n<div class=\"wp-block-column is-layout-flow wp-block-column-is-layout-flow base-block\">\n<h4 class=\"wp-block-heading base-block\">O que \u00e9 pickleball?<\/h4>\n\n\n\n<p class=\"base-block\">O pickleball foi inventado em Bainbridge Island, no estado de Washington, em 1965. O esporte pode ser praticado em ambientes fechados ou ao ar livre e usa uma bola Wiffle e uma raquete que \u00e9 um pouco maior e mais longa do que uma raquete de pingue-pongue.<\/p>\n\n\n\n<p class=\"base-block\">Uma quadra de pickleball \u00e9 igual a uma quadra de badminton, com 6,1 metros de largura por 13,4 metros de comprimento, com uma rede de 86,4 cent\u00edmetros de altura no meio. Deve haver uma zona sem voleio de 2,1 metros (7 p\u00e9s) pr\u00f3xima \u00e0s redes e quadras de saque direita e esquerda, semelhante ao layout de uma quadra de t\u00eanis.<\/p>\n<\/div>\n\n\n\n<div class=\"wp-block-column is-layout-flow wp-block-column-is-layout-flow base-block\">\n<h4 class=\"wp-block-heading base-block\">Regras do pickleball<\/h4>\n\n\n\n<p class=\"base-block\">As regras do pickleball s\u00e3o simples: voc\u00ea pode jogar em duplas ou individuais, e o primeiro saque \u00e9 feito na diagonal da quadra, a partir da quadra direita do lado que saca. Quando um ponto \u00e9 marcado, o sacador troca de lado e saca da quadra esquerda. Os jogadores continuam at\u00e9 que uma das equipes cometa uma falta e perca o saque para o outro lado. Somente a equipe que saca pode pontuar, e a equipe que recebe deve deixar a bola quicar antes de golpe\u00e1-la. Os jogos s\u00e3o disputados at\u00e9 11 pontos.<\/p>\n<\/div>\n<\/div>\n\n\n\n<div class=\"wp-block-columns is-layout-flex wp-container-core-columns-is-layout-28f84493 wp-block-columns-is-layout-flex base-block\">\n<div class=\"wp-block-column is-layout-flow wp-block-column-is-layout-flow base-block\">\n<h4 class=\"wp-block-heading base-block\">Como chegar l\u00e1<\/h4>\n\n\n\n<p class=\"base-block\">A Rua 17&nbsp;<a href=\"https:\/\/www.santamonica.com\/pt\/transporte\/metro-de-santa-monica\/\">Linha E do metr\u00f4<\/a>&nbsp;A parada est\u00e1 convenientemente localizada perto das quadras de pickleball do Memorial Park, portanto, pegue o trem do metr\u00f4 para uma viagem f\u00e1cil at\u00e9 o seu jogo! Depois, pegue novamente o trem para uma viagem r\u00e1pida at\u00e9&nbsp;<a href=\"https:\/\/www.santamonica.com\/pt\/bairros-de-santa-monica\/downtown-santa-monica-third-street-promenade\/\">Centro de Santa M\u00f4nica<\/a>&nbsp;para comer alguma coisa e se divertir na cidade!<\/p>\n<\/div>\n<\/div>\n\n\n\n<section class=\"image-section-break sm-block\">\n    <div class=\"image-section-break__image-wrapper\">\n                    <picture>\n                    <source\n                        media=\"(min-width: 768px)\"\n                        srcset=\"https:\/\/www.santamonica.com\/wp-content\/uploads\/2024\/03\/Santa-Monica-Pickleball-Center-1656x574-1.png\"\n                    >\n                    <img decoding=\"async\" src=\"https:\/\/www.santamonica.com\/wp-content\/uploads\/2024\/03\/Santa-Monica-Pickleball-Center-650x866px.png\" class=\"image-section-break__image\" alt=\"pessoas jogando pickleball no centro de pickleball de santa monica\" title=\"\">\n            <\/picture>\n                \n\n    <\/div>\n    <div class=\"image-section-break__text-content\">\n        <div class=\"image-section-break__first-content --theme3\">\n                            <div class=\"image-section-break__eyebrow-text\">Onde jogar<\/div>\n                                        <h2 class=\"image-section-break__title\">Quadras de Pickleball em Santa Monica<\/h2>\n                                        <div class=\"image-section-break__body-copy wysiwyg\"><p>Profissionais e iniciantes podem desfrutar da vida no\u00a0<a href=\"https:\/\/www.santamonica.com\/pt\/coisas-para-fazer\/centro-de-pickleball-de-santa-monica\/\">Centro de Pickleball de Santa M\u00f4nica<\/a>. Acesse quatro quadras externas e internas e inscreva-se para receber aulas particulares e em grupo. Como parte de uma das opera\u00e7\u00f5es de t\u00eanis mais reconhecidas do sul da Calif\u00f3rnia, essa instala\u00e7\u00e3o tamb\u00e9m oferece varejo e um dos mais variados estoques de equipamentos de pickleball de toda a L.A.<br data-rich-text-line-break=\"true\" \/><br data-rich-text-line-break=\"true\" \/>Tr\u00eas quadras de pickleball internas, boutique e aprovadas pela PPA, rodadas de jogos abertos, eventos sociais em West LA e festas particulares, tudo isso na Third Street Promenade.<a href=\"https:\/\/www.santamonica.com\/pt\/picles\/\">Picles Pop<\/a> tem de tudo. Para aumentar a divers\u00e3o, os jogadores podem participar de uma liga personalizada ou criar a sua pr\u00f3pria.<\/p>\n<\/div>\n                                <\/div>\n        <div class=\"image-section-break__second-content\">\n                            <div class=\"image-section-break__body-copy wysiwyg\"><p>Apare\u00e7a nas quadras de pickleball da John Adams Middle School nos fins de semana para jogar gratuitamente das 8h \u00e0s 12h. Nos fins de semana, ap\u00f3s as 12h, e nos dias \u00fateis, das 17h ao anoitecer, h\u00e1 disponibilidade por ordem de chegada.<\/p>\n<p>Localizado no centro de Santa Monica, os fan\u00e1ticos por pickleball podem se inscrever em cl\u00ednicas para adultos e liveball, cl\u00ednicas de pickleball para crian\u00e7as, minicampos de 3 horas, uma vez por m\u00eas, e reservar tempo de quadra em quadras internas e externas no <a href=\"https:\/\/www.santamonica.com\/pt\/pickletown-la\/\">Pickletown LA<\/a>. Esse \u00e9 o lugar perfeito para jogar em fam\u00edlia, com amigos ou novos conhecidos.<\/p>\n<p><a href=\"https:\/\/www.santamonica.com\/pt\/o-que-fazer\/parque-memorial\/\">Parque Memorial<\/a>\u00a0tem quatro quadras de t\u00eanis pintadas com linhas de pickleball, e cada uma pode abrigar quatro quadras de pickleball. Essas quadras s\u00e3o as primeiras a chegar, as primeiras a serem servidas quando n\u00e3o s\u00e3o usadas por programas e reservas da cidade. Confira os recursos da Cidade de Santa Monica para obter informa\u00e7\u00f5es sobre a reserva de quadras de t\u00eanis e pickleball\u00a0<a href=\"https:\/\/www.santamonica.gov\/programs\/tennis-and-pickleball\" target=\"_blank\" rel=\"noreferrer noopener\">aqui<\/a>.<\/p>\n<\/div>\n                                <\/div>\n    <\/div>\n<\/section>\n\n\n    <section class=\"booking-cta --theme5 sm-block\">\n    <div id=\"widget-container-2070\"><\/div>\n<script type=\"text\/javascript\">\n  (function() {\n    var script = document.createElement('script');\n    script.type = 'text\/javascript';\n    script.async = 'true';\n    script.src = \"https:\/\/admin.bookdirect.net\/hs4\/widgets\/2070.js?widget_element=widget-container-2070\";\n    document.body.appendChild(script);\n  })();\n<\/script>\n    <\/section>\n\n\n\n<section class=\"blog-feed --theme8 sm-block\">\n    <div class=\"blog-feed__content\">\n        <div class=\"blog-feed__intro\">\n                            <div class=\"blog-feed__eyebrow eyebrow\">Coisas para fazer em Santa Monica<\/div>                                        <h1 class=\"blog-feed__headline\">Dicas privilegiadas<\/h1>                                        <div class=\"blog-feed__body\"><p>Encontre itiner\u00e1rios, dicas locais e aventuras emocionantes para ajudar a moldar sua programa\u00e7\u00e3o em Santa Monica.<\/p>\n<\/div>\n                                        <a class=\"blog-feed__cta\" href=\"https:\/\/www.santamonica.com\/pt\/postagens-de-blog\/\">Ver todos os blogs<\/a>\n                    <\/div>\n\n        <ul class=\"blog-feed__list\">\n                                                <li class=\"blog-feed__item\">\n                        <a href=\"https:\/\/www.santamonica.com\/pt\/things-to-do\/outdoors\/\" class=\"blog-feed__item-link\">\n                            <div class=\"blog-feed__image-ratio\">\n                                <img decoding=\"async\" class=\"blog-feed__image\" src=\"https:\/\/www.santamonica.com\/wp-content\/uploads\/2020\/04\/Santa-Monica-Virtual-Beach-blog-post-featured-400x400.jpg\" alt=\"Saia ao ar livre e aproveite o ar fresco e a brisa do mar em Santa Monica\" title=\"\">\n                            <\/div>\n                            <div class=\"blog-feed__card-title\">Saia ao ar livre e aproveite o ar fresco e a brisa do mar em Santa Monica<\/div>\n                        <\/a>\n                    <\/li>\n                                                                <li class=\"blog-feed__item\">\n                        <a href=\"https:\/\/www.santamonica.com\/pt\/things-to-do\/coastal-chronicles-the-history-of-santa-monicas-libraries\/\" class=\"blog-feed__item-link\">\n                            <div class=\"blog-feed__image-ratio\">\n                                <img decoding=\"async\" class=\"blog-feed__image\" src=\"https:\/\/www.santamonica.com\/wp-content\/uploads\/2024\/04\/Untitled-design-34-400x400.jpg\" alt=\"Cr\u00f4nicas Costeiras: A hist\u00f3ria das bibliotecas de Santa M\u00f4nica\" title=\"\">\n                            <\/div>\n                            <div class=\"blog-feed__card-title\">Cr\u00f4nicas Costeiras: A hist\u00f3ria das bibliotecas de Santa M\u00f4nica<\/div>\n                        <\/a>\n                    <\/li>\n                                                                <li class=\"blog-feed__item\">\n                        <a href=\"https:\/\/www.santamonica.com\/pt\/experience-santa-monica\/15-movies-to-satiate-your-santa-monica-wanderlust\/\" class=\"blog-feed__item-link\">\n                            <div class=\"blog-feed__image-ratio\">\n                                <img decoding=\"async\" class=\"blog-feed__image\" src=\"https:\/\/www.santamonica.com\/wp-content\/uploads\/2020\/03\/Movies-Filmed-in-Santa-Monica-blog-post-featured-400x400.jpg\" alt=\"Filmes e programas de TV para saciar seu desejo de viajar em Santa Monica\" title=\"\">\n                            <\/div>\n                            <div class=\"blog-feed__card-title\">Filmes e programas de TV para saciar seu desejo de viajar em Santa Monica<\/div>\n                        <\/a>\n                    <\/li>\n                                    <\/ul>\n    <\/div>\n<\/section>","protected":false},"excerpt":{"rendered":"<p>What is pickleball? Pickleball was invented on Bainbridge Island in Washington state in 1965. The sport can be played indoors or outdoors and uses a Wiffle ball and a paddle that is slightly larger and longer than a ping pong paddle. A pickleball court is the same as a badminton-sized court, 20 feet (6.1 meters) wide by 44 feet (13.4 meters) long, with a net measuring 34 inches (86.4 centimeters) tall in the middle. There should be a 7-foot (2.1-meter) no volley zone nearest the nets and right and left service courts, similar to a tennis court layout. Pickleball rules [\u2026]<\/p>\n","protected":false},"author":1421,"featured_media":351191,"parent":0,"menu_order":0,"comment_status":"closed","ping_status":"closed","template":"template-editorial.php","meta":{"_acf_changed":false,"inline_featured_image":false,"footnotes":""},"silos":[3899],"class_list":["post-351176","page","type-page","status-publish","has-post-thumbnail","hentry"],"acf":[],"_links":{"self":[{"href":"https:\/\/www.santamonica.com\/pt\/wp-json\/wp\/v2\/pages\/351176","targetHints":{"allow":["GET"]}}],"collection":[{"href":"https:\/\/www.santamonica.com\/pt\/wp-json\/wp\/v2\/pages"}],"about":[{"href":"https:\/\/www.santamonica.com\/pt\/wp-json\/wp\/v2\/types\/page"}],"author":[{"embeddable":true,"href":"https:\/\/www.santamonica.com\/pt\/wp-json\/wp\/v2\/users\/1421"}],"replies":[{"embeddable":true,"href":"https:\/\/www.santamonica.com\/pt\/wp-json\/wp\/v2\/comments?post=351176"}],"version-history":[{"count":52,"href":"https:\/\/www.santamonica.com\/pt\/wp-json\/wp\/v2\/pages\/351176\/revisions"}],"predecessor-version":[{"id":785059,"href":"https:\/\/www.santamonica.com\/pt\/wp-json\/wp\/v2\/pages\/351176\/revisions\/785059"}],"wp:featuredmedia":[{"embeddable":true,"href":"https:\/\/www.santamonica.com\/pt\/wp-json\/wp\/v2\/media\/351191"}],"wp:attachment":[{"href":"https:\/\/www.santamonica.com\/pt\/wp-json\/wp\/v2\/media?parent=351176"}],"wp:term":[{"taxonomy":"silos","embeddable":true,"href":"https:\/\/www.santamonica.com\/pt\/wp-json\/wp\/v2\/silos?post=351176"}],"curies":[{"name":"wp","href":"https:\/\/api.w.org\/{rel}","templated":true}]}}