{"id":349028,"date":"2022-07-25T12:49:54","date_gmt":"2022-07-25T19:49:54","guid":{"rendered":"https:\/\/www.santamonica.com\/?page_id=349028"},"modified":"2024-06-03T21:03:07","modified_gmt":"2024-06-04T04:03:07","slug":"viajar-com-responsabilidade","status":"publish","type":"page","link":"https:\/\/www.santamonica.com\/pt\/travel-responsibly\/","title":{"rendered":"Viajar com responsabilidade"},"content":{"rendered":"<section class=\"sun-title sm-block --theme6 --2col sm-block\">\n            <h2 class=\"sun-title__headline\">Viaje com responsabilidade em Santa Monica<\/h2>    \n            <div class=\"sun-title__body  --2col wysiwyg\">\n                    <div class=\"column-1\">\n                <p><!-- wp:heading {\"level\":4} --><\/p>\n<h3 class=\"wp-block-heading\"><strong>Planeje com anteced\u00eancia<\/strong><\/h3>\n<p>Pesquise sobre um neg\u00f3cio ou atividade que voc\u00ea est\u00e1 interessado em fazer antes de ir. Ligue diretamente para a empresa ou consulte seus sites e canais de m\u00eddia social para saber se suas opera\u00e7\u00f5es s\u00e3o diferentes.<\/p>\n<p><!-- \/wp:paragraph --> <!-- wp:paragraph --><\/p>\n<p>Se quiser ir a um determinado restaurante ou museu, tente fazer uma reserva com anteced\u00eancia ou ir em hor\u00e1rios de menor movimento. Se voc\u00ea quiser evitar multid\u00f5es, tente visitar um dos <a href=\"https:\/\/www.santamonica.com\/pt\/experiencia-em-santa-monica\/bairros\/\">Os oito bairros de Santa M\u00f4nica<\/a>, que oferecem uma variedade de op\u00e7\u00f5es de restaurantes e lojas para visitantes e moradores locais.<\/p>\n<p><!-- \/wp:paragraph --> <!-- wp:paragraph --><\/p>\n<p>Se ainda tiver d\u00favidas, ligue para o nosso Centro de Visitantes no n\u00famero 310-319-6263 ou envie uma mensagem de texto para o n\u00famero 424-443-8830, sete dias por semana, das 9h \u00e0s 17h, ou visite o 2427 Main Street, aberto de segunda a sexta-feira, das 9h \u00e0s 17h30; s\u00e1bado e domingo, das 9h \u00e0s 17h. Teremos prazer em responder a todas as suas perguntas sobre como visitar Santa Monica neste momento.<\/p>\n<p><!-- \/wp:paragraph --> <!-- wp:heading {\"level\":5} --><\/p>\n<h3 class=\"wp-block-heading\"><strong>Defina as expectativas para sua visita<\/strong><\/h3>\n<p>Pedimos que voc\u00ea seja paciente e permita alguma flexibilidade em seus planos de viagem e atividades. A comunidade de Santa Monica recebe os visitantes com gentileza e aprecia quando os visitantes retribuem o favor. Demonstre generosidade com as empresas locais e fa\u00e7a sua parte para preservar a prosperidade a longo prazo dos locais que voc\u00ea visita.<\/p>\n<p><!-- \/wp:paragraph --> <!-- wp:paragraph --><\/p>\n<p>Embora a praia e o p\u00eder sejam visitas obrigat\u00f3rias em suas f\u00e9rias, h\u00e1 muitos outros bairros exclusivos em Santa Monica para explorar, que podem estar menos lotados. Confira os in\u00fameros murais de arte de rua em\u00a0<a href=\"https:\/\/www.santamonica.com\/pt\/experiencia-em-santa-monica\/bairros\/pico-boulevard\/\">Pico Boulevard<\/a>\u00a0com um passeio a p\u00e9 autoguiado, esbanje nas butiques e caf\u00e9s da\u00a0<a href=\"https:\/\/www.santamonica.com\/pt\/experiencia-em-santa-monica\/bairros\/montana-avenue\/\">Avenida Montana<\/a>, Jante ao ar livre em um dos muitos restaurantes da\u00a0<a href=\"https:\/\/www.santamonica.com\/pt\/experiencia-em-santa-monica\/bairros\/rua-principal\/\">Rua principal<\/a>, d\u00ea uma passada em uma ou duas galerias em\u00a0<a href=\"https:\/\/www.santamonica.com\/pt\/experiencia-em-santa-monica\/bairros\/centro-da-cidade\/\">Centro da cidade<\/a>\u2019O pr\u00f3spero distrito art\u00edstico da cidade, compre produtos sazonais frescos em um dos\u00a0<a href=\"https:\/\/www.santamonica.com\/pt\/experiencia-em-santa-monica\/bairros\/centro-de-santa-monica-3rd-street-promenade\/\">Centro de Santa M\u00f4nica<\/a>\u2019s\u00a0<a href=\"https:\/\/www.santamonica.com\/pt\/experiencia-em-santa-monica\/mercados-de-agricultores\/\">mercados de agricultores<\/a>\u00a0ou fazer compras de tesouros no\u00a0<a href=\"https:\/\/www.santamonica.com\/pt\/experiencia-em-santa-monica\/bairros\/parque-oceanico\/\">Ocean Park Boulevard\/\u00c1rea do Aeroporto de Santa M\u00f4nica<\/a>.<\/p>\n<h3 class=\"wp-block-heading\"><strong>N\u00e3o usar carro<\/strong><\/h3>\n<p><!-- \/wp:heading --> <!-- wp:paragraph --><\/p>\n<p>Ficar sem carro \u00e9 f\u00e1cil nas 8,3 milhas quadradas de Santa Monica, que oferecem cal\u00e7adas adequadas para pedestres, quil\u00f4metros e quil\u00f4metros de ciclovias, um trem leve que conecta Santa Monica ao centro de Los Angeles, servi\u00e7os de carona compartilhada e scooters el\u00e9tricos. Veja todas as op\u00e7\u00f5es de Santa M\u00f4nica\u00a0<a href=\"https:\/\/www.santamonica.com\/pt\/transporte\/transporte-publico\/\">op\u00e7\u00f5es de transporte p\u00fablico<\/a>\u00a0e revis\u00e3o\u00a0<a href=\"https:\/\/www.santamonica.com\/pt\/experiencia-em-santa-monica\/seguranca\/\">Informa\u00e7\u00f5es de seguran\u00e7a<\/a>\u00a0para se locomover pela cidade.<\/p>\n<p><!-- \/wp:paragraph --> <!-- wp:paragraph --><\/p>\n<p>Se voc\u00ea precisar trazer um ve\u00edculo, leia nosso\u00a0<a href=\"https:\/\/www.santamonica.com\/pt\/transporte\/estacionamento\/\">p\u00e1gina de estacionamento<\/a>\u00a0para obter mais informa\u00e7\u00f5es.<\/p>\n<p><!-- \/wp:paragraph --><\/p>\n                            <\/div>\n            <div class=\"column-2\">\n                <p><!-- wp:heading {\"level\":4} --><\/p>\n<h3 class=\"wp-block-heading\"><strong>Ajude a manter Santa Monica limpa<\/strong><\/h3>\n<p>Mantenha o mais alto respeito por todos e por tudo que encontrar enquanto estiver em Santa Monica. Isso inclui o ambiente em que vivemos. Para manter o brilho de nossa cidade \u00e0 beira-mar, limpe a sujeira e descarte o lixo em recipientes designados dispon\u00edveis ao longo da praia e em toda a cidade ou leve-o consigo. Todos n\u00f3s compartilhamos a responsabilidade de proteger Santa Monica.<\/p>\n<p><!-- \/wp:paragraph --> <!-- wp:heading {\"level\":5} --><\/p>\n<h3 class=\"wp-block-heading\"><strong>Apoie as empresas locais e celebre a cultura<\/strong><\/h3>\n<p class=\"wp-block-heading\">Participar de eventos locais, jantar em restaurantes locais e fazer compras em lojas locais contribuem para o bem-estar e a economia da comunidade local. A imers\u00e3o nas muitas culturas e tradi\u00e7\u00f5es locais de Santa Monica contribui para o crescimento da cidade como um destino distinto \u00e0 beira-mar para as gera\u00e7\u00f5es futuras visitarem e desfrutarem.<\/p>\n<p><!-- \/wp:paragraph --> <!-- wp:paragraph --><\/p>\n<p>Voc\u00ea sabia que para cada $10 gasto em uma empresa de Santa Monica, $7 fica na comunidade por meio de impostos, folha de pagamento e outras despesas? Com cada compra feita em Santa Monica durante sua visita pr\u00f3xima, voc\u00ea faz um investimento em nossa economia local, economiza tempo e reduz sua pegada de carbono.<\/p>\n<p><!-- \/wp:paragraph --> <!-- wp:heading {\"level\":5} --><\/p>\n<h3 class=\"wp-block-heading\">Mantenha-se saud\u00e1vel<\/h3>\n<p class=\"wp-block-heading\">A partir de\u00a0<a href=\"http:\/\/publichealth.lacounty.gov\/phcommon\/public\/media\/mediapubdetail.cfm?unit=media&amp;ou=ph&amp;prog=media&amp;prid=4344\" target=\"_blank\" rel=\"noreferrer noopener\">31 de mar\u00e7o de 2023<\/a>, Em janeiro de 2020, as declara\u00e7\u00f5es de emerg\u00eancia locais, regionais, estaduais e federais sobre a COVID-19 foram conclu\u00eddas. Embora o uso de m\u00e1scaras n\u00e3o seja mais necess\u00e1rio em locais p\u00fablicos, no transporte coletivo e na entrada e sa\u00edda dos EUA, Santa Monica continua a incentivar a viagem respons\u00e1vel e o bem-estar geral da comunidade local e dos viajantes para o destino. Parte da prote\u00e7\u00e3o para si mesmo e para os outros \u00e9 fazer o teste se estiver apresentando sintomas ou se tiver sido exposto a algu\u00e9m com teste positivo. A melhor ferramenta para prevenir e se proteger contra a dissemina\u00e7\u00e3o da COVID-19 \u00e9 a vacina\u00e7\u00e3o e o refor\u00e7o. Voc\u00ea pode tomar uma vacina contra a gripe <a href=\"https:\/\/www.vaccines.gov\/\" target=\"_blank\" rel=\"noopener\">ao mesmo tempo<\/a> como uma vacina contra a COVID-19.<\/p>\n<p><!-- \/wp:paragraph --><\/p>\n                            <\/div>\n            <\/div>\n    <\/section>\n\n\n\n<p class=\"base-block\"><\/p>\n\n\n\n<p class=\"has-text-align-center base-block\">Se quiser continuar sua jornada depois de visitar Santa Monica, consulte\u00a0<a href=\"https:\/\/www.visitcalifornia.com\/things-to-do\/travel-california-respect-california\/\" target=\"_blank\" rel=\"noreferrer noopener\">Visite o c\u00f3digo de viagem respons\u00e1vel da Calif\u00f3rnia<\/a>.<\/p>\n\n\n    <section class=\"booking-cta --theme5 sm-block\">\n    <div id=\"widget-container-2070\"><\/div>\n<script type=\"text\/javascript\">\n  (function() {\n    var script = document.createElement('script');\n    script.type = 'text\/javascript';\n    script.async = 'true';\n    script.src = \"https:\/\/admin.bookdirect.net\/hs4\/widgets\/2070.js?widget_element=widget-container-2070\";\n    document.body.appendChild(script);\n  })();\n<\/script>\n    <\/section>\n\n\n\n<section class=\"blog-feed --theme8 sm-block\">\n    <div class=\"blog-feed__content\">\n        <div class=\"blog-feed__intro\">\n                            <div class=\"blog-feed__eyebrow eyebrow\">Blogs<\/div>                                        <h2 class=\"blog-feed__headline\">Descubra Santa M\u00f4nica<\/h2>                                        <div class=\"blog-feed__body\"><p>Explore itiner\u00e1rios, dicas locais, pontos de interesse e aventuras selecionadas para garantir que voc\u00ea aproveite ao m\u00e1ximo sua experi\u00eancia em Santa Monica.<\/p>\n<\/div>\n                                        <a class=\"blog-feed__cta\" href=\"https:\/\/www.santamonica.com\/pt\/postagens-de-blog\/\">Ver todos os blogs<\/a>\n                    <\/div>\n\n        <ul class=\"blog-feed__list\">\n                                                <li class=\"blog-feed__item\">\n                        <a href=\"https:\/\/www.santamonica.com\/pt\/mother-road-modern-meetings-route-66-meeting-spaces-set-to-shine-for-centennial-in-santa-monica\/\" class=\"blog-feed__item-link\">\n                            <div class=\"blog-feed__image-ratio\">\n                                <img decoding=\"async\" class=\"blog-feed__image\" src=\"https:\/\/www.santamonica.com\/wp-content\/uploads\/2025\/12\/untitledJuly20162C2020180010-182-2-400x400.jpg\" alt=\"ESTRADA M\u00c3E, REUNI\u00d5ES MODERNAS: ESPA\u00c7OS PARA REUNI\u00d5ES DA ROTA 66 PREPARADOS PARA BRILHAR NO CENTEN\u00c1RIO EM SANTA M\u00d4NICA\" title=\"\">\n                            <\/div>\n                            <div class=\"blog-feed__card-title\">ESTRADA M\u00c3E, REUNI\u00d5ES MODERNAS: ESPA\u00c7OS PARA REUNI\u00d5ES DA ROTA 66 PREPARADOS PARA BRILHAR NO CENTEN\u00c1RIO EM SANTA M\u00d4NICA<\/div>\n                        <\/a>\n                    <\/li>\n                                                                <li class=\"blog-feed__item\">\n                        <a href=\"https:\/\/www.santamonica.com\/pt\/media\/news-release\/santa-monica-announces-song-contest-in-celebration-of-route-66-centennial\/\" class=\"blog-feed__item-link\">\n                            <div class=\"blog-feed__image-ratio\">\n                                <img decoding=\"async\" class=\"blog-feed__image\" src=\"https:\/\/www.santamonica.com\/wp-content\/uploads\/2025\/11\/DSC01084-400x400.jpg\" alt=\"SANTA MONICA ANUNCIA CONCURSO DE M\u00daSICA EM COMEMORA\u00c7\u00c3O AO CENTEN\u00c1RIO DA ROTA 66\" title=\"\">\n                            <\/div>\n                            <div class=\"blog-feed__card-title\">SANTA MONICA ANUNCIA CONCURSO DE M\u00daSICA EM COMEMORA\u00c7\u00c3O AO CENTEN\u00c1RIO DA ROTA 66<\/div>\n                        <\/a>\n                    <\/li>\n                                                                <li class=\"blog-feed__item\">\n                        <a href=\"https:\/\/www.santamonica.com\/pt\/media\/news-release\/where-to-watch-the-world-series-in-santa-monica\/\" class=\"blog-feed__item-link\">\n                            <div class=\"blog-feed__image-ratio\">\n                                <img decoding=\"async\" class=\"blog-feed__image\" src=\"https:\/\/www.santamonica.com\/wp-content\/uploads\/2025\/10\/dodgers-logo-1-400x400.jpg\" alt=\"ONDE ASSISTIR \u00c0 S\u00c9RIE MUNDIAL EM SANTA MONICA\" title=\"\">\n                            <\/div>\n                            <div class=\"blog-feed__card-title\">ONDE ASSISTIR \u00c0 S\u00c9RIE MUNDIAL EM SANTA MONICA<\/div>\n                        <\/a>\n                    <\/li>\n                                    <\/ul>\n    <\/div>\n<\/section>","protected":false},"excerpt":{"rendered":"<p>Se quiser continuar sua viagem depois de visitar Santa Monica, consulte o C\u00f3digo de viagem respons\u00e1vel do Visit California.<\/p>","protected":false},"author":1421,"featured_media":349681,"parent":0,"menu_order":0,"comment_status":"closed","ping_status":"closed","template":"","meta":{"_acf_changed":false,"inline_featured_image":false,"footnotes":""},"silos":[],"class_list":["post-349028","page","type-page","status-publish","has-post-thumbnail","hentry"],"acf":[],"_links":{"self":[{"href":"https:\/\/www.santamonica.com\/pt\/wp-json\/wp\/v2\/pages\/349028","targetHints":{"allow":["GET"]}}],"collection":[{"href":"https:\/\/www.santamonica.com\/pt\/wp-json\/wp\/v2\/pages"}],"about":[{"href":"https:\/\/www.santamonica.com\/pt\/wp-json\/wp\/v2\/types\/page"}],"author":[{"embeddable":true,"href":"https:\/\/www.santamonica.com\/pt\/wp-json\/wp\/v2\/users\/1421"}],"replies":[{"embeddable":true,"href":"https:\/\/www.santamonica.com\/pt\/wp-json\/wp\/v2\/comments?post=349028"}],"version-history":[{"count":112,"href":"https:\/\/www.santamonica.com\/pt\/wp-json\/wp\/v2\/pages\/349028\/revisions"}],"predecessor-version":[{"id":416707,"href":"https:\/\/www.santamonica.com\/pt\/wp-json\/wp\/v2\/pages\/349028\/revisions\/416707"}],"wp:featuredmedia":[{"embeddable":true,"href":"https:\/\/www.santamonica.com\/pt\/wp-json\/wp\/v2\/media\/349681"}],"wp:attachment":[{"href":"https:\/\/www.santamonica.com\/pt\/wp-json\/wp\/v2\/media?parent=349028"}],"wp:term":[{"taxonomy":"silos","embeddable":true,"href":"https:\/\/www.santamonica.com\/pt\/wp-json\/wp\/v2\/silos?post=349028"}],"curies":[{"name":"wp","href":"https:\/\/api.w.org\/{rel}","templated":true}]}}