{"id":348253,"date":"2022-07-22T18:30:53","date_gmt":"2022-07-23T01:30:53","guid":{"rendered":"https:\/\/www.santamonica.com\/?page_id=348253"},"modified":"2024-05-14T21:32:58","modified_gmt":"2024-05-15T04:32:58","slug":"midia-de-ponta","status":"publish","type":"page","link":"https:\/\/www.santamonica.com\/pt\/edge-media\/","title":{"rendered":"M\u00eddia de borda"},"content":{"rendered":"<section class=\"booking-cta --theme5 sm-block\">\n    <div id=\"widget-container-2070\"><\/div>\n<script type=\"text\/javascript\">\n  (function() {\n    var script = document.createElement('script');\n    script.type = 'text\/javascript';\n    script.async = 'true';\n    script.src = \"https:\/\/admin.bookdirect.net\/hs4\/widgets\/2070.js?widget_element=widget-container-2070\";\n    document.body.appendChild(script);\n  })();\n<\/script>\n    <\/section>\n\n\n\n<section class=\"links-grid --theme3 sm-block\">\n    <div class=\"links-grid__wrapper\">\n                                                    <a href=\"https:\/\/www.santamonica.com\/pt\/nightlife\/lgbtq-hot-spots\/\" class=\"links-grid__card-link\" aria-label=\"Pontos de interesse LGBTQ+ de Santa M\u00f4nica\" >\n                    <div class=\"links-grid__card\">\n                                                    <div class=\"links-grid__card-image-wrapper\">\n                                <img decoding=\"async\" width=\"366\" height=\"330\" src=\"https:\/\/www.santamonica.com\/wp-content\/uploads\/2022\/07\/Viceroy366x330.jpg\" class=\"links-grid__card-image\" alt=\"Piscina do hotel com cabanas \u00e0 esquerda e parede colorida \u00e0 direita; palmeiras ao fundo\" loading=\"lazy\" srcset=\"https:\/\/www.santamonica.com\/wp-content\/uploads\/2022\/07\/Viceroy366x330.jpg 366w, https:\/\/www.santamonica.com\/wp-content\/uploads\/2022\/07\/Viceroy366x330-300x270.jpg 300w, https:\/\/www.santamonica.com\/wp-content\/uploads\/2022\/07\/Viceroy366x330-166x150.jpg 166w\" sizes=\"auto, (max-width: 366px) 100vw, 366px\" title=\"\">                            <\/div>\n                                                <div class=\"links-grid__card-text\">\n                                                            <div class=\"links-grid__card-title\">Pontos de interesse LGBTQ+ de Santa M\u00f4nica<\/div>\n                                                                                        <div class=\"links-grid__card-description\">Descubra os melhores pontos de encontro LGBTQ+ em Santa Monica e em outros lugares.<\/div>\n                                                    <\/div>\n                    <\/div>\n                <\/a>\n                                            <a href=\"https:\/\/www.santamonica.com\/pt\/experience-santa-monica\/lgbtq\/\" class=\"links-grid__card-link\" aria-label=\"LGBTQ+\" >\n                    <div class=\"links-grid__card\">\n                                                    <div class=\"links-grid__card-image-wrapper\">\n                                <img decoding=\"async\" width=\"366\" height=\"330\" src=\"https:\/\/www.santamonica.com\/wp-content\/uploads\/2022\/07\/LoveMural366x330.jpg\" class=\"links-grid__card-image\" alt=\"Duas mulheres jovens andando de skate em frente a um mural colorido com flores multicoloridas e um grande cora\u00e7\u00e3o com amor escrito dentro\" loading=\"lazy\" srcset=\"https:\/\/www.santamonica.com\/wp-content\/uploads\/2022\/07\/LoveMural366x330.jpg 366w, https:\/\/www.santamonica.com\/wp-content\/uploads\/2022\/07\/LoveMural366x330-300x270.jpg 300w, https:\/\/www.santamonica.com\/wp-content\/uploads\/2022\/07\/LoveMural366x330-166x150.jpg 166w\" sizes=\"auto, (max-width: 366px) 100vw, 366px\" title=\"\">                            <\/div>\n                                                <div class=\"links-grid__card-text\">\n                                                            <div class=\"links-grid__card-title\">LGBTQ+<\/div>\n                                                                                        <div class=\"links-grid__card-description\">Veja o que faz de Santa M\u00f4nica o destino ideal para visitantes LGBTQ+.<\/div>\n                                                    <\/div>\n                    <\/div>\n                <\/a>\n                                            <a href=\"https:\/\/www.santamonica.com\/pt\/restaurants\/outdoor-dining\/\" class=\"links-grid__card-link\" aria-label=\"Jantar ao ar livre\" >\n                    <div class=\"links-grid__card\">\n                                                    <div class=\"links-grid__card-image-wrapper\">\n                                <img decoding=\"async\" width=\"366\" height=\"330\" src=\"https:\/\/www.santamonica.com\/wp-content\/uploads\/2022\/07\/Drink366x330.jpg\" class=\"links-grid__card-image\" alt=\"Duas m\u00e3os femininas batendo ta\u00e7as de vinho tinto no ar; ao ar livre\" loading=\"lazy\" srcset=\"https:\/\/www.santamonica.com\/wp-content\/uploads\/2022\/07\/Drink366x330.jpg 366w, https:\/\/www.santamonica.com\/wp-content\/uploads\/2022\/07\/Drink366x330-300x270.jpg 300w, https:\/\/www.santamonica.com\/wp-content\/uploads\/2022\/07\/Drink366x330-166x150.jpg 166w\" sizes=\"auto, (max-width: 366px) 100vw, 366px\" title=\"\">                            <\/div>\n                                                <div class=\"links-grid__card-text\">\n                                                            <div class=\"links-grid__card-title\">Jantar ao ar livre<\/div>\n                                                                                        <div class=\"links-grid__card-description\">Com mais de 280 dias de sol por ano, desfrute de refei\u00e7\u00f5es ao ar livre durante todo o ano.<\/div>\n                                                    <\/div>\n                    <\/div>\n                <\/a>\n                                            <a href=\"https:\/\/www.santamonica.com\/pt\/travel-responsibly\/\" class=\"links-grid__card-link\" aria-label=\"Viajar com responsabilidade\" >\n                    <div class=\"links-grid__card\">\n                                                    <div class=\"links-grid__card-image-wrapper\">\n                                <img decoding=\"async\" width=\"400\" height=\"400\" src=\"https:\/\/www.santamonica.com\/wp-content\/uploads\/2022\/07\/Santa-Monica-Pier-Deck-540x540-1-400x400.jpg\" class=\"links-grid__card-image\" alt=\"Viajar com responsabilidade\" loading=\"lazy\" srcset=\"https:\/\/www.santamonica.com\/wp-content\/uploads\/2022\/07\/Santa-Monica-Pier-Deck-540x540-1-400x400.jpg 400w, https:\/\/www.santamonica.com\/wp-content\/uploads\/2022\/07\/Santa-Monica-Pier-Deck-540x540-1-300x300.jpg 300w, https:\/\/www.santamonica.com\/wp-content\/uploads\/2022\/07\/Santa-Monica-Pier-Deck-540x540-1-150x150.jpg 150w, https:\/\/www.santamonica.com\/wp-content\/uploads\/2022\/07\/Santa-Monica-Pier-Deck-540x540-1.jpg 540w\" sizes=\"auto, (max-width: 400px) 100vw, 400px\" title=\"\">                            <\/div>\n                                                <div class=\"links-grid__card-text\">\n                                                            <div class=\"links-grid__card-title\">Viajar com responsabilidade<\/div>\n                                                                                        <div class=\"links-grid__card-description\">Mantenha-se atualizado sobre as \u00faltimas informa\u00e7\u00f5es e alertas de viagem.<\/div>\n                                                    <\/div>\n                    <\/div>\n                <\/a>\n                        <\/div>\n<\/section>\n\n\n\n<section class=\"travel-tips --theme7 sm-block\">\n    <div class=\"travel-tips__inner\">\n        <div class=\"travel-tips__body-col\">\n                            <img decoding=\"async\" src=\"https:\/\/www.santamonica.com\/wp-content\/uploads\/2022\/06\/responsible-badge-1.svg\" alt=\"Viaje para Santa Monica com responsabilidade\" title=\"\">\n                                        <p class=\"travel-tips__intro\">Viaje de forma segura e sustent\u00e1vel para ajudar a manter a beleza de Santa Monica e, ao mesmo tempo, permanecer saud\u00e1vel com estas dicas.<\/p>\n                    <\/div>\n        <div class=\"travel-tips__links-col\">\n                        <div class=\"travel-tips__link-row\">\n                                    <img decoding=\"async\" src=\"https:\/\/www.santamonica.com\/wp-content\/uploads\/2022\/06\/Parking-Information.svg\" alt=\"Estacionamento em Santa Monica\" title=\"\">\n                                                    <a class=\"travel-tips__link\" href=\"https:\/\/www.santamonica.com\/pt\/transporte\/estacionamento\/\">\n                        Informa\u00e7\u00f5es sobre o estacionamento                    <\/a>\n                            <\/div>\n                        <div class=\"travel-tips__link-row\">\n                                    <img decoding=\"async\" src=\"https:\/\/www.santamonica.com\/wp-content\/uploads\/2022\/06\/What-to-Pack.svg\" alt=\"Como fazer as malas para uma viagem a Santa M\u00f4nica\" title=\"\">\n                                                    <a class=\"travel-tips__link\" href=\"https:\/\/www.santamonica.com\/pt\/experiencia-em-santa-monica\/seguranca\/\">\n                        Sa\u00fade e seguran\u00e7a                    <\/a>\n                            <\/div>\n                        <div class=\"travel-tips__link-row\">\n                                    <img decoding=\"async\" src=\"https:\/\/www.santamonica.com\/wp-content\/uploads\/2022\/06\/Health-and-Safety.svg\" alt=\"Dicas de seguran\u00e7a de viagem em Santa M\u00f4nica\" title=\"\">\n                                                    <a class=\"travel-tips__link\" href=\"https:\/\/www.santamonica.com\/pt\/experiencia-em-santa-monica\/o-que-levar-na-mala\/\">\n                        O que levar na mala                    <\/a>\n                            <\/div>\n                        <div class=\"travel-tips__link-row\">\n                                    <img decoding=\"async\" src=\"https:\/\/www.santamonica.com\/wp-content\/uploads\/2022\/06\/The-Essentials.svg\" alt=\"Itens essenciais para uma viagem a Santa M\u00f4nica\" title=\"\">\n                                                    <a class=\"travel-tips__link\" href=\"https:\/\/www.santamonica.com\/pt\/experiencia-em-santa-monica\/essenciais\/\">\n                        O essencial                    <\/a>\n                            <\/div>\n                    <\/div>\n\n    <\/div>\n<\/section>\n\n\n<section class=\"blog-feed --theme8 sm-block\">\n    <div class=\"blog-feed__content\">\n        <div class=\"blog-feed__intro\">\n                            <div class=\"blog-feed__eyebrow eyebrow\">Blogs<\/div>                                        <h2 class=\"blog-feed__headline\">Descubra Santa M\u00f4nica<\/h2>                                        <div class=\"blog-feed__body\"><p>Explore itiner\u00e1rios, dicas locais, pontos de interesse e aventuras selecionadas para garantir que voc\u00ea aproveite ao m\u00e1ximo sua experi\u00eancia em Santa Monica.<\/p>\n<\/div>\n                                        <a class=\"blog-feed__cta\" href=\"https:\/\/www.santamonica.com\/pt\/postagens-de-blog\/\">Ver todos os blogs<\/a>\n                    <\/div>\n\n        <ul class=\"blog-feed__list\">\n                                                <li class=\"blog-feed__item\">\n                        <a href=\"https:\/\/www.santamonica.com\/pt\/mother-road-modern-meetings-route-66-meeting-spaces-set-to-shine-for-centennial-in-santa-monica\/\" class=\"blog-feed__item-link\">\n                            <div class=\"blog-feed__image-ratio\">\n                                <img decoding=\"async\" class=\"blog-feed__image\" src=\"https:\/\/www.santamonica.com\/wp-content\/uploads\/2025\/12\/untitledJuly20162C2020180010-182-2-400x400.jpg\" alt=\"ESTRADA M\u00c3E, REUNI\u00d5ES MODERNAS: ESPA\u00c7OS PARA REUNI\u00d5ES DA ROTA 66 PREPARADOS PARA BRILHAR NO CENTEN\u00c1RIO EM SANTA M\u00d4NICA\" title=\"\">\n                            <\/div>\n                            <div class=\"blog-feed__card-title\">ESTRADA M\u00c3E, REUNI\u00d5ES MODERNAS: ESPA\u00c7OS PARA REUNI\u00d5ES DA ROTA 66 PREPARADOS PARA BRILHAR NO CENTEN\u00c1RIO EM SANTA M\u00d4NICA<\/div>\n                        <\/a>\n                    <\/li>\n                                                                <li class=\"blog-feed__item\">\n                        <a href=\"https:\/\/www.santamonica.com\/pt\/media\/news-release\/santa-monica-announces-song-contest-in-celebration-of-route-66-centennial\/\" class=\"blog-feed__item-link\">\n                            <div class=\"blog-feed__image-ratio\">\n                                <img decoding=\"async\" class=\"blog-feed__image\" src=\"https:\/\/www.santamonica.com\/wp-content\/uploads\/2025\/11\/DSC01084-400x400.jpg\" alt=\"SANTA MONICA ANUNCIA CONCURSO DE M\u00daSICA EM COMEMORA\u00c7\u00c3O AO CENTEN\u00c1RIO DA ROTA 66\" title=\"\">\n                            <\/div>\n                            <div class=\"blog-feed__card-title\">SANTA MONICA ANUNCIA CONCURSO DE M\u00daSICA EM COMEMORA\u00c7\u00c3O AO CENTEN\u00c1RIO DA ROTA 66<\/div>\n                        <\/a>\n                    <\/li>\n                                                                <li class=\"blog-feed__item\">\n                        <a href=\"https:\/\/www.santamonica.com\/pt\/media\/news-release\/where-to-watch-the-world-series-in-santa-monica\/\" class=\"blog-feed__item-link\">\n                            <div class=\"blog-feed__image-ratio\">\n                                <img decoding=\"async\" class=\"blog-feed__image\" src=\"https:\/\/www.santamonica.com\/wp-content\/uploads\/2025\/10\/dodgers-logo-1-400x400.jpg\" alt=\"ONDE ASSISTIR \u00c0 S\u00c9RIE MUNDIAL EM SANTA MONICA\" title=\"\">\n                            <\/div>\n                            <div class=\"blog-feed__card-title\">ONDE ASSISTIR \u00c0 S\u00c9RIE MUNDIAL EM SANTA MONICA<\/div>\n                        <\/a>\n                    <\/li>\n                                    <\/ul>\n    <\/div>\n<\/section>","protected":false},"excerpt":{"rendered":"","protected":false},"author":1421,"featured_media":349820,"parent":0,"menu_order":0,"comment_status":"closed","ping_status":"closed","template":"template-editorial.php","meta":{"_acf_changed":false,"inline_featured_image":false,"footnotes":""},"silos":[],"class_list":["post-348253","page","type-page","status-publish","has-post-thumbnail","hentry"],"acf":[],"_links":{"self":[{"href":"https:\/\/www.santamonica.com\/pt\/wp-json\/wp\/v2\/pages\/348253","targetHints":{"allow":["GET"]}}],"collection":[{"href":"https:\/\/www.santamonica.com\/pt\/wp-json\/wp\/v2\/pages"}],"about":[{"href":"https:\/\/www.santamonica.com\/pt\/wp-json\/wp\/v2\/types\/page"}],"author":[{"embeddable":true,"href":"https:\/\/www.santamonica.com\/pt\/wp-json\/wp\/v2\/users\/1421"}],"replies":[{"embeddable":true,"href":"https:\/\/www.santamonica.com\/pt\/wp-json\/wp\/v2\/comments?post=348253"}],"version-history":[{"count":32,"href":"https:\/\/www.santamonica.com\/pt\/wp-json\/wp\/v2\/pages\/348253\/revisions"}],"predecessor-version":[{"id":414927,"href":"https:\/\/www.santamonica.com\/pt\/wp-json\/wp\/v2\/pages\/348253\/revisions\/414927"}],"wp:featuredmedia":[{"embeddable":true,"href":"https:\/\/www.santamonica.com\/pt\/wp-json\/wp\/v2\/media\/349820"}],"wp:attachment":[{"href":"https:\/\/www.santamonica.com\/pt\/wp-json\/wp\/v2\/media?parent=348253"}],"wp:term":[{"taxonomy":"silos","embeddable":true,"href":"https:\/\/www.santamonica.com\/pt\/wp-json\/wp\/v2\/silos?post=348253"}],"curies":[{"name":"wp","href":"https:\/\/api.w.org\/{rel}","templated":true}]}}