{"id":347698,"date":"2022-07-22T13:01:18","date_gmt":"2022-07-22T20:01:18","guid":{"rendered":"https:\/\/www.santamonica.com\/?page_id=347698"},"modified":"2026-01-13T13:33:17","modified_gmt":"2026-01-13T21:33:17","slug":"surfe","status":"publish","type":"page","link":"https:\/\/www.santamonica.com\/pt\/things-to-do\/surfing\/","title":{"rendered":"Surfe"},"content":{"rendered":"<section class=\"two-images container-max sm-block --flip sm-block\">\n    <div class=\"two-images__container --flip\">\n\n        <div class=\"two-images__column\">\n            <div class=\"two-images__content\">\n                <div class=\"two-images__content-header-container\">\n                                                                                <\/div>\n                                    <div class=\"two-images__content-body wysiwyg\">\n                        <p>Nomeado o esporte oficial do estado em 2018, a cultura do surfe de Santa Monica existe desde sempre, e o surfe tem sido uma parte ic\u00f4nica do estilo de vida da Calif\u00f3rnia. Pegue ondas e participe de eventos de surfe durante todo o ano e n\u00e3o deixe de se juntar aos moradores locais em maio para a ic\u00f4nica festa de surfe de Santa Monica. <a href=\"https:\/\/www.santamonicapier.org\/pier360\" target=\"_blank\" rel=\"noopener\">P\u00eder 360<\/a> evento, que apresenta competi\u00e7\u00f5es de surfe cl\u00e1ssicas e corridas de surfe amig\u00e1veis da TANDM.<\/p>\n<p>O trecho de 3,5 milhas da praia de Santa Monica est\u00e1 situado a poucos passos de muitas das atra\u00e7\u00f5es da cidade. <a href=\"https:\/\/www.santamonica.com\/pt\/hoteis\/\" rel=\"noopener\">hot\u00e9is<\/a> torna o local um ponto de surfe f\u00e1cil e acess\u00edvel para os visitantes. Os iniciantes e os entusiastas avan\u00e7ados encontrar\u00e3o escolas de surfe convenientes e administradas por profissionais que oferecem <a href=\"#surflessons\">aulas de surfe<\/a> em Santa Monica, com um instrutor de surfe especializado \u00e0 disposi\u00e7\u00e3o para aprimorar suas habilidades.<\/p>\n                    <\/div>\n                                            <\/div>\n        <\/div>\n\n        <div class=\"two-images__column\">\n                            <div class=\"two-images__image-container\">\n                    <img decoding=\"async\" width=\"425\" height=\"505\" src=\"https:\/\/www.santamonica.com\/wp-content\/uploads\/2022\/06\/surfing-1.jpg\" class=\"two-images__image\" alt=\"Homem surfando uma onda no oceano\" loading=\"lazy\" srcset=\"https:\/\/www.santamonica.com\/wp-content\/uploads\/2022\/06\/surfing-1.jpg 425w, https:\/\/www.santamonica.com\/wp-content\/uploads\/2022\/06\/surfing-1-252x300.jpg 252w, https:\/\/www.santamonica.com\/wp-content\/uploads\/2022\/06\/surfing-1-126x150.jpg 126w\" sizes=\"auto, (max-width: 425px) 100vw, 425px\" title=\"\">                    \n\n                <\/div>\n                    <\/div>\n\n        <div class=\"two-images__column\">\n                            <div class=\"two-images__image-container\">\n                    <img decoding=\"async\" width=\"600\" height=\"565\" src=\"https:\/\/www.santamonica.com\/wp-content\/uploads\/2022\/05\/surfing-santa-monica-1.jpg\" class=\"two-images__image\" alt=\"surfe em santa m\u00f4nica\" loading=\"lazy\" srcset=\"https:\/\/www.santamonica.com\/wp-content\/uploads\/2022\/05\/surfing-santa-monica-1.jpg 600w, https:\/\/www.santamonica.com\/wp-content\/uploads\/2022\/05\/surfing-santa-monica-1-300x283.jpg 300w, https:\/\/www.santamonica.com\/wp-content\/uploads\/2022\/05\/surfing-santa-monica-1-159x150.jpg 159w\" sizes=\"auto, (max-width: 600px) 100vw, 600px\" title=\"\">                    \n\n                <\/div>\n                    <\/div>\n\n    <\/div>\n<\/section>\n\n\n\n<section class=\"image-section-break sm-block\">\n    <div class=\"image-section-break__image-wrapper\">\n                    <picture>\n                    <source\n                        media=\"(min-width: 768px)\"\n                        srcset=\"https:\/\/www.santamonica.com\/wp-content\/uploads\/2022\/06\/surf-lessons-santa-monica.jpg\"\n                    >\n                    <img decoding=\"async\" src=\"https:\/\/www.santamonica.com\/wp-content\/uploads\/2022\/06\/surf-lessons-santa-monica-M.jpg\" class=\"image-section-break__image\" alt=\"aulas de surfe em Santa M\u00f4nica\" title=\"\">\n            <\/picture>\n                \n\n    <\/div>\n    <div class=\"image-section-break__text-content\">\n        <div class=\"image-section-break__first-content --theme3\">\n                            <div class=\"image-section-break__eyebrow-text\">Dicas para pendurar dez<\/div>\n                                        <h2 class=\"image-section-break__title\">Sem regras, apenas ondas<\/h2>\n                                        <div class=\"image-section-break__body-copy wysiwyg\"><p>\u201cO surfe \u00e9 diferente de outros esportes porque n\u00e3o h\u00e1 regras escritas\u201d, diz Eric Gross, surfista e praticante de stand-up paddle e gerente da loja Poseidon Paddle &amp; Surf. \u201cDefinitivamente, \u00e9 melhor ter um instrutor na sua primeira vez para aprender n\u00e3o apenas como surfar, mas tamb\u00e9m o que fazer e o que n\u00e3o fazer na etiqueta do surfe.\u201d<\/p>\n<\/div>\n                                <\/div>\n        <div class=\"image-section-break__second-content\">\n                            <div class=\"image-section-break__body-copy wysiwyg\"><p>Ele oferece estas dicas para surfar em Santa Monica:<\/p>\n<ul>\n<li>V\u00e1 para o mar pela manh\u00e3, quando \u00e9 prov\u00e1vel que os ventos estejam calmos. Verifique o relat\u00f3rio de surfe e a previs\u00e3o do tempo antes de sair.<\/li>\n<li>Para ajudar a manter o equil\u00edbrio em qualquer tipo de prancha, mantenha a cabe\u00e7a erguida. \u201cOlhe para cima, fique em p\u00e9\u201d, diz Gross. \u201cOlhe para baixo, caia.\u201d<\/li>\n<li>Em uma prancha de paddle, \u201ca velocidade \u00e9 sua amiga\u201d, diz Gross. \u201cComo quando voc\u00ea est\u00e1 em uma bicicleta, quanto mais devagar voc\u00ea vai, menos estabilidade voc\u00ea tem.\u201d<\/li>\n<\/ul>\n<\/div>\n                                <\/div>\n    <\/div>\n<\/section>\n\n\n\n<section class=\"two-images container-max sm-block  sm-block\">\n    <div class=\"two-images__container\">\n\n        <div class=\"two-images__column\">\n            <div class=\"two-images__content\">\n                <div class=\"two-images__content-header-container\">\n                                            <h1 class=\"two-images__content-header\">Seaside Smarts<\/h1>                                    <\/div>\n                                    <div class=\"two-images__content-body wysiwyg\">\n                        <p>Certifique-se de <a href=\"http:\/\/ph.lacounty.gov\/beach\" target=\"_blank\" rel=\"noopener\">verificar as condi\u00e7\u00f5es e temperaturas da \u00e1gua<\/a> antes de mergulhar, pois as temperaturas m\u00e9dias do oceano em Santa M\u00f4nica variam de 54\u00b0F - 61\u00b0F no in\u00edcio de fevereiro a 63\u00b0F - 70\u00b0F no in\u00edcio de setembro. Se as condi\u00e7\u00f5es forem adequadas, aplique o protetor solar e vista-se bem com uma roupa de mergulho de corpo inteiro. Pegue <a href=\"https:\/\/www.santamonica.com\/pt\/coisas-para-fazer\/ciclismo-e-aluguel-de-bicicletas\/\" rel=\"noopener\">duas rodas<\/a> em vez de quatro para a praia e lembre-se sempre de se manter hidratado. Quando estiver pronto para comer, abaste\u00e7a-se nos locais favoritos dos f\u00e3s <a href=\"https:\/\/www.santamonica.com\/pt\/restaurantes\/de-volta-a-praia\/\" rel=\"noopener\">Caf\u00e9 Back on the Beach<\/a> ou <a href=\"https:\/\/www.santamonica.com\/pt\/reunioes\/perrys-cafe-and-beach-rentals-local-do-evento\/\" target=\"_blank\" rel=\"noopener\">Perry's at the Beach<\/a>, onde voc\u00ea pode comer com os p\u00e9s na areia ou desfrutar de uma das muitas outras atra\u00e7\u00f5es de Santa Monica <a href=\"https:\/\/www.santamonica.com\/pt\/restaurantes\/restaurantes-na-praia\/\" rel=\"noopener\">restaurantes \u00e0 beira-mar<\/a>.<\/p>\n                    <\/div>\n                                            <\/div>\n        <\/div>\n\n        <div class=\"two-images__column\">\n                            <div class=\"two-images__image-container\">\n                    <img decoding=\"async\" width=\"424\" height=\"504\" src=\"https:\/\/www.santamonica.com\/wp-content\/uploads\/2022\/07\/Surf424x504.jpg\" class=\"two-images__image\" alt=\"Homem na praia de Santa Monica segurando uma prancha de surfe em dire\u00e7\u00e3o ao oceano\" loading=\"lazy\" srcset=\"https:\/\/www.santamonica.com\/wp-content\/uploads\/2022\/07\/Surf424x504.jpg 424w, https:\/\/www.santamonica.com\/wp-content\/uploads\/2022\/07\/Surf424x504-252x300.jpg 252w, https:\/\/www.santamonica.com\/wp-content\/uploads\/2022\/07\/Surf424x504-126x150.jpg 126w\" sizes=\"auto, (max-width: 424px) 100vw, 424px\" title=\"\">                    \n\n                <\/div>\n                    <\/div>\n\n        <div class=\"two-images__column\">\n                            <div class=\"two-images__image-container\">\n                    <img decoding=\"async\" width=\"600\" height=\"464\" src=\"https:\/\/www.santamonica.com\/wp-content\/uploads\/2022\/07\/Perrys600x464.jpg\" class=\"two-images__image\" alt=\"Refei\u00e7\u00f5es ao ar livre na areia da praia de Santa Monica; guarda-chuvas laranja fazendo sombra para as pessoas sentadas e comendo\" loading=\"lazy\" srcset=\"https:\/\/www.santamonica.com\/wp-content\/uploads\/2022\/07\/Perrys600x464.jpg 600w, https:\/\/www.santamonica.com\/wp-content\/uploads\/2022\/07\/Perrys600x464-300x232.jpg 300w, https:\/\/www.santamonica.com\/wp-content\/uploads\/2022\/07\/Perrys600x464-194x150.jpg 194w\" sizes=\"auto, (max-width: 600px) 100vw, 600px\" title=\"\">                    \n\n                <\/div>\n                    <\/div>\n\n    <\/div>\n<\/section>\n\n\n<section class=\"stakeholder-feed sm-block js-stk-root sm-block\" id=\"surflessons\">\n    <div class=\"stakeholder-feed__top\">\n        <div class=\"stakeholder-feed__intro\">\n                            <h1 class=\"stakeholder-feed__headline\">Aulas de surfe em Santa Monica<\/h1>                                        <div class=\"stakeholder-feed__intro-body wysiwyg\">\n                    <p>Se voc\u00ea est\u00e1 procurando uma loja de surfe perto de Santa Monica, n\u00e3o procure mais do que essas empresas da \u00e1rea de Los Angeles. Essas lojas de surfe locais em Santa Monica oferecem aluguel de equipamentos e\/ou aulas de surfe.<\/p>\n                <\/div>\n                    <\/div>\n        <div class=\"stakeholder-feed__nav-section\">\n                            <h1 class=\"stakeholder-feed__feed-title\">Aluguel e aulas de surfe<\/h1>                        \n                        <div class=\"stakeholder-feed__pagination\">\n                <div class=\"swiper-button-prev stakeholder-feed__pagination-prev\"><\/div>\n                <div class=\"swiper-button-next stakeholder-feed__pagination-next\"><\/div>\n            <\/div>\n        <\/div>\n    <\/div>\n    <div class=\"stakeholder-feed__bottom\">\n        <div class=\"stakeholder-feed__feed-list-wrapper swiper js-stk-swiper\">\n            <ul class=\"stakeholder-feed__feed-list swiper-wrapper js-stk-wrapper\">\n                    <li class=\"swiper-slide stakeholder-card --theme3\">\n        <a class=\"stakeholder-card__link\" href=\"https:\/\/www.santamonica.com\/pt\/things-to-do\/aqua-surf-school\/\">\n            <div class=\"stakeholder-card__image\">\n                <img decoding=\"async\" src=\"https:\/\/assets.simpleviewinc.com\/simpleview\/image\/upload\/crm\/santamonica\/Lesson-One15000_c005d575-5056-b365-ab14ff2b996337c9.jpg\" alt=\"Escola de surfe Aqua\" title=\"\">\n            <\/div>\n            <div class=\"stakeholder-card__stk-info\">\n                <div class=\"stakeholder-card__stk-name\">Escola de surfe Aqua<\/div>\n                <div class=\"stakeholder-card__stk-cat\">Praia\/Outdoors<\/div>\n            <\/div>\n        <\/a>\n    <\/li>\n        <li class=\"swiper-slide stakeholder-card --theme3\">\n        <a class=\"stakeholder-card__link\" href=\"https:\/\/www.santamonica.com\/pt\/things-to-do\/learn-to-surf-la\/\">\n            <div class=\"stakeholder-card__image\">\n                <img decoding=\"async\" src=\"https:\/\/assets.simpleviewinc.com\/simpleview\/image\/upload\/crm\/santamonica\/DSC080340_bf5a3c6f-5056-b365-aba6df99e5febc95.jpg\" alt=\"Aprenda a surfar em Los Angeles\" title=\"\">\n            <\/div>\n            <div class=\"stakeholder-card__stk-info\">\n                <div class=\"stakeholder-card__stk-name\">Aprenda a surfar em Los Angeles<\/div>\n                <div class=\"stakeholder-card__stk-cat\">Praia\/Outdoors<\/div>\n            <\/div>\n        <\/a>\n    <\/li>\n        <li class=\"swiper-slide stakeholder-card --theme3\">\n        <a class=\"stakeholder-card__link\" href=\"https:\/\/www.santamonica.com\/pt\/things-to-do\/poseidon-paddle-and-surf\/\">\n            <div class=\"stakeholder-card__image\">\n                <img decoding=\"async\" src=\"https:\/\/api.threshold360.com\/step\/v2\/locations\/1324111\/thumbnail\" alt=\"Poseidon Paddle e Surf\" title=\"\">\n            <\/div>\n            <div class=\"stakeholder-card__stk-info\">\n                <div class=\"stakeholder-card__stk-name\">Poseidon Paddle e Surf<\/div>\n                <div class=\"stakeholder-card__stk-cat\">Coisas para fazer<\/div>\n            <\/div>\n        <\/a>\n    <\/li>\n                <\/ul>\n        <\/div>\n    <\/div>\n<\/section>\n\n\n<section class=\"blog-feed --theme8 sm-block\">\n    <div class=\"blog-feed__content\">\n        <div class=\"blog-feed__intro\">\n                            <div class=\"blog-feed__eyebrow eyebrow\">Blogs<\/div>                                        <h2 class=\"blog-feed__headline\">Descubra Santa M\u00f4nica<\/h2>                                        <div class=\"blog-feed__body\"><p>Explore itiner\u00e1rios, dicas locais, pontos de interesse e aventuras selecionadas para garantir que voc\u00ea aproveite ao m\u00e1ximo sua experi\u00eancia em Santa Monica.<\/p>\n<\/div>\n                                        <a class=\"blog-feed__cta\" href=\"https:\/\/www.santamonica.com\/pt\/postagens-de-blog\/\">Ver todos os blogs<\/a>\n                    <\/div>\n\n        <ul class=\"blog-feed__list\">\n                                                <li class=\"blog-feed__item\">\n                        <a href=\"https:\/\/www.santamonica.com\/pt\/mother-road-modern-meetings-route-66-meeting-spaces-set-to-shine-for-centennial-in-santa-monica\/\" class=\"blog-feed__item-link\">\n                            <div class=\"blog-feed__image-ratio\">\n                                <img decoding=\"async\" class=\"blog-feed__image\" src=\"https:\/\/www.santamonica.com\/wp-content\/uploads\/2025\/12\/untitledJuly20162C2020180010-182-2-400x400.jpg\" alt=\"ESTRADA M\u00c3E, REUNI\u00d5ES MODERNAS: ESPA\u00c7OS PARA REUNI\u00d5ES DA ROTA 66 PREPARADOS PARA BRILHAR NO CENTEN\u00c1RIO EM SANTA M\u00d4NICA\" title=\"\">\n                            <\/div>\n                            <div class=\"blog-feed__card-title\">ESTRADA M\u00c3E, REUNI\u00d5ES MODERNAS: ESPA\u00c7OS PARA REUNI\u00d5ES DA ROTA 66 PREPARADOS PARA BRILHAR NO CENTEN\u00c1RIO EM SANTA M\u00d4NICA<\/div>\n                        <\/a>\n                    <\/li>\n                                                                <li class=\"blog-feed__item\">\n                        <a href=\"https:\/\/www.santamonica.com\/pt\/media\/news-release\/santa-monica-announces-song-contest-in-celebration-of-route-66-centennial\/\" class=\"blog-feed__item-link\">\n                            <div class=\"blog-feed__image-ratio\">\n                                <img decoding=\"async\" class=\"blog-feed__image\" src=\"https:\/\/www.santamonica.com\/wp-content\/uploads\/2025\/11\/DSC01084-400x400.jpg\" alt=\"SANTA MONICA ANUNCIA CONCURSO DE M\u00daSICA EM COMEMORA\u00c7\u00c3O AO CENTEN\u00c1RIO DA ROTA 66\" title=\"\">\n                            <\/div>\n                            <div class=\"blog-feed__card-title\">SANTA MONICA ANUNCIA CONCURSO DE M\u00daSICA EM COMEMORA\u00c7\u00c3O AO CENTEN\u00c1RIO DA ROTA 66<\/div>\n                        <\/a>\n                    <\/li>\n                                                                <li class=\"blog-feed__item\">\n                        <a href=\"https:\/\/www.santamonica.com\/pt\/media\/news-release\/where-to-watch-the-world-series-in-santa-monica\/\" class=\"blog-feed__item-link\">\n                            <div class=\"blog-feed__image-ratio\">\n                                <img decoding=\"async\" class=\"blog-feed__image\" src=\"https:\/\/www.santamonica.com\/wp-content\/uploads\/2025\/10\/dodgers-logo-1-400x400.jpg\" alt=\"ONDE ASSISTIR \u00c0 S\u00c9RIE MUNDIAL EM SANTA MONICA\" title=\"\">\n                            <\/div>\n                            <div class=\"blog-feed__card-title\">ONDE ASSISTIR \u00c0 S\u00c9RIE MUNDIAL EM SANTA MONICA<\/div>\n                        <\/a>\n                    <\/li>\n                                    <\/ul>\n    <\/div>\n<\/section>","protected":false},"excerpt":{"rendered":"","protected":false},"author":1421,"featured_media":347789,"parent":0,"menu_order":0,"comment_status":"closed","ping_status":"closed","template":"template-editorial.php","meta":{"_acf_changed":false,"inline_featured_image":false,"footnotes":""},"silos":[3899],"class_list":["post-347698","page","type-page","status-publish","has-post-thumbnail","hentry"],"acf":[],"_links":{"self":[{"href":"https:\/\/www.santamonica.com\/pt\/wp-json\/wp\/v2\/pages\/347698","targetHints":{"allow":["GET"]}}],"collection":[{"href":"https:\/\/www.santamonica.com\/pt\/wp-json\/wp\/v2\/pages"}],"about":[{"href":"https:\/\/www.santamonica.com\/pt\/wp-json\/wp\/v2\/types\/page"}],"author":[{"embeddable":true,"href":"https:\/\/www.santamonica.com\/pt\/wp-json\/wp\/v2\/users\/1421"}],"replies":[{"embeddable":true,"href":"https:\/\/www.santamonica.com\/pt\/wp-json\/wp\/v2\/comments?post=347698"}],"version-history":[{"count":31,"href":"https:\/\/www.santamonica.com\/pt\/wp-json\/wp\/v2\/pages\/347698\/revisions"}],"predecessor-version":[{"id":415362,"href":"https:\/\/www.santamonica.com\/pt\/wp-json\/wp\/v2\/pages\/347698\/revisions\/415362"}],"wp:featuredmedia":[{"embeddable":true,"href":"https:\/\/www.santamonica.com\/pt\/wp-json\/wp\/v2\/media\/347789"}],"wp:attachment":[{"href":"https:\/\/www.santamonica.com\/pt\/wp-json\/wp\/v2\/media?parent=347698"}],"wp:term":[{"taxonomy":"silos","embeddable":true,"href":"https:\/\/www.santamonica.com\/pt\/wp-json\/wp\/v2\/silos?post=347698"}],"curies":[{"name":"wp","href":"https:\/\/api.w.org\/{rel}","templated":true}]}}