{"id":346357,"date":"2022-07-20T14:35:48","date_gmt":"2022-07-20T21:35:48","guid":{"rendered":"https:\/\/www.santamonica.com\/?page_id=346357"},"modified":"2022-08-04T13:33:23","modified_gmt":"2022-08-04T20:33:23","slug":"enviar-uma-rfp","status":"publish","type":"page","link":"https:\/\/www.santamonica.com\/pt\/meetings-conventions\/submit-an-rfp\/","title":{"rendered":"Enviar uma RFP"},"content":{"rendered":"<script type=\"text\/javascript\" charset=\"utf-8\" class=\"base-block\">\nvar srfp_prot = ((\"https:\" == document.location.protocol) ? \"https:\/\/\" : \"http:\/\/\");\ndocument.write(unescape(\"%3Cscript src='\" + srfp_prot + \"www.speedrfp.com\/irfps\/js\/widget\/' type='text\/javascript'%3E%3C\/script%3E\"));\n<\/script>\n\n<script type=\"text\/javascript\" charset=\"utf-8\">\nvar options = {};\noptions.display = \"inline\";\noptions.key = \"f901d87615c8ff1d\"; \noptions.uid = \"MFLZB\";\nvar srfp_widget = new srfp.widget(options);\n<\/script>\n\n\n<section class=\"stakeholder-feed sm-block js-stk-root sm-block\">\n    <div class=\"stakeholder-feed__top\">\n        <div class=\"stakeholder-feed__intro\">\n                            <h1 class=\"stakeholder-feed__headline\">Explore os locais de eventos de Santa M\u00f4nica<\/h1>                                        <div class=\"stakeholder-feed__intro-body wysiwyg\">\n                    <p>Nossos especialistas em locais de Santa Monica podem ajud\u00e1-lo a encontrar o local perfeito para sua reuni\u00e3o, casamento ou evento! Veja abaixo algumas das ofertas de locais de Santa M\u00f4nica.<\/p>\n                <\/div>\n                    <\/div>\n        <div class=\"stakeholder-feed__nav-section\">\n                            <h1 class=\"stakeholder-feed__feed-title\">Onde realizar seu evento<\/h1>                                        <a href=\"https:\/\/www.santamonica.com\/pt\/reunioes-convencoes\/locais-de-hoteis\/\" class=\"stakeholder-feed__feed-cta button --primary-teal-button\" >Ver todos os locais<\/a>            \n                        <div class=\"stakeholder-feed__pagination xxx--desktop-hide\">\n                <div class=\"swiper-button-prev stakeholder-feed__pagination-prev\"><\/div>\n                <div class=\"swiper-button-next stakeholder-feed__pagination-next\"><\/div>\n            <\/div>\n        <\/div>\n    <\/div>\n    <div class=\"stakeholder-feed__bottom\">\n        <div class=\"stakeholder-feed__feed-list-wrapper swiper js-stk-swiper\">\n            <ul class=\"stakeholder-feed__feed-list swiper-wrapper js-stk-wrapper\">\n                    <li class=\"swiper-slide stakeholder-card --theme3\">\n        <a class=\"stakeholder-card__link\" href=\"https:\/\/www.santamonica.com\/pt\/things-to-do\/museum-of-flying\/\">\n            <div class=\"stakeholder-card__image\">\n                <img decoding=\"async\" src=\"https:\/\/assets.simpleviewinc.com\/simpleview\/image\/upload\/crm\/santamonica\/SM-Picks-Shoot-2-2937_bf5433e5-5056-b365-ab634696443d55ba.jpg\" alt=\"Museu do Voo\" title=\"\">\n            <\/div>\n            <div class=\"stakeholder-card__stk-info\">\n                <div class=\"stakeholder-card__stk-name\">Museu do Voo<\/div>\n                <div class=\"stakeholder-card__stk-cat\">Onde se encontrar<\/div>\n            <\/div>\n        <\/a>\n    <\/li>\n        <li class=\"swiper-slide stakeholder-card --theme3\">\n        <a class=\"stakeholder-card__link\" href=\"https:\/\/www.santamonica.com\/pt\/meetings\/ken-edwards-center-for-community-services\/\">\n            <div class=\"stakeholder-card__image\">\n                <img decoding=\"async\" src=\"https:\/\/www.santamonica.com\/wp-content\/uploads\/2024\/05\/MEET-400x400.jpg\" alt=\"Centro de Servi\u00e7os Comunit\u00e1rios Ken Edwards\" title=\"\">\n            <\/div>\n            <div class=\"stakeholder-card__stk-info\">\n                <div class=\"stakeholder-card__stk-name\">Centro de Servi\u00e7os Comunit\u00e1rios Ken Edwards<\/div>\n                <div class=\"stakeholder-card__stk-cat\">Locais fora do local<\/div>\n            <\/div>\n        <\/a>\n    <\/li>\n        <li class=\"swiper-slide stakeholder-card --theme3\">\n        <a class=\"stakeholder-card__link\" href=\"https:\/\/www.santamonica.com\/pt\/things-to-do\/looff-hippodrome\/\">\n            <div class=\"stakeholder-card__image\">\n                <img decoding=\"async\" src=\"https:\/\/assets.simpleviewinc.com\/simpleview\/image\/upload\/crm\/santamonica\/Santa-Monica-Carousel-900x600-1_374BA55B-5056-BFCE-A8B6795893335C6E-374ba2b75056bfc_374baebe-5056-bfce-a8ceb25722817fce.jpg\" alt=\"Hip\u00f3dromo de Looff\" title=\"\">\n            <\/div>\n            <div class=\"stakeholder-card__stk-info\">\n                <div class=\"stakeholder-card__stk-name\">Hip\u00f3dromo de Looff<\/div>\n                <div class=\"stakeholder-card__stk-cat\">Atra\u00e7\u00f5es<\/div>\n            <\/div>\n        <\/a>\n    <\/li>\n        <li class=\"swiper-slide stakeholder-card --theme3\">\n        <a class=\"stakeholder-card__link\" href=\"https:\/\/www.santamonica.com\/pt\/shopping\/bruce-lurie-gallery\/\">\n            <div class=\"stakeholder-card__image\">\n                <img decoding=\"async\" src=\"https:\/\/assets.simpleviewinc.com\/simpleview\/image\/upload\/crm\/santamonica\/bruce_B2288B61-BA68-7F7C-37C40B339E8B489B-b22889ab9622310_b22897dc-d57f-6313-659140083a0b9ca7.jpg\" alt=\"Galeria Bruce Lurie\" title=\"\">\n            <\/div>\n            <div class=\"stakeholder-card__stk-info\">\n                <div class=\"stakeholder-card__stk-name\">Galeria Bruce Lurie<\/div>\n                <div class=\"stakeholder-card__stk-cat\">Arte p\u00fablica<\/div>\n            <\/div>\n        <\/a>\n    <\/li>\n                <\/ul>\n        <\/div>\n    <\/div>\n<\/section>","protected":false},"excerpt":{"rendered":"","protected":false},"author":1421,"featured_media":347396,"parent":0,"menu_order":0,"comment_status":"closed","ping_status":"closed","template":"template-meetings-default.php","meta":{"_acf_changed":false,"inline_featured_image":false,"footnotes":""},"silos":[3894],"class_list":["post-346357","page","type-page","status-publish","has-post-thumbnail","hentry"],"acf":[],"_links":{"self":[{"href":"https:\/\/www.santamonica.com\/pt\/wp-json\/wp\/v2\/pages\/346357","targetHints":{"allow":["GET"]}}],"collection":[{"href":"https:\/\/www.santamonica.com\/pt\/wp-json\/wp\/v2\/pages"}],"about":[{"href":"https:\/\/www.santamonica.com\/pt\/wp-json\/wp\/v2\/types\/page"}],"author":[{"embeddable":true,"href":"https:\/\/www.santamonica.com\/pt\/wp-json\/wp\/v2\/users\/1421"}],"replies":[{"embeddable":true,"href":"https:\/\/www.santamonica.com\/pt\/wp-json\/wp\/v2\/comments?post=346357"}],"version-history":[{"count":32,"href":"https:\/\/www.santamonica.com\/pt\/wp-json\/wp\/v2\/pages\/346357\/revisions"}],"predecessor-version":[{"id":355268,"href":"https:\/\/www.santamonica.com\/pt\/wp-json\/wp\/v2\/pages\/346357\/revisions\/355268"}],"wp:featuredmedia":[{"embeddable":true,"href":"https:\/\/www.santamonica.com\/pt\/wp-json\/wp\/v2\/media\/347396"}],"wp:attachment":[{"href":"https:\/\/www.santamonica.com\/pt\/wp-json\/wp\/v2\/media?parent=346357"}],"wp:term":[{"taxonomy":"silos","embeddable":true,"href":"https:\/\/www.santamonica.com\/pt\/wp-json\/wp\/v2\/silos?post=346357"}],"curies":[{"name":"wp","href":"https:\/\/api.w.org\/{rel}","templated":true}]}}