{"id":346291,"date":"2022-07-20T13:24:37","date_gmt":"2022-07-20T20:24:37","guid":{"rendered":"https:\/\/www.santamonica.com\/?page_id=346291"},"modified":"2024-08-22T10:23:35","modified_gmt":"2024-08-22T17:23:35","slug":"contato-com-a-midia","status":"publish","type":"page","link":"https:\/\/www.santamonica.com\/pt\/media-contact\/","title":{"rendered":"Contato com a m\u00eddia"},"content":{"rendered":"<section class=\"sun-title sm-block --theme6 --2col sm-block\">\n            <h2 class=\"sun-title__headline\">Conhe\u00e7a nossa equipe de rela\u00e7\u00f5es com a m\u00eddia<\/h2>    \n            <div class=\"sun-title__body  --2col wysiwyg\">\n                    <div class=\"column-1\">\n                <p><strong>Lauren Salisbury<br \/>\n<\/strong><em>Vice-presidente de comunica\u00e7\u00f5es<br \/>\n<\/em><a href=\"mailto:lsalisbury@santamonica.com\">lsalisbury@santamonica.com<\/a><em>\u00a0<\/em><\/p>\n<p><strong>Emily Ohara<\/strong><em><br \/>\nGerente de Rela\u00e7\u00f5es P\u00fablicas<\/em><br \/>\n<a href=\"mailto:eohara@santamonica.com\">eohara@santamonica.com<\/a><\/p>\n                            <\/div>\n            <div class=\"column-2\">\n                <p><strong>Michelle Cassidy<\/strong><em><br \/>\nGerente de comunica\u00e7\u00f5es<\/em><br \/>\n<a href=\"mailto:mcassidy@santamonica.com\">mcassidy@santamonica.com<\/a><\/p>\n<p><strong>Jamie Hogan<\/strong><em><br \/>\nCoordenador de Rela\u00e7\u00f5es P\u00fablicas<\/em><br \/>\n<a href=\"mailto:jhogan@santamonica.com\" target=\"_blank\" rel=\"noopener\">jhogan@santamonica.com<\/a><\/p>\n                            <\/div>\n            <\/div>\n    <\/section>\n\n\n<section class=\"links-grid --theme3 sm-block\">\n    <div class=\"links-grid__wrapper\">\n                                                    <a href=\"https:\/\/www.santamonica.com\/pt\/media\/press-kit\/\" class=\"links-grid__card-link\" aria-label=\"Kit de imprensa\" >\n                    <div class=\"links-grid__card\">\n                                                    <div class=\"links-grid__card-image-wrapper\">\n                                <img decoding=\"async\" width=\"400\" height=\"400\" src=\"https:\/\/www.santamonica.com\/wp-content\/uploads\/2022\/07\/Santa-Monica-Picnic-Co-940x700-1-400x400.jpg\" class=\"links-grid__card-image\" alt=\"Kit de imprensa\" loading=\"lazy\" title=\"\">                            <\/div>\n                                                <div class=\"links-grid__card-text\">\n                                                            <div class=\"links-grid__card-title\">Kit de imprensa<\/div>\n                                                                                        <div class=\"links-grid__card-description\">O kit de imprensa para download da SMTT est\u00e1 repleto de fatos, n\u00fameros e ideias de hist\u00f3rias necess\u00e1rias para complementar qualquer hist\u00f3ria sobre o destino Santa Monica.<\/div>\n                                                    <\/div>\n                    <\/div>\n                <\/a>\n                                            <a href=\"https:\/\/www.santamonica.com\/pt\/media\/media-library\/\" class=\"links-grid__card-link\" aria-label=\"Biblioteca de m\u00eddia\" >\n                    <div class=\"links-grid__card\">\n                                                    <div class=\"links-grid__card-image-wrapper\">\n                                <img decoding=\"async\" width=\"400\" height=\"400\" src=\"https:\/\/www.santamonica.com\/wp-content\/uploads\/2022\/07\/Santa-Monica-Public-Library-540x540-1-400x400.jpg\" class=\"links-grid__card-image\" alt=\"Biblioteca de m\u00eddia\" loading=\"lazy\" srcset=\"https:\/\/www.santamonica.com\/wp-content\/uploads\/2022\/07\/Santa-Monica-Public-Library-540x540-1-400x400.jpg 400w, https:\/\/www.santamonica.com\/wp-content\/uploads\/2022\/07\/Santa-Monica-Public-Library-540x540-1-300x300.jpg 300w, https:\/\/www.santamonica.com\/wp-content\/uploads\/2022\/07\/Santa-Monica-Public-Library-540x540-1-150x150.jpg 150w, https:\/\/www.santamonica.com\/wp-content\/uploads\/2022\/07\/Santa-Monica-Public-Library-540x540-1.jpg 540w\" sizes=\"auto, (max-width: 400px) 100vw, 400px\" title=\"\">                            <\/div>\n                                                <div class=\"links-grid__card-text\">\n                                                            <div class=\"links-grid__card-title\">Biblioteca de m\u00eddia<\/div>\n                                                                                        <div class=\"links-grid__card-description\">Est\u00e1 escrevendo uma hist\u00f3ria sobre Santa Monica e precisa de fotos em alta resolu\u00e7\u00e3o? Precisa de um b-roll para um segmento? Voc\u00ea pode solicitar acesso ao nosso banco de imagens e clipes aqui.<\/div>\n                                                    <\/div>\n                    <\/div>\n                <\/a>\n                                            <a href=\"https:\/\/www.santamonica.com\/pt\/media\/media-visit-rfp\/\" class=\"links-grid__card-link\" aria-label=\"RFP de m\u00eddia\" >\n                    <div class=\"links-grid__card\">\n                                                    <div class=\"links-grid__card-image-wrapper\">\n                                <img decoding=\"async\" width=\"400\" height=\"400\" src=\"https:\/\/www.santamonica.com\/wp-content\/uploads\/2022\/07\/Flowers-540x540-1-400x400.jpg\" class=\"links-grid__card-image\" alt=\"RFP de m\u00eddia\" loading=\"lazy\" srcset=\"https:\/\/www.santamonica.com\/wp-content\/uploads\/2022\/07\/Flowers-540x540-1-400x400.jpg 400w, https:\/\/www.santamonica.com\/wp-content\/uploads\/2022\/07\/Flowers-540x540-1-300x300.jpg 300w, https:\/\/www.santamonica.com\/wp-content\/uploads\/2022\/07\/Flowers-540x540-1-150x150.jpg 150w, https:\/\/www.santamonica.com\/wp-content\/uploads\/2022\/07\/Flowers-540x540-1.jpg 540w\" sizes=\"auto, (max-width: 400px) 100vw, 400px\" title=\"\">                            <\/div>\n                                                <div class=\"links-grid__card-text\">\n                                                            <div class=\"links-grid__card-title\">RFP de m\u00eddia<\/div>\n                                                                                        <div class=\"links-grid__card-description\">Quer experimentar tudo o que Santa Monica tem a oferecer com seus leitores? Envie-nos uma solicita\u00e7\u00e3o e vamos ver como podemos trabalhar juntos.<\/div>\n                                                    <\/div>\n                    <\/div>\n                <\/a>\n                        <\/div>\n<\/section>","protected":false},"excerpt":{"rendered":"","protected":false},"author":1431,"featured_media":349626,"parent":0,"menu_order":0,"comment_status":"closed","ping_status":"closed","template":"template-editorial.php","meta":{"_acf_changed":false,"inline_featured_image":false,"footnotes":""},"silos":[],"class_list":["post-346291","page","type-page","status-publish","has-post-thumbnail","hentry"],"acf":[],"_links":{"self":[{"href":"https:\/\/www.santamonica.com\/pt\/wp-json\/wp\/v2\/pages\/346291","targetHints":{"allow":["GET"]}}],"collection":[{"href":"https:\/\/www.santamonica.com\/pt\/wp-json\/wp\/v2\/pages"}],"about":[{"href":"https:\/\/www.santamonica.com\/pt\/wp-json\/wp\/v2\/types\/page"}],"author":[{"embeddable":true,"href":"https:\/\/www.santamonica.com\/pt\/wp-json\/wp\/v2\/users\/1431"}],"replies":[{"embeddable":true,"href":"https:\/\/www.santamonica.com\/pt\/wp-json\/wp\/v2\/comments?post=346291"}],"version-history":[{"count":85,"href":"https:\/\/www.santamonica.com\/pt\/wp-json\/wp\/v2\/pages\/346291\/revisions"}],"predecessor-version":[{"id":428239,"href":"https:\/\/www.santamonica.com\/pt\/wp-json\/wp\/v2\/pages\/346291\/revisions\/428239"}],"wp:featuredmedia":[{"embeddable":true,"href":"https:\/\/www.santamonica.com\/pt\/wp-json\/wp\/v2\/media\/349626"}],"wp:attachment":[{"href":"https:\/\/www.santamonica.com\/pt\/wp-json\/wp\/v2\/media?parent=346291"}],"wp:term":[{"taxonomy":"silos","embeddable":true,"href":"https:\/\/www.santamonica.com\/pt\/wp-json\/wp\/v2\/silos?post=346291"}],"curies":[{"name":"wp","href":"https:\/\/api.w.org\/{rel}","templated":true}]}}