{"id":346289,"date":"2022-07-20T13:24:32","date_gmt":"2022-07-20T20:24:32","guid":{"rendered":"https:\/\/www.santamonica.com\/?page_id=346289"},"modified":"2024-10-08T12:14:50","modified_gmt":"2024-10-08T19:14:50","slug":"biblioteca-de-midia","status":"publish","type":"page","link":"https:\/\/www.santamonica.com\/pt\/media\/media-library\/","title":{"rendered":"Biblioteca de m\u00eddia"},"content":{"rendered":"<h2 class=\"wp-block-heading base-block\">Solicitar ativos da Santa Monica<\/h2>\n\n\n\n<p class=\"base-block\">Obrigado pelo seu interesse em fotografias e filmagens de Santa Monica. Acesse os links abaixo para solicitar o uso de imagens e v\u00eddeos para suas necessidades de m\u00eddia e hist\u00f3rias. As fotografias e os v\u00eddeos podem ser usados somente pela m\u00eddia para promover a Santa Monica Travel and Tourism.<\/p>\n\n\n\n<p class=\"has-text-align-center base-block\"><a href=\"https:\/\/www.santamonica.com\/pt\/midia\/formulario-de-solicitacao-de-foto-e-video\/\">Formul\u00e1rio de solicita\u00e7\u00e3o de fotos e v\u00eddeos<\/a><\/p>\n\n\n\n<p class=\"has-text-align-center base-block\">Veja abaixo alguns exemplos de nossas fotos isentas de royalties:<\/p>\n\n\n\n<figure class=\"wp-block-image aligncenter size-full is-resized base-block\"><img decoding=\"async\" width=\"500\" height=\"111\" src=\"https:\/\/www.santamonica.com\/wp-content\/uploads\/2022\/07\/Santa-Monica-sample-media-library-images.jpg\" alt=\"\" class=\"wp-image-348609\" style=\"width:500px;height:auto\" title=\"\" srcset=\"https:\/\/www.santamonica.com\/wp-content\/uploads\/2022\/07\/Santa-Monica-sample-media-library-images.jpg 500w, https:\/\/www.santamonica.com\/wp-content\/uploads\/2022\/07\/Santa-Monica-sample-media-library-images-300x67.jpg 300w, https:\/\/www.santamonica.com\/wp-content\/uploads\/2022\/07\/Santa-Monica-sample-media-library-images-270x60.jpg 270w\" sizes=\"(max-width: 500px) 100vw, 500px\" \/><\/figure>\n\n\n<\/figure>\n\n\n<p class=\"base-block\"><\/p>\n\n\n\n<p style=\"font-size:10px\" class=\"base-block\"><em>Contrato legalmente vinculativo: O uso da(s) imagem(ns) que acompanha(m) esta comunica\u00e7\u00e3o (individual e coletivamente, a \u201c<strong>Imagens<\/strong>\u201d) est\u00e1 sujeito aos seguintes termos e condi\u00e7\u00f5es legalmente vinculantes. Santa Monica Travel &amp; Tourism (\u201c<strong>SMTT<\/strong>\u201d) concede a entidade que controla o endere\u00e7o de e-mail para o qual esta comunica\u00e7\u00e3o \u00e9 endere\u00e7ada (o \u201c<strong>Neg\u00f3cios<\/strong>\u201d) uma licen\u00e7a limitada, n\u00e3o exclusiva, intransfer\u00edvel e n\u00e3o sublicenci\u00e1vel para reproduzir e exibir as Imagens somente como parte dos materiais promocionais e de marketing da Empresa, desde que: (i) as Imagens n\u00e3o sejam alteradas ou modificadas de forma alguma, nem usadas para criar qualquer trabalho derivado; (ii) a Empresa garanta que todos os materiais promocionais e de marketing estejam em conformidade com todas as leis aplic\u00e1veis; (iii) todos os materiais promocionais e de marketing sejam distribu\u00eddos e\/ou oferecidos gratuitamente; (iv) em todos os materiais promocionais e de marketing distribu\u00eddos e\/ou oferecidos a membros do p\u00fablico, a Empresa inclua um cr\u00e9dito para as Imagens que identifique a SMTT como fonte e propriet\u00e1ria dos direitos autorais; e (v) o indiv\u00edduo que receber essa comunica\u00e7\u00e3o esteja legalmente autorizado a vincular a Empresa a esses termos e condi\u00e7\u00f5es. A licen\u00e7a supracitada: (i) n\u00e3o transmite qualquer direito, t\u00edtulo ou interesse, incluindo, sem limita\u00e7\u00e3o, qualquer interesse de direitos autorais, nas Imagens, todos os quais s\u00e3o expressamente reservados \u00e0 SMTT; (ii) pode ser revogada pela SMTT a qualquer momento; e (iii) \u00e9 oferecida sem quaisquer representa\u00e7\u00f5es ou garantias de qualquer tipo, expressas ou impl\u00edcitas, com rela\u00e7\u00e3o \u00e0s Imagens. Se a Empresa n\u00e3o concordar com todos os termos e condi\u00e7\u00f5es anteriores, a Empresa n\u00e3o dever\u00e1 usar, e n\u00e3o tem permiss\u00e3o para usar, as Imagens.<\/em><\/p>\n\n\n<section class=\"links-grid --theme3 sm-block\">\n    <div class=\"links-grid__wrapper\">\n                                                    <a href=\"https:\/\/www.santamonica.com\/pt\/media\/press-kit\/\" class=\"links-grid__card-link\" aria-label=\"Kit de imprensa\" >\n                    <div class=\"links-grid__card\">\n                                                    <div class=\"links-grid__card-image-wrapper\">\n                                <img decoding=\"async\" width=\"400\" height=\"400\" src=\"https:\/\/www.santamonica.com\/wp-content\/uploads\/2022\/07\/Santa-Monica-Picnic-Co-940x700-1-400x400.jpg\" class=\"links-grid__card-image\" alt=\"Kit de imprensa\" loading=\"lazy\" title=\"\">                            <\/div>\n                                                <div class=\"links-grid__card-text\">\n                                                            <div class=\"links-grid__card-title\">Kit de imprensa<\/div>\n                                                                                        <div class=\"links-grid__card-description\">O kit de imprensa para download da SMTT est\u00e1 repleto de fatos, n\u00fameros e ideias de hist\u00f3rias necess\u00e1rias para complementar qualquer hist\u00f3ria sobre o destino Santa Monica.<\/div>\n                                                    <\/div>\n                    <\/div>\n                <\/a>\n                                            <a href=\"https:\/\/www.santamonica.com\/pt\/media\/media-visit-rfp\/\" class=\"links-grid__card-link\" aria-label=\"RFP de m\u00eddia\" >\n                    <div class=\"links-grid__card\">\n                                                    <div class=\"links-grid__card-image-wrapper\">\n                                <img decoding=\"async\" width=\"400\" height=\"400\" src=\"https:\/\/www.santamonica.com\/wp-content\/uploads\/2022\/07\/Flowers-540x540-1-400x400.jpg\" class=\"links-grid__card-image\" alt=\"RFP de m\u00eddia\" loading=\"lazy\" srcset=\"https:\/\/www.santamonica.com\/wp-content\/uploads\/2022\/07\/Flowers-540x540-1-400x400.jpg 400w, https:\/\/www.santamonica.com\/wp-content\/uploads\/2022\/07\/Flowers-540x540-1-300x300.jpg 300w, https:\/\/www.santamonica.com\/wp-content\/uploads\/2022\/07\/Flowers-540x540-1-150x150.jpg 150w, https:\/\/www.santamonica.com\/wp-content\/uploads\/2022\/07\/Flowers-540x540-1.jpg 540w\" sizes=\"auto, (max-width: 400px) 100vw, 400px\" title=\"\">                            <\/div>\n                                                <div class=\"links-grid__card-text\">\n                                                            <div class=\"links-grid__card-title\">RFP de m\u00eddia<\/div>\n                                                                                        <div class=\"links-grid__card-description\">Quer experimentar tudo o que Santa Monica tem a oferecer e compartilhar com seus leitores? Envie-nos uma solicita\u00e7\u00e3o e vamos ver como podemos trabalhar juntos.<\/div>\n                                                    <\/div>\n                    <\/div>\n                <\/a>\n                                            <a href=\"https:\/\/www.santamonica.com\/pt\/media-contact\/\" class=\"links-grid__card-link\" aria-label=\"Contato com a m\u00eddia\" >\n                    <div class=\"links-grid__card\">\n                                                    <div class=\"links-grid__card-image-wrapper\">\n                                <img decoding=\"async\" width=\"400\" height=\"400\" src=\"https:\/\/www.santamonica.com\/wp-content\/uploads\/2022\/07\/Feature-Pier-And-Bike-Path-400x400.png\" class=\"links-grid__card-image\" alt=\"P\u00eder de recursos e trilha para bicicletas\" loading=\"lazy\" srcset=\"https:\/\/www.santamonica.com\/wp-content\/uploads\/2022\/07\/Feature-Pier-And-Bike-Path-400x400.png 400w, https:\/\/www.santamonica.com\/wp-content\/uploads\/2022\/07\/Feature-Pier-And-Bike-Path-300x300.png 300w, https:\/\/www.santamonica.com\/wp-content\/uploads\/2022\/07\/Feature-Pier-And-Bike-Path-150x150.png 150w, https:\/\/www.santamonica.com\/wp-content\/uploads\/2022\/07\/Feature-Pier-And-Bike-Path.png 540w\" sizes=\"auto, (max-width: 400px) 100vw, 400px\" title=\"\">                            <\/div>\n                                                <div class=\"links-grid__card-text\">\n                                                            <div class=\"links-grid__card-title\">Contato com a m\u00eddia<\/div>\n                                                                                        <div class=\"links-grid__card-description\">A equipe de rela\u00e7\u00f5es com a m\u00eddia da SMTT tem o prazer de ser um recurso para todos os assuntos relacionados a Santa Monica. Entre em contato com qualquer pergunta relacionada \u00e0 m\u00eddia aqui.<\/div>\n                                                    <\/div>\n                    <\/div>\n                <\/a>\n                        <\/div>\n<\/section>","protected":false},"excerpt":{"rendered":"<p>Request Santa Monica Assets Thank you for your interest in photography and b-roll footage of Santa Monica. Please access the links below&nbsp;to request image and video usage for your media [&hellip;]<\/p>\n","protected":false},"author":1431,"featured_media":348188,"parent":0,"menu_order":0,"comment_status":"closed","ping_status":"closed","template":"template-editorial.php","meta":{"_acf_changed":false,"inline_featured_image":false,"footnotes":""},"silos":[3891],"class_list":["post-346289","page","type-page","status-publish","has-post-thumbnail","hentry"],"acf":[],"_links":{"self":[{"href":"https:\/\/www.santamonica.com\/pt\/wp-json\/wp\/v2\/pages\/346289","targetHints":{"allow":["GET"]}}],"collection":[{"href":"https:\/\/www.santamonica.com\/pt\/wp-json\/wp\/v2\/pages"}],"about":[{"href":"https:\/\/www.santamonica.com\/pt\/wp-json\/wp\/v2\/types\/page"}],"author":[{"embeddable":true,"href":"https:\/\/www.santamonica.com\/pt\/wp-json\/wp\/v2\/users\/1431"}],"replies":[{"embeddable":true,"href":"https:\/\/www.santamonica.com\/pt\/wp-json\/wp\/v2\/comments?post=346289"}],"version-history":[{"count":49,"href":"https:\/\/www.santamonica.com\/pt\/wp-json\/wp\/v2\/pages\/346289\/revisions"}],"predecessor-version":[{"id":431715,"href":"https:\/\/www.santamonica.com\/pt\/wp-json\/wp\/v2\/pages\/346289\/revisions\/431715"}],"wp:featuredmedia":[{"embeddable":true,"href":"https:\/\/www.santamonica.com\/pt\/wp-json\/wp\/v2\/media\/348188"}],"wp:attachment":[{"href":"https:\/\/www.santamonica.com\/pt\/wp-json\/wp\/v2\/media?parent=346289"}],"wp:term":[{"taxonomy":"silos","embeddable":true,"href":"https:\/\/www.santamonica.com\/pt\/wp-json\/wp\/v2\/silos?post=346289"}],"curies":[{"name":"wp","href":"https:\/\/api.w.org\/{rel}","templated":true}]}}