{"id":346288,"date":"2022-07-20T13:24:27","date_gmt":"2022-07-20T20:24:27","guid":{"rendered":"https:\/\/www.santamonica.com\/?page_id=346288"},"modified":"2024-10-04T16:18:57","modified_gmt":"2024-10-04T23:18:57","slug":"kit-de-imprensa","status":"publish","type":"page","link":"https:\/\/www.santamonica.com\/pt\/media\/press-kit\/","title":{"rendered":"Kit de imprensa"},"content":{"rendered":"<h2 class=\"wp-block-heading base-block\">Ideias de hist\u00f3rias:<\/h2>\n\n\n\n<h3 class=\"wp-block-heading base-block\">Hospede-se em Santa M\u00f4nica para explorar Los Angeles<\/h3>\n\n\n\n<p class=\"base-block\">Santa Monica fica empoleirada no Oceano Pac\u00edfico, no cruzamento da Pacific Coast Highway e da California Interstate Highway 10, a apenas oito milhas sem freeway do Aeroporto Internacional de Los Angeles e pr\u00f3xima a todos os marcos e atra\u00e7\u00f5es mais famosos de Los Angeles.<\/p>\n\n\n\n<p class=\"base-block\">A localiza\u00e7\u00e3o privilegiada de Santa Monica na grande Los Angeles permite facilmente&nbsp;<a href=\"https:\/\/www.santamonica.com\/pt\/experiencia-em-santa-monica\/viagens-de-um-dia\/\">viagens de um dia<\/a>&nbsp;para aproveitar o brilho e o glamour de Beverly Hills, a vida noturna de West Hollywood, a emo\u00e7\u00e3o do Universal Studios ou uma caminhada atr\u00e1s do letreiro de Hollywood, sem ter que sacrificar uma base paradis\u00edaca \u00e0 beira-mar.<\/p>\n\n\n\n<p class=\"base-block\">Em maio de 2016, o novo <a href=\"https:\/\/www.santamonica.com\/pt\/transporte\/metro-de-santa-monica\/\">Metr\u00f4 Expo Light Rail<\/a>&nbsp;foi inaugurado, conectando o centro de Santa Monica \u00e0 grande Los Angeles por trem pela primeira vez em mais de 50 anos. Visitantes e moradores locais agora podem viajar para o centro de Los Angeles (onde fica o Staples Center, o Nokia Theater e um cen\u00e1rio mundialmente famoso de restaurantes e vida noturna) em menos de 50 minutos, n\u00e3o importa a hora do dia.<\/p>\n\n\n\n<h3 class=\"wp-block-heading base-block\">Os oito bairros exclusivos de Santa M\u00f4nica<\/h3>\n\n\n\n<p class=\"base-block\">Se voc\u00ea j\u00e1 visitou Los Angeles, \u00e9 prov\u00e1vel que tenha passado algum tempo em&nbsp;<a href=\"https:\/\/www.santamonica.com\/pt\/coisas-para-fazer\/praia-de-santa-monica\/\">Praia de Santa M\u00f4nica<\/a>, Mas Santa M\u00f4nica \u00e9 mais do que aparenta. Fuja do que \u00e9 esperado e descubra&nbsp;<a href=\"https:\/\/www.santamonica.com\/pt\/experiencia-em-santa-monica\/bairros\/\">oito bairros exclusivos<\/a>&nbsp;que d\u00e3o vida ao car\u00e1ter aut\u00eantico e aos sabores locais de Santa Monica. Escolha sua cena e vivencie essa cidade \u00e0 beira-mar como um verdadeiro morador local.<\/p>\n\n\n\n<ul class=\"wp-block-list base-block\">\n<li class=\"base-block\">Assista a um show de com\u00e9dia de improviso no centro de Santa Monica<\/li>\n\n\n\n<li class=\"base-block\">Desfrute de um dia de mimos inspirados em celebridades na Montana Avenue<\/li>\n\n\n\n<li class=\"base-block\">Voe alto sobre o Oceano Pac\u00edfico na escola de trap\u00e9zio do P\u00eder de Santa M\u00f4nica<\/li>\n\n\n\n<li class=\"base-block\">Assista a um dos shows musicais semanais de McCabe no Pico Boulevard<\/li>\n\n\n\n<li class=\"base-block\">Explore o local de nascimento da avia\u00e7\u00e3o moderna no Museum of Flying do Aeroporto de Santa Monica<\/li>\n\n\n\n<li class=\"base-block\">Encontre-se com surfistas locais, iogues e chefs famosos no Main Street Santa Monica Farmers Market<\/li>\n\n\n\n<li class=\"base-block\">Assista a um show em Mid-City no intimista Broad Stage, um local moderno com 499 lugares que recebe apresenta\u00e7\u00f5es que v\u00e3o desde concertos de \u00f3pera e jazz at\u00e9 dan\u00e7a contempor\u00e2nea e estreias de filmes<\/li>\n\n\n\n<li class=\"base-block\">Pratique seu boliche de grama no Douglas Park em Wilshire Boulevard<\/li>\n<\/ul>\n\n\n\n<h3 class=\"wp-block-heading base-block\">Barato e chique em Santa M\u00f4nica<\/h3>\n\n\n\n<p class=\"base-block\">Embora as praias cintilantes da cidade e os bairros repletos de celebridades deem uma sensa\u00e7\u00e3o distinta de luxo, \u00e9 f\u00e1cil desfrutar de um\u00a0<a href=\"https:\/\/www.santamonica.com\/pt\/hoteis\/estadia-em-santa-monica\/\">Ref\u00fagio em Santa M\u00f4nica<\/a>\u00a0sem gastar muito. Reserve um quarto por menos de $200 por noite no Hotel Carmel ou no Sea Shore Motel para apreciar o p\u00f4r do sol a poucos passos da areia. Fa\u00e7a um passeio pela id\u00edlica\u00a0<a href=\"https:\/\/www.santamonica.com\/pt\/experiencia-em-santa-monica\/bairros\/montana-avenue\/\">Avenida Montana<\/a>, Em um bairro repleto de experi\u00eancias glamourosas de bem-estar, gastronomia e varejo, passeie pelas butiques preferidas pelas celebridades locais. Aproveite os benef\u00edcios financeiros e para a sa\u00fade de comprar produtos locais nos mercados de agricultores mundialmente famosos de Santa Monica e, em seguida, exercite-se gratuitamente na Original Muscle Beach, aos p\u00e9s do\u00a0<a href=\"https:\/\/www.santamonica.com\/pt\/coisas-para-fazer\/visitando-o-pier-de-santa-monica\/\">P\u00eder de Santa M\u00f4nica<\/a>. Termine seu dia com um passeio na Pacific Wheel para apreciar as vistas deslumbrantes da \u00fanica roda-gigante movida a energia solar do mundo por apenas $5 por passeio, seguido de um happy hour no colo do luxo no\u00a0<a href=\"https:\/\/www.santamonica.com\/pt\/restaurantes\/a-cobertura\/\">A cobertura<\/a>, O Huntley Santa Monica Beach \u00e9 o restaurante da cobertura do Huntley Santa Monica Beach, onde os h\u00f3spedes podem desfrutar de vistas amplas da Ba\u00eda de Santa Monica e de drinques $5 no happy hour.<\/p>\n\n\n\n<h3 class=\"wp-block-heading base-block\">Experi\u00eancias culin\u00e1rias interativas<\/h3>\n\n\n\n<p class=\"base-block\">Santa Monica surgiu como um destino gastron\u00f4mico internacional na d\u00e9cada de 1980 e permaneceu no primeiro escal\u00e3o da gastronomia americana gra\u00e7as aos inovadores culin\u00e1rios locais, a um firme compromisso com a gastronomia da fazenda para a mesa e ao acesso durante todo o ano aos melhores ingredientes do mundo. A proemin\u00eancia da cena culin\u00e1ria de Santa Monica tornou-se uma parte central da cultura do destino, e as experi\u00eancias culin\u00e1rias interativas oferecem uma excelente oportunidade para os visitantes se integrarem autenticamente a ela. Algumas experi\u00eancias podem incluir:<\/p>\n\n\n\n<ul class=\"wp-block-list base-block\">\n<li class=\"base-block\">Passeie por uma das mundialmente famosas ruas de Santa M\u00f4nica&nbsp;<a href=\"https:\/\/www.santamonica.com\/pt\/experiencia-em-santa-monica\/mercados-de-agricultores\/\">mercados de agricultores<\/a>&nbsp;para obter uma amostra dos produtos mais frescos do pa\u00eds, flores, carnes, queijos, nozes e muito mais.<\/li>\n\n\n\n<li class=\"base-block\">Cruzeiro&nbsp;<a href=\"https:\/\/www.santamonica.com\/pt\/coisas-para-fazer\/centro-de-bicicletas-de-santa-monica\/\">Centro de Bicicletas de Santa M\u00f4nica<\/a>\u2018um passeio guiado pelos principais distritos de compras e bairros emblem\u00e1ticos de Santa Monica e um guia interno para os segredos mais doces da cidade.<\/li>\n\n\n\n<li class=\"base-block\">Cursos pr\u00e1ticos de culin\u00e1ria no&nbsp;<a href=\"https:\/\/www.santamonica.com\/pt\/coisas-para-fazer\/a-escola-gourmandise\/\">A Escola Gourmandise<\/a>, localizado no Santa Monica Place, ensina aos alunos t\u00e9cnicas cl\u00e1ssicas de culin\u00e1ria e panifica\u00e7\u00e3o que utilizam apenas ingredientes sazonais e de origem local. Os favoritos locais incluem \u201cIntro to French Macaroons\u201d e \u201cFarmers Market Meals\u201d.\u201d<\/li>\n<\/ul>\n\n\n\n<p class=\"base-block\"><\/p>\n\n\n<section class=\"links-grid --theme3 sm-block\">\n    <div class=\"links-grid__wrapper\">\n                                                    <a href=\"https:\/\/www.santamonica.com\/pt\/media\/media-library\/\" class=\"links-grid__card-link\" aria-label=\"Biblioteca de m\u00eddia\" >\n                    <div class=\"links-grid__card\">\n                                                    <div class=\"links-grid__card-image-wrapper\">\n                                <img decoding=\"async\" width=\"400\" height=\"400\" src=\"https:\/\/www.santamonica.com\/wp-content\/uploads\/2022\/07\/Santa-Monica-Public-Library-540x540-1-400x400.jpg\" class=\"links-grid__card-image\" alt=\"Biblioteca de m\u00eddia\" loading=\"lazy\" srcset=\"https:\/\/www.santamonica.com\/wp-content\/uploads\/2022\/07\/Santa-Monica-Public-Library-540x540-1-400x400.jpg 400w, https:\/\/www.santamonica.com\/wp-content\/uploads\/2022\/07\/Santa-Monica-Public-Library-540x540-1-300x300.jpg 300w, https:\/\/www.santamonica.com\/wp-content\/uploads\/2022\/07\/Santa-Monica-Public-Library-540x540-1-150x150.jpg 150w, https:\/\/www.santamonica.com\/wp-content\/uploads\/2022\/07\/Santa-Monica-Public-Library-540x540-1.jpg 540w\" sizes=\"auto, (max-width: 400px) 100vw, 400px\" title=\"\">                            <\/div>\n                                                <div class=\"links-grid__card-text\">\n                                                            <div class=\"links-grid__card-title\">Biblioteca de m\u00eddia<\/div>\n                                                                                        <div class=\"links-grid__card-description\">Est\u00e1 escrevendo uma hist\u00f3ria sobre Santa Monica e precisa de fotos em alta resolu\u00e7\u00e3o? Precisa de um b-roll para um segmento? Voc\u00ea pode solicitar acesso ao nosso banco de imagens e clipes aqui.<\/div>\n                                                    <\/div>\n                    <\/div>\n                <\/a>\n                                            <a href=\"https:\/\/www.santamonica.com\/pt\/media\/media-visit-rfp\/\" class=\"links-grid__card-link\" aria-label=\"RFP de m\u00eddia\" >\n                    <div class=\"links-grid__card\">\n                                                    <div class=\"links-grid__card-image-wrapper\">\n                                <img decoding=\"async\" width=\"400\" height=\"400\" src=\"https:\/\/www.santamonica.com\/wp-content\/uploads\/2022\/07\/Flowers-540x540-1-400x400.jpg\" class=\"links-grid__card-image\" alt=\"RFP de m\u00eddia\" loading=\"lazy\" srcset=\"https:\/\/www.santamonica.com\/wp-content\/uploads\/2022\/07\/Flowers-540x540-1-400x400.jpg 400w, https:\/\/www.santamonica.com\/wp-content\/uploads\/2022\/07\/Flowers-540x540-1-300x300.jpg 300w, https:\/\/www.santamonica.com\/wp-content\/uploads\/2022\/07\/Flowers-540x540-1-150x150.jpg 150w, https:\/\/www.santamonica.com\/wp-content\/uploads\/2022\/07\/Flowers-540x540-1.jpg 540w\" sizes=\"auto, (max-width: 400px) 100vw, 400px\" title=\"\">                            <\/div>\n                                                <div class=\"links-grid__card-text\">\n                                                            <div class=\"links-grid__card-title\">RFP de m\u00eddia<\/div>\n                                                                                        <div class=\"links-grid__card-description\">Quer experimentar tudo o que Santa Monica tem a oferecer e compartilhar com seus leitores? Envie-nos uma solicita\u00e7\u00e3o e vamos ver como podemos trabalhar juntos.<\/div>\n                                                    <\/div>\n                    <\/div>\n                <\/a>\n                                            <a href=\"https:\/\/www.santamonica.com\/pt\/media-contact\/\" class=\"links-grid__card-link\" aria-label=\"Contato com a m\u00eddia\" >\n                    <div class=\"links-grid__card\">\n                                                    <div class=\"links-grid__card-image-wrapper\">\n                                <img decoding=\"async\" width=\"400\" height=\"400\" src=\"https:\/\/www.santamonica.com\/wp-content\/uploads\/2022\/07\/Feature-Pier-And-Bike-Path-400x400.png\" class=\"links-grid__card-image\" alt=\"P\u00eder de recursos e trilha para bicicletas\" loading=\"lazy\" srcset=\"https:\/\/www.santamonica.com\/wp-content\/uploads\/2022\/07\/Feature-Pier-And-Bike-Path-400x400.png 400w, https:\/\/www.santamonica.com\/wp-content\/uploads\/2022\/07\/Feature-Pier-And-Bike-Path-300x300.png 300w, https:\/\/www.santamonica.com\/wp-content\/uploads\/2022\/07\/Feature-Pier-And-Bike-Path-150x150.png 150w, https:\/\/www.santamonica.com\/wp-content\/uploads\/2022\/07\/Feature-Pier-And-Bike-Path.png 540w\" sizes=\"auto, (max-width: 400px) 100vw, 400px\" title=\"\">                            <\/div>\n                                                <div class=\"links-grid__card-text\">\n                                                            <div class=\"links-grid__card-title\">Contato com a m\u00eddia<\/div>\n                                                                                        <div class=\"links-grid__card-description\">A equipe de rela\u00e7\u00f5es com a m\u00eddia da SMTT tem o prazer de ser um recurso para todos os assuntos relacionados a Santa Monica. Entre em contato com qualquer pergunta relacionada \u00e0 m\u00eddia aqui.<\/div>\n                                                    <\/div>\n                    <\/div>\n                <\/a>\n                        <\/div>\n<\/section>","protected":false},"excerpt":{"rendered":"<p>Story Ideas: Stay in Santa Monica to Explore Los Angeles Santa Monica sits perched on the Pacific Ocean at the crossroads of Pacific Coast Highway and California Interstate Highway 10, [&hellip;]<\/p>\n","protected":false},"author":1431,"featured_media":348183,"parent":0,"menu_order":0,"comment_status":"closed","ping_status":"closed","template":"template-editorial.php","meta":{"_acf_changed":false,"inline_featured_image":false,"footnotes":""},"silos":[3891],"class_list":["post-346288","page","type-page","status-publish","has-post-thumbnail","hentry"],"acf":[],"_links":{"self":[{"href":"https:\/\/www.santamonica.com\/pt\/wp-json\/wp\/v2\/pages\/346288","targetHints":{"allow":["GET"]}}],"collection":[{"href":"https:\/\/www.santamonica.com\/pt\/wp-json\/wp\/v2\/pages"}],"about":[{"href":"https:\/\/www.santamonica.com\/pt\/wp-json\/wp\/v2\/types\/page"}],"author":[{"embeddable":true,"href":"https:\/\/www.santamonica.com\/pt\/wp-json\/wp\/v2\/users\/1431"}],"replies":[{"embeddable":true,"href":"https:\/\/www.santamonica.com\/pt\/wp-json\/wp\/v2\/comments?post=346288"}],"version-history":[{"count":39,"href":"https:\/\/www.santamonica.com\/pt\/wp-json\/wp\/v2\/pages\/346288\/revisions"}],"predecessor-version":[{"id":431478,"href":"https:\/\/www.santamonica.com\/pt\/wp-json\/wp\/v2\/pages\/346288\/revisions\/431478"}],"wp:featuredmedia":[{"embeddable":true,"href":"https:\/\/www.santamonica.com\/pt\/wp-json\/wp\/v2\/media\/348183"}],"wp:attachment":[{"href":"https:\/\/www.santamonica.com\/pt\/wp-json\/wp\/v2\/media?parent=346288"}],"wp:term":[{"taxonomy":"silos","embeddable":true,"href":"https:\/\/www.santamonica.com\/pt\/wp-json\/wp\/v2\/silos?post=346288"}],"curies":[{"name":"wp","href":"https:\/\/api.w.org\/{rel}","templated":true}]}}