{"id":346145,"date":"2022-07-20T14:33:41","date_gmt":"2022-07-20T21:33:41","guid":{"rendered":"https:\/\/www.santamonica.com\/?page_id=346145"},"modified":"2025-01-14T12:39:31","modified_gmt":"2025-01-14T20:39:31","slug":"midia","status":"publish","type":"page","link":"https:\/\/www.santamonica.com\/pt\/media\/","title":{"rendered":"M\u00eddia"},"content":{"rendered":"<section class=\"links-grid --theme3 sm-block\">\n    <div class=\"links-grid__wrapper\">\n                                                    <a href=\"https:\/\/www.santamonica.com\/pt\/media\/press-kit\/\" class=\"links-grid__card-link\" aria-label=\"Kit de imprensa\" >\n                    <div class=\"links-grid__card\">\n                                                    <div class=\"links-grid__card-image-wrapper\">\n                                <img decoding=\"async\" width=\"400\" height=\"400\" src=\"https:\/\/www.santamonica.com\/wp-content\/uploads\/2022\/07\/Santa-Monica-Picnic-Co-940x700-1-400x400.jpg\" class=\"links-grid__card-image\" alt=\"Kit de imprensa\" loading=\"lazy\" title=\"\">                            <\/div>\n                                                <div class=\"links-grid__card-text\">\n                                                            <div class=\"links-grid__card-title\">Kit de imprensa<\/div>\n                                                                                        <div class=\"links-grid__card-description\">O kit de imprensa para download da SMTT est\u00e1 repleto de fatos, n\u00fameros e ideias de hist\u00f3rias necess\u00e1rias para complementar qualquer hist\u00f3ria sobre o destino Santa Monica.<\/div>\n                                                    <\/div>\n                    <\/div>\n                <\/a>\n                                            <a href=\"https:\/\/www.santamonica.com\/pt\/media\/media-library\/\" class=\"links-grid__card-link\" aria-label=\"Biblioteca de m\u00eddia\" >\n                    <div class=\"links-grid__card\">\n                                                    <div class=\"links-grid__card-image-wrapper\">\n                                <img decoding=\"async\" width=\"400\" height=\"400\" src=\"https:\/\/www.santamonica.com\/wp-content\/uploads\/2022\/07\/Santa-Monica-Public-Library-540x540-1-400x400.jpg\" class=\"links-grid__card-image\" alt=\"Biblioteca de m\u00eddia\" loading=\"lazy\" srcset=\"https:\/\/www.santamonica.com\/wp-content\/uploads\/2022\/07\/Santa-Monica-Public-Library-540x540-1-400x400.jpg 400w, https:\/\/www.santamonica.com\/wp-content\/uploads\/2022\/07\/Santa-Monica-Public-Library-540x540-1-300x300.jpg 300w, https:\/\/www.santamonica.com\/wp-content\/uploads\/2022\/07\/Santa-Monica-Public-Library-540x540-1-150x150.jpg 150w, https:\/\/www.santamonica.com\/wp-content\/uploads\/2022\/07\/Santa-Monica-Public-Library-540x540-1.jpg 540w\" sizes=\"auto, (max-width: 400px) 100vw, 400px\" title=\"\">                            <\/div>\n                                                <div class=\"links-grid__card-text\">\n                                                            <div class=\"links-grid__card-title\">Biblioteca de m\u00eddia<\/div>\n                                                                                        <div class=\"links-grid__card-description\">Est\u00e1 escrevendo uma hist\u00f3ria sobre Santa Monica e precisa de fotos em alta resolu\u00e7\u00e3o? Precisa de um b-roll para um segmento? Voc\u00ea pode solicitar acesso ao nosso banco de imagens e clipes aqui.<\/div>\n                                                    <\/div>\n                    <\/div>\n                <\/a>\n                                            <a href=\"https:\/\/www.santamonica.com\/pt\/media\/media-visit-rfp\/\" class=\"links-grid__card-link\" aria-label=\"RFP de m\u00eddia\" >\n                    <div class=\"links-grid__card\">\n                                                    <div class=\"links-grid__card-image-wrapper\">\n                                <img decoding=\"async\" width=\"400\" height=\"400\" src=\"https:\/\/www.santamonica.com\/wp-content\/uploads\/2022\/07\/Flowers-540x540-1-400x400.jpg\" class=\"links-grid__card-image\" alt=\"RFP de m\u00eddia\" loading=\"lazy\" srcset=\"https:\/\/www.santamonica.com\/wp-content\/uploads\/2022\/07\/Flowers-540x540-1-400x400.jpg 400w, https:\/\/www.santamonica.com\/wp-content\/uploads\/2022\/07\/Flowers-540x540-1-300x300.jpg 300w, https:\/\/www.santamonica.com\/wp-content\/uploads\/2022\/07\/Flowers-540x540-1-150x150.jpg 150w, https:\/\/www.santamonica.com\/wp-content\/uploads\/2022\/07\/Flowers-540x540-1.jpg 540w\" sizes=\"auto, (max-width: 400px) 100vw, 400px\" title=\"\">                            <\/div>\n                                                <div class=\"links-grid__card-text\">\n                                                            <div class=\"links-grid__card-title\">RFP de m\u00eddia<\/div>\n                                                                                        <div class=\"links-grid__card-description\">Quer experimentar tudo o que Santa Monica tem a oferecer e compartilhar com seus leitores? Envie-nos uma solicita\u00e7\u00e3o e vamos ver como podemos trabalhar juntos.<\/div>\n                                                    <\/div>\n                    <\/div>\n                <\/a>\n                                            <a href=\"https:\/\/www.santamonica.com\/pt\/media-contact\/\" class=\"links-grid__card-link\" aria-label=\"Contato com a m\u00eddia\" >\n                    <div class=\"links-grid__card\">\n                                                    <div class=\"links-grid__card-image-wrapper\">\n                                <img decoding=\"async\" width=\"400\" height=\"400\" src=\"https:\/\/www.santamonica.com\/wp-content\/uploads\/2022\/07\/Feature-Pier-And-Bike-Path-400x400.png\" class=\"links-grid__card-image\" alt=\"P\u00eder de recursos e trilha para bicicletas\" loading=\"lazy\" srcset=\"https:\/\/www.santamonica.com\/wp-content\/uploads\/2022\/07\/Feature-Pier-And-Bike-Path-400x400.png 400w, https:\/\/www.santamonica.com\/wp-content\/uploads\/2022\/07\/Feature-Pier-And-Bike-Path-300x300.png 300w, https:\/\/www.santamonica.com\/wp-content\/uploads\/2022\/07\/Feature-Pier-And-Bike-Path-150x150.png 150w, https:\/\/www.santamonica.com\/wp-content\/uploads\/2022\/07\/Feature-Pier-And-Bike-Path.png 540w\" sizes=\"auto, (max-width: 400px) 100vw, 400px\" title=\"\">                            <\/div>\n                                                <div class=\"links-grid__card-text\">\n                                                            <div class=\"links-grid__card-title\">Contato com a m\u00eddia<\/div>\n                                                                                        <div class=\"links-grid__card-description\">A equipe de rela\u00e7\u00f5es com a m\u00eddia da SMTT tem o prazer de ser um recurso para todos os assuntos relacionados a Santa Monica. Entre em contato com qualquer pergunta relacionada \u00e0 m\u00eddia aqui.<\/div>\n                                                    <\/div>\n                    <\/div>\n                <\/a>\n                        <\/div>\n<\/section>\n\n\n\n\n<figure class=\"wp-block-image aligncenter size-full is-resized base-block\"><img decoding=\"async\" src=\"https:\/\/www.santamonica.com\/wp-content\/uploads\/2022\/12\/AdrianAwards_2022_Winners_PR_Com.png\" alt=\"\" class=\"wp-image-371149\" width=\"250\" height=\"117\" title=\"\" srcset=\"https:\/\/www.santamonica.com\/wp-content\/uploads\/2022\/12\/AdrianAwards_2022_Winners_PR_Com.png 400w, https:\/\/www.santamonica.com\/wp-content\/uploads\/2022\/12\/AdrianAwards_2022_Winners_PR_Com-300x140.png 300w, https:\/\/www.santamonica.com\/wp-content\/uploads\/2022\/12\/AdrianAwards_2022_Winners_PR_Com-270x126.png 270w\" sizes=\"(max-width: 250px) 100vw, 250px\" \/><\/figure>\n\n\n<\/figure>","protected":false},"excerpt":{"rendered":"","protected":false},"author":1431,"featured_media":348619,"parent":0,"menu_order":0,"comment_status":"closed","ping_status":"closed","template":"template-editorial.php","meta":{"_acf_changed":false,"inline_featured_image":false,"footnotes":""},"silos":[],"class_list":["post-346145","page","type-page","status-publish","has-post-thumbnail","hentry"],"acf":[],"_links":{"self":[{"href":"https:\/\/www.santamonica.com\/pt\/wp-json\/wp\/v2\/pages\/346145","targetHints":{"allow":["GET"]}}],"collection":[{"href":"https:\/\/www.santamonica.com\/pt\/wp-json\/wp\/v2\/pages"}],"about":[{"href":"https:\/\/www.santamonica.com\/pt\/wp-json\/wp\/v2\/types\/page"}],"author":[{"embeddable":true,"href":"https:\/\/www.santamonica.com\/pt\/wp-json\/wp\/v2\/users\/1431"}],"replies":[{"embeddable":true,"href":"https:\/\/www.santamonica.com\/pt\/wp-json\/wp\/v2\/comments?post=346145"}],"version-history":[{"count":56,"href":"https:\/\/www.santamonica.com\/pt\/wp-json\/wp\/v2\/pages\/346145\/revisions"}],"predecessor-version":[{"id":379756,"href":"https:\/\/www.santamonica.com\/pt\/wp-json\/wp\/v2\/pages\/346145\/revisions\/379756"}],"wp:featuredmedia":[{"embeddable":true,"href":"https:\/\/www.santamonica.com\/pt\/wp-json\/wp\/v2\/media\/348619"}],"wp:attachment":[{"href":"https:\/\/www.santamonica.com\/pt\/wp-json\/wp\/v2\/media?parent=346145"}],"wp:term":[{"taxonomy":"silos","embeddable":true,"href":"https:\/\/www.santamonica.com\/pt\/wp-json\/wp\/v2\/silos?post=346145"}],"curies":[{"name":"wp","href":"https:\/\/api.w.org\/{rel}","templated":true}]}}