{"id":345870,"date":"2022-07-18T23:12:57","date_gmt":"2022-07-19T06:12:57","guid":{"rendered":"https:\/\/www.santamonica.com\/?page_id=345870"},"modified":"2023-06-27T19:39:47","modified_gmt":"2023-06-28T02:39:47","slug":"atividades-de-formacao-de-equipes","status":"publish","type":"page","link":"https:\/\/www.santamonica.com\/pt\/meetings-conventions\/team-building-activities\/","title":{"rendered":"Atividades de forma\u00e7\u00e3o de equipes"},"content":{"rendered":"<section class=\"sun-title sm-block --theme6 sm-block\">\n            <h2 class=\"sun-title__headline\">Conex\u00e3o e colabora\u00e7\u00e3o<\/h2>    \n            <div class=\"sun-title__body  wysiwyg\">\n                    <p>Santa Monica cria naturalmente o ambiente perfeito para fortalecer sua equipe e promover a conex\u00e3o e a colabora\u00e7\u00e3o. De experi\u00eancias na areia a aventuras de alto n\u00edvel, qualquer equipe certamente sair\u00e1 com experi\u00eancias compartilhadas e lembran\u00e7as divertidas.<\/p>\n                        <\/div>\n    <\/section>\n\n\n\n<section class=\"two-images container-max sm-block  sm-block\">\n    <div class=\"two-images__container\">\n\n        <div class=\"two-images__column\">\n            <div class=\"two-images__content\">\n                <div class=\"two-images__content-header-container\">\n                                            <h1 class=\"two-images__content-header\">Do mar ao c\u00e9u<\/h1>                                    <\/div>\n                                    <div class=\"two-images__content-body wysiwyg\">\n                        <p>Re\u00fana a equipe para experi\u00eancias \u00fanicas no <a href=\"https:\/\/www.santamonica.com\/pt\/coisas-para-fazer\/praia-de-santa-monica\/\">Praia de Santa M\u00f4nica<\/a>. Fortale\u00e7a as habilidades de trabalho em equipe ao participar de uma aula de v\u00f4lei de praia com <a href=\"https:\/\/www.santamonica.com\/pt\/local-2\/volei-de-praia-em-santa-monica\/\">V\u00f4lei de praia em Santa M\u00f4nica<\/a> ou traga sua equipe de forma independente para desfrutar de uma competi\u00e7\u00e3o amig\u00e1vel em uma das quadras p\u00fablicas da praia. H\u00e1 muitos esportes de praia para participar, incluindo <a href=\"https:\/\/www.santamonica.com\/pt\/coisas-para-fazer\/ola-beach-tennis\/\">t\u00eanis de praia<\/a>, futebol e <a href=\"https:\/\/www.santamonica.com\/pt\/coisas-para-fazer\/pickleball\/\">pickleball<\/a>. Procurando algo mais descontra\u00eddo? Transporte facilmente os exerc\u00edcios e jogos cl\u00e1ssicos de forma\u00e7\u00e3o de equipes para a areia e acrescente um toque extra ao reservar um piquenique na praia sob medida com a <a href=\"https:\/\/www.santamonica.com\/pt\/coisas-para-fazer\/santa-monica-picnic-co\/\">Santa Monica Picnic Co<\/a>. Acrescente conjuntos de jogos \u00e0 sua experi\u00eancia de piquenique, incluindo badminton, escadas, cornhole e spike ball, para aumentar a divers\u00e3o em qualquer exerc\u00edcio de forma\u00e7\u00e3o de equipe. As equipes que buscam mais aventuras de alto n\u00edvel n\u00e3o precisam procurar al\u00e9m do <a href=\"https:\/\/www.santamonica.com\/pt\/local-2\/escola-de-trapezio-de-nova-york-2\/\">Escola de Trap\u00e9zio de Nova York<\/a>. Localizado no P\u00eder de Santa M\u00f4nica, grupos de todos os tamanhos podem se inscrever em aulas de trap\u00e9zio e seda e experimentar a melhor queda de confian\u00e7a.<\/p>\n                    <\/div>\n                                            <\/div>\n        <\/div>\n\n        <div class=\"two-images__column\">\n                            <div class=\"two-images__image-container\">\n                    <img decoding=\"async\" width=\"424\" height=\"504\" src=\"https:\/\/www.santamonica.com\/wp-content\/uploads\/2022\/07\/Volleyball424x504.jpg\" class=\"two-images__image\" alt=\"Homem e mulher saltando sobre a rede de v\u00f4lei um do outro; homem chutando a bola; mulher e homem jogando v\u00f4lei de praia\" loading=\"lazy\" srcset=\"https:\/\/www.santamonica.com\/wp-content\/uploads\/2022\/07\/Volleyball424x504.jpg 424w, https:\/\/www.santamonica.com\/wp-content\/uploads\/2022\/07\/Volleyball424x504-252x300.jpg 252w, https:\/\/www.santamonica.com\/wp-content\/uploads\/2022\/07\/Volleyball424x504-126x150.jpg 126w\" sizes=\"auto, (max-width: 424px) 100vw, 424px\" title=\"\">                    \n\n                <\/div>\n                    <\/div>\n\n        <div class=\"two-images__column\">\n                            <div class=\"two-images__image-container\">\n                    <img decoding=\"async\" width=\"600\" height=\"464\" src=\"https:\/\/www.santamonica.com\/wp-content\/uploads\/2022\/07\/Trapeze600x464.jpg\" class=\"two-images__image\" alt=\"Mulher de cabe\u00e7a para baixo dando um salto de trap\u00e9zio; a Pacific Wheel do P\u00eder de Santa Monica ao fundo\" loading=\"lazy\" srcset=\"https:\/\/www.santamonica.com\/wp-content\/uploads\/2022\/07\/Trapeze600x464.jpg 600w, https:\/\/www.santamonica.com\/wp-content\/uploads\/2022\/07\/Trapeze600x464-300x232.jpg 300w, https:\/\/www.santamonica.com\/wp-content\/uploads\/2022\/07\/Trapeze600x464-194x150.jpg 194w\" sizes=\"auto, (max-width: 600px) 100vw, 600px\" title=\"\">                    \n\n                <\/div>\n                    <\/div>\n\n    <\/div>\n<\/section>\n\n\n\n<div class=\"wp-block-columns is-layout-flex wp-container-core-columns-is-layout-28f84493 wp-block-columns-is-layout-flex base-block\">\n<div class=\"wp-block-column is-layout-flow wp-block-column-is-layout-flow base-block\">\n<h2 class=\"wp-block-heading base-block\"><strong>Quebrar o molde<\/strong><\/h2>\n\n\n\n<p class=\"base-block\">D\u00ea asas \u00e0 imagina\u00e7\u00e3o com <a href=\"https:\/\/www.santamonica.com\/pt\/artes-e-cultura\/\">aulas de arte e cer\u00e2mica<\/a> em Santa Monica para inspirar pensamentos introspectivos, reflex\u00e3o pessoal e um senso de realiza\u00e7\u00e3o. Para atividades que fortalecem a familiaridade, a colabora\u00e7\u00e3o e a confian\u00e7a, aulas de improvisa\u00e7\u00e3o no <a href=\"https:\/\/www.santamonica.com\/pt\/local-2\/m-i-s-westside-comedy-theater-8\/\">M.I. Westside Comedy Theater<\/a> certamente aproximar\u00e3o as equipes por meio do humor e da divers\u00e3o.<\/p>\n<\/div>\n\n\n\n<div class=\"wp-block-column is-layout-flow wp-block-column-is-layout-flow base-block\">\n<h2 class=\"wp-block-heading base-block\"><strong>Divers\u00e3o gastron\u00f4mica<\/strong><\/h2>\n\n\n\n<p class=\"base-block\">Inscreva-se para as aulas em <a href=\"https:\/\/www.santamonica.com\/pt\/local-2\/k-food-chef-junior\/\">A Escola Gourmandise<\/a> onde as equipes podem cozinhar sua pr\u00f3pria comida e com\u00ea-la tamb\u00e9m! Desafie a comunica\u00e7\u00e3o e a coes\u00e3o da equipe enquanto as equipes trabalham juntas para seguir v\u00e1rias receitas exclusivas sob o olhar atento de um chef mestre. Depois que a comida estiver pronta, saboreie o gosto da realiza\u00e7\u00e3o enquanto se sentam juntos para um jantar em equipe.<\/p>\n<\/div>\n\n\n\n<div class=\"wp-block-column is-layout-flow wp-block-column-is-layout-flow base-block\">\n<h2 class=\"wp-block-heading base-block\"><strong>Descanso e relaxamento<\/strong><\/h2>\n\n\n\n<p class=\"base-block\">Desfrute de um momento de relaxamento com aulas de ioga no est\u00fadio ou na praia. <a href=\"https:\/\/www.santamonica.com\/pt\/local-2\/yoga-na-praia-socal\/\">Beach Yoga So Cal<\/a> realizam uma variedade de aulas durante a semana para grupos com diferentes n\u00edveis de experi\u00eancia. Participe de uma aula de Sunset Beach Yoga para momentos tranquilos de reflex\u00e3o em equipe ou ganhe confian\u00e7a com uma aula de Beach Power Flow. <\/p>\n<\/div>\n<\/div>\n\n\n<section class=\"links-grid --theme3 sm-block\">\n    <div class=\"links-grid__wrapper\">\n                                                    <a href=\"https:\/\/www.santamonica.com\/pt\/meetings-conventions\/transportation-accessibility\/\" class=\"links-grid__card-link\" aria-label=\"Acessibilidade e transporte\" >\n                    <div class=\"links-grid__card\">\n                                                    <div class=\"links-grid__card-image-wrapper\">\n                                <img decoding=\"async\" width=\"366\" height=\"330\" src=\"https:\/\/www.santamonica.com\/wp-content\/uploads\/2022\/07\/Bike366x330.jpg\" class=\"links-grid__card-image\" alt=\"Grande grupo andando de bicicleta na praia\" loading=\"lazy\" srcset=\"https:\/\/www.santamonica.com\/wp-content\/uploads\/2022\/07\/Bike366x330.jpg 366w, https:\/\/www.santamonica.com\/wp-content\/uploads\/2022\/07\/Bike366x330-300x270.jpg 300w, https:\/\/www.santamonica.com\/wp-content\/uploads\/2022\/07\/Bike366x330-166x150.jpg 166w\" sizes=\"auto, (max-width: 366px) 100vw, 366px\" title=\"\">                            <\/div>\n                                                <div class=\"links-grid__card-text\">\n                                                            <div class=\"links-grid__card-title\">Acessibilidade e transporte<\/div>\n                                                                                        <div class=\"links-grid__card-description\">Encontre as melhores maneiras de levar sua equipe a Santa Monica.<\/div>\n                                                    <\/div>\n                    <\/div>\n                <\/a>\n                                            <a href=\"https:\/\/www.santamonica.com\/pt\/travel-trade\/group-tours\/\" class=\"links-grid__card-link\" aria-label=\"Passeios em grupo\" >\n                    <div class=\"links-grid__card\">\n                                                    <div class=\"links-grid__card-image-wrapper\">\n                                <img decoding=\"async\" width=\"366\" height=\"330\" src=\"https:\/\/www.santamonica.com\/wp-content\/uploads\/2022\/07\/GroupTour366x330.jpg\" class=\"links-grid__card-image\" alt=\"Grupo ouvindo uma mulher fazendo um tour; parede de tijolos com escrita dilapidada ao fundo\" loading=\"lazy\" srcset=\"https:\/\/www.santamonica.com\/wp-content\/uploads\/2022\/07\/GroupTour366x330.jpg 366w, https:\/\/www.santamonica.com\/wp-content\/uploads\/2022\/07\/GroupTour366x330-300x270.jpg 300w, https:\/\/www.santamonica.com\/wp-content\/uploads\/2022\/07\/GroupTour366x330-166x150.jpg 166w\" sizes=\"auto, (max-width: 366px) 100vw, 366px\" title=\"\">                            <\/div>\n                                                <div class=\"links-grid__card-text\">\n                                                            <div class=\"links-grid__card-title\">Passeios em grupo<\/div>\n                                                                                        <div class=\"links-grid__card-description\">Descubra passeios em grupo para grupos pequenos e grandes.<\/div>\n                                                    <\/div>\n                    <\/div>\n                <\/a>\n                                            <a href=\"https:\/\/www.santamonica.com\/pt\/dining-guide-2\/\" class=\"links-grid__card-link\" aria-label=\"Guia de refei\u00e7\u00f5es\" >\n                    <div class=\"links-grid__card\">\n                                                    <div class=\"links-grid__card-image-wrapper\">\n                                <img decoding=\"async\" width=\"366\" height=\"330\" src=\"https:\/\/www.santamonica.com\/wp-content\/uploads\/2022\/07\/PartnerBrunch366x330.jpg\" class=\"links-grid__card-image\" alt=\"Drink de martini vermelho com guarni\u00e7\u00e3o; pizza ao fundo\" loading=\"lazy\" srcset=\"https:\/\/www.santamonica.com\/wp-content\/uploads\/2022\/07\/PartnerBrunch366x330.jpg 366w, https:\/\/www.santamonica.com\/wp-content\/uploads\/2022\/07\/PartnerBrunch366x330-300x270.jpg 300w, https:\/\/www.santamonica.com\/wp-content\/uploads\/2022\/07\/PartnerBrunch366x330-166x150.jpg 166w\" sizes=\"auto, (max-width: 366px) 100vw, 366px\" title=\"\">                            <\/div>\n                                                <div class=\"links-grid__card-text\">\n                                                            <div class=\"links-grid__card-title\">Guia de refei\u00e7\u00f5es<\/div>\n                                                                                        <div class=\"links-grid__card-description\">Explore as op\u00e7\u00f5es gastron\u00f4micas que certamente agradar\u00e3o a qualquer paladar.<\/div>\n                                                    <\/div>\n                    <\/div>\n                <\/a>\n                                            <a href=\"https:\/\/www.santamonica.com\/pt\/travel-trade\/planning-toolkit\/\" class=\"links-grid__card-link\" aria-label=\"Kit de ferramentas de planejamento\" >\n                    <div class=\"links-grid__card\">\n                                                    <div class=\"links-grid__card-image-wrapper\">\n                                <img decoding=\"async\" width=\"366\" height=\"330\" src=\"https:\/\/www.santamonica.com\/wp-content\/uploads\/2022\/07\/Partner366x330-1.jpg\" class=\"links-grid__card-image\" alt=\"Praia e ondas do mar; pessoas na praia; foto a\u00e9rea\" loading=\"lazy\" srcset=\"https:\/\/www.santamonica.com\/wp-content\/uploads\/2022\/07\/Partner366x330-1.jpg 366w, https:\/\/www.santamonica.com\/wp-content\/uploads\/2022\/07\/Partner366x330-1-300x270.jpg 300w, https:\/\/www.santamonica.com\/wp-content\/uploads\/2022\/07\/Partner366x330-1-166x150.jpg 166w\" sizes=\"auto, (max-width: 366px) 100vw, 366px\" title=\"\">                            <\/div>\n                                                <div class=\"links-grid__card-text\">\n                                                            <div class=\"links-grid__card-title\">Kit de ferramentas de planejamento<\/div>\n                                                                                        <div class=\"links-grid__card-description\">Facilite o planejamento de sua pr\u00f3xima viagem a Santa Monica com o Planning Toolkit.<\/div>\n                                                    <\/div>\n                    <\/div>\n                <\/a>\n                        <\/div>\n<\/section>\n\n\n\n<section class=\"meetings-contact-us sm-block\">\n    <div class=\"meetings-contact-us__inner\">\n        <div class=\"meetings-contact-us__image-wrap\">\n            <img decoding=\"async\" width=\"1024\" height=\"304\" src=\"https:\/\/www.santamonica.com\/wp-content\/uploads\/2022\/07\/Help1280x380-1024x304.jpg\" class=\"attachment-large size-large\" alt=\"Imagem do pr\u00e9dio do centro de visitantes; pr\u00e9dio cinza com placa de informa\u00e7\u00f5es acima\" srcset=\"https:\/\/www.santamonica.com\/wp-content\/uploads\/2022\/07\/Help1280x380-1024x304.jpg 1024w, https:\/\/www.santamonica.com\/wp-content\/uploads\/2022\/07\/Help1280x380-300x89.jpg 300w, https:\/\/www.santamonica.com\/wp-content\/uploads\/2022\/07\/Help1280x380-270x80.jpg 270w, https:\/\/www.santamonica.com\/wp-content\/uploads\/2022\/07\/Help1280x380-768x228.jpg 768w, https:\/\/www.santamonica.com\/wp-content\/uploads\/2022\/07\/Help1280x380.jpg 1280w\" sizes=\"(max-width: 1024px) 100vw, 1024px\" title=\"\">        <\/div>\n        <div class=\"meetings-contact-us__body\">\n            <h1 class=\"meetings-contact-us__heading\">\n                Tem d\u00favidas?            <\/h1>\n            <p class=\"meetings-contact-us__intro\">\n                Sinta-se apoiado ao entrar em contato com a equipe de especialistas da Santa Monica Travel &amp; Tourism hoje mesmo!            <\/p>\n            <div class=\"meetings-contact-us__phone-numbers wysiwyg\">\n                                                            <\/div>\n            <div class=\"meetings-contact-us__ctas\">\n                                            <a class=\"meetings-contact-us__primary-cta\" href=\"https:\/\/www.santamonica.com\/pt\/reunioes-convencoes\/reunioes-entre-em-contato-conosco\/\">Entre em contato conosco<\/a>\n                                                    <\/div>\n        <\/div>\n    <\/div>\n\n<\/section>\n\n\n<section class=\"blog-feed --theme8 sm-block\">\n    <div class=\"blog-feed__content\">\n        <div class=\"blog-feed__intro\">\n                            <div class=\"blog-feed__eyebrow eyebrow\">Blogs<\/div>                                        <h2 class=\"blog-feed__headline\">Descubra Santa M\u00f4nica<\/h2>                                        <div class=\"blog-feed__body\"><p>Explore itiner\u00e1rios, dicas locais, pontos de interesse e aventuras selecionadas para garantir que voc\u00ea aproveite ao m\u00e1ximo sua experi\u00eancia em Santa Monica.<\/p>\n<\/div>\n                                        <a class=\"blog-feed__cta\" href=\"https:\/\/www.santamonica.com\/pt\/postagens-de-blog\/\">Ver todos os blogs<\/a>\n                    <\/div>\n\n        <ul class=\"blog-feed__list\">\n                                                <li class=\"blog-feed__item\">\n                        <a href=\"https:\/\/www.santamonica.com\/pt\/mother-road-modern-meetings-route-66-meeting-spaces-set-to-shine-for-centennial-in-santa-monica\/\" class=\"blog-feed__item-link\">\n                            <div class=\"blog-feed__image-ratio\">\n                                <img decoding=\"async\" class=\"blog-feed__image\" src=\"https:\/\/www.santamonica.com\/wp-content\/uploads\/2025\/12\/untitledJuly20162C2020180010-182-2-400x400.jpg\" alt=\"ESTRADA M\u00c3E, REUNI\u00d5ES MODERNAS: ESPA\u00c7OS PARA REUNI\u00d5ES DA ROTA 66 PREPARADOS PARA BRILHAR NO CENTEN\u00c1RIO EM SANTA M\u00d4NICA\" title=\"\">\n                            <\/div>\n                            <div class=\"blog-feed__card-title\">ESTRADA M\u00c3E, REUNI\u00d5ES MODERNAS: ESPA\u00c7OS PARA REUNI\u00d5ES DA ROTA 66 PREPARADOS PARA BRILHAR NO CENTEN\u00c1RIO EM SANTA M\u00d4NICA<\/div>\n                        <\/a>\n                    <\/li>\n                                                                <li class=\"blog-feed__item\">\n                        <a href=\"https:\/\/www.santamonica.com\/pt\/media\/news-release\/santa-monica-announces-song-contest-in-celebration-of-route-66-centennial\/\" class=\"blog-feed__item-link\">\n                            <div class=\"blog-feed__image-ratio\">\n                                <img decoding=\"async\" class=\"blog-feed__image\" src=\"https:\/\/www.santamonica.com\/wp-content\/uploads\/2025\/11\/DSC01084-400x400.jpg\" alt=\"SANTA MONICA ANUNCIA CONCURSO DE M\u00daSICA EM COMEMORA\u00c7\u00c3O AO CENTEN\u00c1RIO DA ROTA 66\" title=\"\">\n                            <\/div>\n                            <div class=\"blog-feed__card-title\">SANTA MONICA ANUNCIA CONCURSO DE M\u00daSICA EM COMEMORA\u00c7\u00c3O AO CENTEN\u00c1RIO DA ROTA 66<\/div>\n                        <\/a>\n                    <\/li>\n                                                                <li class=\"blog-feed__item\">\n                        <a href=\"https:\/\/www.santamonica.com\/pt\/media\/news-release\/where-to-watch-the-world-series-in-santa-monica\/\" class=\"blog-feed__item-link\">\n                            <div class=\"blog-feed__image-ratio\">\n                                <img decoding=\"async\" class=\"blog-feed__image\" src=\"https:\/\/www.santamonica.com\/wp-content\/uploads\/2025\/10\/dodgers-logo-1-400x400.jpg\" alt=\"ONDE ASSISTIR \u00c0 S\u00c9RIE MUNDIAL EM SANTA MONICA\" title=\"\">\n                            <\/div>\n                            <div class=\"blog-feed__card-title\">ONDE ASSISTIR \u00c0 S\u00c9RIE MUNDIAL EM SANTA MONICA<\/div>\n                        <\/a>\n                    <\/li>\n                                    <\/ul>\n    <\/div>\n<\/section>","protected":false},"excerpt":{"rendered":"<p>Break the Mold Ignite imagination with art and pottery classes throughout Santa Monica to inspire introspective thoughts, personal reflection and a sense of accomplishment. For activities that strengthen familiarity, collaboration [&hellip;]<\/p>\n","protected":false},"author":1421,"featured_media":348981,"parent":0,"menu_order":0,"comment_status":"closed","ping_status":"closed","template":"template-editorial.php","meta":{"_acf_changed":false,"inline_featured_image":false,"footnotes":""},"silos":[3894],"class_list":["post-345870","page","type-page","status-publish","has-post-thumbnail","hentry"],"acf":[],"_links":{"self":[{"href":"https:\/\/www.santamonica.com\/pt\/wp-json\/wp\/v2\/pages\/345870","targetHints":{"allow":["GET"]}}],"collection":[{"href":"https:\/\/www.santamonica.com\/pt\/wp-json\/wp\/v2\/pages"}],"about":[{"href":"https:\/\/www.santamonica.com\/pt\/wp-json\/wp\/v2\/types\/page"}],"author":[{"embeddable":true,"href":"https:\/\/www.santamonica.com\/pt\/wp-json\/wp\/v2\/users\/1421"}],"replies":[{"embeddable":true,"href":"https:\/\/www.santamonica.com\/pt\/wp-json\/wp\/v2\/comments?post=345870"}],"version-history":[{"count":29,"href":"https:\/\/www.santamonica.com\/pt\/wp-json\/wp\/v2\/pages\/345870\/revisions"}],"predecessor-version":[{"id":383158,"href":"https:\/\/www.santamonica.com\/pt\/wp-json\/wp\/v2\/pages\/345870\/revisions\/383158"}],"wp:featuredmedia":[{"embeddable":true,"href":"https:\/\/www.santamonica.com\/pt\/wp-json\/wp\/v2\/media\/348981"}],"wp:attachment":[{"href":"https:\/\/www.santamonica.com\/pt\/wp-json\/wp\/v2\/media?parent=345870"}],"wp:term":[{"taxonomy":"silos","embeddable":true,"href":"https:\/\/www.santamonica.com\/pt\/wp-json\/wp\/v2\/silos?post=345870"}],"curies":[{"name":"wp","href":"https:\/\/api.w.org\/{rel}","templated":true}]}}