{"id":345485,"date":"2022-07-15T14:57:59","date_gmt":"2022-07-15T21:57:59","guid":{"rendered":"https:\/\/www.santamonica.com\/?page_id=345485"},"modified":"2024-08-14T11:46:28","modified_gmt":"2024-08-14T18:46:28","slug":"reunioes-entre-em-contato-conosco","status":"publish","type":"page","link":"https:\/\/www.santamonica.com\/pt\/meetings-conventions\/meetings-contact-us\/","title":{"rendered":"Vendas - Entre em contato conosco"},"content":{"rendered":"<section class=\"sun-title sm-block --theme6 --2col sm-block\">\n            <h2 class=\"sun-title__headline\">Equipe de vendas para grupos<\/h2>    \n            <div class=\"sun-title__body  --2col wysiwyg\">\n                    <div class=\"column-1\">\n                <p><strong>Ozzie Otero<br \/>\n<\/strong>Diretor de vendas<br \/>\n<a href=\"mailto:ootero@santamonica.com\">ootero@santamonica.com<\/a><\/p>\n<p><strong>Kristin<\/strong>\u00a0<strong>Farrel<br \/>\n<\/strong>Gerente Assistente, Vendas e Servi\u00e7os Globais<br \/>\n<a href=\"mailto:kfarrel@santamonica.com\">kfarrel@santamonica.com<\/a><\/p>\n                            <\/div>\n            <div class=\"column-2\">\n                <p><strong>Kylie Escobar<br \/>\n<\/strong>Coordenador global de vendas e servi\u00e7os<br \/>\n<a href=\"mailto:kescobar@santamonica.com\">kescobar@santamonica.com<\/a><\/p>\n                            <\/div>\n            <\/div>\n    <\/section>\n\n\n<section class=\"links-grid --theme3 sm-block\">\n    <div class=\"links-grid__wrapper\">\n                                                    <a href=\"https:\/\/www.santamonica.com\/pt\/meetings-conventions\/\" class=\"links-grid__card-link\" aria-label=\"Reuni\u00f5es e eventos\" >\n                    <div class=\"links-grid__card\">\n                                                    <div class=\"links-grid__card-image-wrapper\">\n                                <img decoding=\"async\" width=\"400\" height=\"400\" src=\"https:\/\/www.santamonica.com\/wp-content\/uploads\/2022\/06\/santa-monica-meeting-spaces-400x400.jpg\" class=\"links-grid__card-image\" alt=\"espa\u00e7os para reuni\u00f5es em santa m\u00f4nica\" loading=\"lazy\" title=\"\">                            <\/div>\n                                                <div class=\"links-grid__card-text\">\n                                                            <div class=\"links-grid__card-title\">Reuni\u00f5es e eventos<\/div>\n                                                                                <\/div>\n                    <\/div>\n                <\/a>\n                                            <a href=\"https:\/\/www.santamonica.com\/pt\/meetings-conventions\/plan-your-meeting\/\" class=\"links-grid__card-link\" aria-label=\"Planeje sua reuni\u00e3o\" >\n                    <div class=\"links-grid__card\">\n                                                    <div class=\"links-grid__card-image-wrapper\">\n                                <img decoding=\"async\" width=\"400\" height=\"400\" src=\"https:\/\/www.santamonica.com\/wp-content\/uploads\/2022\/06\/meeting-convention-and-event-planners-400x400.jpg\" class=\"links-grid__card-image\" alt=\"planejadores de reuni\u00f5es, conven\u00e7\u00f5es e eventos\" loading=\"lazy\" title=\"\">                            <\/div>\n                                                <div class=\"links-grid__card-text\">\n                                                            <div class=\"links-grid__card-title\">Planeje sua reuni\u00e3o<\/div>\n                                                                                <\/div>\n                    <\/div>\n                <\/a>\n                                            <a href=\"https:\/\/www.santamonica.com\/pt\/meetings-conventions\/group-activities\/\" class=\"links-grid__card-link\" aria-label=\"Experi\u00eancias em grupo\" >\n                    <div class=\"links-grid__card\">\n                                                    <div class=\"links-grid__card-image-wrapper\">\n                                <img decoding=\"async\" width=\"400\" height=\"400\" src=\"https:\/\/www.santamonica.com\/wp-content\/uploads\/2022\/06\/group-experiences-santa-monica-400x400.jpg\" class=\"links-grid__card-image\" alt=\"experi\u00eancias em grupo santa monica\" loading=\"lazy\" title=\"\">                            <\/div>\n                                                <div class=\"links-grid__card-text\">\n                                                            <div class=\"links-grid__card-title\">Experi\u00eancias em grupo<\/div>\n                                                                                <\/div>\n                    <\/div>\n                <\/a>\n                                            <a href=\"https:\/\/www.santamonica.com\/pt\/experience-santa-monica\/weddings\/\" class=\"links-grid__card-link\" aria-label=\"Casamentos\" >\n                    <div class=\"links-grid__card\">\n                                                    <div class=\"links-grid__card-image-wrapper\">\n                                <img decoding=\"async\" width=\"400\" height=\"400\" src=\"https:\/\/www.santamonica.com\/wp-content\/uploads\/2022\/07\/Wedding-540x540-1-400x400.jpg\" class=\"links-grid__card-image\" alt=\"Casamentos\" loading=\"lazy\" srcset=\"https:\/\/www.santamonica.com\/wp-content\/uploads\/2022\/07\/Wedding-540x540-1-400x400.jpg 400w, https:\/\/www.santamonica.com\/wp-content\/uploads\/2022\/07\/Wedding-540x540-1-300x300.jpg 300w, https:\/\/www.santamonica.com\/wp-content\/uploads\/2022\/07\/Wedding-540x540-1-150x150.jpg 150w, https:\/\/www.santamonica.com\/wp-content\/uploads\/2022\/07\/Wedding-540x540-1.jpg 540w\" sizes=\"auto, (max-width: 400px) 100vw, 400px\" title=\"\">                            <\/div>\n                                                <div class=\"links-grid__card-text\">\n                                                            <div class=\"links-grid__card-title\">Casamentos<\/div>\n                                                                                <\/div>\n                    <\/div>\n                <\/a>\n                        <\/div>\n<\/section>","protected":false},"excerpt":{"rendered":"","protected":false},"author":1421,"featured_media":348986,"parent":0,"menu_order":0,"comment_status":"closed","ping_status":"closed","template":"template-meetings-editorial-detail.php","meta":{"_acf_changed":false,"inline_featured_image":false,"footnotes":""},"silos":[3894],"class_list":["post-345485","page","type-page","status-publish","has-post-thumbnail","hentry"],"acf":[],"_links":{"self":[{"href":"https:\/\/www.santamonica.com\/pt\/wp-json\/wp\/v2\/pages\/345485","targetHints":{"allow":["GET"]}}],"collection":[{"href":"https:\/\/www.santamonica.com\/pt\/wp-json\/wp\/v2\/pages"}],"about":[{"href":"https:\/\/www.santamonica.com\/pt\/wp-json\/wp\/v2\/types\/page"}],"author":[{"embeddable":true,"href":"https:\/\/www.santamonica.com\/pt\/wp-json\/wp\/v2\/users\/1421"}],"replies":[{"embeddable":true,"href":"https:\/\/www.santamonica.com\/pt\/wp-json\/wp\/v2\/comments?post=345485"}],"version-history":[{"count":47,"href":"https:\/\/www.santamonica.com\/pt\/wp-json\/wp\/v2\/pages\/345485\/revisions"}],"predecessor-version":[{"id":427668,"href":"https:\/\/www.santamonica.com\/pt\/wp-json\/wp\/v2\/pages\/345485\/revisions\/427668"}],"wp:featuredmedia":[{"embeddable":true,"href":"https:\/\/www.santamonica.com\/pt\/wp-json\/wp\/v2\/media\/348986"}],"wp:attachment":[{"href":"https:\/\/www.santamonica.com\/pt\/wp-json\/wp\/v2\/media?parent=345485"}],"wp:term":[{"taxonomy":"silos","embeddable":true,"href":"https:\/\/www.santamonica.com\/pt\/wp-json\/wp\/v2\/silos?post=345485"}],"curies":[{"name":"wp","href":"https:\/\/api.w.org\/{rel}","templated":true}]}}