{"id":345236,"date":"2022-07-14T15:01:34","date_gmt":"2022-07-14T22:01:34","guid":{"rendered":"https:\/\/www.santamonica.com\/?page_id=345236"},"modified":"2022-09-28T10:40:11","modified_gmt":"2022-09-28T17:40:11","slug":"depoimentos","status":"publish","type":"page","link":"https:\/\/www.santamonica.com\/pt\/i-am-santa-monica\/testimonials\/","title":{"rendered":"I Am Santa Monica - Testemunhos"},"content":{"rendered":"<div class=\"wp-block-columns is-layout-flex wp-container-core-columns-is-layout-28f84493 wp-block-columns-is-layout-flex base-block\">\n<div class=\"wp-block-column is-layout-flow wp-block-column-is-layout-flow base-block\">\n<p class=\"base-block\"><em>\u201cAltamente informativo, com informa\u00e7\u00f5es \u00fateis para trabalhadores do setor de hospitalidade que n\u00e3o moram ou n\u00e3o est\u00e3o familiarizados com Santa Monica.\u201d <\/em>- <strong>Claudio Henrique, The Ambrose Hotel<\/strong><\/p>\n<\/div>\n\n\n\n<div class=\"wp-block-column is-layout-flow wp-block-column-is-layout-flow base-block\">\n<p class=\"base-block\">\u201cSeria uma \u00f3tima ideia que a maioria dos funcion\u00e1rios do setor de hospitalidade de Santa Monica passasse por esse treinamento!\u201d -&nbsp;<strong>Katharine Vazquez, Pacific Park<\/strong><\/p>\n<\/div>\n\n\n\n<div class=\"wp-block-column is-layout-flow wp-block-column-is-layout-flow base-block\">\n<p class=\"base-block\"><em>\u201cExcelente oportunidade de conhecer as \u00e1reas para as quais enviamos nossos h\u00f3spedes.\u201d<\/em> -\u00a0<strong>Enriques Cardenas, Sandbourne Santa Monica<\/strong> <strong>Santa M\u00f4nica<\/strong><\/p>\n<\/div>\n\n\n\n<div class=\"wp-block-column is-layout-flow wp-block-column-is-layout-flow base-block\">\n<p class=\"base-block\"><em>\u201cFoi uma excelente fonte para informar os visitantes e residentes do condado de Los Angeles. Foi realmente uma maneira fant\u00e1stica e divertida de aprender sobre a cidade de Santa Monica.\u201d<\/em> -&nbsp;<strong>David Garcia, Holiday Inn<\/strong><\/p>\n<\/div>\n<\/div>\n\n\n\n<div class=\"wp-block-columns is-layout-flex wp-container-core-columns-is-layout-28f84493 wp-block-columns-is-layout-flex base-block\">\n<div class=\"wp-block-column is-layout-flow wp-block-column-is-layout-flow base-block\">\n<p class=\"base-block\"><em>\u201cEnviar nossa equipe para o \u201cI am Santa Monica\u201d n\u00e3o foi apenas educativo, mas tamb\u00e9m divertido. \u00c9 uma introdu\u00e7\u00e3o fant\u00e1stica \u00e0 cidade e \u00e0 hist\u00f3ria que a cerca. Esse workshop nos permite promover Santa Monica com entusiasmo e conhecimento para nossos visitantes de todo o mundo!\u201d<\/em>&nbsp;- <strong>Christina Maranon, Shore Hotel<\/strong><\/p>\n<\/div>\n\n\n\n<div class=\"wp-block-column is-layout-flow wp-block-column-is-layout-flow base-block\">\n<p class=\"base-block\"><em>\u201cIsso seria excelente para a equipe do meu escrit\u00f3rio que trabalha muito com o p\u00fablico e com clientes que n\u00e3o s\u00e3o de Santa Monica.\u201d<\/em> - <strong>Donn Umber, Departamento de Pol\u00edcia de Santa M\u00f4nica<\/strong><\/p>\n<\/div>\n\n\n\n<div class=\"wp-block-column is-layout-flow wp-block-column-is-layout-flow base-block\">\n<p class=\"base-block\"><em>\u201cA discuss\u00e3o sobre o atendimento ao cliente foi muito eficaz e veio do cora\u00e7\u00e3o. Como \u00e9 importante ser positivo, fazer com que as pessoas se sintam confort\u00e1veis e antecipar suas necessidades.\u201d<\/em> -&nbsp;<strong>Carrie Weil, Maguire Properties<\/strong><\/p>\n<\/div>\n\n\n\n<div class=\"wp-block-column is-layout-flow wp-block-column-is-layout-flow base-block\">\n<p class=\"base-block\"><em>\u201cEste programa o ajuda a encontrar o caminho se voc\u00ea n\u00e3o tiver informa\u00e7\u00f5es sobre Santa Monica. Eu n\u00e3o sabia nada sobre Santa Monica, mas agora sei muitas coisas e estou come\u00e7ando a gostar daqui!\u201d<\/em> -&nbsp;<strong>Tugce Cakir, funcion\u00e1rio internacional, Pacific Park<\/strong><\/p>\n<\/div>\n<\/div>\n\n\n\n<div class=\"wp-block-columns is-layout-flex wp-container-core-columns-is-layout-28f84493 wp-block-columns-is-layout-flex base-block\">\n<div class=\"wp-block-column is-layout-flow wp-block-column-is-layout-flow base-block\">\n<h4 class=\"wp-block-heading base-block\">Inscrever-se<\/h4>\n\n\n\n<p class=\"base-block\"><a href=\"https:\/\/www.santamonica.com\/pt\/eu-sou-santa-monica\/registro\/\">Inscreva-se ou inscreva sua equipe<\/a> agora no workshop gratuito I Am Santa Monica, organizado pela Santa Monica Travel &amp; Tourism.<\/p>\n<\/div>\n\n\n\n<div class=\"wp-block-column is-layout-flow wp-block-column-is-layout-flow base-block\">\n<h4 class=\"wp-block-heading base-block\">Solicita\u00e7\u00e3o de reuni\u00e3o<\/h4>\n\n\n\n<p class=\"base-block\"><a href=\"https:\/\/www.santamonica.com\/pt\/eu-sou-santa-monica\/solicitar-reuniao\/\">Organize um workshop do I Am Santa Monica<\/a> em sua empresa. Sess\u00f5es de treinamento fora do local est\u00e3o dispon\u00edveis para grupos com um m\u00ednimo de 20 pessoas.<\/p>\n<\/div>\n\n\n\n<div class=\"wp-block-column is-layout-flow wp-block-column-is-layout-flow base-block\">\n<h4 class=\"wp-block-heading base-block\">Pr\u00eamio de Turismo<\/h4>\n\n\n\n<p class=\"base-block\">Todos os anos, homenageamos funcion\u00e1rios espec\u00edficos, indicando-os para o pr\u00eamio <a href=\"https:\/\/www.santamonica.com\/pt\/premio-spirit\/\">Pr\u00eamio Thelma Parks de Esp\u00edrito Tur\u00edstico<\/a>.<\/p>\n<\/div>\n\n\n\n<div class=\"wp-block-column is-layout-flow wp-block-column-is-layout-flow base-block\">\n<h4 class=\"wp-block-heading base-block\">Expandir o que sou<\/h4>\n\n\n\n<p class=\"base-block\"><a href=\"https:\/\/www.santamonica.com\/pt\/eu-sou-santa-monica\/seu-destino\/\">Crie seu pr\u00f3prio \u201cEu sou\u201d<\/a> projetado para educar e informar as empresas e os funcion\u00e1rios que vivem e trabalham em seu destino.<\/p>\n<\/div>\n<\/div>","protected":false},"excerpt":{"rendered":"<p>&#8220;Highly informative with useful information for hospitality workers who don&#8217;t live or are not familiar with Santa Monica.&#8221; &#8211; Claudio Henrique, The Ambrose Hotel &#8220;It would be a great idea [&hellip;]<\/p>\n","protected":false},"author":1421,"featured_media":336928,"parent":0,"menu_order":0,"comment_status":"closed","ping_status":"closed","template":"template-editorial.php","meta":{"_acf_changed":false,"inline_featured_image":false,"footnotes":""},"silos":[3922],"class_list":["post-345236","page","type-page","status-publish","has-post-thumbnail","hentry"],"acf":[],"_links":{"self":[{"href":"https:\/\/www.santamonica.com\/pt\/wp-json\/wp\/v2\/pages\/345236","targetHints":{"allow":["GET"]}}],"collection":[{"href":"https:\/\/www.santamonica.com\/pt\/wp-json\/wp\/v2\/pages"}],"about":[{"href":"https:\/\/www.santamonica.com\/pt\/wp-json\/wp\/v2\/types\/page"}],"author":[{"embeddable":true,"href":"https:\/\/www.santamonica.com\/pt\/wp-json\/wp\/v2\/users\/1421"}],"replies":[{"embeddable":true,"href":"https:\/\/www.santamonica.com\/pt\/wp-json\/wp\/v2\/comments?post=345236"}],"version-history":[{"count":10,"href":"https:\/\/www.santamonica.com\/pt\/wp-json\/wp\/v2\/pages\/345236\/revisions"}],"predecessor-version":[{"id":365188,"href":"https:\/\/www.santamonica.com\/pt\/wp-json\/wp\/v2\/pages\/345236\/revisions\/365188"}],"wp:featuredmedia":[{"embeddable":true,"href":"https:\/\/www.santamonica.com\/pt\/wp-json\/wp\/v2\/media\/336928"}],"wp:attachment":[{"href":"https:\/\/www.santamonica.com\/pt\/wp-json\/wp\/v2\/media?parent=345236"}],"wp:term":[{"taxonomy":"silos","embeddable":true,"href":"https:\/\/www.santamonica.com\/pt\/wp-json\/wp\/v2\/silos?post=345236"}],"curies":[{"name":"wp","href":"https:\/\/api.w.org\/{rel}","templated":true}]}}