{"id":345210,"date":"2022-07-14T14:13:00","date_gmt":"2022-07-14T21:13:00","guid":{"rendered":"https:\/\/www.santamonica.com\/?page_id=345210"},"modified":"2024-08-16T12:43:19","modified_gmt":"2024-08-16T19:43:19","slug":"seu-destino","status":"publish","type":"page","link":"https:\/\/www.santamonica.com\/pt\/i-am-santa-monica\/your-destination\/","title":{"rendered":"Eu sou seu destino"},"content":{"rendered":"<section class=\"sun-title sm-block --theme6 --2col sm-block\">\n            <h2 class=\"sun-title__headline\">O que \u00e9 \u201cI Am Your Destination\u201d e que benef\u00edcios ele oferece?<\/h2>    \n            <div class=\"sun-title__body  --2col wysiwyg\">\n                    <div class=\"column-1\">\n                <ul>\n<li style=\"font-weight: 400;\" aria-level=\"1\"><span style=\"font-weight: 400;\">Um programa de treinamento personaliz\u00e1vel e interativo desenvolvido para o setor de hotelaria e turismo.<\/span><\/li>\n<li style=\"font-weight: 400;\" aria-level=\"1\"><span style=\"font-weight: 400;\">Proporciona a familiariza\u00e7\u00e3o do destino com os pontos de mensagem de sua marca diretamente para os funcion\u00e1rios que atendem aos visitantes, incluindo as principais partes interessadas, funcion\u00e1rios da linha de frente do setor de hospitalidade e volunt\u00e1rios.<\/span><\/li>\n<li style=\"font-weight: 400;\" aria-level=\"1\"><span style=\"font-weight: 400;\">Posiciona ainda mais sua DMO como \u201ca\u201d fonte de informa\u00e7\u00f5es tur\u00edsticas sobre a marca do seu destino.<\/span><\/li>\n<li style=\"font-weight: 400;\" aria-level=\"1\"><span style=\"font-weight: 400;\">Envolve todos os n\u00edveis da comunidade, desde a equipe de seguran\u00e7a, l\u00edderes c\u00edvicos, educa\u00e7\u00e3o, empresas e organiza\u00e7\u00f5es sem fins lucrativos.<\/span><\/li>\n<li style=\"font-weight: 400;\" aria-level=\"1\"><span style=\"font-weight: 400;\">Cria \u201cdefensores do turismo\u201d que s\u00e3o capacitados com informa\u00e7\u00f5es sobre o destino.<\/span><\/li>\n<li style=\"font-weight: 400;\" aria-level=\"1\"><span style=\"font-weight: 400;\">Desenvolve sinergia e comunica\u00e7\u00e3o cont\u00ednuas com os graduados do programa.<\/span><\/li>\n<li>Formato comprovado e m\u00f3dulos de treinamento criados para DMOs por uma DMO, e est\u00e1 dispon\u00edvel somente em formato presencial, somente digital ou em formato combinado presencial\/digital.<\/li>\n<li>F\u00e1cil de adaptar a cada cidade ou munic\u00edpio, econ\u00f4mico e inclui consultoria e suporte de configura\u00e7\u00e3o.<\/li>\n<\/ul>\n                            <\/div>\n            <div class=\"column-2\">\n                <p><strong>Participantes recentes do \u201cI Am Your Destination\u201d (Eu sou seu destino)<\/strong><\/p>\n<p><span style=\"font-weight: 400;\">Cerca de 2.500 funcion\u00e1rios do setor de hospitalidade de Santa Monica s\u00e3o treinados na marca do destino. Junte-se a outros destinos \u201cI Am\u201d, incluindo:<\/span><\/p>\n<ul>\n<li style=\"font-weight: 400;\" aria-level=\"1\"><span style=\"font-weight: 400;\">CVB do condado de Macon-Bibb<\/span><\/li>\n<li style=\"font-weight: 400;\" aria-level=\"1\"><span style=\"font-weight: 400;\">Visite Oakland<\/span><\/li>\n<li style=\"font-weight: 400;\" aria-level=\"1\"><span style=\"font-weight: 400;\">Visite Newport Beach<\/span><\/li>\n<li style=\"font-weight: 400;\" aria-level=\"1\"><span style=\"font-weight: 400;\">Visite West Hollywood<\/span><\/li>\n<li aria-level=\"1\">CVB da Grande Ont\u00e1rio<\/li>\n<li style=\"font-weight: 400;\" aria-level=\"1\"><span style=\"font-weight: 400;\">Visite Santa B\u00e1rbara<\/span><\/li>\n<li aria-level=\"1\">Fargo-Moorhead CVB<\/li>\n<li style=\"font-weight: 400;\" aria-level=\"1\"><span style=\"font-weight: 400;\">Visite Tri-Valley<\/span><\/li>\n<\/ul>\n<p><!-- wp:paragraph --><\/p>\n<p><!-- \/wp:paragraph --><\/p>\n                            <\/div>\n            <\/div>\n    <\/section>\n\n\n\n<figure class=\"wp-block-image aligncenter size-large base-block\"><img decoding=\"async\" width=\"1024\" height=\"307\" src=\"https:\/\/www.santamonica.com\/wp-content\/uploads\/2022\/09\/I-Am-Your-Destination-Logo-Horizontal-1024x307.png\" alt=\"Logotipo I Am Your Destination (Eu sou seu destino).\" class=\"wp-image-361265\" title=\"\" srcset=\"https:\/\/www.santamonica.com\/wp-content\/uploads\/2022\/09\/I-Am-Your-Destination-Logo-Horizontal-1024x307.png 1024w, https:\/\/www.santamonica.com\/wp-content\/uploads\/2022\/09\/I-Am-Your-Destination-Logo-Horizontal-300x90.png 300w, https:\/\/www.santamonica.com\/wp-content\/uploads\/2022\/09\/I-Am-Your-Destination-Logo-Horizontal-270x81.png 270w, https:\/\/www.santamonica.com\/wp-content\/uploads\/2022\/09\/I-Am-Your-Destination-Logo-Horizontal-768x230.png 768w, https:\/\/www.santamonica.com\/wp-content\/uploads\/2022\/09\/I-Am-Your-Destination-Logo-Horizontal-1536x461.png 1536w, https:\/\/www.santamonica.com\/wp-content\/uploads\/2022\/09\/I-Am-Your-Destination-Logo-Horizontal.png 2000w\" sizes=\"(max-width: 1024px) 100vw, 1024px\" \/><\/figure>\n\n\n<\/figure>\n\n<section class=\"sun-title sm-block --theme6 --2col sm-block\">\n            <h2 class=\"sun-title__headline\">Ou\u00e7a os destinos usando \u201cEu sou o seu destino\u201d<\/h2>    \n            <div class=\"sun-title__body  --2col wysiwyg\">\n                    <div class=\"column-1\">\n                <p>\u201cSempre soubemos que nossas equipes locais de hospitalidade eram os melhores embaixadores do Tri-Valley. Gra\u00e7as ao programa I Am, pudemos treinar e entreter nossos h\u00f3spedes na linha de frente, fazendo com que eles se juntassem \u00e0 nossa miss\u00e3o de trazer de volta os visitantes para o Tri-Valley repetidas vezes.\u201d<\/p>\n<p><!-- \/wp:paragraph --> <!-- wp:paragraph --><\/p>\n<p>\u2013 <em>Robin Fahr, Diretor de Marketing e Comunica\u00e7\u00f5es, Visit Tri-Valley<\/em><\/p>\n<p><!-- \/wp:paragraph --> <!-- wp:paragraph --><\/p>\n<p>\u201cO programa I Am Santa Monica provou ser uma ferramenta valiosa para toda a minha equipe. Aqueles que vivem e trabalham nesta cidade h\u00e1 anos sa\u00edram do workshop tendo aprendido algo novo sobre esta grande cidade e como ajudar melhor nossos visitantes.\u201d<\/p>\n<p><!-- \/wp:paragraph --> <!-- wp:paragraph --><\/p>\n<p>\u2013 <em>Timothy Jackman, Chefe aposentado do Departamento de Pol\u00edcia de Santa M\u00f4nica<\/em><\/p>\n                            <\/div>\n            <div class=\"column-2\">\n                <p><!-- wp:paragraph --><\/p>\n<p class=\"p1\">\u201cO programa de embaixadores I Am West Hollywood ensina os propriet\u00e1rios de empresas de West Hollywood e seus funcion\u00e1rios sobre West Hollywood e tudo o que ela tem a oferecer. Desde seu lan\u00e7amento em setembro de 2014, o I Am West Hollywood treinou quase 200 embaixadores, dando-lhes ferramentas que podem usar para educar melhor os visitantes sobre West Hollywood e representar a cidade em seu trabalho e vida pessoal. Tenho muito orgulho de fazer parte desse programa incr\u00edvel e pr\u00f3spero.\u201d<\/p>\n<p class=\"p1\">\u2013 <i>Erin Hennessay, gerente de marketing, Visit West Hollywood<\/i><\/p>\n<p><!-- \/wp:paragraph --><\/p>\n                            <\/div>\n            <\/div>\n    <\/section>","protected":false},"excerpt":{"rendered":"","protected":false},"author":1421,"featured_media":336928,"parent":0,"menu_order":0,"comment_status":"closed","ping_status":"closed","template":"template-editorial.php","meta":{"_acf_changed":false,"inline_featured_image":false,"footnotes":""},"silos":[3922],"class_list":["post-345210","page","type-page","status-publish","has-post-thumbnail","hentry"],"acf":[],"_links":{"self":[{"href":"https:\/\/www.santamonica.com\/pt\/wp-json\/wp\/v2\/pages\/345210","targetHints":{"allow":["GET"]}}],"collection":[{"href":"https:\/\/www.santamonica.com\/pt\/wp-json\/wp\/v2\/pages"}],"about":[{"href":"https:\/\/www.santamonica.com\/pt\/wp-json\/wp\/v2\/types\/page"}],"author":[{"embeddable":true,"href":"https:\/\/www.santamonica.com\/pt\/wp-json\/wp\/v2\/users\/1421"}],"replies":[{"embeddable":true,"href":"https:\/\/www.santamonica.com\/pt\/wp-json\/wp\/v2\/comments?post=345210"}],"version-history":[{"count":97,"href":"https:\/\/www.santamonica.com\/pt\/wp-json\/wp\/v2\/pages\/345210\/revisions"}],"predecessor-version":[{"id":427945,"href":"https:\/\/www.santamonica.com\/pt\/wp-json\/wp\/v2\/pages\/345210\/revisions\/427945"}],"wp:featuredmedia":[{"embeddable":true,"href":"https:\/\/www.santamonica.com\/pt\/wp-json\/wp\/v2\/media\/336928"}],"wp:attachment":[{"href":"https:\/\/www.santamonica.com\/pt\/wp-json\/wp\/v2\/media?parent=345210"}],"wp:term":[{"taxonomy":"silos","embeddable":true,"href":"https:\/\/www.santamonica.com\/pt\/wp-json\/wp\/v2\/silos?post=345210"}],"curies":[{"name":"wp","href":"https:\/\/api.w.org\/{rel}","templated":true}]}}