{"id":345205,"date":"2022-07-14T13:56:11","date_gmt":"2022-07-14T20:56:11","guid":{"rendered":"https:\/\/www.santamonica.com\/?page_id=345205"},"modified":"2023-10-30T17:34:07","modified_gmt":"2023-10-31T00:34:07","slug":"registro","status":"publish","type":"page","link":"https:\/\/www.santamonica.com\/pt\/i-am-santa-monica\/enroll\/","title":{"rendered":"I Am Santa Monica - Inscri\u00e7\u00e3o"},"content":{"rendered":"<div class=\"wp-block-columns is-layout-flex wp-container-core-columns-is-layout-28f84493 wp-block-columns-is-layout-flex base-block\">\n<div class=\"wp-block-column is-layout-flow wp-block-column-is-layout-flow base-block\">\n<h4 class=\"wp-block-heading base-block\">Sobre I Am<\/h4>\n\n\n\n<p class=\"base-block\">Saiba mais sobre o <a href=\"https:\/\/www.santamonica.com\/pt\/eu-sou-santa-monica\/\">Workshop I Am Santa Monica<\/a>. Veja como o programa pode ajudar empresas e funcion\u00e1rios a aprender mais sobre a cidade em que trabalham e vivem.<\/p>\n<\/div>\n\n\n\n<div class=\"wp-block-column is-layout-flow wp-block-column-is-layout-flow base-block\">\n<h4 class=\"wp-block-heading base-block\">Pr\u00eamio de Turismo<\/h4>\n\n\n\n<p class=\"base-block\">Todos os anos, homenageamos funcion\u00e1rios espec\u00edficos, indicando-os para o pr\u00eamio <a href=\"https:\/\/www.santamonica.com\/pt\/premio-spirit\/\">Pr\u00eamio Thelma Parks de Esp\u00edrito Tur\u00edstico<\/a>.<\/p>\n<\/div>\n\n\n\n<div class=\"wp-block-column is-layout-flow wp-block-column-is-layout-flow base-block\">\n<h4 class=\"wp-block-heading base-block\">Depoimentos<\/h4>\n\n\n\n<p class=\"base-block\"><a href=\"https:\/\/www.santamonica.com\/pt\/eu-sou-santa-monica\/depoimentos\/\">Ou\u00e7a os embaixadores de informa\u00e7\u00f5es do I Am Santa Monica<\/a> enquanto compartilham suas experi\u00eancias e os benef\u00edcios do programa I Am.<\/p>\n<\/div>\n\n\n\n<div class=\"wp-block-column is-layout-flow wp-block-column-is-layout-flow base-block\">\n<h4 class=\"wp-block-heading base-block\">Expandir o que sou<\/h4>\n\n\n\n<p class=\"base-block\"><a href=\"https:\/\/www.santamonica.com\/pt\/eu-sou-santa-monica\/seu-destino\/\">Crie seu pr\u00f3prio \u201cEu sou\u201d <\/a>projetado para educar e informar as empresas e os funcion\u00e1rios que vivem e trabalham em seu destino.<\/p>\n<\/div>\n<\/div>\n\n\n\n<figure class=\"wp-block-image aligncenter size-large is-resized base-block\"><img decoding=\"async\" src=\"https:\/\/www.santamonica.com\/wp-content\/uploads\/2023\/10\/I-Am-SM-Logo-Horiz_BLACK-1024x406.png\" alt=\"\" class=\"wp-image-394504\" width=\"414\" height=\"164\" title=\"\" srcset=\"https:\/\/www.santamonica.com\/wp-content\/uploads\/2023\/10\/I-Am-SM-Logo-Horiz_BLACK-1024x406.png 1024w, https:\/\/www.santamonica.com\/wp-content\/uploads\/2023\/10\/I-Am-SM-Logo-Horiz_BLACK-300x119.png 300w, https:\/\/www.santamonica.com\/wp-content\/uploads\/2023\/10\/I-Am-SM-Logo-Horiz_BLACK-270x107.png 270w, https:\/\/www.santamonica.com\/wp-content\/uploads\/2023\/10\/I-Am-SM-Logo-Horiz_BLACK-768x304.png 768w, https:\/\/www.santamonica.com\/wp-content\/uploads\/2023\/10\/I-Am-SM-Logo-Horiz_BLACK-1536x609.png 1536w, https:\/\/www.santamonica.com\/wp-content\/uploads\/2023\/10\/I-Am-SM-Logo-Horiz_BLACK-2048x812.png 2048w\" sizes=\"(max-width: 414px) 100vw, 414px\" \/><\/figure>\n\n\n<\/figure>","protected":false},"excerpt":{"rendered":"<p>About I Am Learn more about the I Am Santa Monica Workshop. See how the program can help businesses &amp; employees learn more about the city they work &amp; live [&hellip;]<\/p>\n","protected":false},"author":1421,"featured_media":349572,"parent":0,"menu_order":0,"comment_status":"closed","ping_status":"closed","template":"template-editorial.php","meta":{"_acf_changed":false,"inline_featured_image":false,"footnotes":""},"silos":[3922],"class_list":["post-345205","page","type-page","status-publish","has-post-thumbnail","hentry"],"acf":[],"_links":{"self":[{"href":"https:\/\/www.santamonica.com\/pt\/wp-json\/wp\/v2\/pages\/345205","targetHints":{"allow":["GET"]}}],"collection":[{"href":"https:\/\/www.santamonica.com\/pt\/wp-json\/wp\/v2\/pages"}],"about":[{"href":"https:\/\/www.santamonica.com\/pt\/wp-json\/wp\/v2\/types\/page"}],"author":[{"embeddable":true,"href":"https:\/\/www.santamonica.com\/pt\/wp-json\/wp\/v2\/users\/1421"}],"replies":[{"embeddable":true,"href":"https:\/\/www.santamonica.com\/pt\/wp-json\/wp\/v2\/comments?post=345205"}],"version-history":[{"count":20,"href":"https:\/\/www.santamonica.com\/pt\/wp-json\/wp\/v2\/pages\/345205\/revisions"}],"predecessor-version":[{"id":394523,"href":"https:\/\/www.santamonica.com\/pt\/wp-json\/wp\/v2\/pages\/345205\/revisions\/394523"}],"wp:featuredmedia":[{"embeddable":true,"href":"https:\/\/www.santamonica.com\/pt\/wp-json\/wp\/v2\/media\/349572"}],"wp:attachment":[{"href":"https:\/\/www.santamonica.com\/pt\/wp-json\/wp\/v2\/media?parent=345205"}],"wp:term":[{"taxonomy":"silos","embeddable":true,"href":"https:\/\/www.santamonica.com\/pt\/wp-json\/wp\/v2\/silos?post=345205"}],"curies":[{"name":"wp","href":"https:\/\/api.w.org\/{rel}","templated":true}]}}