{"id":345148,"date":"2022-07-13T17:14:38","date_gmt":"2022-07-14T00:14:38","guid":{"rendered":"https:\/\/www.santamonica.com\/?page_id=345148"},"modified":"2025-12-09T08:27:35","modified_gmt":"2025-12-09T16:27:35","slug":"eu-sou-santa-monica","status":"publish","type":"page","link":"https:\/\/www.santamonica.com\/pt\/i-am-santa-monica\/","title":{"rendered":"Eu sou Santa M\u00f4nica"},"content":{"rendered":"<section class=\"two-images container-max sm-block  sm-block\">\n    <div class=\"two-images__container\">\n\n        <div class=\"two-images__column\">\n            <div class=\"two-images__content\">\n                <div class=\"two-images__content-header-container\">\n                                            <h2 class=\"two-images__content-header\">Capacite-se<\/h2>                                    <\/div>\n                                    <div class=\"two-images__content-body wysiwyg\">\n                        <p><span style=\"font-weight: 400;\">Lidere sua equipe participando de um workshop gratuito e de um tour por Santa Monica e tornando-se um Embaixador de Informa\u00e7\u00f5es. \u00c9 importante lembrar que quanto mais prestativos formos com os visitantes durante sua estadia, mais felizes eles ficar\u00e3o enquanto estiverem aqui. Clientes felizes gastam mais dinheiro!<\/span><\/p>\n<p><span style=\"font-weight: 400;\">Veja por que voc\u00ea deve <\/span><a href=\"https:\/\/santamonicatraveltourism.formstack.com\/forms\/i_am_santa_monica\" target=\"_blank\" rel=\"noopener\"><span style=\"font-weight: 400;\"><strong>Registre-se agora<\/strong>!<\/span><\/a><\/p>\n<ul>\n<li>Workshop gratuito e passeio de \u00f4nibus<\/li>\n<li>Informe-se mais sobre Santa Monica<\/li>\n<li>Aprenda fatos divertidos e recursos valiosos para compartilhar com clientes e consumidores<\/li>\n<li>Conecte-se com a comunidade em que voc\u00ea trabalha<\/li>\n<li>Receba um certificado de conclus\u00e3o do curso e inclua-o em seu curr\u00edculo<\/li>\n<li>Saiba mais sobre sustentabilidade, op\u00e7\u00f5es de transporte local, recursos dispon\u00edveis para os sem-teto e muito mais<\/li>\n<li>Saiba mais sobre oportunidades de voluntariado em Santa Monica<\/li>\n<\/ul>\n                    <\/div>\n                                            <\/div>\n        <\/div>\n\n        <div class=\"two-images__column\">\n                            <div class=\"two-images__image-container\">\n                    <img decoding=\"async\" width=\"424\" height=\"504\" src=\"https:\/\/www.santamonica.com\/wp-content\/uploads\/2022\/07\/Carlos-Bakery-Employee424x504-e1658448873692.png\" class=\"two-images__image\" alt=\"Funcion\u00e1rio da Carlos Bakery\" loading=\"lazy\" srcset=\"https:\/\/www.santamonica.com\/wp-content\/uploads\/2022\/07\/Carlos-Bakery-Employee424x504-e1658448873692.png 424w, https:\/\/www.santamonica.com\/wp-content\/uploads\/2022\/07\/Carlos-Bakery-Employee424x504-e1658448873692-252x300.png 252w, https:\/\/www.santamonica.com\/wp-content\/uploads\/2022\/07\/Carlos-Bakery-Employee424x504-e1658448873692-126x150.png 126w\" sizes=\"auto, (max-width: 424px) 100vw, 424px\" title=\"\">                    \n\n                <\/div>\n                    <\/div>\n\n        <div class=\"two-images__column\">\n                            <div class=\"two-images__image-container\">\n                    <img decoding=\"async\" width=\"424\" height=\"504\" src=\"https:\/\/www.santamonica.com\/wp-content\/uploads\/2022\/07\/Hot-Dog-on-a-Stick-Employee-424x504-1-e1658449364260.png\" class=\"two-images__image\" alt=\"Funcion\u00e1rio do Hot Dog on a Stick\" loading=\"lazy\" srcset=\"https:\/\/www.santamonica.com\/wp-content\/uploads\/2022\/07\/Hot-Dog-on-a-Stick-Employee-424x504-1-e1658449364260.png 424w, https:\/\/www.santamonica.com\/wp-content\/uploads\/2022\/07\/Hot-Dog-on-a-Stick-Employee-424x504-1-e1658449364260-252x300.png 252w, https:\/\/www.santamonica.com\/wp-content\/uploads\/2022\/07\/Hot-Dog-on-a-Stick-Employee-424x504-1-e1658449364260-126x150.png 126w\" sizes=\"auto, (max-width: 424px) 100vw, 424px\" title=\"\">                    \n\n                <\/div>\n                    <\/div>\n\n    <\/div>\n<\/section>\n\n\n\n<section class=\"two-images container-max sm-block --flip sm-block\">\n    <div class=\"two-images__container --flip\">\n\n        <div class=\"two-images__column\">\n            <div class=\"two-images__content\">\n                <div class=\"two-images__content-header-container\">\n                                            <h2 class=\"two-images__content-header\">Capacitar os funcion\u00e1rios<\/h2>                                    <\/div>\n                                    <div class=\"two-images__content-body wysiwyg\">\n                        <p><span style=\"font-weight: 400;\">Um curso gratuito de 2 horas <\/span>O workshop interativo e o tour por Santa Monica ensinam e educam os funcion\u00e1rios sobre Santa Monica, com \u00eanfase no atendimento ao cliente e na hospitalidade. As pessoas treinadas tornam-se \u201cEmbaixadores de Informa\u00e7\u00f5es Oficiais\u201d e s\u00e3o equipadas com fatos, n\u00fameros e hist\u00f3rias divertidas sobre Santa Monica para utilizar nas intera\u00e7\u00f5es com os clientes.<\/p>\n<p><span style=\"font-weight: 400;\">Veja por que voc\u00ea deve <\/span><a href=\"https:\/\/santamonicatraveltourism.formstack.com\/forms\/i_am_santa_monica\" target=\"_blank\" rel=\"noopener\"><span style=\"font-weight: 400;\"><strong>Registre-se agora<\/strong>!<\/span><\/a><\/p>\n<ul>\n<li>Workshop gratuito e passeio de \u00f4nibus<\/li>\n<li>Informar-se mais sobre Santa Monica para atender melhor nossos clientes e a comunidade<\/li>\n<li>Aprenda fatos divertidos e recursos valiosos para compartilhar com clientes e consumidores<\/li>\n<li>Conecte-se com a comunidade em que voc\u00ea trabalha<\/li>\n<li>Saiba mais sobre sustentabilidade, op\u00e7\u00f5es de transporte local, recursos dispon\u00edveis para os sem-teto e muito mais<\/li>\n<li>Saiba mais sobre oportunidades de voluntariado em Santa Monica<\/li>\n<\/ul>\n                    <\/div>\n                                            <\/div>\n        <\/div>\n\n        <div class=\"two-images__column\">\n                            <div class=\"two-images__image-container\">\n                    <img decoding=\"async\" width=\"424\" height=\"504\" src=\"https:\/\/www.santamonica.com\/wp-content\/uploads\/2022\/07\/Cheese-Shop-Employee-424x504-1-e1658449346603.png\" class=\"two-images__image\" alt=\"Funcion\u00e1rio da Cheese Shop\" loading=\"lazy\" srcset=\"https:\/\/www.santamonica.com\/wp-content\/uploads\/2022\/07\/Cheese-Shop-Employee-424x504-1-e1658449346603.png 424w, https:\/\/www.santamonica.com\/wp-content\/uploads\/2022\/07\/Cheese-Shop-Employee-424x504-1-e1658449346603-252x300.png 252w, https:\/\/www.santamonica.com\/wp-content\/uploads\/2022\/07\/Cheese-Shop-Employee-424x504-1-e1658449346603-126x150.png 126w\" sizes=\"auto, (max-width: 424px) 100vw, 424px\" title=\"\">                    \n\n                <\/div>\n                    <\/div>\n\n        <div class=\"two-images__column\">\n                            <div class=\"two-images__image-container\">\n                    <img decoding=\"async\" width=\"424\" height=\"504\" src=\"https:\/\/www.santamonica.com\/wp-content\/uploads\/2022\/07\/Coffee-Shop-Employee-424x504-1-e1658449324216.png\" class=\"two-images__image\" alt=\"Funcion\u00e1rio da cafeteria\" loading=\"lazy\" srcset=\"https:\/\/www.santamonica.com\/wp-content\/uploads\/2022\/07\/Coffee-Shop-Employee-424x504-1-e1658449324216.png 424w, https:\/\/www.santamonica.com\/wp-content\/uploads\/2022\/07\/Coffee-Shop-Employee-424x504-1-e1658449324216-252x300.png 252w, https:\/\/www.santamonica.com\/wp-content\/uploads\/2022\/07\/Coffee-Shop-Employee-424x504-1-e1658449324216-126x150.png 126w\" sizes=\"auto, (max-width: 424px) 100vw, 424px\" title=\"\">                    \n\n                <\/div>\n                    <\/div>\n\n    <\/div>\n<\/section>\n\n\n\n<div class=\"wp-block-columns is-layout-flex wp-container-core-columns-is-layout-28f84493 wp-block-columns-is-layout-flex base-block\">\n<div class=\"wp-block-column is-layout-flow wp-block-column-is-layout-flow base-block\">\n<h5 class=\"wp-block-heading base-block\">Inscrever-se<\/h5>\n\n\n\n<p class=\"base-block\"><a href=\"https:\/\/santamonicatraveltourism.formstack.com\/forms\/i_am_santa_monica\" target=\"_blank\" rel=\"noreferrer noopener\">Inscreva-se ou inscreva sua equipe<\/a> agora no workshop gratuito I Am Santa Monica, organizado pela SMTT.<\/p>\n<\/div>\n\n\n\n<div class=\"wp-block-column is-layout-flow wp-block-column-is-layout-flow base-block\">\n<h5 class=\"wp-block-heading base-block\">Solicita\u00e7\u00e3o de reuni\u00e3o<\/h5>\n\n\n\n<p class=\"base-block\"><a href=\"https:\/\/www.santamonica.com\/pt\/eu-sou-santa-monica\/solicitar-reuniao\/\">Organize um workshop do I Am Santa Monica<\/a> em sua empresa. Sess\u00f5es de treinamento fora do local est\u00e3o dispon\u00edveis para grupos com um m\u00ednimo de 20 pessoas.<\/p>\n<\/div>\n\n\n\n<div class=\"wp-block-column is-layout-flow wp-block-column-is-layout-flow base-block\">\n<h5 class=\"wp-block-heading base-block\">Pr\u00eamio de Turismo<\/h5>\n\n\n\n<p class=\"base-block\">Todos os anos, homenageamos funcion\u00e1rios espec\u00edficos, indicando-os para o pr\u00eamio <a href=\"https:\/\/www.santamonica.com\/pt\/premio-spirit\/\">Pr\u00eamio Thelma Parks de Esp\u00edrito Tur\u00edstico<\/a>.<\/p>\n<\/div>\n\n\n\n<div class=\"wp-block-column is-layout-flow wp-block-column-is-layout-flow base-block\">\n<h5 class=\"wp-block-heading base-block\">Depoimentos<\/h5>\n\n\n\n<p class=\"base-block\"><a href=\"https:\/\/www.santamonica.com\/pt\/eu-sou-santa-monica\/depoimentos\/\">Ou\u00e7a os embaixadores de informa\u00e7\u00f5es do I Am Santa Monica<\/a> enquanto compartilham suas experi\u00eancias e os benef\u00edcios do programa I Am...<\/p>\n<\/div>\n\n\n\n<div class=\"wp-block-column is-layout-flow wp-block-column-is-layout-flow base-block\">\n<h5 class=\"wp-block-heading base-block\">Expandir o que sou<\/h5>\n\n\n\n<p class=\"base-block\"><a href=\"https:\/\/www.santamonica.com\/pt\/eu-sou-santa-monica\/seu-destino\/\">Crie seu pr\u00f3prio \u201cEu sou\u201d <\/a>projetado para educar e informar as empresas e os funcion\u00e1rios que vivem e trabalham em seu destino.<\/p>\n<\/div>\n<\/div>\n\n\n\n<figure class=\"wp-block-image aligncenter size-large is-resized base-block\"><img decoding=\"async\" width=\"1024\" height=\"406\" src=\"https:\/\/www.santamonica.com\/wp-content\/uploads\/2023\/10\/I-Am-SM-Logo-Horiz_BLACK-1024x406.png\" alt=\"\" class=\"wp-image-394504\" style=\"width:371px;height:148px\" title=\"\" srcset=\"https:\/\/www.santamonica.com\/wp-content\/uploads\/2023\/10\/I-Am-SM-Logo-Horiz_BLACK-1024x406.png 1024w, https:\/\/www.santamonica.com\/wp-content\/uploads\/2023\/10\/I-Am-SM-Logo-Horiz_BLACK-300x119.png 300w, https:\/\/www.santamonica.com\/wp-content\/uploads\/2023\/10\/I-Am-SM-Logo-Horiz_BLACK-270x107.png 270w, https:\/\/www.santamonica.com\/wp-content\/uploads\/2023\/10\/I-Am-SM-Logo-Horiz_BLACK-768x304.png 768w, https:\/\/www.santamonica.com\/wp-content\/uploads\/2023\/10\/I-Am-SM-Logo-Horiz_BLACK-1536x609.png 1536w, https:\/\/www.santamonica.com\/wp-content\/uploads\/2023\/10\/I-Am-SM-Logo-Horiz_BLACK-2048x812.png 2048w\" sizes=\"(max-width: 1024px) 100vw, 1024px\" \/><\/figure>\n\n\n<\/figure>","protected":false},"excerpt":{"rendered":"<p>Enroll Enroll yourself or your team now in the free I Am Santa Monica workshop, hosted by SMTT. Request Meeting Host an I Am Santa Monica workshop at your business. Offsite training sessions are available for groups with a minimum of 20 people. Tourism Award Every year, we honor specific employees by nominating them for the Thelma Parks Tourism Spirit Award. Testimonials Hear from I Am Santa Monica Information Ambassadors as they share their experiences and the benefits of the I Am program.. Expand I Am Create your own \u201cI Am\u201d program, designed to educate and inform businesses and employees [\u2026]<\/p>\n","protected":false},"author":1421,"featured_media":349569,"parent":0,"menu_order":0,"comment_status":"closed","ping_status":"closed","template":"template-editorial.php","meta":{"_acf_changed":false,"inline_featured_image":false,"footnotes":""},"silos":[],"class_list":["post-345148","page","type-page","status-publish","has-post-thumbnail","hentry"],"acf":[],"_links":{"self":[{"href":"https:\/\/www.santamonica.com\/pt\/wp-json\/wp\/v2\/pages\/345148","targetHints":{"allow":["GET"]}}],"collection":[{"href":"https:\/\/www.santamonica.com\/pt\/wp-json\/wp\/v2\/pages"}],"about":[{"href":"https:\/\/www.santamonica.com\/pt\/wp-json\/wp\/v2\/types\/page"}],"author":[{"embeddable":true,"href":"https:\/\/www.santamonica.com\/pt\/wp-json\/wp\/v2\/users\/1421"}],"replies":[{"embeddable":true,"href":"https:\/\/www.santamonica.com\/pt\/wp-json\/wp\/v2\/comments?post=345148"}],"version-history":[{"count":66,"href":"https:\/\/www.santamonica.com\/pt\/wp-json\/wp\/v2\/pages\/345148\/revisions"}],"predecessor-version":[{"id":778659,"href":"https:\/\/www.santamonica.com\/pt\/wp-json\/wp\/v2\/pages\/345148\/revisions\/778659"}],"wp:featuredmedia":[{"embeddable":true,"href":"https:\/\/www.santamonica.com\/pt\/wp-json\/wp\/v2\/media\/349569"}],"wp:attachment":[{"href":"https:\/\/www.santamonica.com\/pt\/wp-json\/wp\/v2\/media?parent=345148"}],"wp:term":[{"taxonomy":"silos","embeddable":true,"href":"https:\/\/www.santamonica.com\/pt\/wp-json\/wp\/v2\/silos?post=345148"}],"curies":[{"name":"wp","href":"https:\/\/api.w.org\/{rel}","templated":true}]}}