{"id":344449,"date":"2022-07-15T10:10:00","date_gmt":"2022-07-15T17:10:00","guid":{"rendered":"https:\/\/www.santamonica.com\/?page_id=344449"},"modified":"2024-03-25T20:58:46","modified_gmt":"2024-03-26T03:58:46","slug":"comercio-de-viagens","status":"publish","type":"page","link":"https:\/\/www.santamonica.com\/pt\/travel-trade\/","title":{"rendered":"Com\u00e9rcio de viagens"},"content":{"rendered":"<section class=\"links-grid --theme3 sm-block\">\n    <div class=\"links-grid__wrapper\">\n                                                    <a href=\"https:\/\/www.santamonica.com\/pt\/travel-trade\/why-santa-monica\/\" class=\"links-grid__card-link\" aria-label=\"Por que Santa M\u00f4nica\" >\n                    <div class=\"links-grid__card\">\n                                                    <div class=\"links-grid__card-image-wrapper\">\n                                <img decoding=\"async\" width=\"366\" height=\"330\" src=\"https:\/\/www.santamonica.com\/wp-content\/uploads\/2022\/07\/WhySantaMonica366x330.jpg\" class=\"links-grid__card-image\" alt=\"Imagem dividida ao meio com o P\u00eder de Santa M\u00f4nica de madeira e ondas na praia\" loading=\"lazy\" srcset=\"https:\/\/www.santamonica.com\/wp-content\/uploads\/2022\/07\/WhySantaMonica366x330.jpg 366w, https:\/\/www.santamonica.com\/wp-content\/uploads\/2022\/07\/WhySantaMonica366x330-300x270.jpg 300w, https:\/\/www.santamonica.com\/wp-content\/uploads\/2022\/07\/WhySantaMonica366x330-166x150.jpg 166w\" sizes=\"auto, (max-width: 366px) 100vw, 366px\" title=\"\">                            <\/div>\n                                                <div class=\"links-grid__card-text\">\n                                                            <div class=\"links-grid__card-title\">Por que Santa M\u00f4nica<\/div>\n                                                                                        <div class=\"links-grid__card-description\">Veja por que Santa Monica \u00e9 o lugar mais badalado para sua pr\u00f3xima reuni\u00e3o. Desfrute de ondas relaxantes e experi\u00eancias \u00fanicas ao se reunir em Santa Monica para sua pr\u00f3xima reuni\u00e3o externa!<\/div>\n                                                    <\/div>\n                    <\/div>\n                <\/a>\n                                            <a href=\"https:\/\/www.santamonica.com\/pt\/experience-santa-monica\/essentials\/\" class=\"links-grid__card-link\" aria-label=\"O essencial\" >\n                    <div class=\"links-grid__card\">\n                                                    <div class=\"links-grid__card-image-wrapper\">\n                                <img decoding=\"async\" width=\"366\" height=\"330\" src=\"https:\/\/www.santamonica.com\/wp-content\/uploads\/2022\/07\/Essential366x330.jpg\" class=\"links-grid__card-image\" alt=\"Foto a\u00e9rea do P\u00eder de Santa M\u00f4nica; oceano azul e verde ao redor\" loading=\"lazy\" srcset=\"https:\/\/www.santamonica.com\/wp-content\/uploads\/2022\/07\/Essential366x330.jpg 366w, https:\/\/www.santamonica.com\/wp-content\/uploads\/2022\/07\/Essential366x330-300x270.jpg 300w, https:\/\/www.santamonica.com\/wp-content\/uploads\/2022\/07\/Essential366x330-166x150.jpg 166w\" sizes=\"auto, (max-width: 366px) 100vw, 366px\" title=\"\">                            <\/div>\n                                                <div class=\"links-grid__card-text\">\n                                                            <div class=\"links-grid__card-title\">O essencial<\/div>\n                                                                                        <div class=\"links-grid__card-description\">Santa Monica facilita a viagem, e \u00e9 por isso que mais de 7 milh\u00f5es de pessoas a visitam todos os anos. Veja como \u00e9 f\u00e1cil planejar sua viagem para Santa Monica e descubra o que torna esse destino de cidade praiana inesquec\u00edvel.<\/div>\n                                                    <\/div>\n                    <\/div>\n                <\/a>\n                                            <a href=\"https:\/\/www.santamonica.com\/pt\/travel-trade\/group-tours\/\" class=\"links-grid__card-link\" aria-label=\"Passeios em grupo\" >\n                    <div class=\"links-grid__card\">\n                                                    <div class=\"links-grid__card-image-wrapper\">\n                                <img decoding=\"async\" width=\"366\" height=\"330\" src=\"https:\/\/www.santamonica.com\/wp-content\/uploads\/2022\/07\/GroupTour366x330.jpg\" class=\"links-grid__card-image\" alt=\"Grupo ouvindo uma mulher fazendo um tour; parede de tijolos com escrita dilapidada ao fundo\" loading=\"lazy\" srcset=\"https:\/\/www.santamonica.com\/wp-content\/uploads\/2022\/07\/GroupTour366x330.jpg 366w, https:\/\/www.santamonica.com\/wp-content\/uploads\/2022\/07\/GroupTour366x330-300x270.jpg 300w, https:\/\/www.santamonica.com\/wp-content\/uploads\/2022\/07\/GroupTour366x330-166x150.jpg 166w\" sizes=\"auto, (max-width: 366px) 100vw, 366px\" title=\"\">                            <\/div>\n                                                <div class=\"links-grid__card-text\">\n                                                            <div class=\"links-grid__card-title\">Passeios em grupo<\/div>\n                                                                                        <div class=\"links-grid__card-description\">Descubra hoje passeios para grupos de todos os tamanhos e habilidades em Santa Monica e saiba como navegar pela cidade com facilidade. Encontre uma lista atualizada de zonas de embarque e desembarque, locais de estacionamento, op\u00e7\u00f5es de restaurantes e muito mais ao clicar aqui.<\/div>\n                                                    <\/div>\n                    <\/div>\n                <\/a>\n                                            <a href=\"https:\/\/www.santamonica.com\/pt\/hotels\/\" class=\"links-grid__card-link\" aria-label=\"Encontre seu hotel perfeito\" >\n                    <div class=\"links-grid__card\">\n                                                    <div class=\"links-grid__card-image-wrapper\">\n                                <img decoding=\"async\" width=\"366\" height=\"330\" src=\"https:\/\/www.santamonica.com\/wp-content\/uploads\/2022\/07\/Hotel366x330.jpg\" class=\"links-grid__card-image\" alt=\"Dois hot\u00e9is lado a lado na praia com palmeiras\" loading=\"lazy\" srcset=\"https:\/\/www.santamonica.com\/wp-content\/uploads\/2022\/07\/Hotel366x330.jpg 366w, https:\/\/www.santamonica.com\/wp-content\/uploads\/2022\/07\/Hotel366x330-300x270.jpg 300w, https:\/\/www.santamonica.com\/wp-content\/uploads\/2022\/07\/Hotel366x330-166x150.jpg 166w\" sizes=\"auto, (max-width: 366px) 100vw, 366px\" title=\"\">                            <\/div>\n                                                <div class=\"links-grid__card-text\">\n                                                            <div class=\"links-grid__card-title\">Encontre seu hotel perfeito<\/div>\n                                                                                        <div class=\"links-grid__card-description\">Curta ou longa; sozinho ou em grupo; luxuosa ou econ\u00f4mica - Santa Monica tem acomoda\u00e7\u00f5es que atendem a qualquer prefer\u00eancia. Encontre a op\u00e7\u00e3o perfeita e sinta-se em casa ao reservar uma estadia em Santa Monica.<\/div>\n                                                    <\/div>\n                    <\/div>\n                <\/a>\n                        <\/div>\n<\/section>\n\n\n\n<section class=\"sun-title sm-block --theme6 sm-block\">\n            <h2 class=\"sun-title__headline\">Kit de ferramentas de planejamento<\/h2>    \n            <div class=\"sun-title__body  wysiwyg\">\n                    <p>Economize tempo e energia ao usar o <a href=\"https:\/\/www.santamonica.com\/pt\/comercio-de-viagens\/kit-de-ferramentas-de-planejamento\/\">Kit de ferramentas de planejamento<\/a>. Torne-se um especialista em Santa Monica, inspire-se lendo itiner\u00e1rios e solicite materiais e bens de Santa Monica.<\/p>\n                        <\/div>\n    <\/section>\n\n\n<section class=\"meetings-contact-us sm-block\">\n    <div class=\"meetings-contact-us__inner\">\n        <div class=\"meetings-contact-us__image-wrap\">\n            <img decoding=\"async\" width=\"1024\" height=\"304\" src=\"https:\/\/www.santamonica.com\/wp-content\/uploads\/2022\/07\/Help1280x380-1024x304.jpg\" class=\"attachment-large size-large\" alt=\"Imagem do pr\u00e9dio do centro de visitantes; pr\u00e9dio cinza com placa de informa\u00e7\u00f5es acima\" srcset=\"https:\/\/www.santamonica.com\/wp-content\/uploads\/2022\/07\/Help1280x380-1024x304.jpg 1024w, https:\/\/www.santamonica.com\/wp-content\/uploads\/2022\/07\/Help1280x380-300x89.jpg 300w, https:\/\/www.santamonica.com\/wp-content\/uploads\/2022\/07\/Help1280x380-270x80.jpg 270w, https:\/\/www.santamonica.com\/wp-content\/uploads\/2022\/07\/Help1280x380-768x228.jpg 768w, https:\/\/www.santamonica.com\/wp-content\/uploads\/2022\/07\/Help1280x380.jpg 1280w\" sizes=\"(max-width: 1024px) 100vw, 1024px\" title=\"\">        <\/div>\n        <div class=\"meetings-contact-us__body\">\n            <h1 class=\"meetings-contact-us__heading\">\n                Tem d\u00favidas?            <\/h1>\n            <p class=\"meetings-contact-us__intro\">\n                Entre em contato com a equipe de especialistas da Santa Monica Travel &amp; Tourism hoje mesmo!            <\/p>\n            <div class=\"meetings-contact-us__phone-numbers wysiwyg\">\n                                                            <\/div>\n            <div class=\"meetings-contact-us__ctas\">\n                                            <a class=\"meetings-contact-us__primary-cta\" href=\"https:\/\/www.santamonica.com\/pt\/comercio-de-viagens\/contato-com-vendas\/\">Entre em contato conosco<\/a>\n                                                    <\/div>\n        <\/div>\n    <\/div>\n\n<\/section>\n\n\n<section class=\"blog-feed --theme8 sm-block\">\n    <div class=\"blog-feed__content\">\n        <div class=\"blog-feed__intro\">\n                            <div class=\"blog-feed__eyebrow eyebrow\">Blogs<\/div>                                        <h2 class=\"blog-feed__headline\">Descubra Santa M\u00f4nica<\/h2>                                        <div class=\"blog-feed__body\"><p>Explore itiner\u00e1rios, dicas locais, pontos de interesse e aventuras selecionadas para garantir que voc\u00ea aproveite ao m\u00e1ximo sua experi\u00eancia em Santa Monica.<\/p>\n<\/div>\n                                        <a class=\"blog-feed__cta\" href=\"https:\/\/www.santamonica.com\/pt\/postagens-de-blog\/\">Ver todos os blogs<\/a>\n                    <\/div>\n\n        <ul class=\"blog-feed__list\">\n                                                <li class=\"blog-feed__item\">\n                        <a href=\"https:\/\/www.santamonica.com\/pt\/mother-road-modern-meetings-route-66-meeting-spaces-set-to-shine-for-centennial-in-santa-monica\/\" class=\"blog-feed__item-link\">\n                            <div class=\"blog-feed__image-ratio\">\n                                <img decoding=\"async\" class=\"blog-feed__image\" src=\"https:\/\/www.santamonica.com\/wp-content\/uploads\/2025\/12\/untitledJuly20162C2020180010-182-2-400x400.jpg\" alt=\"ESTRADA M\u00c3E, REUNI\u00d5ES MODERNAS: ESPA\u00c7OS PARA REUNI\u00d5ES DA ROTA 66 PREPARADOS PARA BRILHAR NO CENTEN\u00c1RIO EM SANTA M\u00d4NICA\" title=\"\">\n                            <\/div>\n                            <div class=\"blog-feed__card-title\">ESTRADA M\u00c3E, REUNI\u00d5ES MODERNAS: ESPA\u00c7OS PARA REUNI\u00d5ES DA ROTA 66 PREPARADOS PARA BRILHAR NO CENTEN\u00c1RIO EM SANTA M\u00d4NICA<\/div>\n                        <\/a>\n                    <\/li>\n                                                                <li class=\"blog-feed__item\">\n                        <a href=\"https:\/\/www.santamonica.com\/pt\/media\/news-release\/santa-monica-announces-song-contest-in-celebration-of-route-66-centennial\/\" class=\"blog-feed__item-link\">\n                            <div class=\"blog-feed__image-ratio\">\n                                <img decoding=\"async\" class=\"blog-feed__image\" src=\"https:\/\/www.santamonica.com\/wp-content\/uploads\/2025\/11\/DSC01084-400x400.jpg\" alt=\"SANTA MONICA ANUNCIA CONCURSO DE M\u00daSICA EM COMEMORA\u00c7\u00c3O AO CENTEN\u00c1RIO DA ROTA 66\" title=\"\">\n                            <\/div>\n                            <div class=\"blog-feed__card-title\">SANTA MONICA ANUNCIA CONCURSO DE M\u00daSICA EM COMEMORA\u00c7\u00c3O AO CENTEN\u00c1RIO DA ROTA 66<\/div>\n                        <\/a>\n                    <\/li>\n                                                                <li class=\"blog-feed__item\">\n                        <a href=\"https:\/\/www.santamonica.com\/pt\/media\/news-release\/where-to-watch-the-world-series-in-santa-monica\/\" class=\"blog-feed__item-link\">\n                            <div class=\"blog-feed__image-ratio\">\n                                <img decoding=\"async\" class=\"blog-feed__image\" src=\"https:\/\/www.santamonica.com\/wp-content\/uploads\/2025\/10\/dodgers-logo-1-400x400.jpg\" alt=\"ONDE ASSISTIR \u00c0 S\u00c9RIE MUNDIAL EM SANTA MONICA\" title=\"\">\n                            <\/div>\n                            <div class=\"blog-feed__card-title\">ONDE ASSISTIR \u00c0 S\u00c9RIE MUNDIAL EM SANTA MONICA<\/div>\n                        <\/a>\n                    <\/li>\n                                    <\/ul>\n    <\/div>\n<\/section>","protected":false},"excerpt":{"rendered":"","protected":false},"author":1421,"featured_media":348933,"parent":0,"menu_order":0,"comment_status":"closed","ping_status":"closed","template":"template-editorial.php","meta":{"_acf_changed":false,"inline_featured_image":false,"footnotes":""},"silos":[],"class_list":["post-344449","page","type-page","status-publish","has-post-thumbnail","hentry"],"acf":[],"_links":{"self":[{"href":"https:\/\/www.santamonica.com\/pt\/wp-json\/wp\/v2\/pages\/344449","targetHints":{"allow":["GET"]}}],"collection":[{"href":"https:\/\/www.santamonica.com\/pt\/wp-json\/wp\/v2\/pages"}],"about":[{"href":"https:\/\/www.santamonica.com\/pt\/wp-json\/wp\/v2\/types\/page"}],"author":[{"embeddable":true,"href":"https:\/\/www.santamonica.com\/pt\/wp-json\/wp\/v2\/users\/1421"}],"replies":[{"embeddable":true,"href":"https:\/\/www.santamonica.com\/pt\/wp-json\/wp\/v2\/comments?post=344449"}],"version-history":[{"count":160,"href":"https:\/\/www.santamonica.com\/pt\/wp-json\/wp\/v2\/pages\/344449\/revisions"}],"predecessor-version":[{"id":409710,"href":"https:\/\/www.santamonica.com\/pt\/wp-json\/wp\/v2\/pages\/344449\/revisions\/409710"}],"wp:featuredmedia":[{"embeddable":true,"href":"https:\/\/www.santamonica.com\/pt\/wp-json\/wp\/v2\/media\/348933"}],"wp:attachment":[{"href":"https:\/\/www.santamonica.com\/pt\/wp-json\/wp\/v2\/media?parent=344449"}],"wp:term":[{"taxonomy":"silos","embeddable":true,"href":"https:\/\/www.santamonica.com\/pt\/wp-json\/wp\/v2\/silos?post=344449"}],"curies":[{"name":"wp","href":"https:\/\/api.w.org\/{rel}","templated":true}]}}