{"id":344327,"date":"2022-07-15T13:31:14","date_gmt":"2022-07-15T20:31:14","guid":{"rendered":"https:\/\/www.santamonica.com\/?page_id=344327"},"modified":"2024-07-23T14:56:41","modified_gmt":"2024-07-23T21:56:41","slug":"kit-de-ferramentas","status":"publish","type":"page","link":"https:\/\/www.santamonica.com\/pt\/travel-trade\/toolkit\/","title":{"rendered":"Kit de ferramentas para parceiros"},"content":{"rendered":"<section class=\"sun-title sm-block --theme6 sm-block\">\n            <h2 class=\"sun-title__headline\">Download de sinaliza\u00e7\u00e3o<\/h2>    \n            <div class=\"sun-title__body  wysiwyg\">\n                    <p><a href=\"https:\/\/www.santamonica.com\/wp-content\/uploads\/2022\/09\/SMTT_Welcome_Windows.pdf\" target=\"_blank\" rel=\"noopener\">Download da sinaliza\u00e7\u00e3o We Welcome All<\/a> para exibir em sua empresa.<\/p>\n                        <\/div>\n    <\/section>\n\n\n<section class=\"links-grid --theme3 sm-block\">\n    <div class=\"links-grid__wrapper\">\n                                                    <a href=\"https:\/\/www.santamonica.com\/pt\/request-santa-monica-vistors-guide\/\" class=\"links-grid__card-link\" aria-label=\"Guia do visitante\" >\n                    <div class=\"links-grid__card\">\n                                                    <div class=\"links-grid__card-image-wrapper\">\n                                <img decoding=\"async\" width=\"366\" height=\"330\" src=\"https:\/\/www.santamonica.com\/wp-content\/uploads\/2022\/07\/PartnerVisitor366x330.jpg\" class=\"links-grid__card-image\" alt=\"Mulher fingindo estar com medo de uma onda pintada em uma parede grande; mural de rua\" loading=\"lazy\" srcset=\"https:\/\/www.santamonica.com\/wp-content\/uploads\/2022\/07\/PartnerVisitor366x330.jpg 366w, https:\/\/www.santamonica.com\/wp-content\/uploads\/2022\/07\/PartnerVisitor366x330-300x270.jpg 300w, https:\/\/www.santamonica.com\/wp-content\/uploads\/2022\/07\/PartnerVisitor366x330-166x150.jpg 166w\" sizes=\"auto, (max-width: 366px) 100vw, 366px\" title=\"\">                            <\/div>\n                                                <div class=\"links-grid__card-text\">\n                                                            <div class=\"links-grid__card-title\">Guia do visitante<\/div>\n                                                                                        <div class=\"links-grid__card-description\">Solicite guias e mapas impressos gratuitos para visitantes de Santa Monica.<\/div>\n                                                    <\/div>\n                    <\/div>\n                <\/a>\n                                            <a href=\"https:\/\/www.santamonica.com\/pt\/partners\/promote-your-business\/\" class=\"links-grid__card-link\" aria-label=\"Promova seu neg\u00f3cio\" >\n                    <div class=\"links-grid__card\">\n                                                    <div class=\"links-grid__card-image-wrapper\">\n                                <img decoding=\"async\" width=\"366\" height=\"330\" src=\"https:\/\/www.santamonica.com\/wp-content\/uploads\/2022\/07\/Partner366x330.jpg\" class=\"links-grid__card-image\" alt=\"Piso aberto na conven\u00e7\u00e3o com a marca Santa Monica\" loading=\"lazy\" srcset=\"https:\/\/www.santamonica.com\/wp-content\/uploads\/2022\/07\/Partner366x330.jpg 366w, https:\/\/www.santamonica.com\/wp-content\/uploads\/2022\/07\/Partner366x330-300x270.jpg 300w, https:\/\/www.santamonica.com\/wp-content\/uploads\/2022\/07\/Partner366x330-166x150.jpg 166w\" sizes=\"auto, (max-width: 366px) 100vw, 366px\" title=\"\">                            <\/div>\n                                                <div class=\"links-grid__card-text\">\n                                                            <div class=\"links-grid__card-title\">Promova seu neg\u00f3cio<\/div>\n                                                                                        <div class=\"links-grid__card-description\">Utilize os recursos da SMTT para maximizar o alcance de seus neg\u00f3cios.<\/div>\n                                                    <\/div>\n                    <\/div>\n                <\/a>\n                                            <a href=\"https:\/\/www.santamonica.com\/pt\/2024-tourism-summit-follow-up\/\" class=\"links-grid__card-link\" aria-label=\"Acompanhamento da C\u00fapula de Turismo de 2025\" >\n                    <div class=\"links-grid__card\">\n                                                    <div class=\"links-grid__card-image-wrapper\">\n                                <img decoding=\"async\" width=\"400\" height=\"400\" src=\"https:\/\/www.santamonica.com\/wp-content\/uploads\/2025\/06\/Adobe-Express-file-2-copy-1-400x400.jpg\" class=\"links-grid__card-image\" alt=\"Acompanhamento da C\u00fapula de Turismo de 2025\" loading=\"lazy\" title=\"\">                            <\/div>\n                                                <div class=\"links-grid__card-text\">\n                                                            <div class=\"links-grid__card-title\">Acompanhamento da C\u00fapula de Turismo de 2025<\/div>\n                                                                                        <div class=\"links-grid__card-description\">Acesse os recursos p\u00f3s-evento da C\u00fapula de Turismo da SMTT.<\/div>\n                                                    <\/div>\n                    <\/div>\n                <\/a>\n                                            <a href=\"https:\/\/www.santamonica.com\/pt\/economic-value-of-tourism\/\" class=\"links-grid__card-link\" aria-label=\"Turismo em Santa M\u00f4nica\" >\n                    <div class=\"links-grid__card\">\n                                                    <div class=\"links-grid__card-image-wrapper\">\n                                <img decoding=\"async\" width=\"366\" height=\"330\" src=\"https:\/\/www.santamonica.com\/wp-content\/uploads\/2022\/07\/Essential366x330.jpg\" class=\"links-grid__card-image\" alt=\"Foto a\u00e9rea do P\u00eder de Santa M\u00f4nica; oceano azul e verde ao redor\" loading=\"lazy\" srcset=\"https:\/\/www.santamonica.com\/wp-content\/uploads\/2022\/07\/Essential366x330.jpg 366w, https:\/\/www.santamonica.com\/wp-content\/uploads\/2022\/07\/Essential366x330-300x270.jpg 300w, https:\/\/www.santamonica.com\/wp-content\/uploads\/2022\/07\/Essential366x330-166x150.jpg 166w\" sizes=\"auto, (max-width: 366px) 100vw, 366px\" title=\"\">                            <\/div>\n                                                <div class=\"links-grid__card-text\">\n                                                            <div class=\"links-grid__card-title\">Turismo em Santa M\u00f4nica<\/div>\n                                                                                        <div class=\"links-grid__card-description\">Conhe\u00e7a os fatos concretos e descubra os impactos econ\u00f4micos do turismo em Santa Monica.<\/div>\n                                                    <\/div>\n                    <\/div>\n                <\/a>\n                                            <a href=\"https:\/\/www.santamonica.com\/pt\/about\/contact-us\/\" class=\"links-grid__card-link\" aria-label=\"Entre em contato conosco\" >\n                    <div class=\"links-grid__card\">\n                                                    <div class=\"links-grid__card-image-wrapper\">\n                                <img decoding=\"async\" width=\"366\" height=\"330\" src=\"https:\/\/www.santamonica.com\/wp-content\/uploads\/2022\/07\/Partner366x330-1.jpg\" class=\"links-grid__card-image\" alt=\"Praia e ondas do mar; pessoas na praia; foto a\u00e9rea\" loading=\"lazy\" srcset=\"https:\/\/www.santamonica.com\/wp-content\/uploads\/2022\/07\/Partner366x330-1.jpg 366w, https:\/\/www.santamonica.com\/wp-content\/uploads\/2022\/07\/Partner366x330-1-300x270.jpg 300w, https:\/\/www.santamonica.com\/wp-content\/uploads\/2022\/07\/Partner366x330-1-166x150.jpg 166w\" sizes=\"auto, (max-width: 366px) 100vw, 366px\" title=\"\">                            <\/div>\n                                                <div class=\"links-grid__card-text\">\n                                                            <div class=\"links-grid__card-title\">Entre em contato conosco<\/div>\n                                                                                        <div class=\"links-grid__card-description\">Veja as atualiza\u00e7\u00f5es de turismo anteriores enviadas por e-mail pela SMTT e inscreva-se para receber boletins informativos.<\/div>\n                                                    <\/div>\n                    <\/div>\n                <\/a>\n                                            <a href=\"https:\/\/www.santamonica.com\/pt\/restaurants\/brunch-happy-hour-form\/\" class=\"links-grid__card-link\" aria-label=\"Formul\u00e1rio para Brunch\/Happy Hour\" >\n                    <div class=\"links-grid__card\">\n                                                    <div class=\"links-grid__card-image-wrapper\">\n                                <img decoding=\"async\" width=\"366\" height=\"330\" src=\"https:\/\/www.santamonica.com\/wp-content\/uploads\/2022\/07\/PartnerBrunch366x330.jpg\" class=\"links-grid__card-image\" alt=\"Drink de martini vermelho com guarni\u00e7\u00e3o; pizza ao fundo\" loading=\"lazy\" srcset=\"https:\/\/www.santamonica.com\/wp-content\/uploads\/2022\/07\/PartnerBrunch366x330.jpg 366w, https:\/\/www.santamonica.com\/wp-content\/uploads\/2022\/07\/PartnerBrunch366x330-300x270.jpg 300w, https:\/\/www.santamonica.com\/wp-content\/uploads\/2022\/07\/PartnerBrunch366x330-166x150.jpg 166w\" sizes=\"auto, (max-width: 366px) 100vw, 366px\" title=\"\">                            <\/div>\n                                                <div class=\"links-grid__card-text\">\n                                                            <div class=\"links-grid__card-title\">Formul\u00e1rio para Brunch\/Happy Hour<\/div>\n                                                                                        <div class=\"links-grid__card-description\">Envie o brunch ou o Happy Hour especial de seu restaurante para ser promovido no site da SMTT.<\/div>\n                                                    <\/div>\n                    <\/div>\n                <\/a>\n                                            <a href=\"https:\/\/www.santamonica.com\/pt\/business-specials-submission-form\/\" class=\"links-grid__card-link\" aria-label=\"Enviar ofertas especiais de neg\u00f3cios\" >\n                    <div class=\"links-grid__card\">\n                                                    <div class=\"links-grid__card-image-wrapper\">\n                                <img decoding=\"async\" width=\"366\" height=\"330\" src=\"https:\/\/www.santamonica.com\/wp-content\/uploads\/2022\/07\/PartnerSpecial366x330.jpg\" class=\"links-grid__card-image\" alt=\"Mulher servindo vinho em uma ta\u00e7a no bar de um restaurante\" loading=\"lazy\" srcset=\"https:\/\/www.santamonica.com\/wp-content\/uploads\/2022\/07\/PartnerSpecial366x330.jpg 366w, https:\/\/www.santamonica.com\/wp-content\/uploads\/2022\/07\/PartnerSpecial366x330-300x270.jpg 300w, https:\/\/www.santamonica.com\/wp-content\/uploads\/2022\/07\/PartnerSpecial366x330-166x150.jpg 166w\" sizes=\"auto, (max-width: 366px) 100vw, 366px\" title=\"\">                            <\/div>\n                                                <div class=\"links-grid__card-text\">\n                                                            <div class=\"links-grid__card-title\">Enviar ofertas especiais de neg\u00f3cios<\/div>\n                                                                                        <div class=\"links-grid__card-description\">Envie o especial de sua empresa e compartilhe-o com a comunidade por meio do site da SMTT.<\/div>\n                                                    <\/div>\n                    <\/div>\n                <\/a>\n                                            <a href=\"https:\/\/www.santamonica.com\/pt\/events\/\" class=\"links-grid__card-link\" aria-label=\"Eventos\" >\n                    <div class=\"links-grid__card\">\n                                                    <div class=\"links-grid__card-image-wrapper\">\n                                <img decoding=\"async\" width=\"366\" height=\"330\" src=\"https:\/\/www.santamonica.com\/wp-content\/uploads\/2022\/07\/PartnerEvents366x330.jpg\" class=\"links-grid__card-image\" alt=\"Homem correndo na praia do oceano com remo; APP World Tour; P\u00eder de Santa M\u00f4nica ao fundo\" loading=\"lazy\" srcset=\"https:\/\/www.santamonica.com\/wp-content\/uploads\/2022\/07\/PartnerEvents366x330.jpg 366w, https:\/\/www.santamonica.com\/wp-content\/uploads\/2022\/07\/PartnerEvents366x330-300x270.jpg 300w, https:\/\/www.santamonica.com\/wp-content\/uploads\/2022\/07\/PartnerEvents366x330-166x150.jpg 166w\" sizes=\"auto, (max-width: 366px) 100vw, 366px\" title=\"\">                            <\/div>\n                                                <div class=\"links-grid__card-text\">\n                                                            <div class=\"links-grid__card-title\">Eventos<\/div>\n                                                                                        <div class=\"links-grid__card-description\">Est\u00e1 realizando um evento? Publique-o no calend\u00e1rio de eventos da SMTT!<\/div>\n                                                    <\/div>\n                    <\/div>\n                <\/a>\n                        <\/div>\n<\/section>\n\n\n\n<section class=\"sun-title sm-block --theme6 sm-block\">\n            <h2 class=\"sun-title__headline\">Programas comunit\u00e1rios<\/h2>    \n            <div class=\"sun-title__body  wysiwyg\">\n                    <p>Voc\u00ea \u00e9 uma empresa de Santa Monica e quer se envolver mais com a comunidade? Explore nossa lista de organiza\u00e7\u00f5es locais para ver como voc\u00ea pode participar:<\/p>\n<ul>\n<li><a href=\"https:\/\/www.santamonica.gov\/programs\/buy-local-santa-monica\" target=\"_blank\" rel=\"noopener\">Buy Local Santa Monica<\/a><\/li>\n<li><a href=\"https:\/\/smchamber.com\/\" target=\"_blank\" rel=\"noopener\">C\u00e2mara de Com\u00e9rcio<\/a><\/li>\n<li><a href=\"https:\/\/www.downtownsm.com\/about-us\" target=\"_blank\" rel=\"noopener\">Downtown Santa Monica, Inc. (DTSM)<\/a><\/li>\n<li><a href=\"https:\/\/www.mainstreetsm.com\/msbia\/\" target=\"_blank\" rel=\"noopener\">Associa\u00e7\u00e3o de Melhoria de Neg\u00f3cios da Main Street<\/a><\/li>\n<li><a href=\"https:\/\/www.montanaave.com\/merchants\" target=\"_blank\" rel=\"noopener\">Associa\u00e7\u00e3o de Comerciantes da Montana Avenue<\/a><\/li>\n<li><a href=\"https:\/\/picopassport.com\/about\" target=\"_blank\" rel=\"noopener\">Organiza\u00e7\u00e3o de Melhoria do Pico<\/a><\/li>\n<li><a href=\"https:\/\/www.sustainableworks.org\/\" target=\"_blank\" rel=\"noopener\">Trabalhos sustent\u00e1veis<\/a><\/li>\n<\/ul>\n                        <\/div>\n    <\/section>\n\n\n<section class=\"meetings-contact-us sm-block\">\n    <div class=\"meetings-contact-us__inner\">\n        <div class=\"meetings-contact-us__image-wrap\">\n            <img decoding=\"async\" width=\"1024\" height=\"304\" src=\"https:\/\/www.santamonica.com\/wp-content\/uploads\/2022\/07\/Help1280x380-1024x304.jpg\" class=\"attachment-large size-large\" alt=\"Imagem do pr\u00e9dio do centro de visitantes; pr\u00e9dio cinza com placa de informa\u00e7\u00f5es acima\" srcset=\"https:\/\/www.santamonica.com\/wp-content\/uploads\/2022\/07\/Help1280x380-1024x304.jpg 1024w, https:\/\/www.santamonica.com\/wp-content\/uploads\/2022\/07\/Help1280x380-300x89.jpg 300w, https:\/\/www.santamonica.com\/wp-content\/uploads\/2022\/07\/Help1280x380-270x80.jpg 270w, https:\/\/www.santamonica.com\/wp-content\/uploads\/2022\/07\/Help1280x380-768x228.jpg 768w, https:\/\/www.santamonica.com\/wp-content\/uploads\/2022\/07\/Help1280x380.jpg 1280w\" sizes=\"(max-width: 1024px) 100vw, 1024px\" title=\"\">        <\/div>\n        <div class=\"meetings-contact-us__body\">\n            <h1 class=\"meetings-contact-us__heading\">\n                Tem d\u00favidas?            <\/h1>\n            <p class=\"meetings-contact-us__intro\">\n                Sinta-se apoiado ao entrar em contato com a equipe de especialistas da Santa Monica Travel &amp; Tourism hoje mesmo!            <\/p>\n            <div class=\"meetings-contact-us__phone-numbers wysiwyg\">\n                                                            <\/div>\n            <div class=\"meetings-contact-us__ctas\">\n                                            <a class=\"meetings-contact-us__primary-cta\" href=\"https:\/\/www.santamonica.com\/pt\/reunioes-convencoes\/reunioes-entre-em-contato-conosco\/\">Entre em contato conosco<\/a>\n                                                    <\/div>\n        <\/div>\n    <\/div>\n\n<\/section>\n\n\n<section class=\"blog-feed --theme8 sm-block\">\n    <div class=\"blog-feed__content\">\n        <div class=\"blog-feed__intro\">\n                                        <h1 class=\"blog-feed__headline\">Blogs<\/h1>                                            <\/div>\n\n        <ul class=\"blog-feed__list\">\n                                                <li class=\"blog-feed__item\">\n                        <a href=\"https:\/\/www.santamonica.com\/pt\/santa-monica-hotels-offer-spring-staycation-discounts-to-residents-of-los-angeles-county-2\/\" class=\"blog-feed__item-link\">\n                            <div class=\"blog-feed__image-ratio\">\n                                <img decoding=\"async\" class=\"blog-feed__image\" src=\"https:\/\/www.santamonica.com\/wp-content\/uploads\/2026\/03\/1-240423_01_SMTT_1143-400x400.jpg\" alt=\"OS HOT\u00c9IS DE SANTA MONICA OFERECEM DESCONTOS PARA AS F\u00c9RIAS DE PRIMAVERA AOS RESIDENTES DO CONDADO DE LOS ANGELES\" title=\"\">\n                            <\/div>\n                            <div class=\"blog-feed__card-title\">OS HOT\u00c9IS DE SANTA MONICA OFERECEM DESCONTOS PARA AS F\u00c9RIAS DE PRIMAVERA AOS RESIDENTES DO CONDADO DE LOS ANGELES<\/div>\n                        <\/a>\n                    <\/li>\n                                                                <li class=\"blog-feed__item\">\n                        <a href=\"https:\/\/www.santamonica.com\/pt\/whats-new-in-santa-monica-winter-2026\/\" class=\"blog-feed__item-link\">\n                            <div class=\"blog-feed__image-ratio\">\n                                <img decoding=\"async\" class=\"blog-feed__image\" src=\"https:\/\/www.santamonica.com\/wp-content\/uploads\/2026\/02\/Hotel-Casa-del-Mar-400x400.jpg\" alt=\"NOVIDADES EM SANTA MONICA - INVERNO 2026\" title=\"\">\n                            <\/div>\n                            <div class=\"blog-feed__card-title\">NOVIDADES EM SANTA MONICA - INVERNO 2026<\/div>\n                        <\/a>\n                    <\/li>\n                                                                <li class=\"blog-feed__item\">\n                        <a href=\"https:\/\/www.santamonica.com\/pt\/media\/news-release\/base-yourself-beachside-in-santa-monica-for-fifa-world-cup-2026\/\" class=\"blog-feed__item-link\">\n                            <div class=\"blog-feed__image-ratio\">\n                                <img decoding=\"async\" class=\"blog-feed__image\" src=\"https:\/\/www.santamonica.com\/wp-content\/uploads\/2026\/02\/0-4-1-400x400.jpg\" alt=\"BASEIE-SE NA PRAIA EM SANTA M\u00d4NICA PARA A COPA DO MUNDO DA FIFA 2026\u2122\" title=\"\">\n                            <\/div>\n                            <div class=\"blog-feed__card-title\">BASEIE-SE NA PRAIA EM SANTA M\u00d4NICA PARA A COPA DO MUNDO DA FIFA 2026\u2122<\/div>\n                        <\/a>\n                    <\/li>\n                                    <\/ul>\n    <\/div>\n<\/section>","protected":false},"excerpt":{"rendered":"","protected":false},"author":1421,"featured_media":348936,"parent":0,"menu_order":0,"comment_status":"closed","ping_status":"closed","template":"template-things-to-do.php","meta":{"_acf_changed":false,"inline_featured_image":false,"footnotes":""},"silos":[3908],"class_list":["post-344327","page","type-page","status-publish","has-post-thumbnail","hentry"],"acf":[],"_links":{"self":[{"href":"https:\/\/www.santamonica.com\/pt\/wp-json\/wp\/v2\/pages\/344327","targetHints":{"allow":["GET"]}}],"collection":[{"href":"https:\/\/www.santamonica.com\/pt\/wp-json\/wp\/v2\/pages"}],"about":[{"href":"https:\/\/www.santamonica.com\/pt\/wp-json\/wp\/v2\/types\/page"}],"author":[{"embeddable":true,"href":"https:\/\/www.santamonica.com\/pt\/wp-json\/wp\/v2\/users\/1421"}],"replies":[{"embeddable":true,"href":"https:\/\/www.santamonica.com\/pt\/wp-json\/wp\/v2\/comments?post=344327"}],"version-history":[{"count":75,"href":"https:\/\/www.santamonica.com\/pt\/wp-json\/wp\/v2\/pages\/344327\/revisions"}],"predecessor-version":[{"id":424437,"href":"https:\/\/www.santamonica.com\/pt\/wp-json\/wp\/v2\/pages\/344327\/revisions\/424437"}],"wp:featuredmedia":[{"embeddable":true,"href":"https:\/\/www.santamonica.com\/pt\/wp-json\/wp\/v2\/media\/348936"}],"wp:attachment":[{"href":"https:\/\/www.santamonica.com\/pt\/wp-json\/wp\/v2\/media?parent=344327"}],"wp:term":[{"taxonomy":"silos","embeddable":true,"href":"https:\/\/www.santamonica.com\/pt\/wp-json\/wp\/v2\/silos?post=344327"}],"curies":[{"name":"wp","href":"https:\/\/api.w.org\/{rel}","templated":true}]}}