{"id":344304,"date":"2022-07-08T12:40:45","date_gmt":"2022-07-08T19:40:45","guid":{"rendered":"https:\/\/www.santamonica.com\/?page_id=344304"},"modified":"2025-11-10T07:41:11","modified_gmt":"2025-11-10T15:41:11","slug":"metro-de-santa-monica","status":"publish","type":"page","link":"https:\/\/www.santamonica.com\/pt\/transportation\/santa-monica-metro\/","title":{"rendered":"Metr\u00f4 de Santa M\u00f4nica"},"content":{"rendered":"<div class=\"wp-block-columns is-layout-flex wp-container-core-columns-is-layout-28f84493 wp-block-columns-is-layout-flex base-block\">\n<div class=\"wp-block-column is-layout-flow wp-block-column-is-layout-flow base-block\">\n<h4 class=\"wp-block-heading base-block\">Etapa 1 - Obter um cart\u00e3o TAP<\/h4>\n\n\n\n<p class=\"base-block\">Compre um cart\u00e3o TAP nas m\u00e1quinas de venda autom\u00e1tica localizadas nas esta\u00e7\u00f5es de metr\u00f4 ou fa\u00e7a o pedido on-line em taptogo.net. Para usar um cart\u00e3o TAP no metr\u00f4 ou no Big Blue Bus, carregue um valor em d\u00f3lares. Depois de carregar o dinheiro no vag\u00e3o, passe o cart\u00e3o nos validadores antes de embarcar. Algumas plataformas n\u00e3o t\u00eam catraca, portanto, certifique-se de tocar seu cart\u00e3o antes de embarcar.<\/p>\n<\/div>\n\n\n\n<div class=\"wp-block-column is-layout-flow wp-block-column-is-layout-flow base-block\">\n<h4 class=\"wp-block-heading base-block\">Etapa 2 - Planeje sua viagem<\/h4>\n\n\n\n<p class=\"base-block\">H\u00e1 tr\u00eas esta\u00e7\u00f5es da Linha E do metr\u00f4 em Santa Monica: 26th St \/ Bergamot Station, 17th Street \/ Santa Monica College e Downtown Santa Monica. Voc\u00ea pode se conectar com qualquer uma dessas esta\u00e7\u00f5es via <strong><a href=\"https:\/\/www.santamonica.com\/pt\/transporte\/transporte-publico\/\">\u00f4nibus, bicicleta ou a p\u00e9<\/a><\/strong>. As bicicletas s\u00e3o permitidas na Linha E do metr\u00f4 em Santa Monica. Para saber os hor\u00e1rios dos trens, rotas, hor\u00e1rios e conex\u00f5es, consulte metro.net.<\/p>\n<\/div>\n\n\n\n<div class=\"wp-block-column is-layout-flow wp-block-column-is-layout-flow base-block\">\n<h4 class=\"wp-block-heading base-block\">Etapa 3 - Divirta-se<\/h4>\n\n\n\n<p class=\"base-block\">N\u00e3o h\u00e1 fim para a comida, a cultura e a divers\u00e3o dispon\u00edveis na Linha E do metr\u00f4. Na esta\u00e7\u00e3o 26th St\/Bergamot, visite o Bergamot Station Arts Center.  A esta\u00e7\u00e3o 17th St\/SMC oferece o Memorial Park, o Eli and Edythe Broad Stage e o 18th Street Art Center. A linha termina na esta\u00e7\u00e3o Downtown Santa Monica, perto da Third Street Promenade e do P\u00eder de Santa Monica.<\/p>\n<\/div>\n<\/div>\n\n\n\n<section class=\"two-images container-max sm-block  sm-block\">\n    <div class=\"two-images__container\">\n\n        <div class=\"two-images__column\">\n            <div class=\"two-images__content\">\n                <div class=\"two-images__content-header-container\">\n                                            <h2 class=\"two-images__content-header\">Explore Santa Monica at\u00e9 o centro de Los Angeles<\/h2>                                    <\/div>\n                                    <div class=\"two-images__content-body wysiwyg\">\n                        <p><span style=\"font-weight: 400;\">N\u00e3o se esque\u00e7a de explorar a outra extremidade da linha E do metr\u00f4! Se estiver em Santa Monica, fa\u00e7a um passeio sem carro para assistir a um show no Kirk Douglas Theatre, a um jogo na Crypto.com Arena (antigo Staples Center) ou a um concerto no Walt Disney Concert Hall.\u00a0<\/span><\/p>\n<p><span style=\"font-weight: 400;\">O trem termina na esta\u00e7\u00e3o 7th Street Metro Center, na Figueroa Street. Uma viagem completa pela linha E do metr\u00f4 leva cerca de 46 minutos; muito mais r\u00e1pido do que ficar parado no tr\u00e2nsito.<\/span><\/p>\n                    <\/div>\n                                            <\/div>\n        <\/div>\n\n        <div class=\"two-images__column\">\n                            <div class=\"two-images__image-container\">\n                    <img decoding=\"async\" width=\"424\" height=\"504\" src=\"https:\/\/www.santamonica.com\/wp-content\/uploads\/2022\/07\/Santa-Monica-Pier-Pacific-Park-424-504.png\" class=\"two-images__image\" alt=\"Dia ensolarado na entrada do Pacific Park no P\u00eder de Santa M\u00f4nica.\" loading=\"lazy\" srcset=\"https:\/\/www.santamonica.com\/wp-content\/uploads\/2022\/07\/Santa-Monica-Pier-Pacific-Park-424-504.png 424w, https:\/\/www.santamonica.com\/wp-content\/uploads\/2022\/07\/Santa-Monica-Pier-Pacific-Park-424-504-252x300.png 252w, https:\/\/www.santamonica.com\/wp-content\/uploads\/2022\/07\/Santa-Monica-Pier-Pacific-Park-424-504-126x150.png 126w\" sizes=\"auto, (max-width: 424px) 100vw, 424px\" title=\"\">                    \n\n                <\/div>\n                    <\/div>\n\n        <div class=\"two-images__column\">\n                            <div class=\"two-images__image-container\">\n                    <img decoding=\"async\" width=\"564\" height=\"530\" src=\"https:\/\/www.santamonica.com\/wp-content\/uploads\/2022\/07\/Kid-At-The-Aquarium.png\" class=\"two-images__image\" alt=\"Crian\u00e7as no aqu\u00e1rio\" loading=\"lazy\" srcset=\"https:\/\/www.santamonica.com\/wp-content\/uploads\/2022\/07\/Kid-At-The-Aquarium.png 564w, https:\/\/www.santamonica.com\/wp-content\/uploads\/2022\/07\/Kid-At-The-Aquarium-300x282.png 300w, https:\/\/www.santamonica.com\/wp-content\/uploads\/2022\/07\/Kid-At-The-Aquarium-160x150.png 160w\" sizes=\"auto, (max-width: 564px) 100vw, 564px\" title=\"\">                    \n\n                <\/div>\n                    <\/div>\n\n    <\/div>\n<\/section>\n\n\n\n<section class=\"image-section-break sm-block\">\n    <div class=\"image-section-break__image-wrapper\">\n                    <picture>\n                    <source\n                        media=\"(min-width: 768px)\"\n                        srcset=\"https:\/\/www.santamonica.com\/wp-content\/uploads\/2022\/07\/Santa-Monica-Metro-Expo-1565x574-1.png\"\n                    >\n                    <img decoding=\"async\" src=\"https:\/\/www.santamonica.com\/wp-content\/uploads\/2022\/07\/Santa-Monica-Metro-Expo-650x866-1.png\" class=\"image-section-break__image\" alt=\"Pessoas na esta\u00e7\u00e3o Santa Monica Metro Expo Line.\" title=\"\">\n            <\/picture>\n                \n\n    <\/div>\n    <div class=\"image-section-break__text-content\">\n        <div class=\"image-section-break__first-content --theme3\">\n                            <div class=\"image-section-break__eyebrow-text\">Transporte para a linha E do metr\u00f4<\/div>\n                                        <h2 class=\"image-section-break__title\">Como chegar \u00e0 linha E do metr\u00f4<\/h2>\n                                        <div class=\"image-section-break__body-copy wysiwyg\"><p><span style=\"font-weight: 400;\">\u200b\u200b<\/span><span style=\"font-weight: 400;\">Pegue o Big Blue Bus, ande de bicicleta ou caminhe para chegar \u00e0 linha E do metr\u00f4 em Santa Monica. Como os trens passam a cada 8 minutos, voc\u00ea nunca est\u00e1 a mais de alguns minutos da sua pr\u00f3xima viagem. Seu cart\u00e3o TAP pode ser usado tanto na linha E do metr\u00f4 quanto no Big Blue Bus, portanto, carregue sua passagem, TAP e v\u00e1!<\/span><\/p>\n<\/div>\n                                <\/div>\n        <div class=\"image-section-break__second-content\">\n                            <div class=\"image-section-break__body-copy wysiwyg\"><p><span style=\"font-weight: 400;\">Voc\u00ea pode ir diretamente para uma das tr\u00eas esta\u00e7\u00f5es de metr\u00f4 de Santa Monica gra\u00e7as \u00e0s mais de 160 quil\u00f4metros de rotas de bicicleta da cidade. As bicicletas s\u00e3o permitidas no trem, e cada vag\u00e3o tem uma \u00e1rea designada para elas.<\/span><\/p>\n<p><strong><a href=\"https:\/\/www.santamonica.com\/pt\/transporte\/estacionamento\/\">Estacionamento<\/a><\/strong><span style=\"font-weight: 400;\"> tamb\u00e9m est\u00e1 dispon\u00edvel em Santa Monica, na esta\u00e7\u00e3o 17th Street\/Santa Monica College, por uma pequena taxa.  Se estiver visitando Santa Monica durante o dia, considere estacionar em um dos <\/span><a href=\"https:\/\/www.metro.net\/riding\/parking\/lotsbyline\/\" target=\"_blank\" rel=\"noopener\"><span style=\"font-weight: 400;\"><strong>v\u00e1rios estacionamentos<\/strong><\/span><\/a><span style=\"font-weight: 400;\"> ao longo da Linha E e ir at\u00e9 a cidade para um dia de divers\u00e3o na praia.<\/span><\/p>\n<\/div>\n                                <\/div>\n    <\/div>\n<\/section>\n\n\n<section class=\"crowdriff-gallery sm-block\">\n    <div class=\"crowdriff-gallery__content\">\n                    <h2 class=\"crowdriff-gallery__headline\">Explore Santa Monica<\/h2>                            <script id=\"cr-init__186c78a6\" src=\"https:\/\/starling.crowdriff.com\/js\/crowdriff.js\" async><\/script>\n            <\/div>\n<\/section>\n\n\n<section class=\"blog-feed --theme8 sm-block\">\n    <div class=\"blog-feed__content\">\n        <div class=\"blog-feed__intro\">\n                            <div class=\"blog-feed__eyebrow eyebrow\">Blogs<\/div>                                        <h2 class=\"blog-feed__headline\">Descubra Santa M\u00f4nica<\/h2>                                        <div class=\"blog-feed__body\"><p>Explore itiner\u00e1rios, dicas locais, pontos de interesse e aventuras selecionadas para garantir que voc\u00ea aproveite ao m\u00e1ximo sua experi\u00eancia em Santa Monica.<\/p>\n<\/div>\n                                        <a class=\"blog-feed__cta\" href=\"https:\/\/www.santamonica.com\/pt\/postagens-de-blog\/\">Ver todos os blogs<\/a>\n                    <\/div>\n\n        <ul class=\"blog-feed__list\">\n                                                <li class=\"blog-feed__item\">\n                        <a href=\"https:\/\/www.santamonica.com\/pt\/mother-road-modern-meetings-route-66-meeting-spaces-set-to-shine-for-centennial-in-santa-monica\/\" class=\"blog-feed__item-link\">\n                            <div class=\"blog-feed__image-ratio\">\n                                <img decoding=\"async\" class=\"blog-feed__image\" src=\"https:\/\/www.santamonica.com\/wp-content\/uploads\/2025\/12\/untitledJuly20162C2020180010-182-2-400x400.jpg\" alt=\"ESTRADA M\u00c3E, REUNI\u00d5ES MODERNAS: ESPA\u00c7OS PARA REUNI\u00d5ES DA ROTA 66 PREPARADOS PARA BRILHAR NO CENTEN\u00c1RIO EM SANTA M\u00d4NICA\" title=\"\">\n                            <\/div>\n                            <div class=\"blog-feed__card-title\">ESTRADA M\u00c3E, REUNI\u00d5ES MODERNAS: ESPA\u00c7OS PARA REUNI\u00d5ES DA ROTA 66 PREPARADOS PARA BRILHAR NO CENTEN\u00c1RIO EM SANTA M\u00d4NICA<\/div>\n                        <\/a>\n                    <\/li>\n                                                                <li class=\"blog-feed__item\">\n                        <a href=\"https:\/\/www.santamonica.com\/pt\/media\/news-release\/santa-monica-announces-song-contest-in-celebration-of-route-66-centennial\/\" class=\"blog-feed__item-link\">\n                            <div class=\"blog-feed__image-ratio\">\n                                <img decoding=\"async\" class=\"blog-feed__image\" src=\"https:\/\/www.santamonica.com\/wp-content\/uploads\/2025\/11\/DSC01084-400x400.jpg\" alt=\"SANTA MONICA ANUNCIA CONCURSO DE M\u00daSICA EM COMEMORA\u00c7\u00c3O AO CENTEN\u00c1RIO DA ROTA 66\" title=\"\">\n                            <\/div>\n                            <div class=\"blog-feed__card-title\">SANTA MONICA ANUNCIA CONCURSO DE M\u00daSICA EM COMEMORA\u00c7\u00c3O AO CENTEN\u00c1RIO DA ROTA 66<\/div>\n                        <\/a>\n                    <\/li>\n                                                                <li class=\"blog-feed__item\">\n                        <a href=\"https:\/\/www.santamonica.com\/pt\/media\/news-release\/where-to-watch-the-world-series-in-santa-monica\/\" class=\"blog-feed__item-link\">\n                            <div class=\"blog-feed__image-ratio\">\n                                <img decoding=\"async\" class=\"blog-feed__image\" src=\"https:\/\/www.santamonica.com\/wp-content\/uploads\/2025\/10\/dodgers-logo-1-400x400.jpg\" alt=\"ONDE ASSISTIR \u00c0 S\u00c9RIE MUNDIAL EM SANTA MONICA\" title=\"\">\n                            <\/div>\n                            <div class=\"blog-feed__card-title\">ONDE ASSISTIR \u00c0 S\u00c9RIE MUNDIAL EM SANTA MONICA<\/div>\n                        <\/a>\n                    <\/li>\n                                    <\/ul>\n    <\/div>\n<\/section>","protected":false},"excerpt":{"rendered":"<p>Step 1 \u2013 Get a TAP Card Buy a TAP card at vending machines located at Metro Rail stations or order online at taptogo.net. To use a TAP card on the Metro or Big Blue Bus, load on a dollar value. Once you\u2019ve loaded money onto the car, TAP the card at the validators before boarding. Some platforms do not have a turnstile, make sure to still tap your card before boarding. Step 2 \u2013 Plan Your Trip There are three Metro E Line stations in Santa Monica: 26th St \/ Bergamot Station, 17th Street \/ Santa Monica College and [\u2026]<\/p>\n","protected":false},"author":1421,"featured_media":348590,"parent":0,"menu_order":0,"comment_status":"closed","ping_status":"closed","template":"template-editorial.php","meta":{"_acf_changed":false,"inline_featured_image":false,"footnotes":""},"silos":[3906],"class_list":["post-344304","page","type-page","status-publish","has-post-thumbnail","hentry"],"acf":[],"_links":{"self":[{"href":"https:\/\/www.santamonica.com\/pt\/wp-json\/wp\/v2\/pages\/344304","targetHints":{"allow":["GET"]}}],"collection":[{"href":"https:\/\/www.santamonica.com\/pt\/wp-json\/wp\/v2\/pages"}],"about":[{"href":"https:\/\/www.santamonica.com\/pt\/wp-json\/wp\/v2\/types\/page"}],"author":[{"embeddable":true,"href":"https:\/\/www.santamonica.com\/pt\/wp-json\/wp\/v2\/users\/1421"}],"replies":[{"embeddable":true,"href":"https:\/\/www.santamonica.com\/pt\/wp-json\/wp\/v2\/comments?post=344304"}],"version-history":[{"count":47,"href":"https:\/\/www.santamonica.com\/pt\/wp-json\/wp\/v2\/pages\/344304\/revisions"}],"predecessor-version":[{"id":775589,"href":"https:\/\/www.santamonica.com\/pt\/wp-json\/wp\/v2\/pages\/344304\/revisions\/775589"}],"wp:featuredmedia":[{"embeddable":true,"href":"https:\/\/www.santamonica.com\/pt\/wp-json\/wp\/v2\/media\/348590"}],"wp:attachment":[{"href":"https:\/\/www.santamonica.com\/pt\/wp-json\/wp\/v2\/media?parent=344304"}],"wp:term":[{"taxonomy":"silos","embeddable":true,"href":"https:\/\/www.santamonica.com\/pt\/wp-json\/wp\/v2\/silos?post=344304"}],"curies":[{"name":"wp","href":"https:\/\/api.w.org\/{rel}","templated":true}]}}