{"id":344205,"date":"2022-06-30T10:05:27","date_gmt":"2022-06-30T17:05:27","guid":{"rendered":"https:\/\/www.santamonica.com\/?page_id=344205"},"modified":"2024-05-23T17:16:01","modified_gmt":"2024-05-24T00:16:01","slug":"valor-economico-do-turismo","status":"publish","type":"page","link":"https:\/\/www.santamonica.com\/pt\/economic-value-of-tourism\/","title":{"rendered":"Turismo em Santa M\u00f4nica"},"content":{"rendered":"<section class=\"sun-title sm-block --theme6 --2col sm-block\">\n            <h4 class=\"sun-title__headline\">Perfil do visitante e estudos de impacto econ\u00f4mico<\/h4>    \n            <div class=\"sun-title__body  --2col wysiwyg\">\n                    <div class=\"column-1\">\n                <h4><strong>2023 Turismo em n\u00fameros<\/strong><\/h4>\n<ul>\n<li>4,6 milh\u00f5es de visitantes vieram a Santa M\u00f4nica.<\/li>\n<li>1,1 milh\u00e3o de visitantes de fora dos EUA vieram a Santa M\u00f4nica.<\/li>\n<li>$938,1 milh\u00f5es gerados pelo turismo para nossa economia local.<\/li>\n<li>7.182 empregos sustentados pelo turismo em Santa M\u00f4nica.<\/li>\n<\/ul>\n<p><a href=\"https:\/\/www.santamonica.com\/wp-content\/uploads\/2024\/05\/2023-Santa-Monica-Economic-Impact-Summary.pdf\" target=\"_blank\" rel=\"noopener\">Download do relat\u00f3rio resumido<\/a><\/p>\n                            <\/div>\n            <div class=\"column-2\">\n                <h4><strong>2022 Turismo em n\u00fameros<\/strong><\/h4>\n<ul>\n<li>5,3 milh\u00f5es de visitantes vieram a Santa M\u00f4nica.<\/li>\n<li>1,1 milh\u00e3o de visitantes de fora dos EUA vieram a Santa M\u00f4nica.<\/li>\n<li>$961,7 milh\u00f5es gerados pelo turismo para nossa economia local.<\/li>\n<li>8.049 empregos sustentados pelo turismo em Santa M\u00f4nica.<\/li>\n<\/ul>\n<p><a href=\"https:\/\/www.santamonica.com\/wp-content\/uploads\/2023\/06\/Econ-Imp-Summary-2022.pdf\" target=\"_blank\" rel=\"noopener\">Download do relat\u00f3rio resumido<\/a><\/p>\n                            <\/div>\n            <\/div>\n    <\/section>\n\n\n\n<p class=\"base-block\"><\/p>\n\n\n\n<p class=\"base-block\">Um relat\u00f3rio completo para cada ano tamb\u00e9m est\u00e1 dispon\u00edvel por um custo de $600 cada, mediante solicita\u00e7\u00e3o. Envie um e-mail para <a href=\"mailto:eedwards@santamonica.com\">eedwards@santamonica.com<\/a>.<\/p>\n\n\n<section class=\"blog-feed --theme8 sm-block\">\n    <div class=\"blog-feed__content\">\n        <div class=\"blog-feed__intro\">\n                            <div class=\"blog-feed__eyebrow eyebrow\">Blogs<\/div>                                        <h2 class=\"blog-feed__headline\">Descubra Santa M\u00f4nica<\/h2>                                        <div class=\"blog-feed__body\"><p>Explore itiner\u00e1rios, dicas locais, pontos de interesse e aventuras selecionadas para garantir que voc\u00ea aproveite ao m\u00e1ximo sua experi\u00eancia em Santa Monica.<\/p>\n<\/div>\n                                        <a class=\"blog-feed__cta\" href=\"https:\/\/www.santamonica.com\/pt\/postagens-de-blog\/\">Ver todos os blogs<\/a>\n                    <\/div>\n\n        <ul class=\"blog-feed__list\">\n                                                <li class=\"blog-feed__item\">\n                        <a href=\"https:\/\/www.santamonica.com\/pt\/mother-road-modern-meetings-route-66-meeting-spaces-set-to-shine-for-centennial-in-santa-monica\/\" class=\"blog-feed__item-link\">\n                            <div class=\"blog-feed__image-ratio\">\n                                <img decoding=\"async\" class=\"blog-feed__image\" src=\"https:\/\/www.santamonica.com\/wp-content\/uploads\/2025\/12\/untitledJuly20162C2020180010-182-2-400x400.jpg\" alt=\"ESTRADA M\u00c3E, REUNI\u00d5ES MODERNAS: ESPA\u00c7OS PARA REUNI\u00d5ES DA ROTA 66 PREPARADOS PARA BRILHAR NO CENTEN\u00c1RIO EM SANTA M\u00d4NICA\" title=\"\">\n                            <\/div>\n                            <div class=\"blog-feed__card-title\">ESTRADA M\u00c3E, REUNI\u00d5ES MODERNAS: ESPA\u00c7OS PARA REUNI\u00d5ES DA ROTA 66 PREPARADOS PARA BRILHAR NO CENTEN\u00c1RIO EM SANTA M\u00d4NICA<\/div>\n                        <\/a>\n                    <\/li>\n                                                                <li class=\"blog-feed__item\">\n                        <a href=\"https:\/\/www.santamonica.com\/pt\/media\/news-release\/santa-monica-announces-song-contest-in-celebration-of-route-66-centennial\/\" class=\"blog-feed__item-link\">\n                            <div class=\"blog-feed__image-ratio\">\n                                <img decoding=\"async\" class=\"blog-feed__image\" src=\"https:\/\/www.santamonica.com\/wp-content\/uploads\/2025\/11\/DSC01084-400x400.jpg\" alt=\"SANTA MONICA ANUNCIA CONCURSO DE M\u00daSICA EM COMEMORA\u00c7\u00c3O AO CENTEN\u00c1RIO DA ROTA 66\" title=\"\">\n                            <\/div>\n                            <div class=\"blog-feed__card-title\">SANTA MONICA ANUNCIA CONCURSO DE M\u00daSICA EM COMEMORA\u00c7\u00c3O AO CENTEN\u00c1RIO DA ROTA 66<\/div>\n                        <\/a>\n                    <\/li>\n                                                                <li class=\"blog-feed__item\">\n                        <a href=\"https:\/\/www.santamonica.com\/pt\/media\/news-release\/where-to-watch-the-world-series-in-santa-monica\/\" class=\"blog-feed__item-link\">\n                            <div class=\"blog-feed__image-ratio\">\n                                <img decoding=\"async\" class=\"blog-feed__image\" src=\"https:\/\/www.santamonica.com\/wp-content\/uploads\/2025\/10\/dodgers-logo-1-400x400.jpg\" alt=\"ONDE ASSISTIR \u00c0 S\u00c9RIE MUNDIAL EM SANTA MONICA\" title=\"\">\n                            <\/div>\n                            <div class=\"blog-feed__card-title\">ONDE ASSISTIR \u00c0 S\u00c9RIE MUNDIAL EM SANTA MONICA<\/div>\n                        <\/a>\n                    <\/li>\n                                    <\/ul>\n    <\/div>\n<\/section>","protected":false},"excerpt":{"rendered":"<p>A full report for each year is also available for a cost of $600 each upon request. Please email eedwards@santamonica.com.<\/p>","protected":false},"author":1450,"featured_media":343993,"parent":0,"menu_order":0,"comment_status":"closed","ping_status":"closed","template":"template-editorial.php","meta":{"_acf_changed":false,"inline_featured_image":false,"footnotes":""},"silos":[],"class_list":["post-344205","page","type-page","status-publish","has-post-thumbnail","hentry"],"acf":[],"_links":{"self":[{"href":"https:\/\/www.santamonica.com\/pt\/wp-json\/wp\/v2\/pages\/344205","targetHints":{"allow":["GET"]}}],"collection":[{"href":"https:\/\/www.santamonica.com\/pt\/wp-json\/wp\/v2\/pages"}],"about":[{"href":"https:\/\/www.santamonica.com\/pt\/wp-json\/wp\/v2\/types\/page"}],"author":[{"embeddable":true,"href":"https:\/\/www.santamonica.com\/pt\/wp-json\/wp\/v2\/users\/1450"}],"replies":[{"embeddable":true,"href":"https:\/\/www.santamonica.com\/pt\/wp-json\/wp\/v2\/comments?post=344205"}],"version-history":[{"count":56,"href":"https:\/\/www.santamonica.com\/pt\/wp-json\/wp\/v2\/pages\/344205\/revisions"}],"predecessor-version":[{"id":415982,"href":"https:\/\/www.santamonica.com\/pt\/wp-json\/wp\/v2\/pages\/344205\/revisions\/415982"}],"wp:featuredmedia":[{"embeddable":true,"href":"https:\/\/www.santamonica.com\/pt\/wp-json\/wp\/v2\/media\/343993"}],"wp:attachment":[{"href":"https:\/\/www.santamonica.com\/pt\/wp-json\/wp\/v2\/media?parent=344205"}],"wp:term":[{"taxonomy":"silos","embeddable":true,"href":"https:\/\/www.santamonica.com\/pt\/wp-json\/wp\/v2\/silos?post=344205"}],"curies":[{"name":"wp","href":"https:\/\/api.w.org\/{rel}","templated":true}]}}