{"id":343594,"date":"2022-06-24T17:21:51","date_gmt":"2022-06-25T00:21:51","guid":{"rendered":"https:\/\/www.santamonica.com\/?page_id=343594"},"modified":"2026-03-06T15:02:38","modified_gmt":"2026-03-06T23:02:38","slug":"dia-de-sao-patricio","status":"publish","type":"page","link":"https:\/\/www.santamonica.com\/pt\/things-to-do\/st-patricks-day\/","title":{"rendered":"Dia de S\u00e3o Patr\u00edcio em Santa M\u00f4nica"},"content":{"rendered":"<section class=\"sun-title-images sm-block\">\n    <div class=\"sun-title-images__inner\">\n\n        <div class=\"sun-title-images__bottom\">\n            <div class=\"sun-title-images__bottom-content\">\n                <h2 class=\"sun-title-images__bottom-headline\">\n                    Especiais do Dia de S\u00e3o Patr\u00edcio                <\/h2>\n                <div class=\"sun-title-images__bottom-text wysiwyg\">\n                    <p><strong>Holey Moley<br \/>\n<\/strong>A little Irish courage goes a long way at <a href=\"https:\/\/www.santamonica.com\/pt\/coisas-para-fazer\/muito-bem\/\">Holey<\/a><a href=\"https:\/\/www.santamonica.com\/pt\/coisas-para-fazer\/muito-bem\/\"> Moley<\/a>. Choose from two specialty shots for $8, or pair your pick with any beer for just $12. It\u2019s the perfect excuse to gather your crew, raise a glass, and get lucky between rounds of mini golf. Available for a limited time &#8211; come shamrock and roll with us!<\/p>\n<p><strong>Jameson's Pub<br \/>\n<\/strong>Consider this your official excuse to start the party early. St. Patrick\u2019s Weekend at <a href=\"https:\/\/www.santamonica.com\/pt\/restaurantes\/pub-jamesons\/\">Jameson's Pub<\/a> means green beer flowing, whiskey pouring, and zero regrets. We\u2019re opening at 6 a.m. on Monday, 03\/17, because St. Paddy\u2019s waits for no one. Come enjoy drink specials, great food, live entertainment, and enough luck to carry you through the weekend!<\/p>\n<p><strong>Playland Arcade<\/strong><br \/>\nUse algo verde para <a href=\"https:\/\/www.santamonica.com\/pt\/coisas-para-fazer\/salao-de-jogos-playland\/\">Playland Arcade<\/a> and receive an extra 200 points on your game card plus a free necklace when you grab one of our St. Paddy&#8217;s Day Specials on Tuesday, 03\/17.<\/p>\n                <\/div>\n            <\/div>\n            <div class=\"sun-title-images__bottom-images\">\n                <div class=\"sun-title-images__bottom-images-wrap\">\n                                    <img decoding=\"async\" class=\"sun-title-images__bottom-image-tall\" src=\"https:\/\/www.santamonica.com\/wp-content\/uploads\/2022\/06\/mcgregor-mural-santa-monica2.jpg\" alt=\"mcgregor-mural-santa-monica2\" title=\"\">\n                                                             <img decoding=\"async\" class=\"sun-title-images__bottom-image-square\" src=\"https:\/\/www.santamonica.com\/wp-content\/uploads\/2022\/06\/santa-monica-irish-pub.jpg\" alt=\"santa-monica-irish-pub\" title=\"\">\n                                    <\/div>\n            <\/div>\n        <\/div>\n\n    <\/div>\n<\/section>\n\n\n<section class=\"sun-title sm-block --theme6 --2col sm-block\" id=\"events\">\n            <h2 class=\"sun-title__headline\">Eventos do Dia de S\u00e3o Patr\u00edcio<\/h2>    \n            <div class=\"sun-title__body  --2col wysiwyg\">\n                    <div class=\"column-1\">\n                <p><strong>Gaitas de foles na Library Ale House<br \/>\n<\/strong><em>Sunday, March 15 \u00a0&amp; Tuesday, March 17<\/em><br \/>\nAderir <a href=\"https:\/\/www.santamonica.com\/pt\/restaurantes\/a-casa-de-cerveja-da-biblioteca\/\">The Library Ale House<\/a> for St. Patrick&#8217;s Day Weekend! Enjoy a bagpipe show at 3 p.m. on Sunday and 6 p.m. on Tuesday, accompanied by a special Reuben Sandwich, Corned Beef Stew and Guiness and Jameson pouring all night long.<\/p>\n<p><strong>Happy Hour no 1212 Santa Monica<br \/>\n<\/strong><em>Saturday, March 14<br \/>\n<\/em>Santa Monica, get your green on &#8211; on Saturday, 03\/14 <a href=\"https:\/\/www.santamonica.com\/pt\/restaurantes\/1212-santa-monica\/\">1212 Santa M\u00f4nica<\/a> is going full St. Paddy\u2019s mode with green beer towers, to go drinks, and all the Irish fun you can handle. Enjoy outdoor drinks in the Entertainment Zone for the most epic St. Paddy\u2019s Day weekend yet!<\/p>\n<p><strong>O Irish Film Festival em Santa Monica<br \/>\n<\/strong><em>Friday, March 20 through Sunday, March 22<\/em><br \/>\nThe Irish Film Festival LA returns for an exciting three-day celebration of Irish Cinema at the <a href=\"https:\/\/www.santamonica.com\/pt\/coisas-para-fazer\/teatros-laemmles-monica-4-plex\/\">Centro de Cinema Laemmle Monica<\/a>. Showings include six feature films, three feature documentaries and more than 30 short films across four curated strands. The programme also includes Irish-language cinema, filmmaker Q&amp;As, and industry panels exploring emerging trends in film. Buy tickets <a href=\"https:\/\/ciacla.com\/film\/\" target=\"_blank\" rel=\"noopener\">aqui<\/a> Agora!<\/p>\n<p><strong>Santa Monica St. Patrick&#8217;s Day 2026 Bar Crawl<\/strong><br \/>\n<em>Friday, March 13 from 7:30PM &#8211; 2AM &amp; Saturday, March 14 from 7:30PM &#8211; 2AM<\/em><br \/>\nCelebrate St. Paddy&#8217;s Day with a stacked night out in Santa Monica. Hit 4+ participating venues, pay no cover at participating venues during bar crawl hours, and finish together at the final stop for some late-night party energy. Get tickets <a href=\"https:\/\/www.eventbrite.ca\/e\/santa-monica-st-patricks-day-2026-bar-crawl-friday-march-13th-tickets-1980857407830?aff=odcleoeventsincollection\" target=\"_blank\" rel=\"noopener\">aqui<\/a> Agora!<\/p>\n                            <\/div>\n            <div class=\"column-2\">\n                <p><strong>Lucky's St Patrick's Day Bar Crawl<\/strong><br \/>\n<em>Saturday, March 14 \u00a0from 4PM &#8211; 10PM<\/em><br \/>\nExperimente um bar crawl inesquec\u00edvel, repleto de drinques verdes, trevos e divers\u00e3o ininterrupta! Comece em <a href=\"https:\/\/www.santamonica.com\/pt\/restaurantes\/cabo-cantina\/\">Cantina Cabo<\/a>, e depois passeie pelos melhores bares de Santa Monica, desfrute de drinques especiais exclusivos, brindes festivos e toda a energia animada do Dia de S\u00e3o Patr\u00edcio. Obter ingressos <a href=\"https:\/\/crawlwith.us\/santamonica\/stpattys\/\" target=\"_blank\" rel=\"noopener\">aqui.<\/a><\/p>\n<p><strong>Kiss Me, I&#8217;m Irish! St. Patrick&#8217;s Day Singles Party at Weary Livers<br \/>\n<\/strong><em>Saturday, March 14 \u00a0from 7PM &#8211; 11PM<\/em><br \/>\nPrepare-se para o shamrock and roll no <a href=\"https:\/\/www.santamonica.com\/pt\/figados-cansados\/\">F\u00edgados cansados\u2019<\/a> St. Patrick\u2019s Day Singles Party &amp; Karaoke Night! Whether you\u2019re here for the green beer, our famous shamrock shakes, or the chance to belt out your favorite tunes, this is the place to be! Learn more <a href=\"https:\/\/www.santamonica.com\/pt\/evento\/kiss-me-im-irish-singles-social-mixer-santa-monica\/\" target=\"_blank\" rel=\"noopener\">aqui.<\/a><\/p>\n<p><strong>As travessuras de S\u00e3o Patr\u00edcio do Ye Olde King Head<\/strong><br \/>\n<em>Tuesday, March 17 from 10AM &#8211; 2AM<\/em><br \/>\nAproveite o Dia de S\u00e3o Patr\u00edcio em <a href=\"https:\/\/www.santamonica.com\/pt\/restaurantes\/ye-olde-kings-head\/\">Ye Olde King Head's<\/a> with a DJ, Bagpiper, Green Beer, Corned Beef and Cabbage, Drinks Specials and lots more! Come for the shenanigans and stay for the craic! Learn more <a href=\"https:\/\/www.yeoldekingshead.com\/events\/st-patricks-day-tuesday-march-17th\" target=\"_blank\" rel=\"noopener\">aqui.<\/a><\/p>\n                            <\/div>\n            <\/div>\n    <\/section>\n\n\n<section class=\"stakeholder-feed sm-block js-stk-root sm-block\" id=\"irishbars\">\n    <div class=\"stakeholder-feed__top\">\n        <div class=\"stakeholder-feed__intro\">\n                            <h2 class=\"stakeholder-feed__headline\">Bares irlandeses em Santa M\u00f4nica<\/h2>                                <\/div>\n        <div class=\"stakeholder-feed__nav-section\">\n                            <h3 class=\"stakeholder-feed__feed-title\">Comemore nestes pubs<\/h3>                                        <a href=\"https:\/\/www.santamonica.com\/pt\/restaurantes\/?stake-cat=3522&#038;stake-price=any&#038;page-num=1\" class=\"stakeholder-feed__feed-cta button --primary-teal-button\">Ver todos os bares de Santa M\u00f4nica<\/a>            \n                        <div class=\"stakeholder-feed__pagination xxx--desktop-hide\">\n                <div class=\"swiper-button-prev stakeholder-feed__pagination-prev\"><\/div>\n                <div class=\"swiper-button-next stakeholder-feed__pagination-next\"><\/div>\n            <\/div>\n        <\/div>\n    <\/div>\n    <div class=\"stakeholder-feed__bottom\">\n        <div class=\"stakeholder-feed__feed-list-wrapper swiper js-stk-swiper\">\n            <ul class=\"stakeholder-feed__feed-list swiper-wrapper js-stk-wrapper\">\n                    <li class=\"swiper-slide stakeholder-card --theme3\">\n        <a class=\"stakeholder-card__link\" href=\"https:\/\/www.santamonica.com\/pt\/restaurants\/jamesons-pub\/\">\n            <div class=\"stakeholder-card__image\">\n                <img decoding=\"async\" src=\"https:\/\/assets.simpleviewinc.com\/simpleview\/image\/upload\/crm\/santamonica\/full-1_AC41F6E0-A2D1-B06A-387E52DCFBCF43B1-ac41f563ac0630e_ac41fe91-e034-7018-499f11fb0ec2ae09.jpg\" alt=\"Jameson&#039;s Pub\" title=\"\">\n            <\/div>\n            <div class=\"stakeholder-card__stk-info\">\n                <div class=\"stakeholder-card__stk-name\">Jameson's Pub<\/div>\n                <div class=\"stakeholder-card__stk-cat\">Jantar<\/div>\n            <\/div>\n        <\/a>\n    <\/li>\n        <li class=\"swiper-slide stakeholder-card --theme3\">\n        <a class=\"stakeholder-card__link\" href=\"https:\/\/www.santamonica.com\/pt\/restaurants\/obriens-irish-pub\/\">\n            <div class=\"stakeholder-card__image\">\n                <img decoding=\"async\" src=\"https:\/\/api.threshold360.com\/step\/v2\/locations\/1323295\/thumbnail\" alt=\"O&#039;Briens Irish Pub &amp; Restaurant\" title=\"\">\n            <\/div>\n            <div class=\"stakeholder-card__stk-info\">\n                <div class=\"stakeholder-card__stk-name\">O'Briens Irish Pub &amp; Restaurant<\/div>\n                <div class=\"stakeholder-card__stk-cat\">Europeu<\/div>\n            <\/div>\n        <\/a>\n    <\/li>\n        <li class=\"swiper-slide stakeholder-card --theme3\">\n        <a class=\"stakeholder-card__link\" href=\"https:\/\/www.santamonica.com\/pt\/restaurants\/sonny-mcleans-irish-pub\/\">\n            <div class=\"stakeholder-card__image\">\n                <img decoding=\"async\" src=\"https:\/\/api.threshold360.com\/step\/v2\/locations\/1323265\/thumbnail\" alt=\"Sonny McLean&#039;s Irish Pub\" title=\"\">\n            <\/div>\n            <div class=\"stakeholder-card__stk-info\">\n                <div class=\"stakeholder-card__stk-name\">Sonny McLean's Irish Pub<\/div>\n                <div class=\"stakeholder-card__stk-cat\">Jantar<\/div>\n            <\/div>\n        <\/a>\n    <\/li>\n        <li class=\"swiper-slide stakeholder-card --theme3\">\n        <a class=\"stakeholder-card__link\" href=\"https:\/\/www.santamonica.com\/pt\/restaurants\/ye-olde-kings-head\/\">\n            <div class=\"stakeholder-card__image\">\n                <img decoding=\"async\" src=\"https:\/\/assets.simpleviewinc.com\/simpleview\/image\/upload\/crm\/santamonica\/Bangers-and-mash1_c6d37c8e-5056-b365-ab4ac1d494c3fd11.jpg\" alt=\"Cabe\u00e7a do rei antigo\" title=\"\">\n            <\/div>\n            <div class=\"stakeholder-card__stk-info\">\n                <div class=\"stakeholder-card__stk-name\">Cabe\u00e7a do rei antigo<\/div>\n                <div class=\"stakeholder-card__stk-cat\">Bar\/lounge<\/div>\n            <\/div>\n        <\/a>\n    <\/li>\n                <\/ul>\n        <\/div>\n    <\/div>\n<\/section>\n\n\n<section class=\"blog-feed --theme8 sm-block\">\n    <div class=\"blog-feed__content\">\n        <div class=\"blog-feed__intro\">\n                            <div class=\"blog-feed__eyebrow eyebrow\">Blogs<\/div>                                        <h2 class=\"blog-feed__headline\">Descubra Santa M\u00f4nica<\/h2>                                        <div class=\"blog-feed__body\"><p>Explore itiner\u00e1rios, dicas locais, pontos de interesse e aventuras selecionadas para garantir que voc\u00ea aproveite ao m\u00e1ximo sua experi\u00eancia em Santa Monica.<\/p>\n<\/div>\n                                        <a class=\"blog-feed__cta\" href=\"https:\/\/www.santamonica.com\/pt\/postagens-de-blog\/\">Ver todos os blogs<\/a>\n                    <\/div>\n\n        <ul class=\"blog-feed__list\">\n                                                <li class=\"blog-feed__item\">\n                        <a href=\"https:\/\/www.santamonica.com\/pt\/restaurants\/wine-craft-beer-craft-cocktails\/\" class=\"blog-feed__item-link\">\n                            <div class=\"blog-feed__image-ratio\">\n                                <img decoding=\"async\" class=\"blog-feed__image\" src=\"https:\/\/www.santamonica.com\/wp-content\/uploads\/2021\/06\/Santa-Monica-Local-Libations-Featured-400x400.jpg\" alt=\"Bebidas locais em Santa M\u00f4nica\" title=\"\">\n                            <\/div>\n                            <div class=\"blog-feed__card-title\">Bebidas locais em Santa M\u00f4nica<\/div>\n                        <\/a>\n                    <\/li>\n                                                                <li class=\"blog-feed__item\">\n                        <a href=\"https:\/\/www.santamonica.com\/pt\/restaurants\/a-guide-to-santa-monicas-hotel-bars\/\" class=\"blog-feed__item-link\">\n                            <div class=\"blog-feed__image-ratio\">\n                                <img decoding=\"async\" class=\"blog-feed__image\" src=\"https:\/\/www.santamonica.com\/wp-content\/uploads\/2019\/07\/desktop-1-e1563912356679-400x400.jpg\" alt=\"Um guia para os bares de hot\u00e9is de Santa M\u00f4nica\" title=\"\">\n                            <\/div>\n                            <div class=\"blog-feed__card-title\">Um guia para os bares de hot\u00e9is de Santa M\u00f4nica<\/div>\n                        <\/a>\n                    <\/li>\n                                                                <li class=\"blog-feed__item\">\n                        <a href=\"https:\/\/www.santamonica.com\/pt\/things-to-do\/arts-culture\/live-music-santa-monica\/\" class=\"blog-feed__item-link\">\n                            <div class=\"blog-feed__image-ratio\">\n                                <img decoding=\"async\" class=\"blog-feed__image\" src=\"https:\/\/www.santamonica.com\/wp-content\/uploads\/2018\/05\/Live-Music-Blog-Featured-400x400.jpg\" alt=\"M\u00fasica ao vivo em Santa M\u00f4nica\" title=\"\">\n                            <\/div>\n                            <div class=\"blog-feed__card-title\">M\u00fasica ao vivo em Santa M\u00f4nica<\/div>\n                        <\/a>\n                    <\/li>\n                                    <\/ul>\n    <\/div>\n<\/section>","protected":false},"excerpt":{"rendered":"","protected":false},"author":1450,"featured_media":350202,"parent":0,"menu_order":0,"comment_status":"closed","ping_status":"closed","template":"template-editorial.php","meta":{"_acf_changed":false,"inline_featured_image":false,"footnotes":""},"silos":[3899],"class_list":["post-343594","page","type-page","status-publish","has-post-thumbnail","hentry"],"acf":[],"_links":{"self":[{"href":"https:\/\/www.santamonica.com\/pt\/wp-json\/wp\/v2\/pages\/343594","targetHints":{"allow":["GET"]}}],"collection":[{"href":"https:\/\/www.santamonica.com\/pt\/wp-json\/wp\/v2\/pages"}],"about":[{"href":"https:\/\/www.santamonica.com\/pt\/wp-json\/wp\/v2\/types\/page"}],"author":[{"embeddable":true,"href":"https:\/\/www.santamonica.com\/pt\/wp-json\/wp\/v2\/users\/1450"}],"replies":[{"embeddable":true,"href":"https:\/\/www.santamonica.com\/pt\/wp-json\/wp\/v2\/comments?post=343594"}],"version-history":[{"count":143,"href":"https:\/\/www.santamonica.com\/pt\/wp-json\/wp\/v2\/pages\/343594\/revisions"}],"predecessor-version":[{"id":789686,"href":"https:\/\/www.santamonica.com\/pt\/wp-json\/wp\/v2\/pages\/343594\/revisions\/789686"}],"wp:featuredmedia":[{"embeddable":true,"href":"https:\/\/www.santamonica.com\/pt\/wp-json\/wp\/v2\/media\/350202"}],"wp:attachment":[{"href":"https:\/\/www.santamonica.com\/pt\/wp-json\/wp\/v2\/media?parent=343594"}],"wp:term":[{"taxonomy":"silos","embeddable":true,"href":"https:\/\/www.santamonica.com\/pt\/wp-json\/wp\/v2\/silos?post=343594"}],"curies":[{"name":"wp","href":"https:\/\/api.w.org\/{rel}","templated":true}]}}