{"id":343591,"date":"2022-06-24T17:20:48","date_gmt":"2022-06-25T00:20:48","guid":{"rendered":"https:\/\/www.santamonica.com\/?page_id=343591"},"modified":"2025-11-25T16:06:16","modified_gmt":"2025-11-26T00:06:16","slug":"acao-de-gracas","status":"publish","type":"page","link":"https:\/\/www.santamonica.com\/pt\/things-to-do\/thanksgiving\/","title":{"rendered":"Dia de A\u00e7\u00e3o de Gra\u00e7as em Santa M\u00f4nica"},"content":{"rendered":"<h2 class=\"wp-block-heading has-text-align-center base-block\" id=\"meal\">Restaurantes abertos para o jantar de A\u00e7\u00e3o de Gra\u00e7as em Santa Monica<\/h2>\n\n\n\n<div class=\"wp-block-columns is-layout-flex wp-container-core-columns-is-layout-28f84493 wp-block-columns-is-layout-flex base-block\">\n<div class=\"wp-block-column is-layout-flow wp-block-column-is-layout-flow base-block\">\n<h6 class=\"wp-block-heading base-block\"><a href=\"https:\/\/www.santamonica.com\/pt\/restaurantes\/restaurante-one-pico\/\">1 Pico<\/a><\/h6>\n\n\n\n<p class=\"base-block\">Desfrute de uma refei\u00e7\u00e3o de A\u00e7\u00e3o de Gra\u00e7as \u00e0 beira-mar enquanto o 1 Pico serve os cl\u00e1ssicos com op\u00e7\u00f5es veganas e sem gl\u00faten dispon\u00edveis. Saboreie pratos tradicionais ou misture-os com sabores litor\u00e2neos, incluindo Pan-Seared Maine Scallops. <a href=\"https:\/\/www.shuttersonthebeach.com\/dining\/1-pico\/\" target=\"_blank\" rel=\"noreferrer noopener\">Exibir o menu.<\/a><br><br><a href=\"https:\/\/www.shuttersonthebeach.com\/dining\/1-pico\/\" target=\"_blank\" rel=\"noreferrer noopener\">Fazer uma reserva<\/a><\/p>\n\n\n\n<h6 class=\"wp-block-heading base-block\"><a href=\"https:\/\/www.santamonica.com\/pt\/restaurantes\/1212-santa-monica\/\">1212 Santa M\u00f4nica<\/a><\/h6>\n\n\n\n<p class=\"base-block\">Esque\u00e7a o estresse de cozinhar e deixe o 1212 cuidar do banquete! Desfrute de um menu especial com todos os seus pratos favoritos do feriado, combinados com alguns dos pratos mais adorados do 1212. Os lugares s\u00e3o limitados, portanto, reserve com anteced\u00eancia! <a href=\"https:\/\/www.1212santamonica.com\/menus\/#thanksgiving-day\" target=\"_blank\" rel=\"noreferrer noopener\">Exibir o menu.<\/a><br><br><a href=\"https:\/\/www.1212santamonica.com\/menus\/#thanksgiving-day\" target=\"_blank\" rel=\"noreferrer noopener\">Fazer uma reserva<\/a><\/p>\n\n\n\n<h6 class=\"wp-block-heading base-block\"><a href=\"https:\/\/www.santamonica.com\/pt\/partes-interessadas\/la-monique\/\">La Monique<\/a><\/h6>\n\n\n\n<p class=\"base-block\">Visite um dos mais novos restaurantes de Santa Monica, localizado em Oceana Santa Monica! O La Monique est\u00e1 oferecendo aperitivos festivos, como Lobster &amp; Bisque e Chestnut Velout\u00e9, entradas sazonais, incluindo Roasted Turkey Roulade e Roasted New York Strip, e sobremesas indulgentes, como Pumpkin Tart Tatin e Apple Pavlova. <br><br><a href=\"https:\/\/www.opentable.com\/booking\/experiences-availability?rid=1243696&amp;restref=1243696&amp;experienceId=582195&amp;utm_source=opentable&amp;utm_medium=tms_email&amp;utm_campaign=shared\" target=\"_blank\" rel=\"noreferrer noopener\">Fazer uma reserva<\/a><\/p>\n\n\n\n<h6 class=\"wp-block-heading base-block\"><a href=\"https:\/\/www.santamonica.com\/pt\/restaurantes\/luneta\/\">Luneta<\/a><\/h6>\n\n\n\n<p class=\"base-block\">Agrade\u00e7a com um jantar californiano costeiro de tr\u00eas pratos servido das 14h \u00e0s 19h. Aproveite os servi\u00e7os de jantar no local. <a href=\"http:\/\/chrome-extension:\/\/efaidnbmnnnibpcajpcglclefindmkaj\/https:\/\/www.lunettasm.com\/wp-content\/uploads\/2025\/10\/Thanksgiving2025.pdf\" target=\"_blank\" rel=\"noreferrer noopener\">Exibir o menu.<\/a><br><br><a href=\"http:\/\/opentable.com\/r\/lunetta-reservations-santa-monica?restref=985057&amp;lang=en-US&amp;ot_source=Restaurant%20website\" target=\"_blank\" rel=\"noreferrer noopener\">Fazer uma reserva<\/a><\/p>\n\n\n\n<h6 class=\"wp-block-heading base-block\"><a href=\"https:\/\/www.santamonica.com\/pt\/restaurantes\/marelle\/\">Marelle Santa Monica<\/a><\/h6>\n\n\n\n<p class=\"base-block\">Quer esteja se reunindo com a fam\u00edlia ou amigos ou desfrutando de um jantar rom\u00e2ntico de A\u00e7\u00e3o de Gra\u00e7as, comemore com uma comida deliciosa, um servi\u00e7o excepcional e um toque do charme da costa da Calif\u00f3rnia. Reserve sua mesa, pois os lugares est\u00e3o se esgotando rapidamente! <a href=\"https:\/\/www.marelle.com\/menus\/#thanksgiving\" target=\"_blank\" rel=\"noreferrer noopener\">Exibir o menu.<\/a><br><br><a href=\"https:\/\/www.marelle.com\/\" target=\"_blank\" rel=\"noreferrer noopener\">Fazer uma reserva<\/a><\/p>\n<\/div>\n\n\n\n<div class=\"wp-block-column is-layout-flow wp-block-column-is-layout-flow base-block\">\n<h6 class=\"wp-block-heading base-block\"><a href=\"https:\/\/www.santamonica.com\/pt\/restaurantes\/carne-no-oceano\/\">Carne no oceano<\/a><\/h6>\n\n\n\n<p class=\"base-block\">Re\u00fana-se, jante e agrade\u00e7a no Meat on Ocean enquanto eles preparam a grelha e o rod\u00edzio com um menu especial de tr\u00eas pratos, al\u00e9m do menu completo durante todo o dia. <a href=\"https:\/\/cdn.prod.website-files.com\/5be7bb74dc46209d37cfe185\/6905249d5664f1fd56b4b5f0_364e143ea7cdb7e501a4a63f4db0328c_MOO-menu.png\" target=\"_blank\" rel=\"noreferrer noopener\">Exibir o menu.<\/a><br><br><a href=\"https:\/\/www.opentable.com\/booking\/restref\/availability?searchdatetime=2025-11-27T12%3A00&amp;correlationId=922c133c-3391-48ef-8cb0-c3997cb14536&amp;restRef=449833&amp;dateTime=2025-11-27T12%3A00&amp;partySize=4&amp;otCampaign=Thnxgvn2025\" target=\"_blank\" rel=\"noreferrer noopener\">Fazer uma reserva<\/a><\/p>\n\n\n\n<h6 class=\"wp-block-heading base-block\"><a href=\"https:\/\/www.santamonica.com\/pt\/restaurantes\/a-raposa-surfista\/\">Solidariedade<\/a><\/h6>\n\n\n\n<p class=\"base-block\">Desfrute de um caloroso e acolhedor Dia de A\u00e7\u00e3o de Gra\u00e7as no Solidarity em Santa Monica, onde o feriado \u00e9 comemorado com um aut\u00eantico toque polon\u00eas. Saboreie pratos tradicionais e artesanais inspirados em receitas de fam\u00edlia, todos servidos em um ambiente aconchegante e festivo que parece um lar. \u00c9 a maneira perfeita de vivenciar o Dia de A\u00e7\u00e3o de Gra\u00e7as com sabores ricos, hospitalidade sincera e o esp\u00edrito da tradi\u00e7\u00e3o polonesa.<\/p>\n\n\n\n<p class=\"base-block\"><a href=\"https:\/\/www.solidarityla.com\/\" target=\"_blank\" rel=\"noreferrer noopener\">Fazer uma reserva<\/a><\/p>\n\n\n\n<h6 class=\"wp-block-heading base-block\"><a href=\"https:\/\/www.santamonica.com\/pt\/restaurantes\/a-raposa-surfista\/\">A Raposa Surfista<\/a><\/h6>\n\n\n\n<p class=\"base-block\">Re\u00fana seus entes queridos na toca da raposa e desfrute de um jantar tradicional de A\u00e7\u00e3o de Gra\u00e7as com tr\u00eas pratos, com todos os acompanhamentos e itens favoritos do card\u00e1pio, incluindo o ceviche favorito do p\u00fablico e o sandu\u00edche de frango quente. <a href=\"https:\/\/www.thesurfingfoxsm.com\/events\/the-surfing-fox-thanksgiving-specials\/\" target=\"_blank\" rel=\"noreferrer noopener\">Exibir o menu.<\/a><\/p>\n\n\n\n<p class=\"base-block\"><a href=\"https:\/\/www.opentable.com\/restref\/client\/?restref=1272778&amp;lang=en-US&amp;ot_source=Restaurant%20website&amp;corrid=78d4c0c3-309f-4e74-b517-ec549f7d87bc\" target=\"_blank\" rel=\"noreferrer noopener\">Fazer uma reserva<\/a><\/p>\n\n\n\n<h6 class=\"wp-block-heading base-block\"><a href=\"https:\/\/www.santamonica.com\/pt\/restaurantes\/restaurante-terrazza\/\">Terrazza<\/a><\/h6>\n\n\n\n<p class=\"base-block\">Deixe os pratos por conta do Terrazza e desfrute de uma refei\u00e7\u00e3o de A\u00e7\u00e3o de Gra\u00e7as de tr\u00eas pratos na bela praia de Santa Monica. Op\u00e7\u00f5es veganas e vegetarianas dispon\u00edveis. <a href=\"https:\/\/www.hotelcasadelmar.com\/dining\/terrazza\/\" target=\"_blank\" rel=\"noreferrer noopener\">Exibir o menu.<\/a><br><br><a href=\"https:\/\/www.hotelcasadelmar.com\/dining\/terrazza\/\" target=\"_blank\" rel=\"noreferrer noopener\">Fazer uma reserva<\/a><\/p>\n\n\n\n<h6 class=\"wp-block-heading base-block\"><a href=\"https:\/\/www.santamonica.com\/pt\/restaurantes\/grelha-de-agua\/\">Grelha de \u00e1gua<\/a><\/h6>\n\n\n\n<p class=\"base-block\">Re\u00fana-se no Water Grill no Dia de A\u00e7\u00e3o de Gra\u00e7as para saborear seu menu especial de tr\u00eas pratos de A\u00e7\u00e3o de Gra\u00e7as, dispon\u00edvel o dia todo, al\u00e9m do menu completo. <a href=\"https:\/\/cdn.prod.website-files.com\/5bd78ffdfc757ce771e4bf46\/6904ee403f49ac4bc82b7088_5ae8ba65e4ffc4b67b680304f1230f8e_wg-thanksgiving-menu.png\" target=\"_blank\" rel=\"noreferrer noopener\">Exibir o menu.<\/a><br><br><a href=\"https:\/\/www.opentable.com\/restref\/client\/?restref=108970&amp;datetime=2025-11-27T12%3A00&amp;searchdatetime=2025-11-27T12%3A00&amp;covers=4&amp;partysize=4&amp;corrid=1fbd68a5-2430-4370-8e7b-0729ba9cde11&amp;ot_campaign=Thnxgvn2025\" target=\"_blank\" rel=\"noreferrer noopener\">Fazer uma reserva<\/a><\/p>\n<\/div>\n<\/div>\n\n\n\n<h2 class=\"wp-block-heading has-text-align-center base-block\" id=\"desserts\">Catering para o Dia de A\u00e7\u00e3o de Gra\u00e7as<\/h2>\n\n\n\n<div class=\"wp-block-columns is-layout-flex wp-container-core-columns-is-layout-28f84493 wp-block-columns-is-layout-flex base-block\">\n<div class=\"wp-block-column is-layout-flow wp-block-column-is-layout-flow base-block\">\n<h6 class=\"wp-block-heading base-block\"><a href=\"https:\/\/www.santamonica.com\/pt\/restaurantes\/augies-on-main\/\">Augies on main<\/a><\/h6>\n\n\n\n<p class=\"base-block\">O Augie's on Main oferecer\u00e1 v\u00e1rios pacotes para retirada e reaquecimento. As op\u00e7\u00f5es incluir\u00e3o tanto o pacote para viagem do Dirty Chicken quanto a op\u00e7\u00e3o para viagem do Prime Rib. <br><br><a href=\"https:\/\/www.augiesonmain.com\/thanksgiving-2025\" target=\"_blank\" rel=\"noreferrer noopener\">Veja o card\u00e1pio completo e fa\u00e7a sua pr\u00e9-encomenda aqui.<\/a><\/p>\n\n\n\n<h6 class=\"wp-block-heading base-block\"><a href=\"https:\/\/www.santamonica.com\/pt\/restaurantes\/loja-agricola\/\">loja agr\u00edcola<\/a><\/h6>\n\n\n\n<p class=\"base-block\">Comemore a temporada com uma refei\u00e7\u00e3o de A\u00e7\u00e3o de Gra\u00e7as totalmente preparada, com peru macio, acompanhamentos cl\u00e1ssicos e sobremesas rec\u00e9m-assadas feitas com os melhores ingredientes locais. Fa\u00e7a sua pr\u00e9-encomenda hoje mesmo e torne suas f\u00e9rias mais f\u00e1ceis. Favor aguardar 48 horas de anteced\u00eancia para todos os pedidos.<br><br><a href=\"https:\/\/www.toasttab.com\/catering\/farmshop-santa-monica-225-26th-street\/menu\/thanksgiving%202025\/?mode=fulfillment\" target=\"_blank\" rel=\"noreferrer noopener\">Veja o card\u00e1pio completo e fa\u00e7a sua pr\u00e9-encomenda aqui.<\/a><\/p>\n\n\n\n<h6 class=\"wp-block-heading base-block\"><a href=\"https:\/\/www.santamonica.com\/pt\/restaurantes\/restaurante-fia\/\">restaurante fia<\/a><\/h6>\n\n\n\n<p class=\"base-block\">Concentre-se na companhia ao redor da mesa com os pacotes para viagem do Fia, que oferecem um jantar cl\u00e1ssico de A\u00e7\u00e3o de Gra\u00e7as ou um jantar vegano de A\u00e7\u00e3o de Gra\u00e7as. Eleve ainda mais o n\u00edvel da refei\u00e7\u00e3o pedindo combina\u00e7\u00f5es de vinhos selecionadas pelo sommelier do Fia.<br><br><a href=\"https:\/\/www.fiarestaurant.com\/store\" target=\"_blank\" rel=\"noreferrer noopener\">Veja o card\u00e1pio completo e fa\u00e7a sua pr\u00e9-encomenda aqui.<\/a><\/p>\n<\/div>\n\n\n\n<div class=\"wp-block-column is-layout-flow wp-block-column-is-layout-flow base-block\">\n<h6 class=\"wp-block-heading base-block\"><a href=\"https:\/\/www.santamonica.com\/pt\/restaurantes\/melisse\/\">Melisse<\/a><\/h6>\n\n\n\n<p class=\"base-block\">Este ano, re\u00fana-se em torno de um banquete preparado no Melisse, um restaurante de 2 estrelas Michelin, e desfrute de um jantar repleto de sabores sazonais, detalhes atenciosos e cuidados atemporais.<br><br><a href=\"https:\/\/www.exploretock.com\/melisse?tock_medium=search_nav&amp;tock_source=tock\" target=\"_blank\" rel=\"noreferrer noopener\">Veja o card\u00e1pio completo e fa\u00e7a sua pr\u00e9-encomenda aqui.<\/a><\/p>\n\n\n\n<h6 class=\"wp-block-heading base-block\"><a href=\"https:\/\/www.santamonica.com\/pt\/restaurantes\/socalo\/\">socalo<\/a><\/h6>\n\n\n\n<p class=\"base-block\">Comemore as festas de fim de ano com um banquete repleto de pratos favoritos das chefs Susan Feniger e Mary Sue Milliken. Fa\u00e7a seu pedido e desfrute do jantar em casa com instru\u00e7\u00f5es simples de aquecimento e servi\u00e7o para facilitar a recep\u00e7\u00e3o.<br><br><a href=\"https:\/\/www.toasttab.com\/catering\/socalo?mode=fulfillment\" target=\"_blank\" rel=\"noreferrer noopener\">Veja o card\u00e1pio completo e fa\u00e7a sua pr\u00e9-encomenda aqui.<\/a><\/p>\n\n\n\n<h6 class=\"wp-block-heading base-block\"><a href=\"https:\/\/www.santamonica.com\/pt\/restaurantes\/tiato-market-garden-cafe\/\">tiato<\/a><\/h6>\n\n\n\n<p class=\"base-block\">Est\u00e1 organizando um Friendsgiving, comemorando com colegas ou familiares ou desejando conforto na medida certa? Os chefs do Tiato criaram o prato perfeito para o feriado, para que voc\u00ea possa se concentrar na comemora\u00e7\u00e3o.<br><br><a href=\"https:\/\/www.toasttab.com\/catering\/tiato-kitchen-garden-2700-colorado-blvd\" target=\"_blank\" rel=\"noreferrer noopener\">Veja o card\u00e1pio completo e fa\u00e7a sua pr\u00e9-encomenda aqui.<\/a><\/p>\n<\/div>\n<\/div>\n\n\n\n<h2 class=\"wp-block-heading has-text-align-center base-block\" id=\"activities\">Coisas para fazer durante o Dia de A\u00e7\u00e3o de Gra\u00e7as<\/h2>\n\n\n\n<div class=\"wp-block-columns is-layout-flex wp-container-core-columns-is-layout-28f84493 wp-block-columns-is-layout-flex base-block\">\n<div class=\"wp-block-column is-layout-flow wp-block-column-is-layout-flow base-block\">\n<h6 class=\"wp-block-heading base-block\"><a href=\"https:\/\/www.santamonica.com\/pt\/coisas-para-fazer\/a-escola-gourmandise\/\">a escola gourmandise<\/a><\/h6>\n\n\n\n<p class=\"base-block\">Desfrute de uma variedade de aulas de A\u00e7\u00e3o de Gra\u00e7as, desde tortas de outono, acompanhamentos de A\u00e7\u00e3o de Gra\u00e7as, a refei\u00e7\u00e3o de A\u00e7\u00e3o de Gra\u00e7as e muito mais. <a href=\"https:\/\/thegourmandiseschool.com\/\" target=\"_blank\" rel=\"noreferrer noopener\">Veja o calend\u00e1rio e reserve sua parada aqui<\/a>.<\/p>\n\n\n\n<h6 class=\"wp-block-heading base-block\"><a href=\"https:\/\/www.santamonica.com\/pt\/evento\/gelo-em-santa-monica\/2025-01-20\/\">gelo santa m\u00f4nica<\/a><\/h6>\n\n\n\n<p class=\"base-block\">Patine durante o feriado na maior pista de patina\u00e7\u00e3o no gelo de Santa Monica, localizada no cora\u00e7\u00e3o do centro da cidade.<\/p>\n<\/div>\n\n\n\n<div class=\"wp-block-column is-layout-flow wp-block-column-is-layout-flow base-block\">\n<h6 class=\"wp-block-heading base-block\"><a href=\"https:\/\/www.santamonica.com\/pt\/evento\/trote-do-peru\/\">trote do peru<\/a><\/h6>\n\n\n\n<p class=\"base-block\">Corra a Turkey Trot Half Marathon, 15K, 10K e 5K e comece a suar antes de mergulhar no banquete do Dia de A\u00e7\u00e3o de Gra\u00e7as.<\/p>\n<\/div>\n<\/div>\n\n\n\n<p class=\"has-text-align-center base-block\"><strong>Empresas de Santa M\u00f4nica:<\/strong><br>Envie uma oferta especial para que ela seja adicionada a esta p\u00e1gina,&nbsp;<a href=\"https:\/\/www.santamonica.com\/pt\/formulario-de-envio-de-promocoes-comerciais\/\">envie suas ofertas aqui<\/a>.<\/p>\n\n\n    <section class=\"booking-cta --theme5 sm-block\">\n    <div id=\"widget-container-2070\"><\/div>\n<script type=\"text\/javascript\">\n  (function() {\n    var script = document.createElement('script');\n    script.type = 'text\/javascript';\n    script.async = 'true';\n    script.src = \"https:\/\/admin.bookdirect.net\/hs4\/widgets\/2070.js?widget_element=widget-container-2070\";\n    document.body.appendChild(script);\n  })();\n<\/script>\n    <\/section>\n\n\n\n<section class=\"blog-feed --theme8 sm-block\">\n    <div class=\"blog-feed__content\">\n        <div class=\"blog-feed__intro\">\n                            <div class=\"blog-feed__eyebrow eyebrow\">Blogs<\/div>                                        <h2 class=\"blog-feed__headline\">Descubra Santa M\u00f4nica<\/h2>                                        <div class=\"blog-feed__body\"><p>Explore itiner\u00e1rios, dicas locais, pontos de interesse e aventuras selecionadas para garantir que voc\u00ea aproveite ao m\u00e1ximo sua experi\u00eancia em Santa Monica.<\/p>\n<\/div>\n                                        <a class=\"blog-feed__cta\" href=\"https:\/\/www.santamonica.com\/pt\/postagens-de-blog\/\">Ver todos os blogs<\/a>\n                    <\/div>\n\n        <ul class=\"blog-feed__list\">\n                                                <li class=\"blog-feed__item\">\n                        <a href=\"https:\/\/www.santamonica.com\/pt\/trip-planner\/southern-california-road-trip\/\" class=\"blog-feed__item-link\">\n                            <div class=\"blog-feed__image-ratio\">\n                                <img decoding=\"async\" class=\"blog-feed__image\" src=\"https:\/\/www.santamonica.com\/wp-content\/uploads\/2021\/08\/Santa-Monica-Coast-Featured-400x400.jpg\" alt=\"Viagem de 10 dias pelo sul da Calif\u00f3rnia\" title=\"\">\n                            <\/div>\n                            <div class=\"blog-feed__card-title\">Viagem de 10 dias pelo sul da Calif\u00f3rnia<\/div>\n                        <\/a>\n                    <\/li>\n                                                                <li class=\"blog-feed__item\">\n                        <a href=\"https:\/\/www.santamonica.com\/pt\/restaurants\/santa-monica-coffee-shops\/\" class=\"blog-feed__item-link\">\n                            <div class=\"blog-feed__image-ratio\">\n                                <img decoding=\"async\" class=\"blog-feed__image\" src=\"https:\/\/www.santamonica.com\/wp-content\/uploads\/2023\/10\/best-santa-monica-coffee-shops-400x400.jpg\" alt=\"11 melhores cafeterias e casas de ch\u00e1 de Santa M\u00f4nica\" title=\"\">\n                            <\/div>\n                            <div class=\"blog-feed__card-title\">11 melhores cafeterias e casas de ch\u00e1 de Santa M\u00f4nica<\/div>\n                        <\/a>\n                    <\/li>\n                                                                <li class=\"blog-feed__item\">\n                        <a href=\"https:\/\/www.santamonica.com\/pt\/restaurants\/wine-craft-beer-craft-cocktails\/\" class=\"blog-feed__item-link\">\n                            <div class=\"blog-feed__image-ratio\">\n                                <img decoding=\"async\" class=\"blog-feed__image\" src=\"https:\/\/www.santamonica.com\/wp-content\/uploads\/2021\/06\/Santa-Monica-Local-Libations-Featured-400x400.jpg\" alt=\"Bebidas locais em Santa M\u00f4nica\" title=\"\">\n                            <\/div>\n                            <div class=\"blog-feed__card-title\">Bebidas locais em Santa M\u00f4nica<\/div>\n                        <\/a>\n                    <\/li>\n                                    <\/ul>\n    <\/div>\n<\/section>","protected":false},"excerpt":{"rendered":"<p>Restaurants Open for Thanksgiving Dinner in Santa Monica FIA Restaurant Fia will be open for Thanksgiving dining. See the menu here. Jameson\u2019s Pub Join Jameson\u2019s Pub for all you can eat holiday dinner on Thanksgiving Day for only $19.90 per person. Your choice of Roasted Turkey, Honey Baked Ham, or Prime Rib Roast with all the fixin\u2019s. Lunetta Enjoy Thanksgiving at Lunetta. Dine-in 2PM-7PM by reservations only. View menu here. Marelle Santa Monica Join Marelle for a festive Thanksgiving Brunch, available from 11AM to 3PM. From 4 PM to 10 PM, enjoy special Thanksgiving family dinner, featuring a pre-set menu [\u2026]<\/p>\n","protected":false},"author":1450,"featured_media":299767,"parent":0,"menu_order":0,"comment_status":"closed","ping_status":"closed","template":"template-editorial.php","meta":{"_acf_changed":false,"inline_featured_image":false,"footnotes":""},"silos":[3899],"class_list":["post-343591","page","type-page","status-publish","has-post-thumbnail","hentry"],"acf":[],"_links":{"self":[{"href":"https:\/\/www.santamonica.com\/pt\/wp-json\/wp\/v2\/pages\/343591","targetHints":{"allow":["GET"]}}],"collection":[{"href":"https:\/\/www.santamonica.com\/pt\/wp-json\/wp\/v2\/pages"}],"about":[{"href":"https:\/\/www.santamonica.com\/pt\/wp-json\/wp\/v2\/types\/page"}],"author":[{"embeddable":true,"href":"https:\/\/www.santamonica.com\/pt\/wp-json\/wp\/v2\/users\/1450"}],"replies":[{"embeddable":true,"href":"https:\/\/www.santamonica.com\/pt\/wp-json\/wp\/v2\/comments?post=343591"}],"version-history":[{"count":160,"href":"https:\/\/www.santamonica.com\/pt\/wp-json\/wp\/v2\/pages\/343591\/revisions"}],"predecessor-version":[{"id":777927,"href":"https:\/\/www.santamonica.com\/pt\/wp-json\/wp\/v2\/pages\/343591\/revisions\/777927"}],"wp:featuredmedia":[{"embeddable":true,"href":"https:\/\/www.santamonica.com\/pt\/wp-json\/wp\/v2\/media\/299767"}],"wp:attachment":[{"href":"https:\/\/www.santamonica.com\/pt\/wp-json\/wp\/v2\/media?parent=343591"}],"wp:term":[{"taxonomy":"silos","embeddable":true,"href":"https:\/\/www.santamonica.com\/pt\/wp-json\/wp\/v2\/silos?post=343591"}],"curies":[{"name":"wp","href":"https:\/\/api.w.org\/{rel}","templated":true}]}}