{"id":342957,"date":"2022-06-24T08:57:52","date_gmt":"2022-06-24T15:57:52","guid":{"rendered":"https:\/\/www.santamonica.com\/?page_id=342957"},"modified":"2026-04-08T11:29:19","modified_gmt":"2026-04-08T18:29:19","slug":"quatro-de-julho","status":"publish","type":"page","link":"https:\/\/www.santamonica.com\/pt\/things-to-do\/fourth-of-july\/","title":{"rendered":"Quatro de julho"},"content":{"rendered":"<section class=\"image-section-break sm-block\" id=\"goody\">\n    <div class=\"image-section-break__image-wrapper\">\n                    <picture>\n                    <source\n                        media=\"(min-width: 768px)\"\n                        srcset=\"https:\/\/www.santamonica.com\/wp-content\/uploads\/2024\/06\/smtt-4th-of-july-bag-1656x574-2.jpg\"\n                    >\n                    <img decoding=\"async\" src=\"https:\/\/www.santamonica.com\/wp-content\/uploads\/2024\/06\/smtt-4th-of-july-bag-650x866-2.jpg\" class=\"image-section-break__image\" alt=\"\" title=\"\">\n            <\/picture>\n                \n\n    <\/div>\n    <div class=\"image-section-break__text-content\">\n        <div class=\"image-section-break__first-content --theme3\">\n                            <div class=\"image-section-break__eyebrow-text\">Celebrar as artes<\/div>\n                                        <h2 class=\"image-section-break__title\">Pegue sua Goody Bag gratuita para divers\u00e3o em fam\u00edlia<\/h2>\n                                        <div class=\"image-section-break__body-copy wysiwyg\"><p>Centro de Visitantes da Main Street<br \/>\n2427 Main Street<br \/>\nSanta M\u00f4nica, CA 90405<\/p>\n<\/div>\n                                <\/div>\n        <div class=\"image-section-break__second-content\">\n                            <div class=\"image-section-break__body-copy wysiwyg\"><p><em>Celebrar as artes<\/em> com a Santa Monica neste 4 de julho! Estamos dando o pontap\u00e9 inicial com 200 sacolas infantis GRATUITAS, incluindo um kit de arte, uma folha para colorir e algumas guloseimas com o tema de Santa Monica. Visite o Main Street Visitor Information Center, localizado na Main Street, 2427, aberto das 9h \u00e0s 17h, sete dias por semana, para pegar sua sacola e dar asas \u00e0 criatividade. N\u00e3o se esque\u00e7a de devolver sua obra-prima conclu\u00edda para ser exibida na vitrine do Visitor Center.<\/p>\n<\/div>\n                                <\/div>\n    <\/div>\n<\/section>\n\n\n\n<section class=\"two-images container-max sm-block --flip sm-block\">\n    <div class=\"two-images__container --flip\">\n\n        <div class=\"two-images__column\">\n            <div class=\"two-images__content\">\n                <div class=\"two-images__content-header-container\">\n                                            <h2 class=\"two-images__content-header\">Eventos gratuitos de 4 de julho<\/h2>                                    <\/div>\n                                    <div class=\"two-images__content-body wysiwyg\">\n                        <p>Dirija-se ao P\u00eder de Santa M\u00f4nica e ao Pacific Park, de 3 a 7 de julho, do anoitecer \u00e0s 12h30, para ver o <a href=\"https:\/\/www.santamonica.com\/pt\/evento\/celebracao-do-fim-de-semana-de-quatro-de-julho-da-pacific-wheels\/2024-07-07\/\">Roda do Pac\u00edfico<\/a> exibi\u00e7\u00e3o especial em vermelho, branco e azul, em comemora\u00e7\u00e3o ao Dia da Independ\u00eancia.<\/p>\n<p>Junte-se aos moradores e visitantes de Santa Monica no evento para todas as idades <a href=\"https:\/\/www.santamonica.com\/pt\/evento\/desfile-de-quatro-de-julho\/\" rel=\"noopener\">Desfile anual de 4 de julho<\/a>, que acontece na ter\u00e7a-feira, 4 de julho, a partir das 9h30. Realizado h\u00e1 16 anos, esse desfile \u00e9 uma verdadeira demonstra\u00e7\u00e3o do esp\u00edrito vermelho, branco e azul.<\/p>\n<p>D\u00ea uma passada no Ocean View Hotel para aproveitar o <a href=\"https:\/\/www.santamonica.com\/pt\/evento\/festa-de-quatro-de-julho-com-as-estrelas\/\">Festa de 4 de julho com as estrelas<\/a>, O evento contar\u00e1 com pinturas faciais profissionais, som do DJ Dani Rox e muito mais. As festividades ser\u00e3o realizadas no p\u00e1tio da frente, das 15h \u00e0s 17h, no dia 4 de julho.<\/p>\n                    <\/div>\n                                            <\/div>\n        <\/div>\n\n        <div class=\"two-images__column\">\n                            <div class=\"two-images__image-container\">\n                    <img decoding=\"async\" width=\"424\" height=\"504\" src=\"https:\/\/www.santamonica.com\/wp-content\/uploads\/2022\/06\/july-4-parade-santa-monica.jpg\" class=\"two-images__image\" alt=\"\" loading=\"lazy\" srcset=\"https:\/\/www.santamonica.com\/wp-content\/uploads\/2022\/06\/july-4-parade-santa-monica.jpg 424w, https:\/\/www.santamonica.com\/wp-content\/uploads\/2022\/06\/july-4-parade-santa-monica-252x300.jpg 252w, https:\/\/www.santamonica.com\/wp-content\/uploads\/2022\/06\/july-4-parade-santa-monica-126x150.jpg 126w\" sizes=\"auto, (max-width: 424px) 100vw, 424px\" title=\"\">                    \n\n            <div class=\"img-lctn-tag --no-link two-images__image-caption --right\">Desfile de 4 de julho em Santa M\u00f4nica<\/div>\n                    <\/div>\n                    <\/div>\n\n        <div class=\"two-images__column\">\n                            <div class=\"two-images__image-container\">\n                    <img decoding=\"async\" width=\"600\" height=\"564\" src=\"https:\/\/www.santamonica.com\/wp-content\/uploads\/2022\/06\/santa-monica-college-independance.jpg\" class=\"two-images__image\" alt=\"Desfile de 4 de julho em Santa M\u00f4nica\" loading=\"lazy\" srcset=\"https:\/\/www.santamonica.com\/wp-content\/uploads\/2022\/06\/santa-monica-college-independance.jpg 600w, https:\/\/www.santamonica.com\/wp-content\/uploads\/2022\/06\/santa-monica-college-independance-300x282.jpg 300w, https:\/\/www.santamonica.com\/wp-content\/uploads\/2022\/06\/santa-monica-college-independance-160x150.jpg 160w\" sizes=\"auto, (max-width: 600px) 100vw, 600px\" title=\"\">                    \n\n            <div class=\"img-lctn-tag --no-link two-images__image-caption --right\">Desfile de 4 de julho em Santa M\u00f4nica<\/div>\n                    <\/div>\n                    <\/div>\n\n    <\/div>\n<\/section>\n\n\n<section class=\"sun-title sm-block --theme6 sm-block\">\n            <h3 class=\"sun-title__headline\">Obtenha uma excelente vista do 4 de julho em Los Angeles a partir de Santa Monica<\/h3>    \n            <div class=\"sun-title__body  wysiwyg\">\n                    <p>Re\u00fana alguns amigos ou toda a fam\u00edlia e crie sua pr\u00f3pria festa de 4 de julho! Aqui est\u00e3o apenas alguns pontos de Santa Monica conhecidos por suas vistas deslumbrantes do Oceano Pac\u00edfico, para que voc\u00ea possa comemorar o Dia da Independ\u00eancia em estilo de Los Angeles:<\/p>\n<ul>\n<li>No topo do <a href=\"https:\/\/www.santamonica.com\/pt\/evento\/celebracao-do-fim-de-semana-de-quatro-de-julho-da-pacific-wheels\/2024-07-03\/\">Pacific Park<\/a> Roda gigante no P\u00eder de Santa M\u00f4nica<\/li>\n<li>Em <a href=\"http:\/\/www.smgov.net\/Portals\/Beach\/\" target=\"_blank\" rel=\"noopener noreferrer\">Praia de Santa M\u00f4nica<\/a><\/li>\n<li>A Penthouse em <a href=\"https:\/\/www.santamonica.com\/pt\/hotel\/huntley-santa-monica-beach\/\">Huntley Santa Monica Beach<\/a><\/li>\n<li><a href=\"https:\/\/www.santamonica.com\/pt\/loja\/santa-monica-place\/\">Santa Monica Place<\/a> deck para refei\u00e7\u00f5es<\/li>\n<li>Relaxar em <a href=\"https:\/\/www.santamonica.com\/pt\/restaurante\/elephante-beach-house\/\">\u00c9lephante Beach House<\/a><\/li>\n<li>O bar\/piscina na cobertura do <a href=\"https:\/\/www.santamonica.com\/pt\/hotel\/hotel-santa-monica-proper\/\">Santa Monica Proper Hotel<\/a><\/li>\n<li>Ou experimente qualquer um dos <a href=\"https:\/\/www.santamonica.com\/pt\/restaurantes-em-santa-monica\/#?filters=%7B%22neighborhood%22:%22santa-monica-pier-area-ocean-avenue%22%7D\">restaurantes na Ocean Avenue<\/a><\/li>\n<\/ul>\n                        <\/div>\n    <\/section>\n\n\n\n<p class=\"base-block\"><\/p>\n\n\n\n<section class=\"image-section-break sm-block\">\n    <div class=\"image-section-break__image-wrapper\">\n                    <picture>\n                    <source\n                        media=\"(min-width: 768px)\"\n                        srcset=\"https:\/\/www.santamonica.com\/wp-content\/uploads\/2022\/06\/july-fourth-fireworks-d.jpg\"\n                    >\n                    <img decoding=\"async\" src=\"https:\/\/www.santamonica.com\/wp-content\/uploads\/2022\/06\/july-fourth-fireworks-m.jpg\" class=\"image-section-break__image\" alt=\"\" title=\"\">\n            <\/picture>\n                \n\n    <\/div>\n    <div class=\"image-section-break__text-content\">\n        <div class=\"image-section-break__first-content --theme3\">\n                                        <h3 class=\"image-section-break__title\">\u00c1reas vizinhas dos shows de fogos de artif\u00edcio de Santa M\u00f4nica<\/h3>\n                                        <div class=\"image-section-break__body-copy wysiwyg\"><p>Desfrute de belas exibi\u00e7\u00f5es de fogos de artif\u00edcio em locais famosos de Los Angeles, como Pacific Palisades e Marina Del Ray, com m\u00fasica ao vivo, filmes e desfiles.<\/p>\n<p><a href=\"https:\/\/www.visitlongbeach.com\/blog\/4th-of-july-in-long-beach\/\" target=\"_blank\" rel=\"noopener\">Fogos de artif\u00edcio na orla de Long Beach<\/a><a href=\"http:\/\/palisades4th.com\/\" target=\"_blank\" rel=\"noopener noreferrer\"><br \/>\n<\/a>Ao longo da orla de Long Beach<br \/>\nSexta-feira, 4 de julho | 21h<br \/>\nCusto: Gratuito<\/p>\n<p><a href=\"https:\/\/www.universalstudioshollywood.com\/web\/en\/us\/things-to-do\/events-and-seasonal-activities\/fourth-of-july-celebration\" target=\"_blank\" rel=\"noopener\">Celebra\u00e7\u00e3o de 4 de julho no Universal Studios<\/a><br \/>\n100 Universal City Plaza<br \/>\nSexta-feira, 4 de julho | O dia todo<br \/>\nCusto: Pre\u00e7o do ingresso<\/p>\n<\/div>\n                                <\/div>\n        <div class=\"image-section-break__second-content\">\n                            <div class=\"image-section-break__body-copy wysiwyg\"><p><a href=\"https:\/\/visitmdr.com\/events\/july-4-fireworks-marina-del-rey\" target=\"_blank\" rel=\"noopener noreferrer\">Celebra\u00e7\u00e3o de fogos de artif\u00edcio em Marina Del Rey<\/a><br \/>\nBurton Chace Park (13650 Mindanao Way) ou Fisherman's Village (13755 Fiji Way)<br \/>\nSexta-feira, 4 de julho | 9-9:20pm<br \/>\nCusto: Gratuito<\/p>\n<p><a href=\"https:\/\/www.sixflags.com\/magicmountain\/events\/july-celebration\" target=\"_blank\" rel=\"noopener\">Six Flags Magic Mountain<\/a><br \/>\n26101 Magic Mountain Pkwy<br \/>\nQuinta-feira, 4 de julho -6| 9:15pm<br \/>\nCusto: Pre\u00e7o do ingresso<\/p>\n<\/div>\n                                <\/div>\n    <\/div>\n<\/section>\n\n\n\n<section class=\"two-images container-max sm-block  sm-block\">\n    <div class=\"two-images__container\">\n\n        <div class=\"two-images__column\">\n            <div class=\"two-images__content\">\n                <div class=\"two-images__content-header-container\">\n                                            <h2 class=\"two-images__content-header\">Descubra os eventos de Santa M\u00f4nica<\/h2>                                    <\/div>\n                                    <div class=\"two-images__content-body wysiwyg\">\n                        <p>Santa Monica \u00e9 um \u00f3timo lugar para participar de um evento gra\u00e7as ao clima ameno durante todo o ano, \u00e0 proximidade de Los Angeles e aos locais exclusivos para eventos. Caminhe, ande de bicicleta ou pegue a linha E do metr\u00f4 e aproveite os in\u00fameros eventos de Santa Monica. Esse ref\u00fagio \u00e0 beira-mar tem eventos e entretenimento exclusivos durante todo o ano - muitos deles gratuitos e realizados ao ar livre! Leve a fam\u00edlia para conhecer o ic\u00f4nico Pacific Park ou planeje o passeio de s\u00e1bado perfeito ao descobrir os eventos em Los Angeles neste fim de semana.<\/p>\n                    <\/div>\n                                                    <div class=\"two-images__content-cta\">\n                        <a class=\"two-images__cta\" href=\"https:\/\/www.santamonica.com\/pt\/eventos\/eventos-anuais\/\" target=\"\">Exibir os principais eventos<\/a>\n                    <\/div>\n                            <\/div>\n        <\/div>\n\n        <div class=\"two-images__column\">\n                            <div class=\"two-images__image-container\">\n                    <img decoding=\"async\" width=\"425\" height=\"505\" src=\"https:\/\/www.santamonica.com\/wp-content\/uploads\/2022\/06\/events-santa-monica.jpg\" class=\"two-images__image\" alt=\"eventos santa monica\" loading=\"lazy\" srcset=\"https:\/\/www.santamonica.com\/wp-content\/uploads\/2022\/06\/events-santa-monica.jpg 425w, https:\/\/www.santamonica.com\/wp-content\/uploads\/2022\/06\/events-santa-monica-252x300.jpg 252w, https:\/\/www.santamonica.com\/wp-content\/uploads\/2022\/06\/events-santa-monica-126x150.jpg 126w\" sizes=\"auto, (max-width: 425px) 100vw, 425px\" title=\"\">                    \n\n                <\/div>\n                    <\/div>\n\n        <div class=\"two-images__column\">\n                            <div class=\"two-images__image-container\">\n                    <img decoding=\"async\" width=\"600\" height=\"565\" src=\"https:\/\/www.santamonica.com\/wp-content\/uploads\/2022\/06\/fall-events-santa-monica.jpg\" class=\"two-images__image\" alt=\"eventos de outono em santa m\u00f4nica\" loading=\"lazy\" srcset=\"https:\/\/www.santamonica.com\/wp-content\/uploads\/2022\/06\/fall-events-santa-monica.jpg 600w, https:\/\/www.santamonica.com\/wp-content\/uploads\/2022\/06\/fall-events-santa-monica-300x283.jpg 300w, https:\/\/www.santamonica.com\/wp-content\/uploads\/2022\/06\/fall-events-santa-monica-159x150.jpg 159w\" sizes=\"auto, (max-width: 600px) 100vw, 600px\" title=\"\">                    \n\n                <\/div>\n                    <\/div>\n\n    <\/div>\n<\/section>\n\n\n<section class=\"blog-feed --theme8 sm-block\">\n    <div class=\"blog-feed__content\">\n        <div class=\"blog-feed__intro\">\n                            <div class=\"blog-feed__eyebrow eyebrow\">Blogs<\/div>                                        <h2 class=\"blog-feed__headline\">Descubra Santa M\u00f4nica<\/h2>                                        <div class=\"blog-feed__body\"><p>Explore itiner\u00e1rios, dicas locais, pontos de interesse e aventuras selecionadas para garantir que voc\u00ea aproveite ao m\u00e1ximo sua experi\u00eancia em Santa Monica.<\/p>\n<\/div>\n                                        <a class=\"blog-feed__cta\" href=\"https:\/\/www.santamonica.com\/pt\/postagens-de-blog\/\">Ver todos os blogs<\/a>\n                    <\/div>\n\n        <ul class=\"blog-feed__list\">\n                                                <li class=\"blog-feed__item\">\n                        <a href=\"https:\/\/www.santamonica.com\/pt\/mother-road-modern-meetings-route-66-meeting-spaces-set-to-shine-for-centennial-in-santa-monica\/\" class=\"blog-feed__item-link\">\n                            <div class=\"blog-feed__image-ratio\">\n                                <img decoding=\"async\" class=\"blog-feed__image\" src=\"https:\/\/www.santamonica.com\/wp-content\/uploads\/2025\/12\/untitledJuly20162C2020180010-182-2-400x400.jpg\" alt=\"ESTRADA M\u00c3E, REUNI\u00d5ES MODERNAS: ESPA\u00c7OS PARA REUNI\u00d5ES DA ROTA 66 PREPARADOS PARA BRILHAR NO CENTEN\u00c1RIO EM SANTA M\u00d4NICA\" title=\"\">\n                            <\/div>\n                            <div class=\"blog-feed__card-title\">ESTRADA M\u00c3E, REUNI\u00d5ES MODERNAS: ESPA\u00c7OS PARA REUNI\u00d5ES DA ROTA 66 PREPARADOS PARA BRILHAR NO CENTEN\u00c1RIO EM SANTA M\u00d4NICA<\/div>\n                        <\/a>\n                    <\/li>\n                                                                <li class=\"blog-feed__item\">\n                        <a href=\"https:\/\/www.santamonica.com\/pt\/media\/news-release\/santa-monica-announces-song-contest-in-celebration-of-route-66-centennial\/\" class=\"blog-feed__item-link\">\n                            <div class=\"blog-feed__image-ratio\">\n                                <img decoding=\"async\" class=\"blog-feed__image\" src=\"https:\/\/www.santamonica.com\/wp-content\/uploads\/2025\/11\/DSC01084-400x400.jpg\" alt=\"SANTA MONICA ANUNCIA CONCURSO DE M\u00daSICA EM COMEMORA\u00c7\u00c3O AO CENTEN\u00c1RIO DA ROTA 66\" title=\"\">\n                            <\/div>\n                            <div class=\"blog-feed__card-title\">SANTA MONICA ANUNCIA CONCURSO DE M\u00daSICA EM COMEMORA\u00c7\u00c3O AO CENTEN\u00c1RIO DA ROTA 66<\/div>\n                        <\/a>\n                    <\/li>\n                                                                <li class=\"blog-feed__item\">\n                        <a href=\"https:\/\/www.santamonica.com\/pt\/media\/news-release\/where-to-watch-the-world-series-in-santa-monica\/\" class=\"blog-feed__item-link\">\n                            <div class=\"blog-feed__image-ratio\">\n                                <img decoding=\"async\" class=\"blog-feed__image\" src=\"https:\/\/www.santamonica.com\/wp-content\/uploads\/2025\/10\/dodgers-logo-1-400x400.jpg\" alt=\"ONDE ASSISTIR \u00c0 S\u00c9RIE MUNDIAL EM SANTA MONICA\" title=\"\">\n                            <\/div>\n                            <div class=\"blog-feed__card-title\">ONDE ASSISTIR \u00c0 S\u00c9RIE MUNDIAL EM SANTA MONICA<\/div>\n                        <\/a>\n                    <\/li>\n                                    <\/ul>\n    <\/div>\n<\/section>","protected":false},"excerpt":{"rendered":"","protected":false},"author":1450,"featured_media":343332,"parent":0,"menu_order":0,"comment_status":"closed","ping_status":"closed","template":"template-editorial.php","meta":{"_acf_changed":false,"inline_featured_image":false,"footnotes":""},"silos":[3899],"class_list":["post-342957","page","type-page","status-publish","has-post-thumbnail","hentry"],"acf":[],"_links":{"self":[{"href":"https:\/\/www.santamonica.com\/pt\/wp-json\/wp\/v2\/pages\/342957","targetHints":{"allow":["GET"]}}],"collection":[{"href":"https:\/\/www.santamonica.com\/pt\/wp-json\/wp\/v2\/pages"}],"about":[{"href":"https:\/\/www.santamonica.com\/pt\/wp-json\/wp\/v2\/types\/page"}],"author":[{"embeddable":true,"href":"https:\/\/www.santamonica.com\/pt\/wp-json\/wp\/v2\/users\/1450"}],"replies":[{"embeddable":true,"href":"https:\/\/www.santamonica.com\/pt\/wp-json\/wp\/v2\/comments?post=342957"}],"version-history":[{"count":93,"href":"https:\/\/www.santamonica.com\/pt\/wp-json\/wp\/v2\/pages\/342957\/revisions"}],"predecessor-version":[{"id":767997,"href":"https:\/\/www.santamonica.com\/pt\/wp-json\/wp\/v2\/pages\/342957\/revisions\/767997"}],"wp:featuredmedia":[{"embeddable":true,"href":"https:\/\/www.santamonica.com\/pt\/wp-json\/wp\/v2\/media\/343332"}],"wp:attachment":[{"href":"https:\/\/www.santamonica.com\/pt\/wp-json\/wp\/v2\/media?parent=342957"}],"wp:term":[{"taxonomy":"silos","embeddable":true,"href":"https:\/\/www.santamonica.com\/pt\/wp-json\/wp\/v2\/silos?post=342957"}],"curies":[{"name":"wp","href":"https:\/\/api.w.org\/{rel}","templated":true}]}}