{"id":342861,"date":"2022-06-24T07:45:55","date_gmt":"2022-06-24T14:45:55","guid":{"rendered":"https:\/\/www.santamonica.com\/?page_id=342861"},"modified":"2026-01-12T07:47:04","modified_gmt":"2026-01-12T15:47:04","slug":"excursoes-em-grupo","status":"publish","type":"page","link":"https:\/\/www.santamonica.com\/pt\/travel-trade\/group-tours\/","title":{"rendered":"Passeios em grupo"},"content":{"rendered":"<section class=\"two-images container-max sm-block --flip sm-block\">\n    <div class=\"two-images__container --flip\">\n\n        <div class=\"two-images__column\">\n            <div class=\"two-images__content\">\n                <div class=\"two-images__content-header-container\">\n                                            <h2 class=\"two-images__content-header\">Novas zonas de carregamento de \u00f4nibus<\/h2>                                    <\/div>\n                                    <div class=\"two-images__content-body wysiwyg\">\n                        <p>A partir de 1\u00ba de junho de 2023, a cidade de Santa Monica realocou v\u00e1rias zonas ativas de carga\/descarga de \u00f4nibus de turismo. Agora h\u00e1 uma zona exclusiva no lado oeste da Ocean Ave, entre outras mudan\u00e7as, para acesso direto e f\u00e1cil ao Santa Monica Place, ao centro de Santa Monica e ao mundialmente famoso Santa Monica Pier.<\/p>\n<p><a href=\"https:\/\/www.santamonica.com\/wp-content\/uploads\/2025\/10\/2024-Tour-Bus-Final-24.pdf\">Veja o mapa e uma lista completa das zonas de carga\/descarga ativas.<\/a><\/p>\n                    <\/div>\n                                            <\/div>\n        <\/div>\n\n        <div class=\"two-images__column\">\n                            <div class=\"two-images__image-container\">\n                    <img decoding=\"async\" width=\"425\" height=\"505\" src=\"https:\/\/www.santamonica.com\/wp-content\/uploads\/2022\/06\/santa-monica-group-tours.jpg\" class=\"two-images__image\" alt=\"passeios em grupo em santa monica\" loading=\"lazy\" srcset=\"https:\/\/www.santamonica.com\/wp-content\/uploads\/2022\/06\/santa-monica-group-tours.jpg 425w, https:\/\/www.santamonica.com\/wp-content\/uploads\/2022\/06\/santa-monica-group-tours-252x300.jpg 252w, https:\/\/www.santamonica.com\/wp-content\/uploads\/2022\/06\/santa-monica-group-tours-126x150.jpg 126w\" sizes=\"auto, (max-width: 425px) 100vw, 425px\" title=\"\">                    \n\n            <div class=\"img-lctn-tag --no-link two-images__image-caption --right\">P\u00eder de Santa M\u00f4nica<\/div>\n                    <\/div>\n                    <\/div>\n\n        <div class=\"two-images__column\">\n                            <div class=\"two-images__image-container\">\n                    <img decoding=\"async\" width=\"600\" height=\"565\" src=\"https:\/\/www.santamonica.com\/wp-content\/uploads\/2022\/06\/group-tours-bus-parking.jpg\" class=\"two-images__image\" alt=\"excurs\u00f5es em grupo estacionamento de \u00f4nibus\" loading=\"lazy\" srcset=\"https:\/\/www.santamonica.com\/wp-content\/uploads\/2022\/06\/group-tours-bus-parking.jpg 600w, https:\/\/www.santamonica.com\/wp-content\/uploads\/2022\/06\/group-tours-bus-parking-300x283.jpg 300w, https:\/\/www.santamonica.com\/wp-content\/uploads\/2022\/06\/group-tours-bus-parking-159x150.jpg 159w\" sizes=\"auto, (max-width: 600px) 100vw, 600px\" title=\"\">                    \n\n            <div class=\"img-lctn-tag --no-link two-images__image-caption --right\">Centro da cidade \/ Third Street Promenade<\/div>\n                    <\/div>\n                    <\/div>\n\n    <\/div>\n<\/section>\n\n\n<section class=\"sun-title sm-block --theme6 sm-block\">\n            <h2 class=\"sun-title__headline\">Programa de permiss\u00e3o de estacionamento para \u00f4nibus de turismo<\/h2>    \n            <div class=\"sun-title__body  wysiwyg\">\n                    <p>A cidade de Santa Monica, em conjunto com a Santa Monica Travel &amp; Tourism (SMTT) e o Downtown Santa Monica, d\u00e1 as boas-vindas \u00e0s operadoras de \u00f4nibus de turismo \u00e0 nossa comunidade. A cidade gostaria de estender o estacionamento de cortesia e o uso de zonas designadas dentro da cidade para as operadoras de \u00f4nibus de turismo que s\u00e3o certificadas pela SMTT por sua contribui\u00e7\u00e3o para o setor de visitantes em Santa Monica.<\/p>\n<p>Se voc\u00ea \u00e9 um operador de \u00f4nibus de turismo interessado em receber certifica\u00e7\u00e3o e acesso ao estacionamento de cortesia, <a href=\"https:\/\/www.santamonica.com\/wp-content\/uploads\/2025\/06\/25-26-Tour-Bus-Application-FINAL.pdf\" target=\"_blank\" rel=\"noopener\">Fa\u00e7a o download do aplicativo<\/a>. Envie por e-mail os formul\u00e1rios preenchidos, juntamente com pelo menos um exemplo de itiner\u00e1rio que inclua Santa Monica por um per\u00edodo m\u00ednimo de quatro horas, para <a href=\"mailto:trade@santamonica.com\">trade@santamonica.com<\/a>.<\/p>\n                        <\/div>\n    <\/section>\n\n\n<section class=\"sun-title sm-block --theme6 sm-block\">\n            <h2 class=\"sun-title__headline\">Estacionamento pago para \u00f4nibus<\/h2>    \n            <div class=\"sun-title__body  wysiwyg\">\n                    <p>Atualmente, o estacionamento pago est\u00e1 dispon\u00edvel no Lote 4 Sul (2030 Barnard Way). O estacionamento fica aberto do nascer ao p\u00f4r do sol e <a href=\"https:\/\/www.santamonica.com\/wp-content\/uploads\/2024\/05\/2023-Santa-Monica-Parking-Rate-Table.pdf\" target=\"_blank\" rel=\"noopener\">taxas<\/a> variam de acordo com a esta\u00e7\u00e3o. Envie um e-mail para\u00a0 <a href=\"mailto:parking@santamonica.gov\">parking@santamonica.gov<\/a>\u00a0para obter mais informa\u00e7\u00f5es.<\/p>\n<p>O estacionamento para \u00f4nibus durante a noite tamb\u00e9m est\u00e1 dispon\u00edvel na vizinha Marina del Rey. \u00c9 necess\u00e1rio aviso pr\u00e9vio para reservar estacionamento noturno para \u00f4nibus de turismo e ve\u00edculos de grande porte. <a href=\"https:\/\/beaches.lacounty.gov\/marina-del-rey-overnight-parking\/\" target=\"_blank\" rel=\"noopener\">Mais informa\u00e7\u00f5es.<\/a><\/p>\n                        <\/div>\n    <\/section>\n\n\n<section class=\"image-slider --theme1 sm-block\" >\n    <div class=\"image-slider__wrapper\">\n                    <div class=\"image-slider__copy wysiwyg\"><h2>Jantar em Santa Monica<\/h2>\n<p><a href=\"https:\/\/www.santamonica.com\/pt\/restaurantes\/\">Restaurantes em Santa M\u00f4nica<\/a> oferecem alguns dos restaurantes mais variados e de classe mundial em toda Los Angeles e no sul da Calif\u00f3rnia. De pratos org\u00e2nicos, vegetarianos e fus\u00e3o californiana a frutos do mar frescos e bifes de primeira linha, h\u00e1 op\u00e7\u00f5es para todos os paladares, gostos e or\u00e7amentos.<\/p>\n<\/div>\n                <div class=\"image-slider__slider right\">\n                            <!-- Slider main container -->\n                <div class=\"swiper\">\n                    <!-- Additional required wrapper -->\n                    <div class=\"swiper-wrapper\">\n                        <!-- Slides -->\n                                                    <div class=\"swiper-slide\">\n                                <img decoding=\"async\" width=\"1024\" height=\"576\" src=\"https:\/\/www.santamonica.com\/wp-content\/uploads\/2022\/06\/group-dining-3.jpg\" class=\"swiper-slide__image\" alt=\"jantar em grupo\" loading=\"lazy\" srcset=\"https:\/\/www.santamonica.com\/wp-content\/uploads\/2022\/06\/group-dining-3.jpg 1024w, https:\/\/www.santamonica.com\/wp-content\/uploads\/2022\/06\/group-dining-3-300x169.jpg 300w, https:\/\/www.santamonica.com\/wp-content\/uploads\/2022\/06\/group-dining-3-267x150.jpg 267w, https:\/\/www.santamonica.com\/wp-content\/uploads\/2022\/06\/group-dining-3-768x432.jpg 768w\" sizes=\"auto, (max-width: 1024px) 100vw, 1024px\" title=\"\">                                \n\n            <a href=\"https:\/\/www.santamonica.com\/pt\/restaurantes\/a-beira-mar-no-pier\/\" class=\"img-lctn-tag --right\">\n            <div class=\"img-lctn-tag-inside-link image-slider__image-caption right\">\u00c0 beira-mar no p\u00eder<\/div>\n        <\/a>\n                                <\/div>\n                                            <\/div>\n                                    <\/div>\n                    <\/div>\n    <\/div>\n<\/section>\n\n\n<section class=\"blog-feed --theme8 sm-block\">\n    <div class=\"blog-feed__content\">\n        <div class=\"blog-feed__intro\">\n                            <div class=\"blog-feed__eyebrow eyebrow\">Blogs<\/div>                                        <h2 class=\"blog-feed__headline\">Descubra Santa M\u00f4nica<\/h2>                                        <div class=\"blog-feed__body\"><p>Explore itiner\u00e1rios, dicas locais, pontos de interesse e aventuras selecionadas para garantir que voc\u00ea aproveite ao m\u00e1ximo sua experi\u00eancia em Santa Monica.<\/p>\n<\/div>\n                                        <a class=\"blog-feed__cta\" href=\"https:\/\/www.santamonica.com\/pt\/postagens-de-blog\/\">Ver todos os blogs<\/a>\n                    <\/div>\n\n        <ul class=\"blog-feed__list\">\n                                                <li class=\"blog-feed__item\">\n                        <a href=\"https:\/\/www.santamonica.com\/pt\/mother-road-modern-meetings-route-66-meeting-spaces-set-to-shine-for-centennial-in-santa-monica\/\" class=\"blog-feed__item-link\">\n                            <div class=\"blog-feed__image-ratio\">\n                                <img decoding=\"async\" class=\"blog-feed__image\" src=\"https:\/\/www.santamonica.com\/wp-content\/uploads\/2025\/12\/untitledJuly20162C2020180010-182-2-400x400.jpg\" alt=\"ESTRADA M\u00c3E, REUNI\u00d5ES MODERNAS: ESPA\u00c7OS PARA REUNI\u00d5ES DA ROTA 66 PREPARADOS PARA BRILHAR NO CENTEN\u00c1RIO EM SANTA M\u00d4NICA\" title=\"\">\n                            <\/div>\n                            <div class=\"blog-feed__card-title\">ESTRADA M\u00c3E, REUNI\u00d5ES MODERNAS: ESPA\u00c7OS PARA REUNI\u00d5ES DA ROTA 66 PREPARADOS PARA BRILHAR NO CENTEN\u00c1RIO EM SANTA M\u00d4NICA<\/div>\n                        <\/a>\n                    <\/li>\n                                                                <li class=\"blog-feed__item\">\n                        <a href=\"https:\/\/www.santamonica.com\/pt\/media\/news-release\/santa-monica-announces-song-contest-in-celebration-of-route-66-centennial\/\" class=\"blog-feed__item-link\">\n                            <div class=\"blog-feed__image-ratio\">\n                                <img decoding=\"async\" class=\"blog-feed__image\" src=\"https:\/\/www.santamonica.com\/wp-content\/uploads\/2025\/11\/DSC01084-400x400.jpg\" alt=\"SANTA MONICA ANUNCIA CONCURSO DE M\u00daSICA EM COMEMORA\u00c7\u00c3O AO CENTEN\u00c1RIO DA ROTA 66\" title=\"\">\n                            <\/div>\n                            <div class=\"blog-feed__card-title\">SANTA MONICA ANUNCIA CONCURSO DE M\u00daSICA EM COMEMORA\u00c7\u00c3O AO CENTEN\u00c1RIO DA ROTA 66<\/div>\n                        <\/a>\n                    <\/li>\n                                                                <li class=\"blog-feed__item\">\n                        <a href=\"https:\/\/www.santamonica.com\/pt\/media\/news-release\/where-to-watch-the-world-series-in-santa-monica\/\" class=\"blog-feed__item-link\">\n                            <div class=\"blog-feed__image-ratio\">\n                                <img decoding=\"async\" class=\"blog-feed__image\" src=\"https:\/\/www.santamonica.com\/wp-content\/uploads\/2025\/10\/dodgers-logo-1-400x400.jpg\" alt=\"ONDE ASSISTIR \u00c0 S\u00c9RIE MUNDIAL EM SANTA MONICA\" title=\"\">\n                            <\/div>\n                            <div class=\"blog-feed__card-title\">ONDE ASSISTIR \u00c0 S\u00c9RIE MUNDIAL EM SANTA MONICA<\/div>\n                        <\/a>\n                    <\/li>\n                                    <\/ul>\n    <\/div>\n<\/section>","protected":false},"excerpt":{"rendered":"","protected":false},"author":1450,"featured_media":343233,"parent":0,"menu_order":0,"comment_status":"closed","ping_status":"closed","template":"template-meetings-editorial-detail.php","meta":{"_acf_changed":false,"inline_featured_image":false,"footnotes":""},"silos":[3908],"class_list":["post-342861","page","type-page","status-publish","has-post-thumbnail","hentry"],"acf":[],"_links":{"self":[{"href":"https:\/\/www.santamonica.com\/pt\/wp-json\/wp\/v2\/pages\/342861","targetHints":{"allow":["GET"]}}],"collection":[{"href":"https:\/\/www.santamonica.com\/pt\/wp-json\/wp\/v2\/pages"}],"about":[{"href":"https:\/\/www.santamonica.com\/pt\/wp-json\/wp\/v2\/types\/page"}],"author":[{"embeddable":true,"href":"https:\/\/www.santamonica.com\/pt\/wp-json\/wp\/v2\/users\/1450"}],"replies":[{"embeddable":true,"href":"https:\/\/www.santamonica.com\/pt\/wp-json\/wp\/v2\/comments?post=342861"}],"version-history":[{"count":77,"href":"https:\/\/www.santamonica.com\/pt\/wp-json\/wp\/v2\/pages\/342861\/revisions"}],"predecessor-version":[{"id":774606,"href":"https:\/\/www.santamonica.com\/pt\/wp-json\/wp\/v2\/pages\/342861\/revisions\/774606"}],"wp:featuredmedia":[{"embeddable":true,"href":"https:\/\/www.santamonica.com\/pt\/wp-json\/wp\/v2\/media\/343233"}],"wp:attachment":[{"href":"https:\/\/www.santamonica.com\/pt\/wp-json\/wp\/v2\/media?parent=342861"}],"wp:term":[{"taxonomy":"silos","embeddable":true,"href":"https:\/\/www.santamonica.com\/pt\/wp-json\/wp\/v2\/silos?post=342861"}],"curies":[{"name":"wp","href":"https:\/\/api.w.org\/{rel}","templated":true}]}}