{"id":342771,"date":"2022-06-24T07:01:25","date_gmt":"2022-06-24T14:01:25","guid":{"rendered":"https:\/\/www.santamonica.com\/?page_id=342771"},"modified":"2026-02-23T17:31:28","modified_gmt":"2026-02-24T01:31:28","slug":"kit-de-ferramentas-de-planejamento","status":"publish","type":"page","link":"https:\/\/www.santamonica.com\/pt\/travel-trade\/planning-toolkit\/","title":{"rendered":"Kit de ferramentas de planejamento"},"content":{"rendered":"<section class=\"two-images container-max sm-block --flip sm-block\">\n    <div class=\"two-images__container --flip\">\n\n        <div class=\"two-images__column\">\n            <div class=\"two-images__content\">\n                <div class=\"two-images__content-header-container\">\n                                            <h2 class=\"two-images__content-header\">Programa de treinamento de Santa M\u00f4nica<\/h2>                                    <\/div>\n                                    <div class=\"two-images__content-body wysiwyg\">\n                        <p>Torne-se um California STAR! Visite o site da Calif\u00f3rnia <a href=\"https:\/\/santamonica.thesource.travel\/\" target=\"_blank\" rel=\"noopener\">Programa de treinamento STAR<\/a> (dispon\u00edvel para desktop, celular e tablet) inclui os principais recursos e informa\u00e7\u00f5es para se tornar um especialista na Calif\u00f3rnia.<\/p>\n<p>Depois de concluir o treinamento introdut\u00f3rio na Calif\u00f3rnia, voc\u00ea pode concluir o m\u00f3dulo de Santa Monica para se tornar um especialista em vendas na cidade praiana de Los Angeles.<\/p>\n                    <\/div>\n                                            <\/div>\n        <\/div>\n\n        <div class=\"two-images__column\">\n                            <div class=\"two-images__image-container\">\n                    <img decoding=\"async\" width=\"424\" height=\"504\" src=\"https:\/\/www.santamonica.com\/wp-content\/uploads\/2025\/01\/Bikes_PlanningToolkit.jpg\" class=\"two-images__image\" alt=\"\" loading=\"lazy\" srcset=\"https:\/\/www.santamonica.com\/wp-content\/uploads\/2025\/01\/Bikes_PlanningToolkit.jpg 424w, https:\/\/www.santamonica.com\/wp-content\/uploads\/2025\/01\/Bikes_PlanningToolkit-252x300.jpg 252w, https:\/\/www.santamonica.com\/wp-content\/uploads\/2025\/01\/Bikes_PlanningToolkit-126x150.jpg 126w\" sizes=\"auto, (max-width: 424px) 100vw, 424px\" title=\"\">                    \n\n                <\/div>\n                    <\/div>\n\n        <div class=\"two-images__column\">\n                            <div class=\"two-images__image-container\">\n                    <img decoding=\"async\" width=\"600\" height=\"564\" src=\"https:\/\/www.santamonica.com\/wp-content\/uploads\/2025\/01\/PierSign_PlanningToolkit.jpg\" class=\"two-images__image\" alt=\"\" loading=\"lazy\" srcset=\"https:\/\/www.santamonica.com\/wp-content\/uploads\/2025\/01\/PierSign_PlanningToolkit.jpg 600w, https:\/\/www.santamonica.com\/wp-content\/uploads\/2025\/01\/PierSign_PlanningToolkit-300x282.jpg 300w, https:\/\/www.santamonica.com\/wp-content\/uploads\/2025\/01\/PierSign_PlanningToolkit-160x150.jpg 160w\" sizes=\"auto, (max-width: 600px) 100vw, 600px\" title=\"\">                    \n\n                <\/div>\n                    <\/div>\n\n    <\/div>\n<\/section>\n\n\n<section class=\"sun-title sm-block --theme6 sm-block\">\n            <h2 class=\"sun-title__headline\">Exemplos de itiner\u00e1rios<\/h2>    \n            <div class=\"sun-title__body  wysiwyg\">\n                    <p>Quer seus clientes estejam visitando durante a semana ou no fim de semana, compilamos nossos itiner\u00e1rios com as melhores coisas para ver, fazer e comer em Santa Monica. Eles incluem as principais atra\u00e7\u00f5es e dicas para viver como um local. Explore nossos itiner\u00e1rios repletos de divers\u00e3o para um, dois, tr\u00eas dias ou uma semana inteira! Al\u00e9m disso, pegue seu <a href=\"https:\/\/issuu.com\/santamonicatravelandtourism\/docs\/santa_monica_insider\" target=\"_blank\" rel=\"noopener\">Santa Monica Insider<\/a> e <a href=\"https:\/\/www.santamonica.com\/wp-content\/uploads\/2024\/11\/English-itinerary-SINGLE-PAGES-2024-10-08.pdf\" target=\"_blank\" rel=\"noopener\">Guia de tr\u00eas dias<\/a> (ingl\u00eas) e <a href=\"https:\/\/www.santamonica.com\/wp-content\/uploads\/2026\/02\/SMTT-LUX-French-lowres.pdf\">Guia de tr\u00eas dias<\/a> (franc\u00eas) para aproveitar ao m\u00e1ximo sua aventura.<\/p>\n                        <\/div>\n    <\/section>\n\n\n<section class=\"links-grid --theme3 sm-block\">\n    <div class=\"links-grid__wrapper\">\n                                                    <a href=\"https:\/\/www.santamonica.com\/pt\/trip-planner\/one-day-itinerary\/\" class=\"links-grid__card-link\" aria-label=\"Itiner\u00e1rio de um dia\">\n                    <div class=\"links-grid__card\">\n                                                    <div class=\"links-grid__card-image-wrapper\">\n                                <img decoding=\"async\" width=\"400\" height=\"400\" src=\"https:\/\/www.santamonica.com\/wp-content\/uploads\/2025\/01\/OneDayItinerary-400x400.jpg\" class=\"links-grid__card-image\" alt=\"Itiner\u00e1rio de um dia\" loading=\"lazy\" title=\"\">                            <\/div>\n                                                <div class=\"links-grid__card-text\">\n                                                            <div class=\"links-grid__card-title\">Itiner\u00e1rio de um dia<\/div>\n                                                                                <\/div>\n                    <\/div>\n                <\/a>\n                                            <a href=\"https:\/\/www.santamonica.com\/pt\/trip-planner\/two-day-itinerary\/\" class=\"links-grid__card-link\" aria-label=\"Itiner\u00e1rio de dois dias\">\n                    <div class=\"links-grid__card\">\n                                                    <div class=\"links-grid__card-image-wrapper\">\n                                <img decoding=\"async\" width=\"400\" height=\"400\" src=\"https:\/\/www.santamonica.com\/wp-content\/uploads\/2022\/06\/two-day-itinerary-400x400.jpg\" class=\"links-grid__card-image\" alt=\"itiner\u00e1rio de dois dias\" loading=\"lazy\" title=\"\">                            <\/div>\n                                                <div class=\"links-grid__card-text\">\n                                                            <div class=\"links-grid__card-title\">Itiner\u00e1rio de dois dias<\/div>\n                                                                                <\/div>\n                    <\/div>\n                <\/a>\n                                            <a href=\"https:\/\/www.santamonica.com\/pt\/trip-planner\/three-day-itinerary\/\" class=\"links-grid__card-link\" aria-label=\"Itiner\u00e1rio de tr\u00eas dias\">\n                    <div class=\"links-grid__card\">\n                                                    <div class=\"links-grid__card-image-wrapper\">\n                                <img decoding=\"async\" width=\"400\" height=\"400\" src=\"https:\/\/www.santamonica.com\/wp-content\/uploads\/2022\/06\/three-day-itinerary-400x400.jpg\" class=\"links-grid__card-image\" alt=\"Coisas para fazer em Santa M\u00f4nica neste fim de semana\" loading=\"lazy\" title=\"\">                            <\/div>\n                                                <div class=\"links-grid__card-text\">\n                                                            <div class=\"links-grid__card-title\">Itiner\u00e1rio de tr\u00eas dias<\/div>\n                                                                                <\/div>\n                    <\/div>\n                <\/a>\n                                            <a href=\"https:\/\/www.santamonica.com\/pt\/trip-planner\/seven-day-itinerary\/\" class=\"links-grid__card-link\" aria-label=\"Itiner\u00e1rio da semana\">\n                    <div class=\"links-grid__card\">\n                                                    <div class=\"links-grid__card-image-wrapper\">\n                                <img decoding=\"async\" width=\"400\" height=\"400\" src=\"https:\/\/www.santamonica.com\/wp-content\/uploads\/2022\/06\/santa-monica-seven-day-itinerary-400x400.jpg\" class=\"links-grid__card-image\" alt=\"itiner\u00e1rio de sete dias em santa monica\" loading=\"lazy\" title=\"\">                            <\/div>\n                                                <div class=\"links-grid__card-text\">\n                                                            <div class=\"links-grid__card-title\">Itiner\u00e1rio da semana<\/div>\n                                                                                <\/div>\n                    <\/div>\n                <\/a>\n                        <\/div>\n<\/section>\n\n\n\n<section class=\"image-slider --theme1 sm-block\" >\n    <div class=\"image-slider__wrapper\">\n                    <div class=\"image-slider__copy wysiwyg\"><p><strong>Luxo descontra\u00eddo<\/strong><br \/>\nA combina\u00e7\u00e3o da beleza natural de Santa Monica, restaurantes premiados e op\u00e7\u00f5es de compras famosas, tudo isso em um dos trechos mais ic\u00f4nicos da costa da Calif\u00f3rnia, oferece uma experi\u00eancia de luxo verdadeiramente descontra\u00edda. Para saber mais, explore o <a href=\"https:\/\/issuu.com\/santamonicatravelandtourism\/docs\/santa_monica_insider\" target=\"_blank\" rel=\"noopener\">Santa Monica Insider<\/a>.<\/p>\n<p><strong>Viagem de carro pelo sul da Calif\u00f3rnia<\/strong><br \/>\nO melhor do sul da Calif\u00f3rnia inclui tr\u00eas regi\u00f5es incr\u00edveis e exclusivas, todas a poucas horas de dist\u00e2ncia uma da outra: Santa M\u00f4nica, Greater Palm Springs e San Diego.<\/p>\n<p>N\u00e3o importa se voc\u00ea gosta de praia ou \u00e9 um conhecedor de cultura, voc\u00ea apreciar\u00e1 a <a href=\"https:\/\/www.santamonica.com\/pt\/planejador-de-viagens\/viagem-de-carro-pelo-sul-da-california\/\">variedade de experi\u00eancias<\/a> que o aguardam em cada destino - e que podem ser aproveitadas em apenas 10 dias.<\/p>\n<\/div>\n                <div class=\"image-slider__slider right\">\n                            <!-- Slider main container -->\n                <div class=\"swiper\">\n                    <!-- Additional required wrapper -->\n                    <div class=\"swiper-wrapper\">\n                        <!-- Slides -->\n                                                    <div class=\"swiper-slide\">\n                                <img decoding=\"async\" width=\"1024\" height=\"580\" src=\"https:\/\/www.santamonica.com\/wp-content\/uploads\/2025\/01\/LaidBackLuxury_PlanningToolkit.jpg\" class=\"swiper-slide__image\" alt=\"\" loading=\"lazy\" srcset=\"https:\/\/www.santamonica.com\/wp-content\/uploads\/2025\/01\/LaidBackLuxury_PlanningToolkit.jpg 1024w, https:\/\/www.santamonica.com\/wp-content\/uploads\/2025\/01\/LaidBackLuxury_PlanningToolkit-300x170.jpg 300w, https:\/\/www.santamonica.com\/wp-content\/uploads\/2025\/01\/LaidBackLuxury_PlanningToolkit-265x150.jpg 265w, https:\/\/www.santamonica.com\/wp-content\/uploads\/2025\/01\/LaidBackLuxury_PlanningToolkit-768x435.jpg 768w\" sizes=\"auto, (max-width: 1024px) 100vw, 1024px\" title=\"\">                                \n\n                            <\/div>\n                                            <\/div>\n                                    <\/div>\n                    <\/div>\n    <\/div>\n<\/section>\n\n\n<section class=\"sun-title sm-block --theme6 sm-block\">\n            <h2 class=\"sun-title__headline\">Viajar com responsabilidade<\/h2>    \n            <div class=\"sun-title__body  wysiwyg\">\n                    <p>Santa Monica sempre receber\u00e1 voc\u00ea e seus clientes de bra\u00e7os abertos, e queremos ajudar a aproveitar ao m\u00e1ximo suas f\u00e9rias na praia. Obtenha dicas sobre como planejar com anteced\u00eancia, <a href=\"https:\/\/www.santamonica.com\/pt\/viajar-com-responsabilidade\/\">viajar com responsabilidade<\/a>, Se voc\u00ea n\u00e3o tiver uma boa experi\u00eancia, estabele\u00e7a expectativas e tome as devidas precau\u00e7\u00f5es ao explorar Santa Monica e al\u00e9m.<\/p>\n                        <\/div>\n    <\/section>\n\n\n\n<section class=\"two-images container-max sm-block  sm-block\">\n    <div class=\"two-images__container\">\n\n        <div class=\"two-images__column\">\n            <div class=\"two-images__content\">\n                <div class=\"two-images__content-header-container\">\n                                            <h2 class=\"two-images__content-header\">Imagens livres de royalties<\/h2>                                    <\/div>\n                                    <div class=\"two-images__content-body wysiwyg\">\n                        <p><a href=\"https:\/\/www.santamonica.com\/pt\/midia\/formulario-de-solicitacao-de-foto-e-video\/\">Solicite fotografias pitorescas isentas de royalties<\/a> de Santa Monica para seus panfletos e folhetos.<\/p>\n                    <\/div>\n                                            <\/div>\n        <\/div>\n\n        <div class=\"two-images__column\">\n                            <div class=\"two-images__image-container\">\n                    <img decoding=\"async\" width=\"425\" height=\"505\" src=\"https:\/\/www.santamonica.com\/wp-content\/uploads\/2022\/06\/request-royalty-free-photos-santa-monica.jpg\" class=\"two-images__image\" alt=\"solicitar fotos isentas de direitos autorais em santa monica\" loading=\"lazy\" srcset=\"https:\/\/www.santamonica.com\/wp-content\/uploads\/2022\/06\/request-royalty-free-photos-santa-monica.jpg 425w, https:\/\/www.santamonica.com\/wp-content\/uploads\/2022\/06\/request-royalty-free-photos-santa-monica-252x300.jpg 252w, https:\/\/www.santamonica.com\/wp-content\/uploads\/2022\/06\/request-royalty-free-photos-santa-monica-126x150.jpg 126w\" sizes=\"auto, (max-width: 425px) 100vw, 425px\" title=\"\">                    \n\n                <\/div>\n                    <\/div>\n\n        <div class=\"two-images__column\">\n                            <div class=\"two-images__image-container\">\n                    <img decoding=\"async\" width=\"600\" height=\"565\" src=\"https:\/\/www.santamonica.com\/wp-content\/uploads\/2022\/06\/santa-monica-royalty-free-images.jpg\" class=\"two-images__image\" alt=\"imagens livres de royalties de santa m\u00f4nica\" loading=\"lazy\" srcset=\"https:\/\/www.santamonica.com\/wp-content\/uploads\/2022\/06\/santa-monica-royalty-free-images.jpg 600w, https:\/\/www.santamonica.com\/wp-content\/uploads\/2022\/06\/santa-monica-royalty-free-images-300x283.jpg 300w, https:\/\/www.santamonica.com\/wp-content\/uploads\/2022\/06\/santa-monica-royalty-free-images-159x150.jpg 159w\" sizes=\"auto, (max-width: 600px) 100vw, 600px\" title=\"\">                    \n\n                <\/div>\n                    <\/div>\n\n    <\/div>\n<\/section>\n\n\n<section class=\"image-slider --theme1 sm-block\" >\n    <div class=\"image-slider__wrapper\">\n                    <div class=\"image-slider__copy wysiwyg\"><h2>Atividades gratuitas<\/h2>\n<p>Saiba mais sobre <a href=\"https:\/\/www.santamonica.com\/pt\/coisas-para-fazer\/100-coisas-gratuitas-para-fazer-em-santa-monica\/\">Coisas gratuitas para fazer em Santa Monica<\/a> incluindo concertos musicais de ver\u00e3o, passeios pela cidade, atividades na praia e muito mais!<\/p>\n<\/div>\n                <div class=\"image-slider__slider right\">\n                            <!-- Slider main container -->\n                <div class=\"swiper\">\n                    <!-- Additional required wrapper -->\n                    <div class=\"swiper-wrapper\">\n                        <!-- Slides -->\n                                                    <div class=\"swiper-slide\">\n                                <img decoding=\"async\" width=\"1024\" height=\"576\" src=\"https:\/\/www.santamonica.com\/wp-content\/uploads\/2022\/06\/santa-monica-free-activities.jpg\" class=\"swiper-slide__image\" alt=\"atividades gratuitas em santa m\u00f4nica\" loading=\"lazy\" srcset=\"https:\/\/www.santamonica.com\/wp-content\/uploads\/2022\/06\/santa-monica-free-activities.jpg 1024w, https:\/\/www.santamonica.com\/wp-content\/uploads\/2022\/06\/santa-monica-free-activities-300x169.jpg 300w, https:\/\/www.santamonica.com\/wp-content\/uploads\/2022\/06\/santa-monica-free-activities-267x150.jpg 267w, https:\/\/www.santamonica.com\/wp-content\/uploads\/2022\/06\/santa-monica-free-activities-768x432.jpg 768w\" sizes=\"auto, (max-width: 1024px) 100vw, 1024px\" title=\"\">                                \n\n                            <\/div>\n                                            <\/div>\n                                    <\/div>\n                    <\/div>\n    <\/div>\n<\/section>\n\n\n<section class=\"sun-title sm-block --theme6 sm-block\">\n            <h2 class=\"sun-title__headline\">Solicitar materiais<\/h2>    \n            <div class=\"sun-title__body  wysiwyg\">\n                    <p>A Santa Monica Travel &amp; Tourism oferece uma s\u00e9rie de guias abrangentes para ajudar a educar seus clientes sobre o destino. Para solicitar guias impressos ou para perguntas adicionais e informa\u00e7\u00f5es sobre treinamento, entre em contato com nossa equipe de vendas em <a href=\"tel:3103196263\">(310) 319.6263<\/a> ou <a href=\"mailto:trade@santamonica.com\">trade@santamonica.com<\/a>.<\/p>\n<p><a href=\"https:\/\/www.santamonica.com\/pt\/solicitar-o-guia-do-visitante-de-santa-monica\/\" rel=\"noopener\">Mapa e Guia Oficial do Visitante de Santa M\u00f4nica<\/a><\/p>\n                        <\/div>\n    <\/section>\n\n\n\n<section class=\"two-images container-max sm-block  sm-block\">\n    <div class=\"two-images__container\">\n\n        <div class=\"two-images__column\">\n            <div class=\"two-images__content\">\n                <div class=\"two-images__content-header-container\">\n                                            <h2 class=\"two-images__content-header\">Centro de Visitantes Servi\u00e7os \/ Varejo<\/h2>                                    <\/div>\n                                    <div class=\"two-images__content-body wysiwyg\">\n                        <p>Voc\u00ea tem um cliente especial vindo para Santa Monica e quer impression\u00e1-lo? Entre em contato com a Santa Monica Travel &amp; Tourism e teremos o maior prazer em entregar em m\u00e3os uma Santa Monica Welcome Gift Bag para sua chegada, equipada com uma nota pessoal da SMTT, um Guia Oficial de Visitantes de Santa Monica, um Mapa de Visitantes de Santa Monica e um presente especial de lembran\u00e7a de Santa Monica. Para obter mais detalhes, entre em contato com\u00a0<a href=\"mailto:trade@santamonica.com\">trade@santamonica.com<\/a>.<\/p>\n                    <\/div>\n                                            <\/div>\n        <\/div>\n\n        <div class=\"two-images__column\">\n                            <div class=\"two-images__image-container\">\n                    <img decoding=\"async\" width=\"425\" height=\"505\" src=\"https:\/\/www.santamonica.com\/wp-content\/uploads\/2022\/06\/visitor-center-retail.jpg\" class=\"two-images__image\" alt=\"varejo do centro de visitantes\" loading=\"lazy\" srcset=\"https:\/\/www.santamonica.com\/wp-content\/uploads\/2022\/06\/visitor-center-retail.jpg 425w, https:\/\/www.santamonica.com\/wp-content\/uploads\/2022\/06\/visitor-center-retail-252x300.jpg 252w, https:\/\/www.santamonica.com\/wp-content\/uploads\/2022\/06\/visitor-center-retail-126x150.jpg 126w\" sizes=\"auto, (max-width: 425px) 100vw, 425px\" title=\"\">                    \n\n            <div class=\"img-lctn-tag --no-link two-images__image-caption --right\">Loja do cais<\/div>\n                    <\/div>\n                    <\/div>\n\n        <div class=\"two-images__column\">\n                            <div class=\"two-images__image-container\">\n                    <img decoding=\"async\" width=\"600\" height=\"565\" src=\"https:\/\/www.santamonica.com\/wp-content\/uploads\/2022\/06\/santa-monica-visitors-center.jpg\" class=\"two-images__image\" alt=\"centro de visitantes de santa m\u00f4nica\" loading=\"lazy\" srcset=\"https:\/\/www.santamonica.com\/wp-content\/uploads\/2022\/06\/santa-monica-visitors-center.jpg 600w, https:\/\/www.santamonica.com\/wp-content\/uploads\/2022\/06\/santa-monica-visitors-center-300x283.jpg 300w, https:\/\/www.santamonica.com\/wp-content\/uploads\/2022\/06\/santa-monica-visitors-center-159x150.jpg 159w\" sizes=\"auto, (max-width: 600px) 100vw, 600px\" title=\"\">                    \n\n            <div class=\"img-lctn-tag --no-link two-images__image-caption --right\">Loja do p\u00eder e centro de visitantes<\/div>\n                    <\/div>\n                    <\/div>\n\n    <\/div>\n<\/section>\n\n\n<section class=\"blog-feed --theme8 sm-block\">\n    <div class=\"blog-feed__content\">\n        <div class=\"blog-feed__intro\">\n                            <div class=\"blog-feed__eyebrow eyebrow\">Blogs<\/div>                                        <h2 class=\"blog-feed__headline\">Descubra Santa M\u00f4nica<\/h2>                                        <div class=\"blog-feed__body\"><p>Explore itiner\u00e1rios, dicas locais, pontos de interesse e aventuras selecionadas para garantir que voc\u00ea aproveite ao m\u00e1ximo sua experi\u00eancia em Santa Monica.<\/p>\n<\/div>\n                                        <a class=\"blog-feed__cta\" href=\"https:\/\/www.santamonica.com\/pt\/postagens-de-blog\/\">Ver todos os blogs<\/a>\n                    <\/div>\n\n        <ul class=\"blog-feed__list\">\n                                                <li class=\"blog-feed__item\">\n                        <a href=\"https:\/\/www.santamonica.com\/pt\/mother-road-modern-meetings-route-66-meeting-spaces-set-to-shine-for-centennial-in-santa-monica\/\" class=\"blog-feed__item-link\">\n                            <div class=\"blog-feed__image-ratio\">\n                                <img decoding=\"async\" class=\"blog-feed__image\" src=\"https:\/\/www.santamonica.com\/wp-content\/uploads\/2025\/12\/untitledJuly20162C2020180010-182-2-400x400.jpg\" alt=\"ESTRADA M\u00c3E, REUNI\u00d5ES MODERNAS: ESPA\u00c7OS PARA REUNI\u00d5ES DA ROTA 66 PREPARADOS PARA BRILHAR NO CENTEN\u00c1RIO EM SANTA M\u00d4NICA\" title=\"\">\n                            <\/div>\n                            <div class=\"blog-feed__card-title\">ESTRADA M\u00c3E, REUNI\u00d5ES MODERNAS: ESPA\u00c7OS PARA REUNI\u00d5ES DA ROTA 66 PREPARADOS PARA BRILHAR NO CENTEN\u00c1RIO EM SANTA M\u00d4NICA<\/div>\n                        <\/a>\n                    <\/li>\n                                                                <li class=\"blog-feed__item\">\n                        <a href=\"https:\/\/www.santamonica.com\/pt\/media\/news-release\/santa-monica-announces-song-contest-in-celebration-of-route-66-centennial\/\" class=\"blog-feed__item-link\">\n                            <div class=\"blog-feed__image-ratio\">\n                                <img decoding=\"async\" class=\"blog-feed__image\" src=\"https:\/\/www.santamonica.com\/wp-content\/uploads\/2025\/11\/DSC01084-400x400.jpg\" alt=\"SANTA MONICA ANUNCIA CONCURSO DE M\u00daSICA EM COMEMORA\u00c7\u00c3O AO CENTEN\u00c1RIO DA ROTA 66\" title=\"\">\n                            <\/div>\n                            <div class=\"blog-feed__card-title\">SANTA MONICA ANUNCIA CONCURSO DE M\u00daSICA EM COMEMORA\u00c7\u00c3O AO CENTEN\u00c1RIO DA ROTA 66<\/div>\n                        <\/a>\n                    <\/li>\n                                                                <li class=\"blog-feed__item\">\n                        <a href=\"https:\/\/www.santamonica.com\/pt\/media\/news-release\/where-to-watch-the-world-series-in-santa-monica\/\" class=\"blog-feed__item-link\">\n                            <div class=\"blog-feed__image-ratio\">\n                                <img decoding=\"async\" class=\"blog-feed__image\" src=\"https:\/\/www.santamonica.com\/wp-content\/uploads\/2025\/10\/dodgers-logo-1-400x400.jpg\" alt=\"ONDE ASSISTIR \u00c0 S\u00c9RIE MUNDIAL EM SANTA MONICA\" title=\"\">\n                            <\/div>\n                            <div class=\"blog-feed__card-title\">ONDE ASSISTIR \u00c0 S\u00c9RIE MUNDIAL EM SANTA MONICA<\/div>\n                        <\/a>\n                    <\/li>\n                                    <\/ul>\n    <\/div>\n<\/section>","protected":false},"excerpt":{"rendered":"","protected":false},"author":1450,"featured_media":342804,"parent":0,"menu_order":0,"comment_status":"closed","ping_status":"closed","template":"template-editorial.php","meta":{"_acf_changed":false,"inline_featured_image":false,"footnotes":""},"silos":[3908],"class_list":["post-342771","page","type-page","status-publish","has-post-thumbnail","hentry"],"acf":[],"_links":{"self":[{"href":"https:\/\/www.santamonica.com\/pt\/wp-json\/wp\/v2\/pages\/342771","targetHints":{"allow":["GET"]}}],"collection":[{"href":"https:\/\/www.santamonica.com\/pt\/wp-json\/wp\/v2\/pages"}],"about":[{"href":"https:\/\/www.santamonica.com\/pt\/wp-json\/wp\/v2\/types\/page"}],"author":[{"embeddable":true,"href":"https:\/\/www.santamonica.com\/pt\/wp-json\/wp\/v2\/users\/1450"}],"replies":[{"embeddable":true,"href":"https:\/\/www.santamonica.com\/pt\/wp-json\/wp\/v2\/comments?post=342771"}],"version-history":[{"count":58,"href":"https:\/\/www.santamonica.com\/pt\/wp-json\/wp\/v2\/pages\/342771\/revisions"}],"predecessor-version":[{"id":787260,"href":"https:\/\/www.santamonica.com\/pt\/wp-json\/wp\/v2\/pages\/342771\/revisions\/787260"}],"wp:featuredmedia":[{"embeddable":true,"href":"https:\/\/www.santamonica.com\/pt\/wp-json\/wp\/v2\/media\/342804"}],"wp:attachment":[{"href":"https:\/\/www.santamonica.com\/pt\/wp-json\/wp\/v2\/media?parent=342771"}],"wp:term":[{"taxonomy":"silos","embeddable":true,"href":"https:\/\/www.santamonica.com\/pt\/wp-json\/wp\/v2\/silos?post=342771"}],"curies":[{"name":"wp","href":"https:\/\/api.w.org\/{rel}","templated":true}]}}