{"id":342651,"date":"2022-06-23T18:35:44","date_gmt":"2022-06-24T01:35:44","guid":{"rendered":"https:\/\/www.santamonica.com\/?page_id=342651"},"modified":"2026-01-12T07:32:16","modified_gmt":"2026-01-12T15:32:16","slug":"acessibilidade-de-transporte","status":"publish","type":"page","link":"https:\/\/www.santamonica.com\/pt\/meetings-conventions\/transportation-accessibility\/","title":{"rendered":"Acessibilidade e transporte"},"content":{"rendered":"<section class=\"sun-title sm-block --theme6 sm-block\">\n            <h2 class=\"sun-title__headline\">Caminhada em Santa M\u00f4nica<\/h2>    \n            <div class=\"sun-title__body  wysiwyg\">\n                    <p>Com apenas 8,3 milhas quadradas, muitas das atra\u00e7\u00f5es, pontos comerciais e restaurantes de Santa Monica podem ser facilmente alcan\u00e7ados em uma curta caminhada. Caminhar pelas ruas que apresentam cal\u00e7adas amplas e adequadas para pedestres \u00e9 uma \u00f3tima maneira de conhecer os bairros locais.<\/p>\n                        <\/div>\n    <\/section>\n\n\n\n<section class=\"two-images container-max sm-block  sm-block\">\n    <div class=\"two-images__container\">\n\n        <div class=\"two-images__column\">\n            <div class=\"two-images__content\">\n                <div class=\"two-images__content-header-container\">\n                                            <h2 class=\"two-images__content-header\">Bike Santa Monica<\/h2>                                    <\/div>\n                                    <div class=\"two-images__content-body wysiwyg\">\n                        <p>Entre a Marvin Braude Bike Trail, com 22 milhas de extens\u00e3o, e as muitas milhas de ciclovias verdes em toda a cidade, h\u00e1 muitas rotas para se locomover de bicicleta em Santa Monica. Visite nossa <a href=\"https:\/\/www.santamonica.com\/pt\/coisas-para-fazer\/ciclismo-e-aluguel-de-bicicletas\/\">Bike Santa Monica<\/a> para obter informa\u00e7\u00f5es sobre aluguel de bicicletas.<\/p>\n                    <\/div>\n                                            <\/div>\n        <\/div>\n\n        <div class=\"two-images__column\">\n                            <div class=\"two-images__image-container\">\n                    <img decoding=\"async\" width=\"340\" height=\"610\" src=\"https:\/\/www.santamonica.com\/wp-content\/uploads\/2022\/06\/group-biking.jpg\" class=\"two-images__image\" alt=\"ciclismo em grupo\" loading=\"lazy\" srcset=\"https:\/\/www.santamonica.com\/wp-content\/uploads\/2022\/06\/group-biking.jpg 340w, https:\/\/www.santamonica.com\/wp-content\/uploads\/2022\/06\/group-biking-167x300.jpg 167w, https:\/\/www.santamonica.com\/wp-content\/uploads\/2022\/06\/group-biking-84x150.jpg 84w\" sizes=\"auto, (max-width: 340px) 100vw, 340px\" title=\"\">                    \n\n                <\/div>\n                    <\/div>\n\n        <div class=\"two-images__column\">\n                            <div class=\"two-images__image-container\">\n                    <img decoding=\"async\" width=\"600\" height=\"565\" src=\"https:\/\/www.santamonica.com\/wp-content\/uploads\/2022\/06\/beach-biking-trail.jpg\" class=\"two-images__image\" alt=\"trilha de ciclismo na praia\" loading=\"lazy\" srcset=\"https:\/\/www.santamonica.com\/wp-content\/uploads\/2022\/06\/beach-biking-trail.jpg 600w, https:\/\/www.santamonica.com\/wp-content\/uploads\/2022\/06\/beach-biking-trail-300x283.jpg 300w, https:\/\/www.santamonica.com\/wp-content\/uploads\/2022\/06\/beach-biking-trail-159x150.jpg 159w\" sizes=\"auto, (max-width: 600px) 100vw, 600px\" title=\"\">                    \n\n            <div class=\"img-lctn-tag --no-link two-images__image-caption --right\">Trilha de bicicleta Marvin Braude<\/div>\n                    <\/div>\n                    <\/div>\n\n    <\/div>\n<\/section>\n\n\n<section class=\"image-slider --theme1 sm-block\" >\n    <div class=\"image-slider__wrapper\">\n                    <div class=\"image-slider__copy wysiwyg\"><h2>Metr\u00f4 E Light Rail<\/h2>\n<p>O <a href=\"https:\/\/www.santamonica.com\/pt\/transporte\/metro-de-santa-monica\/\" target=\"_blank\" rel=\"noopener\">Linha E do metr\u00f4<\/a> conecta Santa Monica por trem leve ao centro de Los Angeles em menos de 50 minutos. Com tr\u00eas esta\u00e7\u00f5es localizadas em Santa Monica - desde o bairro do centro at\u00e9 Mid-City - a linha E do metr\u00f4 \u00e9 uma \u00f3tima maneira de viajar dentro do destino e de se conectar com Pasadena, San Fernando Valley, South Bay, Long Beach e dezenas de pontos entre eles.<\/p>\n<\/div>\n                <div class=\"image-slider__slider right\">\n                            <!-- Slider main container -->\n                <div class=\"swiper\">\n                    <!-- Additional required wrapper -->\n                    <div class=\"swiper-wrapper\">\n                        <!-- Slides -->\n                                                    <div class=\"swiper-slide\">\n                                <img decoding=\"async\" width=\"1024\" height=\"576\" src=\"https:\/\/www.santamonica.com\/wp-content\/uploads\/2022\/06\/santa-monica-transportation-1.jpg\" class=\"swiper-slide__image\" alt=\"transporte em santa m\u00f4nica\" loading=\"lazy\" srcset=\"https:\/\/www.santamonica.com\/wp-content\/uploads\/2022\/06\/santa-monica-transportation-1.jpg 1024w, https:\/\/www.santamonica.com\/wp-content\/uploads\/2022\/06\/santa-monica-transportation-1-300x169.jpg 300w, https:\/\/www.santamonica.com\/wp-content\/uploads\/2022\/06\/santa-monica-transportation-1-267x150.jpg 267w, https:\/\/www.santamonica.com\/wp-content\/uploads\/2022\/06\/santa-monica-transportation-1-768x432.jpg 768w\" sizes=\"auto, (max-width: 1024px) 100vw, 1024px\" title=\"\">                                \n\n                            <\/div>\n                                            <\/div>\n                                    <\/div>\n                    <\/div>\n    <\/div>\n<\/section>\n\n\n<section class=\"sun-title sm-block --theme6 sm-block\">\n            <h2 class=\"sun-title__headline\">\u00d4nibus de Santa M\u00f4nica<\/h2>    \n            <div class=\"sun-title__body  wysiwyg\">\n                    <p>O <a href=\"https:\/\/www.bigbluebus.com\/\" target=\"_blank\" rel=\"noopener\">\u00d4nibus azul grande<\/a> parte do LAX City Bus Center via Route 3 ou Rapid 3; essa \u00e9 uma \u00f3tima op\u00e7\u00e3o para chegar a Santa Monica a partir do LAX. As passagens custam apenas $1,25. Uma vez em Santa Monica, o Santa Monica Big Blue Bus tamb\u00e9m \u00e9 uma maneira muito eficiente de se locomover.<\/p>\n                        <\/div>\n    <\/section>\n\n\n\n<section class=\"two-images container-max sm-block  sm-block\">\n    <div class=\"two-images__container\">\n\n        <div class=\"two-images__column\">\n            <div class=\"two-images__content\">\n                <div class=\"two-images__content-header-container\">\n                                            <h2 class=\"two-images__content-header\">Circuito de Santa M\u00f4nica<\/h2>                                    <\/div>\n                                    <div class=\"two-images__content-body wysiwyg\">\n                        <p>Os pedestres podem usar um aplicativo para chamar o <a href=\"https:\/\/www.santamonica.com\/pt\/transporte\/circuito-free-ride\/\">Circuito de Santa M\u00f4nica<\/a>, Os carrinhos de golfe da Wilshire Boulevard s\u00e3o t\u00e1xis no estilo de carrinhos de golfe que oferecem uma carona gratuita para qualquer lugar em sua \u00e1rea de servi\u00e7o entre a Wilshire Boulevard e a Marine Street, e do oceano at\u00e9 a 5th Street. Os carrinhos funcionam das 11h30 \u00e0s 21h, diariamente. Muitos hot\u00e9is locais tamb\u00e9m oferecem servi\u00e7o de carro pela cidade.<\/p>\n                    <\/div>\n                                            <\/div>\n        <\/div>\n\n        <div class=\"two-images__column\">\n                            <div class=\"two-images__image-container\">\n                    <img decoding=\"async\" width=\"425\" height=\"505\" src=\"https:\/\/www.santamonica.com\/wp-content\/uploads\/2022\/06\/santa-monica-free-transportation.jpg\" class=\"two-images__image\" alt=\"transporte gratuito em santa m\u00f4nica\" loading=\"lazy\" srcset=\"https:\/\/www.santamonica.com\/wp-content\/uploads\/2022\/06\/santa-monica-free-transportation.jpg 425w, https:\/\/www.santamonica.com\/wp-content\/uploads\/2022\/06\/santa-monica-free-transportation-252x300.jpg 252w, https:\/\/www.santamonica.com\/wp-content\/uploads\/2022\/06\/santa-monica-free-transportation-126x150.jpg 126w\" sizes=\"auto, (max-width: 425px) 100vw, 425px\" title=\"\">                    \n\n                <\/div>\n                    <\/div>\n\n        <div class=\"two-images__column\">\n                            <div class=\"two-images__image-container\">\n                    <img decoding=\"async\" width=\"600\" height=\"564\" src=\"https:\/\/www.santamonica.com\/wp-content\/uploads\/2022\/07\/Circuit-Santa-Monica-600x564-1.jpg\" class=\"two-images__image\" alt=\"\" loading=\"lazy\" srcset=\"https:\/\/www.santamonica.com\/wp-content\/uploads\/2022\/07\/Circuit-Santa-Monica-600x564-1.jpg 600w, https:\/\/www.santamonica.com\/wp-content\/uploads\/2022\/07\/Circuit-Santa-Monica-600x564-1-300x282.jpg 300w, https:\/\/www.santamonica.com\/wp-content\/uploads\/2022\/07\/Circuit-Santa-Monica-600x564-1-160x150.jpg 160w\" sizes=\"auto, (max-width: 600px) 100vw, 600px\" title=\"\">                    \n\n                <\/div>\n                    <\/div>\n\n    <\/div>\n<\/section>\n\n\n<section class=\"image-slider --theme1 sm-block\" >\n    <div class=\"image-slider__wrapper\">\n                    <div class=\"image-slider__copy wysiwyg\"><h2>Scooters e bicicletas el\u00e9tricas<\/h2>\n<p><a href=\"https:\/\/www.veoride.com\/\" target=\"_blank\" rel=\"noopener\">Veo<\/a> e <a href=\"https:\/\/www.spin.app\/\" target=\"_blank\" rel=\"noopener\">Giro<\/a> s\u00e3o as duas marcas de aplicativos de e-scooter e bicicleta que operam atualmente em Santa Monica. A Spin oferece scooters de p\u00e9 de 2 e 3 rodas e a Veo oferece scooters de p\u00e9 de 2 rodas e bicicletas eletr\u00f4nicas Classe 2. <a href=\"https:\/\/www.santamonica.com\/pt\/transporte\/como-andar-de-scooter-com-seguranca-em-santa-monica\/\">Clique aqui<\/a> para saber mais sobre as scooters e bicicletas el\u00e9tricas de Santa Monica.<\/p>\n<\/div>\n                <div class=\"image-slider__slider right\">\n                            <!-- Slider main container -->\n                <div class=\"swiper\">\n                    <!-- Additional required wrapper -->\n                    <div class=\"swiper-wrapper\">\n                        <!-- Slides -->\n                                                    <div class=\"swiper-slide\">\n                                <img decoding=\"async\" width=\"1024\" height=\"580\" src=\"https:\/\/www.santamonica.com\/wp-content\/uploads\/2022\/07\/Bike-Santa-Monica-Third-Street-Promenade-1024x580-1.jpg\" class=\"swiper-slide__image\" alt=\"\" loading=\"lazy\" srcset=\"https:\/\/www.santamonica.com\/wp-content\/uploads\/2022\/07\/Bike-Santa-Monica-Third-Street-Promenade-1024x580-1.jpg 1024w, https:\/\/www.santamonica.com\/wp-content\/uploads\/2022\/07\/Bike-Santa-Monica-Third-Street-Promenade-1024x580-1-300x170.jpg 300w, https:\/\/www.santamonica.com\/wp-content\/uploads\/2022\/07\/Bike-Santa-Monica-Third-Street-Promenade-1024x580-1-265x150.jpg 265w, https:\/\/www.santamonica.com\/wp-content\/uploads\/2022\/07\/Bike-Santa-Monica-Third-Street-Promenade-1024x580-1-768x435.jpg 768w\" sizes=\"auto, (max-width: 1024px) 100vw, 1024px\" title=\"\">                                \n\n                            <\/div>\n                                            <\/div>\n                                    <\/div>\n                    <\/div>\n    <\/div>\n<\/section>\n\n\n<section class=\"sun-title sm-block --theme6 sm-block\">\n            <h2 class=\"sun-title__headline\">Seguran\u00e7a em primeiro lugar<\/h2>    \n            <div class=\"sun-title__body  wysiwyg\">\n                    <p>Seja para se locomover de carro, trem, bicicleta, patinete el\u00e9trico ou a p\u00e9, Santa Monica sempre enfatiza a Seguran\u00e7a em Primeiro Lugar! N\u00e3o deixe de ler nosso <a href=\"https:\/\/www.santamonica.com\/pt\/transporte\/informacoes-de-seguranca-para-se-locomover-em-santa-monica\/\">dicas de seguran\u00e7a<\/a> para ajud\u00e1-lo a navegar pela cidade.<\/p>\n<p>Para obter mais informa\u00e7\u00f5es sobre oportunidades de mobilidade em Santa M\u00f4nica, visite o site <a href=\"https:\/\/www.santamonica.gov\/categories\/getting-around\" target=\"_blank\" rel=\"noopener\">Site da cidade de Santa M\u00f4nica<\/a>.<\/p>\n                        <\/div>\n    <\/section>\n\n\n<section class=\"blog-feed --theme8 sm-block\">\n    <div class=\"blog-feed__content\">\n        <div class=\"blog-feed__intro\">\n                            <div class=\"blog-feed__eyebrow eyebrow\">Blogs<\/div>                                        <h2 class=\"blog-feed__headline\">Descubra Santa M\u00f4nica<\/h2>                                        <div class=\"blog-feed__body\"><p>Explore itiner\u00e1rios, dicas locais, pontos de interesse e aventuras selecionadas para garantir que voc\u00ea aproveite ao m\u00e1ximo sua experi\u00eancia em Santa Monica.<\/p>\n<\/div>\n                                        <a class=\"blog-feed__cta\" href=\"https:\/\/www.santamonica.com\/pt\/postagens-de-blog\/\">Ver todos os blogs<\/a>\n                    <\/div>\n\n        <ul class=\"blog-feed__list\">\n                                                <li class=\"blog-feed__item\">\n                        <a href=\"https:\/\/www.santamonica.com\/pt\/mother-road-modern-meetings-route-66-meeting-spaces-set-to-shine-for-centennial-in-santa-monica\/\" class=\"blog-feed__item-link\">\n                            <div class=\"blog-feed__image-ratio\">\n                                <img decoding=\"async\" class=\"blog-feed__image\" src=\"https:\/\/www.santamonica.com\/wp-content\/uploads\/2025\/12\/untitledJuly20162C2020180010-182-2-400x400.jpg\" alt=\"ESTRADA M\u00c3E, REUNI\u00d5ES MODERNAS: ESPA\u00c7OS PARA REUNI\u00d5ES DA ROTA 66 PREPARADOS PARA BRILHAR NO CENTEN\u00c1RIO EM SANTA M\u00d4NICA\" title=\"\">\n                            <\/div>\n                            <div class=\"blog-feed__card-title\">ESTRADA M\u00c3E, REUNI\u00d5ES MODERNAS: ESPA\u00c7OS PARA REUNI\u00d5ES DA ROTA 66 PREPARADOS PARA BRILHAR NO CENTEN\u00c1RIO EM SANTA M\u00d4NICA<\/div>\n                        <\/a>\n                    <\/li>\n                                                                <li class=\"blog-feed__item\">\n                        <a href=\"https:\/\/www.santamonica.com\/pt\/media\/news-release\/santa-monica-announces-song-contest-in-celebration-of-route-66-centennial\/\" class=\"blog-feed__item-link\">\n                            <div class=\"blog-feed__image-ratio\">\n                                <img decoding=\"async\" class=\"blog-feed__image\" src=\"https:\/\/www.santamonica.com\/wp-content\/uploads\/2025\/11\/DSC01084-400x400.jpg\" alt=\"SANTA MONICA ANUNCIA CONCURSO DE M\u00daSICA EM COMEMORA\u00c7\u00c3O AO CENTEN\u00c1RIO DA ROTA 66\" title=\"\">\n                            <\/div>\n                            <div class=\"blog-feed__card-title\">SANTA MONICA ANUNCIA CONCURSO DE M\u00daSICA EM COMEMORA\u00c7\u00c3O AO CENTEN\u00c1RIO DA ROTA 66<\/div>\n                        <\/a>\n                    <\/li>\n                                                                <li class=\"blog-feed__item\">\n                        <a href=\"https:\/\/www.santamonica.com\/pt\/media\/news-release\/where-to-watch-the-world-series-in-santa-monica\/\" class=\"blog-feed__item-link\">\n                            <div class=\"blog-feed__image-ratio\">\n                                <img decoding=\"async\" class=\"blog-feed__image\" src=\"https:\/\/www.santamonica.com\/wp-content\/uploads\/2025\/10\/dodgers-logo-1-400x400.jpg\" alt=\"ONDE ASSISTIR \u00c0 S\u00c9RIE MUNDIAL EM SANTA MONICA\" title=\"\">\n                            <\/div>\n                            <div class=\"blog-feed__card-title\">ONDE ASSISTIR \u00c0 S\u00c9RIE MUNDIAL EM SANTA MONICA<\/div>\n                        <\/a>\n                    <\/li>\n                                    <\/ul>\n    <\/div>\n<\/section>","protected":false},"excerpt":{"rendered":"","protected":false},"author":1450,"featured_media":350243,"parent":0,"menu_order":0,"comment_status":"closed","ping_status":"closed","template":"template-meetings-editorial-detail.php","meta":{"_acf_changed":false,"inline_featured_image":false,"footnotes":""},"silos":[3894],"class_list":["post-342651","page","type-page","status-publish","has-post-thumbnail","hentry"],"acf":[],"_links":{"self":[{"href":"https:\/\/www.santamonica.com\/pt\/wp-json\/wp\/v2\/pages\/342651","targetHints":{"allow":["GET"]}}],"collection":[{"href":"https:\/\/www.santamonica.com\/pt\/wp-json\/wp\/v2\/pages"}],"about":[{"href":"https:\/\/www.santamonica.com\/pt\/wp-json\/wp\/v2\/types\/page"}],"author":[{"embeddable":true,"href":"https:\/\/www.santamonica.com\/pt\/wp-json\/wp\/v2\/users\/1450"}],"replies":[{"embeddable":true,"href":"https:\/\/www.santamonica.com\/pt\/wp-json\/wp\/v2\/comments?post=342651"}],"version-history":[{"count":62,"href":"https:\/\/www.santamonica.com\/pt\/wp-json\/wp\/v2\/pages\/342651\/revisions"}],"predecessor-version":[{"id":424599,"href":"https:\/\/www.santamonica.com\/pt\/wp-json\/wp\/v2\/pages\/342651\/revisions\/424599"}],"wp:featuredmedia":[{"embeddable":true,"href":"https:\/\/www.santamonica.com\/pt\/wp-json\/wp\/v2\/media\/350243"}],"wp:attachment":[{"href":"https:\/\/www.santamonica.com\/pt\/wp-json\/wp\/v2\/media?parent=342651"}],"wp:term":[{"taxonomy":"silos","embeddable":true,"href":"https:\/\/www.santamonica.com\/pt\/wp-json\/wp\/v2\/silos?post=342651"}],"curies":[{"name":"wp","href":"https:\/\/api.w.org\/{rel}","templated":true}]}}