{"id":341396,"date":"2022-06-22T16:06:57","date_gmt":"2022-06-22T23:06:57","guid":{"rendered":"https:\/\/www.santamonica.com\/?page_id=341396"},"modified":"2023-02-15T10:33:18","modified_gmt":"2023-02-15T18:33:18","slug":"grandes-grupos","status":"publish","type":"page","link":"https:\/\/www.santamonica.com\/pt\/meetings-conventions\/large-groups\/","title":{"rendered":"Grupos grandes"},"content":{"rendered":"<section class=\"links-grid --theme3 sm-block\">\n    <div class=\"links-grid__wrapper\">\n                                                    <a href=\"https:\/\/www.santamonica.com\/pt\/hotels\/\" class=\"links-grid__card-link\" aria-label=\"Encontre seu hotel perfeito\" >\n                    <div class=\"links-grid__card\">\n                                                    <div class=\"links-grid__card-image-wrapper\">\n                                <img decoding=\"async\" width=\"366\" height=\"330\" src=\"https:\/\/www.santamonica.com\/wp-content\/uploads\/2022\/07\/Hotel366x330.jpg\" class=\"links-grid__card-image\" alt=\"Dois hot\u00e9is lado a lado na praia com palmeiras\" loading=\"lazy\" srcset=\"https:\/\/www.santamonica.com\/wp-content\/uploads\/2022\/07\/Hotel366x330.jpg 366w, https:\/\/www.santamonica.com\/wp-content\/uploads\/2022\/07\/Hotel366x330-300x270.jpg 300w, https:\/\/www.santamonica.com\/wp-content\/uploads\/2022\/07\/Hotel366x330-166x150.jpg 166w\" sizes=\"auto, (max-width: 366px) 100vw, 366px\" title=\"\">                            <\/div>\n                                                <div class=\"links-grid__card-text\">\n                                                            <div class=\"links-grid__card-title\">Encontre seu hotel perfeito<\/div>\n                                                                                        <div class=\"links-grid__card-description\">Fuja da m\u00e9dia das reuni\u00f5es fora do escrit\u00f3rio ao fazer sua reserva em um hotel a poucos passos da praia e encontrar comodidades, restaurantes e ambientes luxuosos para qualquer ocasi\u00e3o.<\/div>\n                                                    <\/div>\n                    <\/div>\n                <\/a>\n                                            <a href=\"https:\/\/www.santamonica.com\/pt\/meetings-conventions\/team-building-activities\/\" class=\"links-grid__card-link\" aria-label=\"Atividades de forma\u00e7\u00e3o de equipes\" >\n                    <div class=\"links-grid__card\">\n                                                    <div class=\"links-grid__card-image-wrapper\">\n                                <img decoding=\"async\" width=\"366\" height=\"330\" src=\"https:\/\/www.santamonica.com\/wp-content\/uploads\/2022\/07\/TeamBuilding366x330.jpg\" class=\"links-grid__card-image\" alt=\"Grupo de pessoas com roupas profissionais aprendendo a surfar na praia\" loading=\"lazy\" srcset=\"https:\/\/www.santamonica.com\/wp-content\/uploads\/2022\/07\/TeamBuilding366x330.jpg 366w, https:\/\/www.santamonica.com\/wp-content\/uploads\/2022\/07\/TeamBuilding366x330-300x270.jpg 300w, https:\/\/www.santamonica.com\/wp-content\/uploads\/2022\/07\/TeamBuilding366x330-166x150.jpg 166w\" sizes=\"auto, (max-width: 366px) 100vw, 366px\" title=\"\">                            <\/div>\n                                                <div class=\"links-grid__card-text\">\n                                                            <div class=\"links-grid__card-title\">Atividades de forma\u00e7\u00e3o de equipes<\/div>\n                                                                                        <div class=\"links-grid__card-description\">Torne sua pr\u00f3xima reuni\u00e3o inesquec\u00edvel ao reservar atividades de forma\u00e7\u00e3o de equipes exclusivas.<\/div>\n                                                    <\/div>\n                    <\/div>\n                <\/a>\n                                            <a href=\"https:\/\/www.santamonica.com\/pt\/things-to-do\/wellness-activities\/\" class=\"links-grid__card-link\" aria-label=\"Bem-estar\" >\n                    <div class=\"links-grid__card\">\n                                                    <div class=\"links-grid__card-image-wrapper\">\n                                <img decoding=\"async\" width=\"366\" height=\"330\" src=\"https:\/\/www.santamonica.com\/wp-content\/uploads\/2022\/07\/Wellness366x330.jpg\" class=\"links-grid__card-image\" alt=\"Grupo realizando ioga na praia\" loading=\"lazy\" srcset=\"https:\/\/www.santamonica.com\/wp-content\/uploads\/2022\/07\/Wellness366x330.jpg 366w, https:\/\/www.santamonica.com\/wp-content\/uploads\/2022\/07\/Wellness366x330-300x270.jpg 300w, https:\/\/www.santamonica.com\/wp-content\/uploads\/2022\/07\/Wellness366x330-166x150.jpg 166w\" sizes=\"auto, (max-width: 366px) 100vw, 366px\" title=\"\">                            <\/div>\n                                                <div class=\"links-grid__card-text\">\n                                                            <div class=\"links-grid__card-title\">Bem-estar<\/div>\n                                                                                        <div class=\"links-grid__card-description\">Descanse e recarregue as baterias com uma experi\u00eancia de bem-estar para seu grupo e relaxe longe do escrit\u00f3rio. H\u00e1 muito zen na praia para ser encontrado!<\/div>\n                                                    <\/div>\n                    <\/div>\n                <\/a>\n                                            <a href=\"https:\/\/www.santamonica.com\/pt\/meetings-conventions\/submit-an-rfp\/\" class=\"links-grid__card-link\" aria-label=\"Enviar uma RFP\" >\n                    <div class=\"links-grid__card\">\n                                                    <div class=\"links-grid__card-image-wrapper\">\n                                <img decoding=\"async\" width=\"366\" height=\"330\" src=\"https:\/\/www.santamonica.com\/wp-content\/uploads\/2022\/07\/Hotel366x330-1.jpg\" class=\"links-grid__card-image\" alt=\"Imagem do espa\u00e7o de reuni\u00f5es do hotel com ilumina\u00e7\u00e3o natural e espa\u00e7o interno\/externo; frutas e caf\u00e9 da manh\u00e3 espalhados no bar\" loading=\"lazy\" srcset=\"https:\/\/www.santamonica.com\/wp-content\/uploads\/2022\/07\/Hotel366x330-1.jpg 366w, https:\/\/www.santamonica.com\/wp-content\/uploads\/2022\/07\/Hotel366x330-1-300x270.jpg 300w, https:\/\/www.santamonica.com\/wp-content\/uploads\/2022\/07\/Hotel366x330-1-166x150.jpg 166w\" sizes=\"auto, (max-width: 366px) 100vw, 366px\" title=\"\">                            <\/div>\n                                                <div class=\"links-grid__card-text\">\n                                                            <div class=\"links-grid__card-title\">Enviar uma RFP<\/div>\n                                                                                        <div class=\"links-grid__card-description\">Deixe que a Santa Monica Travel &amp; Tourism o ajude a recomendar empresas e servi\u00e7os que melhor atendam \u00e0s necessidades de seu grupo.<\/div>\n                                                    <\/div>\n                    <\/div>\n                <\/a>\n                        <\/div>\n<\/section>\n\n\n\n<section class=\"sun-title sm-block --theme6 sm-block\">\n            <h2 class=\"sun-title__headline\">Jantar<\/h2>    \n            <div class=\"sun-title__body  wysiwyg\">\n                    <p>Desde mergulhos populares at\u00e9 a culin\u00e1ria com estrelas Michelin, h\u00e1 muitas op\u00e7\u00f5es de pratos para voc\u00ea. <a href=\"https:\/\/www.santamonica.com\/pt\/restaurantes\/\">jantar em grupo<\/a> op\u00e7\u00f5es dispon\u00edveis em toda a cidade. Explore os restaurantes favoritos, os p\u00e1tios na cobertura e muito mais ao dar uma olhada na lista de restaurantes de Santa M\u00f4nica. <a href=\"https:\/\/www.santamonica.com\/pt\/restaurantes\/guia-gastronomico\/\">guia gastron\u00f4mico<\/a> e descobrir <a href=\"https:\/\/www.santamonica.com\/pt\/restaurantes\/jantar-ao-ar-livre\/\">jantar ao ar livre<\/a> op\u00e7\u00f5es que certamente permitir\u00e3o que os grupos aproveitem a brisa fresca do oceano. Com alimentos e bebidas que certamente agradar\u00e3o paladares refinados ou desejos tradicionais, qualquer reuni\u00e3o com certeza ser\u00e1 um sucesso.<\/p>\n                        <\/div>\n    <\/section>\n\n\n<section class=\"meetings-contact-us sm-block\">\n    <div class=\"meetings-contact-us__inner\">\n        <div class=\"meetings-contact-us__image-wrap\">\n            <img decoding=\"async\" width=\"1024\" height=\"304\" src=\"https:\/\/www.santamonica.com\/wp-content\/uploads\/2022\/07\/Help1280x380-1024x304.jpg\" class=\"attachment-large size-large\" alt=\"Imagem do pr\u00e9dio do centro de visitantes; pr\u00e9dio cinza com placa de informa\u00e7\u00f5es acima\" srcset=\"https:\/\/www.santamonica.com\/wp-content\/uploads\/2022\/07\/Help1280x380-1024x304.jpg 1024w, https:\/\/www.santamonica.com\/wp-content\/uploads\/2022\/07\/Help1280x380-300x89.jpg 300w, https:\/\/www.santamonica.com\/wp-content\/uploads\/2022\/07\/Help1280x380-270x80.jpg 270w, https:\/\/www.santamonica.com\/wp-content\/uploads\/2022\/07\/Help1280x380-768x228.jpg 768w, https:\/\/www.santamonica.com\/wp-content\/uploads\/2022\/07\/Help1280x380.jpg 1280w\" sizes=\"(max-width: 1024px) 100vw, 1024px\" title=\"\">        <\/div>\n        <div class=\"meetings-contact-us__body\">\n            <h1 class=\"meetings-contact-us__heading\">\n                Tem d\u00favidas?            <\/h1>\n            <p class=\"meetings-contact-us__intro\">\n                Sinta-se apoiado ao entrar em contato com a equipe de especialistas da Santa Monica Travel &amp; Tourism hoje mesmo!            <\/p>\n            <div class=\"meetings-contact-us__phone-numbers wysiwyg\">\n                                                            <\/div>\n            <div class=\"meetings-contact-us__ctas\">\n                                            <a class=\"meetings-contact-us__primary-cta\" href=\"https:\/\/www.santamonica.com\/pt\/reunioes-convencoes\/reunioes-entre-em-contato-conosco\/\">Entre em contato conosco<\/a>\n                                                    <\/div>\n        <\/div>\n    <\/div>\n\n<\/section>\n\n\n<section class=\"blog-feed --theme8 sm-block\">\n    <div class=\"blog-feed__content\">\n        <div class=\"blog-feed__intro\">\n                            <div class=\"blog-feed__eyebrow eyebrow\">Blogs<\/div>                                        <h2 class=\"blog-feed__headline\">Descubra Santa M\u00f4nica<\/h2>                                        <div class=\"blog-feed__body\"><p>Explore itiner\u00e1rios, dicas locais, pontos de interesse e aventuras selecionadas para garantir que voc\u00ea aproveite ao m\u00e1ximo sua experi\u00eancia em Santa Monica.<\/p>\n<\/div>\n                                        <a class=\"blog-feed__cta\" href=\"https:\/\/www.santamonica.com\/pt\/postagens-de-blog\/\">Ver todos os blogs<\/a>\n                    <\/div>\n\n        <ul class=\"blog-feed__list\">\n                                                <li class=\"blog-feed__item\">\n                        <a href=\"https:\/\/www.santamonica.com\/pt\/shopping\/most-loved-ways-to-buy-local\/\" class=\"blog-feed__item-link\">\n                            <div class=\"blog-feed__image-ratio\">\n                                <img decoding=\"async\" class=\"blog-feed__image\" src=\"https:\/\/www.santamonica.com\/wp-content\/uploads\/2021\/06\/ShoppingFeature520x546-400x400.jpg\" alt=\"As maneiras mais adoradas de comprar localmente em Santa Monica\" title=\"\">\n                            <\/div>\n                            <div class=\"blog-feed__card-title\">As maneiras mais adoradas de comprar localmente em Santa Monica<\/div>\n                        <\/a>\n                    <\/li>\n                                                                <li class=\"blog-feed__item\">\n                        <a href=\"https:\/\/www.santamonica.com\/pt\/restaurants\/quick-lunches-on-the-go\/\" class=\"blog-feed__item-link\">\n                            <div class=\"blog-feed__image-ratio\">\n                                <img decoding=\"async\" class=\"blog-feed__image\" src=\"https:\/\/www.santamonica.com\/wp-content\/uploads\/2019\/08\/feature-e1565290970211-400x400.jpg\" alt=\"Almo\u00e7os r\u00e1pidos para viagem\" title=\"\">\n                            <\/div>\n                            <div class=\"blog-feed__card-title\">Almo\u00e7os r\u00e1pidos para viagem<\/div>\n                        <\/a>\n                    <\/li>\n                                                                <li class=\"blog-feed__item\">\n                        <a href=\"https:\/\/www.santamonica.com\/pt\/shopping\/noteworthy-santa-monica-shopping-experiences\/\" class=\"blog-feed__item-link\">\n                            <div class=\"blog-feed__image-ratio\">\n                                <img decoding=\"async\" class=\"blog-feed__image\" src=\"https:\/\/www.santamonica.com\/wp-content\/uploads\/2019\/07\/feature-2-400x400.jpg\" alt=\"Experi\u00eancias de compras dignas de nota em Santa Monica\" title=\"\">\n                            <\/div>\n                            <div class=\"blog-feed__card-title\">Experi\u00eancias de compras dignas de nota em Santa Monica<\/div>\n                        <\/a>\n                    <\/li>\n                                    <\/ul>\n    <\/div>\n<\/section>","protected":false},"excerpt":{"rendered":"","protected":false},"author":1421,"featured_media":348621,"parent":0,"menu_order":0,"comment_status":"closed","ping_status":"closed","template":"template-meetings-editorial-detail.php","meta":{"_acf_changed":false,"inline_featured_image":false,"footnotes":""},"silos":[3894],"class_list":["post-341396","page","type-page","status-publish","has-post-thumbnail","hentry"],"acf":[],"_links":{"self":[{"href":"https:\/\/www.santamonica.com\/pt\/wp-json\/wp\/v2\/pages\/341396","targetHints":{"allow":["GET"]}}],"collection":[{"href":"https:\/\/www.santamonica.com\/pt\/wp-json\/wp\/v2\/pages"}],"about":[{"href":"https:\/\/www.santamonica.com\/pt\/wp-json\/wp\/v2\/types\/page"}],"author":[{"embeddable":true,"href":"https:\/\/www.santamonica.com\/pt\/wp-json\/wp\/v2\/users\/1421"}],"replies":[{"embeddable":true,"href":"https:\/\/www.santamonica.com\/pt\/wp-json\/wp\/v2\/comments?post=341396"}],"version-history":[{"count":36,"href":"https:\/\/www.santamonica.com\/pt\/wp-json\/wp\/v2\/pages\/341396\/revisions"}],"predecessor-version":[{"id":375346,"href":"https:\/\/www.santamonica.com\/pt\/wp-json\/wp\/v2\/pages\/341396\/revisions\/375346"}],"wp:featuredmedia":[{"embeddable":true,"href":"https:\/\/www.santamonica.com\/pt\/wp-json\/wp\/v2\/media\/348621"}],"wp:attachment":[{"href":"https:\/\/www.santamonica.com\/pt\/wp-json\/wp\/v2\/media?parent=341396"}],"wp:term":[{"taxonomy":"silos","embeddable":true,"href":"https:\/\/www.santamonica.com\/pt\/wp-json\/wp\/v2\/silos?post=341396"}],"curies":[{"name":"wp","href":"https:\/\/api.w.org\/{rel}","templated":true}]}}