{"id":341277,"date":"2022-06-22T14:05:37","date_gmt":"2022-06-22T21:05:37","guid":{"rendered":"https:\/\/www.santamonica.com\/?page_id=341277"},"modified":"2022-08-18T12:05:39","modified_gmt":"2022-08-18T19:05:39","slug":"locais-de-hoteis","status":"publish","type":"page","link":"https:\/\/www.santamonica.com\/pt\/meetings-conventions\/hotels-venues\/","title":{"rendered":"Hot\u00e9is e locais de eventos"},"content":{"rendered":"<section class=\"two-images container-max sm-block  sm-block\">\n    <div class=\"two-images__container\">\n\n        <div class=\"two-images__column\">\n            <div class=\"two-images__content\">\n                <div class=\"two-images__content-header-container\">\n                                            <h2 class=\"two-images__content-header\">Espa\u00e7os exclusivos para eventos em Santa M\u00f4nica<\/h2>                                    <\/div>\n                                    <div class=\"two-images__content-body wysiwyg\">\n                        <p>Santa Monica n\u00e3o \u00e9 apenas um destino \u00fanico, mas a sele\u00e7\u00e3o de salas de reuni\u00e3o, locais para eventos especiais e espa\u00e7os ao ar livre trazem um toque distinto que n\u00e3o pode ser encontrado em nenhum outro lugar. Com mais de 120.000 p\u00e9s quadrados de espa\u00e7os criativos para eventos e restaurantes, espa\u00e7os para forma\u00e7\u00e3o de equipes, galerias de arte e muito mais, voc\u00ea pode realizar uma recep\u00e7\u00e3o privada, um evento ou uma grande confer\u00eancia, tudo isso perto de comodidades muito procuradas, como o oceano, <a href=\"https:\/\/www.santamonica.com\/pt\/coisas-para-fazer\/visitando-o-pier-de-santa-monica\/\">P\u00eder de Santa M\u00f4nica<\/a> e <a href=\"https:\/\/www.santamonica.com\/pt\/experiencia-em-santa-monica\/bairros\/centro-de-santa-monica-3rd-street-promenade\/\">Third Street Promenade.<\/a><\/p>\n                    <\/div>\n                                                    <div class=\"two-images__content-cta\">\n                        <a class=\"two-images__cta\" href=\"https:\/\/www.santamonica.com\/pt\/reunioes-convencoes\/planeje-sua-reuniao\/\" target=\"\">Planeje sua reuni\u00e3o<\/a>\n                    <\/div>\n                            <\/div>\n        <\/div>\n\n        <div class=\"two-images__column\">\n                            <div class=\"two-images__image-container\">\n                    <img decoding=\"async\" width=\"425\" height=\"505\" src=\"https:\/\/www.santamonica.com\/wp-content\/uploads\/2022\/06\/meeting-venues.jpg\" class=\"two-images__image\" alt=\"locais de reuni\u00e3o\" loading=\"lazy\" srcset=\"https:\/\/www.santamonica.com\/wp-content\/uploads\/2022\/06\/meeting-venues.jpg 425w, https:\/\/www.santamonica.com\/wp-content\/uploads\/2022\/06\/meeting-venues-252x300.jpg 252w, https:\/\/www.santamonica.com\/wp-content\/uploads\/2022\/06\/meeting-venues-126x150.jpg 126w\" sizes=\"auto, (max-width: 425px) 100vw, 425px\" title=\"\">                    \n\n                <\/div>\n                    <\/div>\n\n        <div class=\"two-images__column\">\n                            <div class=\"two-images__image-container\">\n                    <img decoding=\"async\" width=\"600\" height=\"565\" src=\"https:\/\/www.santamonica.com\/wp-content\/uploads\/2022\/06\/event-spaces-santa-monica.jpg\" class=\"two-images__image\" alt=\"espa\u00e7os para eventos em santa monica\" loading=\"lazy\" srcset=\"https:\/\/www.santamonica.com\/wp-content\/uploads\/2022\/06\/event-spaces-santa-monica.jpg 600w, https:\/\/www.santamonica.com\/wp-content\/uploads\/2022\/06\/event-spaces-santa-monica-300x283.jpg 300w, https:\/\/www.santamonica.com\/wp-content\/uploads\/2022\/06\/event-spaces-santa-monica-159x150.jpg 159w\" sizes=\"auto, (max-width: 600px) 100vw, 600px\" title=\"\">                    \n\n                <\/div>\n                    <\/div>\n\n    <\/div>\n<\/section>\n\n\n<section class=\"blog-feed --theme8 sm-block\">\n    <div class=\"blog-feed__content\">\n        <div class=\"blog-feed__intro\">\n                            <div class=\"blog-feed__eyebrow eyebrow\">Blogs<\/div>                                        <h3 class=\"blog-feed__headline\">Encontre sua Santa Monica<\/h3>                                        <div class=\"blog-feed__body\"><p>Explore os locais pr\u00f3ximos, encontre dicas locais e organize sua pr\u00f3xima aventura em Santa Monica.<\/p>\n<\/div>\n                                        <a class=\"blog-feed__cta\" href=\"https:\/\/www.santamonica.com\/pt\/postagens-de-blog\/\">Ver todos os blogs<\/a>\n                    <\/div>\n\n        <ul class=\"blog-feed__list\">\n                                                <li class=\"blog-feed__item\">\n                        <a href=\"https:\/\/www.santamonica.com\/pt\/shopping\/most-loved-ways-to-buy-local\/\" class=\"blog-feed__item-link\">\n                            <div class=\"blog-feed__image-ratio\">\n                                <img decoding=\"async\" class=\"blog-feed__image\" src=\"https:\/\/www.santamonica.com\/wp-content\/uploads\/2021\/06\/ShoppingFeature520x546-400x400.jpg\" alt=\"As maneiras mais adoradas de comprar localmente em Santa Monica\" title=\"\">\n                            <\/div>\n                            <div class=\"blog-feed__card-title\">As maneiras mais adoradas de comprar localmente em Santa Monica<\/div>\n                        <\/a>\n                    <\/li>\n                                                                <li class=\"blog-feed__item\">\n                        <a href=\"https:\/\/www.santamonica.com\/pt\/restaurants\/quick-lunches-on-the-go\/\" class=\"blog-feed__item-link\">\n                            <div class=\"blog-feed__image-ratio\">\n                                <img decoding=\"async\" class=\"blog-feed__image\" src=\"https:\/\/www.santamonica.com\/wp-content\/uploads\/2019\/08\/feature-e1565290970211-400x400.jpg\" alt=\"Almo\u00e7os r\u00e1pidos para viagem\" title=\"\">\n                            <\/div>\n                            <div class=\"blog-feed__card-title\">Almo\u00e7os r\u00e1pidos para viagem<\/div>\n                        <\/a>\n                    <\/li>\n                                                                <li class=\"blog-feed__item\">\n                        <a href=\"https:\/\/www.santamonica.com\/pt\/shopping\/noteworthy-santa-monica-shopping-experiences\/\" class=\"blog-feed__item-link\">\n                            <div class=\"blog-feed__image-ratio\">\n                                <img decoding=\"async\" class=\"blog-feed__image\" src=\"https:\/\/www.santamonica.com\/wp-content\/uploads\/2019\/07\/feature-2-400x400.jpg\" alt=\"Experi\u00eancias de compras dignas de nota em Santa Monica\" title=\"\">\n                            <\/div>\n                            <div class=\"blog-feed__card-title\">Experi\u00eancias de compras dignas de nota em Santa Monica<\/div>\n                        <\/a>\n                    <\/li>\n                                    <\/ul>\n    <\/div>\n<\/section>","protected":false},"excerpt":{"rendered":"","protected":false},"author":1450,"featured_media":342145,"parent":0,"menu_order":0,"comment_status":"closed","ping_status":"closed","template":"template-venue-listing.php","meta":{"_acf_changed":false,"inline_featured_image":false,"footnotes":""},"silos":[3894],"class_list":["post-341277","page","type-page","status-publish","has-post-thumbnail","hentry"],"acf":[],"_links":{"self":[{"href":"https:\/\/www.santamonica.com\/pt\/wp-json\/wp\/v2\/pages\/341277","targetHints":{"allow":["GET"]}}],"collection":[{"href":"https:\/\/www.santamonica.com\/pt\/wp-json\/wp\/v2\/pages"}],"about":[{"href":"https:\/\/www.santamonica.com\/pt\/wp-json\/wp\/v2\/types\/page"}],"author":[{"embeddable":true,"href":"https:\/\/www.santamonica.com\/pt\/wp-json\/wp\/v2\/users\/1450"}],"replies":[{"embeddable":true,"href":"https:\/\/www.santamonica.com\/pt\/wp-json\/wp\/v2\/comments?post=341277"}],"version-history":[{"count":24,"href":"https:\/\/www.santamonica.com\/pt\/wp-json\/wp\/v2\/pages\/341277\/revisions"}],"predecessor-version":[{"id":358165,"href":"https:\/\/www.santamonica.com\/pt\/wp-json\/wp\/v2\/pages\/341277\/revisions\/358165"}],"wp:featuredmedia":[{"embeddable":true,"href":"https:\/\/www.santamonica.com\/pt\/wp-json\/wp\/v2\/media\/342145"}],"wp:attachment":[{"href":"https:\/\/www.santamonica.com\/pt\/wp-json\/wp\/v2\/media?parent=341277"}],"wp:term":[{"taxonomy":"silos","embeddable":true,"href":"https:\/\/www.santamonica.com\/pt\/wp-json\/wp\/v2\/silos?post=341277"}],"curies":[{"name":"wp","href":"https:\/\/api.w.org\/{rel}","templated":true}]}}