{"id":340563,"date":"2022-06-21T13:43:32","date_gmt":"2022-06-21T20:43:32","guid":{"rendered":"https:\/\/www.santamonica.com\/?page_id=340563"},"modified":"2025-10-03T09:16:30","modified_gmt":"2025-10-03T16:16:30","slug":"estacionamento","status":"publish","type":"page","link":"https:\/\/www.santamonica.com\/pt\/transportation\/parking\/","title":{"rendered":"Estacionamento"},"content":{"rendered":"<section class=\"sun-title sm-block --theme6 --2col sm-block\">\n            <h2 class=\"sun-title__headline\">Estacionamento em Santa Monica Beach<\/h2>    \n            <div class=\"sun-title__body  --2col wysiwyg\">\n                    <div class=\"column-1\">\n                <p>O estacionamento na praia de Santa Monica \u00e9 dividido nas tr\u00eas zonas a seguir:<\/p>\n<ul>\n<li>Zona Sul: Lote 4 Sul e Lote 5 Sul<\/li>\n<li>Zona central: Lote 1 Norte (tamb\u00e9m chamado de \u201clote da praia\u201d), Lote 3 Norte, Lote 1 Sul, Lote 2 Sul e Lote 3 Sul<\/li>\n<li>Zona Norte: Do Lote 4 Norte ao Lote 9 Norte<\/li>\n<\/ul>\n                            <\/div>\n            <div class=\"column-2\">\n                <p><strong><a href=\"https:\/\/www.parkme.com\/santa-monica-parking\" target=\"_blank\" rel=\"noopener\">Informa\u00e7\u00f5es sobre estacionamento em tempo real<\/a><\/strong> e um aplicativo para download est\u00e3o dispon\u00edveis na cidade. Muitos estacionamentos da praia de Santa Monica oferecem op\u00e7\u00f5es de conex\u00e3o el\u00e9trica e s\u00e3o:<\/p>\n<ul>\n<li>Aberto do nascer ao p\u00f4r do sol (exceto para o Lote 1 Norte, que fica aberto das 6h \u00e0s 2h).<\/li>\n<li><span style=\"font-weight: 400;\">$7 a $18 por dia (o pre\u00e7o varia de acordo com o dia e a esta\u00e7\u00e3o; sem privil\u00e9gios de entrada e sa\u00edda)<\/span><\/li>\n<\/ul>\n                            <\/div>\n            <\/div>\n    <\/section>\n\n\n\n<section class=\"two-images container-max sm-block  sm-block\">\n    <div class=\"two-images__container\">\n\n        <div class=\"two-images__column\">\n            <div class=\"two-images__content\">\n                <div class=\"two-images__content-header-container\">\n                                            <h3 class=\"two-images__content-header\">Estacionamento do P\u00eder de Santa M\u00f4nica<\/h3>                                    <\/div>\n                                    <div class=\"two-images__content-body wysiwyg\">\n                        <p>Existem algumas outras op\u00e7\u00f5es de estacionamento para acesso ao P\u00eder de Santa Monica e \u00e0 vizinha Santa Monica Beach:<\/p>\n<ul>\n<li>Estacionamento do Pier Deck: O estacionamento limitado geralmente est\u00e1 dispon\u00edvel de segunda a quinta-feira, das 9h \u00e0s 20h.<\/li>\n<li>Garagem do Centro C\u00edvico: Esse estacionamento de Santa Monica est\u00e1 localizado na sa\u00edda da rodovia 10 West, na 4th and Olympic, em frente \u00e0 prefeitura.<\/li>\n<li><a href=\"https:\/\/www.santamonica.com\/pt\/transporte\/metro-de-santa-monica\/\">A linha E do metr\u00f4<\/a>: Se quiser uma maneira conveniente de acessar o P\u00eder de Santa Monica, experimente estacionar em um dos estacionamentos da parada Metro Expo e pegar o trem. O estacionamento custa a partir de $3 e, como n\u00e3o h\u00e1 multas por pernoite, \u00e9 um \u00f3timo lugar para explorar Santa Monica por mais tempo.<\/li>\n<\/ul>\n                    <\/div>\n                                            <\/div>\n        <\/div>\n\n        <div class=\"two-images__column\">\n                            <div class=\"two-images__image-container\">\n                    <img decoding=\"async\" width=\"425\" height=\"505\" src=\"https:\/\/www.santamonica.com\/wp-content\/uploads\/2022\/06\/santa-monica-beach-parking.jpg\" class=\"two-images__image\" alt=\"estacionamento na praia de santa m\u00f4nica\" loading=\"lazy\" srcset=\"https:\/\/www.santamonica.com\/wp-content\/uploads\/2022\/06\/santa-monica-beach-parking.jpg 425w, https:\/\/www.santamonica.com\/wp-content\/uploads\/2022\/06\/santa-monica-beach-parking-252x300.jpg 252w, https:\/\/www.santamonica.com\/wp-content\/uploads\/2022\/06\/santa-monica-beach-parking-126x150.jpg 126w\" sizes=\"auto, (max-width: 425px) 100vw, 425px\" title=\"\">                    \n\n                <\/div>\n                    <\/div>\n\n        <div class=\"two-images__column\">\n                            <div class=\"two-images__image-container\">\n                    <img decoding=\"async\" width=\"600\" height=\"565\" src=\"https:\/\/www.santamonica.com\/wp-content\/uploads\/2022\/06\/santa-monica-pier-parking.jpg\" class=\"two-images__image\" alt=\"estacionamento no p\u00eder de santa m\u00f4nica\" loading=\"lazy\" srcset=\"https:\/\/www.santamonica.com\/wp-content\/uploads\/2022\/06\/santa-monica-pier-parking.jpg 600w, https:\/\/www.santamonica.com\/wp-content\/uploads\/2022\/06\/santa-monica-pier-parking-300x283.jpg 300w, https:\/\/www.santamonica.com\/wp-content\/uploads\/2022\/06\/santa-monica-pier-parking-159x150.jpg 159w\" sizes=\"auto, (max-width: 600px) 100vw, 600px\" title=\"\">                    \n\n            <div class=\"img-lctn-tag --no-link two-images__image-caption --right\">P\u00eder de Santa M\u00f4nica<\/div>\n                    <\/div>\n                    <\/div>\n\n    <\/div>\n<\/section>\n\n\n<section class=\"image-slider --theme1 sm-block\" >\n    <div class=\"image-slider__wrapper\">\n                    <div class=\"image-slider__copy wysiwyg\"><h2>Estacionamento no centro de Santa M\u00f4nica<\/h2>\n<p>H\u00e1 v\u00e1rios estacionamentos p\u00fablicos e estruturas ao longo da 2nd Street e da 4th Street dentro da cidade. <strong><a href=\"https:\/\/www.santamonica.com\/pt\/experiencia-em-santa-monica\/bairros\/centro-de-santa-monica-3rd-street-promenade\/\">Centro de Santa M\u00f4nica<\/a><\/strong> que permitem f\u00e1cil acesso \u00e0 Third Street Promenade e ao bairro Downtown Santa Monica.<\/p>\n<p>As estruturas de estacionamento dispon\u00edveis no centro de Santa Monica incluem #1-2, 4-8 e o Ken Edwards Center, e s\u00e3o:<\/p>\n<ul>\n<li>Operado 24 horas por dia<\/li>\n<li>Gratuito nos primeiros 90 minutos; depois disso, as tarifas de estacionamento variam de acordo com o dia e a dura\u00e7\u00e3o do estacionamento. <strong><a href=\"https:\/\/www.santamonica.gov\/places\/parking-lots\" target=\"_blank\" rel=\"noopener\">Veja as tarifas espec\u00edficas<\/a><\/strong> fornecido pela cidade de Santa Monica.<\/li>\n<\/ul>\n<\/div>\n                <div class=\"image-slider__slider right\">\n                            <!-- Slider main container -->\n                <div class=\"swiper\">\n                    <!-- Additional required wrapper -->\n                    <div class=\"swiper-wrapper\">\n                        <!-- Slides -->\n                                                    <div class=\"swiper-slide\">\n                                <img decoding=\"async\" width=\"1024\" height=\"576\" src=\"https:\/\/www.santamonica.com\/wp-content\/uploads\/2022\/06\/parking-santa-monica.jpg\" class=\"swiper-slide__image\" alt=\"estacionamento em santa monica\" loading=\"lazy\" srcset=\"https:\/\/www.santamonica.com\/wp-content\/uploads\/2022\/06\/parking-santa-monica.jpg 1024w, https:\/\/www.santamonica.com\/wp-content\/uploads\/2022\/06\/parking-santa-monica-300x169.jpg 300w, https:\/\/www.santamonica.com\/wp-content\/uploads\/2022\/06\/parking-santa-monica-267x150.jpg 267w, https:\/\/www.santamonica.com\/wp-content\/uploads\/2022\/06\/parking-santa-monica-768x432.jpg 768w\" sizes=\"auto, (max-width: 1024px) 100vw, 1024px\" title=\"\">                                \n\n            <a href=\"https:\/\/www.santamonica.com\/pt\/experiencia-em-santa-monica\/bairros\/centro-de-santa-monica-3rd-street-promenade\/\" class=\"img-lctn-tag --right\">\n            <div class=\"img-lctn-tag-inside-link image-slider__image-caption right\">Centro da cidade \/ Third Street Promenade<\/div>\n        <\/a>\n                                <\/div>\n                                            <\/div>\n                                    <\/div>\n                    <\/div>\n    <\/div>\n<\/section>\n\n\n<section class=\"sun-title sm-block --theme6 sm-block\">\n            <h2 class=\"sun-title__headline\">Informa\u00e7\u00f5es necess\u00e1rias sobre o estacionamento<\/h2>    \n            <div class=\"sun-title__body  wysiwyg\">\n                    <p>Santa Monica tem parqu\u00edmetros na rua em toda a cidade, todos aceitam pagamento com moedas ou cart\u00e3o de cr\u00e9dito.<\/p>\n                        <\/div>\n    <\/section>\n\n\n\n<div class=\"wp-block-columns is-layout-flex wp-container-core-columns-is-layout-28f84493 wp-block-columns-is-layout-flex base-block\">\n<div class=\"wp-block-column is-layout-flow wp-block-column-is-layout-flow base-block\">\n<h3 class=\"wp-block-heading base-block\">Medidores de rua em Santa M\u00f4nica<\/h3>\n\n\n\n<p class=\"base-block\">Os parqu\u00edmetros nas ruas e as m\u00e1quinas de pagamento nos estacionamentos da cidade custam normalmente $2 por hora nas zonas de parqu\u00edmetro do centro e da praia e $1 por hora em todas as outras zonas de parqu\u00edmetro da cidade.<\/p>\n\n\n\n<p class=\"base-block\">Para evitar uma multa ao estacionar com parqu\u00edmetro, lembre-se de que n\u00e3o h\u00e1 estacionamento gratuito em Santa Monica aos domingos, portanto, n\u00e3o se esque\u00e7a de pagar o parqu\u00edmetro em seu passeio de fim de semana.<\/p>\n<\/div>\n\n\n\n<div class=\"wp-block-column is-layout-flow wp-block-column-is-layout-flow base-block\">\n<h3 class=\"wp-block-heading base-block\">Permiss\u00f5es de estacionamento em Santa M\u00f4nica e estacionamento ADA<\/h3>\n\n\n\n<p class=\"base-block\">O estacionamento em Santa M\u00f4nica para visitantes com Placards ou Placas de Defici\u00eancia \u00e9 gratuito nas zonas de estacionamento mencionadas acima.<\/p>\n\n\n\n<p class=\"base-block\">Os visitantes que precisarem de permiss\u00f5es especiais de estacionamento por qualquer motivo devem entrar em contato com o <a href=\"https:\/\/www.santamonica.gov\/categories\/getting-around\/parking\" target=\"_blank\" rel=\"noopener\">departamento de estacionamento<\/a> para op\u00e7\u00f5es de licenciamento.<\/p>\n<\/div>\n\n\n\n<div class=\"wp-block-column is-layout-flow wp-block-column-is-layout-flow base-block\">\n<h3 class=\"wp-block-heading base-block\">Estacionamento para ve\u00edculos el\u00e9tricos<\/h3>\n\n\n\n<p class=\"base-block\">Se voc\u00ea tiver um carro el\u00e9trico, h\u00e1 v\u00e1rios locais para carregar seu ve\u00edculo enquanto explora a cidade a p\u00e9! Procure esta\u00e7\u00f5es de recarga em um dos mais de 20 locais da cidade.<\/p>\n\n\n\n<p class=\"base-block\">Al\u00e9m disso, h\u00e1 esta\u00e7\u00f5es de carregamento r\u00e1pido EVgo DC localizadas no Lote 29, no Lote 27 e na Estrutura de Estacionamento do Centro C\u00edvico.<\/p>\n\n\n\n<p class=\"base-block\">Veja todos os <a href=\"https:\/\/santamonica.gov\/topic-explainers\/electric-vehicles\" target=\"_blank\" rel=\"noreferrer noopener\">Portas de carregamento de ve\u00edculos el\u00e9tricos<\/a>.<\/p>\n<\/div>\n<\/div>\n\n\n<section class=\"sun-title sm-block --theme6 sm-block\">\n            <h2 class=\"sun-title__headline\">Perguntas frequentes sobre o estacionamento em Santa Monica <\/h2>    \n            <div class=\"sun-title__body  wysiwyg\">\n                    <h3>A praia de Santa M\u00f4nica tem estacionamento gratuito?<\/h3>\n<p>A Praia de Santa M\u00f4nica n\u00e3o tem estacionamento gratuito. A Praia de Santa M\u00f4nica tem muitos estacionamentos diferentes, bem como estacionamento dispon\u00edvel na rua. Os custos de estacionamento variam de $6-$15 para um dia inteiro.<\/p>\n<h3>Como pagar pelo estacionamento na rua em Santa Monica?<\/h3>\n<p>Para estacionar na rua e em estacionamentos p\u00fablicos em Santa Monica, procure parqu\u00edmetros ou m\u00e1quinas de bilhetes de estacionamento que aceitem cart\u00f5es de cr\u00e9dito ou moedas.<\/p>\n<h3>\u00c9 poss\u00edvel estacionar de gra\u00e7a com uma placa para deficientes em Santa Monica?<\/h3>\n<p>O estacionamento p\u00fablico na Calif\u00f3rnia \u00e9 gratuito em qualquer vaga com parqu\u00edmetro com um cart\u00e3o para deficientes. O estacionamento em estacionamentos de praia \u00e9 gratuito fora dos feriados e dias de semana com um cart\u00e3o vis\u00edvel. Para estacionar em estacionamentos de praia em outros hor\u00e1rios, consulte a <strong><a href=\"https:\/\/www.santamonica.gov\/categories\/getting-around\/parking\" target=\"_blank\" rel=\"noopener\">P\u00e1gina de estacionamento da cidade de Santa M\u00f4nica<\/a><\/strong> para obter as informa\u00e7\u00f5es mais atualizadas sobre estacionamento.<\/p>\n                        <\/div>\n    <\/section>\n\n\n<section class=\"blog-feed --theme8 sm-block\">\n    <div class=\"blog-feed__content\">\n        <div class=\"blog-feed__intro\">\n                            <div class=\"blog-feed__eyebrow eyebrow\">Blogs<\/div>                                        <h2 class=\"blog-feed__headline\">Descubra Santa M\u00f4nica<\/h2>                                        <div class=\"blog-feed__body\"><p>Explore itiner\u00e1rios, dicas locais, pontos de interesse e aventuras selecionadas para garantir que voc\u00ea aproveite ao m\u00e1ximo sua experi\u00eancia em Santa Monica.<\/p>\n<\/div>\n                                        <a class=\"blog-feed__cta\" href=\"https:\/\/www.santamonica.com\/pt\/postagens-de-blog\/\">Ver todos os blogs<\/a>\n                    <\/div>\n\n        <ul class=\"blog-feed__list\">\n                                                <li class=\"blog-feed__item\">\n                        <a href=\"https:\/\/www.santamonica.com\/pt\/mother-road-modern-meetings-route-66-meeting-spaces-set-to-shine-for-centennial-in-santa-monica\/\" class=\"blog-feed__item-link\">\n                            <div class=\"blog-feed__image-ratio\">\n                                <img decoding=\"async\" class=\"blog-feed__image\" src=\"https:\/\/www.santamonica.com\/wp-content\/uploads\/2025\/12\/untitledJuly20162C2020180010-182-2-400x400.jpg\" alt=\"ESTRADA M\u00c3E, REUNI\u00d5ES MODERNAS: ESPA\u00c7OS PARA REUNI\u00d5ES DA ROTA 66 PREPARADOS PARA BRILHAR NO CENTEN\u00c1RIO EM SANTA M\u00d4NICA\" title=\"\">\n                            <\/div>\n                            <div class=\"blog-feed__card-title\">ESTRADA M\u00c3E, REUNI\u00d5ES MODERNAS: ESPA\u00c7OS PARA REUNI\u00d5ES DA ROTA 66 PREPARADOS PARA BRILHAR NO CENTEN\u00c1RIO EM SANTA M\u00d4NICA<\/div>\n                        <\/a>\n                    <\/li>\n                                                                <li class=\"blog-feed__item\">\n                        <a href=\"https:\/\/www.santamonica.com\/pt\/media\/news-release\/santa-monica-announces-song-contest-in-celebration-of-route-66-centennial\/\" class=\"blog-feed__item-link\">\n                            <div class=\"blog-feed__image-ratio\">\n                                <img decoding=\"async\" class=\"blog-feed__image\" src=\"https:\/\/www.santamonica.com\/wp-content\/uploads\/2025\/11\/DSC01084-400x400.jpg\" alt=\"SANTA MONICA ANUNCIA CONCURSO DE M\u00daSICA EM COMEMORA\u00c7\u00c3O AO CENTEN\u00c1RIO DA ROTA 66\" title=\"\">\n                            <\/div>\n                            <div class=\"blog-feed__card-title\">SANTA MONICA ANUNCIA CONCURSO DE M\u00daSICA EM COMEMORA\u00c7\u00c3O AO CENTEN\u00c1RIO DA ROTA 66<\/div>\n                        <\/a>\n                    <\/li>\n                                                                <li class=\"blog-feed__item\">\n                        <a href=\"https:\/\/www.santamonica.com\/pt\/media\/news-release\/where-to-watch-the-world-series-in-santa-monica\/\" class=\"blog-feed__item-link\">\n                            <div class=\"blog-feed__image-ratio\">\n                                <img decoding=\"async\" class=\"blog-feed__image\" src=\"https:\/\/www.santamonica.com\/wp-content\/uploads\/2025\/10\/dodgers-logo-1-400x400.jpg\" alt=\"ONDE ASSISTIR \u00c0 S\u00c9RIE MUNDIAL EM SANTA MONICA\" title=\"\">\n                            <\/div>\n                            <div class=\"blog-feed__card-title\">ONDE ASSISTIR \u00c0 S\u00c9RIE MUNDIAL EM SANTA MONICA<\/div>\n                        <\/a>\n                    <\/li>\n                                    <\/ul>\n    <\/div>\n<\/section>","protected":false},"excerpt":{"rendered":"<p>Street Meters in Santa Monica On-street parking meters and pay machines at City lots are typically $2 per hour in the Downtown and Beach Meter Zones and $1 per hour [&hellip;]<\/p>\n","protected":false},"author":1450,"featured_media":340650,"parent":0,"menu_order":0,"comment_status":"closed","ping_status":"closed","template":"template-editorial.php","meta":{"_acf_changed":false,"inline_featured_image":false,"footnotes":""},"silos":[3906],"class_list":["post-340563","page","type-page","status-publish","has-post-thumbnail","hentry"],"acf":[],"_links":{"self":[{"href":"https:\/\/www.santamonica.com\/pt\/wp-json\/wp\/v2\/pages\/340563","targetHints":{"allow":["GET"]}}],"collection":[{"href":"https:\/\/www.santamonica.com\/pt\/wp-json\/wp\/v2\/pages"}],"about":[{"href":"https:\/\/www.santamonica.com\/pt\/wp-json\/wp\/v2\/types\/page"}],"author":[{"embeddable":true,"href":"https:\/\/www.santamonica.com\/pt\/wp-json\/wp\/v2\/users\/1450"}],"replies":[{"embeddable":true,"href":"https:\/\/www.santamonica.com\/pt\/wp-json\/wp\/v2\/comments?post=340563"}],"version-history":[{"count":88,"href":"https:\/\/www.santamonica.com\/pt\/wp-json\/wp\/v2\/pages\/340563\/revisions"}],"predecessor-version":[{"id":419938,"href":"https:\/\/www.santamonica.com\/pt\/wp-json\/wp\/v2\/pages\/340563\/revisions\/419938"}],"wp:featuredmedia":[{"embeddable":true,"href":"https:\/\/www.santamonica.com\/pt\/wp-json\/wp\/v2\/media\/340650"}],"wp:attachment":[{"href":"https:\/\/www.santamonica.com\/pt\/wp-json\/wp\/v2\/media?parent=340563"}],"wp:term":[{"taxonomy":"silos","embeddable":true,"href":"https:\/\/www.santamonica.com\/pt\/wp-json\/wp\/v2\/silos?post=340563"}],"curies":[{"name":"wp","href":"https:\/\/api.w.org\/{rel}","templated":true}]}}