{"id":340479,"date":"2022-06-21T13:05:07","date_gmt":"2022-06-21T20:05:07","guid":{"rendered":"https:\/\/www.santamonica.com\/?page_id=340479"},"modified":"2025-12-09T08:37:27","modified_gmt":"2025-12-09T16:37:27","slug":"seguranca","status":"publish","type":"page","link":"https:\/\/www.santamonica.com\/pt\/experience-santa-monica\/safety\/","title":{"rendered":"Seguran\u00e7a"},"content":{"rendered":"<section class=\"sun-title sm-block --theme6 --2col sm-block\">\n            <h2 class=\"sun-title__headline\">Viajar com responsabilidade<\/h2>    \n            <div class=\"sun-title__body  --2col wysiwyg\">\n                    <div class=\"column-1\">\n                <p>Aqui est\u00e3o algumas dicas para <a href=\"https:\/\/www.santamonica.com\/pt\/viajar-com-responsabilidade\/\">viajar com responsabilidade<\/a> e vivencie o destino de uma forma que mantenha todos seguros e toda a preciosa e fr\u00e1gil beleza de Santa Monica protegida, hoje e amanh\u00e3.<\/p>\n<ul>\n<li>Explore com cuidado e responsabilidade, mantendo o m\u00e1ximo de respeito por todos e por tudo que encontrar.<\/li>\n<li>Familiarize-se com as regulamenta\u00e7\u00f5es locais e as preocupa\u00e7\u00f5es da comunidade, que podem ter mudado com o tempo.<\/li>\n<\/ul>\n                            <\/div>\n            <div class=\"column-2\">\n                <ul>\n<li>Proteger e cultivar os espa\u00e7os ao ar livre e os \u00edcones culturais de Santa Monica, mantendo uma pegada leve em cada curva e prestando aten\u00e7\u00e3o especial aos ecossistemas delicados.<\/li>\n<li>Apoie as empresas locais e fa\u00e7a sua parte para garantir a prosperidade a longo prazo dos lugares que voc\u00ea visita.<\/li>\n<li>D\u00ea o exemplo e compartilhe essas pr\u00e1ticas com outros viajantes, reconhecendo que todos n\u00f3s compartilhamos a responsabilidade de proteger o local para onde viajamos.<\/li>\n<\/ul>\n<p><strong>Veja abaixo uma lista de recursos de seguran\u00e7a da Santa Monica em caso de emerg\u00eancia.<\/strong><\/p>\n                            <\/div>\n            <\/div>\n    <\/section>\n\n\n\n<div class=\"wp-block-columns is-layout-flex wp-container-core-columns-is-layout-28f84493 wp-block-columns-is-layout-flex base-block\">\n<div class=\"wp-block-column is-layout-flow wp-block-column-is-layout-flow base-block\">\n<h2 class=\"wp-block-heading base-block\" style=\"font-size:2rem\">N\u00fameros de telefone que voc\u00ea precisa saber<\/h2>\n\n\n\n<p class=\"base-block\"><strong>9-1-1:<\/strong>&nbsp;Para crimes em andamento, inc\u00eandios e emerg\u00eancias m\u00e9dicas<br><strong><a href=\"tel:3104588491\">310-458-8491<\/a>:<\/strong>&nbsp;Para despachos policiais n\u00e3o emergenciais<br><strong><a href=\"tel:3104588660\">310-458-8660<\/a>:<\/strong>&nbsp;Para despacho de inc\u00eandio n\u00e3o emergencial<\/p>\n<\/div>\n\n\n\n<div class=\"wp-block-column is-layout-flow wp-block-column-is-layout-flow base-block\">\n<h2 class=\"wp-block-heading base-block\" style=\"font-size:2rem\">Departamento de Pol\u00edcia de Santa M\u00f4nica<\/h2>\n\n\n\n<p class=\"base-block\">333 Olympic Dr, PO Box 2200<br>Santa M\u00f4nica, CA 90401<br><a href=\"tel:3103959931\">310-395-9931<\/a><br>police@smgov.net<br><a href=\"http:\/\/www.santamonicapd.org\/\" target=\"_blank\" rel=\"noreferrer noopener\">www.santamonicapd.org<\/a><\/p>\n<\/div>\n<\/div>\n\n\n\n<div class=\"wp-block-columns is-layout-flex wp-container-core-columns-is-layout-28f84493 wp-block-columns-is-layout-flex base-block\">\n<div class=\"wp-block-column is-layout-flow wp-block-column-is-layout-flow base-block\">\n<h4 class=\"wp-block-heading base-block\">Ferramenta de solicita\u00e7\u00e3o de servi\u00e7os da pol\u00edcia de Santa M\u00f4nica<\/h4>\n\n\n\n<p class=\"base-block\">Os residentes, empresas e visitantes de Santa Monica agora podem se manter informados sobre suas chamadas de servi\u00e7o policial emergenciais e n\u00e3o emergenciais por meio de mensagens de texto. Ao fazer chamadas ou enviar mensagens de texto para 9-1-1 ou 310-458-8491, os indiv\u00edduos receber\u00e3o mensagens de texto de confirma\u00e7\u00e3o autom\u00e1ticas sobre suas solicita\u00e7\u00f5es policiais e atualiza\u00e7\u00f5es de status em andamento. Esse novo servi\u00e7o est\u00e1 dispon\u00edvel em ingl\u00eas e espanhol. Observe que as mensagens de texto n\u00e3o ser\u00e3o enviadas para chamadas em andamento ou para situa\u00e7\u00f5es em que o envio de uma mensagem de texto possa causar problemas de seguran\u00e7a para os envolvidos. Para obter mais detalhes, favor <a href=\"https:\/\/www.santamonica.gov\/press\/2023\/11\/07\/clean-and-safe-community-can-now-receive-public-safety-request-updates-on-their-phone\" target=\"_blank\" rel=\"noreferrer noopener\">visite o site da cidade de Santa Monica.<\/a><\/p>\n<\/div>\n<\/div>\n\n\n<section class=\"sun-title sm-block --theme6 sm-block\">\n            <h2 class=\"sun-title__headline\">Corpo de Bombeiros de Santa M\u00f4nica<\/h2>    \n            <div class=\"sun-title__body  wysiwyg\">\n                    <p>333 Olympic Dr<br \/>\nSanta M\u00f4nica, CA 90401<br \/>\nAdministra\u00e7\u00e3o de inc\u00eandios: <a href=\"tel:3104588653\">310-458-8653<\/a><br \/>\nPreven\u00e7\u00e3o de inc\u00eandios: <a href=\"tel:3104588915\">310-458-8915<\/a><br \/>\n<a href=\"http:\/\/santamonicafire.org\/\" target=\"_blank\" rel=\"noopener\">www.santamonicafire.org<\/a><\/p>\n                        <\/div>\n    <\/section>\n\n\n\n<div class=\"wp-block-columns is-layout-flex wp-container-core-columns-is-layout-28f84493 wp-block-columns-is-layout-flex base-block\">\n<div class=\"wp-block-column is-layout-flow wp-block-column-is-layout-flow base-block\">\n<p class=\"base-block\"><strong>Esta\u00e7\u00e3o 1<\/strong><br>1444 7th St<br>Santa M\u00f4nica, CA 90401<br><a href=\"tel:3103938461\">310-393-8461<\/a><\/p>\n<\/div>\n\n\n\n<div class=\"wp-block-column is-layout-flow wp-block-column-is-layout-flow base-block\">\n<p class=\"base-block\"><strong>Esta\u00e7\u00e3o 2<\/strong><br>222 Hollister Ave<br>Santa M\u00f4nica, CA 90405<br><a href=\"tel:3103961259\">310-396-1259<\/a><\/p>\n<\/div>\n\n\n\n<div class=\"wp-block-column is-layout-flow wp-block-column-is-layout-flow base-block\">\n<p class=\"base-block\"><strong>Esta\u00e7\u00e3o 3<\/strong><br>1302 19th St<br>Santa M\u00f4nica, CA 90404<br><a href=\"tel:3108280950\">310-828-0950<\/a><\/p>\n<\/div>\n\n\n\n<div class=\"wp-block-column is-layout-flow wp-block-column-is-layout-flow base-block\">\n<p class=\"base-block\"><strong>Esta\u00e7\u00e3o 4<\/strong><br>2450 Ashland Ave<br>Santa M\u00f4nica, CA 90405<br><a href=\"tel:3104509029\">310-450-9029<\/a><\/p>\n<\/div>\n\n\n\n<div class=\"wp-block-column is-layout-flow wp-block-column-is-layout-flow base-block\">\n<p class=\"base-block\"><strong>Centro de Comunica\u00e7\u00e3o de Inc\u00eandio<\/strong><br>333 Olympic Dr<br>Santa M\u00f4nica 90401<br>Emerg\u00eancia: 9-1-1<br>N\u00e3o emergencial: <a href=\"tel:3104588660\">310-458-8660<\/a><\/p>\n<\/div>\n<\/div>\n\n\n<section class=\"sun-title sm-block --theme6 --2col sm-block\">\n            <h2 class=\"sun-title__headline\">Hospitais de Santa M\u00f4nica<\/h2>    \n            <div class=\"sun-title__body  --2col wysiwyg\">\n                    <div class=\"column-1\">\n                <p><strong>Centro de Sa\u00fade Saint John's<\/strong><br \/>\n2121 Santa Monica Blvd<br \/>\nSanta M\u00f4nica, CA 90404<br \/>\nHospital principal: <a href=\"tel:3108295511\">310-829-5511<\/a><br \/>\nRela\u00e7\u00f5es com os pacientes: <a href=\"tel:3108298478\">310-829-8478<\/a><br \/>\nSala de emerg\u00eancia: <a href=\"tel:3108298212\">310-829-8212<\/a><br \/>\n<a href=\"https:\/\/www.providence.org\/locations\/saint-johns-health-center\" target=\"_blank\" rel=\"noopener\">www.stjohns.org<\/a><\/p>\n                            <\/div>\n            <div class=\"column-2\">\n                <p><strong>Santa Monica UCLA Medical Center &amp; Orthopedic Hospital<\/strong><br \/>\n1250 16th Street<br \/>\nSanta M\u00f4nica, CA 90404<br \/>\nInforma\u00e7\u00f5es sobre o hospital: <a href=\"tel:4242596000\">424-259-6000<\/a><br \/>\nCentro de Emerg\u00eancia: <a href=\"tel:4242598400\">424-259-8400<\/a><br \/>\n<a href=\"http:\/\/www.uclahealth.org\/santa-monica\/\" target=\"_blank\" rel=\"noopener\">www.uclahealth.org\/santa-monica<\/a><\/p>\n                            <\/div>\n            <\/div>\n    <\/section>\n\n\n<section class=\"sun-title sm-block --theme6 sm-block\">\n            <h2 class=\"sun-title__headline\">Divis\u00e3o de salva-vidas do condado de Los Angeles - Santa Monica<\/h2>    \n            <div class=\"sun-title__body  wysiwyg\">\n                    <p><strong>Se\u00e7\u00e3o Central<\/strong><br \/>\n1642 Ocean Front Walk<br \/>\nSanta M\u00f4nica, CA 90401<br \/>\n<a href=\"tel:3103943261\">310-394-3261<\/a><br \/>\nChefe de se\u00e7\u00e3o - Mickey Gallagher<br \/>\n<a href=\"http:\/\/www.fire.lacounty.gov\/Lifeguards\" target=\"_blank\" rel=\"noopener\">www.fire.lacounty.gov\/Lifeguards<\/a><\/p>\n                        <\/div>\n    <\/section>\n\n\n<section class=\"sun-title sm-block --theme6 sm-block\">\n            <h2 class=\"sun-title__headline\">Cruz Vermelha de Santa M\u00f4nica<\/h2>    \n            <div class=\"sun-title__body  wysiwyg\">\n                    <p>1450 11th St<br \/>\nSanta M\u00f4nica, CA 90401<br \/>\nTelefone: <a href=\"tel:3103943773\">310-394-3773<\/a><br \/>\nHor\u00e1rios: De segunda a sexta-feira, das 8h30min \u00e0s 17h30min<br \/>\n<a href=\"http:\/\/www.redcrossofsantamonica.org\/\" target=\"_blank\" rel=\"noopener\">www.redcrossofsantamonica.org<\/a><\/p>\n                        <\/div>\n    <\/section>\n\n\n<section class=\"sun-title sm-block --theme6 --2col sm-block\">\n            <h2 class=\"sun-title__headline\">Emerg\u00eancia de \u00e1gua em Santa M\u00f4nica<\/h2>    \n            <div class=\"sun-title__body  --2col wysiwyg\">\n                    <div class=\"column-1\">\n                <p><strong>Escrit\u00f3rio de \u00c1gua<\/strong><br \/>\n<a href=\"tel:3104588531\">310-458-8531<\/a><br \/>\nHor\u00e1rios: De segunda a quinta-feira, das 7:00 \u00e0s 16:30 horas<br \/>\nSexta-feira, das 7:00 \u00e0s 16:00 horas<br \/>\nAp\u00f3s o expediente e nos finais de semana: <a href=\"tel:3108266712\">310-826-6712<\/a><\/p>\n                            <\/div>\n            <div class=\"column-2\">\n                <p><strong>Escrit\u00f3rio de esgoto e drenagem pluvial<\/strong><br \/>\n<a href=\"tel:3104588532\">310-458-8532<\/a><br \/>\nHor\u00e1rios: De segunda a quinta-feira, das 7:00 \u00e0s 16:30 horas<br \/>\nSexta-feira, das 7:00 \u00e0s 16:00 horas<br \/>\nAp\u00f3s o expediente e nos finais de semana: <a href=\"tel:3108266712\">310-826-6712<\/a><\/p>\n                            <\/div>\n            <\/div>\n    <\/section>","protected":false},"excerpt":{"rendered":"<p>Need-to-know Phone Numbers 9-1-1:\u00a0For crimes in progress, fires, and medical emergencies310-458-8491:\u00a0For non-emergency police dispatch310-458-8660:\u00a0For non-emergency fire dispatch Santa Monica Police Department 333 Olympic Dr, PO Box 2200Santa Monica, CA 90401310-395-9931police@smgov.netwww.santamonicapd.org Santa Monica Police Service Request Tool Santa Monica residents, businesses, and visitors can now stay informed about their emergency and non-emergency police service calls via text. When placing calls or sending texts to 9-1-1 or 310-458-8491, individuals will receive automated confirmation texts regarding their police requests and ongoing status updates. This new service is available in both English and Spanish. Please note that texts will not be sent for calls [\u2026]<\/p>\n","protected":false},"author":1450,"featured_media":350105,"parent":0,"menu_order":0,"comment_status":"closed","ping_status":"closed","template":"template-editorial.php","meta":{"_acf_changed":false,"inline_featured_image":false,"footnotes":""},"silos":[3887],"class_list":["post-340479","page","type-page","status-publish","has-post-thumbnail","hentry"],"acf":[],"_links":{"self":[{"href":"https:\/\/www.santamonica.com\/pt\/wp-json\/wp\/v2\/pages\/340479","targetHints":{"allow":["GET"]}}],"collection":[{"href":"https:\/\/www.santamonica.com\/pt\/wp-json\/wp\/v2\/pages"}],"about":[{"href":"https:\/\/www.santamonica.com\/pt\/wp-json\/wp\/v2\/types\/page"}],"author":[{"embeddable":true,"href":"https:\/\/www.santamonica.com\/pt\/wp-json\/wp\/v2\/users\/1450"}],"replies":[{"embeddable":true,"href":"https:\/\/www.santamonica.com\/pt\/wp-json\/wp\/v2\/comments?post=340479"}],"version-history":[{"count":68,"href":"https:\/\/www.santamonica.com\/pt\/wp-json\/wp\/v2\/pages\/340479\/revisions"}],"predecessor-version":[{"id":778663,"href":"https:\/\/www.santamonica.com\/pt\/wp-json\/wp\/v2\/pages\/340479\/revisions\/778663"}],"wp:featuredmedia":[{"embeddable":true,"href":"https:\/\/www.santamonica.com\/pt\/wp-json\/wp\/v2\/media\/350105"}],"wp:attachment":[{"href":"https:\/\/www.santamonica.com\/pt\/wp-json\/wp\/v2\/media?parent=340479"}],"wp:term":[{"taxonomy":"silos","embeddable":true,"href":"https:\/\/www.santamonica.com\/pt\/wp-json\/wp\/v2\/silos?post=340479"}],"curies":[{"name":"wp","href":"https:\/\/api.w.org\/{rel}","templated":true}]}}