{"id":340223,"date":"2022-06-21T09:15:46","date_gmt":"2022-06-21T16:15:46","guid":{"rendered":"https:\/\/www.santamonica.com\/?page_id=340223"},"modified":"2026-04-06T14:55:59","modified_gmt":"2026-04-06T21:55:59","slug":"equipe","status":"publish","type":"page","link":"https:\/\/www.santamonica.com\/pt\/about\/staff\/","title":{"rendered":"Sobre a SMTT - Conhe\u00e7a a equipe"},"content":{"rendered":"<section class=\"sun-title sm-block --theme6 sm-block\">\n            <h4 class=\"sun-title__headline\">Equipe de Lideran\u00e7a Executiva<\/h4>    \n    <\/section>\n\n\n\n<p style=\"font-size:20px\" class=\"base-block\"><br><br><strong>Misti Kerns, CMP CDME<\/strong> - Presidente\/Diretor Executivo<br><br><strong>Evan Edwards<\/strong> - Diretor de opera\u00e7\u00f5es<br><br><strong>Rachel Lozano<\/strong> - Diretor de Pessoal<br><br><strong>Haylee Miller<\/strong>&nbsp;- Assistente Executivo<\/p>\n\n\n<section class=\"sun-title sm-block --theme6 sm-block\">\n            <h3 class=\"sun-title__headline\">Vendas no setor de viagens<\/h3>    \n    <\/section>\n\n\n\n<p style=\"font-size:20px\" class=\"base-block\"><br><br><strong>Aleksandr Sigalus<\/strong> - Diretor de Desenvolvimento de Neg\u00f3cios Globais<br><br><strong>Tatum McGovern<\/strong> - Gerente Assistente de Vendas e Servi\u00e7os Globais<\/p>\n\n\n<section class=\"sun-title sm-block --theme6 sm-block\">\n            <h4 class=\"sun-title__headline\">Reuni\u00f5es e incentivos<\/h4>    \n    <\/section>\n\n\n\n<p style=\"font-size:20px\" class=\"base-block\"><br><br><strong>Ozzie Otero<\/strong> - Diretor de Vendas<br><br><strong>Emilie Corlin<\/strong> - Coordenador global de vendas e servi\u00e7os<\/p>\n\n\n<section class=\"sun-title sm-block --theme6 sm-block\">\n            <h4 class=\"sun-title__headline\">Marketing<\/h4>    \n    <\/section>\n\n\n\n<p style=\"font-size:20px\" class=\"base-block\"><br><br><strong>Ashley Dowgwillo<\/strong> - Vice-presidente de marketing<br><br><strong>Gillian Theis<\/strong>\u00a0- Gerente de marketing<br><br><strong>Serena Ingram<\/strong> - Assistente de marketing<\/p>\n\n\n<section class=\"sun-title sm-block --theme6 --2col sm-block\">\n            <h4 class=\"sun-title__headline\">Comunica\u00e7\u00f5es<\/h4>    \n    <\/section>\n\n\n\n<p style=\"font-size:20px\" class=\"base-block\"><br><br><strong>Lauren Salisbury<\/strong> - Vice-presidente de comunica\u00e7\u00f5es<br><br><strong>Michelle Cassidy<\/strong> - Gerente de comunica\u00e7\u00f5es<br><br><strong>Emily Ohara <\/strong>- Gerente de Rela\u00e7\u00f5es P\u00fablicas<br><br><strong>Indigo Sargent<\/strong> - Gerente de m\u00eddia social<br><br><strong>Jamie Hogan<\/strong> - Coordenador de Rela\u00e7\u00f5es P\u00fablicas<\/p>\n\n\n<section class=\"sun-title sm-block --theme6 sm-block\">\n            <h4 class=\"sun-title__headline\">Servi\u00e7os ao cliente<\/h4>    \n    <\/section>\n\n\n\n<p style=\"font-size:20px\" class=\"base-block\"><br><br><strong>Alyssa Dorn<\/strong> - Gerente de servi\u00e7os ao cliente<br><br><strong>Linsey Gagliardi<\/strong> - Coordenador de servi\u00e7os ao cliente<\/p>\n\n\n<section class=\"sun-title sm-block --theme6 sm-block\">\n            <h4 class=\"sun-title__headline\">Contabilidade<\/h4>    \n    <\/section>\n\n\n\n<p style=\"font-size:20px\" class=\"base-block\"><br><strong>Jacky Saquic<\/strong> - Gerente de contabilidade<br><br><strong>Cassidy Lawless - <\/strong>Coordenador de Contabilidade<\/p>\n\n\n<section class=\"sun-title sm-block --theme6 --2col sm-block\">\n            <h4 class=\"sun-title__headline\">Servi\u00e7os para visitantes<\/h4>    \n    <\/section>\n\n\n\n<p style=\"font-size:20px\" class=\"base-block\"><br><strong>Aaron Seals<\/strong> - Diretor de Servi\u00e7os aos Visitantes<br><br><strong>Vinnie Edwards<\/strong> - Coordenador de varejo<br><br><strong>Luis Vazquez<\/strong> - Coordenador de opera\u00e7\u00f5es<br><br><strong>Juan Vazquez<\/strong> - Especialista em viagens<br><br><strong>Yarely Trejo<\/strong> - Especialista em viagens<\/p>\n\n\n<section class=\"sun-title sm-block --theme6 --2col sm-block\">\n            <h4 class=\"sun-title__headline\">Filme Santa Monica<\/h4>    \n    <\/section>\n\n\n\n<p style=\"font-size:20px\" class=\"base-block\"><br><strong>Jenna Kirkeeng<\/strong> - Coordenador de licen\u00e7as<br><br><strong>Ashlyn Martin<\/strong> - Coordenador de licen\u00e7as<\/p>","protected":false},"excerpt":{"rendered":"<p>Misti Kerns, CMP CDME \u2013\u00a0President\/Chief Executive\u00a0Officer Evan Edwards \u2013\u00a0Chief Operating Officer Rachel Lozano \u2013\u00a0Chief People Officer Haylee Miller\u00a0\u2013\u00a0Executive Assistant Aleksandr Sigalus \u2013 Director of Global Business Development Tatum McGovern \u2013 Global Sales &#038; Services Assistant Manager Matt Nielsen \u2013 Global Sales &#038; Services Coordinator Ozzie Otero \u2013 Director of Sales Ashley Dowgwillo \u2013 Vice President of Marketing Gillian Theis\u00a0\u2013\u00a0Marketing Manager Cayla Turain \u2013 Marketing Manager, Trade &#038; International Lauren Salisbury \u2013 Vice President of Communications Michelle Cassidy \u2013 Communications Manager Emily Ohara \u2013 Public Relations Manager Indigo Sargent \u2013 Social Media Manager Jamie Hogan \u2013 Public Relations Coordinator Alyssa Dorn [\u2026]<\/p>\n","protected":false},"author":1450,"featured_media":757800,"parent":0,"menu_order":0,"comment_status":"closed","ping_status":"closed","template":"template-editorial.php","meta":{"_acf_changed":false,"inline_featured_image":false,"footnotes":""},"silos":[3909],"class_list":["post-340223","page","type-page","status-publish","has-post-thumbnail","hentry"],"acf":[],"_links":{"self":[{"href":"https:\/\/www.santamonica.com\/pt\/wp-json\/wp\/v2\/pages\/340223","targetHints":{"allow":["GET"]}}],"collection":[{"href":"https:\/\/www.santamonica.com\/pt\/wp-json\/wp\/v2\/pages"}],"about":[{"href":"https:\/\/www.santamonica.com\/pt\/wp-json\/wp\/v2\/types\/page"}],"author":[{"embeddable":true,"href":"https:\/\/www.santamonica.com\/pt\/wp-json\/wp\/v2\/users\/1450"}],"replies":[{"embeddable":true,"href":"https:\/\/www.santamonica.com\/pt\/wp-json\/wp\/v2\/comments?post=340223"}],"version-history":[{"count":351,"href":"https:\/\/www.santamonica.com\/pt\/wp-json\/wp\/v2\/pages\/340223\/revisions"}],"predecessor-version":[{"id":794117,"href":"https:\/\/www.santamonica.com\/pt\/wp-json\/wp\/v2\/pages\/340223\/revisions\/794117"}],"wp:featuredmedia":[{"embeddable":true,"href":"https:\/\/www.santamonica.com\/pt\/wp-json\/wp\/v2\/media\/757800"}],"wp:attachment":[{"href":"https:\/\/www.santamonica.com\/pt\/wp-json\/wp\/v2\/media?parent=340223"}],"wp:term":[{"taxonomy":"silos","embeddable":true,"href":"https:\/\/www.santamonica.com\/pt\/wp-json\/wp\/v2\/silos?post=340223"}],"curies":[{"name":"wp","href":"https:\/\/api.w.org\/{rel}","templated":true}]}}