{"id":340053,"date":"2022-06-21T04:30:02","date_gmt":"2022-06-21T11:30:02","guid":{"rendered":"https:\/\/www.santamonica.com\/?page_id=340053"},"modified":"2024-05-23T17:08:25","modified_gmt":"2024-05-24T00:08:25","slug":"parceiros","status":"publish","type":"page","link":"https:\/\/www.santamonica.com\/pt\/partners\/","title":{"rendered":"Parceiros"},"content":{"rendered":"<section class=\"travel-tips --theme7 sm-block base-block\">\n    <div class=\"travel-tips__inner\">\n        <div class=\"travel-tips__body-col\">\n                            <img decoding=\"async\" src=\"https:\/\/www.santamonica.com\/wp-content\/uploads\/2022\/06\/responsible-badge-1.svg\" alt=\"Viaje para Santa Monica com responsabilidade\" title=\"\">\n                                        <p class=\"travel-tips__intro\">Viaje de forma segura e sustent\u00e1vel para ajudar a manter a beleza de Santa Monica e, ao mesmo tempo, permanecer saud\u00e1vel com estas dicas.<\/p>\n                    <\/div>\n        <div class=\"travel-tips__links-col\">\n                        <div class=\"travel-tips__link-row\">\n                                    <img decoding=\"async\" src=\"https:\/\/www.santamonica.com\/wp-content\/uploads\/2022\/06\/Parking-Information.svg\" alt=\"Estacionamento em Santa Monica\" title=\"\">\n                                                    <a class=\"travel-tips__link\" href=\"https:\/\/www.santamonica.com\/pt\/transporte\/estacionamento\/\">\n                        Informa\u00e7\u00f5es sobre o estacionamento                    <\/a>\n                            <\/div>\n                        <div class=\"travel-tips__link-row\">\n                                    <img decoding=\"async\" src=\"https:\/\/www.santamonica.com\/wp-content\/uploads\/2022\/06\/What-to-Pack.svg\" alt=\"Como fazer as malas para uma viagem a Santa M\u00f4nica\" title=\"\">\n                                                    <a class=\"travel-tips__link\" href=\"https:\/\/www.santamonica.com\/pt\/experiencia-em-santa-monica\/o-que-levar-na-mala\/\">\n                        O que levar na mala                    <\/a>\n                            <\/div>\n                        <div class=\"travel-tips__link-row\">\n                                    <img decoding=\"async\" src=\"https:\/\/www.santamonica.com\/wp-content\/uploads\/2022\/06\/Health-and-Safety.svg\" alt=\"Dicas de seguran\u00e7a de viagem em Santa M\u00f4nica\" title=\"\">\n                                                    <a class=\"travel-tips__link\" href=\"https:\/\/www.santamonica.com\/pt\/experiencia-em-santa-monica\/seguranca\/\">\n                        Sa\u00fade e seguran\u00e7a                    <\/a>\n                            <\/div>\n                        <div class=\"travel-tips__link-row\">\n                                    <img decoding=\"async\" src=\"https:\/\/www.santamonica.com\/wp-content\/uploads\/2022\/06\/The-Essentials.svg\" alt=\"Itens essenciais para uma viagem a Santa M\u00f4nica\" title=\"\">\n                                                    <a class=\"travel-tips__link\" href=\"https:\/\/www.santamonica.com\/pt\/experiencia-em-santa-monica\/essenciais\/\">\n                        O essencial                    <\/a>\n                            <\/div>\n                    <\/div>\n\n    <\/div>\n<\/section>\n\n\n\n    \n    <section class=\"subpage-links container-max sm-block\">\n        <div class=\"subpage-links__diamonds\"><\/div>\n                <div class=\"subpage-links__content\">\n            <div class=\"subpage-links__card\">\n                <div class=\"subpage-links__card-wrapper\">\n                    <a href=\"https:\/\/www.santamonica.com\/pt\/comercio-de-viagens\/kit-de-ferramentas\/\" class=\"subpage-links__card-link\" aria-label=\"Kit de ferramentas para parceiros\">\n                                                    <img decoding=\"async\" width=\"478\" height=\"680\" src=\"https:\/\/www.santamonica.com\/wp-content\/uploads\/2022\/06\/attractions.jpg\" class=\"subpage-links__card-image\" alt=\"atra\u00e7\u00f5es\" loading=\"lazy\" srcset=\"https:\/\/www.santamonica.com\/wp-content\/uploads\/2022\/06\/attractions.jpg 478w, https:\/\/www.santamonica.com\/wp-content\/uploads\/2022\/06\/attractions-211x300.jpg 211w, https:\/\/www.santamonica.com\/wp-content\/uploads\/2022\/06\/attractions-105x150.jpg 105w\" sizes=\"auto, (max-width: 478px) 100vw, 478px\" title=\"\">                                                                            <div class=\"subpage-links__card-description\">\n                                <span class=\"subpage-links__card-title\">Kit de ferramentas para parceiros<\/span>\n                                <div class=\"subpage-links__card-button card-arrow\">Explorar<\/div>\n                            <\/div>\n                                            <\/a>\n                <\/div>\n            <\/div>\n            <div class=\"subpage-links__card\">\n                <div class=\"subpage-links__card-wrapper\">\n                    <a href=\"https:\/\/www.santamonica.com\/pt\/parceiros\/formulario-de-oportunidades-de-parceria\/\" class=\"subpage-links__card-link\" aria-label=\"Oportunidades de parceria\">\n                                                    <img decoding=\"async\" width=\"478\" height=\"680\" src=\"https:\/\/www.santamonica.com\/wp-content\/uploads\/2022\/06\/sm-beach-guide.jpg\" class=\"subpage-links__card-image\" alt=\"\" loading=\"lazy\" srcset=\"https:\/\/www.santamonica.com\/wp-content\/uploads\/2022\/06\/sm-beach-guide.jpg 478w, https:\/\/www.santamonica.com\/wp-content\/uploads\/2022\/06\/sm-beach-guide-211x300.jpg 211w, https:\/\/www.santamonica.com\/wp-content\/uploads\/2022\/06\/sm-beach-guide-105x150.jpg 105w\" sizes=\"auto, (max-width: 478px) 100vw, 478px\" title=\"\">                                                                            <div class=\"subpage-links__card-description\">\n                                <div class=\"subpage-links__card-title\">Oportunidades de parceria<\/div>\n                                <div class=\"subpage-links__card-button card-arrow\">Explorar<\/div>\n                            <\/div>\n                                            <\/a>\n                <\/div>\n            <\/div>\n            <div class=\"subpage-links__card\">\n                <div class=\"subpage-links__card-wrapper\">\n                    <a href=\"https:\/\/www.santamonica.com\/pt\/parceiros\/portal-do-parceiro\/\" class=\"subpage-links__card-link\" aria-label=\"Portal do parceiro\">\n                                                    <img decoding=\"async\" width=\"478\" height=\"680\" src=\"https:\/\/www.santamonica.com\/wp-content\/uploads\/2022\/06\/pier.jpg\" class=\"subpage-links__card-image\" alt=\"p\u00eder de santa m\u00f4nica\" loading=\"lazy\" srcset=\"https:\/\/www.santamonica.com\/wp-content\/uploads\/2022\/06\/pier.jpg 478w, https:\/\/www.santamonica.com\/wp-content\/uploads\/2022\/06\/pier-211x300.jpg 211w, https:\/\/www.santamonica.com\/wp-content\/uploads\/2022\/06\/pier-105x150.jpg 105w\" sizes=\"auto, (max-width: 478px) 100vw, 478px\" title=\"\">                                                                            <div class=\"subpage-links__card-description\">\n                                <div class=\"subpage-links__card-title\">Portal do parceiro<\/div>\n                                <div class=\"subpage-links__card-button card-arrow\">Explorar<\/div>\n                            <\/div>\n                                            <\/a>\n                <\/div>\n            <\/div>\n        <\/div>\n            <\/section>\n\n\n<section class=\"links-grid --theme3 sm-block\">\n    <div class=\"links-grid__wrapper\">\n                                                    <a href=\"https:\/\/www.santamonica.com\/pt\/i-am-santa-monica\/\" class=\"links-grid__card-link\" aria-label=\"Eu sou Santa M\u00f4nica\" >\n                    <div class=\"links-grid__card\">\n                                                    <div class=\"links-grid__card-image-wrapper\">\n                                <img decoding=\"async\" width=\"400\" height=\"400\" src=\"https:\/\/www.santamonica.com\/wp-content\/uploads\/2022\/07\/I-Am-Santa-Monica-employee-540x540-1-400x400.jpg\" class=\"links-grid__card-image\" alt=\"O programa I Am Santa Monica\" loading=\"lazy\" srcset=\"https:\/\/www.santamonica.com\/wp-content\/uploads\/2022\/07\/I-Am-Santa-Monica-employee-540x540-1-400x400.jpg 400w, https:\/\/www.santamonica.com\/wp-content\/uploads\/2022\/07\/I-Am-Santa-Monica-employee-540x540-1-300x300.jpg 300w, https:\/\/www.santamonica.com\/wp-content\/uploads\/2022\/07\/I-Am-Santa-Monica-employee-540x540-1-150x150.jpg 150w, https:\/\/www.santamonica.com\/wp-content\/uploads\/2022\/07\/I-Am-Santa-Monica-employee-540x540-1.jpg 540w\" sizes=\"auto, (max-width: 400px) 100vw, 400px\" title=\"\">                            <\/div>\n                                                <div class=\"links-grid__card-text\">\n                                                            <div class=\"links-grid__card-title\">Eu sou Santa M\u00f4nica<\/div>\n                                                                                <\/div>\n                    <\/div>\n                <\/a>\n                                            <a href=\"https:\/\/www.santamonica.com\/pt\/spirit-award\/\" class=\"links-grid__card-link\" aria-label=\"Pr\u00eamio Thelma Parks de Esp\u00edrito Tur\u00edstico\" >\n                    <div class=\"links-grid__card\">\n                                                    <div class=\"links-grid__card-image-wrapper\">\n                                <img decoding=\"async\" width=\"400\" height=\"400\" src=\"https:\/\/www.santamonica.com\/wp-content\/uploads\/2022\/07\/Thelma-Parks-540x540-1-400x400.jpg\" class=\"links-grid__card-image\" alt=\"Pr\u00eamio Thelma Parks de Esp\u00edrito Tur\u00edstico\" loading=\"lazy\" srcset=\"https:\/\/www.santamonica.com\/wp-content\/uploads\/2022\/07\/Thelma-Parks-540x540-1-400x400.jpg 400w, https:\/\/www.santamonica.com\/wp-content\/uploads\/2022\/07\/Thelma-Parks-540x540-1-300x300.jpg 300w, https:\/\/www.santamonica.com\/wp-content\/uploads\/2022\/07\/Thelma-Parks-540x540-1-150x150.jpg 150w, https:\/\/www.santamonica.com\/wp-content\/uploads\/2022\/07\/Thelma-Parks-540x540-1.jpg 540w\" sizes=\"auto, (max-width: 400px) 100vw, 400px\" title=\"\">                            <\/div>\n                                                <div class=\"links-grid__card-text\">\n                                                            <div class=\"links-grid__card-title\">Pr\u00eamio Thelma Parks de Esp\u00edrito Tur\u00edstico<\/div>\n                                                                                <\/div>\n                    <\/div>\n                <\/a>\n                                            <a href=\"https:\/\/www.santamonica.com\/pt\/partners\/volunteer\/\" class=\"links-grid__card-link\" aria-label=\"Oportunidades de voluntariado\" >\n                    <div class=\"links-grid__card\">\n                                                    <div class=\"links-grid__card-image-wrapper\">\n                                <img decoding=\"async\" width=\"400\" height=\"400\" src=\"https:\/\/www.santamonica.com\/wp-content\/uploads\/2022\/07\/Santa-Monica-Pier-Sign-540x540-1-400x400.jpg\" class=\"links-grid__card-image\" alt=\"Oportunidades de voluntariado\" loading=\"lazy\" srcset=\"https:\/\/www.santamonica.com\/wp-content\/uploads\/2022\/07\/Santa-Monica-Pier-Sign-540x540-1-400x400.jpg 400w, https:\/\/www.santamonica.com\/wp-content\/uploads\/2022\/07\/Santa-Monica-Pier-Sign-540x540-1-300x300.jpg 300w, https:\/\/www.santamonica.com\/wp-content\/uploads\/2022\/07\/Santa-Monica-Pier-Sign-540x540-1-150x150.jpg 150w, https:\/\/www.santamonica.com\/wp-content\/uploads\/2022\/07\/Santa-Monica-Pier-Sign-540x540-1.jpg 540w\" sizes=\"auto, (max-width: 400px) 100vw, 400px\" title=\"\">                            <\/div>\n                                                <div class=\"links-grid__card-text\">\n                                                            <div class=\"links-grid__card-title\">Oportunidades de voluntariado<\/div>\n                                                                                <\/div>\n                    <\/div>\n                <\/a>\n                        <\/div>\n<\/section>\n\n\n\n<section class=\"sun-title sm-block --theme6 sm-block\">\n            <h2 class=\"sun-title__headline\">Outros recursos<\/h2>    \n            <div class=\"sun-title__body  wysiwyg\">\n                    <ul>\n<li style=\"text-align: left;\"><a href=\"https:\/\/www.santamonica.com\/pt\/parceiros\/promover-sua-empresa\/\">Como trabalhar com a SMTT<\/a><\/li>\n<li style=\"text-align: left;\"><a href=\"https:\/\/www.santamonica.com\/pt\/valor-economico-do-turismo\/\">Valor econ\u00f4mico do turismo<\/a><\/li>\n<li style=\"text-align: left;\"><a href=\"https:\/\/www.santamonica.com\/pt\/eventos\/cupula-de-turismo-smtt-2022\/\">C\u00fapula de Viagens e Turismo de Santa M\u00f4nica<\/a><\/li>\n<\/ul>\n                        <\/div>\n    <\/section>\n\n\n\n<p class=\"base-block\"><\/p>\n\n\n<section class=\"blog-feed --theme8 sm-block\">\n    <div class=\"blog-feed__content\">\n        <div class=\"blog-feed__intro\">\n                                        <h1 class=\"blog-feed__headline\">NA IMPRENSA<\/h1>                                            <\/div>\n\n        <ul class=\"blog-feed__list\">\n                                                <li class=\"blog-feed__item\">\n                        <a href=\"https:\/\/www.santamonica.com\/pt\/santa-monica-celebrates-100-years-of-route-66\/\" class=\"blog-feed__item-link\">\n                            <div class=\"blog-feed__image-ratio\">\n                                <img decoding=\"async\" class=\"blog-feed__image\" src=\"https:\/\/www.santamonica.com\/wp-content\/uploads\/2026\/04\/JPG-SMTT_RT66_1-scaled-e1776813310930-400x400.jpg\" alt=\"SANTA MONICA COMEMORA 100 ANOS DA ROTA 66\" title=\"\">\n                            <\/div>\n                            <div class=\"blog-feed__card-title\">SANTA MONICA COMEMORA 100 ANOS DA ROTA 66<\/div>\n                        <\/a>\n                    <\/li>\n                                                                <li class=\"blog-feed__item\">\n                        <a href=\"https:\/\/www.santamonica.com\/pt\/santa-monica-hotels-offer-spring-staycation-discounts-to-residents-of-los-angeles-county-2\/\" class=\"blog-feed__item-link\">\n                            <div class=\"blog-feed__image-ratio\">\n                                <img decoding=\"async\" class=\"blog-feed__image\" src=\"https:\/\/www.santamonica.com\/wp-content\/uploads\/2026\/03\/1-240423_01_SMTT_1143-400x400.jpg\" alt=\"OS HOT\u00c9IS DE SANTA MONICA OFERECEM DESCONTOS PARA AS F\u00c9RIAS DE PRIMAVERA AOS RESIDENTES DO CONDADO DE LOS ANGELES\" title=\"\">\n                            <\/div>\n                            <div class=\"blog-feed__card-title\">OS HOT\u00c9IS DE SANTA MONICA OFERECEM DESCONTOS PARA AS F\u00c9RIAS DE PRIMAVERA AOS RESIDENTES DO CONDADO DE LOS ANGELES<\/div>\n                        <\/a>\n                    <\/li>\n                                                                <li class=\"blog-feed__item\">\n                        <a href=\"https:\/\/www.santamonica.com\/pt\/whats-new-in-santa-monica-winter-2026\/\" class=\"blog-feed__item-link\">\n                            <div class=\"blog-feed__image-ratio\">\n                                <img decoding=\"async\" class=\"blog-feed__image\" src=\"https:\/\/www.santamonica.com\/wp-content\/uploads\/2026\/02\/Hotel-Casa-del-Mar-400x400.jpg\" alt=\"NOVIDADES EM SANTA MONICA - INVERNO 2026\" title=\"\">\n                            <\/div>\n                            <div class=\"blog-feed__card-title\">NOVIDADES EM SANTA MONICA - INVERNO 2026<\/div>\n                        <\/a>\n                    <\/li>\n                                    <\/ul>\n    <\/div>\n<\/section>","protected":false},"excerpt":{"rendered":"","protected":false},"author":1450,"featured_media":343089,"parent":0,"menu_order":0,"comment_status":"closed","ping_status":"closed","template":"template-things-to-do.php","meta":{"_acf_changed":false,"inline_featured_image":false,"footnotes":""},"silos":[],"class_list":["post-340053","page","type-page","status-publish","has-post-thumbnail","hentry"],"acf":[],"_links":{"self":[{"href":"https:\/\/www.santamonica.com\/pt\/wp-json\/wp\/v2\/pages\/340053","targetHints":{"allow":["GET"]}}],"collection":[{"href":"https:\/\/www.santamonica.com\/pt\/wp-json\/wp\/v2\/pages"}],"about":[{"href":"https:\/\/www.santamonica.com\/pt\/wp-json\/wp\/v2\/types\/page"}],"author":[{"embeddable":true,"href":"https:\/\/www.santamonica.com\/pt\/wp-json\/wp\/v2\/users\/1450"}],"replies":[{"embeddable":true,"href":"https:\/\/www.santamonica.com\/pt\/wp-json\/wp\/v2\/comments?post=340053"}],"version-history":[{"count":44,"href":"https:\/\/www.santamonica.com\/pt\/wp-json\/wp\/v2\/pages\/340053\/revisions"}],"predecessor-version":[{"id":415945,"href":"https:\/\/www.santamonica.com\/pt\/wp-json\/wp\/v2\/pages\/340053\/revisions\/415945"}],"wp:featuredmedia":[{"embeddable":true,"href":"https:\/\/www.santamonica.com\/pt\/wp-json\/wp\/v2\/media\/343089"}],"wp:attachment":[{"href":"https:\/\/www.santamonica.com\/pt\/wp-json\/wp\/v2\/media?parent=340053"}],"wp:term":[{"taxonomy":"silos","embeddable":true,"href":"https:\/\/www.santamonica.com\/pt\/wp-json\/wp\/v2\/silos?post=340053"}],"curies":[{"name":"wp","href":"https:\/\/api.w.org\/{rel}","templated":true}]}}